{"id":326589,"date":"2025-06-03T13:03:17","date_gmt":"2025-06-03T13:03:17","guid":{"rendered":"http:\/\/theuncommonshop.ch\/produkt\/326589\/"},"modified":"2026-03-31T19:33:59","modified_gmt":"2026-03-31T17:33:59","slug":"weiss-schwarz-attack-on-titan-final-season-booster-display-16-packs-en-3","status":"publish","type":"product","link":"https:\/\/theuncommonshop.ch\/fr\/product\/weiss-schwarz-attack-on-titan-final-season-booster-display-16-packs-en-3\/","title":{"rendered":"Blanc Noir &#8211; Attack On Titan : Final Season Booster Display (16 Packs)"},"content":{"rendered":"<div>Qu&#8217;est-ce que la libert\u00e9 ?<\/div>\n<div>Eren sera-t-il un jour vraiment libre ?<\/div>\n<div><\/div>\n<div>Rejoignez Eren alors que la bataille finale commence sur la sc\u00e8ne de Weiss Schwarz !<\/div>\n<div><\/div>\n<div>\u2748Informations sur les cartes de signature\u2748<\/div>\n<div>Chaque paquet que vous achetez a une chance de contenir une carte d&#8217;autographe tamponn\u00e9e \u00e0 chaud de<\/div>\n<div>Yuki Kaji (dans le r\u00f4le de Eren Jaeger)<\/div>\n<div>Yui Ishikawa (en tant que Mikasa Ackermann)<\/div>\n<div>Marina Inoue (dans le r\u00f4le d&#8217;Armin Arlert)<\/div>\n<div>Hiroshi Kamiya (dans le r\u00f4le de Levi Ackermann)<\/div>\n<div>Yoshimasa Hosoya (dans le r\u00f4le de Reiner Braun)<\/div>\n<div><\/div>\n<div>\u26a1Blanc Noir Booster Pack Attack On Titan : Final Season Tournament Store Assist PR Pack Campaign\u26a1<\/div>\n<div><\/div>\n<div>Ces Packs ne seront disponibles que dans les boutiques enregistr\u00e9es pour le tournoi !<\/div>\n<div>Nous sommes heureux d&#8217;annoncer une nouvelle campagne passionnante pour le prochain Booster Pack &#8220;Attack On Titan : Final Season&#8221;.<\/div>\n<div>Nous sommes convaincus que cette campagne contribuera grandement \u00e0 la promotion du prochain coffret et nous esp\u00e9rons que vous en ferez bon usage !<\/div>\n<div>R\u00e8gles de la campagne<\/div>\n<div><\/div>\n<div>Les clients peuvent recevoir 1 Booster Pack Tournament Store Assist PR pour l&#8217;achat d&#8217;1 Booster Box parmi les produits suivants :<\/div>\n<div>&#8211; Weiss Schwarz \u00c9dition anglaise Attack On Titan :<\/div>\n<div>&#8211; Blanc Noir \u00c9dition anglaise Attack On Titan : Vol.2<\/div>\n<div>&#8211; Wei\u00df Schwarz \u00c9dition anglaise originale Attack On Titan : saison finale<\/div>\n<div>Chaque paquet contient 4 types al\u00e9atoires (3 normaux + 1 Foil) de 20 types de cartes PR sp\u00e9ciales !<\/div>\n<div>Les 20 types contiennent 10 designs + 10 designs de films parall\u00e8les.<\/div>\n<div>\u203bSous r\u00e9serve de disponibilit\u00e9, dans la limite des stocks disponibles.<\/div>\n<div><\/div>\n<div>Lot sp\u00e9cial !!! (Seulement en 1\u00e8re \u00e9dition)<\/div>\n<div>&#8211; 2 des 7 cartes PR exclusives dans chaque bo\u00eete pr\u00e9sentoir !<\/div>\n<div>&#8211; 4 tapis de jeu en caoutchouc inclus dans chaque bo\u00eete !<\/div>\n<div><\/div>\n<div>Sp\u00e9cifications du produit<\/div>\n<div>100 types de cartes au total + 41 types (parall\u00e8les)<\/div>\n<div>9 cartes par paquet, 16 paquets par pr\u00e9sentoir<\/div>\n<div>18 pr\u00e9sentoirs par carton<\/div>\n<p>\u203bBlanc Noir (English Edition) ne contient pas de bon de campagne or\/argent.<\/p>\n","protected":false},"excerpt":{"rendered":"<p>Qu&#8217;est-ce que la libert\u00e9 ? Eren sera-t-il un jour vraiment libre ? Rejoignez Eren alors que la bataille finale commence<\/p>\n","protected":false},"featured_media":79429,"comment_status":"open","ping_status":"closed","template":"","meta":{"_acf_changed":false},"product_brand":[5102],"product_cat":[10021,9793],"product_tag":[],"class_list":{"0":"post-326589","1":"product","2":"type-product","3":"status-publish","4":"has-post-thumbnail","6":"product_brand-bushiroad","7":"product_cat-booster-displays-weiss-schwarz","8":"product_cat-weissschwarz","10":"first","11":"outofstock","12":"taxable","13":"shipping-taxable","14":"purchasable","15":"product-type-simple"},"acf":[],"yoast_head":"<!-- This site is optimized with the Yoast SEO plugin v27.5 - https:\/\/yoast.com\/product\/yoast-seo-wordpress\/ -->\n<title>Ach\u00e8te Blanc Noir - Attack On Titan : Final Season Booster Display (16 Packs)<\/title>\n<meta name=\"description\" content=\"Ach\u00e8te Blanc Noir - Attack On Titan : Final Season Booster Display (16 Packs) en ligne maintenant \u00e0 petit prix! Ton #1 shop pour cartes TCG &amp; Pok\u00e9mon en Suisse \u2713 Livraison gratuite d\u00e8s CHF 29\" \/>\n<meta name=\"robots\" content=\"index, follow, max-snippet:-1, max-image-preview:large, max-video-preview:-1\" \/>\n<link rel=\"canonical\" href=\"https:\/\/theuncommonshop.ch\/fr\/product\/weiss-schwarz-attack-on-titan-final-season-booster-display-16-packs-en-3\/\" \/>\n<meta property=\"og:locale\" content=\"fr_FR\" \/>\n<meta property=\"og:type\" content=\"article\" \/>\n<meta property=\"og:title\" content=\"Ach\u00e8te Blanc Noir - Attack On Titan : Final Season Booster Display (16 Packs)\" \/>\n<meta property=\"og:description\" content=\"Ach\u00e8te Blanc Noir - Attack On Titan : Final Season Booster Display (16 Packs) en ligne maintenant \u00e0 petit prix! Ton #1 shop pour cartes TCG &amp; Pok\u00e9mon en Suisse \u2713 Livraison gratuite d\u00e8s CHF 29\" \/>\n<meta property=\"og:url\" content=\"https:\/\/theuncommonshop.ch\/fr\/product\/weiss-schwarz-attack-on-titan-final-season-booster-display-16-packs-en-3\/\" \/>\n<meta property=\"og:site_name\" content=\"The Uncommon Shop\" \/>\n<meta property=\"article:modified_time\" content=\"2026-03-31T17:33:59+00:00\" \/>\n<meta property=\"og:image\" content=\"https:\/\/theuncommonshop.ch\/wp-content\/uploads\/2025\/06\/3130022467.jpg\" \/>\n\t<meta property=\"og:image:width\" content=\"350\" \/>\n\t<meta property=\"og:image:height\" content=\"350\" \/>\n\t<meta property=\"og:image:type\" content=\"image\/jpeg\" \/>\n<meta name=\"twitter:card\" content=\"summary_large_image\" \/>\n<meta name=\"twitter:label1\" content=\"Prix\" \/>\n\t<meta name=\"twitter:data1\" content=\"&#067;&#072;&#070;&nbsp;69.95\" \/>\n\t<meta name=\"twitter:label2\" content=\"Disponibilit\u00e9\" \/>\n\t<meta name=\"twitter:data2\" content=\"Rupture de stock\" \/>\n<script type=\"application\/ld+json\" class=\"yoast-schema-graph\">{\"@context\":\"https:\\\/\\\/schema.org\",\"@graph\":[{\"@type\":\"WebPage\",\"@id\":\"https:\\\/\\\/theuncommonshop.ch\\\/fr\\\/product\\\/weiss-schwarz-attack-on-titan-final-season-booster-display-16-packs-en-3\\\/\",\"url\":\"https:\\\/\\\/theuncommonshop.ch\\\/fr\\\/product\\\/weiss-schwarz-attack-on-titan-final-season-booster-display-16-packs-en-3\\\/\",\"name\":\"Ach\u00e8te Blanc Noir - Attack On Titan : Final Season Booster Display (16 Packs)\",\"isPartOf\":{\"@id\":\"https:\\\/\\\/theuncommonshop.ch\\\/fr\\\/#website\"},\"primaryImageOfPage\":{\"@id\":\"https:\\\/\\\/theuncommonshop.ch\\\/fr\\\/product\\\/weiss-schwarz-attack-on-titan-final-season-booster-display-16-packs-en-3\\\/#primaryimage\"},\"image\":{\"@id\":\"https:\\\/\\\/theuncommonshop.ch\\\/fr\\\/product\\\/weiss-schwarz-attack-on-titan-final-season-booster-display-16-packs-en-3\\\/#primaryimage\"},\"thumbnailUrl\":\"https:\\\/\\\/theuncommonshop.ch\\\/wp-content\\\/uploads\\\/2025\\\/06\\\/3130022467.jpg\",\"datePublished\":\"2025-06-03T13:03:17+00:00\",\"dateModified\":\"2026-03-31T17:33:59+00:00\",\"description\":\"Ach\u00e8te Blanc Noir - Attack On Titan : Final Season Booster Display (16 Packs) en ligne maintenant \u00e0 petit prix! Ton #1 shop pour cartes TCG & Pok\u00e9mon en Suisse \u2713 Livraison gratuite d\u00e8s CHF 29\",\"breadcrumb\":{\"@id\":\"https:\\\/\\\/theuncommonshop.ch\\\/fr\\\/product\\\/weiss-schwarz-attack-on-titan-final-season-booster-display-16-packs-en-3\\\/#breadcrumb\"},\"inLanguage\":\"fr-FR\",\"potentialAction\":[{\"@type\":\"ReadAction\",\"target\":[\"https:\\\/\\\/theuncommonshop.ch\\\/fr\\\/product\\\/weiss-schwarz-attack-on-titan-final-season-booster-display-16-packs-en-3\\\/\"]}]},{\"@type\":\"ImageObject\",\"inLanguage\":\"fr-FR\",\"@id\":\"https:\\\/\\\/theuncommonshop.ch\\\/fr\\\/product\\\/weiss-schwarz-attack-on-titan-final-season-booster-display-16-packs-en-3\\\/#primaryimage\",\"url\":\"https:\\\/\\\/theuncommonshop.ch\\\/wp-content\\\/uploads\\\/2025\\\/06\\\/3130022467.jpg\",\"contentUrl\":\"https:\\\/\\\/theuncommonshop.ch\\\/wp-content\\\/uploads\\\/2025\\\/06\\\/3130022467.jpg\",\"width\":350,\"height\":350},{\"@type\":\"BreadcrumbList\",\"@id\":\"https:\\\/\\\/theuncommonshop.ch\\\/fr\\\/product\\\/weiss-schwarz-attack-on-titan-final-season-booster-display-16-packs-en-3\\\/#breadcrumb\",\"itemListElement\":[{\"@type\":\"ListItem\",\"position\":1,\"name\":\"Accueil\",\"item\":\"https:\\\/\\\/theuncommonshop.ch\\\/fr\\\/accueil\\\/\"},{\"@type\":\"ListItem\",\"position\":2,\"name\":\"Boutique\",\"item\":\"https:\\\/\\\/theuncommonshop.ch\\\/fr\\\/boutique\\\/\"},{\"@type\":\"ListItem\",\"position\":3,\"name\":\"Autres cartes \u00e0 collectionner\",\"item\":\"https:\\\/\\\/theuncommonshop.ch\\\/fr\\\/categorie-produit\\\/autres-cartes-a-collectionner\\\/\"},{\"@type\":\"ListItem\",\"position\":4,\"name\":\"Weiss\\\/Schwarz\",\"item\":\"https:\\\/\\\/theuncommonshop.ch\\\/fr\\\/categorie-produit\\\/autres-cartes-a-collectionner\\\/weissschwarz\\\/\"},{\"@type\":\"ListItem\",\"position\":5,\"name\":\"Booster Displays\",\"item\":\"https:\\\/\\\/theuncommonshop.ch\\\/fr\\\/categorie-produit\\\/autres-cartes-a-collectionner\\\/weissschwarz\\\/booster-displays-weiss-schwarz\\\/\"},{\"@type\":\"ListItem\",\"position\":6,\"name\":\"Blanc Noir &#8211; Attack On Titan : Final Season Booster Display (16 Packs)\"}]},{\"@type\":\"WebSite\",\"@id\":\"https:\\\/\\\/theuncommonshop.ch\\\/fr\\\/#website\",\"url\":\"https:\\\/\\\/theuncommonshop.ch\\\/fr\\\/\",\"name\":\"The Uncommon Shop\",\"description\":\"Magic, Pok\u00e9mon and Yu-gi-oh - The Uncommon Shop\",\"potentialAction\":[{\"@type\":\"SearchAction\",\"target\":{\"@type\":\"EntryPoint\",\"urlTemplate\":\"https:\\\/\\\/theuncommonshop.ch\\\/fr\\\/?s={search_term_string}\"},\"query-input\":{\"@type\":\"PropertyValueSpecification\",\"valueRequired\":true,\"valueName\":\"search_term_string\"}}],\"inLanguage\":\"fr-FR\"}]}<\/script>\n<meta property=\"product:price:amount\" content=\"69.95\" \/>\n<meta property=\"product:price:currency\" content=\"CHF\" \/>\n<meta property=\"og:availability\" content=\"out of stock\" \/>\n<meta property=\"product:availability\" content=\"out of stock\" \/>\n<meta property=\"product:retailer_item_id\" content=\"WS.I.C.AoTFinalDis.EN\" \/>\n<meta property=\"product:condition\" content=\"new\" \/>\n<!-- \/ Yoast SEO plugin. -->","yoast_head_json":{"title":"Ach\u00e8te Blanc Noir - Attack On Titan : Final Season Booster Display (16 Packs)","description":"Ach\u00e8te Blanc Noir - Attack On Titan : Final Season Booster Display (16 Packs) en ligne maintenant \u00e0 petit prix! Ton #1 shop pour cartes TCG & Pok\u00e9mon en Suisse \u2713 Livraison gratuite d\u00e8s CHF 29","robots":{"index":"index","follow":"follow","max-snippet":"max-snippet:-1","max-image-preview":"max-image-preview:large","max-video-preview":"max-video-preview:-1"},"canonical":"https:\/\/theuncommonshop.ch\/fr\/product\/weiss-schwarz-attack-on-titan-final-season-booster-display-16-packs-en-3\/","og_locale":"fr_FR","og_type":"article","og_title":"Ach\u00e8te Blanc Noir - Attack On Titan : Final Season Booster Display (16 Packs)","og_description":"Ach\u00e8te Blanc Noir - Attack On Titan : Final Season Booster Display (16 Packs) en ligne maintenant \u00e0 petit prix! Ton #1 shop pour cartes TCG & Pok\u00e9mon en Suisse \u2713 Livraison gratuite d\u00e8s CHF 29","og_url":"https:\/\/theuncommonshop.ch\/fr\/product\/weiss-schwarz-attack-on-titan-final-season-booster-display-16-packs-en-3\/","og_site_name":"The Uncommon Shop","article_modified_time":"2026-03-31T17:33:59+00:00","og_image":[{"width":350,"height":350,"url":"https:\/\/theuncommonshop.ch\/wp-content\/uploads\/2025\/06\/3130022467.jpg","type":"image\/jpeg"}],"twitter_card":"summary_large_image","twitter_misc":{"Prix":"&#67;&#72;&#70;&nbsp;69.95","Disponibilit\u00e9":"Rupture de stock"},"schema":{"@context":"https:\/\/schema.org","@graph":[{"@type":"WebPage","@id":"https:\/\/theuncommonshop.ch\/fr\/product\/weiss-schwarz-attack-on-titan-final-season-booster-display-16-packs-en-3\/","url":"https:\/\/theuncommonshop.ch\/fr\/product\/weiss-schwarz-attack-on-titan-final-season-booster-display-16-packs-en-3\/","name":"Ach\u00e8te Blanc Noir - Attack On Titan : Final Season Booster Display (16 Packs)","isPartOf":{"@id":"https:\/\/theuncommonshop.ch\/fr\/#website"},"primaryImageOfPage":{"@id":"https:\/\/theuncommonshop.ch\/fr\/product\/weiss-schwarz-attack-on-titan-final-season-booster-display-16-packs-en-3\/#primaryimage"},"image":{"@id":"https:\/\/theuncommonshop.ch\/fr\/product\/weiss-schwarz-attack-on-titan-final-season-booster-display-16-packs-en-3\/#primaryimage"},"thumbnailUrl":"https:\/\/theuncommonshop.ch\/wp-content\/uploads\/2025\/06\/3130022467.jpg","datePublished":"2025-06-03T13:03:17+00:00","dateModified":"2026-03-31T17:33:59+00:00","description":"Ach\u00e8te Blanc Noir - Attack On Titan : Final Season Booster Display (16 Packs) en ligne maintenant \u00e0 petit prix! Ton #1 shop pour cartes TCG & Pok\u00e9mon en Suisse \u2713 Livraison gratuite d\u00e8s CHF 29","breadcrumb":{"@id":"https:\/\/theuncommonshop.ch\/fr\/product\/weiss-schwarz-attack-on-titan-final-season-booster-display-16-packs-en-3\/#breadcrumb"},"inLanguage":"fr-FR","potentialAction":[{"@type":"ReadAction","target":["https:\/\/theuncommonshop.ch\/fr\/product\/weiss-schwarz-attack-on-titan-final-season-booster-display-16-packs-en-3\/"]}]},{"@type":"ImageObject","inLanguage":"fr-FR","@id":"https:\/\/theuncommonshop.ch\/fr\/product\/weiss-schwarz-attack-on-titan-final-season-booster-display-16-packs-en-3\/#primaryimage","url":"https:\/\/theuncommonshop.ch\/wp-content\/uploads\/2025\/06\/3130022467.jpg","contentUrl":"https:\/\/theuncommonshop.ch\/wp-content\/uploads\/2025\/06\/3130022467.jpg","width":350,"height":350},{"@type":"BreadcrumbList","@id":"https:\/\/theuncommonshop.ch\/fr\/product\/weiss-schwarz-attack-on-titan-final-season-booster-display-16-packs-en-3\/#breadcrumb","itemListElement":[{"@type":"ListItem","position":1,"name":"Accueil","item":"https:\/\/theuncommonshop.ch\/fr\/accueil\/"},{"@type":"ListItem","position":2,"name":"Boutique","item":"https:\/\/theuncommonshop.ch\/fr\/boutique\/"},{"@type":"ListItem","position":3,"name":"Autres cartes \u00e0 collectionner","item":"https:\/\/theuncommonshop.ch\/fr\/categorie-produit\/autres-cartes-a-collectionner\/"},{"@type":"ListItem","position":4,"name":"Weiss\/Schwarz","item":"https:\/\/theuncommonshop.ch\/fr\/categorie-produit\/autres-cartes-a-collectionner\/weissschwarz\/"},{"@type":"ListItem","position":5,"name":"Booster Displays","item":"https:\/\/theuncommonshop.ch\/fr\/categorie-produit\/autres-cartes-a-collectionner\/weissschwarz\/booster-displays-weiss-schwarz\/"},{"@type":"ListItem","position":6,"name":"Blanc Noir &#8211; Attack On Titan : Final Season Booster Display (16 Packs)"}]},{"@type":"WebSite","@id":"https:\/\/theuncommonshop.ch\/fr\/#website","url":"https:\/\/theuncommonshop.ch\/fr\/","name":"The Uncommon Shop","description":"Magic, Pok\u00e9mon and Yu-gi-oh - The Uncommon Shop","potentialAction":[{"@type":"SearchAction","target":{"@type":"EntryPoint","urlTemplate":"https:\/\/theuncommonshop.ch\/fr\/?s={search_term_string}"},"query-input":{"@type":"PropertyValueSpecification","valueRequired":true,"valueName":"search_term_string"}}],"inLanguage":"fr-FR"}]},"product_price_amount":"69.95","product_price_currency":"CHF","og_availability":"out of stock","product_availability":"out of stock","product_retailer_item_id":"WS.I.C.AoTFinalDis.EN","product_condition":"new"},"_links":{"self":[{"href":"https:\/\/theuncommonshop.ch\/fr\/wp-json\/wp\/v2\/product\/326589","targetHints":{"allow":["GET"]}}],"collection":[{"href":"https:\/\/theuncommonshop.ch\/fr\/wp-json\/wp\/v2\/product"}],"about":[{"href":"https:\/\/theuncommonshop.ch\/fr\/wp-json\/wp\/v2\/types\/product"}],"replies":[{"embeddable":true,"href":"https:\/\/theuncommonshop.ch\/fr\/wp-json\/wp\/v2\/comments?post=326589"}],"version-history":[{"count":0,"href":"https:\/\/theuncommonshop.ch\/fr\/wp-json\/wp\/v2\/product\/326589\/revisions"}],"wp:featuredmedia":[{"embeddable":true,"href":"https:\/\/theuncommonshop.ch\/fr\/wp-json\/wp\/v2\/media\/79429"}],"wp:attachment":[{"href":"https:\/\/theuncommonshop.ch\/fr\/wp-json\/wp\/v2\/media?parent=326589"}],"wp:term":[{"taxonomy":"product_brand","embeddable":true,"href":"https:\/\/theuncommonshop.ch\/fr\/wp-json\/wp\/v2\/product_brand?post=326589"},{"taxonomy":"product_cat","embeddable":true,"href":"https:\/\/theuncommonshop.ch\/fr\/wp-json\/wp\/v2\/product_cat?post=326589"},{"taxonomy":"product_tag","embeddable":true,"href":"https:\/\/theuncommonshop.ch\/fr\/wp-json\/wp\/v2\/product_tag?post=326589"}],"curies":[{"name":"wp","href":"https:\/\/api.w.org\/{rel}","templated":true}]}}