{"id":326530,"date":"2025-06-04T04:59:19","date_gmt":"2025-06-04T04:59:19","guid":{"rendered":"http:\/\/theuncommonshop.ch\/produkt\/326530\/"},"modified":"2026-03-28T17:43:23","modified_gmt":"2026-03-28T16:43:23","slug":"warhammer-40-000-combat-patrol-orks-2","status":"publish","type":"product","link":"https:\/\/theuncommonshop.ch\/fr\/product\/warhammer-40-000-combat-patrol-orks-2\/","title":{"rendered":"Warhammer 40.000 &#8211; Combat Patrol : Orks"},"content":{"rendered":"<ul>\n<li>Une s\u00e9lection d&#8217;unit\u00e9s de la B\u00e9taill\u00e8re, id\u00e9ale pour commencer ou d\u00e9velopper une arm\u00e9e<\/li>\n<li>Une patrouille de combat compl\u00e8te de 26 miniatures en plastique en plusieurs parties dans une bo\u00eete<\/li>\n<li>\u00c9conomisez de l&#8217;argent par rapport \u00e0 l&#8217;achat individuel du contenu<\/li>\n<\/ul>\n<p><\/p>\n<p>Les Orks aiment le combat plus que tout. Ces x\u00e9nos brutaux et violents parcourent la galaxie en grandes hordes et se jettent avec joie dans la bataille en poussant le cri de guerre assourdissant &#8220;Waaagh&#8221;, les Schl\u00e4chta de Morgrim sont une bande de guerriers f\u00e9roces de Viechf\u00e4ngan, des orcs \u00e0 quatre pattes trop heureux de prouver leur t\u00e9nacit\u00e9 en faisant tomber la plus grosse et la plus m\u00e9chante proie de la galaxie. Qu&#8217;ils chevauchent des grunzasquigs de mauvaise humeur ou qu&#8217;ils foncent en boymobs rugissants, aucun ennemi n&#8217;est \u00e0 l&#8217;abri de devenir le prochain troph\u00e9e des Viechf\u00e4nga.  <\/p>\n<p>Commencez un Waaagh en bonne et due forme avec la Patrouille de combat des Orks ! Cette bo\u00eete contient toutes les unit\u00e9s dont vous avez besoin pour commencer votre arm\u00e9e ou \u00e9tendre une collection existante, et vous permet d&#8217;\u00e9conomiser de l&#8217;argent par rapport \u00e0 l&#8217;achat individuel du contenu. Ces miniatures forment un noyau agressif et endurci pour toute arm\u00e9e d&#8217;Orks et peuvent \u00e9galement servir de force compl\u00e8te pour les parties de Patrouille de Combat \u00e0 Warhammer 40.000 &#8211; les r\u00e8gles de la Patrouille de Combat sont <a href=\"https:\/\/www.warhammer-community.com\/de\/warhammer-40000-downloads\/#combat-patrol-datasheets\" target=\"_blank\">disponibles en t\u00e9l\u00e9chargement gratuit sur le site de la communaut\u00e9 Warhammer<\/a>.  <\/p>\n<p><strong>Ce kit contient les mod\u00e8les en plastique \u00e0 plusieurs pi\u00e8ces suivants :<\/strong><\/p>\n<p>&#8211; 1x boss de b\u00e9tail<\/p>\n<p>&#8211; 4x Grunzareita, accompagn\u00e9 de 1x Bummsquig<\/p>\n<p>&#8211; 20x Viechj\u00e4ga<\/p>\n<p>Tous les mod\u00e8les sont accompagn\u00e9s de leurs bases respectives. Ces miniatures ne sont pas peintes et doivent \u00eatre assembl\u00e9es &#8211; nous vous recommandons d&#8217;utiliser de la colle \u00e0 plastique Citadel et de la peinture Citadel Colour.<\/p>\n","protected":false},"excerpt":{"rendered":"<p>Une s\u00e9lection d&#8217;unit\u00e9s de la B\u00e9taill\u00e8re, id\u00e9ale pour commencer ou d\u00e9velopper une arm\u00e9e Une patrouille de combat compl\u00e8te de 26<\/p>\n","protected":false},"featured_media":102037,"comment_status":"open","ping_status":"closed","template":"","meta":{"_acf_changed":false},"product_brand":[5078,5154],"product_cat":[9925,9927],"product_tag":[],"class_list":{"0":"post-326530","1":"product","2":"type-product","3":"status-publish","4":"has-post-thumbnail","6":"product_brand-games-workshop","7":"product_brand-warhammer","8":"product_cat-tabletop-fr","9":"product_cat-warhammer-40k-fr","11":"first","12":"instock","13":"taxable","14":"shipping-taxable","15":"purchasable","16":"product-type-variable"},"acf":[],"yoast_head":"<!-- This site is optimized with the Yoast SEO plugin v27.4 - https:\/\/yoast.com\/product\/yoast-seo-wordpress\/ -->\n<title>Ach\u00e8te Warhammer 40.000 - Combat Patrol : Orks<\/title>\n<meta name=\"description\" content=\"Ach\u00e8te Warhammer 40.000 - Combat Patrol : Orks en ligne maintenant \u00e0 petit prix! Ton #1 shop pour cartes TCG &amp; Pok\u00e9mon en Suisse \u2713 Livraison gratuite d\u00e8s CHF 29\" \/>\n<meta name=\"robots\" content=\"index, follow, max-snippet:-1, max-image-preview:large, max-video-preview:-1\" \/>\n<link rel=\"canonical\" href=\"https:\/\/theuncommonshop.ch\/fr\/product\/warhammer-40-000-combat-patrol-orks-2\/\" \/>\n<meta property=\"og:locale\" content=\"fr_FR\" \/>\n<meta property=\"og:type\" content=\"article\" \/>\n<meta property=\"og:title\" content=\"Ach\u00e8te Warhammer 40.000 - Combat Patrol : Orks\" \/>\n<meta property=\"og:description\" content=\"Ach\u00e8te Warhammer 40.000 - Combat Patrol : Orks en ligne maintenant \u00e0 petit prix! Ton #1 shop pour cartes TCG &amp; Pok\u00e9mon en Suisse \u2713 Livraison gratuite d\u00e8s CHF 29\" \/>\n<meta property=\"og:url\" content=\"https:\/\/theuncommonshop.ch\/fr\/product\/warhammer-40-000-combat-patrol-orks-2\/\" \/>\n<meta property=\"og:site_name\" content=\"The Uncommon Shop\" \/>\n<meta property=\"article:modified_time\" content=\"2026-03-28T16:43:23+00:00\" \/>\n<meta property=\"og:image\" content=\"https:\/\/theuncommonshop.ch\/wp-content\/uploads\/2025\/06\/4273651958.jpg\" \/>\n\t<meta property=\"og:image:width\" content=\"1840\" \/>\n\t<meta property=\"og:image:height\" content=\"1900\" \/>\n\t<meta property=\"og:image:type\" content=\"image\/jpeg\" \/>\n<meta name=\"twitter:card\" content=\"summary_large_image\" \/>\n<meta name=\"twitter:label1\" content=\"Disponibilit\u00e9\" \/>\n\t<meta name=\"twitter:data1\" content=\"En stock\" \/>\n<script type=\"application\/ld+json\" class=\"yoast-schema-graph\">{\"@context\":\"https:\\\/\\\/schema.org\",\"@graph\":[{\"@type\":\"WebPage\",\"@id\":\"https:\\\/\\\/theuncommonshop.ch\\\/fr\\\/product\\\/warhammer-40-000-combat-patrol-orks-2\\\/\",\"url\":\"https:\\\/\\\/theuncommonshop.ch\\\/fr\\\/product\\\/warhammer-40-000-combat-patrol-orks-2\\\/\",\"name\":\"Ach\u00e8te Warhammer 40.000 - Combat Patrol : Orks\",\"isPartOf\":{\"@id\":\"https:\\\/\\\/theuncommonshop.ch\\\/fr\\\/#website\"},\"primaryImageOfPage\":{\"@id\":\"https:\\\/\\\/theuncommonshop.ch\\\/fr\\\/product\\\/warhammer-40-000-combat-patrol-orks-2\\\/#primaryimage\"},\"image\":{\"@id\":\"https:\\\/\\\/theuncommonshop.ch\\\/fr\\\/product\\\/warhammer-40-000-combat-patrol-orks-2\\\/#primaryimage\"},\"thumbnailUrl\":\"https:\\\/\\\/theuncommonshop.ch\\\/wp-content\\\/uploads\\\/2025\\\/06\\\/4273651958.jpg\",\"datePublished\":\"2025-06-04T04:59:19+00:00\",\"dateModified\":\"2026-03-28T16:43:23+00:00\",\"description\":\"Ach\u00e8te Warhammer 40.000 - Combat Patrol : Orks en ligne maintenant \u00e0 petit prix! Ton #1 shop pour cartes TCG & Pok\u00e9mon en Suisse \u2713 Livraison gratuite d\u00e8s CHF 29\",\"breadcrumb\":{\"@id\":\"https:\\\/\\\/theuncommonshop.ch\\\/fr\\\/product\\\/warhammer-40-000-combat-patrol-orks-2\\\/#breadcrumb\"},\"inLanguage\":\"fr-FR\",\"potentialAction\":[{\"@type\":\"ReadAction\",\"target\":[\"https:\\\/\\\/theuncommonshop.ch\\\/fr\\\/product\\\/warhammer-40-000-combat-patrol-orks-2\\\/\"]}]},{\"@type\":\"ImageObject\",\"inLanguage\":\"fr-FR\",\"@id\":\"https:\\\/\\\/theuncommonshop.ch\\\/fr\\\/product\\\/warhammer-40-000-combat-patrol-orks-2\\\/#primaryimage\",\"url\":\"https:\\\/\\\/theuncommonshop.ch\\\/wp-content\\\/uploads\\\/2025\\\/06\\\/4273651958.jpg\",\"contentUrl\":\"https:\\\/\\\/theuncommonshop.ch\\\/wp-content\\\/uploads\\\/2025\\\/06\\\/4273651958.jpg\",\"width\":1840,\"height\":1900},{\"@type\":\"BreadcrumbList\",\"@id\":\"https:\\\/\\\/theuncommonshop.ch\\\/fr\\\/product\\\/warhammer-40-000-combat-patrol-orks-2\\\/#breadcrumb\",\"itemListElement\":[{\"@type\":\"ListItem\",\"position\":1,\"name\":\"Accueil\",\"item\":\"https:\\\/\\\/theuncommonshop.ch\\\/fr\\\/accueil\\\/\"},{\"@type\":\"ListItem\",\"position\":2,\"name\":\"Boutique\",\"item\":\"https:\\\/\\\/theuncommonshop.ch\\\/fr\\\/boutique\\\/\"},{\"@type\":\"ListItem\",\"position\":3,\"name\":\"Tabletop\",\"item\":\"https:\\\/\\\/theuncommonshop.ch\\\/fr\\\/categorie-produit\\\/tabletop-fr\\\/\"},{\"@type\":\"ListItem\",\"position\":4,\"name\":\"Warhammer 40k\",\"item\":\"https:\\\/\\\/theuncommonshop.ch\\\/fr\\\/categorie-produit\\\/tabletop-fr\\\/warhammer-40k-fr\\\/\"},{\"@type\":\"ListItem\",\"position\":5,\"name\":\"Warhammer 40.000 &#8211; Combat Patrol : Orks\"}]},{\"@type\":\"WebSite\",\"@id\":\"https:\\\/\\\/theuncommonshop.ch\\\/fr\\\/#website\",\"url\":\"https:\\\/\\\/theuncommonshop.ch\\\/fr\\\/\",\"name\":\"The Uncommon Shop\",\"description\":\"Magic, Pok\u00e9mon and Yu-gi-oh - The Uncommon Shop\",\"potentialAction\":[{\"@type\":\"SearchAction\",\"target\":{\"@type\":\"EntryPoint\",\"urlTemplate\":\"https:\\\/\\\/theuncommonshop.ch\\\/fr\\\/?s={search_term_string}\"},\"query-input\":{\"@type\":\"PropertyValueSpecification\",\"valueRequired\":true,\"valueName\":\"search_term_string\"}}],\"inLanguage\":\"fr-FR\"}]}<\/script>\n<meta property=\"og:availability\" content=\"instock\" \/>\n<meta property=\"product:availability\" content=\"instock\" \/>\n<meta property=\"product:retailer_item_id\" content=\"WarhammerCombarPatrolOrks\" \/>\n<meta property=\"product:condition\" content=\"new\" \/>\n<!-- \/ Yoast SEO plugin. -->","yoast_head_json":{"title":"Ach\u00e8te Warhammer 40.000 - Combat Patrol : Orks","description":"Ach\u00e8te Warhammer 40.000 - Combat Patrol : Orks en ligne maintenant \u00e0 petit prix! Ton #1 shop pour cartes TCG & Pok\u00e9mon en Suisse \u2713 Livraison gratuite d\u00e8s CHF 29","robots":{"index":"index","follow":"follow","max-snippet":"max-snippet:-1","max-image-preview":"max-image-preview:large","max-video-preview":"max-video-preview:-1"},"canonical":"https:\/\/theuncommonshop.ch\/fr\/product\/warhammer-40-000-combat-patrol-orks-2\/","og_locale":"fr_FR","og_type":"article","og_title":"Ach\u00e8te Warhammer 40.000 - Combat Patrol : Orks","og_description":"Ach\u00e8te Warhammer 40.000 - Combat Patrol : Orks en ligne maintenant \u00e0 petit prix! Ton #1 shop pour cartes TCG & Pok\u00e9mon en Suisse \u2713 Livraison gratuite d\u00e8s CHF 29","og_url":"https:\/\/theuncommonshop.ch\/fr\/product\/warhammer-40-000-combat-patrol-orks-2\/","og_site_name":"The Uncommon Shop","article_modified_time":"2026-03-28T16:43:23+00:00","og_image":[{"width":1840,"height":1900,"url":"https:\/\/theuncommonshop.ch\/wp-content\/uploads\/2025\/06\/4273651958.jpg","type":"image\/jpeg"}],"twitter_card":"summary_large_image","twitter_misc":{"Disponibilit\u00e9":"En stock"},"schema":{"@context":"https:\/\/schema.org","@graph":[{"@type":"WebPage","@id":"https:\/\/theuncommonshop.ch\/fr\/product\/warhammer-40-000-combat-patrol-orks-2\/","url":"https:\/\/theuncommonshop.ch\/fr\/product\/warhammer-40-000-combat-patrol-orks-2\/","name":"Ach\u00e8te Warhammer 40.000 - Combat Patrol : Orks","isPartOf":{"@id":"https:\/\/theuncommonshop.ch\/fr\/#website"},"primaryImageOfPage":{"@id":"https:\/\/theuncommonshop.ch\/fr\/product\/warhammer-40-000-combat-patrol-orks-2\/#primaryimage"},"image":{"@id":"https:\/\/theuncommonshop.ch\/fr\/product\/warhammer-40-000-combat-patrol-orks-2\/#primaryimage"},"thumbnailUrl":"https:\/\/theuncommonshop.ch\/wp-content\/uploads\/2025\/06\/4273651958.jpg","datePublished":"2025-06-04T04:59:19+00:00","dateModified":"2026-03-28T16:43:23+00:00","description":"Ach\u00e8te Warhammer 40.000 - Combat Patrol : Orks en ligne maintenant \u00e0 petit prix! Ton #1 shop pour cartes TCG & Pok\u00e9mon en Suisse \u2713 Livraison gratuite d\u00e8s CHF 29","breadcrumb":{"@id":"https:\/\/theuncommonshop.ch\/fr\/product\/warhammer-40-000-combat-patrol-orks-2\/#breadcrumb"},"inLanguage":"fr-FR","potentialAction":[{"@type":"ReadAction","target":["https:\/\/theuncommonshop.ch\/fr\/product\/warhammer-40-000-combat-patrol-orks-2\/"]}]},{"@type":"ImageObject","inLanguage":"fr-FR","@id":"https:\/\/theuncommonshop.ch\/fr\/product\/warhammer-40-000-combat-patrol-orks-2\/#primaryimage","url":"https:\/\/theuncommonshop.ch\/wp-content\/uploads\/2025\/06\/4273651958.jpg","contentUrl":"https:\/\/theuncommonshop.ch\/wp-content\/uploads\/2025\/06\/4273651958.jpg","width":1840,"height":1900},{"@type":"BreadcrumbList","@id":"https:\/\/theuncommonshop.ch\/fr\/product\/warhammer-40-000-combat-patrol-orks-2\/#breadcrumb","itemListElement":[{"@type":"ListItem","position":1,"name":"Accueil","item":"https:\/\/theuncommonshop.ch\/fr\/accueil\/"},{"@type":"ListItem","position":2,"name":"Boutique","item":"https:\/\/theuncommonshop.ch\/fr\/boutique\/"},{"@type":"ListItem","position":3,"name":"Tabletop","item":"https:\/\/theuncommonshop.ch\/fr\/categorie-produit\/tabletop-fr\/"},{"@type":"ListItem","position":4,"name":"Warhammer 40k","item":"https:\/\/theuncommonshop.ch\/fr\/categorie-produit\/tabletop-fr\/warhammer-40k-fr\/"},{"@type":"ListItem","position":5,"name":"Warhammer 40.000 &#8211; Combat Patrol : Orks"}]},{"@type":"WebSite","@id":"https:\/\/theuncommonshop.ch\/fr\/#website","url":"https:\/\/theuncommonshop.ch\/fr\/","name":"The Uncommon Shop","description":"Magic, Pok\u00e9mon and Yu-gi-oh - The Uncommon Shop","potentialAction":[{"@type":"SearchAction","target":{"@type":"EntryPoint","urlTemplate":"https:\/\/theuncommonshop.ch\/fr\/?s={search_term_string}"},"query-input":{"@type":"PropertyValueSpecification","valueRequired":true,"valueName":"search_term_string"}}],"inLanguage":"fr-FR"}]},"og_availability":"instock","product_availability":"instock","product_retailer_item_id":"WarhammerCombarPatrolOrks","product_condition":"new"},"_links":{"self":[{"href":"https:\/\/theuncommonshop.ch\/fr\/wp-json\/wp\/v2\/product\/326530","targetHints":{"allow":["GET"]}}],"collection":[{"href":"https:\/\/theuncommonshop.ch\/fr\/wp-json\/wp\/v2\/product"}],"about":[{"href":"https:\/\/theuncommonshop.ch\/fr\/wp-json\/wp\/v2\/types\/product"}],"replies":[{"embeddable":true,"href":"https:\/\/theuncommonshop.ch\/fr\/wp-json\/wp\/v2\/comments?post=326530"}],"version-history":[{"count":0,"href":"https:\/\/theuncommonshop.ch\/fr\/wp-json\/wp\/v2\/product\/326530\/revisions"}],"wp:featuredmedia":[{"embeddable":true,"href":"https:\/\/theuncommonshop.ch\/fr\/wp-json\/wp\/v2\/media\/102037"}],"wp:attachment":[{"href":"https:\/\/theuncommonshop.ch\/fr\/wp-json\/wp\/v2\/media?parent=326530"}],"wp:term":[{"taxonomy":"product_brand","embeddable":true,"href":"https:\/\/theuncommonshop.ch\/fr\/wp-json\/wp\/v2\/product_brand?post=326530"},{"taxonomy":"product_cat","embeddable":true,"href":"https:\/\/theuncommonshop.ch\/fr\/wp-json\/wp\/v2\/product_cat?post=326530"},{"taxonomy":"product_tag","embeddable":true,"href":"https:\/\/theuncommonshop.ch\/fr\/wp-json\/wp\/v2\/product_tag?post=326530"}],"curies":[{"name":"wp","href":"https:\/\/api.w.org\/{rel}","templated":true}]}}