{"id":326525,"date":"2025-06-04T05:00:14","date_gmt":"2025-06-04T05:00:14","guid":{"rendered":"http:\/\/theuncommonshop.ch\/produkt\/326525\/"},"modified":"2026-03-28T17:42:53","modified_gmt":"2026-03-28T16:42:53","slug":"warhammer-40-000-imperial-knights-knight-questoris-2","status":"publish","type":"product","link":"https:\/\/theuncommonshop.ch\/fr\/product\/warhammer-40-000-imperial-knights-knight-questoris-2\/","title":{"rendered":"Warhammer 40.000 &#8211; Imperial Knights : Knight Questoris"},"content":{"rendered":"<p>Extr\u00eamement polyvalents, les chevaliers paladins constituent l&#8217;\u00e9pine dorsale strat\u00e9gique de nombreuses lances. Bien qu&#8217;ils ne soient pas sp\u00e9cialis\u00e9s, ils sont pr\u00e9f\u00e9r\u00e9s par la plupart des Maisons en raison de leur combinaison de canon de combat \u00e0 tir rapide &#8211; une pi\u00e8ce d&#8217;artillerie qui peut \u00eatre dirig\u00e9e directement sur les troupes ennemies &#8211; et de puissantes armes de m\u00eal\u00e9e. Les nobles exp\u00e9riment\u00e9s appr\u00e9cient ces puissants destriers, car leur grande exp\u00e9rience leur permet de tirer parti de la flexibilit\u00e9 tactique du paladin sur le champ de bataille.  <\/p>\n<p>Ce kit en plastique en plusieurs parties vous permet de construire un chevalier paladin, un colosse de guerre puissant et polyvalent pour votre arm\u00e9e de Chevaliers Imp\u00e9riaux &#8211; ou une faucheuse itin\u00e9rante pour les autres forces de l&#8217;Empire. Ce vaisseau de combat surpuissant est \u00e9quip\u00e9 d&#8217;un canon de combat \u00e0 tir rapide et de votre choix d&#8217;armes de m\u00eal\u00e9e et d&#8217;armes mont\u00e9es sur armure, et a la capacit\u00e9 de guider les chevaliers alli\u00e9s de classe Knappe. Le chevalier paladin est un fantastique projet de peinture et, gr\u00e2ce \u00e0 un grand nombre d&#8217;options de personnalisation et de pi\u00e8ces incroyablement d\u00e9taill\u00e9es lors de l&#8217;assemblage, vous pouvez cr\u00e9er une machine de guerre v\u00e9ritablement unique.  <\/p>\n<p>Ce kit peut \u00e9galement \u00eatre construit comme un certain nombre d&#8217;autres Chevaliers Imp\u00e9riaux de la classe Questoris &#8211; Chevalier errant, Chevalier crois\u00e9, Chevalier de duel, Chevalier praeceptor, Chevalier gardien ou Chevalier du nom propre Canis Rex &#8211; ainsi que comme un Chevalier pr\u00e9dateur pour les Chevaliers du Chaos. Les armes, armures faciales et accessoires restants peuvent \u00eatre utilis\u00e9s pour d&#8217;autres kits de chevaliers. Le kit contient les pi\u00e8ces n\u00e9cessaires \u00e0 la construction d&#8217;un pilote assis dans le ch\u00e2ssis du chevalier et d&#8217;un pilote \u00e0 pied.  <\/p>\n<p>Le kit du chevalier paladin est compos\u00e9 de 250 pi\u00e8ces en plastique et comprend une base ovale Citadel (170 mm) et une base ronde Citadel (25 mm). Il comprend \u00e9galement une planche de d\u00e9calcomanies h\u00e9raldiques pour les Chevaliers Imp\u00e9riaux. <\/p>\n","protected":false},"excerpt":{"rendered":"<p>Extr\u00eamement polyvalents, les chevaliers paladins constituent l&#8217;\u00e9pine dorsale strat\u00e9gique de nombreuses lances. Bien qu&#8217;ils ne soient pas sp\u00e9cialis\u00e9s, ils sont<\/p>\n","protected":false},"featured_media":102055,"comment_status":"open","ping_status":"closed","template":"","meta":{"_acf_changed":false},"product_brand":[5078,5154],"product_cat":[9925,9927],"product_tag":[],"class_list":{"0":"post-326525","1":"product","2":"type-product","3":"status-publish","4":"has-post-thumbnail","6":"product_brand-games-workshop","7":"product_brand-warhammer","8":"product_cat-tabletop-fr","9":"product_cat-warhammer-40k-fr","11":"first","12":"outofstock","13":"taxable","14":"shipping-taxable","15":"purchasable","16":"product-type-simple"},"acf":[],"yoast_head":"<!-- This site is optimized with the Yoast SEO plugin v27.4 - https:\/\/yoast.com\/product\/yoast-seo-wordpress\/ -->\n<title>Ach\u00e8te Warhammer 40.000 - Imperial Knights : Knight Questoris<\/title>\n<meta name=\"description\" content=\"Ach\u00e8te Warhammer 40.000 - Imperial Knights : Knight Questoris en ligne maintenant \u00e0 petit prix! Ton #1 shop pour cartes TCG &amp; Pok\u00e9mon en Suisse \u2713 Livraison gratuite d\u00e8s CHF 29\" \/>\n<meta name=\"robots\" content=\"index, follow, max-snippet:-1, max-image-preview:large, max-video-preview:-1\" \/>\n<link rel=\"canonical\" href=\"https:\/\/theuncommonshop.ch\/fr\/product\/warhammer-40-000-imperial-knights-knight-questoris-2\/\" \/>\n<meta property=\"og:locale\" content=\"fr_FR\" \/>\n<meta property=\"og:type\" content=\"article\" \/>\n<meta property=\"og:title\" content=\"Ach\u00e8te Warhammer 40.000 - Imperial Knights : Knight Questoris\" \/>\n<meta property=\"og:description\" content=\"Ach\u00e8te Warhammer 40.000 - Imperial Knights : Knight Questoris en ligne maintenant \u00e0 petit prix! Ton #1 shop pour cartes TCG &amp; Pok\u00e9mon en Suisse \u2713 Livraison gratuite d\u00e8s CHF 29\" \/>\n<meta property=\"og:url\" content=\"https:\/\/theuncommonshop.ch\/fr\/product\/warhammer-40-000-imperial-knights-knight-questoris-2\/\" \/>\n<meta property=\"og:site_name\" content=\"Largest trading card shop in Switzerland\" \/>\n<meta property=\"article:modified_time\" content=\"2026-03-28T16:42:53+00:00\" \/>\n<meta property=\"og:image\" content=\"https:\/\/theuncommonshop.ch\/wp-content\/uploads\/2025\/06\/3916998867.png\" \/>\n\t<meta property=\"og:image:width\" content=\"500\" \/>\n\t<meta property=\"og:image:height\" content=\"500\" \/>\n\t<meta property=\"og:image:type\" content=\"image\/png\" \/>\n<meta name=\"twitter:card\" content=\"summary_large_image\" \/>\n<meta name=\"twitter:label1\" content=\"Prix\" \/>\n\t<meta name=\"twitter:data1\" content=\"&#067;&#072;&#070;&nbsp;119.95\" \/>\n\t<meta name=\"twitter:label2\" content=\"Disponibilit\u00e9\" \/>\n\t<meta name=\"twitter:data2\" content=\"Rupture de stock\" \/>\n<script type=\"application\/ld+json\" class=\"yoast-schema-graph\">{\"@context\":\"https:\\\/\\\/schema.org\",\"@graph\":[{\"@type\":\"WebPage\",\"@id\":\"https:\\\/\\\/theuncommonshop.ch\\\/fr\\\/product\\\/warhammer-40-000-imperial-knights-knight-questoris-2\\\/\",\"url\":\"https:\\\/\\\/theuncommonshop.ch\\\/fr\\\/product\\\/warhammer-40-000-imperial-knights-knight-questoris-2\\\/\",\"name\":\"Ach\u00e8te Warhammer 40.000 - Imperial Knights : Knight Questoris\",\"isPartOf\":{\"@id\":\"https:\\\/\\\/theuncommonshop.ch\\\/#website\"},\"primaryImageOfPage\":{\"@id\":\"https:\\\/\\\/theuncommonshop.ch\\\/fr\\\/product\\\/warhammer-40-000-imperial-knights-knight-questoris-2\\\/#primaryimage\"},\"image\":{\"@id\":\"https:\\\/\\\/theuncommonshop.ch\\\/fr\\\/product\\\/warhammer-40-000-imperial-knights-knight-questoris-2\\\/#primaryimage\"},\"thumbnailUrl\":\"https:\\\/\\\/theuncommonshop.ch\\\/wp-content\\\/uploads\\\/2025\\\/06\\\/3916998867.png\",\"datePublished\":\"2025-06-04T05:00:14+00:00\",\"dateModified\":\"2026-03-28T16:42:53+00:00\",\"description\":\"Ach\u00e8te Warhammer 40.000 - Imperial Knights : Knight Questoris en ligne maintenant \u00e0 petit prix! Ton #1 shop pour cartes TCG & Pok\u00e9mon en Suisse \u2713 Livraison gratuite d\u00e8s CHF 29\",\"breadcrumb\":{\"@id\":\"https:\\\/\\\/theuncommonshop.ch\\\/fr\\\/product\\\/warhammer-40-000-imperial-knights-knight-questoris-2\\\/#breadcrumb\"},\"inLanguage\":\"fr-FR\",\"potentialAction\":[{\"@type\":\"ReadAction\",\"target\":[\"https:\\\/\\\/theuncommonshop.ch\\\/fr\\\/product\\\/warhammer-40-000-imperial-knights-knight-questoris-2\\\/\"]}]},{\"@type\":\"ImageObject\",\"inLanguage\":\"fr-FR\",\"@id\":\"https:\\\/\\\/theuncommonshop.ch\\\/fr\\\/product\\\/warhammer-40-000-imperial-knights-knight-questoris-2\\\/#primaryimage\",\"url\":\"https:\\\/\\\/theuncommonshop.ch\\\/wp-content\\\/uploads\\\/2025\\\/06\\\/3916998867.png\",\"contentUrl\":\"https:\\\/\\\/theuncommonshop.ch\\\/wp-content\\\/uploads\\\/2025\\\/06\\\/3916998867.png\",\"width\":500,\"height\":500},{\"@type\":\"BreadcrumbList\",\"@id\":\"https:\\\/\\\/theuncommonshop.ch\\\/fr\\\/product\\\/warhammer-40-000-imperial-knights-knight-questoris-2\\\/#breadcrumb\",\"itemListElement\":[{\"@type\":\"ListItem\",\"position\":1,\"name\":\"Accueil\",\"item\":\"https:\\\/\\\/theuncommonshop.ch\\\/fr\\\/accueil\\\/\"},{\"@type\":\"ListItem\",\"position\":2,\"name\":\"Boutique\",\"item\":\"https:\\\/\\\/theuncommonshop.ch\\\/fr\\\/boutique\\\/\"},{\"@type\":\"ListItem\",\"position\":3,\"name\":\"Tabletop\",\"item\":\"https:\\\/\\\/theuncommonshop.ch\\\/fr\\\/categorie-produit\\\/tabletop-fr\\\/\"},{\"@type\":\"ListItem\",\"position\":4,\"name\":\"Warhammer 40k\",\"item\":\"https:\\\/\\\/theuncommonshop.ch\\\/fr\\\/categorie-produit\\\/tabletop-fr\\\/warhammer-40k-fr\\\/\"},{\"@type\":\"ListItem\",\"position\":5,\"name\":\"Warhammer 40.000 &#8211; Imperial Knights : Knight Questoris\"}]},{\"@type\":\"WebSite\",\"@id\":\"https:\\\/\\\/theuncommonshop.ch\\\/#website\",\"url\":\"https:\\\/\\\/theuncommonshop.ch\\\/\",\"name\":\"Largest trading card shop in Switzerland\",\"description\":\"Magic, Pok\u00e9mon and Yu-gi-oh - The Uncommon Shop\",\"potentialAction\":[{\"@type\":\"SearchAction\",\"target\":{\"@type\":\"EntryPoint\",\"urlTemplate\":\"https:\\\/\\\/theuncommonshop.ch\\\/?s={search_term_string}\"},\"query-input\":{\"@type\":\"PropertyValueSpecification\",\"valueRequired\":true,\"valueName\":\"search_term_string\"}}],\"inLanguage\":\"fr-FR\"}]}<\/script>\n<meta property=\"product:price:amount\" content=\"119.95\" \/>\n<meta property=\"product:price:currency\" content=\"CHF\" \/>\n<meta property=\"og:availability\" content=\"out of stock\" \/>\n<meta property=\"product:availability\" content=\"out of stock\" \/>\n<meta property=\"product:retailer_item_id\" content=\"WHQuestoris\" \/>\n<meta property=\"product:condition\" content=\"new\" \/>\n<!-- \/ Yoast SEO plugin. -->","yoast_head_json":{"title":"Ach\u00e8te Warhammer 40.000 - Imperial Knights : Knight Questoris","description":"Ach\u00e8te Warhammer 40.000 - Imperial Knights : Knight Questoris en ligne maintenant \u00e0 petit prix! Ton #1 shop pour cartes TCG & Pok\u00e9mon en Suisse \u2713 Livraison gratuite d\u00e8s CHF 29","robots":{"index":"index","follow":"follow","max-snippet":"max-snippet:-1","max-image-preview":"max-image-preview:large","max-video-preview":"max-video-preview:-1"},"canonical":"https:\/\/theuncommonshop.ch\/fr\/product\/warhammer-40-000-imperial-knights-knight-questoris-2\/","og_locale":"fr_FR","og_type":"article","og_title":"Ach\u00e8te Warhammer 40.000 - Imperial Knights : Knight Questoris","og_description":"Ach\u00e8te Warhammer 40.000 - Imperial Knights : Knight Questoris en ligne maintenant \u00e0 petit prix! Ton #1 shop pour cartes TCG & Pok\u00e9mon en Suisse \u2713 Livraison gratuite d\u00e8s CHF 29","og_url":"https:\/\/theuncommonshop.ch\/fr\/product\/warhammer-40-000-imperial-knights-knight-questoris-2\/","og_site_name":"Largest trading card shop in Switzerland","article_modified_time":"2026-03-28T16:42:53+00:00","og_image":[{"width":500,"height":500,"url":"https:\/\/theuncommonshop.ch\/wp-content\/uploads\/2025\/06\/3916998867.png","type":"image\/png"}],"twitter_card":"summary_large_image","twitter_misc":{"Prix":"&#67;&#72;&#70;&nbsp;119.95","Disponibilit\u00e9":"Rupture de stock"},"schema":{"@context":"https:\/\/schema.org","@graph":[{"@type":"WebPage","@id":"https:\/\/theuncommonshop.ch\/fr\/product\/warhammer-40-000-imperial-knights-knight-questoris-2\/","url":"https:\/\/theuncommonshop.ch\/fr\/product\/warhammer-40-000-imperial-knights-knight-questoris-2\/","name":"Ach\u00e8te Warhammer 40.000 - Imperial Knights : Knight Questoris","isPartOf":{"@id":"https:\/\/theuncommonshop.ch\/#website"},"primaryImageOfPage":{"@id":"https:\/\/theuncommonshop.ch\/fr\/product\/warhammer-40-000-imperial-knights-knight-questoris-2\/#primaryimage"},"image":{"@id":"https:\/\/theuncommonshop.ch\/fr\/product\/warhammer-40-000-imperial-knights-knight-questoris-2\/#primaryimage"},"thumbnailUrl":"https:\/\/theuncommonshop.ch\/wp-content\/uploads\/2025\/06\/3916998867.png","datePublished":"2025-06-04T05:00:14+00:00","dateModified":"2026-03-28T16:42:53+00:00","description":"Ach\u00e8te Warhammer 40.000 - Imperial Knights : Knight Questoris en ligne maintenant \u00e0 petit prix! Ton #1 shop pour cartes TCG & Pok\u00e9mon en Suisse \u2713 Livraison gratuite d\u00e8s CHF 29","breadcrumb":{"@id":"https:\/\/theuncommonshop.ch\/fr\/product\/warhammer-40-000-imperial-knights-knight-questoris-2\/#breadcrumb"},"inLanguage":"fr-FR","potentialAction":[{"@type":"ReadAction","target":["https:\/\/theuncommonshop.ch\/fr\/product\/warhammer-40-000-imperial-knights-knight-questoris-2\/"]}]},{"@type":"ImageObject","inLanguage":"fr-FR","@id":"https:\/\/theuncommonshop.ch\/fr\/product\/warhammer-40-000-imperial-knights-knight-questoris-2\/#primaryimage","url":"https:\/\/theuncommonshop.ch\/wp-content\/uploads\/2025\/06\/3916998867.png","contentUrl":"https:\/\/theuncommonshop.ch\/wp-content\/uploads\/2025\/06\/3916998867.png","width":500,"height":500},{"@type":"BreadcrumbList","@id":"https:\/\/theuncommonshop.ch\/fr\/product\/warhammer-40-000-imperial-knights-knight-questoris-2\/#breadcrumb","itemListElement":[{"@type":"ListItem","position":1,"name":"Accueil","item":"https:\/\/theuncommonshop.ch\/fr\/accueil\/"},{"@type":"ListItem","position":2,"name":"Boutique","item":"https:\/\/theuncommonshop.ch\/fr\/boutique\/"},{"@type":"ListItem","position":3,"name":"Tabletop","item":"https:\/\/theuncommonshop.ch\/fr\/categorie-produit\/tabletop-fr\/"},{"@type":"ListItem","position":4,"name":"Warhammer 40k","item":"https:\/\/theuncommonshop.ch\/fr\/categorie-produit\/tabletop-fr\/warhammer-40k-fr\/"},{"@type":"ListItem","position":5,"name":"Warhammer 40.000 &#8211; Imperial Knights : Knight Questoris"}]},{"@type":"WebSite","@id":"https:\/\/theuncommonshop.ch\/#website","url":"https:\/\/theuncommonshop.ch\/","name":"Largest trading card shop in Switzerland","description":"Magic, Pok\u00e9mon and Yu-gi-oh - The Uncommon Shop","potentialAction":[{"@type":"SearchAction","target":{"@type":"EntryPoint","urlTemplate":"https:\/\/theuncommonshop.ch\/?s={search_term_string}"},"query-input":{"@type":"PropertyValueSpecification","valueRequired":true,"valueName":"search_term_string"}}],"inLanguage":"fr-FR"}]},"product_price_amount":"119.95","product_price_currency":"CHF","og_availability":"out of stock","product_availability":"out of stock","product_retailer_item_id":"WHQuestoris","product_condition":"new"},"_links":{"self":[{"href":"https:\/\/theuncommonshop.ch\/fr\/wp-json\/wp\/v2\/product\/326525","targetHints":{"allow":["GET"]}}],"collection":[{"href":"https:\/\/theuncommonshop.ch\/fr\/wp-json\/wp\/v2\/product"}],"about":[{"href":"https:\/\/theuncommonshop.ch\/fr\/wp-json\/wp\/v2\/types\/product"}],"replies":[{"embeddable":true,"href":"https:\/\/theuncommonshop.ch\/fr\/wp-json\/wp\/v2\/comments?post=326525"}],"version-history":[{"count":2,"href":"https:\/\/theuncommonshop.ch\/fr\/wp-json\/wp\/v2\/product\/326525\/revisions"}],"predecessor-version":[{"id":356232,"href":"https:\/\/theuncommonshop.ch\/fr\/wp-json\/wp\/v2\/product\/326525\/revisions\/356232"}],"wp:featuredmedia":[{"embeddable":true,"href":"https:\/\/theuncommonshop.ch\/fr\/wp-json\/wp\/v2\/media\/102055"}],"wp:attachment":[{"href":"https:\/\/theuncommonshop.ch\/fr\/wp-json\/wp\/v2\/media?parent=326525"}],"wp:term":[{"taxonomy":"product_brand","embeddable":true,"href":"https:\/\/theuncommonshop.ch\/fr\/wp-json\/wp\/v2\/product_brand?post=326525"},{"taxonomy":"product_cat","embeddable":true,"href":"https:\/\/theuncommonshop.ch\/fr\/wp-json\/wp\/v2\/product_cat?post=326525"},{"taxonomy":"product_tag","embeddable":true,"href":"https:\/\/theuncommonshop.ch\/fr\/wp-json\/wp\/v2\/product_tag?post=326525"}],"curies":[{"name":"wp","href":"https:\/\/api.w.org\/{rel}","templated":true}]}}