{"id":326509,"date":"2025-06-04T04:34:47","date_gmt":"2025-06-04T02:34:47","guid":{"rendered":"http:\/\/theuncommonshop.ch\/produkt\/326509\/"},"modified":"2026-03-28T17:43:56","modified_gmt":"2026-03-28T16:43:56","slug":"magic-the-lost-caverns-of-ixalan-lci-gift-bundle-2","status":"publish","type":"product","link":"https:\/\/theuncommonshop.ch\/fr\/product\/magic-the-lost-caverns-of-ixalan-lci-gift-bundle-2\/","title":{"rendered":"Magic &#8211; The Lost Caverns of Ixalan (LCI) &#8211; Gift Bundle"},"content":{"rendered":"<div><strong>Magic &#8211; The Lost Caverns of Ixalan (LCI) &#8211; Gift Bundle<\/strong><\/div>\n<div><\/div>\n<div>OFFREZ LE DON DE MAGIC &#8211; L&#8217;\u00e9dition cadeau est remplie de cartes et d&#8217;accessoires exclusifs, y compris un booster collector rempli de cartes rares, de cartes \u00e0 folio brillantes et de cartes avec des illustrations alternatives, ce qui en fait le cadeau id\u00e9al pour tout fan de Magic.<\/div>\n<div>&#8211; VOYAGEZ AU CENTRE D&#8217;IXALAN &#8211; D\u00e9couvrez de puissantes reliques et des outils pr\u00eats \u00e0 l&#8217;emploi qui vous donneront un avantage sur les dinosaures mortels, les pi\u00e8ges rus\u00e9s et les anciennes divinit\u00e9s du centre de ce monde.<\/div>\n<div>&#8211; CARTE JURASSIC WORLD DANS CHAQUE BO\u00ceTE &#8211; Chaque bo\u00eete contient 1 carte Au-del\u00e0 du multivers Jurassic World Collection repr\u00e9sentant des personnages embl\u00e9matiques et des dinosaures sauvages de la franchise Jurassic World dans une impression de carte traditionnelle brillante en Foil !<\/div>\n<div>&#8211; CARTE EXCLUSIVE AVEC ILLUSTRATION ALTERNATIVE &#8211; Chaque bundle comprend \u00e9galement 1 carte Promo avec une illustration alternative exclusive et une impression de carte Foil traditionnelle brillante.<\/div>\n<div>&#8211; JOUEZ \u00c0 UN JEU QUI MELIE LES ILLUSTRATIONS, L&#8217;HISTOIRE ET LA STRAT\u00c9GIE &#8211; Magic : The Gathering est un jeu de cartes \u00e0 collectionner qui m\u00eale une strat\u00e9gie profonde \u00e0 des illustrations et des m\u00e9canismes qui explorent les th\u00e8mes d&#8217;un monde et d&#8217;une histoire sp\u00e9cifiques &#8211; que vous souhaitiez jouer une partie d\u00e9contract\u00e9e avec des amis, collectionner des cartes cool ou participer \u00e0 des comp\u00e9titions, Magic vous accueille dans The Gathering.<\/div>\n<div>&#8211; CONTENU &#8211; 1 Booster collector, 8 Boosters de set, 1 carte Foil Jurassic World, 1 carte Foil avec une illustration alternative, 40 cartes de pays (20 Foil et 20 non-Foil), 1 compteur de points de vie exclusif Spindown, 1 bo\u00eete de rangement de cartes avec effet Foil et 2 cartes de r\u00e9f\u00e9rence des r\u00e8gles.<\/div>\n<p>&nbsp;<\/p>\n","protected":false},"excerpt":{"rendered":"<p>Magic &#8211; The Lost Caverns of Ixalan (LCI) &#8211; Gift Bundle OFFREZ LE DON DE MAGIC &#8211; L&#8217;\u00e9dition cadeau est<\/p>\n","protected":false},"featured_media":101519,"comment_status":"open","ping_status":"closed","template":"","meta":{"_acf_changed":false},"product_brand":[5158,5070],"product_cat":[9971,10197,9967,9991],"product_tag":[],"class_list":{"0":"post-326509","1":"product","2":"type-product","3":"status-publish","4":"has-post-thumbnail","6":"product_brand-magic-the-gathering","7":"product_brand-wizards-of-the-coast","8":"product_cat-bundles-fr","9":"product_cat-les-cavernes-perdues-dixalan","10":"product_cat-magic-the-gathering-fr","11":"product_cat-produits-par-lots-mtg","13":"first","14":"outofstock","15":"taxable","16":"shipping-taxable","17":"purchasable","18":"product-type-variable"},"acf":[],"yoast_head":"<!-- This site is optimized with the Yoast SEO plugin v27.5 - https:\/\/yoast.com\/product\/yoast-seo-wordpress\/ -->\n<title>Ach\u00e8te Magic - The Lost Caverns of Ixalan (LCI) - Gift Bundle<\/title>\n<meta name=\"description\" content=\"Ach\u00e8te Magic - The Lost Caverns of Ixalan (LCI) - Gift Bundle en ligne maintenant \u00e0 petit prix! Ton #1 shop pour cartes TCG &amp; Pok\u00e9mon en Suisse \u2713 Livraison gratuite d\u00e8s CHF 29\" \/>\n<meta name=\"robots\" content=\"index, follow, max-snippet:-1, max-image-preview:large, max-video-preview:-1\" \/>\n<link rel=\"canonical\" href=\"https:\/\/theuncommonshop.ch\/fr\/product\/magic-the-lost-caverns-of-ixalan-lci-gift-bundle-2\/\" \/>\n<meta property=\"og:locale\" content=\"fr_FR\" \/>\n<meta property=\"og:type\" content=\"article\" \/>\n<meta property=\"og:title\" content=\"Ach\u00e8te Magic - The Lost Caverns of Ixalan (LCI) - Gift Bundle\" \/>\n<meta property=\"og:description\" content=\"Ach\u00e8te Magic - The Lost Caverns of Ixalan (LCI) - Gift Bundle en ligne maintenant \u00e0 petit prix! Ton #1 shop pour cartes TCG &amp; Pok\u00e9mon en Suisse \u2713 Livraison gratuite d\u00e8s CHF 29\" \/>\n<meta property=\"og:url\" content=\"https:\/\/theuncommonshop.ch\/fr\/product\/magic-the-lost-caverns-of-ixalan-lci-gift-bundle-2\/\" \/>\n<meta property=\"og:site_name\" content=\"The Uncommon Shop\" \/>\n<meta property=\"article:modified_time\" content=\"2026-03-28T16:43:56+00:00\" \/>\n<meta property=\"og:image\" content=\"https:\/\/theuncommonshop.ch\/wp-content\/uploads\/2025\/06\/3883251152.jpg\" \/>\n\t<meta property=\"og:image:width\" content=\"575\" \/>\n\t<meta property=\"og:image:height\" content=\"434\" \/>\n\t<meta property=\"og:image:type\" content=\"image\/jpeg\" \/>\n<meta name=\"twitter:card\" content=\"summary_large_image\" \/>\n<meta name=\"twitter:label1\" content=\"Disponibilit\u00e9\" \/>\n\t<meta name=\"twitter:data1\" content=\"Rupture de stock\" \/>\n<script type=\"application\/ld+json\" class=\"yoast-schema-graph\">{\"@context\":\"https:\\\/\\\/schema.org\",\"@graph\":[{\"@type\":\"WebPage\",\"@id\":\"https:\\\/\\\/theuncommonshop.ch\\\/fr\\\/product\\\/magic-the-lost-caverns-of-ixalan-lci-gift-bundle-2\\\/\",\"url\":\"https:\\\/\\\/theuncommonshop.ch\\\/fr\\\/product\\\/magic-the-lost-caverns-of-ixalan-lci-gift-bundle-2\\\/\",\"name\":\"Ach\u00e8te Magic - The Lost Caverns of Ixalan (LCI) - Gift Bundle\",\"isPartOf\":{\"@id\":\"https:\\\/\\\/theuncommonshop.ch\\\/fr\\\/#website\"},\"primaryImageOfPage\":{\"@id\":\"https:\\\/\\\/theuncommonshop.ch\\\/fr\\\/product\\\/magic-the-lost-caverns-of-ixalan-lci-gift-bundle-2\\\/#primaryimage\"},\"image\":{\"@id\":\"https:\\\/\\\/theuncommonshop.ch\\\/fr\\\/product\\\/magic-the-lost-caverns-of-ixalan-lci-gift-bundle-2\\\/#primaryimage\"},\"thumbnailUrl\":\"https:\\\/\\\/theuncommonshop.ch\\\/wp-content\\\/uploads\\\/2025\\\/06\\\/3883251152.jpg\",\"datePublished\":\"2025-06-04T02:34:47+00:00\",\"dateModified\":\"2026-03-28T16:43:56+00:00\",\"description\":\"Ach\u00e8te Magic - The Lost Caverns of Ixalan (LCI) - Gift Bundle en ligne maintenant \u00e0 petit prix! Ton #1 shop pour cartes TCG & Pok\u00e9mon en Suisse \u2713 Livraison gratuite d\u00e8s CHF 29\",\"breadcrumb\":{\"@id\":\"https:\\\/\\\/theuncommonshop.ch\\\/fr\\\/product\\\/magic-the-lost-caverns-of-ixalan-lci-gift-bundle-2\\\/#breadcrumb\"},\"inLanguage\":\"fr-FR\",\"potentialAction\":[{\"@type\":\"ReadAction\",\"target\":[\"https:\\\/\\\/theuncommonshop.ch\\\/fr\\\/product\\\/magic-the-lost-caverns-of-ixalan-lci-gift-bundle-2\\\/\"]}]},{\"@type\":\"ImageObject\",\"inLanguage\":\"fr-FR\",\"@id\":\"https:\\\/\\\/theuncommonshop.ch\\\/fr\\\/product\\\/magic-the-lost-caverns-of-ixalan-lci-gift-bundle-2\\\/#primaryimage\",\"url\":\"https:\\\/\\\/theuncommonshop.ch\\\/wp-content\\\/uploads\\\/2025\\\/06\\\/3883251152.jpg\",\"contentUrl\":\"https:\\\/\\\/theuncommonshop.ch\\\/wp-content\\\/uploads\\\/2025\\\/06\\\/3883251152.jpg\",\"width\":575,\"height\":434},{\"@type\":\"BreadcrumbList\",\"@id\":\"https:\\\/\\\/theuncommonshop.ch\\\/fr\\\/product\\\/magic-the-lost-caverns-of-ixalan-lci-gift-bundle-2\\\/#breadcrumb\",\"itemListElement\":[{\"@type\":\"ListItem\",\"position\":1,\"name\":\"Accueil\",\"item\":\"https:\\\/\\\/theuncommonshop.ch\\\/fr\\\/accueil\\\/\"},{\"@type\":\"ListItem\",\"position\":2,\"name\":\"Boutique\",\"item\":\"https:\\\/\\\/theuncommonshop.ch\\\/fr\\\/boutique\\\/\"},{\"@type\":\"ListItem\",\"position\":3,\"name\":\"Magic the Gathering\",\"item\":\"https:\\\/\\\/theuncommonshop.ch\\\/fr\\\/categorie-produit\\\/magic-the-gathering-fr\\\/\"},{\"@type\":\"ListItem\",\"position\":4,\"name\":\"Produits par lots\",\"item\":\"https:\\\/\\\/theuncommonshop.ch\\\/fr\\\/categorie-produit\\\/magic-the-gathering-fr\\\/produits-par-lots-mtg\\\/\"},{\"@type\":\"ListItem\",\"position\":5,\"name\":\"Les cavernes perdues d'Ixalan\",\"item\":\"https:\\\/\\\/theuncommonshop.ch\\\/fr\\\/categorie-produit\\\/magic-the-gathering-fr\\\/produits-par-lots-mtg\\\/les-cavernes-perdues-dixalan\\\/\"},{\"@type\":\"ListItem\",\"position\":6,\"name\":\"Magic &#8211; The Lost Caverns of Ixalan (LCI) &#8211; Gift Bundle\"}]},{\"@type\":\"WebSite\",\"@id\":\"https:\\\/\\\/theuncommonshop.ch\\\/fr\\\/#website\",\"url\":\"https:\\\/\\\/theuncommonshop.ch\\\/fr\\\/\",\"name\":\"The Uncommon Shop\",\"description\":\"Magic, Pok\u00e9mon and Yu-gi-oh - The Uncommon Shop\",\"potentialAction\":[{\"@type\":\"SearchAction\",\"target\":{\"@type\":\"EntryPoint\",\"urlTemplate\":\"https:\\\/\\\/theuncommonshop.ch\\\/fr\\\/?s={search_term_string}\"},\"query-input\":{\"@type\":\"PropertyValueSpecification\",\"valueRequired\":true,\"valueName\":\"search_term_string\"}}],\"inLanguage\":\"fr-FR\"}]}<\/script>\n<meta property=\"og:availability\" content=\"out of stock\" \/>\n<meta property=\"product:availability\" content=\"out of stock\" \/>\n<meta property=\"product:condition\" content=\"new\" \/>\n<!-- \/ Yoast SEO plugin. -->","yoast_head_json":{"title":"Ach\u00e8te Magic - The Lost Caverns of Ixalan (LCI) - Gift Bundle","description":"Ach\u00e8te Magic - The Lost Caverns of Ixalan (LCI) - Gift Bundle en ligne maintenant \u00e0 petit prix! Ton #1 shop pour cartes TCG & Pok\u00e9mon en Suisse \u2713 Livraison gratuite d\u00e8s CHF 29","robots":{"index":"index","follow":"follow","max-snippet":"max-snippet:-1","max-image-preview":"max-image-preview:large","max-video-preview":"max-video-preview:-1"},"canonical":"https:\/\/theuncommonshop.ch\/fr\/product\/magic-the-lost-caverns-of-ixalan-lci-gift-bundle-2\/","og_locale":"fr_FR","og_type":"article","og_title":"Ach\u00e8te Magic - The Lost Caverns of Ixalan (LCI) - Gift Bundle","og_description":"Ach\u00e8te Magic - The Lost Caverns of Ixalan (LCI) - Gift Bundle en ligne maintenant \u00e0 petit prix! Ton #1 shop pour cartes TCG & Pok\u00e9mon en Suisse \u2713 Livraison gratuite d\u00e8s CHF 29","og_url":"https:\/\/theuncommonshop.ch\/fr\/product\/magic-the-lost-caverns-of-ixalan-lci-gift-bundle-2\/","og_site_name":"The Uncommon Shop","article_modified_time":"2026-03-28T16:43:56+00:00","og_image":[{"width":575,"height":434,"url":"https:\/\/theuncommonshop.ch\/wp-content\/uploads\/2025\/06\/3883251152.jpg","type":"image\/jpeg"}],"twitter_card":"summary_large_image","twitter_misc":{"Disponibilit\u00e9":"Rupture de stock"},"schema":{"@context":"https:\/\/schema.org","@graph":[{"@type":"WebPage","@id":"https:\/\/theuncommonshop.ch\/fr\/product\/magic-the-lost-caverns-of-ixalan-lci-gift-bundle-2\/","url":"https:\/\/theuncommonshop.ch\/fr\/product\/magic-the-lost-caverns-of-ixalan-lci-gift-bundle-2\/","name":"Ach\u00e8te Magic - The Lost Caverns of Ixalan (LCI) - Gift Bundle","isPartOf":{"@id":"https:\/\/theuncommonshop.ch\/fr\/#website"},"primaryImageOfPage":{"@id":"https:\/\/theuncommonshop.ch\/fr\/product\/magic-the-lost-caverns-of-ixalan-lci-gift-bundle-2\/#primaryimage"},"image":{"@id":"https:\/\/theuncommonshop.ch\/fr\/product\/magic-the-lost-caverns-of-ixalan-lci-gift-bundle-2\/#primaryimage"},"thumbnailUrl":"https:\/\/theuncommonshop.ch\/wp-content\/uploads\/2025\/06\/3883251152.jpg","datePublished":"2025-06-04T02:34:47+00:00","dateModified":"2026-03-28T16:43:56+00:00","description":"Ach\u00e8te Magic - The Lost Caverns of Ixalan (LCI) - Gift Bundle en ligne maintenant \u00e0 petit prix! Ton #1 shop pour cartes TCG & Pok\u00e9mon en Suisse \u2713 Livraison gratuite d\u00e8s CHF 29","breadcrumb":{"@id":"https:\/\/theuncommonshop.ch\/fr\/product\/magic-the-lost-caverns-of-ixalan-lci-gift-bundle-2\/#breadcrumb"},"inLanguage":"fr-FR","potentialAction":[{"@type":"ReadAction","target":["https:\/\/theuncommonshop.ch\/fr\/product\/magic-the-lost-caverns-of-ixalan-lci-gift-bundle-2\/"]}]},{"@type":"ImageObject","inLanguage":"fr-FR","@id":"https:\/\/theuncommonshop.ch\/fr\/product\/magic-the-lost-caverns-of-ixalan-lci-gift-bundle-2\/#primaryimage","url":"https:\/\/theuncommonshop.ch\/wp-content\/uploads\/2025\/06\/3883251152.jpg","contentUrl":"https:\/\/theuncommonshop.ch\/wp-content\/uploads\/2025\/06\/3883251152.jpg","width":575,"height":434},{"@type":"BreadcrumbList","@id":"https:\/\/theuncommonshop.ch\/fr\/product\/magic-the-lost-caverns-of-ixalan-lci-gift-bundle-2\/#breadcrumb","itemListElement":[{"@type":"ListItem","position":1,"name":"Accueil","item":"https:\/\/theuncommonshop.ch\/fr\/accueil\/"},{"@type":"ListItem","position":2,"name":"Boutique","item":"https:\/\/theuncommonshop.ch\/fr\/boutique\/"},{"@type":"ListItem","position":3,"name":"Magic the Gathering","item":"https:\/\/theuncommonshop.ch\/fr\/categorie-produit\/magic-the-gathering-fr\/"},{"@type":"ListItem","position":4,"name":"Produits par lots","item":"https:\/\/theuncommonshop.ch\/fr\/categorie-produit\/magic-the-gathering-fr\/produits-par-lots-mtg\/"},{"@type":"ListItem","position":5,"name":"Les cavernes perdues d'Ixalan","item":"https:\/\/theuncommonshop.ch\/fr\/categorie-produit\/magic-the-gathering-fr\/produits-par-lots-mtg\/les-cavernes-perdues-dixalan\/"},{"@type":"ListItem","position":6,"name":"Magic &#8211; The Lost Caverns of Ixalan (LCI) &#8211; Gift Bundle"}]},{"@type":"WebSite","@id":"https:\/\/theuncommonshop.ch\/fr\/#website","url":"https:\/\/theuncommonshop.ch\/fr\/","name":"The Uncommon Shop","description":"Magic, Pok\u00e9mon and Yu-gi-oh - The Uncommon Shop","potentialAction":[{"@type":"SearchAction","target":{"@type":"EntryPoint","urlTemplate":"https:\/\/theuncommonshop.ch\/fr\/?s={search_term_string}"},"query-input":{"@type":"PropertyValueSpecification","valueRequired":true,"valueName":"search_term_string"}}],"inLanguage":"fr-FR"}]},"og_availability":"out of stock","product_availability":"out of stock","product_condition":"new"},"_links":{"self":[{"href":"https:\/\/theuncommonshop.ch\/fr\/wp-json\/wp\/v2\/product\/326509","targetHints":{"allow":["GET"]}}],"collection":[{"href":"https:\/\/theuncommonshop.ch\/fr\/wp-json\/wp\/v2\/product"}],"about":[{"href":"https:\/\/theuncommonshop.ch\/fr\/wp-json\/wp\/v2\/types\/product"}],"replies":[{"embeddable":true,"href":"https:\/\/theuncommonshop.ch\/fr\/wp-json\/wp\/v2\/comments?post=326509"}],"version-history":[{"count":0,"href":"https:\/\/theuncommonshop.ch\/fr\/wp-json\/wp\/v2\/product\/326509\/revisions"}],"wp:featuredmedia":[{"embeddable":true,"href":"https:\/\/theuncommonshop.ch\/fr\/wp-json\/wp\/v2\/media\/101519"}],"wp:attachment":[{"href":"https:\/\/theuncommonshop.ch\/fr\/wp-json\/wp\/v2\/media?parent=326509"}],"wp:term":[{"taxonomy":"product_brand","embeddable":true,"href":"https:\/\/theuncommonshop.ch\/fr\/wp-json\/wp\/v2\/product_brand?post=326509"},{"taxonomy":"product_cat","embeddable":true,"href":"https:\/\/theuncommonshop.ch\/fr\/wp-json\/wp\/v2\/product_cat?post=326509"},{"taxonomy":"product_tag","embeddable":true,"href":"https:\/\/theuncommonshop.ch\/fr\/wp-json\/wp\/v2\/product_tag?post=326509"}],"curies":[{"name":"wp","href":"https:\/\/api.w.org\/{rel}","templated":true}]}}