{"id":326318,"date":"2025-06-03T14:00:56","date_gmt":"2025-06-03T12:00:56","guid":{"rendered":"http:\/\/theuncommonshop.ch\/produkt\/326318\/"},"modified":"2026-03-28T18:12:03","modified_gmt":"2026-03-28T17:12:03","slug":"pokemon-vmax-vstar-kampfbox-zeraora-deoxys-en-2","status":"publish","type":"product","link":"https:\/\/theuncommonshop.ch\/fr\/product\/pokemon-vmax-vstar-kampfbox-zeraora-deoxys-en-2\/","title":{"rendered":"Pok\u00e9mon &#8211; Bo\u00eete de combat VMAX &amp; VSTAR &#8211; Zeraora\/Deoxys &#8211; EN"},"content":{"rendered":"<p><strong><iframe width=\"500\" height=\"281\" src=\"https:\/\/www.youtube.com\/embed\/amiO047YrRI\" frameborder=\"0\" allowfullscreen=\"\"><\/iframe><br \/><\/strong><\/p>\n<p><strong><\/strong><strong>Pok\u00e9mon TCG : Bo\u00eete de combat Zeraora VMAX &amp; VSTAR<\/strong><\/p>\n<div><em>Choisissez votre forme de combat avec Deoxys ou envoyez la temp\u00eate avec Zeraora !<\/em><\/div>\n<div>Choisissez un Pok\u00e9mon Mythique pour vous aider &#8211; chacun d&#8217;entre eux vient sous la forme d&#8217;un trio de puissants Pok\u00e9mon V qui peuvent faire passer votre deck au niveau sup\u00e9rieur ! Vous pouvez faire \u00e9voluer Deoxys V pour profiter des HP \u00e9lev\u00e9s de Deoxys VMAX en mode D\u00e9fense ou de la puissance VSTAR d\u00e9vastatrice de Deoxys VSTAR en mode Attaque &#8211; ou faire \u00e9voluer Zeraora V pour contrer la strat\u00e9gie de votre adversaire avec les attaques coriaces de Zeraora VMAX ou la puissance VSTAR fulgurante de Zeraora VSTAR. Vous trouverez \u00e9galement une fantastique carte surdimensionn\u00e9e repr\u00e9sentant chaque Pok\u00e9mon VSTAR, des Booster Packs, un guide de strat\u00e9gie et un marqueur VSTAR pour le combat.  <\/div>\n<p><\/p>\n<div><strong>Chaque Pok\u00e9mon TCG : Deoxys\/Zeraora VMAX &amp; VSTAR Battle Box contient :<\/strong><\/div>\n<ul>\n<li>1 carte promotionnelle \u00e0 transparents avec Deoxys V ou Zeraora V<\/li>\n<li>1 carte promotionnelle grav\u00e9e sur film avec Deoxys VMAX ou Zeraora VMAX<\/li>\n<li>1 carte de promotion de film grav\u00e9 avec Deoxys VSTAR ou Zeraora VSTAR<\/li>\n<li>1 carte foil surdimensionn\u00e9e grav\u00e9e avec Deoxys VSTAR ou Zeraora VSTAR<\/li>\n<li>4 Booster Packs Pok\u00e9mon TCG<\/li>\n<li>Un guide de strat\u00e9gie pour utiliser ces cartes afin d&#8217;am\u00e9liorer votre deck<\/li>\n<li>1 marqueur VSTAR acrylique<\/li>\n<li>Une carte de code pour Pok\u00e9mon TCG Live<\/li>\n<\/ul>\n","protected":false},"excerpt":{"rendered":"<p>Pok\u00e9mon TCG : Bo\u00eete de combat Zeraora VMAX &amp; VSTAR Choisissez votre forme de combat avec Deoxys ou envoyez la<\/p>\n","protected":false},"featured_media":81114,"comment_status":"open","ping_status":"closed","template":"","meta":{"_acf_changed":false},"product_brand":[5072],"product_cat":[9811,9777],"product_tag":[],"class_list":{"0":"post-326318","1":"product","2":"type-product","3":"status-publish","4":"has-post-thumbnail","6":"product_brand-the-pokemon-company","7":"product_cat-coffrets-et-collections-pokemon","8":"product_cat-pokemon-fr","10":"first","11":"outofstock","12":"taxable","13":"shipping-taxable","14":"purchasable","15":"product-type-variable"},"acf":[],"yoast_head":"<!-- This site is optimized with the Yoast SEO plugin v27.5 - https:\/\/yoast.com\/product\/yoast-seo-wordpress\/ -->\n<title>Ach\u00e8te Pok\u00e9mon - Bo\u00eete de combat VMAX &amp; VSTAR - Zeraora\/Deoxys - EN<\/title>\n<meta name=\"description\" content=\"Ach\u00e8te Pok\u00e9mon - Bo\u00eete de combat VMAX &amp; VSTAR - Zeraora\/Deoxys - EN en ligne maintenant \u00e0 petit prix! Ton #1 shop pour cartes TCG &amp; Pok\u00e9mon en Suisse \u2713 Livraison gratuite d\u00e8s CHF 29\" \/>\n<meta name=\"robots\" content=\"index, follow, max-snippet:-1, max-image-preview:large, max-video-preview:-1\" \/>\n<link rel=\"canonical\" href=\"https:\/\/theuncommonshop.ch\/fr\/product\/pokemon-vmax-vstar-kampfbox-zeraora-deoxys-en-2\/\" \/>\n<meta property=\"og:locale\" content=\"fr_FR\" \/>\n<meta property=\"og:type\" content=\"article\" \/>\n<meta property=\"og:title\" content=\"Ach\u00e8te Pok\u00e9mon - Bo\u00eete de combat VMAX &amp; VSTAR - Zeraora\/Deoxys - EN\" \/>\n<meta property=\"og:description\" content=\"Ach\u00e8te Pok\u00e9mon - Bo\u00eete de combat VMAX &amp; VSTAR - Zeraora\/Deoxys - EN en ligne maintenant \u00e0 petit prix! Ton #1 shop pour cartes TCG &amp; Pok\u00e9mon en Suisse \u2713 Livraison gratuite d\u00e8s CHF 29\" \/>\n<meta property=\"og:url\" content=\"https:\/\/theuncommonshop.ch\/fr\/product\/pokemon-vmax-vstar-kampfbox-zeraora-deoxys-en-2\/\" \/>\n<meta property=\"og:site_name\" content=\"The Uncommon Shop\" \/>\n<meta property=\"article:modified_time\" content=\"2026-03-28T17:12:03+00:00\" \/>\n<meta property=\"og:image\" content=\"https:\/\/theuncommonshop.ch\/wp-content\/uploads\/2025\/06\/3816300236.jpg\" \/>\n\t<meta property=\"og:image:width\" content=\"900\" \/>\n\t<meta property=\"og:image:height\" content=\"900\" \/>\n\t<meta property=\"og:image:type\" content=\"image\/jpeg\" \/>\n<meta name=\"twitter:card\" content=\"summary_large_image\" \/>\n<meta name=\"twitter:label1\" content=\"Disponibilit\u00e9\" \/>\n\t<meta name=\"twitter:data1\" content=\"Rupture de stock\" \/>\n<script type=\"application\/ld+json\" class=\"yoast-schema-graph\">{\"@context\":\"https:\\\/\\\/schema.org\",\"@graph\":[{\"@type\":\"WebPage\",\"@id\":\"https:\\\/\\\/theuncommonshop.ch\\\/fr\\\/product\\\/pokemon-vmax-vstar-kampfbox-zeraora-deoxys-en-2\\\/\",\"url\":\"https:\\\/\\\/theuncommonshop.ch\\\/fr\\\/product\\\/pokemon-vmax-vstar-kampfbox-zeraora-deoxys-en-2\\\/\",\"name\":\"Ach\u00e8te Pok\u00e9mon - Bo\u00eete de combat VMAX &amp; VSTAR - Zeraora\\\/Deoxys - EN\",\"isPartOf\":{\"@id\":\"https:\\\/\\\/theuncommonshop.ch\\\/fr\\\/#website\"},\"primaryImageOfPage\":{\"@id\":\"https:\\\/\\\/theuncommonshop.ch\\\/fr\\\/product\\\/pokemon-vmax-vstar-kampfbox-zeraora-deoxys-en-2\\\/#primaryimage\"},\"image\":{\"@id\":\"https:\\\/\\\/theuncommonshop.ch\\\/fr\\\/product\\\/pokemon-vmax-vstar-kampfbox-zeraora-deoxys-en-2\\\/#primaryimage\"},\"thumbnailUrl\":\"https:\\\/\\\/theuncommonshop.ch\\\/wp-content\\\/uploads\\\/2025\\\/06\\\/3816300236.jpg\",\"datePublished\":\"2025-06-03T12:00:56+00:00\",\"dateModified\":\"2026-03-28T17:12:03+00:00\",\"description\":\"Ach\u00e8te Pok\u00e9mon - Bo\u00eete de combat VMAX &amp; VSTAR - Zeraora\\\/Deoxys - EN en ligne maintenant \u00e0 petit prix! Ton #1 shop pour cartes TCG & Pok\u00e9mon en Suisse \u2713 Livraison gratuite d\u00e8s CHF 29\",\"breadcrumb\":{\"@id\":\"https:\\\/\\\/theuncommonshop.ch\\\/fr\\\/product\\\/pokemon-vmax-vstar-kampfbox-zeraora-deoxys-en-2\\\/#breadcrumb\"},\"inLanguage\":\"fr-FR\",\"potentialAction\":[{\"@type\":\"ReadAction\",\"target\":[\"https:\\\/\\\/theuncommonshop.ch\\\/fr\\\/product\\\/pokemon-vmax-vstar-kampfbox-zeraora-deoxys-en-2\\\/\"]}]},{\"@type\":\"ImageObject\",\"inLanguage\":\"fr-FR\",\"@id\":\"https:\\\/\\\/theuncommonshop.ch\\\/fr\\\/product\\\/pokemon-vmax-vstar-kampfbox-zeraora-deoxys-en-2\\\/#primaryimage\",\"url\":\"https:\\\/\\\/theuncommonshop.ch\\\/wp-content\\\/uploads\\\/2025\\\/06\\\/3816300236.jpg\",\"contentUrl\":\"https:\\\/\\\/theuncommonshop.ch\\\/wp-content\\\/uploads\\\/2025\\\/06\\\/3816300236.jpg\",\"width\":900,\"height\":900},{\"@type\":\"BreadcrumbList\",\"@id\":\"https:\\\/\\\/theuncommonshop.ch\\\/fr\\\/product\\\/pokemon-vmax-vstar-kampfbox-zeraora-deoxys-en-2\\\/#breadcrumb\",\"itemListElement\":[{\"@type\":\"ListItem\",\"position\":1,\"name\":\"Accueil\",\"item\":\"https:\\\/\\\/theuncommonshop.ch\\\/fr\\\/accueil\\\/\"},{\"@type\":\"ListItem\",\"position\":2,\"name\":\"Boutique\",\"item\":\"https:\\\/\\\/theuncommonshop.ch\\\/fr\\\/boutique\\\/\"},{\"@type\":\"ListItem\",\"position\":3,\"name\":\"Pok\u00e9mon\",\"item\":\"https:\\\/\\\/theuncommonshop.ch\\\/fr\\\/categorie-produit\\\/pokemon-fr\\\/\"},{\"@type\":\"ListItem\",\"position\":4,\"name\":\"Coffrets & collections\",\"item\":\"https:\\\/\\\/theuncommonshop.ch\\\/fr\\\/categorie-produit\\\/pokemon-fr\\\/coffrets-et-collections-pokemon\\\/\"},{\"@type\":\"ListItem\",\"position\":5,\"name\":\"Pok\u00e9mon &#8211; Bo\u00eete de combat VMAX &amp; VSTAR &#8211; Zeraora\\\/Deoxys &#8211; EN\"}]},{\"@type\":\"WebSite\",\"@id\":\"https:\\\/\\\/theuncommonshop.ch\\\/fr\\\/#website\",\"url\":\"https:\\\/\\\/theuncommonshop.ch\\\/fr\\\/\",\"name\":\"The Uncommon Shop\",\"description\":\"Magic, Pok\u00e9mon and Yu-gi-oh - The Uncommon Shop\",\"potentialAction\":[{\"@type\":\"SearchAction\",\"target\":{\"@type\":\"EntryPoint\",\"urlTemplate\":\"https:\\\/\\\/theuncommonshop.ch\\\/fr\\\/?s={search_term_string}\"},\"query-input\":{\"@type\":\"PropertyValueSpecification\",\"valueRequired\":true,\"valueName\":\"search_term_string\"}}],\"inLanguage\":\"fr-FR\"}]}<\/script>\n<meta property=\"og:availability\" content=\"out of stock\" \/>\n<meta property=\"product:availability\" content=\"out of stock\" \/>\n<meta property=\"product:retailer_item_id\" content=\"PO.III.B.VSTARKampfBox.EN\" \/>\n<meta property=\"product:condition\" content=\"new\" \/>\n<!-- \/ Yoast SEO plugin. -->","yoast_head_json":{"title":"Ach\u00e8te Pok\u00e9mon - Bo\u00eete de combat VMAX &amp; VSTAR - Zeraora\/Deoxys - EN","description":"Ach\u00e8te Pok\u00e9mon - Bo\u00eete de combat VMAX &amp; VSTAR - Zeraora\/Deoxys - EN en ligne maintenant \u00e0 petit prix! Ton #1 shop pour cartes TCG & Pok\u00e9mon en Suisse \u2713 Livraison gratuite d\u00e8s CHF 29","robots":{"index":"index","follow":"follow","max-snippet":"max-snippet:-1","max-image-preview":"max-image-preview:large","max-video-preview":"max-video-preview:-1"},"canonical":"https:\/\/theuncommonshop.ch\/fr\/product\/pokemon-vmax-vstar-kampfbox-zeraora-deoxys-en-2\/","og_locale":"fr_FR","og_type":"article","og_title":"Ach\u00e8te Pok\u00e9mon - Bo\u00eete de combat VMAX &amp; VSTAR - Zeraora\/Deoxys - EN","og_description":"Ach\u00e8te Pok\u00e9mon - Bo\u00eete de combat VMAX &amp; VSTAR - Zeraora\/Deoxys - EN en ligne maintenant \u00e0 petit prix! Ton #1 shop pour cartes TCG & Pok\u00e9mon en Suisse \u2713 Livraison gratuite d\u00e8s CHF 29","og_url":"https:\/\/theuncommonshop.ch\/fr\/product\/pokemon-vmax-vstar-kampfbox-zeraora-deoxys-en-2\/","og_site_name":"The Uncommon Shop","article_modified_time":"2026-03-28T17:12:03+00:00","og_image":[{"width":900,"height":900,"url":"https:\/\/theuncommonshop.ch\/wp-content\/uploads\/2025\/06\/3816300236.jpg","type":"image\/jpeg"}],"twitter_card":"summary_large_image","twitter_misc":{"Disponibilit\u00e9":"Rupture de stock"},"schema":{"@context":"https:\/\/schema.org","@graph":[{"@type":"WebPage","@id":"https:\/\/theuncommonshop.ch\/fr\/product\/pokemon-vmax-vstar-kampfbox-zeraora-deoxys-en-2\/","url":"https:\/\/theuncommonshop.ch\/fr\/product\/pokemon-vmax-vstar-kampfbox-zeraora-deoxys-en-2\/","name":"Ach\u00e8te Pok\u00e9mon - Bo\u00eete de combat VMAX &amp; VSTAR - Zeraora\/Deoxys - EN","isPartOf":{"@id":"https:\/\/theuncommonshop.ch\/fr\/#website"},"primaryImageOfPage":{"@id":"https:\/\/theuncommonshop.ch\/fr\/product\/pokemon-vmax-vstar-kampfbox-zeraora-deoxys-en-2\/#primaryimage"},"image":{"@id":"https:\/\/theuncommonshop.ch\/fr\/product\/pokemon-vmax-vstar-kampfbox-zeraora-deoxys-en-2\/#primaryimage"},"thumbnailUrl":"https:\/\/theuncommonshop.ch\/wp-content\/uploads\/2025\/06\/3816300236.jpg","datePublished":"2025-06-03T12:00:56+00:00","dateModified":"2026-03-28T17:12:03+00:00","description":"Ach\u00e8te Pok\u00e9mon - Bo\u00eete de combat VMAX &amp; VSTAR - Zeraora\/Deoxys - EN en ligne maintenant \u00e0 petit prix! Ton #1 shop pour cartes TCG & Pok\u00e9mon en Suisse \u2713 Livraison gratuite d\u00e8s CHF 29","breadcrumb":{"@id":"https:\/\/theuncommonshop.ch\/fr\/product\/pokemon-vmax-vstar-kampfbox-zeraora-deoxys-en-2\/#breadcrumb"},"inLanguage":"fr-FR","potentialAction":[{"@type":"ReadAction","target":["https:\/\/theuncommonshop.ch\/fr\/product\/pokemon-vmax-vstar-kampfbox-zeraora-deoxys-en-2\/"]}]},{"@type":"ImageObject","inLanguage":"fr-FR","@id":"https:\/\/theuncommonshop.ch\/fr\/product\/pokemon-vmax-vstar-kampfbox-zeraora-deoxys-en-2\/#primaryimage","url":"https:\/\/theuncommonshop.ch\/wp-content\/uploads\/2025\/06\/3816300236.jpg","contentUrl":"https:\/\/theuncommonshop.ch\/wp-content\/uploads\/2025\/06\/3816300236.jpg","width":900,"height":900},{"@type":"BreadcrumbList","@id":"https:\/\/theuncommonshop.ch\/fr\/product\/pokemon-vmax-vstar-kampfbox-zeraora-deoxys-en-2\/#breadcrumb","itemListElement":[{"@type":"ListItem","position":1,"name":"Accueil","item":"https:\/\/theuncommonshop.ch\/fr\/accueil\/"},{"@type":"ListItem","position":2,"name":"Boutique","item":"https:\/\/theuncommonshop.ch\/fr\/boutique\/"},{"@type":"ListItem","position":3,"name":"Pok\u00e9mon","item":"https:\/\/theuncommonshop.ch\/fr\/categorie-produit\/pokemon-fr\/"},{"@type":"ListItem","position":4,"name":"Coffrets & collections","item":"https:\/\/theuncommonshop.ch\/fr\/categorie-produit\/pokemon-fr\/coffrets-et-collections-pokemon\/"},{"@type":"ListItem","position":5,"name":"Pok\u00e9mon &#8211; Bo\u00eete de combat VMAX &amp; VSTAR &#8211; Zeraora\/Deoxys &#8211; EN"}]},{"@type":"WebSite","@id":"https:\/\/theuncommonshop.ch\/fr\/#website","url":"https:\/\/theuncommonshop.ch\/fr\/","name":"The Uncommon Shop","description":"Magic, Pok\u00e9mon and Yu-gi-oh - The Uncommon Shop","potentialAction":[{"@type":"SearchAction","target":{"@type":"EntryPoint","urlTemplate":"https:\/\/theuncommonshop.ch\/fr\/?s={search_term_string}"},"query-input":{"@type":"PropertyValueSpecification","valueRequired":true,"valueName":"search_term_string"}}],"inLanguage":"fr-FR"}]},"og_availability":"out of stock","product_availability":"out of stock","product_retailer_item_id":"PO.III.B.VSTARKampfBox.EN","product_condition":"new"},"_links":{"self":[{"href":"https:\/\/theuncommonshop.ch\/fr\/wp-json\/wp\/v2\/product\/326318","targetHints":{"allow":["GET"]}}],"collection":[{"href":"https:\/\/theuncommonshop.ch\/fr\/wp-json\/wp\/v2\/product"}],"about":[{"href":"https:\/\/theuncommonshop.ch\/fr\/wp-json\/wp\/v2\/types\/product"}],"replies":[{"embeddable":true,"href":"https:\/\/theuncommonshop.ch\/fr\/wp-json\/wp\/v2\/comments?post=326318"}],"version-history":[{"count":0,"href":"https:\/\/theuncommonshop.ch\/fr\/wp-json\/wp\/v2\/product\/326318\/revisions"}],"wp:featuredmedia":[{"embeddable":true,"href":"https:\/\/theuncommonshop.ch\/fr\/wp-json\/wp\/v2\/media\/81114"}],"wp:attachment":[{"href":"https:\/\/theuncommonshop.ch\/fr\/wp-json\/wp\/v2\/media?parent=326318"}],"wp:term":[{"taxonomy":"product_brand","embeddable":true,"href":"https:\/\/theuncommonshop.ch\/fr\/wp-json\/wp\/v2\/product_brand?post=326318"},{"taxonomy":"product_cat","embeddable":true,"href":"https:\/\/theuncommonshop.ch\/fr\/wp-json\/wp\/v2\/product_cat?post=326318"},{"taxonomy":"product_tag","embeddable":true,"href":"https:\/\/theuncommonshop.ch\/fr\/wp-json\/wp\/v2\/product_tag?post=326318"}],"curies":[{"name":"wp","href":"https:\/\/api.w.org\/{rel}","templated":true}]}}