{"id":325915,"date":"2025-06-03T23:37:43","date_gmt":"2025-06-03T21:37:43","guid":{"rendered":"http:\/\/theuncommonshop.ch\/produkt\/325915\/"},"modified":"2026-03-28T17:55:59","modified_gmt":"2026-03-28T16:55:59","slug":"yu-gi-oh-secrets-of-eternity-super-edtition-box-2","status":"publish","type":"product","link":"https:\/\/theuncommonshop.ch\/fr\/product\/yu-gi-oh-secrets-of-eternity-super-edtition-box-2\/","title":{"rendered":"Yu-Gi-Oh ! &#8211; Secrets of Eternity Super \u00c9dition &#8211; Coffret"},"content":{"rendered":"<p>Une Super Edition offre aux duellistes un excellent rapport qualit\u00e9\/prix ! Chaque Booster Pack de la <i>Super Edition de Secrets of Eternity<\/i> contient 28 cartes &#8211; soit trois Packs de <i>Secrets of Eternity<\/i> en un, plus 1 des 14 cartes Super Rares &#8211; un bon renfort pour tout deck ! <\/p>\n<p>Secrets of Eternity offre des renforts pour des th\u00e8mes de tournoi populaires comme Ab\u00eeme ardent, Marionnettes de l&#8217;ombre ou Chevaliers des \u00e9toiles, mais donne \u00e9galement un aper\u00e7u des secrets de l&#8217;Ab\u00eeme avec la r\u00e9v\u00e9lation des puissants Inferno\u00efdes, un tout nouveau th\u00e8me de deck qui peut bannir les cartes adverses avec des effets malveillants. La Super Edition offre aux duellistes une nouvelle chance d&#8217;obtenir les cartes Super Rares les plus populaires des <i>Secrets de l&#8217;\u00c9ternit\u00e9<\/i>, comme le <strong>Mage bleu exp\u00e9riment\u00e9<\/strong> et <strong>le Loup c\u00e9leste du tonnerre<\/strong>, le <strong>monstre synchrone Seigneur de guerre samoura\u00ef super puissant Susanowo<\/strong>, la carte pi\u00e8ge <strong>D\u00e9part du vide<\/strong> ou la carte magique <strong>Le Bien et le Mal de l&#8217;Ab\u00eeme ardent<\/strong>. <\/p>\n<p>Avec une carte Super Rare garantie et trois Booster Packs <i>Secrets of Eternity<\/i> en un, les duellistes peuvent encore am\u00e9liorer leur deck, pour un prix inf\u00e9rieur \u00e0 celui de trois Booster Packs individuels !<\/p>\n<p><strong>Chaque  <em>Yu-Gi-Oh ! JEU DE CARTES TRADING Secrets of Eternity Super Edition  <\/em>contient :<\/strong><\/p>\n<ul>\n<li>27 cartes (\u00e9quivalent \u00e0 3 Booster Packs <i>Secrets of Eternity<\/i> )<\/li>\n<li>1 de 14 cartes Variant Super Rares<\/li>\n<\/ul>\n<p>&nbsp;<\/p>\n<div>\n<div><\/div>\n<\/div>\n","protected":false},"excerpt":{"rendered":"<p>Une Super Edition offre aux duellistes un excellent rapport qualit\u00e9\/prix ! Chaque Booster Pack de la Super Edition de Secrets<\/p>\n","protected":false},"featured_media":94702,"comment_status":"open","ping_status":"closed","template":"","meta":{"_acf_changed":false},"product_brand":[5074,5112],"product_cat":[9839,9779],"product_tag":[],"class_list":{"0":"post-325915","1":"product","2":"type-product","3":"status-publish","4":"has-post-thumbnail","6":"product_brand-konami","7":"product_brand-yu-gi-oh","8":"product_cat-coffrets-et-collections-yugioh","9":"product_cat-yu-gi-oh-fr","11":"first","12":"instock","13":"taxable","14":"shipping-taxable","15":"purchasable","16":"product-type-variable"},"acf":[],"yoast_head":"<!-- This site is optimized with the Yoast SEO plugin v27.5 - https:\/\/yoast.com\/product\/yoast-seo-wordpress\/ -->\n<title>Ach\u00e8te Yu-Gi-Oh ! - Secrets of Eternity Super \u00c9dition - Coffret<\/title>\n<meta name=\"description\" content=\"Ach\u00e8te Yu-Gi-Oh ! - Secrets of Eternity Super \u00c9dition - Coffret en ligne maintenant \u00e0 petit prix! Ton #1 shop pour cartes TCG &amp; Pok\u00e9mon en Suisse \u2713 Livraison gratuite d\u00e8s CHF 29\" \/>\n<meta name=\"robots\" content=\"index, follow, max-snippet:-1, max-image-preview:large, max-video-preview:-1\" \/>\n<link rel=\"canonical\" href=\"https:\/\/theuncommonshop.ch\/fr\/product\/yu-gi-oh-secrets-of-eternity-super-edtition-box-2\/\" \/>\n<meta property=\"og:locale\" content=\"fr_FR\" \/>\n<meta property=\"og:type\" content=\"article\" \/>\n<meta property=\"og:title\" content=\"Ach\u00e8te Yu-Gi-Oh ! - Secrets of Eternity Super \u00c9dition - Coffret\" \/>\n<meta property=\"og:description\" content=\"Ach\u00e8te Yu-Gi-Oh ! - Secrets of Eternity Super \u00c9dition - Coffret en ligne maintenant \u00e0 petit prix! Ton #1 shop pour cartes TCG &amp; Pok\u00e9mon en Suisse \u2713 Livraison gratuite d\u00e8s CHF 29\" \/>\n<meta property=\"og:url\" content=\"https:\/\/theuncommonshop.ch\/fr\/product\/yu-gi-oh-secrets-of-eternity-super-edtition-box-2\/\" \/>\n<meta property=\"og:site_name\" content=\"The Uncommon Shop\" \/>\n<meta property=\"article:modified_time\" content=\"2026-03-28T16:55:59+00:00\" \/>\n<meta property=\"og:image\" content=\"https:\/\/theuncommonshop.ch\/wp-content\/uploads\/2025\/06\/3668099756.jpg\" \/>\n\t<meta property=\"og:image:width\" content=\"359\" \/>\n\t<meta property=\"og:image:height\" content=\"556\" \/>\n\t<meta property=\"og:image:type\" content=\"image\/jpeg\" \/>\n<meta name=\"twitter:card\" content=\"summary_large_image\" \/>\n<meta name=\"twitter:label1\" content=\"Disponibilit\u00e9\" \/>\n\t<meta name=\"twitter:data1\" content=\"En stock\" \/>\n<script type=\"application\/ld+json\" class=\"yoast-schema-graph\">{\"@context\":\"https:\\\/\\\/schema.org\",\"@graph\":[{\"@type\":\"WebPage\",\"@id\":\"https:\\\/\\\/theuncommonshop.ch\\\/fr\\\/product\\\/yu-gi-oh-secrets-of-eternity-super-edtition-box-2\\\/\",\"url\":\"https:\\\/\\\/theuncommonshop.ch\\\/fr\\\/product\\\/yu-gi-oh-secrets-of-eternity-super-edtition-box-2\\\/\",\"name\":\"Ach\u00e8te Yu-Gi-Oh ! - Secrets of Eternity Super \u00c9dition - Coffret\",\"isPartOf\":{\"@id\":\"https:\\\/\\\/theuncommonshop.ch\\\/fr\\\/#website\"},\"primaryImageOfPage\":{\"@id\":\"https:\\\/\\\/theuncommonshop.ch\\\/fr\\\/product\\\/yu-gi-oh-secrets-of-eternity-super-edtition-box-2\\\/#primaryimage\"},\"image\":{\"@id\":\"https:\\\/\\\/theuncommonshop.ch\\\/fr\\\/product\\\/yu-gi-oh-secrets-of-eternity-super-edtition-box-2\\\/#primaryimage\"},\"thumbnailUrl\":\"https:\\\/\\\/theuncommonshop.ch\\\/wp-content\\\/uploads\\\/2025\\\/06\\\/3668099756.jpg\",\"datePublished\":\"2025-06-03T21:37:43+00:00\",\"dateModified\":\"2026-03-28T16:55:59+00:00\",\"description\":\"Ach\u00e8te Yu-Gi-Oh ! - Secrets of Eternity Super \u00c9dition - Coffret en ligne maintenant \u00e0 petit prix! Ton #1 shop pour cartes TCG & Pok\u00e9mon en Suisse \u2713 Livraison gratuite d\u00e8s CHF 29\",\"breadcrumb\":{\"@id\":\"https:\\\/\\\/theuncommonshop.ch\\\/fr\\\/product\\\/yu-gi-oh-secrets-of-eternity-super-edtition-box-2\\\/#breadcrumb\"},\"inLanguage\":\"fr-FR\",\"potentialAction\":[{\"@type\":\"ReadAction\",\"target\":[\"https:\\\/\\\/theuncommonshop.ch\\\/fr\\\/product\\\/yu-gi-oh-secrets-of-eternity-super-edtition-box-2\\\/\"]}]},{\"@type\":\"ImageObject\",\"inLanguage\":\"fr-FR\",\"@id\":\"https:\\\/\\\/theuncommonshop.ch\\\/fr\\\/product\\\/yu-gi-oh-secrets-of-eternity-super-edtition-box-2\\\/#primaryimage\",\"url\":\"https:\\\/\\\/theuncommonshop.ch\\\/wp-content\\\/uploads\\\/2025\\\/06\\\/3668099756.jpg\",\"contentUrl\":\"https:\\\/\\\/theuncommonshop.ch\\\/wp-content\\\/uploads\\\/2025\\\/06\\\/3668099756.jpg\",\"width\":359,\"height\":556},{\"@type\":\"BreadcrumbList\",\"@id\":\"https:\\\/\\\/theuncommonshop.ch\\\/fr\\\/product\\\/yu-gi-oh-secrets-of-eternity-super-edtition-box-2\\\/#breadcrumb\",\"itemListElement\":[{\"@type\":\"ListItem\",\"position\":1,\"name\":\"Accueil\",\"item\":\"https:\\\/\\\/theuncommonshop.ch\\\/fr\\\/accueil\\\/\"},{\"@type\":\"ListItem\",\"position\":2,\"name\":\"Boutique\",\"item\":\"https:\\\/\\\/theuncommonshop.ch\\\/fr\\\/boutique\\\/\"},{\"@type\":\"ListItem\",\"position\":3,\"name\":\"Yu-Gi-Oh!\",\"item\":\"https:\\\/\\\/theuncommonshop.ch\\\/fr\\\/categorie-produit\\\/yu-gi-oh-fr\\\/\"},{\"@type\":\"ListItem\",\"position\":4,\"name\":\"Coffrets & collections\",\"item\":\"https:\\\/\\\/theuncommonshop.ch\\\/fr\\\/categorie-produit\\\/yu-gi-oh-fr\\\/coffrets-et-collections-yugioh\\\/\"},{\"@type\":\"ListItem\",\"position\":5,\"name\":\"Yu-Gi-Oh ! &#8211; Secrets of Eternity Super \u00c9dition &#8211; Coffret\"}]},{\"@type\":\"WebSite\",\"@id\":\"https:\\\/\\\/theuncommonshop.ch\\\/fr\\\/#website\",\"url\":\"https:\\\/\\\/theuncommonshop.ch\\\/fr\\\/\",\"name\":\"The Uncommon Shop\",\"description\":\"Magic, Pok\u00e9mon and Yu-gi-oh - The Uncommon Shop\",\"potentialAction\":[{\"@type\":\"SearchAction\",\"target\":{\"@type\":\"EntryPoint\",\"urlTemplate\":\"https:\\\/\\\/theuncommonshop.ch\\\/fr\\\/?s={search_term_string}\"},\"query-input\":{\"@type\":\"PropertyValueSpecification\",\"valueRequired\":true,\"valueName\":\"search_term_string\"}}],\"inLanguage\":\"fr-FR\"}]}<\/script>\n<meta property=\"og:availability\" content=\"instock\" \/>\n<meta property=\"product:availability\" content=\"instock\" \/>\n<meta property=\"product:retailer_item_id\" content=\"YGO.III.F.SECESuperEdition.EN\" \/>\n<meta property=\"product:condition\" content=\"new\" \/>\n<!-- \/ Yoast SEO plugin. -->","yoast_head_json":{"title":"Ach\u00e8te Yu-Gi-Oh ! - Secrets of Eternity Super \u00c9dition - Coffret","description":"Ach\u00e8te Yu-Gi-Oh ! - Secrets of Eternity Super \u00c9dition - Coffret en ligne maintenant \u00e0 petit prix! Ton #1 shop pour cartes TCG & Pok\u00e9mon en Suisse \u2713 Livraison gratuite d\u00e8s CHF 29","robots":{"index":"index","follow":"follow","max-snippet":"max-snippet:-1","max-image-preview":"max-image-preview:large","max-video-preview":"max-video-preview:-1"},"canonical":"https:\/\/theuncommonshop.ch\/fr\/product\/yu-gi-oh-secrets-of-eternity-super-edtition-box-2\/","og_locale":"fr_FR","og_type":"article","og_title":"Ach\u00e8te Yu-Gi-Oh ! - Secrets of Eternity Super \u00c9dition - Coffret","og_description":"Ach\u00e8te Yu-Gi-Oh ! - Secrets of Eternity Super \u00c9dition - Coffret en ligne maintenant \u00e0 petit prix! Ton #1 shop pour cartes TCG & Pok\u00e9mon en Suisse \u2713 Livraison gratuite d\u00e8s CHF 29","og_url":"https:\/\/theuncommonshop.ch\/fr\/product\/yu-gi-oh-secrets-of-eternity-super-edtition-box-2\/","og_site_name":"The Uncommon Shop","article_modified_time":"2026-03-28T16:55:59+00:00","og_image":[{"width":359,"height":556,"url":"https:\/\/theuncommonshop.ch\/wp-content\/uploads\/2025\/06\/3668099756.jpg","type":"image\/jpeg"}],"twitter_card":"summary_large_image","twitter_misc":{"Disponibilit\u00e9":"En stock"},"schema":{"@context":"https:\/\/schema.org","@graph":[{"@type":"WebPage","@id":"https:\/\/theuncommonshop.ch\/fr\/product\/yu-gi-oh-secrets-of-eternity-super-edtition-box-2\/","url":"https:\/\/theuncommonshop.ch\/fr\/product\/yu-gi-oh-secrets-of-eternity-super-edtition-box-2\/","name":"Ach\u00e8te Yu-Gi-Oh ! - Secrets of Eternity Super \u00c9dition - Coffret","isPartOf":{"@id":"https:\/\/theuncommonshop.ch\/fr\/#website"},"primaryImageOfPage":{"@id":"https:\/\/theuncommonshop.ch\/fr\/product\/yu-gi-oh-secrets-of-eternity-super-edtition-box-2\/#primaryimage"},"image":{"@id":"https:\/\/theuncommonshop.ch\/fr\/product\/yu-gi-oh-secrets-of-eternity-super-edtition-box-2\/#primaryimage"},"thumbnailUrl":"https:\/\/theuncommonshop.ch\/wp-content\/uploads\/2025\/06\/3668099756.jpg","datePublished":"2025-06-03T21:37:43+00:00","dateModified":"2026-03-28T16:55:59+00:00","description":"Ach\u00e8te Yu-Gi-Oh ! - Secrets of Eternity Super \u00c9dition - Coffret en ligne maintenant \u00e0 petit prix! Ton #1 shop pour cartes TCG & Pok\u00e9mon en Suisse \u2713 Livraison gratuite d\u00e8s CHF 29","breadcrumb":{"@id":"https:\/\/theuncommonshop.ch\/fr\/product\/yu-gi-oh-secrets-of-eternity-super-edtition-box-2\/#breadcrumb"},"inLanguage":"fr-FR","potentialAction":[{"@type":"ReadAction","target":["https:\/\/theuncommonshop.ch\/fr\/product\/yu-gi-oh-secrets-of-eternity-super-edtition-box-2\/"]}]},{"@type":"ImageObject","inLanguage":"fr-FR","@id":"https:\/\/theuncommonshop.ch\/fr\/product\/yu-gi-oh-secrets-of-eternity-super-edtition-box-2\/#primaryimage","url":"https:\/\/theuncommonshop.ch\/wp-content\/uploads\/2025\/06\/3668099756.jpg","contentUrl":"https:\/\/theuncommonshop.ch\/wp-content\/uploads\/2025\/06\/3668099756.jpg","width":359,"height":556},{"@type":"BreadcrumbList","@id":"https:\/\/theuncommonshop.ch\/fr\/product\/yu-gi-oh-secrets-of-eternity-super-edtition-box-2\/#breadcrumb","itemListElement":[{"@type":"ListItem","position":1,"name":"Accueil","item":"https:\/\/theuncommonshop.ch\/fr\/accueil\/"},{"@type":"ListItem","position":2,"name":"Boutique","item":"https:\/\/theuncommonshop.ch\/fr\/boutique\/"},{"@type":"ListItem","position":3,"name":"Yu-Gi-Oh!","item":"https:\/\/theuncommonshop.ch\/fr\/categorie-produit\/yu-gi-oh-fr\/"},{"@type":"ListItem","position":4,"name":"Coffrets & collections","item":"https:\/\/theuncommonshop.ch\/fr\/categorie-produit\/yu-gi-oh-fr\/coffrets-et-collections-yugioh\/"},{"@type":"ListItem","position":5,"name":"Yu-Gi-Oh ! &#8211; Secrets of Eternity Super \u00c9dition &#8211; Coffret"}]},{"@type":"WebSite","@id":"https:\/\/theuncommonshop.ch\/fr\/#website","url":"https:\/\/theuncommonshop.ch\/fr\/","name":"The Uncommon Shop","description":"Magic, Pok\u00e9mon and Yu-gi-oh - The Uncommon Shop","potentialAction":[{"@type":"SearchAction","target":{"@type":"EntryPoint","urlTemplate":"https:\/\/theuncommonshop.ch\/fr\/?s={search_term_string}"},"query-input":{"@type":"PropertyValueSpecification","valueRequired":true,"valueName":"search_term_string"}}],"inLanguage":"fr-FR"}]},"og_availability":"instock","product_availability":"instock","product_retailer_item_id":"YGO.III.F.SECESuperEdition.EN","product_condition":"new"},"_links":{"self":[{"href":"https:\/\/theuncommonshop.ch\/fr\/wp-json\/wp\/v2\/product\/325915","targetHints":{"allow":["GET"]}}],"collection":[{"href":"https:\/\/theuncommonshop.ch\/fr\/wp-json\/wp\/v2\/product"}],"about":[{"href":"https:\/\/theuncommonshop.ch\/fr\/wp-json\/wp\/v2\/types\/product"}],"replies":[{"embeddable":true,"href":"https:\/\/theuncommonshop.ch\/fr\/wp-json\/wp\/v2\/comments?post=325915"}],"version-history":[{"count":0,"href":"https:\/\/theuncommonshop.ch\/fr\/wp-json\/wp\/v2\/product\/325915\/revisions"}],"wp:featuredmedia":[{"embeddable":true,"href":"https:\/\/theuncommonshop.ch\/fr\/wp-json\/wp\/v2\/media\/94702"}],"wp:attachment":[{"href":"https:\/\/theuncommonshop.ch\/fr\/wp-json\/wp\/v2\/media?parent=325915"}],"wp:term":[{"taxonomy":"product_brand","embeddable":true,"href":"https:\/\/theuncommonshop.ch\/fr\/wp-json\/wp\/v2\/product_brand?post=325915"},{"taxonomy":"product_cat","embeddable":true,"href":"https:\/\/theuncommonshop.ch\/fr\/wp-json\/wp\/v2\/product_cat?post=325915"},{"taxonomy":"product_tag","embeddable":true,"href":"https:\/\/theuncommonshop.ch\/fr\/wp-json\/wp\/v2\/product_tag?post=325915"}],"curies":[{"name":"wp","href":"https:\/\/api.w.org\/{rel}","templated":true}]}}