{"id":325908,"date":"2025-06-03T23:37:07","date_gmt":"2025-06-03T23:37:07","guid":{"rendered":"http:\/\/theuncommonshop.ch\/produkt\/325908\/"},"modified":"2026-03-28T17:56:34","modified_gmt":"2026-03-28T16:56:34","slug":"my-hero-academia-series-04-league-of-villains-deck-loadable-content-en-2","status":"publish","type":"product","link":"https:\/\/theuncommonshop.ch\/fr\/product\/my-hero-academia-series-04-league-of-villains-deck-loadable-content-en-2\/","title":{"rendered":"My Hero Academia &#8211; S\u00e9rie 04 : League of Villains Deck-Loadable Content &#8211; EN"},"content":{"rendered":"<div style=\"display: inline !important;\">\n<p>Pimentez vos decks MY HERO ACADEMIA COLLECTIBLE CARD GAME avec le dernier DECK LOADABLE CONTENT (DLC) SERIE 4 : Chibi Manian ! Contient deux (2) exemplaires de 12 cartes transparentes uniques. <\/p>\n<\/div>\n<ul>\n<li>Art unique des personnages de My Hero Academia dans leurs formes chibis.<\/li>\n<li>12 cartes \u00e0 collectionner My Hero Academia uniques et approuv\u00e9es pour les tournois, exclusivement incluses dans ce produit, pour renforcer vos decks !<\/li>\n<\/ul>\n<div>Contient :<\/div>\n<ul>\n<li>Chaque paquet contient deux (2) copies uniques de 12 cartes transparentes sp\u00e9ciales.<\/li>\n<li>24 cartes au total<\/li>\n<\/ul>\n","protected":false},"excerpt":{"rendered":"<p>Pimentez vos decks MY HERO ACADEMIA COLLECTIBLE CARD GAME avec le dernier DECK LOADABLE CONTENT (DLC) SERIE 4 : Chibi<\/p>\n","protected":false},"featured_media":94689,"comment_status":"open","ping_status":"closed","template":"","meta":{"_acf_changed":false},"product_brand":[5116],"product_cat":[9785],"product_tag":[],"class_list":{"0":"post-325908","1":"product","2":"type-product","3":"status-publish","4":"has-post-thumbnail","6":"product_brand-jasco-games","7":"product_cat-autres-cartes-a-collectionner","9":"first","10":"instock","11":"taxable","12":"shipping-taxable","13":"purchasable","14":"product-type-simple"},"acf":[],"yoast_head":"<!-- This site is optimized with the Yoast SEO plugin v27.4 - https:\/\/yoast.com\/product\/yoast-seo-wordpress\/ -->\n<title>Ach\u00e8te My Hero Academia - S\u00e9rie 04 : League of Villains Deck-Loadable Content - EN<\/title>\n<meta name=\"description\" content=\"Ach\u00e8te My Hero Academia - S\u00e9rie 04 : League of Villains Deck-Loadable Content - EN en ligne maintenant \u00e0 petit prix! Ton #1 shop pour cartes TCG &amp; Pok\u00e9mon en Suisse \u2713 Livraison gratuite d\u00e8s CHF 29\" \/>\n<meta name=\"robots\" content=\"index, follow, max-snippet:-1, max-image-preview:large, max-video-preview:-1\" \/>\n<link rel=\"canonical\" href=\"https:\/\/theuncommonshop.ch\/fr\/product\/my-hero-academia-series-04-league-of-villains-deck-loadable-content-en-2\/\" \/>\n<meta property=\"og:locale\" content=\"fr_FR\" \/>\n<meta property=\"og:type\" content=\"article\" \/>\n<meta property=\"og:title\" content=\"Ach\u00e8te My Hero Academia - S\u00e9rie 04 : League of Villains Deck-Loadable Content - EN\" \/>\n<meta property=\"og:description\" content=\"Ach\u00e8te My Hero Academia - S\u00e9rie 04 : League of Villains Deck-Loadable Content - EN en ligne maintenant \u00e0 petit prix! Ton #1 shop pour cartes TCG &amp; Pok\u00e9mon en Suisse \u2713 Livraison gratuite d\u00e8s CHF 29\" \/>\n<meta property=\"og:url\" content=\"https:\/\/theuncommonshop.ch\/fr\/product\/my-hero-academia-series-04-league-of-villains-deck-loadable-content-en-2\/\" \/>\n<meta property=\"og:site_name\" content=\"The Uncommon Shop\" \/>\n<meta property=\"article:modified_time\" content=\"2026-03-28T16:56:34+00:00\" \/>\n<meta property=\"og:image\" content=\"https:\/\/theuncommonshop.ch\/wp-content\/uploads\/2025\/06\/3668023735.jpg\" \/>\n\t<meta property=\"og:image:width\" content=\"842\" \/>\n\t<meta property=\"og:image:height\" content=\"1500\" \/>\n\t<meta property=\"og:image:type\" content=\"image\/jpeg\" \/>\n<meta name=\"twitter:card\" content=\"summary_large_image\" \/>\n<meta name=\"twitter:label1\" content=\"Prix\" \/>\n\t<meta name=\"twitter:data1\" content=\"&#067;&#072;&#070;&nbsp;28.95\" \/>\n\t<meta name=\"twitter:label2\" content=\"Disponibilit\u00e9\" \/>\n\t<meta name=\"twitter:data2\" content=\"En stock\" \/>\n<script type=\"application\/ld+json\" class=\"yoast-schema-graph\">{\"@context\":\"https:\\\/\\\/schema.org\",\"@graph\":[{\"@type\":\"WebPage\",\"@id\":\"https:\\\/\\\/theuncommonshop.ch\\\/fr\\\/product\\\/my-hero-academia-series-04-league-of-villains-deck-loadable-content-en-2\\\/\",\"url\":\"https:\\\/\\\/theuncommonshop.ch\\\/fr\\\/product\\\/my-hero-academia-series-04-league-of-villains-deck-loadable-content-en-2\\\/\",\"name\":\"Ach\u00e8te My Hero Academia - S\u00e9rie 04 : League of Villains Deck-Loadable Content - EN\",\"isPartOf\":{\"@id\":\"https:\\\/\\\/theuncommonshop.ch\\\/fr\\\/#website\"},\"primaryImageOfPage\":{\"@id\":\"https:\\\/\\\/theuncommonshop.ch\\\/fr\\\/product\\\/my-hero-academia-series-04-league-of-villains-deck-loadable-content-en-2\\\/#primaryimage\"},\"image\":{\"@id\":\"https:\\\/\\\/theuncommonshop.ch\\\/fr\\\/product\\\/my-hero-academia-series-04-league-of-villains-deck-loadable-content-en-2\\\/#primaryimage\"},\"thumbnailUrl\":\"https:\\\/\\\/theuncommonshop.ch\\\/wp-content\\\/uploads\\\/2025\\\/06\\\/3668023735.jpg\",\"datePublished\":\"2025-06-03T23:37:07+00:00\",\"dateModified\":\"2026-03-28T16:56:34+00:00\",\"description\":\"Ach\u00e8te My Hero Academia - S\u00e9rie 04 : League of Villains Deck-Loadable Content - EN en ligne maintenant \u00e0 petit prix! Ton #1 shop pour cartes TCG & Pok\u00e9mon en Suisse \u2713 Livraison gratuite d\u00e8s CHF 29\",\"breadcrumb\":{\"@id\":\"https:\\\/\\\/theuncommonshop.ch\\\/fr\\\/product\\\/my-hero-academia-series-04-league-of-villains-deck-loadable-content-en-2\\\/#breadcrumb\"},\"inLanguage\":\"fr-FR\",\"potentialAction\":[{\"@type\":\"ReadAction\",\"target\":[\"https:\\\/\\\/theuncommonshop.ch\\\/fr\\\/product\\\/my-hero-academia-series-04-league-of-villains-deck-loadable-content-en-2\\\/\"]}]},{\"@type\":\"ImageObject\",\"inLanguage\":\"fr-FR\",\"@id\":\"https:\\\/\\\/theuncommonshop.ch\\\/fr\\\/product\\\/my-hero-academia-series-04-league-of-villains-deck-loadable-content-en-2\\\/#primaryimage\",\"url\":\"https:\\\/\\\/theuncommonshop.ch\\\/wp-content\\\/uploads\\\/2025\\\/06\\\/3668023735.jpg\",\"contentUrl\":\"https:\\\/\\\/theuncommonshop.ch\\\/wp-content\\\/uploads\\\/2025\\\/06\\\/3668023735.jpg\",\"width\":842,\"height\":1500},{\"@type\":\"BreadcrumbList\",\"@id\":\"https:\\\/\\\/theuncommonshop.ch\\\/fr\\\/product\\\/my-hero-academia-series-04-league-of-villains-deck-loadable-content-en-2\\\/#breadcrumb\",\"itemListElement\":[{\"@type\":\"ListItem\",\"position\":1,\"name\":\"Accueil\",\"item\":\"https:\\\/\\\/theuncommonshop.ch\\\/fr\\\/accueil\\\/\"},{\"@type\":\"ListItem\",\"position\":2,\"name\":\"Boutique\",\"item\":\"https:\\\/\\\/theuncommonshop.ch\\\/fr\\\/boutique\\\/\"},{\"@type\":\"ListItem\",\"position\":3,\"name\":\"Autres cartes \u00e0 collectionner\",\"item\":\"https:\\\/\\\/theuncommonshop.ch\\\/fr\\\/categorie-produit\\\/autres-cartes-a-collectionner\\\/\"},{\"@type\":\"ListItem\",\"position\":4,\"name\":\"My Hero Academia &#8211; S\u00e9rie 04 : League of Villains Deck-Loadable Content &#8211; EN\"}]},{\"@type\":\"WebSite\",\"@id\":\"https:\\\/\\\/theuncommonshop.ch\\\/fr\\\/#website\",\"url\":\"https:\\\/\\\/theuncommonshop.ch\\\/fr\\\/\",\"name\":\"The Uncommon Shop\",\"description\":\"Magic, Pok\u00e9mon and Yu-gi-oh - The Uncommon Shop\",\"potentialAction\":[{\"@type\":\"SearchAction\",\"target\":{\"@type\":\"EntryPoint\",\"urlTemplate\":\"https:\\\/\\\/theuncommonshop.ch\\\/fr\\\/?s={search_term_string}\"},\"query-input\":{\"@type\":\"PropertyValueSpecification\",\"valueRequired\":true,\"valueName\":\"search_term_string\"}}],\"inLanguage\":\"fr-FR\"}]}<\/script>\n<meta property=\"product:price:amount\" content=\"28.95\" \/>\n<meta property=\"product:price:currency\" content=\"CHF\" \/>\n<meta property=\"og:availability\" content=\"instock\" \/>\n<meta property=\"product:availability\" content=\"instock\" \/>\n<meta property=\"product:retailer_item_id\" content=\"MHADeckLoadableContentEN\" \/>\n<meta property=\"product:condition\" content=\"new\" \/>\n<!-- \/ Yoast SEO plugin. -->","yoast_head_json":{"title":"Ach\u00e8te My Hero Academia - S\u00e9rie 04 : League of Villains Deck-Loadable Content - EN","description":"Ach\u00e8te My Hero Academia - S\u00e9rie 04 : League of Villains Deck-Loadable Content - EN en ligne maintenant \u00e0 petit prix! Ton #1 shop pour cartes TCG & Pok\u00e9mon en Suisse \u2713 Livraison gratuite d\u00e8s CHF 29","robots":{"index":"index","follow":"follow","max-snippet":"max-snippet:-1","max-image-preview":"max-image-preview:large","max-video-preview":"max-video-preview:-1"},"canonical":"https:\/\/theuncommonshop.ch\/fr\/product\/my-hero-academia-series-04-league-of-villains-deck-loadable-content-en-2\/","og_locale":"fr_FR","og_type":"article","og_title":"Ach\u00e8te My Hero Academia - S\u00e9rie 04 : League of Villains Deck-Loadable Content - EN","og_description":"Ach\u00e8te My Hero Academia - S\u00e9rie 04 : League of Villains Deck-Loadable Content - EN en ligne maintenant \u00e0 petit prix! Ton #1 shop pour cartes TCG & Pok\u00e9mon en Suisse \u2713 Livraison gratuite d\u00e8s CHF 29","og_url":"https:\/\/theuncommonshop.ch\/fr\/product\/my-hero-academia-series-04-league-of-villains-deck-loadable-content-en-2\/","og_site_name":"The Uncommon Shop","article_modified_time":"2026-03-28T16:56:34+00:00","og_image":[{"width":842,"height":1500,"url":"https:\/\/theuncommonshop.ch\/wp-content\/uploads\/2025\/06\/3668023735.jpg","type":"image\/jpeg"}],"twitter_card":"summary_large_image","twitter_misc":{"Prix":"&#67;&#72;&#70;&nbsp;28.95","Disponibilit\u00e9":"En stock"},"schema":{"@context":"https:\/\/schema.org","@graph":[{"@type":"WebPage","@id":"https:\/\/theuncommonshop.ch\/fr\/product\/my-hero-academia-series-04-league-of-villains-deck-loadable-content-en-2\/","url":"https:\/\/theuncommonshop.ch\/fr\/product\/my-hero-academia-series-04-league-of-villains-deck-loadable-content-en-2\/","name":"Ach\u00e8te My Hero Academia - S\u00e9rie 04 : League of Villains Deck-Loadable Content - EN","isPartOf":{"@id":"https:\/\/theuncommonshop.ch\/fr\/#website"},"primaryImageOfPage":{"@id":"https:\/\/theuncommonshop.ch\/fr\/product\/my-hero-academia-series-04-league-of-villains-deck-loadable-content-en-2\/#primaryimage"},"image":{"@id":"https:\/\/theuncommonshop.ch\/fr\/product\/my-hero-academia-series-04-league-of-villains-deck-loadable-content-en-2\/#primaryimage"},"thumbnailUrl":"https:\/\/theuncommonshop.ch\/wp-content\/uploads\/2025\/06\/3668023735.jpg","datePublished":"2025-06-03T23:37:07+00:00","dateModified":"2026-03-28T16:56:34+00:00","description":"Ach\u00e8te My Hero Academia - S\u00e9rie 04 : League of Villains Deck-Loadable Content - EN en ligne maintenant \u00e0 petit prix! Ton #1 shop pour cartes TCG & Pok\u00e9mon en Suisse \u2713 Livraison gratuite d\u00e8s CHF 29","breadcrumb":{"@id":"https:\/\/theuncommonshop.ch\/fr\/product\/my-hero-academia-series-04-league-of-villains-deck-loadable-content-en-2\/#breadcrumb"},"inLanguage":"fr-FR","potentialAction":[{"@type":"ReadAction","target":["https:\/\/theuncommonshop.ch\/fr\/product\/my-hero-academia-series-04-league-of-villains-deck-loadable-content-en-2\/"]}]},{"@type":"ImageObject","inLanguage":"fr-FR","@id":"https:\/\/theuncommonshop.ch\/fr\/product\/my-hero-academia-series-04-league-of-villains-deck-loadable-content-en-2\/#primaryimage","url":"https:\/\/theuncommonshop.ch\/wp-content\/uploads\/2025\/06\/3668023735.jpg","contentUrl":"https:\/\/theuncommonshop.ch\/wp-content\/uploads\/2025\/06\/3668023735.jpg","width":842,"height":1500},{"@type":"BreadcrumbList","@id":"https:\/\/theuncommonshop.ch\/fr\/product\/my-hero-academia-series-04-league-of-villains-deck-loadable-content-en-2\/#breadcrumb","itemListElement":[{"@type":"ListItem","position":1,"name":"Accueil","item":"https:\/\/theuncommonshop.ch\/fr\/accueil\/"},{"@type":"ListItem","position":2,"name":"Boutique","item":"https:\/\/theuncommonshop.ch\/fr\/boutique\/"},{"@type":"ListItem","position":3,"name":"Autres cartes \u00e0 collectionner","item":"https:\/\/theuncommonshop.ch\/fr\/categorie-produit\/autres-cartes-a-collectionner\/"},{"@type":"ListItem","position":4,"name":"My Hero Academia &#8211; S\u00e9rie 04 : League of Villains Deck-Loadable Content &#8211; EN"}]},{"@type":"WebSite","@id":"https:\/\/theuncommonshop.ch\/fr\/#website","url":"https:\/\/theuncommonshop.ch\/fr\/","name":"The Uncommon Shop","description":"Magic, Pok\u00e9mon and Yu-gi-oh - The Uncommon Shop","potentialAction":[{"@type":"SearchAction","target":{"@type":"EntryPoint","urlTemplate":"https:\/\/theuncommonshop.ch\/fr\/?s={search_term_string}"},"query-input":{"@type":"PropertyValueSpecification","valueRequired":true,"valueName":"search_term_string"}}],"inLanguage":"fr-FR"}]},"product_price_amount":"28.95","product_price_currency":"CHF","og_availability":"instock","product_availability":"instock","product_retailer_item_id":"MHADeckLoadableContentEN","product_condition":"new"},"_links":{"self":[{"href":"https:\/\/theuncommonshop.ch\/fr\/wp-json\/wp\/v2\/product\/325908","targetHints":{"allow":["GET"]}}],"collection":[{"href":"https:\/\/theuncommonshop.ch\/fr\/wp-json\/wp\/v2\/product"}],"about":[{"href":"https:\/\/theuncommonshop.ch\/fr\/wp-json\/wp\/v2\/types\/product"}],"replies":[{"embeddable":true,"href":"https:\/\/theuncommonshop.ch\/fr\/wp-json\/wp\/v2\/comments?post=325908"}],"version-history":[{"count":0,"href":"https:\/\/theuncommonshop.ch\/fr\/wp-json\/wp\/v2\/product\/325908\/revisions"}],"wp:featuredmedia":[{"embeddable":true,"href":"https:\/\/theuncommonshop.ch\/fr\/wp-json\/wp\/v2\/media\/94689"}],"wp:attachment":[{"href":"https:\/\/theuncommonshop.ch\/fr\/wp-json\/wp\/v2\/media?parent=325908"}],"wp:term":[{"taxonomy":"product_brand","embeddable":true,"href":"https:\/\/theuncommonshop.ch\/fr\/wp-json\/wp\/v2\/product_brand?post=325908"},{"taxonomy":"product_cat","embeddable":true,"href":"https:\/\/theuncommonshop.ch\/fr\/wp-json\/wp\/v2\/product_cat?post=325908"},{"taxonomy":"product_tag","embeddable":true,"href":"https:\/\/theuncommonshop.ch\/fr\/wp-json\/wp\/v2\/product_tag?post=325908"}],"curies":[{"name":"wp","href":"https:\/\/api.w.org\/{rel}","templated":true}]}}