{"id":325899,"date":"2025-06-03T23:33:09","date_gmt":"2025-06-03T23:33:09","guid":{"rendered":"http:\/\/theuncommonshop.ch\/produkt\/325899\/"},"modified":"2026-03-28T17:56:09","modified_gmt":"2026-03-28T16:56:09","slug":"magic-the-lord-of-the-rings-tales-of-middle-earth-ltr-jumpstart-booster-pack-vol-2-2","status":"publish","type":"product","link":"https:\/\/theuncommonshop.ch\/fr\/product\/magic-the-lord-of-the-rings-tales-of-middle-earth-ltr-jumpstart-booster-pack-vol-2-2\/","title":{"rendered":"Magic &#8211; The Lord of the Rings : Tales of Middle-Earth (LTR) &#8211; Jumpstart Booster Pack Vol. 2"},"content":{"rendered":"<p><strong>Magic &#8211; The Lord of the Rings : Tales of Middle-Earth (LTR) &#8211; Jumpstart Booster Pack Vol. 2<\/strong><\/p>\n<p>Un Jumpstart Booster Le Seigneur des Anneaux : Les Contes de la Terre du Milieu Vol. 2 contient : <\/p>\n<ul>\n<li>Chaque Booster a un th\u00e8me. Il vous suffit de prendre deux Boosters et de les m\u00e9langer pour obtenir des combinaisons sauvages et une exp\u00e9rience de jeu unique. Id\u00e9al pour une partie rapide, pour les fans de longue date qui souhaitent reprendre le jeu, ou comme moyen amusant d&#8217;apprendre \u00e0 jouer.  <\/li>\n<li>Chaque Booster Le Seigneur des Anneaux : Les Contes de la Terre du Milieu Jumpstart Vol. 2 contient 20 cartes Magic (dont tous les pays n\u00e9cessaires pour jouer). Dans chaque Booster, vous trouverez 2 cartes rares (1 carte rare sp\u00e9cialement con\u00e7ue pour les Boosters Jumpstart et 1 carte rare ou fabuleusement rare du set principal) et 2 cartes de pays sous forme de Foil traditionnel scintillant.  <\/li>\n<li>Ce produit ne re\u00e7oit pas de cartes Anneau avec num\u00e9ro de s\u00e9rie, y compris les cartes Anneau du Soleil elfique, nain ou humain ou The 1 of 1 Ring (num\u00e9ro de s\u00e9rie 001 sur 001). Les exemplaires de l&#8217;Anneau Solaire avec num\u00e9ro de s\u00e9rie et illustration alternative d&#8217;Elfes, de Nains ou d&#8217;Humains ne sont inclus que dans certains Boosters collector Le Seigneur des Anneaux : Histoires de la Terre du Milieu. Une seule carte L&#8217;Anneau unique (avec le num\u00e9ro de s\u00e9rie 001 sur 001) a \u00e9t\u00e9 imprim\u00e9e, et cette carte ne se trouve que dans un seul Booster collector anglophone. Les cartes Ring sans num\u00e9ros de s\u00e9rie sont m\u00e9caniquement identiques aux versions avec num\u00e9ros de s\u00e9rie. Pour vous permettre de pimenter au maximum votre jeu, les Boosters Le Seigneur des Anneaux : Les Histoires de la Terre du Milieu Jumpstart Vol.2 peuvent \u00e9galement \u00eatre m\u00e9lang\u00e9s avec les Boosters de tous les autres produits Jumpstart.     <\/li>\n<\/ul>\n","protected":false},"excerpt":{"rendered":"<p>Magic &#8211; The Lord of the Rings : Tales of Middle-Earth (LTR) &#8211; Jumpstart Booster Pack Vol. 2 Un Jumpstart<\/p>\n","protected":false},"featured_media":94578,"comment_status":"open","ping_status":"closed","template":"","meta":{"_acf_changed":false},"product_brand":[5158,5070],"product_cat":[9985,10205,9967,9991],"product_tag":[],"class_list":{"0":"post-325899","1":"product","2":"type-product","3":"status-publish","4":"has-post-thumbnail","6":"product_brand-magic-the-gathering","7":"product_brand-wizards-of-the-coast","8":"product_cat-booster-packs-fr","9":"product_cat-le-seigneur-des-anneaux-chroniques-de-la-terre-du-milieu","10":"product_cat-magic-the-gathering-fr","11":"product_cat-produits-par-lots-mtg","13":"first","14":"outofstock","15":"taxable","16":"shipping-taxable","17":"purchasable","18":"product-type-variable"},"acf":[],"yoast_head":"<!-- This site is optimized with the Yoast SEO plugin v27.4 - https:\/\/yoast.com\/product\/yoast-seo-wordpress\/ -->\n<title>Ach\u00e8te Magic - The Lord of the Rings : Tales of Middle-Earth (LTR) - Jumpstart Booster Pack Vol. 2<\/title>\n<meta name=\"description\" content=\"Ach\u00e8te Magic - The Lord of the Rings : Tales of Middle-Earth (LTR) - Jumpstart Booster Pack Vol. 2 en ligne maintenant \u00e0 petit prix! Ton #1 shop pour cartes TCG &amp; Pok\u00e9mon en Suisse \u2713 Livraison gratuite d\u00e8s CHF 29\" \/>\n<meta name=\"robots\" content=\"index, follow, max-snippet:-1, max-image-preview:large, max-video-preview:-1\" \/>\n<link rel=\"canonical\" href=\"https:\/\/theuncommonshop.ch\/fr\/product\/magic-the-lord-of-the-rings-tales-of-middle-earth-ltr-jumpstart-booster-pack-vol-2-2\/\" \/>\n<meta property=\"og:locale\" content=\"fr_FR\" \/>\n<meta property=\"og:type\" content=\"article\" \/>\n<meta property=\"og:title\" content=\"Ach\u00e8te Magic - The Lord of the Rings : Tales of Middle-Earth (LTR) - Jumpstart Booster Pack Vol. 2\" \/>\n<meta property=\"og:description\" content=\"Ach\u00e8te Magic - The Lord of the Rings : Tales of Middle-Earth (LTR) - Jumpstart Booster Pack Vol. 2 en ligne maintenant \u00e0 petit prix! Ton #1 shop pour cartes TCG &amp; Pok\u00e9mon en Suisse \u2713 Livraison gratuite d\u00e8s CHF 29\" \/>\n<meta property=\"og:url\" content=\"https:\/\/theuncommonshop.ch\/fr\/product\/magic-the-lord-of-the-rings-tales-of-middle-earth-ltr-jumpstart-booster-pack-vol-2-2\/\" \/>\n<meta property=\"og:site_name\" content=\"Largest trading card shop in Switzerland\" \/>\n<meta property=\"article:modified_time\" content=\"2026-03-28T16:56:09+00:00\" \/>\n<meta property=\"og:image\" content=\"https:\/\/theuncommonshop.ch\/wp-content\/uploads\/2025\/06\/3653637777.jpg\" \/>\n\t<meta property=\"og:image:width\" content=\"374\" \/>\n\t<meta property=\"og:image:height\" content=\"667\" \/>\n\t<meta property=\"og:image:type\" content=\"image\/jpeg\" \/>\n<meta name=\"twitter:card\" content=\"summary_large_image\" \/>\n<meta name=\"twitter:label1\" content=\"Disponibilit\u00e9\" \/>\n\t<meta name=\"twitter:data1\" content=\"Rupture de stock\" \/>\n<script type=\"application\/ld+json\" class=\"yoast-schema-graph\">{\"@context\":\"https:\\\/\\\/schema.org\",\"@graph\":[{\"@type\":\"WebPage\",\"@id\":\"https:\\\/\\\/theuncommonshop.ch\\\/fr\\\/product\\\/magic-the-lord-of-the-rings-tales-of-middle-earth-ltr-jumpstart-booster-pack-vol-2-2\\\/\",\"url\":\"https:\\\/\\\/theuncommonshop.ch\\\/fr\\\/product\\\/magic-the-lord-of-the-rings-tales-of-middle-earth-ltr-jumpstart-booster-pack-vol-2-2\\\/\",\"name\":\"Ach\u00e8te Magic - The Lord of the Rings : Tales of Middle-Earth (LTR) - Jumpstart Booster Pack Vol. 2\",\"isPartOf\":{\"@id\":\"https:\\\/\\\/theuncommonshop.ch\\\/#website\"},\"primaryImageOfPage\":{\"@id\":\"https:\\\/\\\/theuncommonshop.ch\\\/fr\\\/product\\\/magic-the-lord-of-the-rings-tales-of-middle-earth-ltr-jumpstart-booster-pack-vol-2-2\\\/#primaryimage\"},\"image\":{\"@id\":\"https:\\\/\\\/theuncommonshop.ch\\\/fr\\\/product\\\/magic-the-lord-of-the-rings-tales-of-middle-earth-ltr-jumpstart-booster-pack-vol-2-2\\\/#primaryimage\"},\"thumbnailUrl\":\"https:\\\/\\\/theuncommonshop.ch\\\/wp-content\\\/uploads\\\/2025\\\/06\\\/3653637777.jpg\",\"datePublished\":\"2025-06-03T23:33:09+00:00\",\"dateModified\":\"2026-03-28T16:56:09+00:00\",\"description\":\"Ach\u00e8te Magic - The Lord of the Rings : Tales of Middle-Earth (LTR) - Jumpstart Booster Pack Vol. 2 en ligne maintenant \u00e0 petit prix! Ton #1 shop pour cartes TCG & Pok\u00e9mon en Suisse \u2713 Livraison gratuite d\u00e8s CHF 29\",\"breadcrumb\":{\"@id\":\"https:\\\/\\\/theuncommonshop.ch\\\/fr\\\/product\\\/magic-the-lord-of-the-rings-tales-of-middle-earth-ltr-jumpstart-booster-pack-vol-2-2\\\/#breadcrumb\"},\"inLanguage\":\"fr-FR\",\"potentialAction\":[{\"@type\":\"ReadAction\",\"target\":[\"https:\\\/\\\/theuncommonshop.ch\\\/fr\\\/product\\\/magic-the-lord-of-the-rings-tales-of-middle-earth-ltr-jumpstart-booster-pack-vol-2-2\\\/\"]}]},{\"@type\":\"ImageObject\",\"inLanguage\":\"fr-FR\",\"@id\":\"https:\\\/\\\/theuncommonshop.ch\\\/fr\\\/product\\\/magic-the-lord-of-the-rings-tales-of-middle-earth-ltr-jumpstart-booster-pack-vol-2-2\\\/#primaryimage\",\"url\":\"https:\\\/\\\/theuncommonshop.ch\\\/wp-content\\\/uploads\\\/2025\\\/06\\\/3653637777.jpg\",\"contentUrl\":\"https:\\\/\\\/theuncommonshop.ch\\\/wp-content\\\/uploads\\\/2025\\\/06\\\/3653637777.jpg\",\"width\":374,\"height\":667},{\"@type\":\"BreadcrumbList\",\"@id\":\"https:\\\/\\\/theuncommonshop.ch\\\/fr\\\/product\\\/magic-the-lord-of-the-rings-tales-of-middle-earth-ltr-jumpstart-booster-pack-vol-2-2\\\/#breadcrumb\",\"itemListElement\":[{\"@type\":\"ListItem\",\"position\":1,\"name\":\"Accueil\",\"item\":\"https:\\\/\\\/theuncommonshop.ch\\\/fr\\\/accueil\\\/\"},{\"@type\":\"ListItem\",\"position\":2,\"name\":\"Boutique\",\"item\":\"https:\\\/\\\/theuncommonshop.ch\\\/fr\\\/boutique\\\/\"},{\"@type\":\"ListItem\",\"position\":3,\"name\":\"Magic the Gathering\",\"item\":\"https:\\\/\\\/theuncommonshop.ch\\\/fr\\\/categorie-produit\\\/magic-the-gathering-fr\\\/\"},{\"@type\":\"ListItem\",\"position\":4,\"name\":\"Produits par lots\",\"item\":\"https:\\\/\\\/theuncommonshop.ch\\\/fr\\\/categorie-produit\\\/magic-the-gathering-fr\\\/produits-par-lots-mtg\\\/\"},{\"@type\":\"ListItem\",\"position\":5,\"name\":\"Le Seigneur des Anneaux : chroniques de la Terre du Milieu\",\"item\":\"https:\\\/\\\/theuncommonshop.ch\\\/fr\\\/categorie-produit\\\/magic-the-gathering-fr\\\/produits-par-lots-mtg\\\/le-seigneur-des-anneaux-chroniques-de-la-terre-du-milieu\\\/\"},{\"@type\":\"ListItem\",\"position\":6,\"name\":\"Magic &#8211; The Lord of the Rings : Tales of Middle-Earth (LTR) &#8211; Jumpstart Booster Pack Vol. 2\"}]},{\"@type\":\"WebSite\",\"@id\":\"https:\\\/\\\/theuncommonshop.ch\\\/#website\",\"url\":\"https:\\\/\\\/theuncommonshop.ch\\\/\",\"name\":\"Largest trading card shop in Switzerland\",\"description\":\"Magic, Pok\u00e9mon and Yu-gi-oh - The Uncommon Shop\",\"potentialAction\":[{\"@type\":\"SearchAction\",\"target\":{\"@type\":\"EntryPoint\",\"urlTemplate\":\"https:\\\/\\\/theuncommonshop.ch\\\/?s={search_term_string}\"},\"query-input\":{\"@type\":\"PropertyValueSpecification\",\"valueRequired\":true,\"valueName\":\"search_term_string\"}}],\"inLanguage\":\"fr-FR\"}]}<\/script>\n<meta property=\"og:availability\" content=\"out of stock\" \/>\n<meta property=\"product:availability\" content=\"out of stock\" \/>\n<meta property=\"product:condition\" content=\"new\" \/>\n<!-- \/ Yoast SEO plugin. -->","yoast_head_json":{"title":"Ach\u00e8te Magic - The Lord of the Rings : Tales of Middle-Earth (LTR) - Jumpstart Booster Pack Vol. 2","description":"Ach\u00e8te Magic - The Lord of the Rings : Tales of Middle-Earth (LTR) - Jumpstart Booster Pack Vol. 2 en ligne maintenant \u00e0 petit prix! Ton #1 shop pour cartes TCG & Pok\u00e9mon en Suisse \u2713 Livraison gratuite d\u00e8s CHF 29","robots":{"index":"index","follow":"follow","max-snippet":"max-snippet:-1","max-image-preview":"max-image-preview:large","max-video-preview":"max-video-preview:-1"},"canonical":"https:\/\/theuncommonshop.ch\/fr\/product\/magic-the-lord-of-the-rings-tales-of-middle-earth-ltr-jumpstart-booster-pack-vol-2-2\/","og_locale":"fr_FR","og_type":"article","og_title":"Ach\u00e8te Magic - The Lord of the Rings : Tales of Middle-Earth (LTR) - Jumpstart Booster Pack Vol. 2","og_description":"Ach\u00e8te Magic - The Lord of the Rings : Tales of Middle-Earth (LTR) - Jumpstart Booster Pack Vol. 2 en ligne maintenant \u00e0 petit prix! Ton #1 shop pour cartes TCG & Pok\u00e9mon en Suisse \u2713 Livraison gratuite d\u00e8s CHF 29","og_url":"https:\/\/theuncommonshop.ch\/fr\/product\/magic-the-lord-of-the-rings-tales-of-middle-earth-ltr-jumpstart-booster-pack-vol-2-2\/","og_site_name":"Largest trading card shop in Switzerland","article_modified_time":"2026-03-28T16:56:09+00:00","og_image":[{"width":374,"height":667,"url":"https:\/\/theuncommonshop.ch\/wp-content\/uploads\/2025\/06\/3653637777.jpg","type":"image\/jpeg"}],"twitter_card":"summary_large_image","twitter_misc":{"Disponibilit\u00e9":"Rupture de stock"},"schema":{"@context":"https:\/\/schema.org","@graph":[{"@type":"WebPage","@id":"https:\/\/theuncommonshop.ch\/fr\/product\/magic-the-lord-of-the-rings-tales-of-middle-earth-ltr-jumpstart-booster-pack-vol-2-2\/","url":"https:\/\/theuncommonshop.ch\/fr\/product\/magic-the-lord-of-the-rings-tales-of-middle-earth-ltr-jumpstart-booster-pack-vol-2-2\/","name":"Ach\u00e8te Magic - The Lord of the Rings : Tales of Middle-Earth (LTR) - Jumpstart Booster Pack Vol. 2","isPartOf":{"@id":"https:\/\/theuncommonshop.ch\/#website"},"primaryImageOfPage":{"@id":"https:\/\/theuncommonshop.ch\/fr\/product\/magic-the-lord-of-the-rings-tales-of-middle-earth-ltr-jumpstart-booster-pack-vol-2-2\/#primaryimage"},"image":{"@id":"https:\/\/theuncommonshop.ch\/fr\/product\/magic-the-lord-of-the-rings-tales-of-middle-earth-ltr-jumpstart-booster-pack-vol-2-2\/#primaryimage"},"thumbnailUrl":"https:\/\/theuncommonshop.ch\/wp-content\/uploads\/2025\/06\/3653637777.jpg","datePublished":"2025-06-03T23:33:09+00:00","dateModified":"2026-03-28T16:56:09+00:00","description":"Ach\u00e8te Magic - The Lord of the Rings : Tales of Middle-Earth (LTR) - Jumpstart Booster Pack Vol. 2 en ligne maintenant \u00e0 petit prix! Ton #1 shop pour cartes TCG & Pok\u00e9mon en Suisse \u2713 Livraison gratuite d\u00e8s CHF 29","breadcrumb":{"@id":"https:\/\/theuncommonshop.ch\/fr\/product\/magic-the-lord-of-the-rings-tales-of-middle-earth-ltr-jumpstart-booster-pack-vol-2-2\/#breadcrumb"},"inLanguage":"fr-FR","potentialAction":[{"@type":"ReadAction","target":["https:\/\/theuncommonshop.ch\/fr\/product\/magic-the-lord-of-the-rings-tales-of-middle-earth-ltr-jumpstart-booster-pack-vol-2-2\/"]}]},{"@type":"ImageObject","inLanguage":"fr-FR","@id":"https:\/\/theuncommonshop.ch\/fr\/product\/magic-the-lord-of-the-rings-tales-of-middle-earth-ltr-jumpstart-booster-pack-vol-2-2\/#primaryimage","url":"https:\/\/theuncommonshop.ch\/wp-content\/uploads\/2025\/06\/3653637777.jpg","contentUrl":"https:\/\/theuncommonshop.ch\/wp-content\/uploads\/2025\/06\/3653637777.jpg","width":374,"height":667},{"@type":"BreadcrumbList","@id":"https:\/\/theuncommonshop.ch\/fr\/product\/magic-the-lord-of-the-rings-tales-of-middle-earth-ltr-jumpstart-booster-pack-vol-2-2\/#breadcrumb","itemListElement":[{"@type":"ListItem","position":1,"name":"Accueil","item":"https:\/\/theuncommonshop.ch\/fr\/accueil\/"},{"@type":"ListItem","position":2,"name":"Boutique","item":"https:\/\/theuncommonshop.ch\/fr\/boutique\/"},{"@type":"ListItem","position":3,"name":"Magic the Gathering","item":"https:\/\/theuncommonshop.ch\/fr\/categorie-produit\/magic-the-gathering-fr\/"},{"@type":"ListItem","position":4,"name":"Produits par lots","item":"https:\/\/theuncommonshop.ch\/fr\/categorie-produit\/magic-the-gathering-fr\/produits-par-lots-mtg\/"},{"@type":"ListItem","position":5,"name":"Le Seigneur des Anneaux : chroniques de la Terre du Milieu","item":"https:\/\/theuncommonshop.ch\/fr\/categorie-produit\/magic-the-gathering-fr\/produits-par-lots-mtg\/le-seigneur-des-anneaux-chroniques-de-la-terre-du-milieu\/"},{"@type":"ListItem","position":6,"name":"Magic &#8211; The Lord of the Rings : Tales of Middle-Earth (LTR) &#8211; Jumpstart Booster Pack Vol. 2"}]},{"@type":"WebSite","@id":"https:\/\/theuncommonshop.ch\/#website","url":"https:\/\/theuncommonshop.ch\/","name":"Largest trading card shop in Switzerland","description":"Magic, Pok\u00e9mon and Yu-gi-oh - The Uncommon Shop","potentialAction":[{"@type":"SearchAction","target":{"@type":"EntryPoint","urlTemplate":"https:\/\/theuncommonshop.ch\/?s={search_term_string}"},"query-input":{"@type":"PropertyValueSpecification","valueRequired":true,"valueName":"search_term_string"}}],"inLanguage":"fr-FR"}]},"og_availability":"out of stock","product_availability":"out of stock","product_condition":"new"},"_links":{"self":[{"href":"https:\/\/theuncommonshop.ch\/fr\/wp-json\/wp\/v2\/product\/325899","targetHints":{"allow":["GET"]}}],"collection":[{"href":"https:\/\/theuncommonshop.ch\/fr\/wp-json\/wp\/v2\/product"}],"about":[{"href":"https:\/\/theuncommonshop.ch\/fr\/wp-json\/wp\/v2\/types\/product"}],"replies":[{"embeddable":true,"href":"https:\/\/theuncommonshop.ch\/fr\/wp-json\/wp\/v2\/comments?post=325899"}],"version-history":[{"count":2,"href":"https:\/\/theuncommonshop.ch\/fr\/wp-json\/wp\/v2\/product\/325899\/revisions"}],"predecessor-version":[{"id":356511,"href":"https:\/\/theuncommonshop.ch\/fr\/wp-json\/wp\/v2\/product\/325899\/revisions\/356511"}],"wp:featuredmedia":[{"embeddable":true,"href":"https:\/\/theuncommonshop.ch\/fr\/wp-json\/wp\/v2\/media\/94578"}],"wp:attachment":[{"href":"https:\/\/theuncommonshop.ch\/fr\/wp-json\/wp\/v2\/media?parent=325899"}],"wp:term":[{"taxonomy":"product_brand","embeddable":true,"href":"https:\/\/theuncommonshop.ch\/fr\/wp-json\/wp\/v2\/product_brand?post=325899"},{"taxonomy":"product_cat","embeddable":true,"href":"https:\/\/theuncommonshop.ch\/fr\/wp-json\/wp\/v2\/product_cat?post=325899"},{"taxonomy":"product_tag","embeddable":true,"href":"https:\/\/theuncommonshop.ch\/fr\/wp-json\/wp\/v2\/product_tag?post=325899"}],"curies":[{"name":"wp","href":"https:\/\/api.w.org\/{rel}","templated":true}]}}