{"id":325748,"date":"2025-06-03T22:20:13","date_gmt":"2025-06-03T22:20:13","guid":{"rendered":"http:\/\/theuncommonshop.ch\/produkt\/325748\/"},"modified":"2026-03-29T16:19:01","modified_gmt":"2026-03-29T14:19:01","slug":"yu-gi-oh-25-jahre-jubilaeum-legend-of-blue-eyes-white-dragon-booster-pack-2","status":"publish","type":"product","link":"https:\/\/theuncommonshop.ch\/fr\/product\/yu-gi-oh-25-jahre-jubilaeum-legend-of-blue-eyes-white-dragon-booster-pack-2\/","title":{"rendered":"Yu-Gi-Oh ! &#8211; 25th Anniversary &#8211; Legend of Blue-Eyes White Dragon &#8211; Booster Pack"},"content":{"rendered":"<p><em>Legend of Blue Eyes White Dragon<\/em> a \u00e9t\u00e9 le tout premier Booster Yu-Gi-Oh ! TRADING CARD GAME jamais lanc\u00e9 ! Pendant des ann\u00e9es, ces Packs tr\u00e8s convoit\u00e9s n&#8217;ont \u00e9t\u00e9 disponibles que dans le cadre de la <em>Legendary Collection<\/em>. Mais maintenant, juste \u00e0 temps pour le 25e anniversaire du Trading Card Game, ils sont publi\u00e9s en tant que Booster Packs ind\u00e9pendants !   <\/p>\n<p><em>Legend of Blue-Eyes White Dragon<\/em> \u00e9tait important non seulement parce qu&#8217;il \u00e9tait le premier Booster Set, mais aussi parce qu&#8217;il apportait des cartes c\u00e9l\u00e8bres comme Exodia, l&#8217;Interdite, ainsi que des cartes magiques comme le Pot de Cupidit\u00e9 et Raigeki. Cette \u00e9dition comprend les deux Secret Rares du coffret. <\/p>\n<p><strong><em>Le Booster <\/em><em>Legend of Blue-Eyes White Dragon<\/em> contient 126 cartes :<\/strong><\/p>\n<ul>\n<li>82 cartes Common<\/li>\n<li>22 cartes Super Rares<\/li>\n<li>10 cartes Ultra Rares<\/li>\n<li>10 cartes Ultra Rares<\/li>\n<li>2 cartes Secret Rare<\/li>\n<\/ul>\n","protected":false},"excerpt":{"rendered":"<p>Legend of Blue Eyes White Dragon a \u00e9t\u00e9 le tout premier Booster Yu-Gi-Oh ! TRADING CARD GAME jamais lanc\u00e9 !<\/p>\n","protected":false},"featured_media":92847,"comment_status":"open","ping_status":"closed","template":"","meta":{"_acf_changed":false},"product_brand":[5074,5112],"product_cat":[9983,9779],"product_tag":[],"class_list":{"0":"post-325748","1":"product","2":"type-product","3":"status-publish","4":"has-post-thumbnail","6":"product_brand-konami","7":"product_brand-yu-gi-oh","8":"product_cat-booster-packs-fr-2","9":"product_cat-yu-gi-oh-fr","11":"first","12":"outofstock","13":"taxable","14":"shipping-taxable","15":"purchasable","16":"product-type-simple"},"acf":[],"yoast_head":"<!-- This site is optimized with the Yoast SEO plugin v27.4 - https:\/\/yoast.com\/product\/yoast-seo-wordpress\/ -->\n<title>Ach\u00e8te Yu-Gi-Oh ! - 25th Anniversary - Legend of Blue-Eyes White Dragon - Booster Pack<\/title>\n<meta name=\"description\" content=\"Ach\u00e8te Yu-Gi-Oh ! - 25th Anniversary - Legend of Blue-Eyes White Dragon - Booster Pack en ligne maintenant \u00e0 petit prix! Ton #1 shop pour cartes TCG &amp; Pok\u00e9mon en Suisse \u2713 Livraison gratuite d\u00e8s CHF 29\" \/>\n<meta name=\"robots\" content=\"index, follow, max-snippet:-1, max-image-preview:large, max-video-preview:-1\" \/>\n<link rel=\"canonical\" href=\"https:\/\/theuncommonshop.ch\/fr\/product\/yu-gi-oh-25-jahre-jubilaeum-legend-of-blue-eyes-white-dragon-booster-pack-2\/\" \/>\n<meta property=\"og:locale\" content=\"fr_FR\" \/>\n<meta property=\"og:type\" content=\"article\" \/>\n<meta property=\"og:title\" content=\"Ach\u00e8te Yu-Gi-Oh ! - 25th Anniversary - Legend of Blue-Eyes White Dragon - Booster Pack\" \/>\n<meta property=\"og:description\" content=\"Ach\u00e8te Yu-Gi-Oh ! - 25th Anniversary - Legend of Blue-Eyes White Dragon - Booster Pack en ligne maintenant \u00e0 petit prix! Ton #1 shop pour cartes TCG &amp; Pok\u00e9mon en Suisse \u2713 Livraison gratuite d\u00e8s CHF 29\" \/>\n<meta property=\"og:url\" content=\"https:\/\/theuncommonshop.ch\/fr\/product\/yu-gi-oh-25-jahre-jubilaeum-legend-of-blue-eyes-white-dragon-booster-pack-2\/\" \/>\n<meta property=\"og:site_name\" content=\"Largest trading card shop in Switzerland\" \/>\n<meta property=\"article:modified_time\" content=\"2026-03-29T14:19:01+00:00\" \/>\n<meta property=\"og:image\" content=\"https:\/\/theuncommonshop.ch\/wp-content\/uploads\/2025\/06\/3565108415.jpg\" \/>\n\t<meta property=\"og:image:width\" content=\"391\" \/>\n\t<meta property=\"og:image:height\" content=\"702\" \/>\n\t<meta property=\"og:image:type\" content=\"image\/jpeg\" \/>\n<meta name=\"twitter:card\" content=\"summary_large_image\" \/>\n<meta name=\"twitter:label1\" content=\"Prix\" \/>\n\t<meta name=\"twitter:data1\" content=\"&#067;&#072;&#070;&nbsp;7.95\" \/>\n\t<meta name=\"twitter:label2\" content=\"Disponibilit\u00e9\" \/>\n\t<meta name=\"twitter:data2\" content=\"Rupture de stock\" \/>\n<script type=\"application\/ld+json\" class=\"yoast-schema-graph\">{\"@context\":\"https:\\\/\\\/schema.org\",\"@graph\":[{\"@type\":\"WebPage\",\"@id\":\"https:\\\/\\\/theuncommonshop.ch\\\/fr\\\/product\\\/yu-gi-oh-25-jahre-jubilaeum-legend-of-blue-eyes-white-dragon-booster-pack-2\\\/\",\"url\":\"https:\\\/\\\/theuncommonshop.ch\\\/fr\\\/product\\\/yu-gi-oh-25-jahre-jubilaeum-legend-of-blue-eyes-white-dragon-booster-pack-2\\\/\",\"name\":\"Ach\u00e8te Yu-Gi-Oh ! - 25th Anniversary - Legend of Blue-Eyes White Dragon - Booster Pack\",\"isPartOf\":{\"@id\":\"https:\\\/\\\/theuncommonshop.ch\\\/#website\"},\"primaryImageOfPage\":{\"@id\":\"https:\\\/\\\/theuncommonshop.ch\\\/fr\\\/product\\\/yu-gi-oh-25-jahre-jubilaeum-legend-of-blue-eyes-white-dragon-booster-pack-2\\\/#primaryimage\"},\"image\":{\"@id\":\"https:\\\/\\\/theuncommonshop.ch\\\/fr\\\/product\\\/yu-gi-oh-25-jahre-jubilaeum-legend-of-blue-eyes-white-dragon-booster-pack-2\\\/#primaryimage\"},\"thumbnailUrl\":\"https:\\\/\\\/theuncommonshop.ch\\\/wp-content\\\/uploads\\\/2025\\\/06\\\/3565108415.jpg\",\"datePublished\":\"2025-06-03T22:20:13+00:00\",\"dateModified\":\"2026-03-29T14:19:01+00:00\",\"description\":\"Ach\u00e8te Yu-Gi-Oh ! - 25th Anniversary - Legend of Blue-Eyes White Dragon - Booster Pack en ligne maintenant \u00e0 petit prix! Ton #1 shop pour cartes TCG & Pok\u00e9mon en Suisse \u2713 Livraison gratuite d\u00e8s CHF 29\",\"breadcrumb\":{\"@id\":\"https:\\\/\\\/theuncommonshop.ch\\\/fr\\\/product\\\/yu-gi-oh-25-jahre-jubilaeum-legend-of-blue-eyes-white-dragon-booster-pack-2\\\/#breadcrumb\"},\"inLanguage\":\"fr-FR\",\"potentialAction\":[{\"@type\":\"ReadAction\",\"target\":[\"https:\\\/\\\/theuncommonshop.ch\\\/fr\\\/product\\\/yu-gi-oh-25-jahre-jubilaeum-legend-of-blue-eyes-white-dragon-booster-pack-2\\\/\"]}]},{\"@type\":\"ImageObject\",\"inLanguage\":\"fr-FR\",\"@id\":\"https:\\\/\\\/theuncommonshop.ch\\\/fr\\\/product\\\/yu-gi-oh-25-jahre-jubilaeum-legend-of-blue-eyes-white-dragon-booster-pack-2\\\/#primaryimage\",\"url\":\"https:\\\/\\\/theuncommonshop.ch\\\/wp-content\\\/uploads\\\/2025\\\/06\\\/3565108415.jpg\",\"contentUrl\":\"https:\\\/\\\/theuncommonshop.ch\\\/wp-content\\\/uploads\\\/2025\\\/06\\\/3565108415.jpg\",\"width\":391,\"height\":702},{\"@type\":\"BreadcrumbList\",\"@id\":\"https:\\\/\\\/theuncommonshop.ch\\\/fr\\\/product\\\/yu-gi-oh-25-jahre-jubilaeum-legend-of-blue-eyes-white-dragon-booster-pack-2\\\/#breadcrumb\",\"itemListElement\":[{\"@type\":\"ListItem\",\"position\":1,\"name\":\"Accueil\",\"item\":\"https:\\\/\\\/theuncommonshop.ch\\\/fr\\\/accueil\\\/\"},{\"@type\":\"ListItem\",\"position\":2,\"name\":\"Boutique\",\"item\":\"https:\\\/\\\/theuncommonshop.ch\\\/fr\\\/boutique\\\/\"},{\"@type\":\"ListItem\",\"position\":3,\"name\":\"Yu-Gi-Oh!\",\"item\":\"https:\\\/\\\/theuncommonshop.ch\\\/fr\\\/categorie-produit\\\/yu-gi-oh-fr\\\/\"},{\"@type\":\"ListItem\",\"position\":4,\"name\":\"Booster Packs\",\"item\":\"https:\\\/\\\/theuncommonshop.ch\\\/fr\\\/categorie-produit\\\/yu-gi-oh-fr\\\/booster-packs-fr-2\\\/\"},{\"@type\":\"ListItem\",\"position\":5,\"name\":\"Yu-Gi-Oh ! &#8211; 25th Anniversary &#8211; Legend of Blue-Eyes White Dragon &#8211; Booster Pack\"}]},{\"@type\":\"WebSite\",\"@id\":\"https:\\\/\\\/theuncommonshop.ch\\\/#website\",\"url\":\"https:\\\/\\\/theuncommonshop.ch\\\/\",\"name\":\"Largest trading card shop in Switzerland\",\"description\":\"Magic, Pok\u00e9mon and Yu-gi-oh - The Uncommon Shop\",\"potentialAction\":[{\"@type\":\"SearchAction\",\"target\":{\"@type\":\"EntryPoint\",\"urlTemplate\":\"https:\\\/\\\/theuncommonshop.ch\\\/?s={search_term_string}\"},\"query-input\":{\"@type\":\"PropertyValueSpecification\",\"valueRequired\":true,\"valueName\":\"search_term_string\"}}],\"inLanguage\":\"fr-FR\"}]}<\/script>\n<meta property=\"product:price:amount\" content=\"7.95\" \/>\n<meta property=\"product:price:currency\" content=\"CHF\" \/>\n<meta property=\"og:availability\" content=\"out of stock\" \/>\n<meta property=\"product:availability\" content=\"out of stock\" \/>\n<meta property=\"product:retailer_item_id\" content=\"YGO.I.D.LOBBooster.EN\" \/>\n<meta property=\"product:condition\" content=\"new\" \/>\n<!-- \/ Yoast SEO plugin. -->","yoast_head_json":{"title":"Ach\u00e8te Yu-Gi-Oh ! - 25th Anniversary - Legend of Blue-Eyes White Dragon - Booster Pack","description":"Ach\u00e8te Yu-Gi-Oh ! - 25th Anniversary - Legend of Blue-Eyes White Dragon - Booster Pack en ligne maintenant \u00e0 petit prix! Ton #1 shop pour cartes TCG & Pok\u00e9mon en Suisse \u2713 Livraison gratuite d\u00e8s CHF 29","robots":{"index":"index","follow":"follow","max-snippet":"max-snippet:-1","max-image-preview":"max-image-preview:large","max-video-preview":"max-video-preview:-1"},"canonical":"https:\/\/theuncommonshop.ch\/fr\/product\/yu-gi-oh-25-jahre-jubilaeum-legend-of-blue-eyes-white-dragon-booster-pack-2\/","og_locale":"fr_FR","og_type":"article","og_title":"Ach\u00e8te Yu-Gi-Oh ! - 25th Anniversary - Legend of Blue-Eyes White Dragon - Booster Pack","og_description":"Ach\u00e8te Yu-Gi-Oh ! - 25th Anniversary - Legend of Blue-Eyes White Dragon - Booster Pack en ligne maintenant \u00e0 petit prix! Ton #1 shop pour cartes TCG & Pok\u00e9mon en Suisse \u2713 Livraison gratuite d\u00e8s CHF 29","og_url":"https:\/\/theuncommonshop.ch\/fr\/product\/yu-gi-oh-25-jahre-jubilaeum-legend-of-blue-eyes-white-dragon-booster-pack-2\/","og_site_name":"Largest trading card shop in Switzerland","article_modified_time":"2026-03-29T14:19:01+00:00","og_image":[{"width":391,"height":702,"url":"https:\/\/theuncommonshop.ch\/wp-content\/uploads\/2025\/06\/3565108415.jpg","type":"image\/jpeg"}],"twitter_card":"summary_large_image","twitter_misc":{"Prix":"&#67;&#72;&#70;&nbsp;7.95","Disponibilit\u00e9":"Rupture de stock"},"schema":{"@context":"https:\/\/schema.org","@graph":[{"@type":"WebPage","@id":"https:\/\/theuncommonshop.ch\/fr\/product\/yu-gi-oh-25-jahre-jubilaeum-legend-of-blue-eyes-white-dragon-booster-pack-2\/","url":"https:\/\/theuncommonshop.ch\/fr\/product\/yu-gi-oh-25-jahre-jubilaeum-legend-of-blue-eyes-white-dragon-booster-pack-2\/","name":"Ach\u00e8te Yu-Gi-Oh ! - 25th Anniversary - Legend of Blue-Eyes White Dragon - Booster Pack","isPartOf":{"@id":"https:\/\/theuncommonshop.ch\/#website"},"primaryImageOfPage":{"@id":"https:\/\/theuncommonshop.ch\/fr\/product\/yu-gi-oh-25-jahre-jubilaeum-legend-of-blue-eyes-white-dragon-booster-pack-2\/#primaryimage"},"image":{"@id":"https:\/\/theuncommonshop.ch\/fr\/product\/yu-gi-oh-25-jahre-jubilaeum-legend-of-blue-eyes-white-dragon-booster-pack-2\/#primaryimage"},"thumbnailUrl":"https:\/\/theuncommonshop.ch\/wp-content\/uploads\/2025\/06\/3565108415.jpg","datePublished":"2025-06-03T22:20:13+00:00","dateModified":"2026-03-29T14:19:01+00:00","description":"Ach\u00e8te Yu-Gi-Oh ! - 25th Anniversary - Legend of Blue-Eyes White Dragon - Booster Pack en ligne maintenant \u00e0 petit prix! Ton #1 shop pour cartes TCG & Pok\u00e9mon en Suisse \u2713 Livraison gratuite d\u00e8s CHF 29","breadcrumb":{"@id":"https:\/\/theuncommonshop.ch\/fr\/product\/yu-gi-oh-25-jahre-jubilaeum-legend-of-blue-eyes-white-dragon-booster-pack-2\/#breadcrumb"},"inLanguage":"fr-FR","potentialAction":[{"@type":"ReadAction","target":["https:\/\/theuncommonshop.ch\/fr\/product\/yu-gi-oh-25-jahre-jubilaeum-legend-of-blue-eyes-white-dragon-booster-pack-2\/"]}]},{"@type":"ImageObject","inLanguage":"fr-FR","@id":"https:\/\/theuncommonshop.ch\/fr\/product\/yu-gi-oh-25-jahre-jubilaeum-legend-of-blue-eyes-white-dragon-booster-pack-2\/#primaryimage","url":"https:\/\/theuncommonshop.ch\/wp-content\/uploads\/2025\/06\/3565108415.jpg","contentUrl":"https:\/\/theuncommonshop.ch\/wp-content\/uploads\/2025\/06\/3565108415.jpg","width":391,"height":702},{"@type":"BreadcrumbList","@id":"https:\/\/theuncommonshop.ch\/fr\/product\/yu-gi-oh-25-jahre-jubilaeum-legend-of-blue-eyes-white-dragon-booster-pack-2\/#breadcrumb","itemListElement":[{"@type":"ListItem","position":1,"name":"Accueil","item":"https:\/\/theuncommonshop.ch\/fr\/accueil\/"},{"@type":"ListItem","position":2,"name":"Boutique","item":"https:\/\/theuncommonshop.ch\/fr\/boutique\/"},{"@type":"ListItem","position":3,"name":"Yu-Gi-Oh!","item":"https:\/\/theuncommonshop.ch\/fr\/categorie-produit\/yu-gi-oh-fr\/"},{"@type":"ListItem","position":4,"name":"Booster Packs","item":"https:\/\/theuncommonshop.ch\/fr\/categorie-produit\/yu-gi-oh-fr\/booster-packs-fr-2\/"},{"@type":"ListItem","position":5,"name":"Yu-Gi-Oh ! &#8211; 25th Anniversary &#8211; Legend of Blue-Eyes White Dragon &#8211; Booster Pack"}]},{"@type":"WebSite","@id":"https:\/\/theuncommonshop.ch\/#website","url":"https:\/\/theuncommonshop.ch\/","name":"Largest trading card shop in Switzerland","description":"Magic, Pok\u00e9mon and Yu-gi-oh - The Uncommon Shop","potentialAction":[{"@type":"SearchAction","target":{"@type":"EntryPoint","urlTemplate":"https:\/\/theuncommonshop.ch\/?s={search_term_string}"},"query-input":{"@type":"PropertyValueSpecification","valueRequired":true,"valueName":"search_term_string"}}],"inLanguage":"fr-FR"}]},"product_price_amount":"7.95","product_price_currency":"CHF","og_availability":"out of stock","product_availability":"out of stock","product_retailer_item_id":"YGO.I.D.LOBBooster.EN","product_condition":"new"},"_links":{"self":[{"href":"https:\/\/theuncommonshop.ch\/fr\/wp-json\/wp\/v2\/product\/325748","targetHints":{"allow":["GET"]}}],"collection":[{"href":"https:\/\/theuncommonshop.ch\/fr\/wp-json\/wp\/v2\/product"}],"about":[{"href":"https:\/\/theuncommonshop.ch\/fr\/wp-json\/wp\/v2\/types\/product"}],"replies":[{"embeddable":true,"href":"https:\/\/theuncommonshop.ch\/fr\/wp-json\/wp\/v2\/comments?post=325748"}],"version-history":[{"count":3,"href":"https:\/\/theuncommonshop.ch\/fr\/wp-json\/wp\/v2\/product\/325748\/revisions"}],"predecessor-version":[{"id":360209,"href":"https:\/\/theuncommonshop.ch\/fr\/wp-json\/wp\/v2\/product\/325748\/revisions\/360209"}],"wp:featuredmedia":[{"embeddable":true,"href":"https:\/\/theuncommonshop.ch\/fr\/wp-json\/wp\/v2\/media\/92847"}],"wp:attachment":[{"href":"https:\/\/theuncommonshop.ch\/fr\/wp-json\/wp\/v2\/media?parent=325748"}],"wp:term":[{"taxonomy":"product_brand","embeddable":true,"href":"https:\/\/theuncommonshop.ch\/fr\/wp-json\/wp\/v2\/product_brand?post=325748"},{"taxonomy":"product_cat","embeddable":true,"href":"https:\/\/theuncommonshop.ch\/fr\/wp-json\/wp\/v2\/product_cat?post=325748"},{"taxonomy":"product_tag","embeddable":true,"href":"https:\/\/theuncommonshop.ch\/fr\/wp-json\/wp\/v2\/product_tag?post=325748"}],"curies":[{"name":"wp","href":"https:\/\/api.w.org\/{rel}","templated":true}]}}