{"id":325697,"date":"2025-06-03T20:59:01","date_gmt":"2025-06-03T18:59:01","guid":{"rendered":"http:\/\/theuncommonshop.ch\/produkt\/325697\/"},"modified":"2026-03-28T17:37:07","modified_gmt":"2026-03-28T16:37:07","slug":"yu-gi-oh-hidden-summoners-booster-display-us-vers-2","status":"publish","type":"product","link":"https:\/\/theuncommonshop.ch\/fr\/product\/yu-gi-oh-hidden-summoners-booster-display-us-vers-2\/","title":{"rendered":"Yu-Gi-Oh ! &#8211; Hidden Summoners &#8211; Booster Display (US Vers.)"},"content":{"rendered":"<p>&nbsp;<\/p>\n<div>\n<div><\/div>\n<div>\n<div>\n<p><strong>Yu-Gi-Oh ! Hidden Summoners Booster Display 1\u00e8re Edition<\/strong><\/p>\n<p>\u00c0 l&#8217;automne 2018, le prochain ensemble purement Foil Yu-Gi-Oh ! Trading Card Game Hidden Summoners sortira avec pas moins de 3 nouveaux th\u00e8mes de deck proposant plusieurs m\u00e9thodes d&#8217;invocation ! Chaque strat\u00e9gie de deck introduite par Yu-Gi-Oh ! Trading Card Game Hidden Summoners combine la flexibilit\u00e9 des invocations de liens avec la puissance brute d&#8217;un autre type d&#8217;invocation. Voil\u00e0 ce que vous pouvez attendre de l&#8217;automne !    <\/p>\n<p>Le Ph\u00e9nix sacr\u00e9 de Nephthys rena\u00eet de ses cendres et se r\u00e9incarne en monstre rituel ! Le Ph\u00e9nix et son compagnon, la majordome de Nephthys, font tous deux le saut dans la nouvelle \u00e8re. Les deux ont un monstre rituel bas\u00e9 sur la carte originale, mais aussi leur propre cadre de familiers de niveau 2 qui vous permettent de d\u00e9truire vos cartes pour utiliser leurs effets. D\u00e9truisez une autre carte dans ce th\u00e8me et la seconde capacit\u00e9 s&#8217;activera lors de votre prochaine phase d&#8217;attente, vous donnant deux grands effets pour le prix d&#8217;un. Les monstres de liaison de ce th\u00e8me sont bas\u00e9s sur l&#8217;invocation de plusieurs monstres rituels. L&#8217;un r\u00e9cup\u00e8re les pi\u00e8ces n\u00e9cessaires \u00e0 l&#8217;invocation rituelle ou ressuscite les monstres tomb\u00e9s, tandis que l&#8217;autre devient plus fort en fonction du nombre de monstres rituels que vous avez utilis\u00e9 pour l&#8217;invoquer.     <\/p>\n<p>De minuscules farceurs qui n&#8217;ont rien de bon en t\u00eate ! Ils peuvent para\u00eetre mignons et innocents, mais les 3 monstres \u00e0 effet principal de cette strat\u00e9gie peuvent combiner 6 chemins diff\u00e9rents vers le chaos. Dans cette strat\u00e9gie, les monstres de fusion sont utilis\u00e9s avec des monstres de lien et les monstres du deck vous donnent plus de mat\u00e9riel si vous les utilisez pour faire des invocations de fusion et de lien. Chacun des monstres de fusion et de lien peut \u00eatre offert en hommage pour un effet sp\u00e9cial. Le plus puissant d&#8217;entre eux peut \u00eatre offert en hommage pour r\u00e9pliquer les effets de Raigeki ou Harpyen-Flederwisch.    <\/p>\n<p>Enfin, les monstres zombies bas\u00e9s sur des l\u00e9gendes japonaises se manifestent dans une nouvelle strat\u00e9gie d&#8217;invocation synchro. Le deck utilise la strat\u00e9gie &#8220;Synchro climb&#8221; avec un tour particulier : lorsque vous avez &#8220;grimp\u00e9&#8221; jusqu&#8217;au monstre synchro le plus haut, vous \u00eates capable d&#8217;invoquer le monstre synchro pr\u00e9c\u00e9dent et d&#8217;utiliser ses effets d\u00e8s que le monstre actuel est d\u00e9truit. Cette strat\u00e9gie peut faire appara\u00eetre tous les monstres synchro en un seul tour gr\u00e2ce aux r\u00e9cepteurs qui se font des invocations sp\u00e9ciales depuis le cimeti\u00e8re. Le monstre lien de cette strat\u00e9gie r\u00e9duit l&#8217;ATK et la DEF des monstres qu&#8217;il montre \u00e0 chaque fois que votre adversaire d\u00e9truit un monstre synchro &#8211; incroyable.   <\/p>\n<p><strong>Contenu de l&#8217;ensemble :<\/strong><\/p>\n<p><strong>L&#8217;\u00e9dition &#8220;Hidden Summoners&#8221; contient 60 cartes :<\/strong><strong><br \/>\n<\/strong><\/p>\n<ul>\n<li>40 cartes Super Rares<\/li>\n<li>20 cartes Secret Rare<\/li>\n<\/ul>\n<p><strong><\/p>\n<p>Contenu de l&#8217;\u00e9cran :<\/strong><\/p>\n<ul>\n<li>Un Booster contient 5 cartes<\/li>\n<li>24 Boosters par Booster Display<\/li>\n<\/ul>\n<\/div>\n<div><\/div>\n<\/div>\n<\/div>\n<p>&nbsp;<\/p>\n","protected":false},"excerpt":{"rendered":"<p>&nbsp; Yu-Gi-Oh ! Hidden Summoners Booster Display 1\u00e8re Edition \u00c0 l&#8217;automne 2018, le prochain ensemble purement Foil Yu-Gi-Oh ! Trading<\/p>\n","protected":false},"featured_media":40102,"comment_status":"open","ping_status":"closed","template":"","meta":{"_acf_changed":false},"product_brand":[5074,5112],"product_cat":[9835,9779],"product_tag":[],"class_list":{"0":"post-325697","1":"product","2":"type-product","3":"status-publish","4":"has-post-thumbnail","6":"product_brand-konami","7":"product_brand-yu-gi-oh","8":"product_cat-booster-displays-yugioh","9":"product_cat-yu-gi-oh-fr","11":"first","12":"instock","13":"taxable","14":"shipping-taxable","15":"purchasable","16":"product-type-variable"},"acf":[],"yoast_head":"<!-- This site is optimized with the Yoast SEO plugin v27.4 - https:\/\/yoast.com\/product\/yoast-seo-wordpress\/ -->\n<title>Ach\u00e8te Yu-Gi-Oh ! - Hidden Summoners - Booster Display (US Vers.)<\/title>\n<meta name=\"description\" content=\"Ach\u00e8te Yu-Gi-Oh ! - Hidden Summoners - Booster Display (US Vers.) en ligne maintenant \u00e0 petit prix! Ton #1 shop pour cartes TCG &amp; Pok\u00e9mon en Suisse \u2713 Livraison gratuite d\u00e8s CHF 29\" \/>\n<meta name=\"robots\" content=\"index, follow, max-snippet:-1, max-image-preview:large, max-video-preview:-1\" \/>\n<link rel=\"canonical\" href=\"https:\/\/theuncommonshop.ch\/fr\/product\/yu-gi-oh-hidden-summoners-booster-display-us-vers-2\/\" \/>\n<meta property=\"og:locale\" content=\"fr_FR\" \/>\n<meta property=\"og:type\" content=\"article\" \/>\n<meta property=\"og:title\" content=\"Ach\u00e8te Yu-Gi-Oh ! - Hidden Summoners - Booster Display (US Vers.)\" \/>\n<meta property=\"og:description\" content=\"Ach\u00e8te Yu-Gi-Oh ! - Hidden Summoners - Booster Display (US Vers.) en ligne maintenant \u00e0 petit prix! Ton #1 shop pour cartes TCG &amp; Pok\u00e9mon en Suisse \u2713 Livraison gratuite d\u00e8s CHF 29\" \/>\n<meta property=\"og:url\" content=\"https:\/\/theuncommonshop.ch\/fr\/product\/yu-gi-oh-hidden-summoners-booster-display-us-vers-2\/\" \/>\n<meta property=\"og:site_name\" content=\"Largest trading card shop in Switzerland\" \/>\n<meta property=\"article:modified_time\" content=\"2026-03-28T16:37:07+00:00\" \/>\n<meta property=\"og:image\" content=\"https:\/\/theuncommonshop.ch\/wp-content\/uploads\/2025\/06\/1211476074.jpg\" \/>\n\t<meta property=\"og:image:width\" content=\"900\" \/>\n\t<meta property=\"og:image:height\" content=\"900\" \/>\n\t<meta property=\"og:image:type\" content=\"image\/jpeg\" \/>\n<meta name=\"twitter:card\" content=\"summary_large_image\" \/>\n<meta name=\"twitter:label1\" content=\"Disponibilit\u00e9\" \/>\n\t<meta name=\"twitter:data1\" content=\"En stock\" \/>\n<script type=\"application\/ld+json\" class=\"yoast-schema-graph\">{\"@context\":\"https:\\\/\\\/schema.org\",\"@graph\":[{\"@type\":\"WebPage\",\"@id\":\"https:\\\/\\\/theuncommonshop.ch\\\/fr\\\/product\\\/yu-gi-oh-hidden-summoners-booster-display-us-vers-2\\\/\",\"url\":\"https:\\\/\\\/theuncommonshop.ch\\\/fr\\\/product\\\/yu-gi-oh-hidden-summoners-booster-display-us-vers-2\\\/\",\"name\":\"Ach\u00e8te Yu-Gi-Oh ! - Hidden Summoners - Booster Display (US Vers.)\",\"isPartOf\":{\"@id\":\"https:\\\/\\\/theuncommonshop.ch\\\/#website\"},\"primaryImageOfPage\":{\"@id\":\"https:\\\/\\\/theuncommonshop.ch\\\/fr\\\/product\\\/yu-gi-oh-hidden-summoners-booster-display-us-vers-2\\\/#primaryimage\"},\"image\":{\"@id\":\"https:\\\/\\\/theuncommonshop.ch\\\/fr\\\/product\\\/yu-gi-oh-hidden-summoners-booster-display-us-vers-2\\\/#primaryimage\"},\"thumbnailUrl\":\"https:\\\/\\\/theuncommonshop.ch\\\/wp-content\\\/uploads\\\/2025\\\/06\\\/1211476074.jpg\",\"datePublished\":\"2025-06-03T18:59:01+00:00\",\"dateModified\":\"2026-03-28T16:37:07+00:00\",\"description\":\"Ach\u00e8te Yu-Gi-Oh ! - Hidden Summoners - Booster Display (US Vers.) en ligne maintenant \u00e0 petit prix! Ton #1 shop pour cartes TCG & Pok\u00e9mon en Suisse \u2713 Livraison gratuite d\u00e8s CHF 29\",\"breadcrumb\":{\"@id\":\"https:\\\/\\\/theuncommonshop.ch\\\/fr\\\/product\\\/yu-gi-oh-hidden-summoners-booster-display-us-vers-2\\\/#breadcrumb\"},\"inLanguage\":\"fr-FR\",\"potentialAction\":[{\"@type\":\"ReadAction\",\"target\":[\"https:\\\/\\\/theuncommonshop.ch\\\/fr\\\/product\\\/yu-gi-oh-hidden-summoners-booster-display-us-vers-2\\\/\"]}]},{\"@type\":\"ImageObject\",\"inLanguage\":\"fr-FR\",\"@id\":\"https:\\\/\\\/theuncommonshop.ch\\\/fr\\\/product\\\/yu-gi-oh-hidden-summoners-booster-display-us-vers-2\\\/#primaryimage\",\"url\":\"https:\\\/\\\/theuncommonshop.ch\\\/wp-content\\\/uploads\\\/2025\\\/06\\\/1211476074.jpg\",\"contentUrl\":\"https:\\\/\\\/theuncommonshop.ch\\\/wp-content\\\/uploads\\\/2025\\\/06\\\/1211476074.jpg\",\"width\":900,\"height\":900},{\"@type\":\"BreadcrumbList\",\"@id\":\"https:\\\/\\\/theuncommonshop.ch\\\/fr\\\/product\\\/yu-gi-oh-hidden-summoners-booster-display-us-vers-2\\\/#breadcrumb\",\"itemListElement\":[{\"@type\":\"ListItem\",\"position\":1,\"name\":\"Accueil\",\"item\":\"https:\\\/\\\/theuncommonshop.ch\\\/fr\\\/accueil\\\/\"},{\"@type\":\"ListItem\",\"position\":2,\"name\":\"Boutique\",\"item\":\"https:\\\/\\\/theuncommonshop.ch\\\/fr\\\/boutique\\\/\"},{\"@type\":\"ListItem\",\"position\":3,\"name\":\"Yu-Gi-Oh!\",\"item\":\"https:\\\/\\\/theuncommonshop.ch\\\/fr\\\/categorie-produit\\\/yu-gi-oh-fr\\\/\"},{\"@type\":\"ListItem\",\"position\":4,\"name\":\"Booster Displays\",\"item\":\"https:\\\/\\\/theuncommonshop.ch\\\/fr\\\/categorie-produit\\\/yu-gi-oh-fr\\\/booster-displays-yugioh\\\/\"},{\"@type\":\"ListItem\",\"position\":5,\"name\":\"Yu-Gi-Oh ! &#8211; Hidden Summoners &#8211; Booster Display (US Vers.)\"}]},{\"@type\":\"WebSite\",\"@id\":\"https:\\\/\\\/theuncommonshop.ch\\\/#website\",\"url\":\"https:\\\/\\\/theuncommonshop.ch\\\/\",\"name\":\"Largest trading card shop in Switzerland\",\"description\":\"Magic, Pok\u00e9mon and Yu-gi-oh - The Uncommon Shop\",\"potentialAction\":[{\"@type\":\"SearchAction\",\"target\":{\"@type\":\"EntryPoint\",\"urlTemplate\":\"https:\\\/\\\/theuncommonshop.ch\\\/?s={search_term_string}\"},\"query-input\":{\"@type\":\"PropertyValueSpecification\",\"valueRequired\":true,\"valueName\":\"search_term_string\"}}],\"inLanguage\":\"fr-FR\"}]}<\/script>\n<meta property=\"og:availability\" content=\"instock\" \/>\n<meta property=\"product:availability\" content=\"instock\" \/>\n<meta property=\"product:retailer_item_id\" content=\"YGO.I.B.A.HISUDisp.EN\" \/>\n<meta property=\"product:condition\" content=\"new\" \/>\n<!-- \/ Yoast SEO plugin. -->","yoast_head_json":{"title":"Ach\u00e8te Yu-Gi-Oh ! - Hidden Summoners - Booster Display (US Vers.)","description":"Ach\u00e8te Yu-Gi-Oh ! - Hidden Summoners - Booster Display (US Vers.) en ligne maintenant \u00e0 petit prix! Ton #1 shop pour cartes TCG & Pok\u00e9mon en Suisse \u2713 Livraison gratuite d\u00e8s CHF 29","robots":{"index":"index","follow":"follow","max-snippet":"max-snippet:-1","max-image-preview":"max-image-preview:large","max-video-preview":"max-video-preview:-1"},"canonical":"https:\/\/theuncommonshop.ch\/fr\/product\/yu-gi-oh-hidden-summoners-booster-display-us-vers-2\/","og_locale":"fr_FR","og_type":"article","og_title":"Ach\u00e8te Yu-Gi-Oh ! - Hidden Summoners - Booster Display (US Vers.)","og_description":"Ach\u00e8te Yu-Gi-Oh ! - Hidden Summoners - Booster Display (US Vers.) en ligne maintenant \u00e0 petit prix! Ton #1 shop pour cartes TCG & Pok\u00e9mon en Suisse \u2713 Livraison gratuite d\u00e8s CHF 29","og_url":"https:\/\/theuncommonshop.ch\/fr\/product\/yu-gi-oh-hidden-summoners-booster-display-us-vers-2\/","og_site_name":"Largest trading card shop in Switzerland","article_modified_time":"2026-03-28T16:37:07+00:00","og_image":[{"width":900,"height":900,"url":"https:\/\/theuncommonshop.ch\/wp-content\/uploads\/2025\/06\/1211476074.jpg","type":"image\/jpeg"}],"twitter_card":"summary_large_image","twitter_misc":{"Disponibilit\u00e9":"En stock"},"schema":{"@context":"https:\/\/schema.org","@graph":[{"@type":"WebPage","@id":"https:\/\/theuncommonshop.ch\/fr\/product\/yu-gi-oh-hidden-summoners-booster-display-us-vers-2\/","url":"https:\/\/theuncommonshop.ch\/fr\/product\/yu-gi-oh-hidden-summoners-booster-display-us-vers-2\/","name":"Ach\u00e8te Yu-Gi-Oh ! - Hidden Summoners - Booster Display (US Vers.)","isPartOf":{"@id":"https:\/\/theuncommonshop.ch\/#website"},"primaryImageOfPage":{"@id":"https:\/\/theuncommonshop.ch\/fr\/product\/yu-gi-oh-hidden-summoners-booster-display-us-vers-2\/#primaryimage"},"image":{"@id":"https:\/\/theuncommonshop.ch\/fr\/product\/yu-gi-oh-hidden-summoners-booster-display-us-vers-2\/#primaryimage"},"thumbnailUrl":"https:\/\/theuncommonshop.ch\/wp-content\/uploads\/2025\/06\/1211476074.jpg","datePublished":"2025-06-03T18:59:01+00:00","dateModified":"2026-03-28T16:37:07+00:00","description":"Ach\u00e8te Yu-Gi-Oh ! - Hidden Summoners - Booster Display (US Vers.) en ligne maintenant \u00e0 petit prix! Ton #1 shop pour cartes TCG & Pok\u00e9mon en Suisse \u2713 Livraison gratuite d\u00e8s CHF 29","breadcrumb":{"@id":"https:\/\/theuncommonshop.ch\/fr\/product\/yu-gi-oh-hidden-summoners-booster-display-us-vers-2\/#breadcrumb"},"inLanguage":"fr-FR","potentialAction":[{"@type":"ReadAction","target":["https:\/\/theuncommonshop.ch\/fr\/product\/yu-gi-oh-hidden-summoners-booster-display-us-vers-2\/"]}]},{"@type":"ImageObject","inLanguage":"fr-FR","@id":"https:\/\/theuncommonshop.ch\/fr\/product\/yu-gi-oh-hidden-summoners-booster-display-us-vers-2\/#primaryimage","url":"https:\/\/theuncommonshop.ch\/wp-content\/uploads\/2025\/06\/1211476074.jpg","contentUrl":"https:\/\/theuncommonshop.ch\/wp-content\/uploads\/2025\/06\/1211476074.jpg","width":900,"height":900},{"@type":"BreadcrumbList","@id":"https:\/\/theuncommonshop.ch\/fr\/product\/yu-gi-oh-hidden-summoners-booster-display-us-vers-2\/#breadcrumb","itemListElement":[{"@type":"ListItem","position":1,"name":"Accueil","item":"https:\/\/theuncommonshop.ch\/fr\/accueil\/"},{"@type":"ListItem","position":2,"name":"Boutique","item":"https:\/\/theuncommonshop.ch\/fr\/boutique\/"},{"@type":"ListItem","position":3,"name":"Yu-Gi-Oh!","item":"https:\/\/theuncommonshop.ch\/fr\/categorie-produit\/yu-gi-oh-fr\/"},{"@type":"ListItem","position":4,"name":"Booster Displays","item":"https:\/\/theuncommonshop.ch\/fr\/categorie-produit\/yu-gi-oh-fr\/booster-displays-yugioh\/"},{"@type":"ListItem","position":5,"name":"Yu-Gi-Oh ! &#8211; Hidden Summoners &#8211; Booster Display (US Vers.)"}]},{"@type":"WebSite","@id":"https:\/\/theuncommonshop.ch\/#website","url":"https:\/\/theuncommonshop.ch\/","name":"Largest trading card shop in Switzerland","description":"Magic, Pok\u00e9mon and Yu-gi-oh - The Uncommon Shop","potentialAction":[{"@type":"SearchAction","target":{"@type":"EntryPoint","urlTemplate":"https:\/\/theuncommonshop.ch\/?s={search_term_string}"},"query-input":{"@type":"PropertyValueSpecification","valueRequired":true,"valueName":"search_term_string"}}],"inLanguage":"fr-FR"}]},"og_availability":"instock","product_availability":"instock","product_retailer_item_id":"YGO.I.B.A.HISUDisp.EN","product_condition":"new"},"_links":{"self":[{"href":"https:\/\/theuncommonshop.ch\/fr\/wp-json\/wp\/v2\/product\/325697","targetHints":{"allow":["GET"]}}],"collection":[{"href":"https:\/\/theuncommonshop.ch\/fr\/wp-json\/wp\/v2\/product"}],"about":[{"href":"https:\/\/theuncommonshop.ch\/fr\/wp-json\/wp\/v2\/types\/product"}],"replies":[{"embeddable":true,"href":"https:\/\/theuncommonshop.ch\/fr\/wp-json\/wp\/v2\/comments?post=325697"}],"version-history":[{"count":2,"href":"https:\/\/theuncommonshop.ch\/fr\/wp-json\/wp\/v2\/product\/325697\/revisions"}],"predecessor-version":[{"id":356105,"href":"https:\/\/theuncommonshop.ch\/fr\/wp-json\/wp\/v2\/product\/325697\/revisions\/356105"}],"wp:featuredmedia":[{"embeddable":true,"href":"https:\/\/theuncommonshop.ch\/fr\/wp-json\/wp\/v2\/media\/40102"}],"wp:attachment":[{"href":"https:\/\/theuncommonshop.ch\/fr\/wp-json\/wp\/v2\/media?parent=325697"}],"wp:term":[{"taxonomy":"product_brand","embeddable":true,"href":"https:\/\/theuncommonshop.ch\/fr\/wp-json\/wp\/v2\/product_brand?post=325697"},{"taxonomy":"product_cat","embeddable":true,"href":"https:\/\/theuncommonshop.ch\/fr\/wp-json\/wp\/v2\/product_cat?post=325697"},{"taxonomy":"product_tag","embeddable":true,"href":"https:\/\/theuncommonshop.ch\/fr\/wp-json\/wp\/v2\/product_tag?post=325697"}],"curies":[{"name":"wp","href":"https:\/\/api.w.org\/{rel}","templated":true}]}}