{"id":325676,"date":"2025-06-04T01:03:53","date_gmt":"2025-06-04T01:03:53","guid":{"rendered":"http:\/\/theuncommonshop.ch\/produkt\/325676\/"},"modified":"2026-03-28T17:52:37","modified_gmt":"2026-03-28T16:52:37","slug":"magic-jenseits-des-multiversums-der-herr-der-ringe-geschichten-aus-mittelerde-szenenboxen-vol-2-en-2","status":"publish","type":"product","link":"https:\/\/theuncommonshop.ch\/fr\/product\/magic-jenseits-des-multiversums-der-herr-der-ringe-geschichten-aus-mittelerde-szenenboxen-vol-2-en-2\/","title":{"rendered":"Magic : Au-del\u00e0 du multivers : Le Seigneur des Anneaux : Histoires de la Terre du Milieu &#8211; Coffrets de sc\u00e8nes &#8211; Vol.2 &#8211; EN"},"content":{"rendered":"<p>Une bo\u00eete de sc\u00e8nes Le Seigneur des Anneaux : Les Histoires de la Terre du Milieu\u2122 contient 6 cartes de sc\u00e8nes sous forme de cartes foil traditionnelles sans bordure, 6 cartes d&#8217;artwork, 3 boosters de set et un pr\u00e9sentoir en papier. Chaque Booster de plateau contient 12 cartes Magic, 1 carte Artwork et 1 carte jeton\/publicit\u00e9, carte d&#8217;aide ou carte de la &#8221; liste &#8221; (une carte sp\u00e9ciale de l&#8217;histoire de Magic &#8211; dans 25 % des Boosters), dont une combinaison de 1 \u00e0 4 cartes de raret\u00e9 rare ou sup\u00e9rieure, 3 \u00e0 7 cartes pas tr\u00e8s communes, 3 \u00e0 7 cartes communes et 1 carte de pays. Dans 20 % des Boosters de set, un pays Foil traditionnel remplace le pays standard, et dans 10 % des Boosters de set, une carte Artwork signature estampill\u00e9e Foil remplace la carte Artwork.  <\/p>\n<p>Ce produit ne re\u00e7oit pas de cartes Anneau avec num\u00e9ro de s\u00e9rie, y compris les cartes Anneau solaire elfique, nain ou humain, ni l&#8217;Anneau unique v\u00e9ritablement unique (num\u00e9ro de s\u00e9rie 001 sur 001). Les exemplaires de l&#8217;Anneau Solaire avec num\u00e9ro de s\u00e9rie et illustration alternative elfique, naine ou humaine ne se trouvent que dans certains Boosters collector Le Seigneur des Anneaux : Les Histoires de la Terre du Milieu du set principal (non inclus dans la Special Edition). Une seule carte The One Ring (avec le num\u00e9ro de s\u00e9rie 001 sur 001) a \u00e9t\u00e9 imprim\u00e9e, et cette carte ne se trouve que dans un seul Booster collector en anglais. Les cartes Ring sans num\u00e9ros de s\u00e9rie sont m\u00e9caniquement identiques aux versions avec num\u00e9ros de s\u00e9rie.   <\/p>\n<p>Contenu :<\/p>\n<p>&#8211; DES SCENES EPIQUES INSTANTAN\u00c9ES &#8211; Chaque bo\u00eete de sc\u00e8nes du Seigneur des Anneaux : Histoires de la Terre du Milieu contient 6 cartes foil sans bordure, repr\u00e9sentant ensemble l&#8217;une des sc\u00e8nes les plus \u00e9piques du Seigneur des Anneaux.<br \/>\n&#8211; EXPOSEZ VOTRE ARTWORK &#8211; Alors que chaque carte sc\u00e8ne est une carte Magic jouable, cette bo\u00eete contient \u00e9galement 6 cartes artwork qui pr\u00e9sentent la m\u00eame illustration sans que le texte du jeu ne la cache, vous permettant ainsi d&#8217;admirer la sc\u00e8ne dans toute sa splendeur sur le pr\u00e9sentoir fourni.<br \/>\n&#8211; D\u00c9COUVREZ L&#8217;ENSEMBLE AVEC DES BOOSTERS D&#8217;ENSEMBLE &#8211; Obtenez 3 boosters d&#8217;ensembles con\u00e7us pour une exp\u00e9rience d&#8217;ouverture excitante et qui contiennent plus de cartes sur le th\u00e8me du Seigneur des Anneaux ; chaque booster contient 12 cartes du Seigneur des Anneaux : Histoires de la Terre du Milieu, dont 1 \u00e0 4 cartes de raret\u00e9 rare ou sup\u00e9rieure.<br \/>\n&#8211; MAGIC RENCONTRE LE SEIGNEUR DES ANNEAUX &#8211; Revivez l&#8217;histoire tant aim\u00e9e du Seigneur des Anneaux, c\u00f4te \u00e0 c\u00f4te avec le gameplay strat\u00e9gique de Magic : The Gathering et affrontez vos adversaires dans des batailles magiques captivantes.<br \/>\n&#8211; CONTENU &#8211; 6 cartes de sc\u00e8ne en foil traditionnel sans marge, 6 cartes d&#8217;artwork, 3 boosters de set et un pr\u00e9sentoir en papier<\/p>\n","protected":false},"excerpt":{"rendered":"<p>Une bo\u00eete de sc\u00e8nes Le Seigneur des Anneaux : Les Histoires de la Terre du Milieu\u2122 contient 6 cartes de<\/p>\n","protected":false},"featured_media":96709,"comment_status":"open","ping_status":"closed","template":"","meta":{"_acf_changed":false},"product_brand":[5158,5070],"product_cat":[9973,10163,10205,9967,9991],"product_tag":[],"class_list":{"0":"post-325676","1":"product","2":"type-product","3":"status-publish","4":"has-post-thumbnail","6":"product_brand-magic-the-gathering","7":"product_brand-wizards-of-the-coast","8":"product_cat-autres","9":"product_cat-divers-mtg","10":"product_cat-le-seigneur-des-anneaux-chroniques-de-la-terre-du-milieu","11":"product_cat-magic-the-gathering-fr","12":"product_cat-produits-par-lots-mtg","14":"first","15":"instock","16":"taxable","17":"shipping-taxable","18":"purchasable","19":"product-type-variable"},"acf":[],"yoast_head":"<!-- This site is optimized with the Yoast SEO plugin v27.4 - https:\/\/yoast.com\/product\/yoast-seo-wordpress\/ -->\n<title>Ach\u00e8te Magic : Au-del\u00e0 du multivers : Le Seigneur des Anneaux : Histoires de la Terre du Milieu - Coffrets de sc\u00e8nes - Vol.2 - EN<\/title>\n<meta name=\"description\" content=\"Ach\u00e8te Magic : Au-del\u00e0 du multivers : Le Seigneur des Anneaux : Histoires de la Terre du Milieu - Coffrets de sc\u00e8nes - Vol.2 - EN en ligne maintenant \u00e0 petit prix! Ton #1 shop pour cartes TCG &amp; Pok\u00e9mon en Suisse \u2713 Livraison gratuite d\u00e8s CHF 29\" \/>\n<meta name=\"robots\" content=\"index, follow, max-snippet:-1, max-image-preview:large, max-video-preview:-1\" \/>\n<link rel=\"canonical\" href=\"https:\/\/theuncommonshop.ch\/fr\/product\/magic-jenseits-des-multiversums-der-herr-der-ringe-geschichten-aus-mittelerde-szenenboxen-vol-2-en-2\/\" \/>\n<meta property=\"og:locale\" content=\"fr_FR\" \/>\n<meta property=\"og:type\" content=\"article\" \/>\n<meta property=\"og:title\" content=\"Ach\u00e8te Magic : Au-del\u00e0 du multivers : Le Seigneur des Anneaux : Histoires de la Terre du Milieu - Coffrets de sc\u00e8nes - Vol.2 - EN\" \/>\n<meta property=\"og:description\" content=\"Ach\u00e8te Magic : Au-del\u00e0 du multivers : Le Seigneur des Anneaux : Histoires de la Terre du Milieu - Coffrets de sc\u00e8nes - Vol.2 - EN en ligne maintenant \u00e0 petit prix! Ton #1 shop pour cartes TCG &amp; Pok\u00e9mon en Suisse \u2713 Livraison gratuite d\u00e8s CHF 29\" \/>\n<meta property=\"og:url\" content=\"https:\/\/theuncommonshop.ch\/fr\/product\/magic-jenseits-des-multiversums-der-herr-der-ringe-geschichten-aus-mittelerde-szenenboxen-vol-2-en-2\/\" \/>\n<meta property=\"og:site_name\" content=\"Largest trading card shop in Switzerland\" \/>\n<meta property=\"article:modified_time\" content=\"2026-03-28T16:52:37+00:00\" \/>\n<meta property=\"og:image\" content=\"https:\/\/theuncommonshop.ch\/wp-content\/uploads\/2025\/06\/3766908626.jpg\" \/>\n\t<meta property=\"og:image:width\" content=\"1000\" \/>\n\t<meta property=\"og:image:height\" content=\"1000\" \/>\n\t<meta property=\"og:image:type\" content=\"image\/jpeg\" \/>\n<meta name=\"twitter:card\" content=\"summary_large_image\" \/>\n<meta name=\"twitter:label1\" content=\"Disponibilit\u00e9\" \/>\n\t<meta name=\"twitter:data1\" content=\"En stock\" \/>\n<script type=\"application\/ld+json\" class=\"yoast-schema-graph\">{\"@context\":\"https:\\\/\\\/schema.org\",\"@graph\":[{\"@type\":\"WebPage\",\"@id\":\"https:\\\/\\\/theuncommonshop.ch\\\/fr\\\/product\\\/magic-jenseits-des-multiversums-der-herr-der-ringe-geschichten-aus-mittelerde-szenenboxen-vol-2-en-2\\\/\",\"url\":\"https:\\\/\\\/theuncommonshop.ch\\\/fr\\\/product\\\/magic-jenseits-des-multiversums-der-herr-der-ringe-geschichten-aus-mittelerde-szenenboxen-vol-2-en-2\\\/\",\"name\":\"Ach\u00e8te Magic : Au-del\u00e0 du multivers : Le Seigneur des Anneaux : Histoires de la Terre du Milieu - Coffrets de sc\u00e8nes - Vol.2 - EN\",\"isPartOf\":{\"@id\":\"https:\\\/\\\/theuncommonshop.ch\\\/#website\"},\"primaryImageOfPage\":{\"@id\":\"https:\\\/\\\/theuncommonshop.ch\\\/fr\\\/product\\\/magic-jenseits-des-multiversums-der-herr-der-ringe-geschichten-aus-mittelerde-szenenboxen-vol-2-en-2\\\/#primaryimage\"},\"image\":{\"@id\":\"https:\\\/\\\/theuncommonshop.ch\\\/fr\\\/product\\\/magic-jenseits-des-multiversums-der-herr-der-ringe-geschichten-aus-mittelerde-szenenboxen-vol-2-en-2\\\/#primaryimage\"},\"thumbnailUrl\":\"https:\\\/\\\/theuncommonshop.ch\\\/wp-content\\\/uploads\\\/2025\\\/06\\\/3766908626.jpg\",\"datePublished\":\"2025-06-04T01:03:53+00:00\",\"dateModified\":\"2026-03-28T16:52:37+00:00\",\"description\":\"Ach\u00e8te Magic : Au-del\u00e0 du multivers : Le Seigneur des Anneaux : Histoires de la Terre du Milieu - Coffrets de sc\u00e8nes - Vol.2 - EN en ligne maintenant \u00e0 petit prix! Ton #1 shop pour cartes TCG & Pok\u00e9mon en Suisse \u2713 Livraison gratuite d\u00e8s CHF 29\",\"breadcrumb\":{\"@id\":\"https:\\\/\\\/theuncommonshop.ch\\\/fr\\\/product\\\/magic-jenseits-des-multiversums-der-herr-der-ringe-geschichten-aus-mittelerde-szenenboxen-vol-2-en-2\\\/#breadcrumb\"},\"inLanguage\":\"fr-FR\",\"potentialAction\":[{\"@type\":\"ReadAction\",\"target\":[\"https:\\\/\\\/theuncommonshop.ch\\\/fr\\\/product\\\/magic-jenseits-des-multiversums-der-herr-der-ringe-geschichten-aus-mittelerde-szenenboxen-vol-2-en-2\\\/\"]}]},{\"@type\":\"ImageObject\",\"inLanguage\":\"fr-FR\",\"@id\":\"https:\\\/\\\/theuncommonshop.ch\\\/fr\\\/product\\\/magic-jenseits-des-multiversums-der-herr-der-ringe-geschichten-aus-mittelerde-szenenboxen-vol-2-en-2\\\/#primaryimage\",\"url\":\"https:\\\/\\\/theuncommonshop.ch\\\/wp-content\\\/uploads\\\/2025\\\/06\\\/3766908626.jpg\",\"contentUrl\":\"https:\\\/\\\/theuncommonshop.ch\\\/wp-content\\\/uploads\\\/2025\\\/06\\\/3766908626.jpg\",\"width\":1000,\"height\":1000},{\"@type\":\"BreadcrumbList\",\"@id\":\"https:\\\/\\\/theuncommonshop.ch\\\/fr\\\/product\\\/magic-jenseits-des-multiversums-der-herr-der-ringe-geschichten-aus-mittelerde-szenenboxen-vol-2-en-2\\\/#breadcrumb\",\"itemListElement\":[{\"@type\":\"ListItem\",\"position\":1,\"name\":\"Accueil\",\"item\":\"https:\\\/\\\/theuncommonshop.ch\\\/fr\\\/accueil\\\/\"},{\"@type\":\"ListItem\",\"position\":2,\"name\":\"Boutique\",\"item\":\"https:\\\/\\\/theuncommonshop.ch\\\/fr\\\/boutique\\\/\"},{\"@type\":\"ListItem\",\"position\":3,\"name\":\"Magic the Gathering\",\"item\":\"https:\\\/\\\/theuncommonshop.ch\\\/fr\\\/categorie-produit\\\/magic-the-gathering-fr\\\/\"},{\"@type\":\"ListItem\",\"position\":4,\"name\":\"Autres\",\"item\":\"https:\\\/\\\/theuncommonshop.ch\\\/fr\\\/categorie-produit\\\/magic-the-gathering-fr\\\/autres\\\/\"},{\"@type\":\"ListItem\",\"position\":5,\"name\":\"Divers\",\"item\":\"https:\\\/\\\/theuncommonshop.ch\\\/fr\\\/categorie-produit\\\/magic-the-gathering-fr\\\/autres\\\/divers-mtg\\\/\"},{\"@type\":\"ListItem\",\"position\":6,\"name\":\"Magic : Au-del\u00e0 du multivers : Le Seigneur des Anneaux : Histoires de la Terre du Milieu &#8211; Coffrets de sc\u00e8nes &#8211; Vol.2 &#8211; EN\"}]},{\"@type\":\"WebSite\",\"@id\":\"https:\\\/\\\/theuncommonshop.ch\\\/#website\",\"url\":\"https:\\\/\\\/theuncommonshop.ch\\\/\",\"name\":\"Largest trading card shop in Switzerland\",\"description\":\"Magic, Pok\u00e9mon and Yu-gi-oh - The Uncommon Shop\",\"potentialAction\":[{\"@type\":\"SearchAction\",\"target\":{\"@type\":\"EntryPoint\",\"urlTemplate\":\"https:\\\/\\\/theuncommonshop.ch\\\/?s={search_term_string}\"},\"query-input\":{\"@type\":\"PropertyValueSpecification\",\"valueRequired\":true,\"valueName\":\"search_term_string\"}}],\"inLanguage\":\"fr-FR\"}]}<\/script>\n<meta property=\"og:availability\" content=\"instock\" \/>\n<meta property=\"product:availability\" content=\"instock\" \/>\n<meta property=\"product:retailer_item_id\" content=\"MTG.II.F.HerrRingSzenBox.EN\" \/>\n<meta property=\"product:condition\" content=\"new\" \/>\n<!-- \/ Yoast SEO plugin. -->","yoast_head_json":{"title":"Ach\u00e8te Magic : Au-del\u00e0 du multivers : Le Seigneur des Anneaux : Histoires de la Terre du Milieu - Coffrets de sc\u00e8nes - Vol.2 - EN","description":"Ach\u00e8te Magic : Au-del\u00e0 du multivers : Le Seigneur des Anneaux : Histoires de la Terre du Milieu - Coffrets de sc\u00e8nes - Vol.2 - EN en ligne maintenant \u00e0 petit prix! Ton #1 shop pour cartes TCG & Pok\u00e9mon en Suisse \u2713 Livraison gratuite d\u00e8s CHF 29","robots":{"index":"index","follow":"follow","max-snippet":"max-snippet:-1","max-image-preview":"max-image-preview:large","max-video-preview":"max-video-preview:-1"},"canonical":"https:\/\/theuncommonshop.ch\/fr\/product\/magic-jenseits-des-multiversums-der-herr-der-ringe-geschichten-aus-mittelerde-szenenboxen-vol-2-en-2\/","og_locale":"fr_FR","og_type":"article","og_title":"Ach\u00e8te Magic : Au-del\u00e0 du multivers : Le Seigneur des Anneaux : Histoires de la Terre du Milieu - Coffrets de sc\u00e8nes - Vol.2 - EN","og_description":"Ach\u00e8te Magic : Au-del\u00e0 du multivers : Le Seigneur des Anneaux : Histoires de la Terre du Milieu - Coffrets de sc\u00e8nes - Vol.2 - EN en ligne maintenant \u00e0 petit prix! Ton #1 shop pour cartes TCG & Pok\u00e9mon en Suisse \u2713 Livraison gratuite d\u00e8s CHF 29","og_url":"https:\/\/theuncommonshop.ch\/fr\/product\/magic-jenseits-des-multiversums-der-herr-der-ringe-geschichten-aus-mittelerde-szenenboxen-vol-2-en-2\/","og_site_name":"Largest trading card shop in Switzerland","article_modified_time":"2026-03-28T16:52:37+00:00","og_image":[{"width":1000,"height":1000,"url":"https:\/\/theuncommonshop.ch\/wp-content\/uploads\/2025\/06\/3766908626.jpg","type":"image\/jpeg"}],"twitter_card":"summary_large_image","twitter_misc":{"Disponibilit\u00e9":"En stock"},"schema":{"@context":"https:\/\/schema.org","@graph":[{"@type":"WebPage","@id":"https:\/\/theuncommonshop.ch\/fr\/product\/magic-jenseits-des-multiversums-der-herr-der-ringe-geschichten-aus-mittelerde-szenenboxen-vol-2-en-2\/","url":"https:\/\/theuncommonshop.ch\/fr\/product\/magic-jenseits-des-multiversums-der-herr-der-ringe-geschichten-aus-mittelerde-szenenboxen-vol-2-en-2\/","name":"Ach\u00e8te Magic : Au-del\u00e0 du multivers : Le Seigneur des Anneaux : Histoires de la Terre du Milieu - Coffrets de sc\u00e8nes - Vol.2 - EN","isPartOf":{"@id":"https:\/\/theuncommonshop.ch\/#website"},"primaryImageOfPage":{"@id":"https:\/\/theuncommonshop.ch\/fr\/product\/magic-jenseits-des-multiversums-der-herr-der-ringe-geschichten-aus-mittelerde-szenenboxen-vol-2-en-2\/#primaryimage"},"image":{"@id":"https:\/\/theuncommonshop.ch\/fr\/product\/magic-jenseits-des-multiversums-der-herr-der-ringe-geschichten-aus-mittelerde-szenenboxen-vol-2-en-2\/#primaryimage"},"thumbnailUrl":"https:\/\/theuncommonshop.ch\/wp-content\/uploads\/2025\/06\/3766908626.jpg","datePublished":"2025-06-04T01:03:53+00:00","dateModified":"2026-03-28T16:52:37+00:00","description":"Ach\u00e8te Magic : Au-del\u00e0 du multivers : Le Seigneur des Anneaux : Histoires de la Terre du Milieu - Coffrets de sc\u00e8nes - Vol.2 - EN en ligne maintenant \u00e0 petit prix! Ton #1 shop pour cartes TCG & Pok\u00e9mon en Suisse \u2713 Livraison gratuite d\u00e8s CHF 29","breadcrumb":{"@id":"https:\/\/theuncommonshop.ch\/fr\/product\/magic-jenseits-des-multiversums-der-herr-der-ringe-geschichten-aus-mittelerde-szenenboxen-vol-2-en-2\/#breadcrumb"},"inLanguage":"fr-FR","potentialAction":[{"@type":"ReadAction","target":["https:\/\/theuncommonshop.ch\/fr\/product\/magic-jenseits-des-multiversums-der-herr-der-ringe-geschichten-aus-mittelerde-szenenboxen-vol-2-en-2\/"]}]},{"@type":"ImageObject","inLanguage":"fr-FR","@id":"https:\/\/theuncommonshop.ch\/fr\/product\/magic-jenseits-des-multiversums-der-herr-der-ringe-geschichten-aus-mittelerde-szenenboxen-vol-2-en-2\/#primaryimage","url":"https:\/\/theuncommonshop.ch\/wp-content\/uploads\/2025\/06\/3766908626.jpg","contentUrl":"https:\/\/theuncommonshop.ch\/wp-content\/uploads\/2025\/06\/3766908626.jpg","width":1000,"height":1000},{"@type":"BreadcrumbList","@id":"https:\/\/theuncommonshop.ch\/fr\/product\/magic-jenseits-des-multiversums-der-herr-der-ringe-geschichten-aus-mittelerde-szenenboxen-vol-2-en-2\/#breadcrumb","itemListElement":[{"@type":"ListItem","position":1,"name":"Accueil","item":"https:\/\/theuncommonshop.ch\/fr\/accueil\/"},{"@type":"ListItem","position":2,"name":"Boutique","item":"https:\/\/theuncommonshop.ch\/fr\/boutique\/"},{"@type":"ListItem","position":3,"name":"Magic the Gathering","item":"https:\/\/theuncommonshop.ch\/fr\/categorie-produit\/magic-the-gathering-fr\/"},{"@type":"ListItem","position":4,"name":"Autres","item":"https:\/\/theuncommonshop.ch\/fr\/categorie-produit\/magic-the-gathering-fr\/autres\/"},{"@type":"ListItem","position":5,"name":"Divers","item":"https:\/\/theuncommonshop.ch\/fr\/categorie-produit\/magic-the-gathering-fr\/autres\/divers-mtg\/"},{"@type":"ListItem","position":6,"name":"Magic : Au-del\u00e0 du multivers : Le Seigneur des Anneaux : Histoires de la Terre du Milieu &#8211; Coffrets de sc\u00e8nes &#8211; Vol.2 &#8211; EN"}]},{"@type":"WebSite","@id":"https:\/\/theuncommonshop.ch\/#website","url":"https:\/\/theuncommonshop.ch\/","name":"Largest trading card shop in Switzerland","description":"Magic, Pok\u00e9mon and Yu-gi-oh - The Uncommon Shop","potentialAction":[{"@type":"SearchAction","target":{"@type":"EntryPoint","urlTemplate":"https:\/\/theuncommonshop.ch\/?s={search_term_string}"},"query-input":{"@type":"PropertyValueSpecification","valueRequired":true,"valueName":"search_term_string"}}],"inLanguage":"fr-FR"}]},"og_availability":"instock","product_availability":"instock","product_retailer_item_id":"MTG.II.F.HerrRingSzenBox.EN","product_condition":"new"},"_links":{"self":[{"href":"https:\/\/theuncommonshop.ch\/fr\/wp-json\/wp\/v2\/product\/325676","targetHints":{"allow":["GET"]}}],"collection":[{"href":"https:\/\/theuncommonshop.ch\/fr\/wp-json\/wp\/v2\/product"}],"about":[{"href":"https:\/\/theuncommonshop.ch\/fr\/wp-json\/wp\/v2\/types\/product"}],"replies":[{"embeddable":true,"href":"https:\/\/theuncommonshop.ch\/fr\/wp-json\/wp\/v2\/comments?post=325676"}],"version-history":[{"count":2,"href":"https:\/\/theuncommonshop.ch\/fr\/wp-json\/wp\/v2\/product\/325676\/revisions"}],"predecessor-version":[{"id":356440,"href":"https:\/\/theuncommonshop.ch\/fr\/wp-json\/wp\/v2\/product\/325676\/revisions\/356440"}],"wp:featuredmedia":[{"embeddable":true,"href":"https:\/\/theuncommonshop.ch\/fr\/wp-json\/wp\/v2\/media\/96709"}],"wp:attachment":[{"href":"https:\/\/theuncommonshop.ch\/fr\/wp-json\/wp\/v2\/media?parent=325676"}],"wp:term":[{"taxonomy":"product_brand","embeddable":true,"href":"https:\/\/theuncommonshop.ch\/fr\/wp-json\/wp\/v2\/product_brand?post=325676"},{"taxonomy":"product_cat","embeddable":true,"href":"https:\/\/theuncommonshop.ch\/fr\/wp-json\/wp\/v2\/product_cat?post=325676"},{"taxonomy":"product_tag","embeddable":true,"href":"https:\/\/theuncommonshop.ch\/fr\/wp-json\/wp\/v2\/product_tag?post=325676"}],"curies":[{"name":"wp","href":"https:\/\/api.w.org\/{rel}","templated":true}]}}