{"id":325618,"date":"2025-06-04T00:34:31","date_gmt":"2025-06-04T00:34:31","guid":{"rendered":"http:\/\/theuncommonshop.ch\/produkt\/325618\/"},"modified":"2026-03-31T19:22:32","modified_gmt":"2026-03-31T17:22:32","slug":"weiss-schwarz-guilty-gear-strive-booster-display-16-packs-en-2","status":"publish","type":"product","link":"https:\/\/theuncommonshop.ch\/fr\/product\/weiss-schwarz-guilty-gear-strive-booster-display-16-packs-en-2\/","title":{"rendered":"Blanc Noir &#8211; Guilty Gear Strive &#8211; Booster Display (16 packs)"},"content":{"rendered":"<p>Cartes parall\u00e8les incluses<\/p>\n<div>&#8211; Cartes OFR (Over Frame Rare) sans cadre avec une illustration sp\u00e9cialement dessin\u00e9e par l&#8217;artiste, hncl<\/div>\n<div>&#8211; SP (Special Rare) cartes avec timbre \u00e0 chaud unique en or<\/div>\n<div>Ce n&#8217;est pas tout&#8230;<\/div>\n<div>Il existe \u00e9galement une carte SEC (Secret Rare) sign\u00e9e par Daisuke Ishiwatari, le d\u00e9veloppeur de Guilty Gear !<\/div>\n<div>Campagne Tournament Store Assist PR Packs<\/div>\n<div>Ces Packs ne seront disponibles que dans les boutiques enregistr\u00e9es pour le tournoi !<\/div>\n<div>Nous sommes heureux d&#8217;annoncer une nouvelle campagne passionnante pour le prochain Booster Pack &#8220;Guilty Gear -Strive-&#8220;.<\/div>\n<div>Nous sommes convaincus que cette campagne contribuera grandement \u00e0 la promotion du prochain coffret et nous esp\u00e9rons que vous en ferez bon usage !<\/div>\n<div>R\u00e8gles de la campagne<\/div>\n<div><\/div>\n<div>Les clients peuvent recevoir 1 Tournament Store Assist PR Pack pour l&#8217;achat d&#8217;1 Booster Display du produit suivant (dans la limite des stocks disponibles) :<\/div>\n<div><\/div>\n<div>&#8211; Weiss Schwarz (English Edition Original) Booster Pack Guilty Gear -Strive-<\/div>\n<div><\/div>\n<div>Chaque paquet contient 1 type al\u00e9atoire parmi 5 types de cartes PR sp\u00e9ciales !<\/div>\n<div>Les 5 types contiennent 5 designs de films parall\u00e8les.<\/div>\n<div><\/div>\n<div>Limit\u00e9 \u00e0 5 Packs par personne. Sous r\u00e9serve de disponibilit\u00e9, dans la limite des stocks disponibles. <\/div>\n<div>Les images de la carte TSAPP seront d\u00e9voil\u00e9es \u00e0 une date ult\u00e9rieure.<\/div>\n<div><\/div>\n<div>Lot sp\u00e9cial !! (Limit\u00e9 \u00e0 la 1\u00e8re \u00e9dition uniquement) <\/div>\n<div>&#8211; 1 des 10 cartes RP exclusives dans chaque bo\u00eete pr\u00e9sentoir !<\/div>\n<div>&#8211; 4 tapis de jeu en caoutchouc inclus dans chaque bo\u00eete !<\/div>\n<div><\/div>\n<div>Sp\u00e9cifications du produit<\/div>\n<div>100 types de cartes au total + 56 types (parall\u00e8les)<\/div>\n<div>9 cartes par paquet, 16 paquets par pr\u00e9sentoir<\/div>\n<div>18 pr\u00e9sentoirs par bo\u00eete<\/div>\n<div>Weiss Schwarz (English Edition) ne contient pas de coupon de campagne Or\/Argent.<\/div>\n","protected":false},"excerpt":{"rendered":"<p>Cartes parall\u00e8les incluses &#8211; Cartes OFR (Over Frame Rare) sans cadre avec une illustration sp\u00e9cialement dessin\u00e9e par l&#8217;artiste, hncl &#8211;<\/p>\n","protected":false},"featured_media":96029,"comment_status":"open","ping_status":"closed","template":"","meta":{"_acf_changed":false},"product_brand":[5102],"product_cat":[10021,9793],"product_tag":[],"class_list":{"0":"post-325618","1":"product","2":"type-product","3":"status-publish","4":"has-post-thumbnail","6":"product_brand-bushiroad","7":"product_cat-booster-displays-weiss-schwarz","8":"product_cat-weissschwarz","10":"first","11":"outofstock","12":"taxable","13":"shipping-taxable","14":"purchasable","15":"product-type-variable"},"acf":[],"yoast_head":"<!-- This site is optimized with the Yoast SEO plugin v27.4 - https:\/\/yoast.com\/product\/yoast-seo-wordpress\/ -->\n<title>Ach\u00e8te Blanc Noir - Guilty Gear Strive - Booster Display (16 packs)<\/title>\n<meta name=\"description\" content=\"Ach\u00e8te Blanc Noir - Guilty Gear Strive - Booster Display (16 packs) en ligne maintenant \u00e0 petit prix! Ton #1 shop pour cartes TCG &amp; Pok\u00e9mon en Suisse \u2713 Livraison gratuite d\u00e8s CHF 29\" \/>\n<meta name=\"robots\" content=\"index, follow, max-snippet:-1, max-image-preview:large, max-video-preview:-1\" \/>\n<link rel=\"canonical\" href=\"https:\/\/theuncommonshop.ch\/fr\/product\/weiss-schwarz-guilty-gear-strive-booster-display-16-packs-en-2\/\" \/>\n<meta property=\"og:locale\" content=\"fr_FR\" \/>\n<meta property=\"og:type\" content=\"article\" \/>\n<meta property=\"og:title\" content=\"Ach\u00e8te Blanc Noir - Guilty Gear Strive - Booster Display (16 packs)\" \/>\n<meta property=\"og:description\" content=\"Ach\u00e8te Blanc Noir - Guilty Gear Strive - Booster Display (16 packs) en ligne maintenant \u00e0 petit prix! Ton #1 shop pour cartes TCG &amp; Pok\u00e9mon en Suisse \u2713 Livraison gratuite d\u00e8s CHF 29\" \/>\n<meta property=\"og:url\" content=\"https:\/\/theuncommonshop.ch\/fr\/product\/weiss-schwarz-guilty-gear-strive-booster-display-16-packs-en-2\/\" \/>\n<meta property=\"og:site_name\" content=\"Largest trading card shop in Switzerland\" \/>\n<meta property=\"article:modified_time\" content=\"2026-03-31T17:22:32+00:00\" \/>\n<meta property=\"og:image\" content=\"https:\/\/theuncommonshop.ch\/wp-content\/uploads\/2025\/06\/3727928250.jpg\" \/>\n\t<meta property=\"og:image:width\" content=\"399\" \/>\n\t<meta property=\"og:image:height\" content=\"400\" \/>\n\t<meta property=\"og:image:type\" content=\"image\/jpeg\" \/>\n<meta name=\"twitter:card\" content=\"summary_large_image\" \/>\n<meta name=\"twitter:label1\" content=\"Disponibilit\u00e9\" \/>\n\t<meta name=\"twitter:data1\" content=\"Rupture de stock\" \/>\n<script type=\"application\/ld+json\" class=\"yoast-schema-graph\">{\"@context\":\"https:\\\/\\\/schema.org\",\"@graph\":[{\"@type\":\"WebPage\",\"@id\":\"https:\\\/\\\/theuncommonshop.ch\\\/fr\\\/product\\\/weiss-schwarz-guilty-gear-strive-booster-display-16-packs-en-2\\\/\",\"url\":\"https:\\\/\\\/theuncommonshop.ch\\\/fr\\\/product\\\/weiss-schwarz-guilty-gear-strive-booster-display-16-packs-en-2\\\/\",\"name\":\"Ach\u00e8te Blanc Noir - Guilty Gear Strive - Booster Display (16 packs)\",\"isPartOf\":{\"@id\":\"https:\\\/\\\/theuncommonshop.ch\\\/#website\"},\"primaryImageOfPage\":{\"@id\":\"https:\\\/\\\/theuncommonshop.ch\\\/fr\\\/product\\\/weiss-schwarz-guilty-gear-strive-booster-display-16-packs-en-2\\\/#primaryimage\"},\"image\":{\"@id\":\"https:\\\/\\\/theuncommonshop.ch\\\/fr\\\/product\\\/weiss-schwarz-guilty-gear-strive-booster-display-16-packs-en-2\\\/#primaryimage\"},\"thumbnailUrl\":\"https:\\\/\\\/theuncommonshop.ch\\\/wp-content\\\/uploads\\\/2025\\\/06\\\/3727928250.jpg\",\"datePublished\":\"2025-06-04T00:34:31+00:00\",\"dateModified\":\"2026-03-31T17:22:32+00:00\",\"description\":\"Ach\u00e8te Blanc Noir - Guilty Gear Strive - Booster Display (16 packs) en ligne maintenant \u00e0 petit prix! Ton #1 shop pour cartes TCG & Pok\u00e9mon en Suisse \u2713 Livraison gratuite d\u00e8s CHF 29\",\"breadcrumb\":{\"@id\":\"https:\\\/\\\/theuncommonshop.ch\\\/fr\\\/product\\\/weiss-schwarz-guilty-gear-strive-booster-display-16-packs-en-2\\\/#breadcrumb\"},\"inLanguage\":\"fr-FR\",\"potentialAction\":[{\"@type\":\"ReadAction\",\"target\":[\"https:\\\/\\\/theuncommonshop.ch\\\/fr\\\/product\\\/weiss-schwarz-guilty-gear-strive-booster-display-16-packs-en-2\\\/\"]}]},{\"@type\":\"ImageObject\",\"inLanguage\":\"fr-FR\",\"@id\":\"https:\\\/\\\/theuncommonshop.ch\\\/fr\\\/product\\\/weiss-schwarz-guilty-gear-strive-booster-display-16-packs-en-2\\\/#primaryimage\",\"url\":\"https:\\\/\\\/theuncommonshop.ch\\\/wp-content\\\/uploads\\\/2025\\\/06\\\/3727928250.jpg\",\"contentUrl\":\"https:\\\/\\\/theuncommonshop.ch\\\/wp-content\\\/uploads\\\/2025\\\/06\\\/3727928250.jpg\",\"width\":399,\"height\":400},{\"@type\":\"BreadcrumbList\",\"@id\":\"https:\\\/\\\/theuncommonshop.ch\\\/fr\\\/product\\\/weiss-schwarz-guilty-gear-strive-booster-display-16-packs-en-2\\\/#breadcrumb\",\"itemListElement\":[{\"@type\":\"ListItem\",\"position\":1,\"name\":\"Accueil\",\"item\":\"https:\\\/\\\/theuncommonshop.ch\\\/fr\\\/accueil\\\/\"},{\"@type\":\"ListItem\",\"position\":2,\"name\":\"Boutique\",\"item\":\"https:\\\/\\\/theuncommonshop.ch\\\/fr\\\/boutique\\\/\"},{\"@type\":\"ListItem\",\"position\":3,\"name\":\"Weitere Sammelkarten\",\"item\":\"https:\\\/\\\/theuncommonshop.ch\\\/produktkategorie\\\/weitere-sammelkarten\\\/\"},{\"@type\":\"ListItem\",\"position\":4,\"name\":\"Weiss\\\/Schwarz\",\"item\":\"https:\\\/\\\/theuncommonshop.ch\\\/produktkategorie\\\/weitere-sammelkarten\\\/weiss-schwarz\\\/\"},{\"@type\":\"ListItem\",\"position\":5,\"name\":\"Booster Displays\",\"item\":\"https:\\\/\\\/theuncommonshop.ch\\\/produktkategorie\\\/weitere-sammelkarten\\\/weiss-schwarz\\\/weissschwarz-booster-displays\\\/\"},{\"@type\":\"ListItem\",\"position\":6,\"name\":\"Blanc Noir &#8211; Guilty Gear Strive &#8211; Booster Display (16 packs)\"}]},{\"@type\":\"WebSite\",\"@id\":\"https:\\\/\\\/theuncommonshop.ch\\\/#website\",\"url\":\"https:\\\/\\\/theuncommonshop.ch\\\/\",\"name\":\"Largest trading card shop in Switzerland\",\"description\":\"Magic, Pok\u00e9mon and Yu-gi-oh - The Uncommon Shop\",\"potentialAction\":[{\"@type\":\"SearchAction\",\"target\":{\"@type\":\"EntryPoint\",\"urlTemplate\":\"https:\\\/\\\/theuncommonshop.ch\\\/?s={search_term_string}\"},\"query-input\":{\"@type\":\"PropertyValueSpecification\",\"valueRequired\":true,\"valueName\":\"search_term_string\"}}],\"inLanguage\":\"fr-FR\"}]}<\/script>\n<meta property=\"og:availability\" content=\"out of stock\" \/>\n<meta property=\"product:availability\" content=\"out of stock\" \/>\n<meta property=\"product:retailer_item_id\" content=\"WS.I.C.GGDis.EN\" \/>\n<meta property=\"product:condition\" content=\"new\" \/>\n<!-- \/ Yoast SEO plugin. -->","yoast_head_json":{"title":"Ach\u00e8te Blanc Noir - Guilty Gear Strive - Booster Display (16 packs)","description":"Ach\u00e8te Blanc Noir - Guilty Gear Strive - Booster Display (16 packs) en ligne maintenant \u00e0 petit prix! Ton #1 shop pour cartes TCG & Pok\u00e9mon en Suisse \u2713 Livraison gratuite d\u00e8s CHF 29","robots":{"index":"index","follow":"follow","max-snippet":"max-snippet:-1","max-image-preview":"max-image-preview:large","max-video-preview":"max-video-preview:-1"},"canonical":"https:\/\/theuncommonshop.ch\/fr\/product\/weiss-schwarz-guilty-gear-strive-booster-display-16-packs-en-2\/","og_locale":"fr_FR","og_type":"article","og_title":"Ach\u00e8te Blanc Noir - Guilty Gear Strive - Booster Display (16 packs)","og_description":"Ach\u00e8te Blanc Noir - Guilty Gear Strive - Booster Display (16 packs) en ligne maintenant \u00e0 petit prix! Ton #1 shop pour cartes TCG & Pok\u00e9mon en Suisse \u2713 Livraison gratuite d\u00e8s CHF 29","og_url":"https:\/\/theuncommonshop.ch\/fr\/product\/weiss-schwarz-guilty-gear-strive-booster-display-16-packs-en-2\/","og_site_name":"Largest trading card shop in Switzerland","article_modified_time":"2026-03-31T17:22:32+00:00","og_image":[{"width":399,"height":400,"url":"https:\/\/theuncommonshop.ch\/wp-content\/uploads\/2025\/06\/3727928250.jpg","type":"image\/jpeg"}],"twitter_card":"summary_large_image","twitter_misc":{"Disponibilit\u00e9":"Rupture de stock"},"schema":{"@context":"https:\/\/schema.org","@graph":[{"@type":"WebPage","@id":"https:\/\/theuncommonshop.ch\/fr\/product\/weiss-schwarz-guilty-gear-strive-booster-display-16-packs-en-2\/","url":"https:\/\/theuncommonshop.ch\/fr\/product\/weiss-schwarz-guilty-gear-strive-booster-display-16-packs-en-2\/","name":"Ach\u00e8te Blanc Noir - Guilty Gear Strive - Booster Display (16 packs)","isPartOf":{"@id":"https:\/\/theuncommonshop.ch\/#website"},"primaryImageOfPage":{"@id":"https:\/\/theuncommonshop.ch\/fr\/product\/weiss-schwarz-guilty-gear-strive-booster-display-16-packs-en-2\/#primaryimage"},"image":{"@id":"https:\/\/theuncommonshop.ch\/fr\/product\/weiss-schwarz-guilty-gear-strive-booster-display-16-packs-en-2\/#primaryimage"},"thumbnailUrl":"https:\/\/theuncommonshop.ch\/wp-content\/uploads\/2025\/06\/3727928250.jpg","datePublished":"2025-06-04T00:34:31+00:00","dateModified":"2026-03-31T17:22:32+00:00","description":"Ach\u00e8te Blanc Noir - Guilty Gear Strive - Booster Display (16 packs) en ligne maintenant \u00e0 petit prix! Ton #1 shop pour cartes TCG & Pok\u00e9mon en Suisse \u2713 Livraison gratuite d\u00e8s CHF 29","breadcrumb":{"@id":"https:\/\/theuncommonshop.ch\/fr\/product\/weiss-schwarz-guilty-gear-strive-booster-display-16-packs-en-2\/#breadcrumb"},"inLanguage":"fr-FR","potentialAction":[{"@type":"ReadAction","target":["https:\/\/theuncommonshop.ch\/fr\/product\/weiss-schwarz-guilty-gear-strive-booster-display-16-packs-en-2\/"]}]},{"@type":"ImageObject","inLanguage":"fr-FR","@id":"https:\/\/theuncommonshop.ch\/fr\/product\/weiss-schwarz-guilty-gear-strive-booster-display-16-packs-en-2\/#primaryimage","url":"https:\/\/theuncommonshop.ch\/wp-content\/uploads\/2025\/06\/3727928250.jpg","contentUrl":"https:\/\/theuncommonshop.ch\/wp-content\/uploads\/2025\/06\/3727928250.jpg","width":399,"height":400},{"@type":"BreadcrumbList","@id":"https:\/\/theuncommonshop.ch\/fr\/product\/weiss-schwarz-guilty-gear-strive-booster-display-16-packs-en-2\/#breadcrumb","itemListElement":[{"@type":"ListItem","position":1,"name":"Accueil","item":"https:\/\/theuncommonshop.ch\/fr\/accueil\/"},{"@type":"ListItem","position":2,"name":"Boutique","item":"https:\/\/theuncommonshop.ch\/fr\/boutique\/"},{"@type":"ListItem","position":3,"name":"Weitere Sammelkarten","item":"https:\/\/theuncommonshop.ch\/produktkategorie\/weitere-sammelkarten\/"},{"@type":"ListItem","position":4,"name":"Weiss\/Schwarz","item":"https:\/\/theuncommonshop.ch\/produktkategorie\/weitere-sammelkarten\/weiss-schwarz\/"},{"@type":"ListItem","position":5,"name":"Booster Displays","item":"https:\/\/theuncommonshop.ch\/produktkategorie\/weitere-sammelkarten\/weiss-schwarz\/weissschwarz-booster-displays\/"},{"@type":"ListItem","position":6,"name":"Blanc Noir &#8211; Guilty Gear Strive &#8211; Booster Display (16 packs)"}]},{"@type":"WebSite","@id":"https:\/\/theuncommonshop.ch\/#website","url":"https:\/\/theuncommonshop.ch\/","name":"Largest trading card shop in Switzerland","description":"Magic, Pok\u00e9mon and Yu-gi-oh - The Uncommon Shop","potentialAction":[{"@type":"SearchAction","target":{"@type":"EntryPoint","urlTemplate":"https:\/\/theuncommonshop.ch\/?s={search_term_string}"},"query-input":{"@type":"PropertyValueSpecification","valueRequired":true,"valueName":"search_term_string"}}],"inLanguage":"fr-FR"}]},"og_availability":"out of stock","product_availability":"out of stock","product_retailer_item_id":"WS.I.C.GGDis.EN","product_condition":"new"},"_links":{"self":[{"href":"https:\/\/theuncommonshop.ch\/fr\/wp-json\/wp\/v2\/product\/325618","targetHints":{"allow":["GET"]}}],"collection":[{"href":"https:\/\/theuncommonshop.ch\/fr\/wp-json\/wp\/v2\/product"}],"about":[{"href":"https:\/\/theuncommonshop.ch\/fr\/wp-json\/wp\/v2\/types\/product"}],"replies":[{"embeddable":true,"href":"https:\/\/theuncommonshop.ch\/fr\/wp-json\/wp\/v2\/comments?post=325618"}],"version-history":[{"count":3,"href":"https:\/\/theuncommonshop.ch\/fr\/wp-json\/wp\/v2\/product\/325618\/revisions"}],"predecessor-version":[{"id":365346,"href":"https:\/\/theuncommonshop.ch\/fr\/wp-json\/wp\/v2\/product\/325618\/revisions\/365346"}],"wp:featuredmedia":[{"embeddable":true,"href":"https:\/\/theuncommonshop.ch\/fr\/wp-json\/wp\/v2\/media\/96029"}],"wp:attachment":[{"href":"https:\/\/theuncommonshop.ch\/fr\/wp-json\/wp\/v2\/media?parent=325618"}],"wp:term":[{"taxonomy":"product_brand","embeddable":true,"href":"https:\/\/theuncommonshop.ch\/fr\/wp-json\/wp\/v2\/product_brand?post=325618"},{"taxonomy":"product_cat","embeddable":true,"href":"https:\/\/theuncommonshop.ch\/fr\/wp-json\/wp\/v2\/product_cat?post=325618"},{"taxonomy":"product_tag","embeddable":true,"href":"https:\/\/theuncommonshop.ch\/fr\/wp-json\/wp\/v2\/product_tag?post=325618"}],"curies":[{"name":"wp","href":"https:\/\/api.w.org\/{rel}","templated":true}]}}