{"id":325560,"date":"2025-06-04T10:14:11","date_gmt":"2025-06-04T08:14:11","guid":{"rendered":"http:\/\/theuncommonshop.ch\/produkt\/325560\/"},"modified":"2026-03-28T18:28:12","modified_gmt":"2026-03-28T17:28:12","slug":"pokemon-scarlet-violet-base-set-sv01-2-pack-blister-3","status":"publish","type":"product","link":"https:\/\/theuncommonshop.ch\/fr\/product\/pokemon-scarlet-violet-base-set-sv01-2-pack-blister-3\/","title":{"rendered":"Pok\u00e9mon &#8211; Scarlet &amp; Violet &#8211; Base Set (SV01) &#8211; 2-Pack Blister Pack"},"content":{"rendered":"<p><strong>Pok\u00e9mon &#8211; Scarlet &amp; Violet &#8211; Base Set (SV01) &#8211; 2-Pack Blister <\/strong><\/p>\n<p>Chaque jeu de cartes \u00e0 collectionner Pok\u00e9mon : Blister de 2 pi\u00e8ces contient :<\/p>\n<p>2 Booster Packs<br \/>\n1 Carte Promo<br \/>\n1 Pi\u00e8ce Pok\u00e9mon<br \/>\n1 Carte de code pour Pok\u00e9mon TCG Live<\/p>\n","protected":false},"excerpt":{"rendered":"<p>Pok\u00e9mon &#8211; Scarlet &amp; Violet &#8211; Base Set (SV01) &#8211; 2-Pack Blister Chaque jeu de cartes \u00e0 collectionner Pok\u00e9mon :<\/p>\n","protected":false},"featured_media":108411,"comment_status":"open","ping_status":"closed","template":"","meta":{"_acf_changed":false},"product_brand":[5114,5072],"product_cat":[9819],"product_tag":[],"class_list":{"0":"post-325560","1":"product","2":"type-product","3":"status-publish","4":"has-post-thumbnail","6":"product_brand-pokemon","7":"product_brand-the-pokemon-company","8":"product_cat-blister-packs-fr","10":"first","11":"outofstock","12":"taxable","13":"shipping-taxable","14":"purchasable","15":"product-type-variable"},"acf":[],"yoast_head":"<!-- This site is optimized with the Yoast SEO plugin v27.4 - https:\/\/yoast.com\/product\/yoast-seo-wordpress\/ -->\n<title>Ach\u00e8te Pok\u00e9mon - Scarlet &amp; Violet - Base Set (SV01) - 2-Pack Blister Pack<\/title>\n<meta name=\"description\" content=\"Ach\u00e8te Pok\u00e9mon - Scarlet &amp; Violet - Base Set (SV01) - 2-Pack Blister Pack en ligne maintenant \u00e0 petit prix! Ton #1 shop pour cartes TCG &amp; Pok\u00e9mon en Suisse \u2713 Livraison gratuite d\u00e8s CHF 29\" \/>\n<meta name=\"robots\" content=\"index, follow, max-snippet:-1, max-image-preview:large, max-video-preview:-1\" \/>\n<link rel=\"canonical\" href=\"https:\/\/theuncommonshop.ch\/fr\/product\/pokemon-scarlet-violet-base-set-sv01-2-pack-blister-3\/\" \/>\n<meta property=\"og:locale\" content=\"fr_FR\" \/>\n<meta property=\"og:type\" content=\"article\" \/>\n<meta property=\"og:title\" content=\"Ach\u00e8te Pok\u00e9mon - Scarlet &amp; Violet - Base Set (SV01) - 2-Pack Blister Pack\" \/>\n<meta property=\"og:description\" content=\"Ach\u00e8te Pok\u00e9mon - Scarlet &amp; Violet - Base Set (SV01) - 2-Pack Blister Pack en ligne maintenant \u00e0 petit prix! Ton #1 shop pour cartes TCG &amp; Pok\u00e9mon en Suisse \u2713 Livraison gratuite d\u00e8s CHF 29\" \/>\n<meta property=\"og:url\" content=\"https:\/\/theuncommonshop.ch\/fr\/product\/pokemon-scarlet-violet-base-set-sv01-2-pack-blister-3\/\" \/>\n<meta property=\"og:site_name\" content=\"The Uncommon Shop\" \/>\n<meta property=\"article:modified_time\" content=\"2026-03-28T17:28:12+00:00\" \/>\n<meta property=\"og:image\" content=\"https:\/\/theuncommonshop.ch\/wp-content\/uploads\/2025\/06\/4458884556.jpg\" \/>\n\t<meta property=\"og:image:width\" content=\"800\" \/>\n\t<meta property=\"og:image:height\" content=\"800\" \/>\n\t<meta property=\"og:image:type\" content=\"image\/jpeg\" \/>\n<meta name=\"twitter:card\" content=\"summary_large_image\" \/>\n<meta name=\"twitter:label1\" content=\"Disponibilit\u00e9\" \/>\n\t<meta name=\"twitter:data1\" content=\"Rupture de stock\" \/>\n<script type=\"application\/ld+json\" class=\"yoast-schema-graph\">{\"@context\":\"https:\\\/\\\/schema.org\",\"@graph\":[{\"@type\":\"WebPage\",\"@id\":\"https:\\\/\\\/theuncommonshop.ch\\\/fr\\\/product\\\/pokemon-scarlet-violet-base-set-sv01-2-pack-blister-3\\\/\",\"url\":\"https:\\\/\\\/theuncommonshop.ch\\\/fr\\\/product\\\/pokemon-scarlet-violet-base-set-sv01-2-pack-blister-3\\\/\",\"name\":\"Ach\u00e8te Pok\u00e9mon - Scarlet &amp; Violet - Base Set (SV01) - 2-Pack Blister Pack\",\"isPartOf\":{\"@id\":\"https:\\\/\\\/theuncommonshop.ch\\\/fr\\\/#website\"},\"primaryImageOfPage\":{\"@id\":\"https:\\\/\\\/theuncommonshop.ch\\\/fr\\\/product\\\/pokemon-scarlet-violet-base-set-sv01-2-pack-blister-3\\\/#primaryimage\"},\"image\":{\"@id\":\"https:\\\/\\\/theuncommonshop.ch\\\/fr\\\/product\\\/pokemon-scarlet-violet-base-set-sv01-2-pack-blister-3\\\/#primaryimage\"},\"thumbnailUrl\":\"https:\\\/\\\/theuncommonshop.ch\\\/wp-content\\\/uploads\\\/2025\\\/06\\\/4458884556.jpg\",\"datePublished\":\"2025-06-04T08:14:11+00:00\",\"dateModified\":\"2026-03-28T17:28:12+00:00\",\"description\":\"Ach\u00e8te Pok\u00e9mon - Scarlet &amp; Violet - Base Set (SV01) - 2-Pack Blister Pack en ligne maintenant \u00e0 petit prix! Ton #1 shop pour cartes TCG & Pok\u00e9mon en Suisse \u2713 Livraison gratuite d\u00e8s CHF 29\",\"breadcrumb\":{\"@id\":\"https:\\\/\\\/theuncommonshop.ch\\\/fr\\\/product\\\/pokemon-scarlet-violet-base-set-sv01-2-pack-blister-3\\\/#breadcrumb\"},\"inLanguage\":\"fr-FR\",\"potentialAction\":[{\"@type\":\"ReadAction\",\"target\":[\"https:\\\/\\\/theuncommonshop.ch\\\/fr\\\/product\\\/pokemon-scarlet-violet-base-set-sv01-2-pack-blister-3\\\/\"]}]},{\"@type\":\"ImageObject\",\"inLanguage\":\"fr-FR\",\"@id\":\"https:\\\/\\\/theuncommonshop.ch\\\/fr\\\/product\\\/pokemon-scarlet-violet-base-set-sv01-2-pack-blister-3\\\/#primaryimage\",\"url\":\"https:\\\/\\\/theuncommonshop.ch\\\/wp-content\\\/uploads\\\/2025\\\/06\\\/4458884556.jpg\",\"contentUrl\":\"https:\\\/\\\/theuncommonshop.ch\\\/wp-content\\\/uploads\\\/2025\\\/06\\\/4458884556.jpg\",\"width\":800,\"height\":800},{\"@type\":\"BreadcrumbList\",\"@id\":\"https:\\\/\\\/theuncommonshop.ch\\\/fr\\\/product\\\/pokemon-scarlet-violet-base-set-sv01-2-pack-blister-3\\\/#breadcrumb\",\"itemListElement\":[{\"@type\":\"ListItem\",\"position\":1,\"name\":\"Accueil\",\"item\":\"https:\\\/\\\/theuncommonshop.ch\\\/fr\\\/accueil\\\/\"},{\"@type\":\"ListItem\",\"position\":2,\"name\":\"Boutique\",\"item\":\"https:\\\/\\\/theuncommonshop.ch\\\/fr\\\/boutique\\\/\"},{\"@type\":\"ListItem\",\"position\":3,\"name\":\"Pok\u00e9mon\",\"item\":\"https:\\\/\\\/theuncommonshop.ch\\\/fr\\\/categorie-produit\\\/pokemon-fr\\\/\"},{\"@type\":\"ListItem\",\"position\":4,\"name\":\"Blister Packs\",\"item\":\"https:\\\/\\\/theuncommonshop.ch\\\/fr\\\/categorie-produit\\\/pokemon-fr\\\/blister-packs-fr\\\/\"},{\"@type\":\"ListItem\",\"position\":5,\"name\":\"Pok\u00e9mon &#8211; Scarlet &amp; Violet &#8211; Base Set (SV01) &#8211; 2-Pack Blister Pack\"}]},{\"@type\":\"WebSite\",\"@id\":\"https:\\\/\\\/theuncommonshop.ch\\\/fr\\\/#website\",\"url\":\"https:\\\/\\\/theuncommonshop.ch\\\/fr\\\/\",\"name\":\"The Uncommon Shop\",\"description\":\"Magic, Pok\u00e9mon and Yu-gi-oh - The Uncommon Shop\",\"potentialAction\":[{\"@type\":\"SearchAction\",\"target\":{\"@type\":\"EntryPoint\",\"urlTemplate\":\"https:\\\/\\\/theuncommonshop.ch\\\/fr\\\/?s={search_term_string}\"},\"query-input\":{\"@type\":\"PropertyValueSpecification\",\"valueRequired\":true,\"valueName\":\"search_term_string\"}}],\"inLanguage\":\"fr-FR\"}]}<\/script>\n<meta property=\"og:availability\" content=\"out of stock\" \/>\n<meta property=\"product:availability\" content=\"out of stock\" \/>\n<meta property=\"product:condition\" content=\"new\" \/>\n<!-- \/ Yoast SEO plugin. -->","yoast_head_json":{"title":"Ach\u00e8te Pok\u00e9mon - Scarlet &amp; Violet - Base Set (SV01) - 2-Pack Blister Pack","description":"Ach\u00e8te Pok\u00e9mon - Scarlet &amp; Violet - Base Set (SV01) - 2-Pack Blister Pack en ligne maintenant \u00e0 petit prix! Ton #1 shop pour cartes TCG & Pok\u00e9mon en Suisse \u2713 Livraison gratuite d\u00e8s CHF 29","robots":{"index":"index","follow":"follow","max-snippet":"max-snippet:-1","max-image-preview":"max-image-preview:large","max-video-preview":"max-video-preview:-1"},"canonical":"https:\/\/theuncommonshop.ch\/fr\/product\/pokemon-scarlet-violet-base-set-sv01-2-pack-blister-3\/","og_locale":"fr_FR","og_type":"article","og_title":"Ach\u00e8te Pok\u00e9mon - Scarlet &amp; Violet - Base Set (SV01) - 2-Pack Blister Pack","og_description":"Ach\u00e8te Pok\u00e9mon - Scarlet &amp; Violet - Base Set (SV01) - 2-Pack Blister Pack en ligne maintenant \u00e0 petit prix! Ton #1 shop pour cartes TCG & Pok\u00e9mon en Suisse \u2713 Livraison gratuite d\u00e8s CHF 29","og_url":"https:\/\/theuncommonshop.ch\/fr\/product\/pokemon-scarlet-violet-base-set-sv01-2-pack-blister-3\/","og_site_name":"The Uncommon Shop","article_modified_time":"2026-03-28T17:28:12+00:00","og_image":[{"width":800,"height":800,"url":"https:\/\/theuncommonshop.ch\/wp-content\/uploads\/2025\/06\/4458884556.jpg","type":"image\/jpeg"}],"twitter_card":"summary_large_image","twitter_misc":{"Disponibilit\u00e9":"Rupture de stock"},"schema":{"@context":"https:\/\/schema.org","@graph":[{"@type":"WebPage","@id":"https:\/\/theuncommonshop.ch\/fr\/product\/pokemon-scarlet-violet-base-set-sv01-2-pack-blister-3\/","url":"https:\/\/theuncommonshop.ch\/fr\/product\/pokemon-scarlet-violet-base-set-sv01-2-pack-blister-3\/","name":"Ach\u00e8te Pok\u00e9mon - Scarlet &amp; Violet - Base Set (SV01) - 2-Pack Blister Pack","isPartOf":{"@id":"https:\/\/theuncommonshop.ch\/fr\/#website"},"primaryImageOfPage":{"@id":"https:\/\/theuncommonshop.ch\/fr\/product\/pokemon-scarlet-violet-base-set-sv01-2-pack-blister-3\/#primaryimage"},"image":{"@id":"https:\/\/theuncommonshop.ch\/fr\/product\/pokemon-scarlet-violet-base-set-sv01-2-pack-blister-3\/#primaryimage"},"thumbnailUrl":"https:\/\/theuncommonshop.ch\/wp-content\/uploads\/2025\/06\/4458884556.jpg","datePublished":"2025-06-04T08:14:11+00:00","dateModified":"2026-03-28T17:28:12+00:00","description":"Ach\u00e8te Pok\u00e9mon - Scarlet &amp; Violet - Base Set (SV01) - 2-Pack Blister Pack en ligne maintenant \u00e0 petit prix! Ton #1 shop pour cartes TCG & Pok\u00e9mon en Suisse \u2713 Livraison gratuite d\u00e8s CHF 29","breadcrumb":{"@id":"https:\/\/theuncommonshop.ch\/fr\/product\/pokemon-scarlet-violet-base-set-sv01-2-pack-blister-3\/#breadcrumb"},"inLanguage":"fr-FR","potentialAction":[{"@type":"ReadAction","target":["https:\/\/theuncommonshop.ch\/fr\/product\/pokemon-scarlet-violet-base-set-sv01-2-pack-blister-3\/"]}]},{"@type":"ImageObject","inLanguage":"fr-FR","@id":"https:\/\/theuncommonshop.ch\/fr\/product\/pokemon-scarlet-violet-base-set-sv01-2-pack-blister-3\/#primaryimage","url":"https:\/\/theuncommonshop.ch\/wp-content\/uploads\/2025\/06\/4458884556.jpg","contentUrl":"https:\/\/theuncommonshop.ch\/wp-content\/uploads\/2025\/06\/4458884556.jpg","width":800,"height":800},{"@type":"BreadcrumbList","@id":"https:\/\/theuncommonshop.ch\/fr\/product\/pokemon-scarlet-violet-base-set-sv01-2-pack-blister-3\/#breadcrumb","itemListElement":[{"@type":"ListItem","position":1,"name":"Accueil","item":"https:\/\/theuncommonshop.ch\/fr\/accueil\/"},{"@type":"ListItem","position":2,"name":"Boutique","item":"https:\/\/theuncommonshop.ch\/fr\/boutique\/"},{"@type":"ListItem","position":3,"name":"Pok\u00e9mon","item":"https:\/\/theuncommonshop.ch\/fr\/categorie-produit\/pokemon-fr\/"},{"@type":"ListItem","position":4,"name":"Blister Packs","item":"https:\/\/theuncommonshop.ch\/fr\/categorie-produit\/pokemon-fr\/blister-packs-fr\/"},{"@type":"ListItem","position":5,"name":"Pok\u00e9mon &#8211; Scarlet &amp; Violet &#8211; Base Set (SV01) &#8211; 2-Pack Blister Pack"}]},{"@type":"WebSite","@id":"https:\/\/theuncommonshop.ch\/fr\/#website","url":"https:\/\/theuncommonshop.ch\/fr\/","name":"The Uncommon Shop","description":"Magic, Pok\u00e9mon and Yu-gi-oh - The Uncommon Shop","potentialAction":[{"@type":"SearchAction","target":{"@type":"EntryPoint","urlTemplate":"https:\/\/theuncommonshop.ch\/fr\/?s={search_term_string}"},"query-input":{"@type":"PropertyValueSpecification","valueRequired":true,"valueName":"search_term_string"}}],"inLanguage":"fr-FR"}]},"og_availability":"out of stock","product_availability":"out of stock","product_condition":"new"},"_links":{"self":[{"href":"https:\/\/theuncommonshop.ch\/fr\/wp-json\/wp\/v2\/product\/325560","targetHints":{"allow":["GET"]}}],"collection":[{"href":"https:\/\/theuncommonshop.ch\/fr\/wp-json\/wp\/v2\/product"}],"about":[{"href":"https:\/\/theuncommonshop.ch\/fr\/wp-json\/wp\/v2\/types\/product"}],"replies":[{"embeddable":true,"href":"https:\/\/theuncommonshop.ch\/fr\/wp-json\/wp\/v2\/comments?post=325560"}],"version-history":[{"count":0,"href":"https:\/\/theuncommonshop.ch\/fr\/wp-json\/wp\/v2\/product\/325560\/revisions"}],"wp:featuredmedia":[{"embeddable":true,"href":"https:\/\/theuncommonshop.ch\/fr\/wp-json\/wp\/v2\/media\/108411"}],"wp:attachment":[{"href":"https:\/\/theuncommonshop.ch\/fr\/wp-json\/wp\/v2\/media?parent=325560"}],"wp:term":[{"taxonomy":"product_brand","embeddable":true,"href":"https:\/\/theuncommonshop.ch\/fr\/wp-json\/wp\/v2\/product_brand?post=325560"},{"taxonomy":"product_cat","embeddable":true,"href":"https:\/\/theuncommonshop.ch\/fr\/wp-json\/wp\/v2\/product_cat?post=325560"},{"taxonomy":"product_tag","embeddable":true,"href":"https:\/\/theuncommonshop.ch\/fr\/wp-json\/wp\/v2\/product_tag?post=325560"}],"curies":[{"name":"wp","href":"https:\/\/api.w.org\/{rel}","templated":true}]}}