{"id":325380,"date":"2025-06-04T09:41:36","date_gmt":"2025-06-04T09:41:36","guid":{"rendered":"http:\/\/theuncommonshop.ch\/produkt\/325380\/"},"modified":"2026-03-28T18:33:22","modified_gmt":"2026-03-28T17:33:22","slug":"warhammer-40-000-codex-dark-angels-de-2","status":"publish","type":"product","link":"https:\/\/theuncommonshop.ch\/fr\/product\/warhammer-40-000-codex-dark-angels-de-2\/","title":{"rendered":"Warhammer 40.000 &#8211; Codex : Dark Angels FR"},"content":{"rendered":"<ul>\n<li>Votre guide pour collecter et utiliser les Fils du Lion dans vos parties de Warhammer 40.000<\/li>\n<li>96 pages d&#8217;images inspirantes, de contexte et de r\u00e8gles pour les unit\u00e9s sp\u00e9cialis\u00e9es des Dark Angels.<\/li>\n<li>Contient des r\u00e8gles pour une patrouille de combat ainsi que des directives de croisade narratives, 16 fiches techniques et trois contingents.<\/li>\n<\/ul>\n<p><\/p>\n<p>Les Dark Angels sont une confr\u00e9rie bourrue qui se distingue par son attachement ind\u00e9fectible \u00e0 des rituels mill\u00e9naires, sa loyaut\u00e9, sa discipline et son autosuffisance. Ils sont une force dont la loyaut\u00e9 envers l&#8217;Empereur et l&#8217;Empire ne fait aucun doute, mais ils cachent de profonds secrets. <\/p>\n<p>Le <i>Codex : Dark Angels<\/i> est votre guide de base pour utiliser les Dark Angels et les ordres qui leur succ\u00e8dent dans vos parties de Warhammer 40.000 et pour les collecter, les construire et les peindre. En les combinant avec le Codex : Space Marines, vous pouvez cr\u00e9er une arm\u00e9e avec son propre style de combat, des unit\u00e9s sp\u00e9cialis\u00e9es et des formations uniques. Vous trouverez \u00e9galement tout ce dont vous avez besoin pour les utiliser dans des jeux de croisade narratifs et des jeux de patrouille de combat. Le livre est rempli d&#8217;images, d&#8217;exemples \u00e9poustouflants de miniatures peintes et de documents d&#8217;arri\u00e8re-plan fascinants dont vous pourrez vous inspirer.   <\/p>\n<p><strong>Dans ce livre \u00e0 couverture rigide de 96 pages, vous trouverez :<\/strong><\/p>\n<p>&#8211; Histoire et contexte des Fils du Lion, de leurs origines \u00e0 l&#8217;\u00e2ge des t\u00e9n\u00e8bres jusqu&#8217;au retour de leur Primarque<\/p>\n<p>&#8211; Des images atmosph\u00e9riques qui mettent en lumi\u00e8re les recoins les plus sombres de cet ordre myst\u00e9rieux.<\/p>\n<p>&#8211; 16 fiches techniques en plus de celles du Codex : Space Marines, y compris le Dark Talon, le Land Speeder Vengeance et plus encore.<\/p>\n<p>&#8211; Trois contingents th\u00e9matiques, l&#8217;unit\u00e9 d&#8217;intervention de la L\u00e9gion d&#8217;expiation, l&#8217;unit\u00e9 d&#8217;intervention du Cercle int\u00e9rieur et la Compagnie des chasseurs, chacun avec ses propres r\u00e8gles sp\u00e9ciales.<\/p>\n<p>&#8211; Des r\u00e8gles de croisade qui permettent \u00e0 vos mod\u00e8les de personnages de s&#8217;immerger davantage dans les myst\u00e8res de l&#8217;Ordre tout en chassant les Anges d\u00e9chus.<\/p>\n<p>&#8211; Des r\u00e8gles de patrouille de combat qui vous permettent de prendre le commandement de la Confr\u00e9rie de la Vengeance dans les parties rapides.<\/p>\n<p>&#8211; Une galerie &#8216;Eavy Metal&#8217; avec des miniatures Citadel peintes de main de ma\u00eetre, dont vous pouvez vous inspirer.<\/p>\n<p>Vous aurez besoin d&#8217;un exemplaire du <i>Codex : Space Marines<\/i>, vendu s\u00e9par\u00e9ment, pour profiter pleinement du contenu de ce livre.<\/p>\n<p>Ce livre contient \u00e9galement un code \u00e0 usage unique pour utiliser le <i>Codex Supplement : Dark Angels<\/i> dans Warhammer 40.000 : The App.<\/p>\n","protected":false},"excerpt":{"rendered":"<p>Votre guide pour collecter et utiliser les Fils du Lion dans vos parties de Warhammer 40.000 96 pages d&#8217;images inspirantes,<\/p>\n","protected":false},"featured_media":107653,"comment_status":"open","ping_status":"closed","template":"","meta":{"_acf_changed":false},"product_brand":[5154],"product_cat":[9925,9927],"product_tag":[],"class_list":{"0":"post-325380","1":"product","2":"type-product","3":"status-publish","4":"has-post-thumbnail","6":"product_brand-warhammer","7":"product_cat-tabletop-fr","8":"product_cat-warhammer-40k-fr","10":"first","11":"outofstock","12":"taxable","13":"shipping-taxable","14":"purchasable","15":"product-type-simple"},"acf":[],"yoast_head":"<!-- This site is optimized with the Yoast SEO plugin v27.4 - https:\/\/yoast.com\/product\/yoast-seo-wordpress\/ -->\n<title>Ach\u00e8te Warhammer 40.000 - Codex : Dark Angels FR<\/title>\n<meta name=\"description\" content=\"Ach\u00e8te Warhammer 40.000 - Codex : Dark Angels FR en ligne maintenant \u00e0 petit prix! Ton #1 shop pour cartes TCG &amp; Pok\u00e9mon en Suisse \u2713 Livraison gratuite d\u00e8s CHF 29\" \/>\n<meta name=\"robots\" content=\"index, follow, max-snippet:-1, max-image-preview:large, max-video-preview:-1\" \/>\n<link rel=\"canonical\" href=\"https:\/\/theuncommonshop.ch\/fr\/product\/warhammer-40-000-codex-dark-angels-de-2\/\" \/>\n<meta property=\"og:locale\" content=\"fr_FR\" \/>\n<meta property=\"og:type\" content=\"article\" \/>\n<meta property=\"og:title\" content=\"Ach\u00e8te Warhammer 40.000 - Codex : Dark Angels FR\" \/>\n<meta property=\"og:description\" content=\"Ach\u00e8te Warhammer 40.000 - Codex : Dark Angels FR en ligne maintenant \u00e0 petit prix! Ton #1 shop pour cartes TCG &amp; Pok\u00e9mon en Suisse \u2713 Livraison gratuite d\u00e8s CHF 29\" \/>\n<meta property=\"og:url\" content=\"https:\/\/theuncommonshop.ch\/fr\/product\/warhammer-40-000-codex-dark-angels-de-2\/\" \/>\n<meta property=\"og:site_name\" content=\"The Uncommon Shop\" \/>\n<meta property=\"article:modified_time\" content=\"2026-03-28T17:33:22+00:00\" \/>\n<meta property=\"og:image\" content=\"https:\/\/theuncommonshop.ch\/wp-content\/uploads\/2025\/06\/4148470718.jpg\" \/>\n\t<meta property=\"og:image:width\" content=\"1840\" \/>\n\t<meta property=\"og:image:height\" content=\"1900\" \/>\n\t<meta property=\"og:image:type\" content=\"image\/jpeg\" \/>\n<meta name=\"twitter:card\" content=\"summary_large_image\" \/>\n<meta name=\"twitter:label1\" content=\"Prix\" \/>\n\t<meta name=\"twitter:data1\" content=\"&#067;&#072;&#070;&nbsp;21.95\" \/>\n\t<meta name=\"twitter:label2\" content=\"Disponibilit\u00e9\" \/>\n\t<meta name=\"twitter:data2\" content=\"Rupture de stock\" \/>\n<script type=\"application\/ld+json\" class=\"yoast-schema-graph\">{\"@context\":\"https:\\\/\\\/schema.org\",\"@graph\":[{\"@type\":\"WebPage\",\"@id\":\"https:\\\/\\\/theuncommonshop.ch\\\/fr\\\/product\\\/warhammer-40-000-codex-dark-angels-de-2\\\/\",\"url\":\"https:\\\/\\\/theuncommonshop.ch\\\/fr\\\/product\\\/warhammer-40-000-codex-dark-angels-de-2\\\/\",\"name\":\"Ach\u00e8te Warhammer 40.000 - Codex : Dark Angels FR\",\"isPartOf\":{\"@id\":\"https:\\\/\\\/theuncommonshop.ch\\\/fr\\\/#website\"},\"primaryImageOfPage\":{\"@id\":\"https:\\\/\\\/theuncommonshop.ch\\\/fr\\\/product\\\/warhammer-40-000-codex-dark-angels-de-2\\\/#primaryimage\"},\"image\":{\"@id\":\"https:\\\/\\\/theuncommonshop.ch\\\/fr\\\/product\\\/warhammer-40-000-codex-dark-angels-de-2\\\/#primaryimage\"},\"thumbnailUrl\":\"https:\\\/\\\/theuncommonshop.ch\\\/wp-content\\\/uploads\\\/2025\\\/06\\\/4148470718.jpg\",\"datePublished\":\"2025-06-04T09:41:36+00:00\",\"dateModified\":\"2026-03-28T17:33:22+00:00\",\"description\":\"Ach\u00e8te Warhammer 40.000 - Codex : Dark Angels FR en ligne maintenant \u00e0 petit prix! Ton #1 shop pour cartes TCG & Pok\u00e9mon en Suisse \u2713 Livraison gratuite d\u00e8s CHF 29\",\"breadcrumb\":{\"@id\":\"https:\\\/\\\/theuncommonshop.ch\\\/fr\\\/product\\\/warhammer-40-000-codex-dark-angels-de-2\\\/#breadcrumb\"},\"inLanguage\":\"fr-FR\",\"potentialAction\":[{\"@type\":\"ReadAction\",\"target\":[\"https:\\\/\\\/theuncommonshop.ch\\\/fr\\\/product\\\/warhammer-40-000-codex-dark-angels-de-2\\\/\"]}]},{\"@type\":\"ImageObject\",\"inLanguage\":\"fr-FR\",\"@id\":\"https:\\\/\\\/theuncommonshop.ch\\\/fr\\\/product\\\/warhammer-40-000-codex-dark-angels-de-2\\\/#primaryimage\",\"url\":\"https:\\\/\\\/theuncommonshop.ch\\\/wp-content\\\/uploads\\\/2025\\\/06\\\/4148470718.jpg\",\"contentUrl\":\"https:\\\/\\\/theuncommonshop.ch\\\/wp-content\\\/uploads\\\/2025\\\/06\\\/4148470718.jpg\",\"width\":1840,\"height\":1900},{\"@type\":\"BreadcrumbList\",\"@id\":\"https:\\\/\\\/theuncommonshop.ch\\\/fr\\\/product\\\/warhammer-40-000-codex-dark-angels-de-2\\\/#breadcrumb\",\"itemListElement\":[{\"@type\":\"ListItem\",\"position\":1,\"name\":\"Accueil\",\"item\":\"https:\\\/\\\/theuncommonshop.ch\\\/fr\\\/accueil\\\/\"},{\"@type\":\"ListItem\",\"position\":2,\"name\":\"Boutique\",\"item\":\"https:\\\/\\\/theuncommonshop.ch\\\/fr\\\/boutique\\\/\"},{\"@type\":\"ListItem\",\"position\":3,\"name\":\"Tabletop\",\"item\":\"https:\\\/\\\/theuncommonshop.ch\\\/fr\\\/categorie-produit\\\/tabletop-fr\\\/\"},{\"@type\":\"ListItem\",\"position\":4,\"name\":\"Warhammer 40k\",\"item\":\"https:\\\/\\\/theuncommonshop.ch\\\/fr\\\/categorie-produit\\\/tabletop-fr\\\/warhammer-40k-fr\\\/\"},{\"@type\":\"ListItem\",\"position\":5,\"name\":\"Warhammer 40.000 &#8211; Codex : Dark Angels FR\"}]},{\"@type\":\"WebSite\",\"@id\":\"https:\\\/\\\/theuncommonshop.ch\\\/fr\\\/#website\",\"url\":\"https:\\\/\\\/theuncommonshop.ch\\\/fr\\\/\",\"name\":\"The Uncommon Shop\",\"description\":\"Magic, Pok\u00e9mon and Yu-gi-oh - The Uncommon Shop\",\"potentialAction\":[{\"@type\":\"SearchAction\",\"target\":{\"@type\":\"EntryPoint\",\"urlTemplate\":\"https:\\\/\\\/theuncommonshop.ch\\\/fr\\\/?s={search_term_string}\"},\"query-input\":{\"@type\":\"PropertyValueSpecification\",\"valueRequired\":true,\"valueName\":\"search_term_string\"}}],\"inLanguage\":\"fr-FR\"}]}<\/script>\n<meta property=\"product:price:amount\" content=\"21.95\" \/>\n<meta property=\"product:price:currency\" content=\"CHF\" \/>\n<meta property=\"og:availability\" content=\"out of stock\" \/>\n<meta property=\"product:availability\" content=\"out of stock\" \/>\n<meta property=\"product:retailer_item_id\" content=\"31720\" \/>\n<meta property=\"product:condition\" content=\"new\" \/>\n<!-- \/ Yoast SEO plugin. -->","yoast_head_json":{"title":"Ach\u00e8te Warhammer 40.000 - Codex : Dark Angels FR","description":"Ach\u00e8te Warhammer 40.000 - Codex : Dark Angels FR en ligne maintenant \u00e0 petit prix! Ton #1 shop pour cartes TCG & Pok\u00e9mon en Suisse \u2713 Livraison gratuite d\u00e8s CHF 29","robots":{"index":"index","follow":"follow","max-snippet":"max-snippet:-1","max-image-preview":"max-image-preview:large","max-video-preview":"max-video-preview:-1"},"canonical":"https:\/\/theuncommonshop.ch\/fr\/product\/warhammer-40-000-codex-dark-angels-de-2\/","og_locale":"fr_FR","og_type":"article","og_title":"Ach\u00e8te Warhammer 40.000 - Codex : Dark Angels FR","og_description":"Ach\u00e8te Warhammer 40.000 - Codex : Dark Angels FR en ligne maintenant \u00e0 petit prix! Ton #1 shop pour cartes TCG & Pok\u00e9mon en Suisse \u2713 Livraison gratuite d\u00e8s CHF 29","og_url":"https:\/\/theuncommonshop.ch\/fr\/product\/warhammer-40-000-codex-dark-angels-de-2\/","og_site_name":"The Uncommon Shop","article_modified_time":"2026-03-28T17:33:22+00:00","og_image":[{"width":1840,"height":1900,"url":"https:\/\/theuncommonshop.ch\/wp-content\/uploads\/2025\/06\/4148470718.jpg","type":"image\/jpeg"}],"twitter_card":"summary_large_image","twitter_misc":{"Prix":"&#67;&#72;&#70;&nbsp;21.95","Disponibilit\u00e9":"Rupture de stock"},"schema":{"@context":"https:\/\/schema.org","@graph":[{"@type":"WebPage","@id":"https:\/\/theuncommonshop.ch\/fr\/product\/warhammer-40-000-codex-dark-angels-de-2\/","url":"https:\/\/theuncommonshop.ch\/fr\/product\/warhammer-40-000-codex-dark-angels-de-2\/","name":"Ach\u00e8te Warhammer 40.000 - Codex : Dark Angels FR","isPartOf":{"@id":"https:\/\/theuncommonshop.ch\/fr\/#website"},"primaryImageOfPage":{"@id":"https:\/\/theuncommonshop.ch\/fr\/product\/warhammer-40-000-codex-dark-angels-de-2\/#primaryimage"},"image":{"@id":"https:\/\/theuncommonshop.ch\/fr\/product\/warhammer-40-000-codex-dark-angels-de-2\/#primaryimage"},"thumbnailUrl":"https:\/\/theuncommonshop.ch\/wp-content\/uploads\/2025\/06\/4148470718.jpg","datePublished":"2025-06-04T09:41:36+00:00","dateModified":"2026-03-28T17:33:22+00:00","description":"Ach\u00e8te Warhammer 40.000 - Codex : Dark Angels FR en ligne maintenant \u00e0 petit prix! Ton #1 shop pour cartes TCG & Pok\u00e9mon en Suisse \u2713 Livraison gratuite d\u00e8s CHF 29","breadcrumb":{"@id":"https:\/\/theuncommonshop.ch\/fr\/product\/warhammer-40-000-codex-dark-angels-de-2\/#breadcrumb"},"inLanguage":"fr-FR","potentialAction":[{"@type":"ReadAction","target":["https:\/\/theuncommonshop.ch\/fr\/product\/warhammer-40-000-codex-dark-angels-de-2\/"]}]},{"@type":"ImageObject","inLanguage":"fr-FR","@id":"https:\/\/theuncommonshop.ch\/fr\/product\/warhammer-40-000-codex-dark-angels-de-2\/#primaryimage","url":"https:\/\/theuncommonshop.ch\/wp-content\/uploads\/2025\/06\/4148470718.jpg","contentUrl":"https:\/\/theuncommonshop.ch\/wp-content\/uploads\/2025\/06\/4148470718.jpg","width":1840,"height":1900},{"@type":"BreadcrumbList","@id":"https:\/\/theuncommonshop.ch\/fr\/product\/warhammer-40-000-codex-dark-angels-de-2\/#breadcrumb","itemListElement":[{"@type":"ListItem","position":1,"name":"Accueil","item":"https:\/\/theuncommonshop.ch\/fr\/accueil\/"},{"@type":"ListItem","position":2,"name":"Boutique","item":"https:\/\/theuncommonshop.ch\/fr\/boutique\/"},{"@type":"ListItem","position":3,"name":"Tabletop","item":"https:\/\/theuncommonshop.ch\/fr\/categorie-produit\/tabletop-fr\/"},{"@type":"ListItem","position":4,"name":"Warhammer 40k","item":"https:\/\/theuncommonshop.ch\/fr\/categorie-produit\/tabletop-fr\/warhammer-40k-fr\/"},{"@type":"ListItem","position":5,"name":"Warhammer 40.000 &#8211; Codex : Dark Angels FR"}]},{"@type":"WebSite","@id":"https:\/\/theuncommonshop.ch\/fr\/#website","url":"https:\/\/theuncommonshop.ch\/fr\/","name":"The Uncommon Shop","description":"Magic, Pok\u00e9mon and Yu-gi-oh - The Uncommon Shop","potentialAction":[{"@type":"SearchAction","target":{"@type":"EntryPoint","urlTemplate":"https:\/\/theuncommonshop.ch\/fr\/?s={search_term_string}"},"query-input":{"@type":"PropertyValueSpecification","valueRequired":true,"valueName":"search_term_string"}}],"inLanguage":"fr-FR"}]},"product_price_amount":"21.95","product_price_currency":"CHF","og_availability":"out of stock","product_availability":"out of stock","product_retailer_item_id":"31720","product_condition":"new"},"_links":{"self":[{"href":"https:\/\/theuncommonshop.ch\/fr\/wp-json\/wp\/v2\/product\/325380","targetHints":{"allow":["GET"]}}],"collection":[{"href":"https:\/\/theuncommonshop.ch\/fr\/wp-json\/wp\/v2\/product"}],"about":[{"href":"https:\/\/theuncommonshop.ch\/fr\/wp-json\/wp\/v2\/types\/product"}],"replies":[{"embeddable":true,"href":"https:\/\/theuncommonshop.ch\/fr\/wp-json\/wp\/v2\/comments?post=325380"}],"version-history":[{"count":0,"href":"https:\/\/theuncommonshop.ch\/fr\/wp-json\/wp\/v2\/product\/325380\/revisions"}],"wp:featuredmedia":[{"embeddable":true,"href":"https:\/\/theuncommonshop.ch\/fr\/wp-json\/wp\/v2\/media\/107653"}],"wp:attachment":[{"href":"https:\/\/theuncommonshop.ch\/fr\/wp-json\/wp\/v2\/media?parent=325380"}],"wp:term":[{"taxonomy":"product_brand","embeddable":true,"href":"https:\/\/theuncommonshop.ch\/fr\/wp-json\/wp\/v2\/product_brand?post=325380"},{"taxonomy":"product_cat","embeddable":true,"href":"https:\/\/theuncommonshop.ch\/fr\/wp-json\/wp\/v2\/product_cat?post=325380"},{"taxonomy":"product_tag","embeddable":true,"href":"https:\/\/theuncommonshop.ch\/fr\/wp-json\/wp\/v2\/product_tag?post=325380"}],"curies":[{"name":"wp","href":"https:\/\/api.w.org\/{rel}","templated":true}]}}