{"id":325360,"date":"2025-06-04T09:41:10","date_gmt":"2025-06-04T09:41:10","guid":{"rendered":"http:\/\/theuncommonshop.ch\/produkt\/325360\/"},"modified":"2026-03-30T13:04:50","modified_gmt":"2026-03-30T11:04:50","slug":"magic-modern-horizons-3-mh3-commander-deck-collectors-edition-2","status":"publish","type":"product","link":"https:\/\/theuncommonshop.ch\/fr\/product\/magic-modern-horizons-3-mh3-commander-deck-collectors-edition-2\/","title":{"rendered":"Magic &#8211; Modern Horizons 3 (MH3) &#8211; Commander Deck Edition Collector"},"content":{"rendered":"<ul>\n<li>IMPRESSION EXCLUSIVE DE CARTES FOIL POUR L&#8217;\u00c9DITION COLLECTEUR &#8211; Dans chaque deck de l&#8217;\u00c9dition Collector, les 100 cartes ont une impression de carte Foil sp\u00e9ciale qui est introduite pour la premi\u00e8re fois &#8211; les cartes Ripple Foil brillent dans un motif qui rappelle les ondulations de l&#8217;eau.<\/li>\n<li>COMMANDES DE PROFIL SANS BORD &#8211; D\u00e9couvrez les nouvelles stars de votre collection et regardez vos Commander de profil de plus pr\u00e8s. Chaque deck contient 2 cartes de cr\u00e9atures l\u00e9gendaires avec une impression de carte de profil sans bordure, une illustration alternative et un effet de ripple foil impressionnant. <\/li>\n<li>60 NOUVELLES CARTES COMMANDANT &#8211; Ces decks introduisent un total de 60 cartes in\u00e9dites dans Magic : The Gathering, 15 dans chaque deck.<\/li>\n<li>DIRECTEMENT DEPUIS LA BOITE &#8211; Ces decks puissants remplis de cartes foil sont pr\u00eats \u00e0 \u00eatre jou\u00e9s pour vaincre vos adversaires avec style.<\/li>\n<li>PI\u00c8CES SP\u00c9CIALES COMPL\u00c9MENTAIRES &#8211; Chaque deck contient \u00e9galement un pack d&#8217;essai Booster Collector comprenant 2 cartes \u00e0 bord alternatif du Deck Set Modern Horizons 3, dont 1 carte rare ou fabuleusement rare et au moins 1 carte Foil traditionnelle.<\/li>\n<li>4 DOCUMENTS DE FOIL PR\u00caTS \u00c0 JOUER PLUS DES ACCESSOIRES &#8211; Chaque deck contient 100 cartes Ripple Foil, un paquet d&#8217;essai Booster de 2 cartes \u00e0 collectionner, 10 cartes de jetons double face, 1 compteur de points de vie et 1 bo\u00eete de deck.<\/li>\n<\/ul>\n","protected":false},"excerpt":{"rendered":"<p>IMPRESSION EXCLUSIVE DE CARTES FOIL POUR L&#8217;\u00c9DITION COLLECTEUR &#8211; Dans chaque deck de l&#8217;\u00c9dition Collector, les 100 cartes ont une<\/p>\n","protected":false},"featured_media":107643,"comment_status":"open","ping_status":"closed","template":"","meta":{"_acf_changed":false},"product_brand":[5158,5070],"product_cat":[9987,10187,9967,9991],"product_tag":[],"class_list":{"0":"post-325360","1":"product","2":"type-product","3":"status-publish","4":"has-post-thumbnail","6":"product_brand-magic-the-gathering","7":"product_brand-wizards-of-the-coast","8":"product_cat-decks-mtg-fr","9":"product_cat-horizons-du-modern-3","10":"product_cat-magic-the-gathering-fr","11":"product_cat-produits-par-lots-mtg","13":"first","14":"instock","15":"taxable","16":"shipping-taxable","17":"purchasable","18":"product-type-variable"},"acf":[],"yoast_head":"<!-- This site is optimized with the Yoast SEO plugin v27.5 - https:\/\/yoast.com\/product\/yoast-seo-wordpress\/ -->\n<title>Ach\u00e8te Magic - Modern Horizons 3 (MH3) - Commander Deck Edition Collector<\/title>\n<meta name=\"description\" content=\"Ach\u00e8te Magic - Modern Horizons 3 (MH3) - Commander Deck Edition Collector en ligne maintenant \u00e0 petit prix! Ton #1 shop pour cartes TCG &amp; Pok\u00e9mon en Suisse \u2713 Livraison gratuite d\u00e8s CHF 29\" \/>\n<meta name=\"robots\" content=\"index, follow, max-snippet:-1, max-image-preview:large, max-video-preview:-1\" \/>\n<link rel=\"canonical\" href=\"https:\/\/theuncommonshop.ch\/fr\/product\/magic-modern-horizons-3-mh3-commander-deck-collectors-edition-2\/\" \/>\n<meta property=\"og:locale\" content=\"fr_FR\" \/>\n<meta property=\"og:type\" content=\"article\" \/>\n<meta property=\"og:title\" content=\"Ach\u00e8te Magic - Modern Horizons 3 (MH3) - Commander Deck Edition Collector\" \/>\n<meta property=\"og:description\" content=\"Ach\u00e8te Magic - Modern Horizons 3 (MH3) - Commander Deck Edition Collector en ligne maintenant \u00e0 petit prix! Ton #1 shop pour cartes TCG &amp; Pok\u00e9mon en Suisse \u2713 Livraison gratuite d\u00e8s CHF 29\" \/>\n<meta property=\"og:url\" content=\"https:\/\/theuncommonshop.ch\/fr\/product\/magic-modern-horizons-3-mh3-commander-deck-collectors-edition-2\/\" \/>\n<meta property=\"og:site_name\" content=\"The Uncommon Shop\" \/>\n<meta property=\"article:modified_time\" content=\"2026-03-30T11:04:50+00:00\" \/>\n<meta property=\"og:image\" content=\"https:\/\/theuncommonshop.ch\/wp-content\/uploads\/2025\/06\/4147762427.jpg\" \/>\n\t<meta property=\"og:image:width\" content=\"1800\" \/>\n\t<meta property=\"og:image:height\" content=\"1800\" \/>\n\t<meta property=\"og:image:type\" content=\"image\/jpeg\" \/>\n<meta name=\"twitter:card\" content=\"summary_large_image\" \/>\n<meta name=\"twitter:label1\" content=\"Disponibilit\u00e9\" \/>\n\t<meta name=\"twitter:data1\" content=\"En stock\" \/>\n<script type=\"application\/ld+json\" class=\"yoast-schema-graph\">{\"@context\":\"https:\\\/\\\/schema.org\",\"@graph\":[{\"@type\":\"WebPage\",\"@id\":\"https:\\\/\\\/theuncommonshop.ch\\\/fr\\\/product\\\/magic-modern-horizons-3-mh3-commander-deck-collectors-edition-2\\\/\",\"url\":\"https:\\\/\\\/theuncommonshop.ch\\\/fr\\\/product\\\/magic-modern-horizons-3-mh3-commander-deck-collectors-edition-2\\\/\",\"name\":\"Ach\u00e8te Magic - Modern Horizons 3 (MH3) - Commander Deck Edition Collector\",\"isPartOf\":{\"@id\":\"https:\\\/\\\/theuncommonshop.ch\\\/fr\\\/#website\"},\"primaryImageOfPage\":{\"@id\":\"https:\\\/\\\/theuncommonshop.ch\\\/fr\\\/product\\\/magic-modern-horizons-3-mh3-commander-deck-collectors-edition-2\\\/#primaryimage\"},\"image\":{\"@id\":\"https:\\\/\\\/theuncommonshop.ch\\\/fr\\\/product\\\/magic-modern-horizons-3-mh3-commander-deck-collectors-edition-2\\\/#primaryimage\"},\"thumbnailUrl\":\"https:\\\/\\\/theuncommonshop.ch\\\/wp-content\\\/uploads\\\/2025\\\/06\\\/4147762427.jpg\",\"datePublished\":\"2025-06-04T09:41:10+00:00\",\"dateModified\":\"2026-03-30T11:04:50+00:00\",\"description\":\"Ach\u00e8te Magic - Modern Horizons 3 (MH3) - Commander Deck Edition Collector en ligne maintenant \u00e0 petit prix! Ton #1 shop pour cartes TCG & Pok\u00e9mon en Suisse \u2713 Livraison gratuite d\u00e8s CHF 29\",\"breadcrumb\":{\"@id\":\"https:\\\/\\\/theuncommonshop.ch\\\/fr\\\/product\\\/magic-modern-horizons-3-mh3-commander-deck-collectors-edition-2\\\/#breadcrumb\"},\"inLanguage\":\"fr-FR\",\"potentialAction\":[{\"@type\":\"ReadAction\",\"target\":[\"https:\\\/\\\/theuncommonshop.ch\\\/fr\\\/product\\\/magic-modern-horizons-3-mh3-commander-deck-collectors-edition-2\\\/\"]}]},{\"@type\":\"ImageObject\",\"inLanguage\":\"fr-FR\",\"@id\":\"https:\\\/\\\/theuncommonshop.ch\\\/fr\\\/product\\\/magic-modern-horizons-3-mh3-commander-deck-collectors-edition-2\\\/#primaryimage\",\"url\":\"https:\\\/\\\/theuncommonshop.ch\\\/wp-content\\\/uploads\\\/2025\\\/06\\\/4147762427.jpg\",\"contentUrl\":\"https:\\\/\\\/theuncommonshop.ch\\\/wp-content\\\/uploads\\\/2025\\\/06\\\/4147762427.jpg\",\"width\":1800,\"height\":1800},{\"@type\":\"BreadcrumbList\",\"@id\":\"https:\\\/\\\/theuncommonshop.ch\\\/fr\\\/product\\\/magic-modern-horizons-3-mh3-commander-deck-collectors-edition-2\\\/#breadcrumb\",\"itemListElement\":[{\"@type\":\"ListItem\",\"position\":1,\"name\":\"Accueil\",\"item\":\"https:\\\/\\\/theuncommonshop.ch\\\/fr\\\/accueil\\\/\"},{\"@type\":\"ListItem\",\"position\":2,\"name\":\"Boutique\",\"item\":\"https:\\\/\\\/theuncommonshop.ch\\\/fr\\\/boutique\\\/\"},{\"@type\":\"ListItem\",\"position\":3,\"name\":\"Magic the Gathering\",\"item\":\"https:\\\/\\\/theuncommonshop.ch\\\/fr\\\/categorie-produit\\\/magic-the-gathering-fr\\\/\"},{\"@type\":\"ListItem\",\"position\":4,\"name\":\"Produits par lots\",\"item\":\"https:\\\/\\\/theuncommonshop.ch\\\/fr\\\/categorie-produit\\\/magic-the-gathering-fr\\\/produits-par-lots-mtg\\\/\"},{\"@type\":\"ListItem\",\"position\":5,\"name\":\"Horizons du Modern 3\",\"item\":\"https:\\\/\\\/theuncommonshop.ch\\\/fr\\\/categorie-produit\\\/magic-the-gathering-fr\\\/produits-par-lots-mtg\\\/horizons-du-modern-3\\\/\"},{\"@type\":\"ListItem\",\"position\":6,\"name\":\"Magic &#8211; Modern Horizons 3 (MH3) &#8211; Commander Deck Edition Collector\"}]},{\"@type\":\"WebSite\",\"@id\":\"https:\\\/\\\/theuncommonshop.ch\\\/fr\\\/#website\",\"url\":\"https:\\\/\\\/theuncommonshop.ch\\\/fr\\\/\",\"name\":\"The Uncommon Shop\",\"description\":\"Magic, Pok\u00e9mon and Yu-gi-oh - The Uncommon Shop\",\"potentialAction\":[{\"@type\":\"SearchAction\",\"target\":{\"@type\":\"EntryPoint\",\"urlTemplate\":\"https:\\\/\\\/theuncommonshop.ch\\\/fr\\\/?s={search_term_string}\"},\"query-input\":{\"@type\":\"PropertyValueSpecification\",\"valueRequired\":true,\"valueName\":\"search_term_string\"}}],\"inLanguage\":\"fr-FR\"}]}<\/script>\n<meta property=\"og:availability\" content=\"instock\" \/>\n<meta property=\"product:availability\" content=\"instock\" \/>\n<meta property=\"product:retailer_item_id\" content=\"MTG.IV.D.MH3CollectorDecks.EN\" \/>\n<meta property=\"product:condition\" content=\"new\" \/>\n<!-- \/ Yoast SEO plugin. -->","yoast_head_json":{"title":"Ach\u00e8te Magic - Modern Horizons 3 (MH3) - Commander Deck Edition Collector","description":"Ach\u00e8te Magic - Modern Horizons 3 (MH3) - Commander Deck Edition Collector en ligne maintenant \u00e0 petit prix! Ton #1 shop pour cartes TCG & Pok\u00e9mon en Suisse \u2713 Livraison gratuite d\u00e8s CHF 29","robots":{"index":"index","follow":"follow","max-snippet":"max-snippet:-1","max-image-preview":"max-image-preview:large","max-video-preview":"max-video-preview:-1"},"canonical":"https:\/\/theuncommonshop.ch\/fr\/product\/magic-modern-horizons-3-mh3-commander-deck-collectors-edition-2\/","og_locale":"fr_FR","og_type":"article","og_title":"Ach\u00e8te Magic - Modern Horizons 3 (MH3) - Commander Deck Edition Collector","og_description":"Ach\u00e8te Magic - Modern Horizons 3 (MH3) - Commander Deck Edition Collector en ligne maintenant \u00e0 petit prix! Ton #1 shop pour cartes TCG & Pok\u00e9mon en Suisse \u2713 Livraison gratuite d\u00e8s CHF 29","og_url":"https:\/\/theuncommonshop.ch\/fr\/product\/magic-modern-horizons-3-mh3-commander-deck-collectors-edition-2\/","og_site_name":"The Uncommon Shop","article_modified_time":"2026-03-30T11:04:50+00:00","og_image":[{"width":1800,"height":1800,"url":"https:\/\/theuncommonshop.ch\/wp-content\/uploads\/2025\/06\/4147762427.jpg","type":"image\/jpeg"}],"twitter_card":"summary_large_image","twitter_misc":{"Disponibilit\u00e9":"En stock"},"schema":{"@context":"https:\/\/schema.org","@graph":[{"@type":"WebPage","@id":"https:\/\/theuncommonshop.ch\/fr\/product\/magic-modern-horizons-3-mh3-commander-deck-collectors-edition-2\/","url":"https:\/\/theuncommonshop.ch\/fr\/product\/magic-modern-horizons-3-mh3-commander-deck-collectors-edition-2\/","name":"Ach\u00e8te Magic - Modern Horizons 3 (MH3) - Commander Deck Edition Collector","isPartOf":{"@id":"https:\/\/theuncommonshop.ch\/fr\/#website"},"primaryImageOfPage":{"@id":"https:\/\/theuncommonshop.ch\/fr\/product\/magic-modern-horizons-3-mh3-commander-deck-collectors-edition-2\/#primaryimage"},"image":{"@id":"https:\/\/theuncommonshop.ch\/fr\/product\/magic-modern-horizons-3-mh3-commander-deck-collectors-edition-2\/#primaryimage"},"thumbnailUrl":"https:\/\/theuncommonshop.ch\/wp-content\/uploads\/2025\/06\/4147762427.jpg","datePublished":"2025-06-04T09:41:10+00:00","dateModified":"2026-03-30T11:04:50+00:00","description":"Ach\u00e8te Magic - Modern Horizons 3 (MH3) - Commander Deck Edition Collector en ligne maintenant \u00e0 petit prix! Ton #1 shop pour cartes TCG & Pok\u00e9mon en Suisse \u2713 Livraison gratuite d\u00e8s CHF 29","breadcrumb":{"@id":"https:\/\/theuncommonshop.ch\/fr\/product\/magic-modern-horizons-3-mh3-commander-deck-collectors-edition-2\/#breadcrumb"},"inLanguage":"fr-FR","potentialAction":[{"@type":"ReadAction","target":["https:\/\/theuncommonshop.ch\/fr\/product\/magic-modern-horizons-3-mh3-commander-deck-collectors-edition-2\/"]}]},{"@type":"ImageObject","inLanguage":"fr-FR","@id":"https:\/\/theuncommonshop.ch\/fr\/product\/magic-modern-horizons-3-mh3-commander-deck-collectors-edition-2\/#primaryimage","url":"https:\/\/theuncommonshop.ch\/wp-content\/uploads\/2025\/06\/4147762427.jpg","contentUrl":"https:\/\/theuncommonshop.ch\/wp-content\/uploads\/2025\/06\/4147762427.jpg","width":1800,"height":1800},{"@type":"BreadcrumbList","@id":"https:\/\/theuncommonshop.ch\/fr\/product\/magic-modern-horizons-3-mh3-commander-deck-collectors-edition-2\/#breadcrumb","itemListElement":[{"@type":"ListItem","position":1,"name":"Accueil","item":"https:\/\/theuncommonshop.ch\/fr\/accueil\/"},{"@type":"ListItem","position":2,"name":"Boutique","item":"https:\/\/theuncommonshop.ch\/fr\/boutique\/"},{"@type":"ListItem","position":3,"name":"Magic the Gathering","item":"https:\/\/theuncommonshop.ch\/fr\/categorie-produit\/magic-the-gathering-fr\/"},{"@type":"ListItem","position":4,"name":"Produits par lots","item":"https:\/\/theuncommonshop.ch\/fr\/categorie-produit\/magic-the-gathering-fr\/produits-par-lots-mtg\/"},{"@type":"ListItem","position":5,"name":"Horizons du Modern 3","item":"https:\/\/theuncommonshop.ch\/fr\/categorie-produit\/magic-the-gathering-fr\/produits-par-lots-mtg\/horizons-du-modern-3\/"},{"@type":"ListItem","position":6,"name":"Magic &#8211; Modern Horizons 3 (MH3) &#8211; Commander Deck Edition Collector"}]},{"@type":"WebSite","@id":"https:\/\/theuncommonshop.ch\/fr\/#website","url":"https:\/\/theuncommonshop.ch\/fr\/","name":"The Uncommon Shop","description":"Magic, Pok\u00e9mon and Yu-gi-oh - The Uncommon Shop","potentialAction":[{"@type":"SearchAction","target":{"@type":"EntryPoint","urlTemplate":"https:\/\/theuncommonshop.ch\/fr\/?s={search_term_string}"},"query-input":{"@type":"PropertyValueSpecification","valueRequired":true,"valueName":"search_term_string"}}],"inLanguage":"fr-FR"}]},"og_availability":"instock","product_availability":"instock","product_retailer_item_id":"MTG.IV.D.MH3CollectorDecks.EN","product_condition":"new"},"_links":{"self":[{"href":"https:\/\/theuncommonshop.ch\/fr\/wp-json\/wp\/v2\/product\/325360","targetHints":{"allow":["GET"]}}],"collection":[{"href":"https:\/\/theuncommonshop.ch\/fr\/wp-json\/wp\/v2\/product"}],"about":[{"href":"https:\/\/theuncommonshop.ch\/fr\/wp-json\/wp\/v2\/types\/product"}],"replies":[{"embeddable":true,"href":"https:\/\/theuncommonshop.ch\/fr\/wp-json\/wp\/v2\/comments?post=325360"}],"version-history":[{"count":0,"href":"https:\/\/theuncommonshop.ch\/fr\/wp-json\/wp\/v2\/product\/325360\/revisions"}],"wp:featuredmedia":[{"embeddable":true,"href":"https:\/\/theuncommonshop.ch\/fr\/wp-json\/wp\/v2\/media\/107643"}],"wp:attachment":[{"href":"https:\/\/theuncommonshop.ch\/fr\/wp-json\/wp\/v2\/media?parent=325360"}],"wp:term":[{"taxonomy":"product_brand","embeddable":true,"href":"https:\/\/theuncommonshop.ch\/fr\/wp-json\/wp\/v2\/product_brand?post=325360"},{"taxonomy":"product_cat","embeddable":true,"href":"https:\/\/theuncommonshop.ch\/fr\/wp-json\/wp\/v2\/product_cat?post=325360"},{"taxonomy":"product_tag","embeddable":true,"href":"https:\/\/theuncommonshop.ch\/fr\/wp-json\/wp\/v2\/product_tag?post=325360"}],"curies":[{"name":"wp","href":"https:\/\/api.w.org\/{rel}","templated":true}]}}