{"id":325299,"date":"2025-06-04T09:31:43","date_gmt":"2025-06-04T09:31:43","guid":{"rendered":"http:\/\/theuncommonshop.ch\/produkt\/325299\/"},"modified":"2026-03-28T17:57:30","modified_gmt":"2026-03-28T16:57:30","slug":"warhammer-40-000-adepta-sororitas-battle-sister-squad-2","status":"publish","type":"product","link":"https:\/\/theuncommonshop.ch\/fr\/product\/warhammer-40-000-adepta-sororitas-battle-sister-squad-2\/","title":{"rendered":"Warhammer 40.000 &#8211; Adepta Sororitas : Battle Sister Squad"},"content":{"rendered":"<ul>\n<li>Constituez le noyau de votre arm\u00e9e d&#8217;Adepta Sororitas<\/li>\n<li>\u00c9quipez-les d&#8217;une s\u00e9lection d&#8217;armes et d&#8217;\u00e9quipements<\/li>\n<li>Construisez une escouade de 10 Battle Sisters ou une escouade de 5 Celestians et de 5 Dominions.<\/li>\n<\/ul>\n<p><\/p>\n<p>Les Battle Sisters constituent la majorit\u00e9 des Ordines Militaris et abattent les h\u00e9r\u00e9tiques, les Xenos et les tra\u00eetres avec leur Sainte Trinit\u00e9 d&#8217;armes &#8211; bolter, melter et lance-flammes. Ils sont les fantassins de l&#8217;Empereur, son \u00e9p\u00e9e de r\u00e9sistance et son bouclier imp\u00e9n\u00e9trable. D&#8217;innombrables aliens, mutants, tra\u00eetres et h\u00e9r\u00e9tiques ont trouv\u00e9 la mort sous leurs bolters tonitruants. O\u00f9 qu&#8217;elles se trouvent sur le champ de bataille, la lumi\u00e8re de l&#8217;Empereur se r\u00e9pand comme un lever de soleil b\u00e9ni et se manifeste par des miracles qui d\u00e9vient les projectiles et les rayons d&#8217;\u00e9nergie de l&#8217;ennemi d&#8217;une mani\u00e8re apparemment impossible ou qui an\u00e9antissent l&#8217;ennemi dans le feu de la juste vengeance. Les Battle Sisters marchent en avant et leurs pri\u00e8res joyeuses r\u00e9sonnent d&#8217;autant plus fort devant ces d\u00e9monstrations \u00e9poustouflantes de la divinit\u00e9 manifest\u00e9e de l&#8217;Empereur, et \u00e0 chaque fois qu&#8217;elles appuient sur la g\u00e2chette, elles jugent d&#8217;autres abominations impies qui osent s&#8217;opposer au Seigneur de l&#8217;humanit\u00e9.    <\/p>\n<p>Les Battle Sisters forment le noyau de chaque arm\u00e9e de l&#8217;Adepta Sororitas, et elles terrassent aussi bien les h\u00e9r\u00e9tiques que les x\u00e9nos et les tra\u00eetres avec leur Sainte Trinit\u00e9 d&#8217;armes &#8211; bolter, melter et lance-flammes. Les C\u00e9lestes recrutent parmi les S\u0153urs de combat les plus exp\u00e9riment\u00e9es et forment des unit\u00e9s de v\u00e9t\u00e9rans d&#8217;\u00e9lite charg\u00e9es de prot\u00e9ger les chefs de leur Ordo. Les Dominions, quant \u00e0 eux, portent des armes d&#8217;assaut, font exploser les cibles blind\u00e9es et r\u00e9duisent les ennemis en cendres \u00e0 courte port\u00e9e.  <\/p>\n<p>Ce kit permet de construire 10 Battle Sisters et un Incensor-Cherub. Les Battle Sisters sont \u00e9quip\u00e9es de bolters, m\u00eame si jusqu&#8217;\u00e0 deux d&#8217;entre elles peuvent \u00eatre construites avec une arme sp\u00e9ciale (lanceur d&#8217;assaut, melter et lance-flammes). Alternativement, une Battle Sister peut porter une arme sp\u00e9ciale tandis qu&#8217;une autre porte une arme lourde (Bolter lourd ou Lance-flammes lourd). L&#8217;une de vos Battle Sisters peut porter un Simulacrum Imperialis sacr\u00e9, avec deux options diff\u00e9rentes de variantes que vous pouvez fixer en haut de la barre. Les composants vous permettent \u00e9galement de construire une Sister Superior arm\u00e9e d&#8217;une \u00e9p\u00e9e en cha\u00eene ou d&#8217;une \u00e9p\u00e9e \u00e9nerg\u00e9tique et d&#8217;un choix d&#8217;armes \u00e0 distance, dont un bolter Condemnor ou une arme combin\u00e9e (lance-flammes, melter ou lance-plasma combin\u00e9).    <\/p>\n<p>Ce kit construit 10 Battle Sisters et 1 Incensor Cherub. Les Battle Sisters sont \u00e9quip\u00e9es de boltguns, mais jusqu&#8217;\u00e0 deux d&#8217;entre elles peuvent \u00eatre assembl\u00e9es avec une arme sp\u00e9ciale (storm bolter, meltagun ou flamer). Alternativement, une s\u0153ur de combat peut porter une arme sp\u00e9ciale tandis que l&#8217;autre porte une arme lourde (bolter lourd ou flamer lourd). Une de vos Battle Sisters peut porter un Simulacrum Imperialis sacr\u00e9, avec deux options de variantes mont\u00e9es sur le pole. Les composants vous permettent \u00e9galement de construire une Sister Superior arm\u00e9e d&#8217;une \u00e9p\u00e9e \u00e0 cha\u00eene ou d&#8217;une Power Sword et d&#8217;un choix d&#8217;armes \u00e0 gamme \u00e9tendue, y compris un boltgun de condemnor ou une arme combin\u00e9e (combi-flamer, -melta ou -plasma).    <\/p>\n<p>Ce kit se compose de 179 pi\u00e8ces en plastique et contient 10 bases rondes Citadel (32 mm) et 25 bases rondes Citadel (25 mm). Il comprend \u00e9galement une planche de d\u00e9calcomanies de l&#8217;Adepta Sororitas. <\/p>\n","protected":false},"excerpt":{"rendered":"<p>Constituez le noyau de votre arm\u00e9e d&#8217;Adepta Sororitas \u00c9quipez-les d&#8217;une s\u00e9lection d&#8217;armes et d&#8217;\u00e9quipements Construisez une escouade de 10 Battle<\/p>\n","protected":false},"featured_media":107415,"comment_status":"open","ping_status":"closed","template":"","meta":{"_acf_changed":false},"product_brand":[5078,5154],"product_cat":[9925,9927],"product_tag":[],"class_list":{"0":"post-325299","1":"product","2":"type-product","3":"status-publish","4":"has-post-thumbnail","6":"product_brand-games-workshop","7":"product_brand-warhammer","8":"product_cat-tabletop-fr","9":"product_cat-warhammer-40k-fr","11":"first","12":"outofstock","13":"taxable","14":"shipping-taxable","15":"purchasable","16":"product-type-simple"},"acf":[],"yoast_head":"<!-- This site is optimized with the Yoast SEO plugin v27.4 - https:\/\/yoast.com\/product\/yoast-seo-wordpress\/ -->\n<title>Ach\u00e8te Warhammer 40.000 - Adepta Sororitas : Battle Sister Squad<\/title>\n<meta name=\"description\" content=\"Ach\u00e8te Warhammer 40.000 - Adepta Sororitas : Battle Sister Squad en ligne maintenant \u00e0 petit prix! Ton #1 shop pour cartes TCG &amp; Pok\u00e9mon en Suisse \u2713 Livraison gratuite d\u00e8s CHF 29\" \/>\n<meta name=\"robots\" content=\"index, follow, max-snippet:-1, max-image-preview:large, max-video-preview:-1\" \/>\n<link rel=\"canonical\" href=\"https:\/\/theuncommonshop.ch\/fr\/product\/warhammer-40-000-adepta-sororitas-battle-sister-squad-2\/\" \/>\n<meta property=\"og:locale\" content=\"fr_FR\" \/>\n<meta property=\"og:type\" content=\"article\" \/>\n<meta property=\"og:title\" content=\"Ach\u00e8te Warhammer 40.000 - Adepta Sororitas : Battle Sister Squad\" \/>\n<meta property=\"og:description\" content=\"Ach\u00e8te Warhammer 40.000 - Adepta Sororitas : Battle Sister Squad en ligne maintenant \u00e0 petit prix! Ton #1 shop pour cartes TCG &amp; Pok\u00e9mon en Suisse \u2713 Livraison gratuite d\u00e8s CHF 29\" \/>\n<meta property=\"og:url\" content=\"https:\/\/theuncommonshop.ch\/fr\/product\/warhammer-40-000-adepta-sororitas-battle-sister-squad-2\/\" \/>\n<meta property=\"og:site_name\" content=\"The Uncommon Shop\" \/>\n<meta property=\"article:modified_time\" content=\"2026-03-28T16:57:30+00:00\" \/>\n<meta property=\"og:image\" content=\"https:\/\/theuncommonshop.ch\/wp-content\/uploads\/2025\/06\/4112347057.jpg\" \/>\n\t<meta property=\"og:image:width\" content=\"1840\" \/>\n\t<meta property=\"og:image:height\" content=\"1900\" \/>\n\t<meta property=\"og:image:type\" content=\"image\/jpeg\" \/>\n<meta name=\"twitter:card\" content=\"summary_large_image\" \/>\n<meta name=\"twitter:label1\" content=\"Prix\" \/>\n\t<meta name=\"twitter:data1\" content=\"&#067;&#072;&#070;&nbsp;44.95\" \/>\n\t<meta name=\"twitter:label2\" content=\"Disponibilit\u00e9\" \/>\n\t<meta name=\"twitter:data2\" content=\"Rupture de stock\" \/>\n<script type=\"application\/ld+json\" class=\"yoast-schema-graph\">{\"@context\":\"https:\\\/\\\/schema.org\",\"@graph\":[{\"@type\":\"WebPage\",\"@id\":\"https:\\\/\\\/theuncommonshop.ch\\\/fr\\\/product\\\/warhammer-40-000-adepta-sororitas-battle-sister-squad-2\\\/\",\"url\":\"https:\\\/\\\/theuncommonshop.ch\\\/fr\\\/product\\\/warhammer-40-000-adepta-sororitas-battle-sister-squad-2\\\/\",\"name\":\"Ach\u00e8te Warhammer 40.000 - Adepta Sororitas : Battle Sister Squad\",\"isPartOf\":{\"@id\":\"https:\\\/\\\/theuncommonshop.ch\\\/fr\\\/#website\"},\"primaryImageOfPage\":{\"@id\":\"https:\\\/\\\/theuncommonshop.ch\\\/fr\\\/product\\\/warhammer-40-000-adepta-sororitas-battle-sister-squad-2\\\/#primaryimage\"},\"image\":{\"@id\":\"https:\\\/\\\/theuncommonshop.ch\\\/fr\\\/product\\\/warhammer-40-000-adepta-sororitas-battle-sister-squad-2\\\/#primaryimage\"},\"thumbnailUrl\":\"https:\\\/\\\/theuncommonshop.ch\\\/wp-content\\\/uploads\\\/2025\\\/06\\\/4112347057.jpg\",\"datePublished\":\"2025-06-04T09:31:43+00:00\",\"dateModified\":\"2026-03-28T16:57:30+00:00\",\"description\":\"Ach\u00e8te Warhammer 40.000 - Adepta Sororitas : Battle Sister Squad en ligne maintenant \u00e0 petit prix! Ton #1 shop pour cartes TCG & Pok\u00e9mon en Suisse \u2713 Livraison gratuite d\u00e8s CHF 29\",\"breadcrumb\":{\"@id\":\"https:\\\/\\\/theuncommonshop.ch\\\/fr\\\/product\\\/warhammer-40-000-adepta-sororitas-battle-sister-squad-2\\\/#breadcrumb\"},\"inLanguage\":\"fr-FR\",\"potentialAction\":[{\"@type\":\"ReadAction\",\"target\":[\"https:\\\/\\\/theuncommonshop.ch\\\/fr\\\/product\\\/warhammer-40-000-adepta-sororitas-battle-sister-squad-2\\\/\"]}]},{\"@type\":\"ImageObject\",\"inLanguage\":\"fr-FR\",\"@id\":\"https:\\\/\\\/theuncommonshop.ch\\\/fr\\\/product\\\/warhammer-40-000-adepta-sororitas-battle-sister-squad-2\\\/#primaryimage\",\"url\":\"https:\\\/\\\/theuncommonshop.ch\\\/wp-content\\\/uploads\\\/2025\\\/06\\\/4112347057.jpg\",\"contentUrl\":\"https:\\\/\\\/theuncommonshop.ch\\\/wp-content\\\/uploads\\\/2025\\\/06\\\/4112347057.jpg\",\"width\":1840,\"height\":1900},{\"@type\":\"BreadcrumbList\",\"@id\":\"https:\\\/\\\/theuncommonshop.ch\\\/fr\\\/product\\\/warhammer-40-000-adepta-sororitas-battle-sister-squad-2\\\/#breadcrumb\",\"itemListElement\":[{\"@type\":\"ListItem\",\"position\":1,\"name\":\"Accueil\",\"item\":\"https:\\\/\\\/theuncommonshop.ch\\\/fr\\\/accueil\\\/\"},{\"@type\":\"ListItem\",\"position\":2,\"name\":\"Boutique\",\"item\":\"https:\\\/\\\/theuncommonshop.ch\\\/fr\\\/boutique\\\/\"},{\"@type\":\"ListItem\",\"position\":3,\"name\":\"Tabletop\",\"item\":\"https:\\\/\\\/theuncommonshop.ch\\\/fr\\\/categorie-produit\\\/tabletop-fr\\\/\"},{\"@type\":\"ListItem\",\"position\":4,\"name\":\"Warhammer 40k\",\"item\":\"https:\\\/\\\/theuncommonshop.ch\\\/fr\\\/categorie-produit\\\/tabletop-fr\\\/warhammer-40k-fr\\\/\"},{\"@type\":\"ListItem\",\"position\":5,\"name\":\"Warhammer 40.000 &#8211; Adepta Sororitas : Battle Sister Squad\"}]},{\"@type\":\"WebSite\",\"@id\":\"https:\\\/\\\/theuncommonshop.ch\\\/fr\\\/#website\",\"url\":\"https:\\\/\\\/theuncommonshop.ch\\\/fr\\\/\",\"name\":\"The Uncommon Shop\",\"description\":\"Magic, Pok\u00e9mon and Yu-gi-oh - The Uncommon Shop\",\"potentialAction\":[{\"@type\":\"SearchAction\",\"target\":{\"@type\":\"EntryPoint\",\"urlTemplate\":\"https:\\\/\\\/theuncommonshop.ch\\\/fr\\\/?s={search_term_string}\"},\"query-input\":{\"@type\":\"PropertyValueSpecification\",\"valueRequired\":true,\"valueName\":\"search_term_string\"}}],\"inLanguage\":\"fr-FR\"}]}<\/script>\n<meta property=\"product:price:amount\" content=\"44.95\" \/>\n<meta property=\"product:price:currency\" content=\"CHF\" \/>\n<meta property=\"og:availability\" content=\"out of stock\" \/>\n<meta property=\"product:availability\" content=\"out of stock\" \/>\n<meta property=\"product:retailer_item_id\" content=\"WH40KBatSisSqu\" \/>\n<meta property=\"product:condition\" content=\"new\" \/>\n<!-- \/ Yoast SEO plugin. -->","yoast_head_json":{"title":"Ach\u00e8te Warhammer 40.000 - Adepta Sororitas : Battle Sister Squad","description":"Ach\u00e8te Warhammer 40.000 - Adepta Sororitas : Battle Sister Squad en ligne maintenant \u00e0 petit prix! Ton #1 shop pour cartes TCG & Pok\u00e9mon en Suisse \u2713 Livraison gratuite d\u00e8s CHF 29","robots":{"index":"index","follow":"follow","max-snippet":"max-snippet:-1","max-image-preview":"max-image-preview:large","max-video-preview":"max-video-preview:-1"},"canonical":"https:\/\/theuncommonshop.ch\/fr\/product\/warhammer-40-000-adepta-sororitas-battle-sister-squad-2\/","og_locale":"fr_FR","og_type":"article","og_title":"Ach\u00e8te Warhammer 40.000 - Adepta Sororitas : Battle Sister Squad","og_description":"Ach\u00e8te Warhammer 40.000 - Adepta Sororitas : Battle Sister Squad en ligne maintenant \u00e0 petit prix! Ton #1 shop pour cartes TCG & Pok\u00e9mon en Suisse \u2713 Livraison gratuite d\u00e8s CHF 29","og_url":"https:\/\/theuncommonshop.ch\/fr\/product\/warhammer-40-000-adepta-sororitas-battle-sister-squad-2\/","og_site_name":"The Uncommon Shop","article_modified_time":"2026-03-28T16:57:30+00:00","og_image":[{"width":1840,"height":1900,"url":"https:\/\/theuncommonshop.ch\/wp-content\/uploads\/2025\/06\/4112347057.jpg","type":"image\/jpeg"}],"twitter_card":"summary_large_image","twitter_misc":{"Prix":"&#67;&#72;&#70;&nbsp;44.95","Disponibilit\u00e9":"Rupture de stock"},"schema":{"@context":"https:\/\/schema.org","@graph":[{"@type":"WebPage","@id":"https:\/\/theuncommonshop.ch\/fr\/product\/warhammer-40-000-adepta-sororitas-battle-sister-squad-2\/","url":"https:\/\/theuncommonshop.ch\/fr\/product\/warhammer-40-000-adepta-sororitas-battle-sister-squad-2\/","name":"Ach\u00e8te Warhammer 40.000 - Adepta Sororitas : Battle Sister Squad","isPartOf":{"@id":"https:\/\/theuncommonshop.ch\/fr\/#website"},"primaryImageOfPage":{"@id":"https:\/\/theuncommonshop.ch\/fr\/product\/warhammer-40-000-adepta-sororitas-battle-sister-squad-2\/#primaryimage"},"image":{"@id":"https:\/\/theuncommonshop.ch\/fr\/product\/warhammer-40-000-adepta-sororitas-battle-sister-squad-2\/#primaryimage"},"thumbnailUrl":"https:\/\/theuncommonshop.ch\/wp-content\/uploads\/2025\/06\/4112347057.jpg","datePublished":"2025-06-04T09:31:43+00:00","dateModified":"2026-03-28T16:57:30+00:00","description":"Ach\u00e8te Warhammer 40.000 - Adepta Sororitas : Battle Sister Squad en ligne maintenant \u00e0 petit prix! Ton #1 shop pour cartes TCG & Pok\u00e9mon en Suisse \u2713 Livraison gratuite d\u00e8s CHF 29","breadcrumb":{"@id":"https:\/\/theuncommonshop.ch\/fr\/product\/warhammer-40-000-adepta-sororitas-battle-sister-squad-2\/#breadcrumb"},"inLanguage":"fr-FR","potentialAction":[{"@type":"ReadAction","target":["https:\/\/theuncommonshop.ch\/fr\/product\/warhammer-40-000-adepta-sororitas-battle-sister-squad-2\/"]}]},{"@type":"ImageObject","inLanguage":"fr-FR","@id":"https:\/\/theuncommonshop.ch\/fr\/product\/warhammer-40-000-adepta-sororitas-battle-sister-squad-2\/#primaryimage","url":"https:\/\/theuncommonshop.ch\/wp-content\/uploads\/2025\/06\/4112347057.jpg","contentUrl":"https:\/\/theuncommonshop.ch\/wp-content\/uploads\/2025\/06\/4112347057.jpg","width":1840,"height":1900},{"@type":"BreadcrumbList","@id":"https:\/\/theuncommonshop.ch\/fr\/product\/warhammer-40-000-adepta-sororitas-battle-sister-squad-2\/#breadcrumb","itemListElement":[{"@type":"ListItem","position":1,"name":"Accueil","item":"https:\/\/theuncommonshop.ch\/fr\/accueil\/"},{"@type":"ListItem","position":2,"name":"Boutique","item":"https:\/\/theuncommonshop.ch\/fr\/boutique\/"},{"@type":"ListItem","position":3,"name":"Tabletop","item":"https:\/\/theuncommonshop.ch\/fr\/categorie-produit\/tabletop-fr\/"},{"@type":"ListItem","position":4,"name":"Warhammer 40k","item":"https:\/\/theuncommonshop.ch\/fr\/categorie-produit\/tabletop-fr\/warhammer-40k-fr\/"},{"@type":"ListItem","position":5,"name":"Warhammer 40.000 &#8211; Adepta Sororitas : Battle Sister Squad"}]},{"@type":"WebSite","@id":"https:\/\/theuncommonshop.ch\/fr\/#website","url":"https:\/\/theuncommonshop.ch\/fr\/","name":"The Uncommon Shop","description":"Magic, Pok\u00e9mon and Yu-gi-oh - The Uncommon Shop","potentialAction":[{"@type":"SearchAction","target":{"@type":"EntryPoint","urlTemplate":"https:\/\/theuncommonshop.ch\/fr\/?s={search_term_string}"},"query-input":{"@type":"PropertyValueSpecification","valueRequired":true,"valueName":"search_term_string"}}],"inLanguage":"fr-FR"}]},"product_price_amount":"44.95","product_price_currency":"CHF","og_availability":"out of stock","product_availability":"out of stock","product_retailer_item_id":"WH40KBatSisSqu","product_condition":"new"},"_links":{"self":[{"href":"https:\/\/theuncommonshop.ch\/fr\/wp-json\/wp\/v2\/product\/325299","targetHints":{"allow":["GET"]}}],"collection":[{"href":"https:\/\/theuncommonshop.ch\/fr\/wp-json\/wp\/v2\/product"}],"about":[{"href":"https:\/\/theuncommonshop.ch\/fr\/wp-json\/wp\/v2\/types\/product"}],"replies":[{"embeddable":true,"href":"https:\/\/theuncommonshop.ch\/fr\/wp-json\/wp\/v2\/comments?post=325299"}],"version-history":[{"count":0,"href":"https:\/\/theuncommonshop.ch\/fr\/wp-json\/wp\/v2\/product\/325299\/revisions"}],"wp:featuredmedia":[{"embeddable":true,"href":"https:\/\/theuncommonshop.ch\/fr\/wp-json\/wp\/v2\/media\/107415"}],"wp:attachment":[{"href":"https:\/\/theuncommonshop.ch\/fr\/wp-json\/wp\/v2\/media?parent=325299"}],"wp:term":[{"taxonomy":"product_brand","embeddable":true,"href":"https:\/\/theuncommonshop.ch\/fr\/wp-json\/wp\/v2\/product_brand?post=325299"},{"taxonomy":"product_cat","embeddable":true,"href":"https:\/\/theuncommonshop.ch\/fr\/wp-json\/wp\/v2\/product_cat?post=325299"},{"taxonomy":"product_tag","embeddable":true,"href":"https:\/\/theuncommonshop.ch\/fr\/wp-json\/wp\/v2\/product_tag?post=325299"}],"curies":[{"name":"wp","href":"https:\/\/api.w.org\/{rel}","templated":true}]}}