{"id":325281,"date":"2025-06-04T09:31:12","date_gmt":"2025-06-04T09:31:12","guid":{"rendered":"http:\/\/theuncommonshop.ch\/produkt\/325281\/"},"modified":"2026-03-28T17:58:01","modified_gmt":"2026-03-28T16:58:01","slug":"warhammer-40-000-combat-patrol-aeldari-2","status":"publish","type":"product","link":"https:\/\/theuncommonshop.ch\/fr\/product\/warhammer-40-000-combat-patrol-aeldari-2\/","title":{"rendered":"Warhammer 40.000 &#8211; Combat Patrol : Aeldari"},"content":{"rendered":"<ul>\n<li>Un choix flexible d&#8217;unit\u00e9s Aeldari, id\u00e9al pour commencer ou d\u00e9velopper une arm\u00e9e.<\/li>\n<li>Une arm\u00e9e de la taille d&#8217;une patrouille de combat dans une bo\u00eete qui vous fait \u00e9galement \u00e9conomiser de l&#8217;argent !<\/li>\n<li>Contient 19 miniatures en plastique en plusieurs parties<\/li>\n<\/ul>\n<p><\/p>\n<p>Les Aeldari r\u00e9gnaient autrefois sur la galaxie avant que leur civilisation ne s&#8217;effondre sous le poids de leur propre h\u00e9donisme. Aujourd&#8217;hui, les Asuryani voyagent entre les \u00e9toiles \u00e0 bord d&#8217;\u00e9normes vaisseaux spatiaux appel\u00e9s vaisseaux-mondes, et leurs citoyens suivent des voies extr\u00eamement disciplin\u00e9es pour \u00e9viter de se noyer dans la m\u00eame folie que leurs anc\u00eatres. Les gardes de chaque vaisseau-monde prennent les armes pour d\u00e9fendre leur peuple mourant, maniant des catapultes de shurikas ou des lames d&#8217;\u00e9nergie mortelles, ou d\u00e9chiquetant l&#8217;ennemi du haut de leurs rapides jet-skis \u00e0 vent. Guid\u00e9s par la sagesse de leurs proph\u00e8tes runiques et soutenus par la puissance de feu avanc\u00e9e de leurs constructions Phantomlord, les Aeldari luttent pour leur survie dans une galaxie o\u00f9 leur fin semble in\u00e9luctable.   <\/p>\n<p>Combattre avec un m\u00e9lange de puissants psioniques, de guerriers rapides comme l&#8217;\u00e9clair et d&#8217;\u00e9quipements avanc\u00e9s vous semble-t-il \u00eatre votre fa\u00e7on pr\u00e9f\u00e9r\u00e9e de faire la guerre ? Si oui, alors la Patrouille de combat Aeldari est faite pour vous. Cette bo\u00eete vous fournit toutes les unit\u00e9s dont vous avez besoin pour commencer ou d\u00e9velopper une arm\u00e9e d&#8217;Aeldari ou d&#8217;Ynnari. Le contenu de ce coffret a \u00e9t\u00e9 s\u00e9lectionn\u00e9 pour vous fournir une force aaeldari parfaitement adapt\u00e9e aux jeux de la taille de la Patrouille de combat &#8211; des miniatures d&#8217;une valeur d&#8217;environ 25 pouvoirs qui peuvent \u00eatre assembl\u00e9es de diff\u00e9rentes mani\u00e8res &#8211; et vous permet d&#8217;\u00e9conomiser de l&#8217;argent par rapport \u00e0 l&#8217;achat individuel du contenu.   <\/p>\n<p><strong>Ce kit contient les miniatures en plastique \u00e0 plusieurs \u00e9l\u00e9ments suivants :<\/strong><\/p>\n<p>&#8211; 1x proph\u00e8te des runes<\/p>\n<p>&#8211; 1x Seigneur Fant\u00f4me<\/p>\n<p>&#8211; 6x Cavaliers du vent<\/p>\n<p>&#8211; 10x gardes, qui peuvent \u00eatre construits comme des gardes de tir avec 1x plateforme d&#8217;armes ou comme des gardes d&#8217;assaut avec 1x bouclier de serpent<\/p>\n<p>Sont \u00e9galement incluses 2x feuilles de d\u00e9calcomanies Aeldari contenant chacune 369 d\u00e9calcomanies. Tous les mod\u00e8les sont fournis avec des bases assorties. <\/p>\n<p>Ces miniatures ne sont pas peintes et doivent \u00eatre assembl\u00e9es &#8211; nous vous recommandons d&#8217;utiliser de la colle \u00e0 plastique Citadel et de la peinture Citadel.<\/p>\n","protected":false},"excerpt":{"rendered":"<p>Un choix flexible d&#8217;unit\u00e9s Aeldari, id\u00e9al pour commencer ou d\u00e9velopper une arm\u00e9e. Une arm\u00e9e de la taille d&#8217;une patrouille de<\/p>\n","protected":false},"featured_media":107403,"comment_status":"open","ping_status":"closed","template":"","meta":{"_acf_changed":false},"product_brand":[5078,5154],"product_cat":[9925,9927],"product_tag":[],"class_list":{"0":"post-325281","1":"product","2":"type-product","3":"status-publish","4":"has-post-thumbnail","6":"product_brand-games-workshop","7":"product_brand-warhammer","8":"product_cat-tabletop-fr","9":"product_cat-warhammer-40k-fr","11":"first","12":"outofstock","13":"taxable","14":"shipping-taxable","15":"purchasable","16":"product-type-simple"},"acf":[],"yoast_head":"<!-- This site is optimized with the Yoast SEO plugin v27.4 - https:\/\/yoast.com\/product\/yoast-seo-wordpress\/ -->\n<title>Ach\u00e8te Warhammer 40.000 - Combat Patrol : Aeldari<\/title>\n<meta name=\"description\" content=\"Ach\u00e8te Warhammer 40.000 - Combat Patrol : Aeldari en ligne maintenant \u00e0 petit prix! Ton #1 shop pour cartes TCG &amp; Pok\u00e9mon en Suisse \u2713 Livraison gratuite d\u00e8s CHF 29\" \/>\n<meta name=\"robots\" content=\"index, follow, max-snippet:-1, max-image-preview:large, max-video-preview:-1\" \/>\n<link rel=\"canonical\" href=\"https:\/\/theuncommonshop.ch\/fr\/product\/warhammer-40-000-combat-patrol-aeldari-2\/\" \/>\n<meta property=\"og:locale\" content=\"fr_FR\" \/>\n<meta property=\"og:type\" content=\"article\" \/>\n<meta property=\"og:title\" content=\"Ach\u00e8te Warhammer 40.000 - Combat Patrol : Aeldari\" \/>\n<meta property=\"og:description\" content=\"Ach\u00e8te Warhammer 40.000 - Combat Patrol : Aeldari en ligne maintenant \u00e0 petit prix! Ton #1 shop pour cartes TCG &amp; Pok\u00e9mon en Suisse \u2713 Livraison gratuite d\u00e8s CHF 29\" \/>\n<meta property=\"og:url\" content=\"https:\/\/theuncommonshop.ch\/fr\/product\/warhammer-40-000-combat-patrol-aeldari-2\/\" \/>\n<meta property=\"og:site_name\" content=\"Largest trading card shop in Switzerland\" \/>\n<meta property=\"article:modified_time\" content=\"2026-03-28T16:58:01+00:00\" \/>\n<meta property=\"og:image\" content=\"https:\/\/theuncommonshop.ch\/wp-content\/uploads\/2025\/06\/4112191487.jpg\" \/>\n\t<meta property=\"og:image:width\" content=\"1840\" \/>\n\t<meta property=\"og:image:height\" content=\"1900\" \/>\n\t<meta property=\"og:image:type\" content=\"image\/jpeg\" \/>\n<meta name=\"twitter:card\" content=\"summary_large_image\" \/>\n<meta name=\"twitter:label1\" content=\"Prix\" \/>\n\t<meta name=\"twitter:data1\" content=\"&#067;&#072;&#070;&nbsp;103.95\" \/>\n\t<meta name=\"twitter:label2\" content=\"Disponibilit\u00e9\" \/>\n\t<meta name=\"twitter:data2\" content=\"Rupture de stock\" \/>\n<script type=\"application\/ld+json\" class=\"yoast-schema-graph\">{\"@context\":\"https:\\\/\\\/schema.org\",\"@graph\":[{\"@type\":\"WebPage\",\"@id\":\"https:\\\/\\\/theuncommonshop.ch\\\/fr\\\/product\\\/warhammer-40-000-combat-patrol-aeldari-2\\\/\",\"url\":\"https:\\\/\\\/theuncommonshop.ch\\\/fr\\\/product\\\/warhammer-40-000-combat-patrol-aeldari-2\\\/\",\"name\":\"Ach\u00e8te Warhammer 40.000 - Combat Patrol : Aeldari\",\"isPartOf\":{\"@id\":\"https:\\\/\\\/theuncommonshop.ch\\\/#website\"},\"primaryImageOfPage\":{\"@id\":\"https:\\\/\\\/theuncommonshop.ch\\\/fr\\\/product\\\/warhammer-40-000-combat-patrol-aeldari-2\\\/#primaryimage\"},\"image\":{\"@id\":\"https:\\\/\\\/theuncommonshop.ch\\\/fr\\\/product\\\/warhammer-40-000-combat-patrol-aeldari-2\\\/#primaryimage\"},\"thumbnailUrl\":\"https:\\\/\\\/theuncommonshop.ch\\\/wp-content\\\/uploads\\\/2025\\\/06\\\/4112191487.jpg\",\"datePublished\":\"2025-06-04T09:31:12+00:00\",\"dateModified\":\"2026-03-28T16:58:01+00:00\",\"description\":\"Ach\u00e8te Warhammer 40.000 - Combat Patrol : Aeldari en ligne maintenant \u00e0 petit prix! Ton #1 shop pour cartes TCG & Pok\u00e9mon en Suisse \u2713 Livraison gratuite d\u00e8s CHF 29\",\"breadcrumb\":{\"@id\":\"https:\\\/\\\/theuncommonshop.ch\\\/fr\\\/product\\\/warhammer-40-000-combat-patrol-aeldari-2\\\/#breadcrumb\"},\"inLanguage\":\"fr-FR\",\"potentialAction\":[{\"@type\":\"ReadAction\",\"target\":[\"https:\\\/\\\/theuncommonshop.ch\\\/fr\\\/product\\\/warhammer-40-000-combat-patrol-aeldari-2\\\/\"]}]},{\"@type\":\"ImageObject\",\"inLanguage\":\"fr-FR\",\"@id\":\"https:\\\/\\\/theuncommonshop.ch\\\/fr\\\/product\\\/warhammer-40-000-combat-patrol-aeldari-2\\\/#primaryimage\",\"url\":\"https:\\\/\\\/theuncommonshop.ch\\\/wp-content\\\/uploads\\\/2025\\\/06\\\/4112191487.jpg\",\"contentUrl\":\"https:\\\/\\\/theuncommonshop.ch\\\/wp-content\\\/uploads\\\/2025\\\/06\\\/4112191487.jpg\",\"width\":1840,\"height\":1900},{\"@type\":\"BreadcrumbList\",\"@id\":\"https:\\\/\\\/theuncommonshop.ch\\\/fr\\\/product\\\/warhammer-40-000-combat-patrol-aeldari-2\\\/#breadcrumb\",\"itemListElement\":[{\"@type\":\"ListItem\",\"position\":1,\"name\":\"Accueil\",\"item\":\"https:\\\/\\\/theuncommonshop.ch\\\/fr\\\/accueil\\\/\"},{\"@type\":\"ListItem\",\"position\":2,\"name\":\"Boutique\",\"item\":\"https:\\\/\\\/theuncommonshop.ch\\\/fr\\\/boutique\\\/\"},{\"@type\":\"ListItem\",\"position\":3,\"name\":\"Tabletop\",\"item\":\"https:\\\/\\\/theuncommonshop.ch\\\/fr\\\/categorie-produit\\\/tabletop-fr\\\/\"},{\"@type\":\"ListItem\",\"position\":4,\"name\":\"Warhammer 40k\",\"item\":\"https:\\\/\\\/theuncommonshop.ch\\\/fr\\\/categorie-produit\\\/tabletop-fr\\\/warhammer-40k-fr\\\/\"},{\"@type\":\"ListItem\",\"position\":5,\"name\":\"Warhammer 40.000 &#8211; Combat Patrol : Aeldari\"}]},{\"@type\":\"WebSite\",\"@id\":\"https:\\\/\\\/theuncommonshop.ch\\\/#website\",\"url\":\"https:\\\/\\\/theuncommonshop.ch\\\/\",\"name\":\"Largest trading card shop in Switzerland\",\"description\":\"Magic, Pok\u00e9mon and Yu-gi-oh - The Uncommon Shop\",\"potentialAction\":[{\"@type\":\"SearchAction\",\"target\":{\"@type\":\"EntryPoint\",\"urlTemplate\":\"https:\\\/\\\/theuncommonshop.ch\\\/?s={search_term_string}\"},\"query-input\":{\"@type\":\"PropertyValueSpecification\",\"valueRequired\":true,\"valueName\":\"search_term_string\"}}],\"inLanguage\":\"fr-FR\"}]}<\/script>\n<meta property=\"product:price:amount\" content=\"103.95\" \/>\n<meta property=\"product:price:currency\" content=\"CHF\" \/>\n<meta property=\"og:availability\" content=\"out of stock\" \/>\n<meta property=\"product:availability\" content=\"out of stock\" \/>\n<meta property=\"product:retailer_item_id\" content=\"WH40KComPatAeld\" \/>\n<meta property=\"product:condition\" content=\"new\" \/>\n<!-- \/ Yoast SEO plugin. -->","yoast_head_json":{"title":"Ach\u00e8te Warhammer 40.000 - Combat Patrol : Aeldari","description":"Ach\u00e8te Warhammer 40.000 - Combat Patrol : Aeldari en ligne maintenant \u00e0 petit prix! Ton #1 shop pour cartes TCG & Pok\u00e9mon en Suisse \u2713 Livraison gratuite d\u00e8s CHF 29","robots":{"index":"index","follow":"follow","max-snippet":"max-snippet:-1","max-image-preview":"max-image-preview:large","max-video-preview":"max-video-preview:-1"},"canonical":"https:\/\/theuncommonshop.ch\/fr\/product\/warhammer-40-000-combat-patrol-aeldari-2\/","og_locale":"fr_FR","og_type":"article","og_title":"Ach\u00e8te Warhammer 40.000 - Combat Patrol : Aeldari","og_description":"Ach\u00e8te Warhammer 40.000 - Combat Patrol : Aeldari en ligne maintenant \u00e0 petit prix! Ton #1 shop pour cartes TCG & Pok\u00e9mon en Suisse \u2713 Livraison gratuite d\u00e8s CHF 29","og_url":"https:\/\/theuncommonshop.ch\/fr\/product\/warhammer-40-000-combat-patrol-aeldari-2\/","og_site_name":"Largest trading card shop in Switzerland","article_modified_time":"2026-03-28T16:58:01+00:00","og_image":[{"width":1840,"height":1900,"url":"https:\/\/theuncommonshop.ch\/wp-content\/uploads\/2025\/06\/4112191487.jpg","type":"image\/jpeg"}],"twitter_card":"summary_large_image","twitter_misc":{"Prix":"&#67;&#72;&#70;&nbsp;103.95","Disponibilit\u00e9":"Rupture de stock"},"schema":{"@context":"https:\/\/schema.org","@graph":[{"@type":"WebPage","@id":"https:\/\/theuncommonshop.ch\/fr\/product\/warhammer-40-000-combat-patrol-aeldari-2\/","url":"https:\/\/theuncommonshop.ch\/fr\/product\/warhammer-40-000-combat-patrol-aeldari-2\/","name":"Ach\u00e8te Warhammer 40.000 - Combat Patrol : Aeldari","isPartOf":{"@id":"https:\/\/theuncommonshop.ch\/#website"},"primaryImageOfPage":{"@id":"https:\/\/theuncommonshop.ch\/fr\/product\/warhammer-40-000-combat-patrol-aeldari-2\/#primaryimage"},"image":{"@id":"https:\/\/theuncommonshop.ch\/fr\/product\/warhammer-40-000-combat-patrol-aeldari-2\/#primaryimage"},"thumbnailUrl":"https:\/\/theuncommonshop.ch\/wp-content\/uploads\/2025\/06\/4112191487.jpg","datePublished":"2025-06-04T09:31:12+00:00","dateModified":"2026-03-28T16:58:01+00:00","description":"Ach\u00e8te Warhammer 40.000 - Combat Patrol : Aeldari en ligne maintenant \u00e0 petit prix! Ton #1 shop pour cartes TCG & Pok\u00e9mon en Suisse \u2713 Livraison gratuite d\u00e8s CHF 29","breadcrumb":{"@id":"https:\/\/theuncommonshop.ch\/fr\/product\/warhammer-40-000-combat-patrol-aeldari-2\/#breadcrumb"},"inLanguage":"fr-FR","potentialAction":[{"@type":"ReadAction","target":["https:\/\/theuncommonshop.ch\/fr\/product\/warhammer-40-000-combat-patrol-aeldari-2\/"]}]},{"@type":"ImageObject","inLanguage":"fr-FR","@id":"https:\/\/theuncommonshop.ch\/fr\/product\/warhammer-40-000-combat-patrol-aeldari-2\/#primaryimage","url":"https:\/\/theuncommonshop.ch\/wp-content\/uploads\/2025\/06\/4112191487.jpg","contentUrl":"https:\/\/theuncommonshop.ch\/wp-content\/uploads\/2025\/06\/4112191487.jpg","width":1840,"height":1900},{"@type":"BreadcrumbList","@id":"https:\/\/theuncommonshop.ch\/fr\/product\/warhammer-40-000-combat-patrol-aeldari-2\/#breadcrumb","itemListElement":[{"@type":"ListItem","position":1,"name":"Accueil","item":"https:\/\/theuncommonshop.ch\/fr\/accueil\/"},{"@type":"ListItem","position":2,"name":"Boutique","item":"https:\/\/theuncommonshop.ch\/fr\/boutique\/"},{"@type":"ListItem","position":3,"name":"Tabletop","item":"https:\/\/theuncommonshop.ch\/fr\/categorie-produit\/tabletop-fr\/"},{"@type":"ListItem","position":4,"name":"Warhammer 40k","item":"https:\/\/theuncommonshop.ch\/fr\/categorie-produit\/tabletop-fr\/warhammer-40k-fr\/"},{"@type":"ListItem","position":5,"name":"Warhammer 40.000 &#8211; Combat Patrol : Aeldari"}]},{"@type":"WebSite","@id":"https:\/\/theuncommonshop.ch\/#website","url":"https:\/\/theuncommonshop.ch\/","name":"Largest trading card shop in Switzerland","description":"Magic, Pok\u00e9mon and Yu-gi-oh - The Uncommon Shop","potentialAction":[{"@type":"SearchAction","target":{"@type":"EntryPoint","urlTemplate":"https:\/\/theuncommonshop.ch\/?s={search_term_string}"},"query-input":{"@type":"PropertyValueSpecification","valueRequired":true,"valueName":"search_term_string"}}],"inLanguage":"fr-FR"}]},"product_price_amount":"103.95","product_price_currency":"CHF","og_availability":"out of stock","product_availability":"out of stock","product_retailer_item_id":"WH40KComPatAeld","product_condition":"new"},"_links":{"self":[{"href":"https:\/\/theuncommonshop.ch\/fr\/wp-json\/wp\/v2\/product\/325281","targetHints":{"allow":["GET"]}}],"collection":[{"href":"https:\/\/theuncommonshop.ch\/fr\/wp-json\/wp\/v2\/product"}],"about":[{"href":"https:\/\/theuncommonshop.ch\/fr\/wp-json\/wp\/v2\/types\/product"}],"replies":[{"embeddable":true,"href":"https:\/\/theuncommonshop.ch\/fr\/wp-json\/wp\/v2\/comments?post=325281"}],"version-history":[{"count":2,"href":"https:\/\/theuncommonshop.ch\/fr\/wp-json\/wp\/v2\/product\/325281\/revisions"}],"predecessor-version":[{"id":356544,"href":"https:\/\/theuncommonshop.ch\/fr\/wp-json\/wp\/v2\/product\/325281\/revisions\/356544"}],"wp:featuredmedia":[{"embeddable":true,"href":"https:\/\/theuncommonshop.ch\/fr\/wp-json\/wp\/v2\/media\/107403"}],"wp:attachment":[{"href":"https:\/\/theuncommonshop.ch\/fr\/wp-json\/wp\/v2\/media?parent=325281"}],"wp:term":[{"taxonomy":"product_brand","embeddable":true,"href":"https:\/\/theuncommonshop.ch\/fr\/wp-json\/wp\/v2\/product_brand?post=325281"},{"taxonomy":"product_cat","embeddable":true,"href":"https:\/\/theuncommonshop.ch\/fr\/wp-json\/wp\/v2\/product_cat?post=325281"},{"taxonomy":"product_tag","embeddable":true,"href":"https:\/\/theuncommonshop.ch\/fr\/wp-json\/wp\/v2\/product_tag?post=325281"}],"curies":[{"name":"wp","href":"https:\/\/api.w.org\/{rel}","templated":true}]}}