{"id":325242,"date":"2025-06-04T08:00:44","date_gmt":"2025-06-04T06:00:44","guid":{"rendered":"http:\/\/theuncommonshop.ch\/produkt\/325242\/"},"modified":"2026-03-29T17:28:38","modified_gmt":"2026-03-29T15:28:38","slug":"magic-ravnica-remastered-rvr-sammler-booster-display-3","status":"publish","type":"product","link":"https:\/\/theuncommonshop.ch\/fr\/product\/magic-ravnica-remastered-rvr-sammler-booster-display-3\/","title":{"rendered":"Magic &#8211; Ravnica Remastered (RVR) &#8211; Booster Display \u00e0 collectionner"},"content":{"rendered":"<div>&#8211; PROLONGEZ VOTRE MEMBRE DE GUILLE VIP &#8211; Il n&#8217;y a pas d&#8217;autre endroit comme Ravnica ; promenez-vous dans des rues famili\u00e8res avec une foule affair\u00e9e de favoris r\u00e9\u00e9dit\u00e9s du pass\u00e9 de Ravnica et les dix guildes uniques qui font fonctionner la ville.<\/div>\n<div>&#8211; CARTES RETRO &#8211; Rendez hommage au pass\u00e9 cher \u00e0 Ravnica avec des cartes r\u00e9tro qui d\u00e9bordent de charme nostalgique ; chaque Booster Collector contient 4 \u00e0 5 cartes avec des bords de cartes r\u00e9tro.<\/div>\n<div>&#8211; LES MEILLEURS BOOSTERS POUR LES COLLECTEURS &#8211; Les Boosters pour collectionneurs sont un raccourci vers les cartes les plus cool dans un set, avec des boosters remplis de cartes rares, de cartes \u00e0 foil brillant, de cartes avec des illustrations alternatives sp\u00e9ciales et de cartes avec des bords alternatifs.<\/div>\n<div>&#8211; JOUEZ \u00c0 UN JEU QUI MELIE LES ILLUSTRATIONS, L&#8217;HISTOIRE ET LA STRAT\u00c9GIE &#8211; Magic : The Gathering est un jeu de cartes \u00e0 collectionner qui m\u00eale une strat\u00e9gie profonde \u00e0 des illustrations et des m\u00e9canismes qui explorent les th\u00e8mes d&#8217;un monde et d&#8217;une histoire sp\u00e9cifiques &#8211; que vous souhaitiez jouer une partie occasionnelle avec des amis, collectionner des cartes sympas ou participer \u00e0 des comp\u00e9titions, Magic vous accueille dans The Gathering.<\/div>\n<div>&#8211; CONTENU &#8211; 12 boosters Ravnica Remastered \u00e0 collectionner avec 15 cartes MTG dans chaque booster.<\/div>\n<div><\/div>\n","protected":false},"excerpt":{"rendered":"<p>&#8211; PROLONGEZ VOTRE MEMBRE DE GUILLE VIP &#8211; Il n&#8217;y a pas d&#8217;autre endroit comme Ravnica ; promenez-vous dans des<\/p>\n","protected":false},"featured_media":105746,"comment_status":"open","ping_status":"closed","template":"","meta":{"_acf_changed":false},"product_brand":[5158,5070],"product_cat":[9969,9967,9991,10195],"product_tag":[],"class_list":{"0":"post-325242","1":"product","2":"type-product","3":"status-publish","4":"has-post-thumbnail","6":"product_brand-magic-the-gathering","7":"product_brand-wizards-of-the-coast","8":"product_cat-booster-displays-fr","9":"product_cat-magic-the-gathering-fr","10":"product_cat-produits-par-lots-mtg","11":"product_cat-ravnica-remastered","13":"first","14":"outofstock","15":"taxable","16":"shipping-taxable","17":"purchasable","18":"product-type-variable"},"acf":[],"yoast_head":"<!-- This site is optimized with the Yoast SEO plugin v27.4 - https:\/\/yoast.com\/product\/yoast-seo-wordpress\/ -->\n<title>Ach\u00e8te Magic - Ravnica Remastered (RVR) - Booster Display \u00e0 collectionner<\/title>\n<meta name=\"description\" content=\"Ach\u00e8te Magic - Ravnica Remastered (RVR) - Booster Display \u00e0 collectionner en ligne maintenant \u00e0 petit prix! Ton #1 shop pour cartes TCG &amp; Pok\u00e9mon en Suisse \u2713 Livraison gratuite d\u00e8s CHF 29\" \/>\n<meta name=\"robots\" content=\"index, follow, max-snippet:-1, max-image-preview:large, max-video-preview:-1\" \/>\n<link rel=\"canonical\" href=\"https:\/\/theuncommonshop.ch\/fr\/product\/magic-ravnica-remastered-rvr-sammler-booster-display-3\/\" \/>\n<meta property=\"og:locale\" content=\"fr_FR\" \/>\n<meta property=\"og:type\" content=\"article\" \/>\n<meta property=\"og:title\" content=\"Ach\u00e8te Magic - Ravnica Remastered (RVR) - Booster Display \u00e0 collectionner\" \/>\n<meta property=\"og:description\" content=\"Ach\u00e8te Magic - Ravnica Remastered (RVR) - Booster Display \u00e0 collectionner en ligne maintenant \u00e0 petit prix! Ton #1 shop pour cartes TCG &amp; Pok\u00e9mon en Suisse \u2713 Livraison gratuite d\u00e8s CHF 29\" \/>\n<meta property=\"og:url\" content=\"https:\/\/theuncommonshop.ch\/fr\/product\/magic-ravnica-remastered-rvr-sammler-booster-display-3\/\" \/>\n<meta property=\"og:site_name\" content=\"Largest trading card shop in Switzerland\" \/>\n<meta property=\"article:modified_time\" content=\"2026-03-29T15:28:38+00:00\" \/>\n<meta property=\"og:image\" content=\"https:\/\/theuncommonshop.ch\/wp-content\/uploads\/2025\/06\/3884573799.jpg\" \/>\n\t<meta property=\"og:image:width\" content=\"476\" \/>\n\t<meta property=\"og:image:height\" content=\"524\" \/>\n\t<meta property=\"og:image:type\" content=\"image\/jpeg\" \/>\n<meta name=\"twitter:card\" content=\"summary_large_image\" \/>\n<meta name=\"twitter:label1\" content=\"Disponibilit\u00e9\" \/>\n\t<meta name=\"twitter:data1\" content=\"Rupture de stock\" \/>\n<script type=\"application\/ld+json\" class=\"yoast-schema-graph\">{\"@context\":\"https:\\\/\\\/schema.org\",\"@graph\":[{\"@type\":\"WebPage\",\"@id\":\"https:\\\/\\\/theuncommonshop.ch\\\/fr\\\/product\\\/magic-ravnica-remastered-rvr-sammler-booster-display-3\\\/\",\"url\":\"https:\\\/\\\/theuncommonshop.ch\\\/fr\\\/product\\\/magic-ravnica-remastered-rvr-sammler-booster-display-3\\\/\",\"name\":\"Ach\u00e8te Magic - Ravnica Remastered (RVR) - Booster Display \u00e0 collectionner\",\"isPartOf\":{\"@id\":\"https:\\\/\\\/theuncommonshop.ch\\\/#website\"},\"primaryImageOfPage\":{\"@id\":\"https:\\\/\\\/theuncommonshop.ch\\\/fr\\\/product\\\/magic-ravnica-remastered-rvr-sammler-booster-display-3\\\/#primaryimage\"},\"image\":{\"@id\":\"https:\\\/\\\/theuncommonshop.ch\\\/fr\\\/product\\\/magic-ravnica-remastered-rvr-sammler-booster-display-3\\\/#primaryimage\"},\"thumbnailUrl\":\"https:\\\/\\\/theuncommonshop.ch\\\/wp-content\\\/uploads\\\/2025\\\/06\\\/3884573799.jpg\",\"datePublished\":\"2025-06-04T06:00:44+00:00\",\"dateModified\":\"2026-03-29T15:28:38+00:00\",\"description\":\"Ach\u00e8te Magic - Ravnica Remastered (RVR) - Booster Display \u00e0 collectionner en ligne maintenant \u00e0 petit prix! Ton #1 shop pour cartes TCG & Pok\u00e9mon en Suisse \u2713 Livraison gratuite d\u00e8s CHF 29\",\"breadcrumb\":{\"@id\":\"https:\\\/\\\/theuncommonshop.ch\\\/fr\\\/product\\\/magic-ravnica-remastered-rvr-sammler-booster-display-3\\\/#breadcrumb\"},\"inLanguage\":\"fr-FR\",\"potentialAction\":[{\"@type\":\"ReadAction\",\"target\":[\"https:\\\/\\\/theuncommonshop.ch\\\/fr\\\/product\\\/magic-ravnica-remastered-rvr-sammler-booster-display-3\\\/\"]}]},{\"@type\":\"ImageObject\",\"inLanguage\":\"fr-FR\",\"@id\":\"https:\\\/\\\/theuncommonshop.ch\\\/fr\\\/product\\\/magic-ravnica-remastered-rvr-sammler-booster-display-3\\\/#primaryimage\",\"url\":\"https:\\\/\\\/theuncommonshop.ch\\\/wp-content\\\/uploads\\\/2025\\\/06\\\/3884573799.jpg\",\"contentUrl\":\"https:\\\/\\\/theuncommonshop.ch\\\/wp-content\\\/uploads\\\/2025\\\/06\\\/3884573799.jpg\",\"width\":476,\"height\":524},{\"@type\":\"BreadcrumbList\",\"@id\":\"https:\\\/\\\/theuncommonshop.ch\\\/fr\\\/product\\\/magic-ravnica-remastered-rvr-sammler-booster-display-3\\\/#breadcrumb\",\"itemListElement\":[{\"@type\":\"ListItem\",\"position\":1,\"name\":\"Accueil\",\"item\":\"https:\\\/\\\/theuncommonshop.ch\\\/fr\\\/accueil\\\/\"},{\"@type\":\"ListItem\",\"position\":2,\"name\":\"Boutique\",\"item\":\"https:\\\/\\\/theuncommonshop.ch\\\/fr\\\/boutique\\\/\"},{\"@type\":\"ListItem\",\"position\":3,\"name\":\"Magic the Gathering\",\"item\":\"https:\\\/\\\/theuncommonshop.ch\\\/fr\\\/categorie-produit\\\/magic-the-gathering-fr\\\/\"},{\"@type\":\"ListItem\",\"position\":4,\"name\":\"Produits par lots\",\"item\":\"https:\\\/\\\/theuncommonshop.ch\\\/fr\\\/categorie-produit\\\/magic-the-gathering-fr\\\/produits-par-lots-mtg\\\/\"},{\"@type\":\"ListItem\",\"position\":5,\"name\":\"Ravnica Remastered\",\"item\":\"https:\\\/\\\/theuncommonshop.ch\\\/fr\\\/categorie-produit\\\/magic-the-gathering-fr\\\/produits-par-lots-mtg\\\/ravnica-remastered\\\/\"},{\"@type\":\"ListItem\",\"position\":6,\"name\":\"Magic &#8211; Ravnica Remastered (RVR) &#8211; Booster Display \u00e0 collectionner\"}]},{\"@type\":\"WebSite\",\"@id\":\"https:\\\/\\\/theuncommonshop.ch\\\/#website\",\"url\":\"https:\\\/\\\/theuncommonshop.ch\\\/\",\"name\":\"Largest trading card shop in Switzerland\",\"description\":\"Magic, Pok\u00e9mon and Yu-gi-oh - The Uncommon Shop\",\"potentialAction\":[{\"@type\":\"SearchAction\",\"target\":{\"@type\":\"EntryPoint\",\"urlTemplate\":\"https:\\\/\\\/theuncommonshop.ch\\\/?s={search_term_string}\"},\"query-input\":{\"@type\":\"PropertyValueSpecification\",\"valueRequired\":true,\"valueName\":\"search_term_string\"}}],\"inLanguage\":\"fr-FR\"}]}<\/script>\n<meta property=\"og:availability\" content=\"out of stock\" \/>\n<meta property=\"product:availability\" content=\"out of stock\" \/>\n<meta property=\"product:condition\" content=\"new\" \/>\n<!-- \/ Yoast SEO plugin. -->","yoast_head_json":{"title":"Ach\u00e8te Magic - Ravnica Remastered (RVR) - Booster Display \u00e0 collectionner","description":"Ach\u00e8te Magic - Ravnica Remastered (RVR) - Booster Display \u00e0 collectionner en ligne maintenant \u00e0 petit prix! Ton #1 shop pour cartes TCG & Pok\u00e9mon en Suisse \u2713 Livraison gratuite d\u00e8s CHF 29","robots":{"index":"index","follow":"follow","max-snippet":"max-snippet:-1","max-image-preview":"max-image-preview:large","max-video-preview":"max-video-preview:-1"},"canonical":"https:\/\/theuncommonshop.ch\/fr\/product\/magic-ravnica-remastered-rvr-sammler-booster-display-3\/","og_locale":"fr_FR","og_type":"article","og_title":"Ach\u00e8te Magic - Ravnica Remastered (RVR) - Booster Display \u00e0 collectionner","og_description":"Ach\u00e8te Magic - Ravnica Remastered (RVR) - Booster Display \u00e0 collectionner en ligne maintenant \u00e0 petit prix! Ton #1 shop pour cartes TCG & Pok\u00e9mon en Suisse \u2713 Livraison gratuite d\u00e8s CHF 29","og_url":"https:\/\/theuncommonshop.ch\/fr\/product\/magic-ravnica-remastered-rvr-sammler-booster-display-3\/","og_site_name":"Largest trading card shop in Switzerland","article_modified_time":"2026-03-29T15:28:38+00:00","og_image":[{"width":476,"height":524,"url":"https:\/\/theuncommonshop.ch\/wp-content\/uploads\/2025\/06\/3884573799.jpg","type":"image\/jpeg"}],"twitter_card":"summary_large_image","twitter_misc":{"Disponibilit\u00e9":"Rupture de stock"},"schema":{"@context":"https:\/\/schema.org","@graph":[{"@type":"WebPage","@id":"https:\/\/theuncommonshop.ch\/fr\/product\/magic-ravnica-remastered-rvr-sammler-booster-display-3\/","url":"https:\/\/theuncommonshop.ch\/fr\/product\/magic-ravnica-remastered-rvr-sammler-booster-display-3\/","name":"Ach\u00e8te Magic - Ravnica Remastered (RVR) - Booster Display \u00e0 collectionner","isPartOf":{"@id":"https:\/\/theuncommonshop.ch\/#website"},"primaryImageOfPage":{"@id":"https:\/\/theuncommonshop.ch\/fr\/product\/magic-ravnica-remastered-rvr-sammler-booster-display-3\/#primaryimage"},"image":{"@id":"https:\/\/theuncommonshop.ch\/fr\/product\/magic-ravnica-remastered-rvr-sammler-booster-display-3\/#primaryimage"},"thumbnailUrl":"https:\/\/theuncommonshop.ch\/wp-content\/uploads\/2025\/06\/3884573799.jpg","datePublished":"2025-06-04T06:00:44+00:00","dateModified":"2026-03-29T15:28:38+00:00","description":"Ach\u00e8te Magic - Ravnica Remastered (RVR) - Booster Display \u00e0 collectionner en ligne maintenant \u00e0 petit prix! Ton #1 shop pour cartes TCG & Pok\u00e9mon en Suisse \u2713 Livraison gratuite d\u00e8s CHF 29","breadcrumb":{"@id":"https:\/\/theuncommonshop.ch\/fr\/product\/magic-ravnica-remastered-rvr-sammler-booster-display-3\/#breadcrumb"},"inLanguage":"fr-FR","potentialAction":[{"@type":"ReadAction","target":["https:\/\/theuncommonshop.ch\/fr\/product\/magic-ravnica-remastered-rvr-sammler-booster-display-3\/"]}]},{"@type":"ImageObject","inLanguage":"fr-FR","@id":"https:\/\/theuncommonshop.ch\/fr\/product\/magic-ravnica-remastered-rvr-sammler-booster-display-3\/#primaryimage","url":"https:\/\/theuncommonshop.ch\/wp-content\/uploads\/2025\/06\/3884573799.jpg","contentUrl":"https:\/\/theuncommonshop.ch\/wp-content\/uploads\/2025\/06\/3884573799.jpg","width":476,"height":524},{"@type":"BreadcrumbList","@id":"https:\/\/theuncommonshop.ch\/fr\/product\/magic-ravnica-remastered-rvr-sammler-booster-display-3\/#breadcrumb","itemListElement":[{"@type":"ListItem","position":1,"name":"Accueil","item":"https:\/\/theuncommonshop.ch\/fr\/accueil\/"},{"@type":"ListItem","position":2,"name":"Boutique","item":"https:\/\/theuncommonshop.ch\/fr\/boutique\/"},{"@type":"ListItem","position":3,"name":"Magic the Gathering","item":"https:\/\/theuncommonshop.ch\/fr\/categorie-produit\/magic-the-gathering-fr\/"},{"@type":"ListItem","position":4,"name":"Produits par lots","item":"https:\/\/theuncommonshop.ch\/fr\/categorie-produit\/magic-the-gathering-fr\/produits-par-lots-mtg\/"},{"@type":"ListItem","position":5,"name":"Ravnica Remastered","item":"https:\/\/theuncommonshop.ch\/fr\/categorie-produit\/magic-the-gathering-fr\/produits-par-lots-mtg\/ravnica-remastered\/"},{"@type":"ListItem","position":6,"name":"Magic &#8211; Ravnica Remastered (RVR) &#8211; Booster Display \u00e0 collectionner"}]},{"@type":"WebSite","@id":"https:\/\/theuncommonshop.ch\/#website","url":"https:\/\/theuncommonshop.ch\/","name":"Largest trading card shop in Switzerland","description":"Magic, Pok\u00e9mon and Yu-gi-oh - The Uncommon Shop","potentialAction":[{"@type":"SearchAction","target":{"@type":"EntryPoint","urlTemplate":"https:\/\/theuncommonshop.ch\/?s={search_term_string}"},"query-input":{"@type":"PropertyValueSpecification","valueRequired":true,"valueName":"search_term_string"}}],"inLanguage":"fr-FR"}]},"og_availability":"out of stock","product_availability":"out of stock","product_condition":"new"},"_links":{"self":[{"href":"https:\/\/theuncommonshop.ch\/fr\/wp-json\/wp\/v2\/product\/325242","targetHints":{"allow":["GET"]}}],"collection":[{"href":"https:\/\/theuncommonshop.ch\/fr\/wp-json\/wp\/v2\/product"}],"about":[{"href":"https:\/\/theuncommonshop.ch\/fr\/wp-json\/wp\/v2\/types\/product"}],"replies":[{"embeddable":true,"href":"https:\/\/theuncommonshop.ch\/fr\/wp-json\/wp\/v2\/comments?post=325242"}],"version-history":[{"count":2,"href":"https:\/\/theuncommonshop.ch\/fr\/wp-json\/wp\/v2\/product\/325242\/revisions"}],"predecessor-version":[{"id":356574,"href":"https:\/\/theuncommonshop.ch\/fr\/wp-json\/wp\/v2\/product\/325242\/revisions\/356574"}],"wp:featuredmedia":[{"embeddable":true,"href":"https:\/\/theuncommonshop.ch\/fr\/wp-json\/wp\/v2\/media\/105746"}],"wp:attachment":[{"href":"https:\/\/theuncommonshop.ch\/fr\/wp-json\/wp\/v2\/media?parent=325242"}],"wp:term":[{"taxonomy":"product_brand","embeddable":true,"href":"https:\/\/theuncommonshop.ch\/fr\/wp-json\/wp\/v2\/product_brand?post=325242"},{"taxonomy":"product_cat","embeddable":true,"href":"https:\/\/theuncommonshop.ch\/fr\/wp-json\/wp\/v2\/product_cat?post=325242"},{"taxonomy":"product_tag","embeddable":true,"href":"https:\/\/theuncommonshop.ch\/fr\/wp-json\/wp\/v2\/product_tag?post=325242"}],"curies":[{"name":"wp","href":"https:\/\/api.w.org\/{rel}","templated":true}]}}