{"id":325211,"date":"2025-06-04T07:57:17","date_gmt":"2025-06-04T07:57:17","guid":{"rendered":"http:\/\/theuncommonshop.ch\/produkt\/325211\/"},"modified":"2026-03-31T11:14:16","modified_gmt":"2026-03-31T09:14:16","slug":"pokemon-mystery-random-booster-2","status":"publish","type":"product","link":"https:\/\/theuncommonshop.ch\/fr\/product\/pokemon-mystery-random-booster-2\/","title":{"rendered":"Pok\u00e9mon &#8211; Mystery Random &#8211; Booster"},"content":{"rendered":"<p><strong>1x Pok\u00e9mon Mystery Random Booster !<\/strong><\/p>\n<p>Obtenez l&#8217;un des Boosters suivants au hasard.<\/p>\n<p>(Tous les Boosters sont envoy\u00e9s dans de petites lettres scell\u00e9es. Les petites lettres ne peuvent \u00eatre retourn\u00e9es que sealed)<\/p>\n<p>20x Pok\u00e9mon &#8211; Sword &amp; Shield : Battle Styles Booster<\/p>\n<p>20x Pok\u00e9mon &#8211; Sword &amp; Shield : Booster Farbenschock<\/p>\n<p>60x Pok\u00e9mon &#8211; Sword &amp; Shield : Go Booster<\/p>\n<p>40x Pok\u00e9mon &#8211; Sword &amp; Shield : Booster Flammes d&#8217;obsidienne<\/p>\n<p>40x Pok\u00e9mon &#8211; Sword &amp; Shield : Paradox Rift Booster<\/p>\n<p>40x Pok\u00e9mon &#8211; Sword &amp; Shield : Silver Tempest Booster<\/p>\n<p>40x Pok\u00e9mon &#8211; Sword &amp; Shield : Brilliant Stars Booster<\/p>\n<p>40x Pok\u00e9mon &#8211; Sword and Shield : Base Set Booster<\/p>\n<p>40x Pok\u00e9mon &#8211; Sword &amp; Shield : Chilling Reign Booster<\/p>\n<p>40x Pok\u00e9mon &#8211; Sword &amp; Shield Rebel Clash Booster<\/p>\n<p>40x Pok\u00e9mon &#8211; Sword &amp; Shield Darkness Ablaze Booster<\/p>\n<p>40x Pok\u00e9mon &#8211; Scarlet &amp; Violet : Paldea Evolved Booster<\/p>\n<p>40x Pok\u00e9mon &#8211; Scarlet &amp; Violet : Base Set Booster<\/p>\n<p>40x Pok\u00e9mon &#8211; Sword &amp; Shield : Astral Radiance Booster<\/p>\n<p>10x Pok\u00e9mon &#8211; Scarlet &amp; Violet : 151 Boosters<\/p>\n<p>10x Sword and Shield : Fusion Strike Booster<\/p>\n<p>10x Pok\u00e9mon &#8211; Sun &amp; Moon : Crimson Invasion Booster<\/p>\n<p>10x Pok\u00e9mon &#8211; Sun &amp; Moon : Base Set Booster<\/p>\n<p>20x Pok\u00e9mon &#8211; Sword &amp; Shield : Booster Celebrations<\/p>\n<p>10x Pok\u00e9mon &#8211; Sun &amp; Moon : Guardians Rising Booster<\/p>\n<p>10x Pok\u00e9mon &#8211; XY : Steam Siege Booster<\/p>\n<p>10x Pok\u00e9mon &#8211; XY : Fates Collide Booster<\/p>\n<p>5x Pok\u00e9mon &#8211; Sword &amp; Shield : Hidden Fates Booster<\/p>\n<p>5x Pok\u00e9mon &#8211; Sword &amp; Shield : Evolving Skies Booster<\/p>\n<p>5x Pok\u00e9mon &#8211; XY : Evolutions Booster<\/p>\n<p>1x Pok\u00e9mon &#8211; Sun &amp; Moon : Unified Minds Booster<\/p>\n<p>1x Pok\u00e9mon &#8211; XY : Flashfire Booster<\/p>\n<p>1x Pok\u00e9mon &#8211; XY : Furious Fists Booster<\/p>\n<p>1x Pok\u00e9mon &#8211; Sword &amp; Shield : Dragon&#8217;s Majesty Booster<\/p>\n","protected":false},"excerpt":{"rendered":"<p>1x Pok\u00e9mon Mystery Random Booster ! Obtenez l&#8217;un des Boosters suivants au hasard. (Tous les Boosters sont envoy\u00e9s dans de<\/p>\n","protected":false},"featured_media":105673,"comment_status":"open","ping_status":"closed","template":"","meta":{"_acf_changed":false},"product_brand":[5114,5072,5156],"product_cat":[9815,9807,10057,9777],"product_tag":[],"class_list":{"0":"post-325211","1":"product","2":"type-product","3":"status-publish","4":"has-post-thumbnail","6":"product_brand-pokemon","7":"product_brand-the-pokemon-company","8":"product_brand-uncommon-shop","9":"product_cat-boites-mysteres","10":"product_cat-booster-packs-pokemon","11":"product_cat-booster-packs-international-fr","12":"product_cat-pokemon-fr","14":"first","15":"outofstock","16":"taxable","17":"shipping-taxable","18":"purchasable","19":"product-type-variable"},"acf":[],"yoast_head":"<!-- This site is optimized with the Yoast SEO plugin v27.5 - https:\/\/yoast.com\/product\/yoast-seo-wordpress\/ -->\n<title>Ach\u00e8te Pok\u00e9mon - Mystery Random - Booster<\/title>\n<meta name=\"description\" content=\"Ach\u00e8te Pok\u00e9mon - Mystery Random - Booster en ligne maintenant \u00e0 petit prix! Ton #1 shop pour cartes TCG &amp; Pok\u00e9mon en Suisse \u2713 Livraison gratuite d\u00e8s CHF 29\" \/>\n<meta name=\"robots\" content=\"index, follow, max-snippet:-1, max-image-preview:large, max-video-preview:-1\" \/>\n<link rel=\"canonical\" href=\"https:\/\/theuncommonshop.ch\/fr\/product\/pokemon-mystery-random-booster-2\/\" \/>\n<meta property=\"og:locale\" content=\"fr_FR\" \/>\n<meta property=\"og:type\" content=\"article\" \/>\n<meta property=\"og:title\" content=\"Ach\u00e8te Pok\u00e9mon - Mystery Random - Booster\" \/>\n<meta property=\"og:description\" content=\"Ach\u00e8te Pok\u00e9mon - Mystery Random - Booster en ligne maintenant \u00e0 petit prix! Ton #1 shop pour cartes TCG &amp; Pok\u00e9mon en Suisse \u2713 Livraison gratuite d\u00e8s CHF 29\" \/>\n<meta property=\"og:url\" content=\"https:\/\/theuncommonshop.ch\/fr\/product\/pokemon-mystery-random-booster-2\/\" \/>\n<meta property=\"og:site_name\" content=\"The Uncommon Shop\" \/>\n<meta property=\"article:modified_time\" content=\"2026-03-31T09:14:16+00:00\" \/>\n<meta property=\"og:image\" content=\"https:\/\/theuncommonshop.ch\/wp-content\/uploads\/2025\/06\/4440409455.jpg\" \/>\n\t<meta property=\"og:image:width\" content=\"411\" \/>\n\t<meta property=\"og:image:height\" content=\"688\" \/>\n\t<meta property=\"og:image:type\" content=\"image\/jpeg\" \/>\n<meta name=\"twitter:card\" content=\"summary_large_image\" \/>\n<meta name=\"twitter:label1\" content=\"Disponibilit\u00e9\" \/>\n\t<meta name=\"twitter:data1\" content=\"Rupture de stock\" \/>\n<script type=\"application\/ld+json\" class=\"yoast-schema-graph\">{\"@context\":\"https:\\\/\\\/schema.org\",\"@graph\":[{\"@type\":\"WebPage\",\"@id\":\"https:\\\/\\\/theuncommonshop.ch\\\/fr\\\/product\\\/pokemon-mystery-random-booster-2\\\/\",\"url\":\"https:\\\/\\\/theuncommonshop.ch\\\/fr\\\/product\\\/pokemon-mystery-random-booster-2\\\/\",\"name\":\"Ach\u00e8te Pok\u00e9mon - Mystery Random - Booster\",\"isPartOf\":{\"@id\":\"https:\\\/\\\/theuncommonshop.ch\\\/fr\\\/#website\"},\"primaryImageOfPage\":{\"@id\":\"https:\\\/\\\/theuncommonshop.ch\\\/fr\\\/product\\\/pokemon-mystery-random-booster-2\\\/#primaryimage\"},\"image\":{\"@id\":\"https:\\\/\\\/theuncommonshop.ch\\\/fr\\\/product\\\/pokemon-mystery-random-booster-2\\\/#primaryimage\"},\"thumbnailUrl\":\"https:\\\/\\\/theuncommonshop.ch\\\/wp-content\\\/uploads\\\/2025\\\/06\\\/4440409455.jpg\",\"datePublished\":\"2025-06-04T07:57:17+00:00\",\"dateModified\":\"2026-03-31T09:14:16+00:00\",\"description\":\"Ach\u00e8te Pok\u00e9mon - Mystery Random - Booster en ligne maintenant \u00e0 petit prix! Ton #1 shop pour cartes TCG & Pok\u00e9mon en Suisse \u2713 Livraison gratuite d\u00e8s CHF 29\",\"breadcrumb\":{\"@id\":\"https:\\\/\\\/theuncommonshop.ch\\\/fr\\\/product\\\/pokemon-mystery-random-booster-2\\\/#breadcrumb\"},\"inLanguage\":\"fr-FR\",\"potentialAction\":[{\"@type\":\"ReadAction\",\"target\":[\"https:\\\/\\\/theuncommonshop.ch\\\/fr\\\/product\\\/pokemon-mystery-random-booster-2\\\/\"]}]},{\"@type\":\"ImageObject\",\"inLanguage\":\"fr-FR\",\"@id\":\"https:\\\/\\\/theuncommonshop.ch\\\/fr\\\/product\\\/pokemon-mystery-random-booster-2\\\/#primaryimage\",\"url\":\"https:\\\/\\\/theuncommonshop.ch\\\/wp-content\\\/uploads\\\/2025\\\/06\\\/4440409455.jpg\",\"contentUrl\":\"https:\\\/\\\/theuncommonshop.ch\\\/wp-content\\\/uploads\\\/2025\\\/06\\\/4440409455.jpg\",\"width\":411,\"height\":688},{\"@type\":\"BreadcrumbList\",\"@id\":\"https:\\\/\\\/theuncommonshop.ch\\\/fr\\\/product\\\/pokemon-mystery-random-booster-2\\\/#breadcrumb\",\"itemListElement\":[{\"@type\":\"ListItem\",\"position\":1,\"name\":\"Accueil\",\"item\":\"https:\\\/\\\/theuncommonshop.ch\\\/fr\\\/accueil\\\/\"},{\"@type\":\"ListItem\",\"position\":2,\"name\":\"Boutique\",\"item\":\"https:\\\/\\\/theuncommonshop.ch\\\/fr\\\/boutique\\\/\"},{\"@type\":\"ListItem\",\"position\":3,\"name\":\"Pok\u00e9mon\",\"item\":\"https:\\\/\\\/theuncommonshop.ch\\\/fr\\\/categorie-produit\\\/pokemon-fr\\\/\"},{\"@type\":\"ListItem\",\"position\":4,\"name\":\"Booster Packs\",\"item\":\"https:\\\/\\\/theuncommonshop.ch\\\/fr\\\/categorie-produit\\\/pokemon-fr\\\/booster-packs-pokemon\\\/\"},{\"@type\":\"ListItem\",\"position\":5,\"name\":\"Booster Packs\",\"item\":\"https:\\\/\\\/theuncommonshop.ch\\\/fr\\\/categorie-produit\\\/pokemon-fr\\\/booster-packs-pokemon\\\/booster-packs-international-fr\\\/\"},{\"@type\":\"ListItem\",\"position\":6,\"name\":\"Pok\u00e9mon &#8211; Mystery Random &#8211; Booster\"}]},{\"@type\":\"WebSite\",\"@id\":\"https:\\\/\\\/theuncommonshop.ch\\\/fr\\\/#website\",\"url\":\"https:\\\/\\\/theuncommonshop.ch\\\/fr\\\/\",\"name\":\"The Uncommon Shop\",\"description\":\"Magic, Pok\u00e9mon and Yu-gi-oh - The Uncommon Shop\",\"potentialAction\":[{\"@type\":\"SearchAction\",\"target\":{\"@type\":\"EntryPoint\",\"urlTemplate\":\"https:\\\/\\\/theuncommonshop.ch\\\/fr\\\/?s={search_term_string}\"},\"query-input\":{\"@type\":\"PropertyValueSpecification\",\"valueRequired\":true,\"valueName\":\"search_term_string\"}}],\"inLanguage\":\"fr-FR\"}]}<\/script>\n<meta property=\"og:availability\" content=\"out of stock\" \/>\n<meta property=\"product:availability\" content=\"out of stock\" \/>\n<meta property=\"product:retailer_item_id\" content=\"Shop.MysteryBst\" \/>\n<meta property=\"product:condition\" content=\"new\" \/>\n<!-- \/ Yoast SEO plugin. -->","yoast_head_json":{"title":"Ach\u00e8te Pok\u00e9mon - Mystery Random - Booster","description":"Ach\u00e8te Pok\u00e9mon - Mystery Random - Booster en ligne maintenant \u00e0 petit prix! Ton #1 shop pour cartes TCG & Pok\u00e9mon en Suisse \u2713 Livraison gratuite d\u00e8s CHF 29","robots":{"index":"index","follow":"follow","max-snippet":"max-snippet:-1","max-image-preview":"max-image-preview:large","max-video-preview":"max-video-preview:-1"},"canonical":"https:\/\/theuncommonshop.ch\/fr\/product\/pokemon-mystery-random-booster-2\/","og_locale":"fr_FR","og_type":"article","og_title":"Ach\u00e8te Pok\u00e9mon - Mystery Random - Booster","og_description":"Ach\u00e8te Pok\u00e9mon - Mystery Random - Booster en ligne maintenant \u00e0 petit prix! Ton #1 shop pour cartes TCG & Pok\u00e9mon en Suisse \u2713 Livraison gratuite d\u00e8s CHF 29","og_url":"https:\/\/theuncommonshop.ch\/fr\/product\/pokemon-mystery-random-booster-2\/","og_site_name":"The Uncommon Shop","article_modified_time":"2026-03-31T09:14:16+00:00","og_image":[{"width":411,"height":688,"url":"https:\/\/theuncommonshop.ch\/wp-content\/uploads\/2025\/06\/4440409455.jpg","type":"image\/jpeg"}],"twitter_card":"summary_large_image","twitter_misc":{"Disponibilit\u00e9":"Rupture de stock"},"schema":{"@context":"https:\/\/schema.org","@graph":[{"@type":"WebPage","@id":"https:\/\/theuncommonshop.ch\/fr\/product\/pokemon-mystery-random-booster-2\/","url":"https:\/\/theuncommonshop.ch\/fr\/product\/pokemon-mystery-random-booster-2\/","name":"Ach\u00e8te Pok\u00e9mon - Mystery Random - Booster","isPartOf":{"@id":"https:\/\/theuncommonshop.ch\/fr\/#website"},"primaryImageOfPage":{"@id":"https:\/\/theuncommonshop.ch\/fr\/product\/pokemon-mystery-random-booster-2\/#primaryimage"},"image":{"@id":"https:\/\/theuncommonshop.ch\/fr\/product\/pokemon-mystery-random-booster-2\/#primaryimage"},"thumbnailUrl":"https:\/\/theuncommonshop.ch\/wp-content\/uploads\/2025\/06\/4440409455.jpg","datePublished":"2025-06-04T07:57:17+00:00","dateModified":"2026-03-31T09:14:16+00:00","description":"Ach\u00e8te Pok\u00e9mon - Mystery Random - Booster en ligne maintenant \u00e0 petit prix! Ton #1 shop pour cartes TCG & Pok\u00e9mon en Suisse \u2713 Livraison gratuite d\u00e8s CHF 29","breadcrumb":{"@id":"https:\/\/theuncommonshop.ch\/fr\/product\/pokemon-mystery-random-booster-2\/#breadcrumb"},"inLanguage":"fr-FR","potentialAction":[{"@type":"ReadAction","target":["https:\/\/theuncommonshop.ch\/fr\/product\/pokemon-mystery-random-booster-2\/"]}]},{"@type":"ImageObject","inLanguage":"fr-FR","@id":"https:\/\/theuncommonshop.ch\/fr\/product\/pokemon-mystery-random-booster-2\/#primaryimage","url":"https:\/\/theuncommonshop.ch\/wp-content\/uploads\/2025\/06\/4440409455.jpg","contentUrl":"https:\/\/theuncommonshop.ch\/wp-content\/uploads\/2025\/06\/4440409455.jpg","width":411,"height":688},{"@type":"BreadcrumbList","@id":"https:\/\/theuncommonshop.ch\/fr\/product\/pokemon-mystery-random-booster-2\/#breadcrumb","itemListElement":[{"@type":"ListItem","position":1,"name":"Accueil","item":"https:\/\/theuncommonshop.ch\/fr\/accueil\/"},{"@type":"ListItem","position":2,"name":"Boutique","item":"https:\/\/theuncommonshop.ch\/fr\/boutique\/"},{"@type":"ListItem","position":3,"name":"Pok\u00e9mon","item":"https:\/\/theuncommonshop.ch\/fr\/categorie-produit\/pokemon-fr\/"},{"@type":"ListItem","position":4,"name":"Booster Packs","item":"https:\/\/theuncommonshop.ch\/fr\/categorie-produit\/pokemon-fr\/booster-packs-pokemon\/"},{"@type":"ListItem","position":5,"name":"Booster Packs","item":"https:\/\/theuncommonshop.ch\/fr\/categorie-produit\/pokemon-fr\/booster-packs-pokemon\/booster-packs-international-fr\/"},{"@type":"ListItem","position":6,"name":"Pok\u00e9mon &#8211; Mystery Random &#8211; Booster"}]},{"@type":"WebSite","@id":"https:\/\/theuncommonshop.ch\/fr\/#website","url":"https:\/\/theuncommonshop.ch\/fr\/","name":"The Uncommon Shop","description":"Magic, Pok\u00e9mon and Yu-gi-oh - The Uncommon Shop","potentialAction":[{"@type":"SearchAction","target":{"@type":"EntryPoint","urlTemplate":"https:\/\/theuncommonshop.ch\/fr\/?s={search_term_string}"},"query-input":{"@type":"PropertyValueSpecification","valueRequired":true,"valueName":"search_term_string"}}],"inLanguage":"fr-FR"}]},"og_availability":"out of stock","product_availability":"out of stock","product_retailer_item_id":"Shop.MysteryBst","product_condition":"new"},"_links":{"self":[{"href":"https:\/\/theuncommonshop.ch\/fr\/wp-json\/wp\/v2\/product\/325211","targetHints":{"allow":["GET"]}}],"collection":[{"href":"https:\/\/theuncommonshop.ch\/fr\/wp-json\/wp\/v2\/product"}],"about":[{"href":"https:\/\/theuncommonshop.ch\/fr\/wp-json\/wp\/v2\/types\/product"}],"replies":[{"embeddable":true,"href":"https:\/\/theuncommonshop.ch\/fr\/wp-json\/wp\/v2\/comments?post=325211"}],"version-history":[{"count":0,"href":"https:\/\/theuncommonshop.ch\/fr\/wp-json\/wp\/v2\/product\/325211\/revisions"}],"wp:featuredmedia":[{"embeddable":true,"href":"https:\/\/theuncommonshop.ch\/fr\/wp-json\/wp\/v2\/media\/105673"}],"wp:attachment":[{"href":"https:\/\/theuncommonshop.ch\/fr\/wp-json\/wp\/v2\/media?parent=325211"}],"wp:term":[{"taxonomy":"product_brand","embeddable":true,"href":"https:\/\/theuncommonshop.ch\/fr\/wp-json\/wp\/v2\/product_brand?post=325211"},{"taxonomy":"product_cat","embeddable":true,"href":"https:\/\/theuncommonshop.ch\/fr\/wp-json\/wp\/v2\/product_cat?post=325211"},{"taxonomy":"product_tag","embeddable":true,"href":"https:\/\/theuncommonshop.ch\/fr\/wp-json\/wp\/v2\/product_tag?post=325211"}],"curies":[{"name":"wp","href":"https:\/\/api.w.org\/{rel}","templated":true}]}}