{"id":325208,"date":"2025-06-04T07:53:25","date_gmt":"2025-06-04T07:53:25","guid":{"rendered":"http:\/\/theuncommonshop.ch\/produkt\/325208\/"},"modified":"2026-03-28T18:00:21","modified_gmt":"2026-03-28T17:00:21","slug":"warhammer-40-000-astra-militarum-leman-russ-battle-tank-3","status":"publish","type":"product","link":"https:\/\/theuncommonshop.ch\/fr\/product\/warhammer-40-000-astra-militarum-leman-russ-battle-tank-3\/","title":{"rendered":"Warhammer 40.000 &#8211; Astra Militarum : Leman Russ Battle Tank"},"content":{"rendered":"<p>Le Leman Russ est le principal char d&#8217;assaut de l&#8217;Arm\u00e9e imp\u00e9riale, et il est le fer de lance d&#8217;innombrables colonnes blind\u00e9es. Les ennemis qui ne p\u00e9rissent pas sous les bombardements de ses canons et de ses nombreuses armes mont\u00e9es sur le torse sont \u00e9cras\u00e9s sans piti\u00e9 sous ses lourdes cha\u00eenes. Ces chars fiables et puissants sont pr\u00e9sents dans presque tous les r\u00e9giments d&#8217;Astra Militarum de la galaxie et sont devenus synonymes de la col\u00e8re de l&#8217;Empire.  <\/p>\n<p>Ce kit plastique en plusieurs parties vous permet de construire un Leman Russ, un v\u00e9hicule blind\u00e9 polyvalent avec de nombreuses variantes. Ce char peut \u00eatre construit avec l&#8217;une des sept armes de tourelle puissantes &#8211; un canon de combat, un canon de combat de si\u00e8ge, un canon Nova de rupture de ligne, un canon plasma Exekutor, un canon automoteur Exterminator, un canon Gatling Ex\u00e9cuteur ou un canon antichar Annihilateur &#8211; ce qui vous permet d&#8217;armer votre Leman Russ pour faire exploser des chars, d\u00e9chirer des essaims de x\u00e9nos ou faire tout ce qui se trouve entre les deux. Il dispose \u00e9galement d&#8217;une arme secondaire mont\u00e9e sur le torse &#8211; un canon laser, un bolter lourd ou un lance-flammes lourd &#8211; et peut \u00eatre \u00e9quip\u00e9 de deux armes op\u00e9rationnelles mont\u00e9es sur des d\u00f4mes lat\u00e9raux &#8211; une paire de bolters lourds, de lance-flammes lourds, de multimelters ou de canons \u00e0 plasma.  <\/p>\n<p>Ce kit comprend une s\u00e9lection d&#8217;\u00e9quipements suppl\u00e9mentaires &#8211; une mitrailleuse ou un lanceur d&#8217;assaut sur aff\u00fbt tournant, une pelle de bulldozer, une roquette \u00e0 t\u00eate chercheuse et des chenilles de char &#8211; ainsi que des options cosm\u00e9tiques telles que des projecteurs de recherche, des \u00e9quipements et diff\u00e9rentes options pour l&#8217;\u00e9quipage ou des \u00e9coutilles ferm\u00e9es. Alternativement, il peut \u00eatre construit comme un commandant de char &#8211; un officier d&#8217;escadron habile de l&#8217;Astra Militarum qui conduit un Leman Russ. <\/p>\n<p>Ce kit se compose de 150 pi\u00e8ces en plastique et comprend une planche de d\u00e9calcomanies de l&#8217;Astra Militarum avec 475 d\u00e9calcomanies, y compris des chiffres, des sceaux et une s\u00e9lection d&#8217;h\u00e9raldique de r\u00e9giment. Cette miniature n&#8217;est pas peinte et doit \u00eatre assembl\u00e9e &#8211; nous vous recommandons d&#8217;utiliser de la colle \u00e0 plastique Citadel et de la peinture Citadel Colour. <\/p>\n","protected":false},"excerpt":{"rendered":"<p>Le Leman Russ est le principal char d&#8217;assaut de l&#8217;Arm\u00e9e imp\u00e9riale, et il est le fer de lance d&#8217;innombrables colonnes<\/p>\n","protected":false},"featured_media":105593,"comment_status":"open","ping_status":"closed","template":"","meta":{"_acf_changed":false},"product_brand":[5078,5154],"product_cat":[9925,9927],"product_tag":[],"class_list":{"0":"post-325208","1":"product","2":"type-product","3":"status-publish","4":"has-post-thumbnail","6":"product_brand-games-workshop","7":"product_brand-warhammer","8":"product_cat-tabletop-fr","9":"product_cat-warhammer-40k-fr","11":"first","12":"outofstock","13":"taxable","14":"shipping-taxable","15":"purchasable","16":"product-type-simple"},"acf":[],"yoast_head":"<!-- This site is optimized with the Yoast SEO plugin v27.4 - https:\/\/yoast.com\/product\/yoast-seo-wordpress\/ -->\n<title>Ach\u00e8te Warhammer 40.000 - Astra Militarum : Leman Russ Battle Tank<\/title>\n<meta name=\"description\" content=\"Ach\u00e8te Warhammer 40.000 - Astra Militarum : Leman Russ Battle Tank en ligne maintenant \u00e0 petit prix! Ton #1 shop pour cartes TCG &amp; Pok\u00e9mon en Suisse \u2713 Livraison gratuite d\u00e8s CHF 29\" \/>\n<meta name=\"robots\" content=\"index, follow, max-snippet:-1, max-image-preview:large, max-video-preview:-1\" \/>\n<link rel=\"canonical\" href=\"https:\/\/theuncommonshop.ch\/fr\/product\/warhammer-40-000-astra-militarum-leman-russ-battle-tank-3\/\" \/>\n<meta property=\"og:locale\" content=\"fr_FR\" \/>\n<meta property=\"og:type\" content=\"article\" \/>\n<meta property=\"og:title\" content=\"Ach\u00e8te Warhammer 40.000 - Astra Militarum : Leman Russ Battle Tank\" \/>\n<meta property=\"og:description\" content=\"Ach\u00e8te Warhammer 40.000 - Astra Militarum : Leman Russ Battle Tank en ligne maintenant \u00e0 petit prix! Ton #1 shop pour cartes TCG &amp; Pok\u00e9mon en Suisse \u2713 Livraison gratuite d\u00e8s CHF 29\" \/>\n<meta property=\"og:url\" content=\"https:\/\/theuncommonshop.ch\/fr\/product\/warhammer-40-000-astra-militarum-leman-russ-battle-tank-3\/\" \/>\n<meta property=\"og:site_name\" content=\"Largest trading card shop in Switzerland\" \/>\n<meta property=\"article:modified_time\" content=\"2026-03-28T17:00:21+00:00\" \/>\n<meta property=\"og:image\" content=\"https:\/\/theuncommonshop.ch\/wp-content\/uploads\/2025\/06\/4048033519.jpg\" \/>\n\t<meta property=\"og:image:width\" content=\"918\" \/>\n\t<meta property=\"og:image:height\" content=\"948\" \/>\n\t<meta property=\"og:image:type\" content=\"image\/jpeg\" \/>\n<meta name=\"twitter:card\" content=\"summary_large_image\" \/>\n<meta name=\"twitter:label1\" content=\"Prix\" \/>\n\t<meta name=\"twitter:data1\" content=\"&#067;&#072;&#070;&nbsp;51.95\" \/>\n\t<meta name=\"twitter:label2\" content=\"Disponibilit\u00e9\" \/>\n\t<meta name=\"twitter:data2\" content=\"Rupture de stock\" \/>\n<script type=\"application\/ld+json\" class=\"yoast-schema-graph\">{\"@context\":\"https:\\\/\\\/schema.org\",\"@graph\":[{\"@type\":\"WebPage\",\"@id\":\"https:\\\/\\\/theuncommonshop.ch\\\/fr\\\/product\\\/warhammer-40-000-astra-militarum-leman-russ-battle-tank-3\\\/\",\"url\":\"https:\\\/\\\/theuncommonshop.ch\\\/fr\\\/product\\\/warhammer-40-000-astra-militarum-leman-russ-battle-tank-3\\\/\",\"name\":\"Ach\u00e8te Warhammer 40.000 - Astra Militarum : Leman Russ Battle Tank\",\"isPartOf\":{\"@id\":\"https:\\\/\\\/theuncommonshop.ch\\\/#website\"},\"primaryImageOfPage\":{\"@id\":\"https:\\\/\\\/theuncommonshop.ch\\\/fr\\\/product\\\/warhammer-40-000-astra-militarum-leman-russ-battle-tank-3\\\/#primaryimage\"},\"image\":{\"@id\":\"https:\\\/\\\/theuncommonshop.ch\\\/fr\\\/product\\\/warhammer-40-000-astra-militarum-leman-russ-battle-tank-3\\\/#primaryimage\"},\"thumbnailUrl\":\"https:\\\/\\\/theuncommonshop.ch\\\/wp-content\\\/uploads\\\/2025\\\/06\\\/4048033519.jpg\",\"datePublished\":\"2025-06-04T07:53:25+00:00\",\"dateModified\":\"2026-03-28T17:00:21+00:00\",\"description\":\"Ach\u00e8te Warhammer 40.000 - Astra Militarum : Leman Russ Battle Tank en ligne maintenant \u00e0 petit prix! Ton #1 shop pour cartes TCG & Pok\u00e9mon en Suisse \u2713 Livraison gratuite d\u00e8s CHF 29\",\"breadcrumb\":{\"@id\":\"https:\\\/\\\/theuncommonshop.ch\\\/fr\\\/product\\\/warhammer-40-000-astra-militarum-leman-russ-battle-tank-3\\\/#breadcrumb\"},\"inLanguage\":\"fr-FR\",\"potentialAction\":[{\"@type\":\"ReadAction\",\"target\":[\"https:\\\/\\\/theuncommonshop.ch\\\/fr\\\/product\\\/warhammer-40-000-astra-militarum-leman-russ-battle-tank-3\\\/\"]}]},{\"@type\":\"ImageObject\",\"inLanguage\":\"fr-FR\",\"@id\":\"https:\\\/\\\/theuncommonshop.ch\\\/fr\\\/product\\\/warhammer-40-000-astra-militarum-leman-russ-battle-tank-3\\\/#primaryimage\",\"url\":\"https:\\\/\\\/theuncommonshop.ch\\\/wp-content\\\/uploads\\\/2025\\\/06\\\/4048033519.jpg\",\"contentUrl\":\"https:\\\/\\\/theuncommonshop.ch\\\/wp-content\\\/uploads\\\/2025\\\/06\\\/4048033519.jpg\",\"width\":918,\"height\":948},{\"@type\":\"BreadcrumbList\",\"@id\":\"https:\\\/\\\/theuncommonshop.ch\\\/fr\\\/product\\\/warhammer-40-000-astra-militarum-leman-russ-battle-tank-3\\\/#breadcrumb\",\"itemListElement\":[{\"@type\":\"ListItem\",\"position\":1,\"name\":\"Accueil\",\"item\":\"https:\\\/\\\/theuncommonshop.ch\\\/fr\\\/accueil\\\/\"},{\"@type\":\"ListItem\",\"position\":2,\"name\":\"Boutique\",\"item\":\"https:\\\/\\\/theuncommonshop.ch\\\/fr\\\/boutique\\\/\"},{\"@type\":\"ListItem\",\"position\":3,\"name\":\"Tabletop\",\"item\":\"https:\\\/\\\/theuncommonshop.ch\\\/fr\\\/categorie-produit\\\/tabletop-fr\\\/\"},{\"@type\":\"ListItem\",\"position\":4,\"name\":\"Warhammer 40k\",\"item\":\"https:\\\/\\\/theuncommonshop.ch\\\/fr\\\/categorie-produit\\\/tabletop-fr\\\/warhammer-40k-fr\\\/\"},{\"@type\":\"ListItem\",\"position\":5,\"name\":\"Warhammer 40.000 &#8211; Astra Militarum : Leman Russ Battle Tank\"}]},{\"@type\":\"WebSite\",\"@id\":\"https:\\\/\\\/theuncommonshop.ch\\\/#website\",\"url\":\"https:\\\/\\\/theuncommonshop.ch\\\/\",\"name\":\"Largest trading card shop in Switzerland\",\"description\":\"Magic, Pok\u00e9mon and Yu-gi-oh - The Uncommon Shop\",\"potentialAction\":[{\"@type\":\"SearchAction\",\"target\":{\"@type\":\"EntryPoint\",\"urlTemplate\":\"https:\\\/\\\/theuncommonshop.ch\\\/?s={search_term_string}\"},\"query-input\":{\"@type\":\"PropertyValueSpecification\",\"valueRequired\":true,\"valueName\":\"search_term_string\"}}],\"inLanguage\":\"fr-FR\"}]}<\/script>\n<meta property=\"product:price:amount\" content=\"51.95\" \/>\n<meta property=\"product:price:currency\" content=\"CHF\" \/>\n<meta property=\"og:availability\" content=\"out of stock\" \/>\n<meta property=\"product:availability\" content=\"out of stock\" \/>\n<meta property=\"product:retailer_item_id\" content=\"WHAstMilLeRuBatTank\" \/>\n<meta property=\"product:condition\" content=\"new\" \/>\n<!-- \/ Yoast SEO plugin. -->","yoast_head_json":{"title":"Ach\u00e8te Warhammer 40.000 - Astra Militarum : Leman Russ Battle Tank","description":"Ach\u00e8te Warhammer 40.000 - Astra Militarum : Leman Russ Battle Tank en ligne maintenant \u00e0 petit prix! Ton #1 shop pour cartes TCG & Pok\u00e9mon en Suisse \u2713 Livraison gratuite d\u00e8s CHF 29","robots":{"index":"index","follow":"follow","max-snippet":"max-snippet:-1","max-image-preview":"max-image-preview:large","max-video-preview":"max-video-preview:-1"},"canonical":"https:\/\/theuncommonshop.ch\/fr\/product\/warhammer-40-000-astra-militarum-leman-russ-battle-tank-3\/","og_locale":"fr_FR","og_type":"article","og_title":"Ach\u00e8te Warhammer 40.000 - Astra Militarum : Leman Russ Battle Tank","og_description":"Ach\u00e8te Warhammer 40.000 - Astra Militarum : Leman Russ Battle Tank en ligne maintenant \u00e0 petit prix! Ton #1 shop pour cartes TCG & Pok\u00e9mon en Suisse \u2713 Livraison gratuite d\u00e8s CHF 29","og_url":"https:\/\/theuncommonshop.ch\/fr\/product\/warhammer-40-000-astra-militarum-leman-russ-battle-tank-3\/","og_site_name":"Largest trading card shop in Switzerland","article_modified_time":"2026-03-28T17:00:21+00:00","og_image":[{"width":918,"height":948,"url":"https:\/\/theuncommonshop.ch\/wp-content\/uploads\/2025\/06\/4048033519.jpg","type":"image\/jpeg"}],"twitter_card":"summary_large_image","twitter_misc":{"Prix":"&#67;&#72;&#70;&nbsp;51.95","Disponibilit\u00e9":"Rupture de stock"},"schema":{"@context":"https:\/\/schema.org","@graph":[{"@type":"WebPage","@id":"https:\/\/theuncommonshop.ch\/fr\/product\/warhammer-40-000-astra-militarum-leman-russ-battle-tank-3\/","url":"https:\/\/theuncommonshop.ch\/fr\/product\/warhammer-40-000-astra-militarum-leman-russ-battle-tank-3\/","name":"Ach\u00e8te Warhammer 40.000 - Astra Militarum : Leman Russ Battle Tank","isPartOf":{"@id":"https:\/\/theuncommonshop.ch\/#website"},"primaryImageOfPage":{"@id":"https:\/\/theuncommonshop.ch\/fr\/product\/warhammer-40-000-astra-militarum-leman-russ-battle-tank-3\/#primaryimage"},"image":{"@id":"https:\/\/theuncommonshop.ch\/fr\/product\/warhammer-40-000-astra-militarum-leman-russ-battle-tank-3\/#primaryimage"},"thumbnailUrl":"https:\/\/theuncommonshop.ch\/wp-content\/uploads\/2025\/06\/4048033519.jpg","datePublished":"2025-06-04T07:53:25+00:00","dateModified":"2026-03-28T17:00:21+00:00","description":"Ach\u00e8te Warhammer 40.000 - Astra Militarum : Leman Russ Battle Tank en ligne maintenant \u00e0 petit prix! Ton #1 shop pour cartes TCG & Pok\u00e9mon en Suisse \u2713 Livraison gratuite d\u00e8s CHF 29","breadcrumb":{"@id":"https:\/\/theuncommonshop.ch\/fr\/product\/warhammer-40-000-astra-militarum-leman-russ-battle-tank-3\/#breadcrumb"},"inLanguage":"fr-FR","potentialAction":[{"@type":"ReadAction","target":["https:\/\/theuncommonshop.ch\/fr\/product\/warhammer-40-000-astra-militarum-leman-russ-battle-tank-3\/"]}]},{"@type":"ImageObject","inLanguage":"fr-FR","@id":"https:\/\/theuncommonshop.ch\/fr\/product\/warhammer-40-000-astra-militarum-leman-russ-battle-tank-3\/#primaryimage","url":"https:\/\/theuncommonshop.ch\/wp-content\/uploads\/2025\/06\/4048033519.jpg","contentUrl":"https:\/\/theuncommonshop.ch\/wp-content\/uploads\/2025\/06\/4048033519.jpg","width":918,"height":948},{"@type":"BreadcrumbList","@id":"https:\/\/theuncommonshop.ch\/fr\/product\/warhammer-40-000-astra-militarum-leman-russ-battle-tank-3\/#breadcrumb","itemListElement":[{"@type":"ListItem","position":1,"name":"Accueil","item":"https:\/\/theuncommonshop.ch\/fr\/accueil\/"},{"@type":"ListItem","position":2,"name":"Boutique","item":"https:\/\/theuncommonshop.ch\/fr\/boutique\/"},{"@type":"ListItem","position":3,"name":"Tabletop","item":"https:\/\/theuncommonshop.ch\/fr\/categorie-produit\/tabletop-fr\/"},{"@type":"ListItem","position":4,"name":"Warhammer 40k","item":"https:\/\/theuncommonshop.ch\/fr\/categorie-produit\/tabletop-fr\/warhammer-40k-fr\/"},{"@type":"ListItem","position":5,"name":"Warhammer 40.000 &#8211; Astra Militarum : Leman Russ Battle Tank"}]},{"@type":"WebSite","@id":"https:\/\/theuncommonshop.ch\/#website","url":"https:\/\/theuncommonshop.ch\/","name":"Largest trading card shop in Switzerland","description":"Magic, Pok\u00e9mon and Yu-gi-oh - The Uncommon Shop","potentialAction":[{"@type":"SearchAction","target":{"@type":"EntryPoint","urlTemplate":"https:\/\/theuncommonshop.ch\/?s={search_term_string}"},"query-input":{"@type":"PropertyValueSpecification","valueRequired":true,"valueName":"search_term_string"}}],"inLanguage":"fr-FR"}]},"product_price_amount":"51.95","product_price_currency":"CHF","og_availability":"out of stock","product_availability":"out of stock","product_retailer_item_id":"WHAstMilLeRuBatTank","product_condition":"new"},"_links":{"self":[{"href":"https:\/\/theuncommonshop.ch\/fr\/wp-json\/wp\/v2\/product\/325208","targetHints":{"allow":["GET"]}}],"collection":[{"href":"https:\/\/theuncommonshop.ch\/fr\/wp-json\/wp\/v2\/product"}],"about":[{"href":"https:\/\/theuncommonshop.ch\/fr\/wp-json\/wp\/v2\/types\/product"}],"replies":[{"embeddable":true,"href":"https:\/\/theuncommonshop.ch\/fr\/wp-json\/wp\/v2\/comments?post=325208"}],"version-history":[{"count":2,"href":"https:\/\/theuncommonshop.ch\/fr\/wp-json\/wp\/v2\/product\/325208\/revisions"}],"predecessor-version":[{"id":356597,"href":"https:\/\/theuncommonshop.ch\/fr\/wp-json\/wp\/v2\/product\/325208\/revisions\/356597"}],"wp:featuredmedia":[{"embeddable":true,"href":"https:\/\/theuncommonshop.ch\/fr\/wp-json\/wp\/v2\/media\/105593"}],"wp:attachment":[{"href":"https:\/\/theuncommonshop.ch\/fr\/wp-json\/wp\/v2\/media?parent=325208"}],"wp:term":[{"taxonomy":"product_brand","embeddable":true,"href":"https:\/\/theuncommonshop.ch\/fr\/wp-json\/wp\/v2\/product_brand?post=325208"},{"taxonomy":"product_cat","embeddable":true,"href":"https:\/\/theuncommonshop.ch\/fr\/wp-json\/wp\/v2\/product_cat?post=325208"},{"taxonomy":"product_tag","embeddable":true,"href":"https:\/\/theuncommonshop.ch\/fr\/wp-json\/wp\/v2\/product_tag?post=325208"}],"curies":[{"name":"wp","href":"https:\/\/api.w.org\/{rel}","templated":true}]}}