{"id":325202,"date":"2025-06-04T07:54:57","date_gmt":"2025-06-04T07:54:57","guid":{"rendered":"http:\/\/theuncommonshop.ch\/produkt\/325202\/"},"modified":"2026-03-28T17:59:59","modified_gmt":"2026-03-28T16:59:59","slug":"warhammer-40-000-world-eaters-khorne-berzerkers-2","status":"publish","type":"product","link":"https:\/\/theuncommonshop.ch\/fr\/product\/warhammer-40-000-world-eaters-khorne-berzerkers-2\/","title":{"rendered":"Warhammer 40.000 &#8211; World : Eaters : Berzerkers de Khorne"},"content":{"rendered":"<p>Les berserkers de Khorne appr\u00e9cient leur r\u00f4le de destructeurs b\u00e9nis au service du dieu du sang et leur fanatisme est craint dans toute la galaxie. La haine de ces guerriers surpuissants, nourrie par l&#8217;empyr\u00e9e, les pousse \u00e0 se d\u00e9cha\u00eener avec une rapidit\u00e9 meurtri\u00e8re. Ceux qui les rencontrent au combat sont d\u00e9chiquet\u00e9s sous les coups furieux d&#8217;armes \u00e0 cha\u00eenes hurlantes, chacune d&#8217;entre elles \u00e9tant suffisamment puissante pour trancher sans effort des membres, des cous et de lourdes plaques d&#8217;armure.  <\/p>\n<p>Ce kit plastique en plusieurs parties contient tout ce qu&#8217;il faut pour construire 10 Berserkers de Khorne &#8211; des b\u00e9liers transhumains dont la t\u00eate est remplie de clous de boucher enflamm\u00e9s par la col\u00e8re. Chacun de ces guerriers porte une lame de cha\u00eene de berserker, y compris des haches \u00e0 cha\u00eene et des \u00e9p\u00e9es \u00e0 cha\u00eene, ainsi qu&#8217;un pistolet bolt. Ce kit contient suffisamment d&#8217;\u00e9l\u00e9ments pour \u00e9quiper jusqu&#8217;\u00e0 deux Berserkers avec d&#8217;\u00e9normes \u00e9visc\u00e9rateurs Blutgott, deux autres avec des pistolets \u00e0 plasma et un avec une ic\u00f4ne de Berserker \u00e0 t\u00eate de cr\u00e2ne. Vous pouvez \u00e9galement construire un champion berserker, pour lequel une t\u00eate suppl\u00e9mentaire et d&#8217;autres options d&#8217;armure d&#8217;\u00e9paule sont incluses, et qui peut \u00eatre arm\u00e9 de son propre pistolet \u00e0 plasma.   <\/p>\n<p>Ce kit regorge d&#8217;options d&#8217;assemblage, y compris des modules dorsaux, des armures d&#8217;\u00e9paule avec des d\u00e9tails mod\u00e9lis\u00e9s et 26 t\u00eates uniques, dont la moiti\u00e9 porte un casque et l&#8217;autre non. Vous vous assurez ainsi que chaque berserker de votre troupe de guerriers World Eaters reste unique. <\/p>\n<p>Ce kit comprend 141 pi\u00e8ces en plastique et 10 bases rondes Citadel (32 mm). Il comprend \u00e9galement une planche de d\u00e9calcomanies World Eaters de 200 d\u00e9calcomanies repr\u00e9sentant des symboles khornitiques, des tatouages runiques, des \u00e9toiles \u00e0 huit branches, des cr\u00e2nes et des variantes du symbole de l\u00e9gion World Eaters. Ces miniatures sont livr\u00e9es non peintes et doivent \u00eatre assembl\u00e9es &#8211; nous recommandons pour cela d&#8217;utiliser de la colle pour plastique Citadel et des peintures Citadel Color.  <\/p>\n","protected":false},"excerpt":{"rendered":"<p>Les berserkers de Khorne appr\u00e9cient leur r\u00f4le de destructeurs b\u00e9nis au service du dieu du sang et leur fanatisme est<\/p>\n","protected":false},"featured_media":105620,"comment_status":"open","ping_status":"closed","template":"","meta":{"_acf_changed":false},"product_brand":[5078,5154],"product_cat":[9925,9927],"product_tag":[],"class_list":{"0":"post-325202","1":"product","2":"type-product","3":"status-publish","4":"has-post-thumbnail","6":"product_brand-games-workshop","7":"product_brand-warhammer","8":"product_cat-tabletop-fr","9":"product_cat-warhammer-40k-fr","11":"first","12":"instock","13":"taxable","14":"shipping-taxable","15":"purchasable","16":"product-type-simple"},"acf":[],"yoast_head":"<!-- This site is optimized with the Yoast SEO plugin v27.4 - https:\/\/yoast.com\/product\/yoast-seo-wordpress\/ -->\n<title>Ach\u00e8te Warhammer 40.000 - World : Eaters : Berzerkers de Khorne<\/title>\n<meta name=\"description\" content=\"Ach\u00e8te Warhammer 40.000 - World : Eaters : Berzerkers de Khorne en ligne maintenant \u00e0 petit prix! Ton #1 shop pour cartes TCG &amp; Pok\u00e9mon en Suisse \u2713 Livraison gratuite d\u00e8s CHF 29\" \/>\n<meta name=\"robots\" content=\"index, follow, max-snippet:-1, max-image-preview:large, max-video-preview:-1\" \/>\n<link rel=\"canonical\" href=\"https:\/\/theuncommonshop.ch\/fr\/product\/warhammer-40-000-world-eaters-khorne-berzerkers-2\/\" \/>\n<meta property=\"og:locale\" content=\"fr_FR\" \/>\n<meta property=\"og:type\" content=\"article\" \/>\n<meta property=\"og:title\" content=\"Ach\u00e8te Warhammer 40.000 - World : Eaters : Berzerkers de Khorne\" \/>\n<meta property=\"og:description\" content=\"Ach\u00e8te Warhammer 40.000 - World : Eaters : Berzerkers de Khorne en ligne maintenant \u00e0 petit prix! Ton #1 shop pour cartes TCG &amp; Pok\u00e9mon en Suisse \u2713 Livraison gratuite d\u00e8s CHF 29\" \/>\n<meta property=\"og:url\" content=\"https:\/\/theuncommonshop.ch\/fr\/product\/warhammer-40-000-world-eaters-khorne-berzerkers-2\/\" \/>\n<meta property=\"og:site_name\" content=\"The Uncommon Shop\" \/>\n<meta property=\"article:modified_time\" content=\"2026-03-28T16:59:59+00:00\" \/>\n<meta property=\"og:image\" content=\"https:\/\/theuncommonshop.ch\/wp-content\/uploads\/2025\/06\/4048098985.jpg\" \/>\n\t<meta property=\"og:image:width\" content=\"918\" \/>\n\t<meta property=\"og:image:height\" content=\"948\" \/>\n\t<meta property=\"og:image:type\" content=\"image\/jpeg\" \/>\n<meta name=\"twitter:card\" content=\"summary_large_image\" \/>\n<meta name=\"twitter:label1\" content=\"Prix\" \/>\n\t<meta name=\"twitter:data1\" content=\"&#067;&#072;&#070;&nbsp;49.95\" \/>\n\t<meta name=\"twitter:label2\" content=\"Disponibilit\u00e9\" \/>\n\t<meta name=\"twitter:data2\" content=\"En stock\" \/>\n<script type=\"application\/ld+json\" class=\"yoast-schema-graph\">{\"@context\":\"https:\\\/\\\/schema.org\",\"@graph\":[{\"@type\":\"WebPage\",\"@id\":\"https:\\\/\\\/theuncommonshop.ch\\\/fr\\\/product\\\/warhammer-40-000-world-eaters-khorne-berzerkers-2\\\/\",\"url\":\"https:\\\/\\\/theuncommonshop.ch\\\/fr\\\/product\\\/warhammer-40-000-world-eaters-khorne-berzerkers-2\\\/\",\"name\":\"Ach\u00e8te Warhammer 40.000 - World : Eaters : Berzerkers de Khorne\",\"isPartOf\":{\"@id\":\"https:\\\/\\\/theuncommonshop.ch\\\/fr\\\/#website\"},\"primaryImageOfPage\":{\"@id\":\"https:\\\/\\\/theuncommonshop.ch\\\/fr\\\/product\\\/warhammer-40-000-world-eaters-khorne-berzerkers-2\\\/#primaryimage\"},\"image\":{\"@id\":\"https:\\\/\\\/theuncommonshop.ch\\\/fr\\\/product\\\/warhammer-40-000-world-eaters-khorne-berzerkers-2\\\/#primaryimage\"},\"thumbnailUrl\":\"https:\\\/\\\/theuncommonshop.ch\\\/wp-content\\\/uploads\\\/2025\\\/06\\\/4048098985.jpg\",\"datePublished\":\"2025-06-04T07:54:57+00:00\",\"dateModified\":\"2026-03-28T16:59:59+00:00\",\"description\":\"Ach\u00e8te Warhammer 40.000 - World : Eaters : Berzerkers de Khorne en ligne maintenant \u00e0 petit prix! Ton #1 shop pour cartes TCG & Pok\u00e9mon en Suisse \u2713 Livraison gratuite d\u00e8s CHF 29\",\"breadcrumb\":{\"@id\":\"https:\\\/\\\/theuncommonshop.ch\\\/fr\\\/product\\\/warhammer-40-000-world-eaters-khorne-berzerkers-2\\\/#breadcrumb\"},\"inLanguage\":\"fr-FR\",\"potentialAction\":[{\"@type\":\"ReadAction\",\"target\":[\"https:\\\/\\\/theuncommonshop.ch\\\/fr\\\/product\\\/warhammer-40-000-world-eaters-khorne-berzerkers-2\\\/\"]}]},{\"@type\":\"ImageObject\",\"inLanguage\":\"fr-FR\",\"@id\":\"https:\\\/\\\/theuncommonshop.ch\\\/fr\\\/product\\\/warhammer-40-000-world-eaters-khorne-berzerkers-2\\\/#primaryimage\",\"url\":\"https:\\\/\\\/theuncommonshop.ch\\\/wp-content\\\/uploads\\\/2025\\\/06\\\/4048098985.jpg\",\"contentUrl\":\"https:\\\/\\\/theuncommonshop.ch\\\/wp-content\\\/uploads\\\/2025\\\/06\\\/4048098985.jpg\",\"width\":918,\"height\":948},{\"@type\":\"BreadcrumbList\",\"@id\":\"https:\\\/\\\/theuncommonshop.ch\\\/fr\\\/product\\\/warhammer-40-000-world-eaters-khorne-berzerkers-2\\\/#breadcrumb\",\"itemListElement\":[{\"@type\":\"ListItem\",\"position\":1,\"name\":\"Accueil\",\"item\":\"https:\\\/\\\/theuncommonshop.ch\\\/fr\\\/accueil\\\/\"},{\"@type\":\"ListItem\",\"position\":2,\"name\":\"Boutique\",\"item\":\"https:\\\/\\\/theuncommonshop.ch\\\/fr\\\/boutique\\\/\"},{\"@type\":\"ListItem\",\"position\":3,\"name\":\"Tabletop\",\"item\":\"https:\\\/\\\/theuncommonshop.ch\\\/fr\\\/categorie-produit\\\/tabletop-fr\\\/\"},{\"@type\":\"ListItem\",\"position\":4,\"name\":\"Warhammer 40k\",\"item\":\"https:\\\/\\\/theuncommonshop.ch\\\/fr\\\/categorie-produit\\\/tabletop-fr\\\/warhammer-40k-fr\\\/\"},{\"@type\":\"ListItem\",\"position\":5,\"name\":\"Warhammer 40.000 &#8211; World : Eaters : Berzerkers de Khorne\"}]},{\"@type\":\"WebSite\",\"@id\":\"https:\\\/\\\/theuncommonshop.ch\\\/fr\\\/#website\",\"url\":\"https:\\\/\\\/theuncommonshop.ch\\\/fr\\\/\",\"name\":\"The Uncommon Shop\",\"description\":\"Magic, Pok\u00e9mon and Yu-gi-oh - The Uncommon Shop\",\"potentialAction\":[{\"@type\":\"SearchAction\",\"target\":{\"@type\":\"EntryPoint\",\"urlTemplate\":\"https:\\\/\\\/theuncommonshop.ch\\\/fr\\\/?s={search_term_string}\"},\"query-input\":{\"@type\":\"PropertyValueSpecification\",\"valueRequired\":true,\"valueName\":\"search_term_string\"}}],\"inLanguage\":\"fr-FR\"}]}<\/script>\n<meta property=\"product:price:amount\" content=\"49.95\" \/>\n<meta property=\"product:price:currency\" content=\"CHF\" \/>\n<meta property=\"og:availability\" content=\"instock\" \/>\n<meta property=\"product:availability\" content=\"instock\" \/>\n<meta property=\"product:retailer_item_id\" content=\"WHWorEatKhoBer\" \/>\n<meta property=\"product:condition\" content=\"new\" \/>\n<!-- \/ Yoast SEO plugin. -->","yoast_head_json":{"title":"Ach\u00e8te Warhammer 40.000 - World : Eaters : Berzerkers de Khorne","description":"Ach\u00e8te Warhammer 40.000 - World : Eaters : Berzerkers de Khorne en ligne maintenant \u00e0 petit prix! Ton #1 shop pour cartes TCG & Pok\u00e9mon en Suisse \u2713 Livraison gratuite d\u00e8s CHF 29","robots":{"index":"index","follow":"follow","max-snippet":"max-snippet:-1","max-image-preview":"max-image-preview:large","max-video-preview":"max-video-preview:-1"},"canonical":"https:\/\/theuncommonshop.ch\/fr\/product\/warhammer-40-000-world-eaters-khorne-berzerkers-2\/","og_locale":"fr_FR","og_type":"article","og_title":"Ach\u00e8te Warhammer 40.000 - World : Eaters : Berzerkers de Khorne","og_description":"Ach\u00e8te Warhammer 40.000 - World : Eaters : Berzerkers de Khorne en ligne maintenant \u00e0 petit prix! Ton #1 shop pour cartes TCG & Pok\u00e9mon en Suisse \u2713 Livraison gratuite d\u00e8s CHF 29","og_url":"https:\/\/theuncommonshop.ch\/fr\/product\/warhammer-40-000-world-eaters-khorne-berzerkers-2\/","og_site_name":"The Uncommon Shop","article_modified_time":"2026-03-28T16:59:59+00:00","og_image":[{"width":918,"height":948,"url":"https:\/\/theuncommonshop.ch\/wp-content\/uploads\/2025\/06\/4048098985.jpg","type":"image\/jpeg"}],"twitter_card":"summary_large_image","twitter_misc":{"Prix":"&#67;&#72;&#70;&nbsp;49.95","Disponibilit\u00e9":"En stock"},"schema":{"@context":"https:\/\/schema.org","@graph":[{"@type":"WebPage","@id":"https:\/\/theuncommonshop.ch\/fr\/product\/warhammer-40-000-world-eaters-khorne-berzerkers-2\/","url":"https:\/\/theuncommonshop.ch\/fr\/product\/warhammer-40-000-world-eaters-khorne-berzerkers-2\/","name":"Ach\u00e8te Warhammer 40.000 - World : Eaters : Berzerkers de Khorne","isPartOf":{"@id":"https:\/\/theuncommonshop.ch\/fr\/#website"},"primaryImageOfPage":{"@id":"https:\/\/theuncommonshop.ch\/fr\/product\/warhammer-40-000-world-eaters-khorne-berzerkers-2\/#primaryimage"},"image":{"@id":"https:\/\/theuncommonshop.ch\/fr\/product\/warhammer-40-000-world-eaters-khorne-berzerkers-2\/#primaryimage"},"thumbnailUrl":"https:\/\/theuncommonshop.ch\/wp-content\/uploads\/2025\/06\/4048098985.jpg","datePublished":"2025-06-04T07:54:57+00:00","dateModified":"2026-03-28T16:59:59+00:00","description":"Ach\u00e8te Warhammer 40.000 - World : Eaters : Berzerkers de Khorne en ligne maintenant \u00e0 petit prix! Ton #1 shop pour cartes TCG & Pok\u00e9mon en Suisse \u2713 Livraison gratuite d\u00e8s CHF 29","breadcrumb":{"@id":"https:\/\/theuncommonshop.ch\/fr\/product\/warhammer-40-000-world-eaters-khorne-berzerkers-2\/#breadcrumb"},"inLanguage":"fr-FR","potentialAction":[{"@type":"ReadAction","target":["https:\/\/theuncommonshop.ch\/fr\/product\/warhammer-40-000-world-eaters-khorne-berzerkers-2\/"]}]},{"@type":"ImageObject","inLanguage":"fr-FR","@id":"https:\/\/theuncommonshop.ch\/fr\/product\/warhammer-40-000-world-eaters-khorne-berzerkers-2\/#primaryimage","url":"https:\/\/theuncommonshop.ch\/wp-content\/uploads\/2025\/06\/4048098985.jpg","contentUrl":"https:\/\/theuncommonshop.ch\/wp-content\/uploads\/2025\/06\/4048098985.jpg","width":918,"height":948},{"@type":"BreadcrumbList","@id":"https:\/\/theuncommonshop.ch\/fr\/product\/warhammer-40-000-world-eaters-khorne-berzerkers-2\/#breadcrumb","itemListElement":[{"@type":"ListItem","position":1,"name":"Accueil","item":"https:\/\/theuncommonshop.ch\/fr\/accueil\/"},{"@type":"ListItem","position":2,"name":"Boutique","item":"https:\/\/theuncommonshop.ch\/fr\/boutique\/"},{"@type":"ListItem","position":3,"name":"Tabletop","item":"https:\/\/theuncommonshop.ch\/fr\/categorie-produit\/tabletop-fr\/"},{"@type":"ListItem","position":4,"name":"Warhammer 40k","item":"https:\/\/theuncommonshop.ch\/fr\/categorie-produit\/tabletop-fr\/warhammer-40k-fr\/"},{"@type":"ListItem","position":5,"name":"Warhammer 40.000 &#8211; World : Eaters : Berzerkers de Khorne"}]},{"@type":"WebSite","@id":"https:\/\/theuncommonshop.ch\/fr\/#website","url":"https:\/\/theuncommonshop.ch\/fr\/","name":"The Uncommon Shop","description":"Magic, Pok\u00e9mon and Yu-gi-oh - The Uncommon Shop","potentialAction":[{"@type":"SearchAction","target":{"@type":"EntryPoint","urlTemplate":"https:\/\/theuncommonshop.ch\/fr\/?s={search_term_string}"},"query-input":{"@type":"PropertyValueSpecification","valueRequired":true,"valueName":"search_term_string"}}],"inLanguage":"fr-FR"}]},"product_price_amount":"49.95","product_price_currency":"CHF","og_availability":"instock","product_availability":"instock","product_retailer_item_id":"WHWorEatKhoBer","product_condition":"new"},"_links":{"self":[{"href":"https:\/\/theuncommonshop.ch\/fr\/wp-json\/wp\/v2\/product\/325202","targetHints":{"allow":["GET"]}}],"collection":[{"href":"https:\/\/theuncommonshop.ch\/fr\/wp-json\/wp\/v2\/product"}],"about":[{"href":"https:\/\/theuncommonshop.ch\/fr\/wp-json\/wp\/v2\/types\/product"}],"replies":[{"embeddable":true,"href":"https:\/\/theuncommonshop.ch\/fr\/wp-json\/wp\/v2\/comments?post=325202"}],"version-history":[{"count":0,"href":"https:\/\/theuncommonshop.ch\/fr\/wp-json\/wp\/v2\/product\/325202\/revisions"}],"wp:featuredmedia":[{"embeddable":true,"href":"https:\/\/theuncommonshop.ch\/fr\/wp-json\/wp\/v2\/media\/105620"}],"wp:attachment":[{"href":"https:\/\/theuncommonshop.ch\/fr\/wp-json\/wp\/v2\/media?parent=325202"}],"wp:term":[{"taxonomy":"product_brand","embeddable":true,"href":"https:\/\/theuncommonshop.ch\/fr\/wp-json\/wp\/v2\/product_brand?post=325202"},{"taxonomy":"product_cat","embeddable":true,"href":"https:\/\/theuncommonshop.ch\/fr\/wp-json\/wp\/v2\/product_cat?post=325202"},{"taxonomy":"product_tag","embeddable":true,"href":"https:\/\/theuncommonshop.ch\/fr\/wp-json\/wp\/v2\/product_tag?post=325202"}],"curies":[{"name":"wp","href":"https:\/\/api.w.org\/{rel}","templated":true}]}}