{"id":325200,"date":"2025-06-04T07:52:47","date_gmt":"2025-06-04T07:52:47","guid":{"rendered":"http:\/\/theuncommonshop.ch\/produkt\/325200\/"},"modified":"2026-03-28T18:02:12","modified_gmt":"2026-03-28T17:02:12","slug":"warhammer-40-000-chaos-space-marines-chaos-terminator-squad-2","status":"publish","type":"product","link":"https:\/\/theuncommonshop.ch\/fr\/product\/warhammer-40-000-chaos-space-marines-chaos-terminator-squad-2\/","title":{"rendered":"Warhammer 40.000 &#8211; Chaos Space Marines : Chaos Terminator Squad"},"content":{"rendered":"<p>Les Terminators du Chaos sont des v\u00e9t\u00e9rans lourdement arm\u00e9s, rev\u00eatus d&#8217;anciennes armures corrompues &#8211; ou fusionn\u00e9s avec elles. Chacun de ces combattants d&#8217;\u00e9lite meurtriers ressemble \u00e0 un char d&#8217;assaut ambulant et patauge \u00e0 travers les salves ennemies vaines pour abattre les d\u00e9fenseurs malchanceux. Ils disposent d&#8217;un arsenal tri\u00e9 sur le volet de puissance de feu et d&#8217;armes brutales et d\u00e9chirent les troupes et les v\u00e9hicules \u00e0 la t\u00eate de la troupe de leur ma\u00eetre.  <\/p>\n<p><br style=\"background-color: initial;\">Ce kit en plastique en plusieurs parties vous permet de construire une escouade de cinq Chaosterminators. Chacun de ces guerriers g\u00e9ants est arm\u00e9 d&#8217;un bolter combin\u00e9 &#8211; dont deux peuvent \u00eatre am\u00e9lior\u00e9s en lance-flammes combin\u00e9, deux en m\u00e9langeurs combin\u00e9s et un en lance-plasma combin\u00e9 &#8211; et d&#8217;une arme de m\u00eal\u00e9e. Ce kit contient trois poings \u00e9nerg\u00e9tiques, un poing en cha\u00eene qui d\u00e9coupe le blindage et plusieurs armes maudites sous la forme de haches, d&#8217;\u00e9p\u00e9es et d&#8217;une massue, ainsi que deux griffes \u00e9nerg\u00e9tiques qui peuvent \u00eatre port\u00e9es seules ou en paire. Il contient \u00e9galement deux armes lourdes au choix &#8211; un lance-flammes lourd ou un canon-machine de faucheur \u00e0 longue port\u00e9e.   <br style=\"background-color: initial;\"><br style=\"background-color: initial;\">En plus de cette armurerie compl\u00e8te, ce kit hautement personnalisable offre des options interchangeables et cosm\u00e9tiques &#8211; y compris 10 t\u00eates diff\u00e9rentes ainsi que des barres de troph\u00e9es et des armures d&#8217;\u00e9paule.<br style=\"background-color: initial;\"><br style=\"background-color: initial;\">Ce kit se compose de 82 pi\u00e8ces en plastique et comprend cinq bases rondes Citadel (40 mm) ainsi qu&#8217;une planche de d\u00e9calcomanies des Chaos Space Marines avec 364 symboles du Chaos et signes des l\u00e9gions. Ces miniatures ne sont pas peintes et doivent \u00eatre assembl\u00e9es &#8211; nous vous recommandons d&#8217;utiliser de la colle \u00e0 plastique Citadel et de la peinture Citadel Colour.<\/p>\n","protected":false},"excerpt":{"rendered":"<p>Les Terminators du Chaos sont des v\u00e9t\u00e9rans lourdement arm\u00e9s, rev\u00eatus d&#8217;anciennes armures corrompues &#8211; ou fusionn\u00e9s avec elles. Chacun de<\/p>\n","protected":false},"featured_media":105582,"comment_status":"open","ping_status":"closed","template":"","meta":{"_acf_changed":false},"product_brand":[5078,5154],"product_cat":[9925,9927],"product_tag":[],"class_list":{"0":"post-325200","1":"product","2":"type-product","3":"status-publish","4":"has-post-thumbnail","6":"product_brand-games-workshop","7":"product_brand-warhammer","8":"product_cat-tabletop-fr","9":"product_cat-warhammer-40k-fr","11":"first","12":"instock","13":"taxable","14":"shipping-taxable","15":"purchasable","16":"product-type-simple"},"acf":[],"yoast_head":"<!-- This site is optimized with the Yoast SEO plugin v27.5 - https:\/\/yoast.com\/product\/yoast-seo-wordpress\/ -->\n<title>Ach\u00e8te Warhammer 40.000 - Chaos Space Marines : Chaos Terminator Squad<\/title>\n<meta name=\"description\" content=\"Ach\u00e8te Warhammer 40.000 - Chaos Space Marines : Chaos Terminator Squad en ligne maintenant \u00e0 petit prix! Ton #1 shop pour cartes TCG &amp; Pok\u00e9mon en Suisse \u2713 Livraison gratuite d\u00e8s CHF 29\" \/>\n<meta name=\"robots\" content=\"index, follow, max-snippet:-1, max-image-preview:large, max-video-preview:-1\" \/>\n<link rel=\"canonical\" href=\"https:\/\/theuncommonshop.ch\/fr\/product\/warhammer-40-000-chaos-space-marines-chaos-terminator-squad-2\/\" \/>\n<meta property=\"og:locale\" content=\"fr_FR\" \/>\n<meta property=\"og:type\" content=\"article\" \/>\n<meta property=\"og:title\" content=\"Ach\u00e8te Warhammer 40.000 - Chaos Space Marines : Chaos Terminator Squad\" \/>\n<meta property=\"og:description\" content=\"Ach\u00e8te Warhammer 40.000 - Chaos Space Marines : Chaos Terminator Squad en ligne maintenant \u00e0 petit prix! Ton #1 shop pour cartes TCG &amp; Pok\u00e9mon en Suisse \u2713 Livraison gratuite d\u00e8s CHF 29\" \/>\n<meta property=\"og:url\" content=\"https:\/\/theuncommonshop.ch\/fr\/product\/warhammer-40-000-chaos-space-marines-chaos-terminator-squad-2\/\" \/>\n<meta property=\"og:site_name\" content=\"The Uncommon Shop\" \/>\n<meta property=\"article:modified_time\" content=\"2026-03-28T17:02:12+00:00\" \/>\n<meta property=\"og:image\" content=\"https:\/\/theuncommonshop.ch\/wp-content\/uploads\/2025\/06\/4048074704.jpg\" \/>\n\t<meta property=\"og:image:width\" content=\"918\" \/>\n\t<meta property=\"og:image:height\" content=\"948\" \/>\n\t<meta property=\"og:image:type\" content=\"image\/jpeg\" \/>\n<meta name=\"twitter:card\" content=\"summary_large_image\" \/>\n<meta name=\"twitter:label1\" content=\"Prix\" \/>\n\t<meta name=\"twitter:data1\" content=\"&#067;&#072;&#070;&nbsp;44.95\" \/>\n\t<meta name=\"twitter:label2\" content=\"Disponibilit\u00e9\" \/>\n\t<meta name=\"twitter:data2\" content=\"En stock\" \/>\n<script type=\"application\/ld+json\" class=\"yoast-schema-graph\">{\"@context\":\"https:\\\/\\\/schema.org\",\"@graph\":[{\"@type\":\"WebPage\",\"@id\":\"https:\\\/\\\/theuncommonshop.ch\\\/fr\\\/product\\\/warhammer-40-000-chaos-space-marines-chaos-terminator-squad-2\\\/\",\"url\":\"https:\\\/\\\/theuncommonshop.ch\\\/fr\\\/product\\\/warhammer-40-000-chaos-space-marines-chaos-terminator-squad-2\\\/\",\"name\":\"Ach\u00e8te Warhammer 40.000 - Chaos Space Marines : Chaos Terminator Squad\",\"isPartOf\":{\"@id\":\"https:\\\/\\\/theuncommonshop.ch\\\/fr\\\/#website\"},\"primaryImageOfPage\":{\"@id\":\"https:\\\/\\\/theuncommonshop.ch\\\/fr\\\/product\\\/warhammer-40-000-chaos-space-marines-chaos-terminator-squad-2\\\/#primaryimage\"},\"image\":{\"@id\":\"https:\\\/\\\/theuncommonshop.ch\\\/fr\\\/product\\\/warhammer-40-000-chaos-space-marines-chaos-terminator-squad-2\\\/#primaryimage\"},\"thumbnailUrl\":\"https:\\\/\\\/theuncommonshop.ch\\\/wp-content\\\/uploads\\\/2025\\\/06\\\/4048074704.jpg\",\"datePublished\":\"2025-06-04T07:52:47+00:00\",\"dateModified\":\"2026-03-28T17:02:12+00:00\",\"description\":\"Ach\u00e8te Warhammer 40.000 - Chaos Space Marines : Chaos Terminator Squad en ligne maintenant \u00e0 petit prix! Ton #1 shop pour cartes TCG & Pok\u00e9mon en Suisse \u2713 Livraison gratuite d\u00e8s CHF 29\",\"breadcrumb\":{\"@id\":\"https:\\\/\\\/theuncommonshop.ch\\\/fr\\\/product\\\/warhammer-40-000-chaos-space-marines-chaos-terminator-squad-2\\\/#breadcrumb\"},\"inLanguage\":\"fr-FR\",\"potentialAction\":[{\"@type\":\"ReadAction\",\"target\":[\"https:\\\/\\\/theuncommonshop.ch\\\/fr\\\/product\\\/warhammer-40-000-chaos-space-marines-chaos-terminator-squad-2\\\/\"]}]},{\"@type\":\"ImageObject\",\"inLanguage\":\"fr-FR\",\"@id\":\"https:\\\/\\\/theuncommonshop.ch\\\/fr\\\/product\\\/warhammer-40-000-chaos-space-marines-chaos-terminator-squad-2\\\/#primaryimage\",\"url\":\"https:\\\/\\\/theuncommonshop.ch\\\/wp-content\\\/uploads\\\/2025\\\/06\\\/4048074704.jpg\",\"contentUrl\":\"https:\\\/\\\/theuncommonshop.ch\\\/wp-content\\\/uploads\\\/2025\\\/06\\\/4048074704.jpg\",\"width\":918,\"height\":948},{\"@type\":\"BreadcrumbList\",\"@id\":\"https:\\\/\\\/theuncommonshop.ch\\\/fr\\\/product\\\/warhammer-40-000-chaos-space-marines-chaos-terminator-squad-2\\\/#breadcrumb\",\"itemListElement\":[{\"@type\":\"ListItem\",\"position\":1,\"name\":\"Accueil\",\"item\":\"https:\\\/\\\/theuncommonshop.ch\\\/fr\\\/accueil\\\/\"},{\"@type\":\"ListItem\",\"position\":2,\"name\":\"Boutique\",\"item\":\"https:\\\/\\\/theuncommonshop.ch\\\/fr\\\/boutique\\\/\"},{\"@type\":\"ListItem\",\"position\":3,\"name\":\"Tabletop\",\"item\":\"https:\\\/\\\/theuncommonshop.ch\\\/fr\\\/categorie-produit\\\/tabletop-fr\\\/\"},{\"@type\":\"ListItem\",\"position\":4,\"name\":\"Warhammer 40k\",\"item\":\"https:\\\/\\\/theuncommonshop.ch\\\/fr\\\/categorie-produit\\\/tabletop-fr\\\/warhammer-40k-fr\\\/\"},{\"@type\":\"ListItem\",\"position\":5,\"name\":\"Warhammer 40.000 &#8211; Chaos Space Marines : Chaos Terminator Squad\"}]},{\"@type\":\"WebSite\",\"@id\":\"https:\\\/\\\/theuncommonshop.ch\\\/fr\\\/#website\",\"url\":\"https:\\\/\\\/theuncommonshop.ch\\\/fr\\\/\",\"name\":\"The Uncommon Shop\",\"description\":\"Magic, Pok\u00e9mon and Yu-gi-oh - The Uncommon Shop\",\"potentialAction\":[{\"@type\":\"SearchAction\",\"target\":{\"@type\":\"EntryPoint\",\"urlTemplate\":\"https:\\\/\\\/theuncommonshop.ch\\\/fr\\\/?s={search_term_string}\"},\"query-input\":{\"@type\":\"PropertyValueSpecification\",\"valueRequired\":true,\"valueName\":\"search_term_string\"}}],\"inLanguage\":\"fr-FR\"}]}<\/script>\n<meta property=\"product:price:amount\" content=\"44.95\" \/>\n<meta property=\"product:price:currency\" content=\"CHF\" \/>\n<meta property=\"og:availability\" content=\"instock\" \/>\n<meta property=\"product:availability\" content=\"instock\" \/>\n<meta property=\"product:retailer_item_id\" content=\"WHChSpMaChaTerSqu\" \/>\n<meta property=\"product:condition\" content=\"new\" \/>\n<!-- \/ Yoast SEO plugin. -->","yoast_head_json":{"title":"Ach\u00e8te Warhammer 40.000 - Chaos Space Marines : Chaos Terminator Squad","description":"Ach\u00e8te Warhammer 40.000 - Chaos Space Marines : Chaos Terminator Squad en ligne maintenant \u00e0 petit prix! Ton #1 shop pour cartes TCG & Pok\u00e9mon en Suisse \u2713 Livraison gratuite d\u00e8s CHF 29","robots":{"index":"index","follow":"follow","max-snippet":"max-snippet:-1","max-image-preview":"max-image-preview:large","max-video-preview":"max-video-preview:-1"},"canonical":"https:\/\/theuncommonshop.ch\/fr\/product\/warhammer-40-000-chaos-space-marines-chaos-terminator-squad-2\/","og_locale":"fr_FR","og_type":"article","og_title":"Ach\u00e8te Warhammer 40.000 - Chaos Space Marines : Chaos Terminator Squad","og_description":"Ach\u00e8te Warhammer 40.000 - Chaos Space Marines : Chaos Terminator Squad en ligne maintenant \u00e0 petit prix! Ton #1 shop pour cartes TCG & Pok\u00e9mon en Suisse \u2713 Livraison gratuite d\u00e8s CHF 29","og_url":"https:\/\/theuncommonshop.ch\/fr\/product\/warhammer-40-000-chaos-space-marines-chaos-terminator-squad-2\/","og_site_name":"The Uncommon Shop","article_modified_time":"2026-03-28T17:02:12+00:00","og_image":[{"width":918,"height":948,"url":"https:\/\/theuncommonshop.ch\/wp-content\/uploads\/2025\/06\/4048074704.jpg","type":"image\/jpeg"}],"twitter_card":"summary_large_image","twitter_misc":{"Prix":"&#67;&#72;&#70;&nbsp;44.95","Disponibilit\u00e9":"En stock"},"schema":{"@context":"https:\/\/schema.org","@graph":[{"@type":"WebPage","@id":"https:\/\/theuncommonshop.ch\/fr\/product\/warhammer-40-000-chaos-space-marines-chaos-terminator-squad-2\/","url":"https:\/\/theuncommonshop.ch\/fr\/product\/warhammer-40-000-chaos-space-marines-chaos-terminator-squad-2\/","name":"Ach\u00e8te Warhammer 40.000 - Chaos Space Marines : Chaos Terminator Squad","isPartOf":{"@id":"https:\/\/theuncommonshop.ch\/fr\/#website"},"primaryImageOfPage":{"@id":"https:\/\/theuncommonshop.ch\/fr\/product\/warhammer-40-000-chaos-space-marines-chaos-terminator-squad-2\/#primaryimage"},"image":{"@id":"https:\/\/theuncommonshop.ch\/fr\/product\/warhammer-40-000-chaos-space-marines-chaos-terminator-squad-2\/#primaryimage"},"thumbnailUrl":"https:\/\/theuncommonshop.ch\/wp-content\/uploads\/2025\/06\/4048074704.jpg","datePublished":"2025-06-04T07:52:47+00:00","dateModified":"2026-03-28T17:02:12+00:00","description":"Ach\u00e8te Warhammer 40.000 - Chaos Space Marines : Chaos Terminator Squad en ligne maintenant \u00e0 petit prix! Ton #1 shop pour cartes TCG & Pok\u00e9mon en Suisse \u2713 Livraison gratuite d\u00e8s CHF 29","breadcrumb":{"@id":"https:\/\/theuncommonshop.ch\/fr\/product\/warhammer-40-000-chaos-space-marines-chaos-terminator-squad-2\/#breadcrumb"},"inLanguage":"fr-FR","potentialAction":[{"@type":"ReadAction","target":["https:\/\/theuncommonshop.ch\/fr\/product\/warhammer-40-000-chaos-space-marines-chaos-terminator-squad-2\/"]}]},{"@type":"ImageObject","inLanguage":"fr-FR","@id":"https:\/\/theuncommonshop.ch\/fr\/product\/warhammer-40-000-chaos-space-marines-chaos-terminator-squad-2\/#primaryimage","url":"https:\/\/theuncommonshop.ch\/wp-content\/uploads\/2025\/06\/4048074704.jpg","contentUrl":"https:\/\/theuncommonshop.ch\/wp-content\/uploads\/2025\/06\/4048074704.jpg","width":918,"height":948},{"@type":"BreadcrumbList","@id":"https:\/\/theuncommonshop.ch\/fr\/product\/warhammer-40-000-chaos-space-marines-chaos-terminator-squad-2\/#breadcrumb","itemListElement":[{"@type":"ListItem","position":1,"name":"Accueil","item":"https:\/\/theuncommonshop.ch\/fr\/accueil\/"},{"@type":"ListItem","position":2,"name":"Boutique","item":"https:\/\/theuncommonshop.ch\/fr\/boutique\/"},{"@type":"ListItem","position":3,"name":"Tabletop","item":"https:\/\/theuncommonshop.ch\/fr\/categorie-produit\/tabletop-fr\/"},{"@type":"ListItem","position":4,"name":"Warhammer 40k","item":"https:\/\/theuncommonshop.ch\/fr\/categorie-produit\/tabletop-fr\/warhammer-40k-fr\/"},{"@type":"ListItem","position":5,"name":"Warhammer 40.000 &#8211; Chaos Space Marines : Chaos Terminator Squad"}]},{"@type":"WebSite","@id":"https:\/\/theuncommonshop.ch\/fr\/#website","url":"https:\/\/theuncommonshop.ch\/fr\/","name":"The Uncommon Shop","description":"Magic, Pok\u00e9mon and Yu-gi-oh - The Uncommon Shop","potentialAction":[{"@type":"SearchAction","target":{"@type":"EntryPoint","urlTemplate":"https:\/\/theuncommonshop.ch\/fr\/?s={search_term_string}"},"query-input":{"@type":"PropertyValueSpecification","valueRequired":true,"valueName":"search_term_string"}}],"inLanguage":"fr-FR"}]},"product_price_amount":"44.95","product_price_currency":"CHF","og_availability":"instock","product_availability":"instock","product_retailer_item_id":"WHChSpMaChaTerSqu","product_condition":"new"},"_links":{"self":[{"href":"https:\/\/theuncommonshop.ch\/fr\/wp-json\/wp\/v2\/product\/325200","targetHints":{"allow":["GET"]}}],"collection":[{"href":"https:\/\/theuncommonshop.ch\/fr\/wp-json\/wp\/v2\/product"}],"about":[{"href":"https:\/\/theuncommonshop.ch\/fr\/wp-json\/wp\/v2\/types\/product"}],"replies":[{"embeddable":true,"href":"https:\/\/theuncommonshop.ch\/fr\/wp-json\/wp\/v2\/comments?post=325200"}],"version-history":[{"count":0,"href":"https:\/\/theuncommonshop.ch\/fr\/wp-json\/wp\/v2\/product\/325200\/revisions"}],"wp:featuredmedia":[{"embeddable":true,"href":"https:\/\/theuncommonshop.ch\/fr\/wp-json\/wp\/v2\/media\/105582"}],"wp:attachment":[{"href":"https:\/\/theuncommonshop.ch\/fr\/wp-json\/wp\/v2\/media?parent=325200"}],"wp:term":[{"taxonomy":"product_brand","embeddable":true,"href":"https:\/\/theuncommonshop.ch\/fr\/wp-json\/wp\/v2\/product_brand?post=325200"},{"taxonomy":"product_cat","embeddable":true,"href":"https:\/\/theuncommonshop.ch\/fr\/wp-json\/wp\/v2\/product_cat?post=325200"},{"taxonomy":"product_tag","embeddable":true,"href":"https:\/\/theuncommonshop.ch\/fr\/wp-json\/wp\/v2\/product_tag?post=325200"}],"curies":[{"name":"wp","href":"https:\/\/api.w.org\/{rel}","templated":true}]}}