{"id":325195,"date":"2025-06-04T07:54:21","date_gmt":"2025-06-04T07:54:21","guid":{"rendered":"http:\/\/theuncommonshop.ch\/produkt\/325195\/"},"modified":"2026-03-28T18:00:10","modified_gmt":"2026-03-28T17:00:10","slug":"warhammer-40-000-astra-militarum-cadian-shock-troops-2","status":"publish","type":"product","link":"https:\/\/theuncommonshop.ch\/fr\/product\/warhammer-40-000-astra-militarum-cadian-shock-troops-2\/","title":{"rendered":"Warhammer 40.000 &#8211; Astra Militarum : Cadian Shock Troops"},"content":{"rendered":"<div>Soldats n\u00e9s, les Shock Troops de Cadia sont entra\u00een\u00e9s pour le service militaire d\u00e8s qu&#8217;ils peuvent tenir un fusil. De longues ann\u00e9es d&#8217;entra\u00eenement rigoureux au tir ont fait d&#8217;eux des tireurs d&#8217;\u00e9lite exp\u00e9riment\u00e9s, aussi \u00e0 l&#8217;aise dans la d\u00e9fense acharn\u00e9e que dans l&#8217;assaut. Les troupes de choc cadiennes sont consid\u00e9r\u00e9es par beaucoup comme les soldats imp\u00e9riaux id\u00e9aux &#8211; d&#8217;innombrables r\u00e9giments ont \u00e9t\u00e9 cr\u00e9\u00e9s sur leur mod\u00e8le.  <\/div>\n<div>Ce kit plastique en plusieurs parties contient 10 troupes de choc cadianes, qui constituent le noyau de nombreux r\u00e9giments Astra Militarum. Chaque Shock Trooper est arm\u00e9 de grenades \u00e0 fragmentation et d&#8217;un pistolet laser fiable, et est dirig\u00e9 par un sergent arm\u00e9 soit d&#8217;un autogun aliment\u00e9 par un tambour, soit d&#8217;une \u00e9p\u00e9e \u00e0 cha\u00eene avec un pistolet laser ou un pistolet \u00e0 goujon. Le kit comprend \u00e9galement une s\u00e9rie d&#8217;armes sp\u00e9ciales pour \u00e9quiper vos Shock Troopers &#8211; un Flamer, un lance-grenades, un Meltagun et un canon \u00e0 plasma &#8211; ainsi qu&#8217;un Vox-Caster pour communiquer sur le champ de bataille.  <\/div>\n<div>Vous trouverez \u00e9galement de nombreuses options cosm\u00e9tiques pour faire en sorte qu&#8217;aucune escouade de Shock Troopers ne ressemble \u00e0 une autre, notamment diff\u00e9rentes poses, plus de 20 t\u00eates diff\u00e9rentes, des sacs de sable, des couteaux de combat, une b\u00eache, un casque de rechange et de nombreux rouleaux de lit.<\/div>\n<div>Ce kit est compos\u00e9 de 131 pi\u00e8ces en plastique et est livr\u00e9 avec 10 bases rondes Citadel 25mm. Il comprend \u00e9galement une feuille de transfert d&#8217;infanterie cadiane avec 597 d\u00e9calcomanies avec des chiffres, des marquages de troupes et l&#8217;h\u00e9raldique du r\u00e9giment cadian. Les miniatures sont livr\u00e9es non peintes et doivent \u00eatre assembl\u00e9es &#8211; nous recommandons l&#8217;utilisation de Citadel Plastic Glue et de Citadel Colour Paints.  <\/div>\n","protected":false},"excerpt":{"rendered":"<p>Soldats n\u00e9s, les Shock Troops de Cadia sont entra\u00een\u00e9s pour le service militaire d\u00e8s qu&#8217;ils peuvent tenir un fusil. De<\/p>\n","protected":false},"featured_media":105609,"comment_status":"open","ping_status":"closed","template":"","meta":{"_acf_changed":false},"product_brand":[5078,5154],"product_cat":[9925,9927],"product_tag":[],"class_list":{"0":"post-325195","1":"product","2":"type-product","3":"status-publish","4":"has-post-thumbnail","6":"product_brand-games-workshop","7":"product_brand-warhammer","8":"product_cat-tabletop-fr","9":"product_cat-warhammer-40k-fr","11":"first","12":"instock","13":"taxable","14":"shipping-taxable","15":"purchasable","16":"product-type-simple"},"acf":[],"yoast_head":"<!-- This site is optimized with the Yoast SEO plugin v27.4 - https:\/\/yoast.com\/product\/yoast-seo-wordpress\/ -->\n<title>Ach\u00e8te Warhammer 40.000 - Astra Militarum : Cadian Shock Troops<\/title>\n<meta name=\"description\" content=\"Ach\u00e8te Warhammer 40.000 - Astra Militarum : Cadian Shock Troops en ligne maintenant \u00e0 petit prix! Ton #1 shop pour cartes TCG &amp; Pok\u00e9mon en Suisse \u2713 Livraison gratuite d\u00e8s CHF 29\" \/>\n<meta name=\"robots\" content=\"index, follow, max-snippet:-1, max-image-preview:large, max-video-preview:-1\" \/>\n<link rel=\"canonical\" href=\"https:\/\/theuncommonshop.ch\/fr\/product\/warhammer-40-000-astra-militarum-cadian-shock-troops-2\/\" \/>\n<meta property=\"og:locale\" content=\"fr_FR\" \/>\n<meta property=\"og:type\" content=\"article\" \/>\n<meta property=\"og:title\" content=\"Ach\u00e8te Warhammer 40.000 - Astra Militarum : Cadian Shock Troops\" \/>\n<meta property=\"og:description\" content=\"Ach\u00e8te Warhammer 40.000 - Astra Militarum : Cadian Shock Troops en ligne maintenant \u00e0 petit prix! Ton #1 shop pour cartes TCG &amp; Pok\u00e9mon en Suisse \u2713 Livraison gratuite d\u00e8s CHF 29\" \/>\n<meta property=\"og:url\" content=\"https:\/\/theuncommonshop.ch\/fr\/product\/warhammer-40-000-astra-militarum-cadian-shock-troops-2\/\" \/>\n<meta property=\"og:site_name\" content=\"Largest trading card shop in Switzerland\" \/>\n<meta property=\"article:modified_time\" content=\"2026-03-28T17:00:10+00:00\" \/>\n<meta property=\"og:image\" content=\"https:\/\/theuncommonshop.ch\/wp-content\/uploads\/2025\/06\/4048096406.jpg\" \/>\n\t<meta property=\"og:image:width\" content=\"918\" \/>\n\t<meta property=\"og:image:height\" content=\"948\" \/>\n\t<meta property=\"og:image:type\" content=\"image\/jpeg\" \/>\n<meta name=\"twitter:card\" content=\"summary_large_image\" \/>\n<meta name=\"twitter:label1\" content=\"Prix\" \/>\n\t<meta name=\"twitter:data1\" content=\"&#067;&#072;&#070;&nbsp;44.95\" \/>\n\t<meta name=\"twitter:label2\" content=\"Disponibilit\u00e9\" \/>\n\t<meta name=\"twitter:data2\" content=\"En stock\" \/>\n<script type=\"application\/ld+json\" class=\"yoast-schema-graph\">{\"@context\":\"https:\\\/\\\/schema.org\",\"@graph\":[{\"@type\":\"WebPage\",\"@id\":\"https:\\\/\\\/theuncommonshop.ch\\\/fr\\\/product\\\/warhammer-40-000-astra-militarum-cadian-shock-troops-2\\\/\",\"url\":\"https:\\\/\\\/theuncommonshop.ch\\\/fr\\\/product\\\/warhammer-40-000-astra-militarum-cadian-shock-troops-2\\\/\",\"name\":\"Ach\u00e8te Warhammer 40.000 - Astra Militarum : Cadian Shock Troops\",\"isPartOf\":{\"@id\":\"https:\\\/\\\/theuncommonshop.ch\\\/#website\"},\"primaryImageOfPage\":{\"@id\":\"https:\\\/\\\/theuncommonshop.ch\\\/fr\\\/product\\\/warhammer-40-000-astra-militarum-cadian-shock-troops-2\\\/#primaryimage\"},\"image\":{\"@id\":\"https:\\\/\\\/theuncommonshop.ch\\\/fr\\\/product\\\/warhammer-40-000-astra-militarum-cadian-shock-troops-2\\\/#primaryimage\"},\"thumbnailUrl\":\"https:\\\/\\\/theuncommonshop.ch\\\/wp-content\\\/uploads\\\/2025\\\/06\\\/4048096406.jpg\",\"datePublished\":\"2025-06-04T07:54:21+00:00\",\"dateModified\":\"2026-03-28T17:00:10+00:00\",\"description\":\"Ach\u00e8te Warhammer 40.000 - Astra Militarum : Cadian Shock Troops en ligne maintenant \u00e0 petit prix! Ton #1 shop pour cartes TCG & Pok\u00e9mon en Suisse \u2713 Livraison gratuite d\u00e8s CHF 29\",\"breadcrumb\":{\"@id\":\"https:\\\/\\\/theuncommonshop.ch\\\/fr\\\/product\\\/warhammer-40-000-astra-militarum-cadian-shock-troops-2\\\/#breadcrumb\"},\"inLanguage\":\"fr-FR\",\"potentialAction\":[{\"@type\":\"ReadAction\",\"target\":[\"https:\\\/\\\/theuncommonshop.ch\\\/fr\\\/product\\\/warhammer-40-000-astra-militarum-cadian-shock-troops-2\\\/\"]}]},{\"@type\":\"ImageObject\",\"inLanguage\":\"fr-FR\",\"@id\":\"https:\\\/\\\/theuncommonshop.ch\\\/fr\\\/product\\\/warhammer-40-000-astra-militarum-cadian-shock-troops-2\\\/#primaryimage\",\"url\":\"https:\\\/\\\/theuncommonshop.ch\\\/wp-content\\\/uploads\\\/2025\\\/06\\\/4048096406.jpg\",\"contentUrl\":\"https:\\\/\\\/theuncommonshop.ch\\\/wp-content\\\/uploads\\\/2025\\\/06\\\/4048096406.jpg\",\"width\":918,\"height\":948},{\"@type\":\"BreadcrumbList\",\"@id\":\"https:\\\/\\\/theuncommonshop.ch\\\/fr\\\/product\\\/warhammer-40-000-astra-militarum-cadian-shock-troops-2\\\/#breadcrumb\",\"itemListElement\":[{\"@type\":\"ListItem\",\"position\":1,\"name\":\"Accueil\",\"item\":\"https:\\\/\\\/theuncommonshop.ch\\\/fr\\\/accueil\\\/\"},{\"@type\":\"ListItem\",\"position\":2,\"name\":\"Boutique\",\"item\":\"https:\\\/\\\/theuncommonshop.ch\\\/fr\\\/boutique\\\/\"},{\"@type\":\"ListItem\",\"position\":3,\"name\":\"Tabletop\",\"item\":\"https:\\\/\\\/theuncommonshop.ch\\\/fr\\\/categorie-produit\\\/tabletop-fr\\\/\"},{\"@type\":\"ListItem\",\"position\":4,\"name\":\"Warhammer 40k\",\"item\":\"https:\\\/\\\/theuncommonshop.ch\\\/fr\\\/categorie-produit\\\/tabletop-fr\\\/warhammer-40k-fr\\\/\"},{\"@type\":\"ListItem\",\"position\":5,\"name\":\"Warhammer 40.000 &#8211; Astra Militarum : Cadian Shock Troops\"}]},{\"@type\":\"WebSite\",\"@id\":\"https:\\\/\\\/theuncommonshop.ch\\\/#website\",\"url\":\"https:\\\/\\\/theuncommonshop.ch\\\/\",\"name\":\"Largest trading card shop in Switzerland\",\"description\":\"Magic, Pok\u00e9mon and Yu-gi-oh - The Uncommon Shop\",\"potentialAction\":[{\"@type\":\"SearchAction\",\"target\":{\"@type\":\"EntryPoint\",\"urlTemplate\":\"https:\\\/\\\/theuncommonshop.ch\\\/?s={search_term_string}\"},\"query-input\":{\"@type\":\"PropertyValueSpecification\",\"valueRequired\":true,\"valueName\":\"search_term_string\"}}],\"inLanguage\":\"fr-FR\"}]}<\/script>\n<meta property=\"product:price:amount\" content=\"44.95\" \/>\n<meta property=\"product:price:currency\" content=\"CHF\" \/>\n<meta property=\"og:availability\" content=\"instock\" \/>\n<meta property=\"product:availability\" content=\"instock\" \/>\n<meta property=\"product:retailer_item_id\" content=\"WHAstMilCadShoTro\" \/>\n<meta property=\"product:condition\" content=\"new\" \/>\n<!-- \/ Yoast SEO plugin. -->","yoast_head_json":{"title":"Ach\u00e8te Warhammer 40.000 - Astra Militarum : Cadian Shock Troops","description":"Ach\u00e8te Warhammer 40.000 - Astra Militarum : Cadian Shock Troops en ligne maintenant \u00e0 petit prix! Ton #1 shop pour cartes TCG & Pok\u00e9mon en Suisse \u2713 Livraison gratuite d\u00e8s CHF 29","robots":{"index":"index","follow":"follow","max-snippet":"max-snippet:-1","max-image-preview":"max-image-preview:large","max-video-preview":"max-video-preview:-1"},"canonical":"https:\/\/theuncommonshop.ch\/fr\/product\/warhammer-40-000-astra-militarum-cadian-shock-troops-2\/","og_locale":"fr_FR","og_type":"article","og_title":"Ach\u00e8te Warhammer 40.000 - Astra Militarum : Cadian Shock Troops","og_description":"Ach\u00e8te Warhammer 40.000 - Astra Militarum : Cadian Shock Troops en ligne maintenant \u00e0 petit prix! Ton #1 shop pour cartes TCG & Pok\u00e9mon en Suisse \u2713 Livraison gratuite d\u00e8s CHF 29","og_url":"https:\/\/theuncommonshop.ch\/fr\/product\/warhammer-40-000-astra-militarum-cadian-shock-troops-2\/","og_site_name":"Largest trading card shop in Switzerland","article_modified_time":"2026-03-28T17:00:10+00:00","og_image":[{"width":918,"height":948,"url":"https:\/\/theuncommonshop.ch\/wp-content\/uploads\/2025\/06\/4048096406.jpg","type":"image\/jpeg"}],"twitter_card":"summary_large_image","twitter_misc":{"Prix":"&#67;&#72;&#70;&nbsp;44.95","Disponibilit\u00e9":"En stock"},"schema":{"@context":"https:\/\/schema.org","@graph":[{"@type":"WebPage","@id":"https:\/\/theuncommonshop.ch\/fr\/product\/warhammer-40-000-astra-militarum-cadian-shock-troops-2\/","url":"https:\/\/theuncommonshop.ch\/fr\/product\/warhammer-40-000-astra-militarum-cadian-shock-troops-2\/","name":"Ach\u00e8te Warhammer 40.000 - Astra Militarum : Cadian Shock Troops","isPartOf":{"@id":"https:\/\/theuncommonshop.ch\/#website"},"primaryImageOfPage":{"@id":"https:\/\/theuncommonshop.ch\/fr\/product\/warhammer-40-000-astra-militarum-cadian-shock-troops-2\/#primaryimage"},"image":{"@id":"https:\/\/theuncommonshop.ch\/fr\/product\/warhammer-40-000-astra-militarum-cadian-shock-troops-2\/#primaryimage"},"thumbnailUrl":"https:\/\/theuncommonshop.ch\/wp-content\/uploads\/2025\/06\/4048096406.jpg","datePublished":"2025-06-04T07:54:21+00:00","dateModified":"2026-03-28T17:00:10+00:00","description":"Ach\u00e8te Warhammer 40.000 - Astra Militarum : Cadian Shock Troops en ligne maintenant \u00e0 petit prix! Ton #1 shop pour cartes TCG & Pok\u00e9mon en Suisse \u2713 Livraison gratuite d\u00e8s CHF 29","breadcrumb":{"@id":"https:\/\/theuncommonshop.ch\/fr\/product\/warhammer-40-000-astra-militarum-cadian-shock-troops-2\/#breadcrumb"},"inLanguage":"fr-FR","potentialAction":[{"@type":"ReadAction","target":["https:\/\/theuncommonshop.ch\/fr\/product\/warhammer-40-000-astra-militarum-cadian-shock-troops-2\/"]}]},{"@type":"ImageObject","inLanguage":"fr-FR","@id":"https:\/\/theuncommonshop.ch\/fr\/product\/warhammer-40-000-astra-militarum-cadian-shock-troops-2\/#primaryimage","url":"https:\/\/theuncommonshop.ch\/wp-content\/uploads\/2025\/06\/4048096406.jpg","contentUrl":"https:\/\/theuncommonshop.ch\/wp-content\/uploads\/2025\/06\/4048096406.jpg","width":918,"height":948},{"@type":"BreadcrumbList","@id":"https:\/\/theuncommonshop.ch\/fr\/product\/warhammer-40-000-astra-militarum-cadian-shock-troops-2\/#breadcrumb","itemListElement":[{"@type":"ListItem","position":1,"name":"Accueil","item":"https:\/\/theuncommonshop.ch\/fr\/accueil\/"},{"@type":"ListItem","position":2,"name":"Boutique","item":"https:\/\/theuncommonshop.ch\/fr\/boutique\/"},{"@type":"ListItem","position":3,"name":"Tabletop","item":"https:\/\/theuncommonshop.ch\/fr\/categorie-produit\/tabletop-fr\/"},{"@type":"ListItem","position":4,"name":"Warhammer 40k","item":"https:\/\/theuncommonshop.ch\/fr\/categorie-produit\/tabletop-fr\/warhammer-40k-fr\/"},{"@type":"ListItem","position":5,"name":"Warhammer 40.000 &#8211; Astra Militarum : Cadian Shock Troops"}]},{"@type":"WebSite","@id":"https:\/\/theuncommonshop.ch\/#website","url":"https:\/\/theuncommonshop.ch\/","name":"Largest trading card shop in Switzerland","description":"Magic, Pok\u00e9mon and Yu-gi-oh - The Uncommon Shop","potentialAction":[{"@type":"SearchAction","target":{"@type":"EntryPoint","urlTemplate":"https:\/\/theuncommonshop.ch\/?s={search_term_string}"},"query-input":{"@type":"PropertyValueSpecification","valueRequired":true,"valueName":"search_term_string"}}],"inLanguage":"fr-FR"}]},"product_price_amount":"44.95","product_price_currency":"CHF","og_availability":"instock","product_availability":"instock","product_retailer_item_id":"WHAstMilCadShoTro","product_condition":"new"},"_links":{"self":[{"href":"https:\/\/theuncommonshop.ch\/fr\/wp-json\/wp\/v2\/product\/325195","targetHints":{"allow":["GET"]}}],"collection":[{"href":"https:\/\/theuncommonshop.ch\/fr\/wp-json\/wp\/v2\/product"}],"about":[{"href":"https:\/\/theuncommonshop.ch\/fr\/wp-json\/wp\/v2\/types\/product"}],"replies":[{"embeddable":true,"href":"https:\/\/theuncommonshop.ch\/fr\/wp-json\/wp\/v2\/comments?post=325195"}],"version-history":[{"count":2,"href":"https:\/\/theuncommonshop.ch\/fr\/wp-json\/wp\/v2\/product\/325195\/revisions"}],"predecessor-version":[{"id":356591,"href":"https:\/\/theuncommonshop.ch\/fr\/wp-json\/wp\/v2\/product\/325195\/revisions\/356591"}],"wp:featuredmedia":[{"embeddable":true,"href":"https:\/\/theuncommonshop.ch\/fr\/wp-json\/wp\/v2\/media\/105609"}],"wp:attachment":[{"href":"https:\/\/theuncommonshop.ch\/fr\/wp-json\/wp\/v2\/media?parent=325195"}],"wp:term":[{"taxonomy":"product_brand","embeddable":true,"href":"https:\/\/theuncommonshop.ch\/fr\/wp-json\/wp\/v2\/product_brand?post=325195"},{"taxonomy":"product_cat","embeddable":true,"href":"https:\/\/theuncommonshop.ch\/fr\/wp-json\/wp\/v2\/product_cat?post=325195"},{"taxonomy":"product_tag","embeddable":true,"href":"https:\/\/theuncommonshop.ch\/fr\/wp-json\/wp\/v2\/product_tag?post=325195"}],"curies":[{"name":"wp","href":"https:\/\/api.w.org\/{rel}","templated":true}]}}