{"id":325191,"date":"2025-06-04T07:52:10","date_gmt":"2025-06-04T07:52:10","guid":{"rendered":"http:\/\/theuncommonshop.ch\/produkt\/325191\/"},"modified":"2026-03-28T18:02:16","modified_gmt":"2026-03-28T17:02:16","slug":"warhammer-40-000-space-marines-primaris-intercessors-2","status":"publish","type":"product","link":"https:\/\/theuncommonshop.ch\/fr\/product\/warhammer-40-000-space-marines-primaris-intercessors-2\/","title":{"rendered":"Warhammer 40.000 &#8211; Space Marines : Primaris Intercessors"},"content":{"rendered":"<p>Un guerrier fort, fiable et adaptable, capable de faire feu tout en avan\u00e7ant ou en tenant le terrain, est une aide pr\u00e9cieuse pour tout tacticien. Dans le cas d&#8217;unit\u00e9s op\u00e9rationnelles renforc\u00e9es par des fr\u00e8res de l&#8217;Ordre Primaris, ce r\u00f4le est rempli par les escouades Intercessor. Ces escouades peuvent tirer des salves de tirs qui se chevauchent et constituent souvent le noyau combattant flexible des ordres Primaris nouvellement cr\u00e9\u00e9s &#8211; m\u00eame si, bien s\u00fbr, de nombreux ordres \u00e9tablis n&#8217;h\u00e9sitent pas \u00e0 tirer parti de leurs capacit\u00e9s et \u00e0 les utiliser aux c\u00f4t\u00e9s des Tactical Squad.  <\/p>\n<p>Ce kit de construction en plastique contient toutes les pi\u00e8ces n\u00e9cessaires \u00e0 l&#8217;assemblage d&#8217;un set de 10 Primaris Intercessors. Ils portent une armure de type X-Tacticus pour b\u00e9n\u00e9ficier de leur protection et de leur mobilit\u00e9, et sont des guerriers fiables et adaptables, chacun \u00e9tant arm\u00e9 d&#8217;un fusil \u00e0 pompe. Leurs fusils bolt peuvent \u00eatre de l&#8217;une des trois sortes suivantes : fusil bolt standard avec chargeur \u00e0 faucille, fusil bolt d&#8217;assaut avec condensateur de surcharge et chargeur en bo\u00eete, ou fusil bolt stalker avec lunette de vis\u00e9e et chargeur \u00e0 tige. Il y a 10 armures d&#8217;\u00e9paule droite d\u00e9cor\u00e9es avec l&#8217;iconographie des Intercesseurs &#8211; assez pour couvrir chacune des variantes de bras, dont 2 avec une console radio ouverte, 2 bras qui signifient \u00e0 l&#8217;escouade de s&#8217;arr\u00eater, 2 avec des couteaux de combat et 2 qui tirent des pistolets bolt. Au total, le kit contient 24 t\u00eates diff\u00e9rentes avec et sans casque.    <\/p>\n<p>Ces mod\u00e8les peuvent \u00eatre construits soit comme une escouade de 10 hommes, soit comme une escouade de 9 Intercesseurs avec un Sergent, soit comme 2 escouades s\u00e9par\u00e9es de 5 hommes, chacune avec son propre Sergent. Les sergents ont des t\u00eates uniques et un casque ancr\u00e9 magn\u00e9tiquement \u00e0 la ceinture, ainsi que des \u00e9cussons uniques pour les mettre en valeur. <\/p>\n<p>Pour repr\u00e9senter leur polyvalence sur le champ de bataille, le kit comprend de nombreux d\u00e9tails qui peuvent \u00eatre attach\u00e9s aux armures &#8211; 12 \u00e9tuis de pistolet (2 vides pour les intercesseurs qui tiennent les pistolets), 10 poches \u00e0 munitions et grenades, 6 fourreaux de couteaux de combat (4 vides), 4 poches \u00e0 grenades individuelles et 4 poches pour les munitions de pistolets bolt.<\/p>\n<p>Le kit des Primaris Intercessors comprend 266 pi\u00e8ces, 10 bases rondes Citadel (32 mm) et une planche de d\u00e9calcomanies.<\/p>\n","protected":false},"excerpt":{"rendered":"<p>Un guerrier fort, fiable et adaptable, capable de faire feu tout en avan\u00e7ant ou en tenant le terrain, est une<\/p>\n","protected":false},"featured_media":105571,"comment_status":"open","ping_status":"closed","template":"","meta":{"_acf_changed":false},"product_brand":[5078,5154],"product_cat":[9925,9927],"product_tag":[],"class_list":{"0":"post-325191","1":"product","2":"type-product","3":"status-publish","4":"has-post-thumbnail","6":"product_brand-games-workshop","7":"product_brand-warhammer","8":"product_cat-tabletop-fr","9":"product_cat-warhammer-40k-fr","11":"first","12":"outofstock","13":"taxable","14":"shipping-taxable","15":"purchasable","16":"product-type-simple"},"acf":[],"yoast_head":"<!-- This site is optimized with the Yoast SEO plugin v27.5 - https:\/\/yoast.com\/product\/yoast-seo-wordpress\/ -->\n<title>Ach\u00e8te Warhammer 40.000 - Space Marines : Primaris Intercessors<\/title>\n<meta name=\"description\" content=\"Ach\u00e8te Warhammer 40.000 - Space Marines : Primaris Intercessors en ligne maintenant \u00e0 petit prix! Ton #1 shop pour cartes TCG &amp; Pok\u00e9mon en Suisse \u2713 Livraison gratuite d\u00e8s CHF 29\" \/>\n<meta name=\"robots\" content=\"index, follow, max-snippet:-1, max-image-preview:large, max-video-preview:-1\" \/>\n<link rel=\"canonical\" href=\"https:\/\/theuncommonshop.ch\/fr\/product\/warhammer-40-000-space-marines-primaris-intercessors-2\/\" \/>\n<meta property=\"og:locale\" content=\"fr_FR\" \/>\n<meta property=\"og:type\" content=\"article\" \/>\n<meta property=\"og:title\" content=\"Ach\u00e8te Warhammer 40.000 - Space Marines : Primaris Intercessors\" \/>\n<meta property=\"og:description\" content=\"Ach\u00e8te Warhammer 40.000 - Space Marines : Primaris Intercessors en ligne maintenant \u00e0 petit prix! Ton #1 shop pour cartes TCG &amp; Pok\u00e9mon en Suisse \u2713 Livraison gratuite d\u00e8s CHF 29\" \/>\n<meta property=\"og:url\" content=\"https:\/\/theuncommonshop.ch\/fr\/product\/warhammer-40-000-space-marines-primaris-intercessors-2\/\" \/>\n<meta property=\"og:site_name\" content=\"The Uncommon Shop\" \/>\n<meta property=\"article:modified_time\" content=\"2026-03-28T17:02:16+00:00\" \/>\n<meta property=\"og:image\" content=\"https:\/\/theuncommonshop.ch\/wp-content\/uploads\/2025\/06\/4048074508.jpg\" \/>\n\t<meta property=\"og:image:width\" content=\"918\" \/>\n\t<meta property=\"og:image:height\" content=\"948\" \/>\n\t<meta property=\"og:image:type\" content=\"image\/jpeg\" \/>\n<meta name=\"twitter:card\" content=\"summary_large_image\" \/>\n<meta name=\"twitter:label1\" content=\"Prix\" \/>\n\t<meta name=\"twitter:data1\" content=\"&#067;&#072;&#070;&nbsp;44.95\" \/>\n\t<meta name=\"twitter:label2\" content=\"Disponibilit\u00e9\" \/>\n\t<meta name=\"twitter:data2\" content=\"Rupture de stock\" \/>\n<script type=\"application\/ld+json\" class=\"yoast-schema-graph\">{\"@context\":\"https:\\\/\\\/schema.org\",\"@graph\":[{\"@type\":\"WebPage\",\"@id\":\"https:\\\/\\\/theuncommonshop.ch\\\/fr\\\/product\\\/warhammer-40-000-space-marines-primaris-intercessors-2\\\/\",\"url\":\"https:\\\/\\\/theuncommonshop.ch\\\/fr\\\/product\\\/warhammer-40-000-space-marines-primaris-intercessors-2\\\/\",\"name\":\"Ach\u00e8te Warhammer 40.000 - Space Marines : Primaris Intercessors\",\"isPartOf\":{\"@id\":\"https:\\\/\\\/theuncommonshop.ch\\\/fr\\\/#website\"},\"primaryImageOfPage\":{\"@id\":\"https:\\\/\\\/theuncommonshop.ch\\\/fr\\\/product\\\/warhammer-40-000-space-marines-primaris-intercessors-2\\\/#primaryimage\"},\"image\":{\"@id\":\"https:\\\/\\\/theuncommonshop.ch\\\/fr\\\/product\\\/warhammer-40-000-space-marines-primaris-intercessors-2\\\/#primaryimage\"},\"thumbnailUrl\":\"https:\\\/\\\/theuncommonshop.ch\\\/wp-content\\\/uploads\\\/2025\\\/06\\\/4048074508.jpg\",\"datePublished\":\"2025-06-04T07:52:10+00:00\",\"dateModified\":\"2026-03-28T17:02:16+00:00\",\"description\":\"Ach\u00e8te Warhammer 40.000 - Space Marines : Primaris Intercessors en ligne maintenant \u00e0 petit prix! Ton #1 shop pour cartes TCG & Pok\u00e9mon en Suisse \u2713 Livraison gratuite d\u00e8s CHF 29\",\"breadcrumb\":{\"@id\":\"https:\\\/\\\/theuncommonshop.ch\\\/fr\\\/product\\\/warhammer-40-000-space-marines-primaris-intercessors-2\\\/#breadcrumb\"},\"inLanguage\":\"fr-FR\",\"potentialAction\":[{\"@type\":\"ReadAction\",\"target\":[\"https:\\\/\\\/theuncommonshop.ch\\\/fr\\\/product\\\/warhammer-40-000-space-marines-primaris-intercessors-2\\\/\"]}]},{\"@type\":\"ImageObject\",\"inLanguage\":\"fr-FR\",\"@id\":\"https:\\\/\\\/theuncommonshop.ch\\\/fr\\\/product\\\/warhammer-40-000-space-marines-primaris-intercessors-2\\\/#primaryimage\",\"url\":\"https:\\\/\\\/theuncommonshop.ch\\\/wp-content\\\/uploads\\\/2025\\\/06\\\/4048074508.jpg\",\"contentUrl\":\"https:\\\/\\\/theuncommonshop.ch\\\/wp-content\\\/uploads\\\/2025\\\/06\\\/4048074508.jpg\",\"width\":918,\"height\":948},{\"@type\":\"BreadcrumbList\",\"@id\":\"https:\\\/\\\/theuncommonshop.ch\\\/fr\\\/product\\\/warhammer-40-000-space-marines-primaris-intercessors-2\\\/#breadcrumb\",\"itemListElement\":[{\"@type\":\"ListItem\",\"position\":1,\"name\":\"Accueil\",\"item\":\"https:\\\/\\\/theuncommonshop.ch\\\/fr\\\/accueil\\\/\"},{\"@type\":\"ListItem\",\"position\":2,\"name\":\"Boutique\",\"item\":\"https:\\\/\\\/theuncommonshop.ch\\\/fr\\\/boutique\\\/\"},{\"@type\":\"ListItem\",\"position\":3,\"name\":\"Tabletop\",\"item\":\"https:\\\/\\\/theuncommonshop.ch\\\/fr\\\/categorie-produit\\\/tabletop-fr\\\/\"},{\"@type\":\"ListItem\",\"position\":4,\"name\":\"Warhammer 40k\",\"item\":\"https:\\\/\\\/theuncommonshop.ch\\\/fr\\\/categorie-produit\\\/tabletop-fr\\\/warhammer-40k-fr\\\/\"},{\"@type\":\"ListItem\",\"position\":5,\"name\":\"Warhammer 40.000 &#8211; Space Marines : Primaris Intercessors\"}]},{\"@type\":\"WebSite\",\"@id\":\"https:\\\/\\\/theuncommonshop.ch\\\/fr\\\/#website\",\"url\":\"https:\\\/\\\/theuncommonshop.ch\\\/fr\\\/\",\"name\":\"The Uncommon Shop\",\"description\":\"Magic, Pok\u00e9mon and Yu-gi-oh - The Uncommon Shop\",\"potentialAction\":[{\"@type\":\"SearchAction\",\"target\":{\"@type\":\"EntryPoint\",\"urlTemplate\":\"https:\\\/\\\/theuncommonshop.ch\\\/fr\\\/?s={search_term_string}\"},\"query-input\":{\"@type\":\"PropertyValueSpecification\",\"valueRequired\":true,\"valueName\":\"search_term_string\"}}],\"inLanguage\":\"fr-FR\"}]}<\/script>\n<meta property=\"product:price:amount\" content=\"44.95\" \/>\n<meta property=\"product:price:currency\" content=\"CHF\" \/>\n<meta property=\"og:availability\" content=\"out of stock\" \/>\n<meta property=\"product:availability\" content=\"out of stock\" \/>\n<meta property=\"product:retailer_item_id\" content=\"WHSpaMarPriInt\" \/>\n<meta property=\"product:condition\" content=\"new\" \/>\n<!-- \/ Yoast SEO plugin. -->","yoast_head_json":{"title":"Ach\u00e8te Warhammer 40.000 - Space Marines : Primaris Intercessors","description":"Ach\u00e8te Warhammer 40.000 - Space Marines : Primaris Intercessors en ligne maintenant \u00e0 petit prix! Ton #1 shop pour cartes TCG & Pok\u00e9mon en Suisse \u2713 Livraison gratuite d\u00e8s CHF 29","robots":{"index":"index","follow":"follow","max-snippet":"max-snippet:-1","max-image-preview":"max-image-preview:large","max-video-preview":"max-video-preview:-1"},"canonical":"https:\/\/theuncommonshop.ch\/fr\/product\/warhammer-40-000-space-marines-primaris-intercessors-2\/","og_locale":"fr_FR","og_type":"article","og_title":"Ach\u00e8te Warhammer 40.000 - Space Marines : Primaris Intercessors","og_description":"Ach\u00e8te Warhammer 40.000 - Space Marines : Primaris Intercessors en ligne maintenant \u00e0 petit prix! Ton #1 shop pour cartes TCG & Pok\u00e9mon en Suisse \u2713 Livraison gratuite d\u00e8s CHF 29","og_url":"https:\/\/theuncommonshop.ch\/fr\/product\/warhammer-40-000-space-marines-primaris-intercessors-2\/","og_site_name":"The Uncommon Shop","article_modified_time":"2026-03-28T17:02:16+00:00","og_image":[{"width":918,"height":948,"url":"https:\/\/theuncommonshop.ch\/wp-content\/uploads\/2025\/06\/4048074508.jpg","type":"image\/jpeg"}],"twitter_card":"summary_large_image","twitter_misc":{"Prix":"&#67;&#72;&#70;&nbsp;44.95","Disponibilit\u00e9":"Rupture de stock"},"schema":{"@context":"https:\/\/schema.org","@graph":[{"@type":"WebPage","@id":"https:\/\/theuncommonshop.ch\/fr\/product\/warhammer-40-000-space-marines-primaris-intercessors-2\/","url":"https:\/\/theuncommonshop.ch\/fr\/product\/warhammer-40-000-space-marines-primaris-intercessors-2\/","name":"Ach\u00e8te Warhammer 40.000 - Space Marines : Primaris Intercessors","isPartOf":{"@id":"https:\/\/theuncommonshop.ch\/fr\/#website"},"primaryImageOfPage":{"@id":"https:\/\/theuncommonshop.ch\/fr\/product\/warhammer-40-000-space-marines-primaris-intercessors-2\/#primaryimage"},"image":{"@id":"https:\/\/theuncommonshop.ch\/fr\/product\/warhammer-40-000-space-marines-primaris-intercessors-2\/#primaryimage"},"thumbnailUrl":"https:\/\/theuncommonshop.ch\/wp-content\/uploads\/2025\/06\/4048074508.jpg","datePublished":"2025-06-04T07:52:10+00:00","dateModified":"2026-03-28T17:02:16+00:00","description":"Ach\u00e8te Warhammer 40.000 - Space Marines : Primaris Intercessors en ligne maintenant \u00e0 petit prix! Ton #1 shop pour cartes TCG & Pok\u00e9mon en Suisse \u2713 Livraison gratuite d\u00e8s CHF 29","breadcrumb":{"@id":"https:\/\/theuncommonshop.ch\/fr\/product\/warhammer-40-000-space-marines-primaris-intercessors-2\/#breadcrumb"},"inLanguage":"fr-FR","potentialAction":[{"@type":"ReadAction","target":["https:\/\/theuncommonshop.ch\/fr\/product\/warhammer-40-000-space-marines-primaris-intercessors-2\/"]}]},{"@type":"ImageObject","inLanguage":"fr-FR","@id":"https:\/\/theuncommonshop.ch\/fr\/product\/warhammer-40-000-space-marines-primaris-intercessors-2\/#primaryimage","url":"https:\/\/theuncommonshop.ch\/wp-content\/uploads\/2025\/06\/4048074508.jpg","contentUrl":"https:\/\/theuncommonshop.ch\/wp-content\/uploads\/2025\/06\/4048074508.jpg","width":918,"height":948},{"@type":"BreadcrumbList","@id":"https:\/\/theuncommonshop.ch\/fr\/product\/warhammer-40-000-space-marines-primaris-intercessors-2\/#breadcrumb","itemListElement":[{"@type":"ListItem","position":1,"name":"Accueil","item":"https:\/\/theuncommonshop.ch\/fr\/accueil\/"},{"@type":"ListItem","position":2,"name":"Boutique","item":"https:\/\/theuncommonshop.ch\/fr\/boutique\/"},{"@type":"ListItem","position":3,"name":"Tabletop","item":"https:\/\/theuncommonshop.ch\/fr\/categorie-produit\/tabletop-fr\/"},{"@type":"ListItem","position":4,"name":"Warhammer 40k","item":"https:\/\/theuncommonshop.ch\/fr\/categorie-produit\/tabletop-fr\/warhammer-40k-fr\/"},{"@type":"ListItem","position":5,"name":"Warhammer 40.000 &#8211; Space Marines : Primaris Intercessors"}]},{"@type":"WebSite","@id":"https:\/\/theuncommonshop.ch\/fr\/#website","url":"https:\/\/theuncommonshop.ch\/fr\/","name":"The Uncommon Shop","description":"Magic, Pok\u00e9mon and Yu-gi-oh - The Uncommon Shop","potentialAction":[{"@type":"SearchAction","target":{"@type":"EntryPoint","urlTemplate":"https:\/\/theuncommonshop.ch\/fr\/?s={search_term_string}"},"query-input":{"@type":"PropertyValueSpecification","valueRequired":true,"valueName":"search_term_string"}}],"inLanguage":"fr-FR"}]},"product_price_amount":"44.95","product_price_currency":"CHF","og_availability":"out of stock","product_availability":"out of stock","product_retailer_item_id":"WHSpaMarPriInt","product_condition":"new"},"_links":{"self":[{"href":"https:\/\/theuncommonshop.ch\/fr\/wp-json\/wp\/v2\/product\/325191","targetHints":{"allow":["GET"]}}],"collection":[{"href":"https:\/\/theuncommonshop.ch\/fr\/wp-json\/wp\/v2\/product"}],"about":[{"href":"https:\/\/theuncommonshop.ch\/fr\/wp-json\/wp\/v2\/types\/product"}],"replies":[{"embeddable":true,"href":"https:\/\/theuncommonshop.ch\/fr\/wp-json\/wp\/v2\/comments?post=325191"}],"version-history":[{"count":0,"href":"https:\/\/theuncommonshop.ch\/fr\/wp-json\/wp\/v2\/product\/325191\/revisions"}],"wp:featuredmedia":[{"embeddable":true,"href":"https:\/\/theuncommonshop.ch\/fr\/wp-json\/wp\/v2\/media\/105571"}],"wp:attachment":[{"href":"https:\/\/theuncommonshop.ch\/fr\/wp-json\/wp\/v2\/media?parent=325191"}],"wp:term":[{"taxonomy":"product_brand","embeddable":true,"href":"https:\/\/theuncommonshop.ch\/fr\/wp-json\/wp\/v2\/product_brand?post=325191"},{"taxonomy":"product_cat","embeddable":true,"href":"https:\/\/theuncommonshop.ch\/fr\/wp-json\/wp\/v2\/product_cat?post=325191"},{"taxonomy":"product_tag","embeddable":true,"href":"https:\/\/theuncommonshop.ch\/fr\/wp-json\/wp\/v2\/product_tag?post=325191"}],"curies":[{"name":"wp","href":"https:\/\/api.w.org\/{rel}","templated":true}]}}