{"id":325182,"date":"2025-06-04T07:51:14","date_gmt":"2025-06-04T07:51:14","guid":{"rendered":"http:\/\/theuncommonshop.ch\/produkt\/325182\/"},"modified":"2026-03-28T18:02:56","modified_gmt":"2026-03-28T17:02:56","slug":"warhammer-40-000-adeptus-custodes-custodian-wardens-2","status":"publish","type":"product","link":"https:\/\/theuncommonshop.ch\/fr\/product\/warhammer-40-000-adeptus-custodes-custodian-wardens-2\/","title":{"rendered":"Warhammer 40.000 &#8211; Adeptus Custodes : Custodian Wardens"},"content":{"rendered":"<p>Les Custodian Wardens sont connus parmi leurs camarades comme des gardiens prudents et d&#8217;une patience infinie. Lorsqu&#8217;ils rev\u00eatent les robes qui distinguent leur position, ils pr\u00eatent serment de combattre en tant que gardiens fid\u00e8les, en tant que forteresses vivantes d&#8217;auramis et de cordes qu&#8217;aucun ennemi ne pourra jamais vaincre. Les serments de chaque garde sont personnels, car il les r\u00e9dige lui-m\u00eame apr\u00e8s une ann\u00e9e compl\u00e8te de retraite int\u00e9rieure sur les corniches de la tour de Galil\u00e9e. Rompre les serments serait pire que la mort pour ces guerriers, et leur d\u00e9termination \u00e0 les maintenir ne fait que renforcer leur force de volont\u00e9 d\u00e9j\u00e0 consid\u00e9rable pour atteindre une intensit\u00e9 vraiment redoutable.   <\/p>\n<p>Ce kit en plastique contient tous les \u00e9l\u00e9ments n\u00e9cessaires \u00e0 la construction d&#8217;une unit\u00e9 de 5 Custodian Wardens. Ils sont facilement reconnaissables \u00e0 leur robe de c\u00e9r\u00e9monie sur leur armure aurique, qui leur donne une allure somptueuse &#8211; comme pour tous les Adeptus Custodes, chaque surface de leur armure est recouverte de d\u00e9tails model\u00e9s tels que des pierres pr\u00e9cieuses, des aigles, des \u00e9clairs et des ciselures. Chacun est arm\u00e9 d&#8217;une lance de garde ou d&#8217;une hache de castelet, dont 5 sont incluses dans le kit. Les casques, les ornements de casque et l&#8217;armure de hanche du kit sont interchangeables, ce qui vous permet de donner \u00e0 vos wardens une apparence unique.   <\/p>\n<p>Le kit peut \u00eatre utilis\u00e9 pour construire un capitaine Shield, qui peut avoir l&#8217;une des deux t\u00eates sans casque, un plastron unique, des \u00e9pauli\u00e8res uniques et sa propre robe de c\u00e9r\u00e9monie &#8211; il peut \u00eatre arm\u00e9 d&#8217;une hache de castelet ou d&#8217;une lance de garde et porte une mis\u00e9ricorde. De plus, 1 mod\u00e8le peut \u00eatre construit en tant que Vexilus Praetor &#8211; en plus des options d&#8217;armes r\u00e9guli\u00e8res, il porte un Vexiullum orn\u00e9. <\/p>\n<p>Ce kit contient 78 pi\u00e8ces et 5 bases rondes Citadel (40 mm).<\/p>\n","protected":false},"excerpt":{"rendered":"<p>Les Custodian Wardens sont connus parmi leurs camarades comme des gardiens prudents et d&#8217;une patience infinie. Lorsqu&#8217;ils rev\u00eatent les robes<\/p>\n","protected":false},"featured_media":105555,"comment_status":"open","ping_status":"closed","template":"","meta":{"_acf_changed":false},"product_brand":[5078,5154],"product_cat":[9925,9927],"product_tag":[],"class_list":{"0":"post-325182","1":"product","2":"type-product","3":"status-publish","4":"has-post-thumbnail","6":"product_brand-games-workshop","7":"product_brand-warhammer","8":"product_cat-tabletop-fr","9":"product_cat-warhammer-40k-fr","11":"first","12":"instock","13":"taxable","14":"shipping-taxable","15":"purchasable","16":"product-type-simple"},"acf":[],"yoast_head":"<!-- This site is optimized with the Yoast SEO plugin v27.4 - https:\/\/yoast.com\/product\/yoast-seo-wordpress\/ -->\n<title>Ach\u00e8te Warhammer 40.000 - Adeptus Custodes : Custodian Wardens<\/title>\n<meta name=\"description\" content=\"Ach\u00e8te Warhammer 40.000 - Adeptus Custodes : Custodian Wardens en ligne maintenant \u00e0 petit prix! Ton #1 shop pour cartes TCG &amp; Pok\u00e9mon en Suisse \u2713 Livraison gratuite d\u00e8s CHF 29\" \/>\n<meta name=\"robots\" content=\"index, follow, max-snippet:-1, max-image-preview:large, max-video-preview:-1\" \/>\n<link rel=\"canonical\" href=\"https:\/\/theuncommonshop.ch\/fr\/product\/warhammer-40-000-adeptus-custodes-custodian-wardens-2\/\" \/>\n<meta property=\"og:locale\" content=\"fr_FR\" \/>\n<meta property=\"og:type\" content=\"article\" \/>\n<meta property=\"og:title\" content=\"Ach\u00e8te Warhammer 40.000 - Adeptus Custodes : Custodian Wardens\" \/>\n<meta property=\"og:description\" content=\"Ach\u00e8te Warhammer 40.000 - Adeptus Custodes : Custodian Wardens en ligne maintenant \u00e0 petit prix! Ton #1 shop pour cartes TCG &amp; Pok\u00e9mon en Suisse \u2713 Livraison gratuite d\u00e8s CHF 29\" \/>\n<meta property=\"og:url\" content=\"https:\/\/theuncommonshop.ch\/fr\/product\/warhammer-40-000-adeptus-custodes-custodian-wardens-2\/\" \/>\n<meta property=\"og:site_name\" content=\"The Uncommon Shop\" \/>\n<meta property=\"article:modified_time\" content=\"2026-03-28T17:02:56+00:00\" \/>\n<meta property=\"og:image\" content=\"https:\/\/theuncommonshop.ch\/wp-content\/uploads\/2025\/06\/4048045867.jpg\" \/>\n\t<meta property=\"og:image:width\" content=\"918\" \/>\n\t<meta property=\"og:image:height\" content=\"948\" \/>\n\t<meta property=\"og:image:type\" content=\"image\/jpeg\" \/>\n<meta name=\"twitter:card\" content=\"summary_large_image\" \/>\n<meta name=\"twitter:label1\" content=\"Prix\" \/>\n\t<meta name=\"twitter:data1\" content=\"&#067;&#072;&#070;&nbsp;49.95\" \/>\n\t<meta name=\"twitter:label2\" content=\"Disponibilit\u00e9\" \/>\n\t<meta name=\"twitter:data2\" content=\"En stock\" \/>\n<script type=\"application\/ld+json\" class=\"yoast-schema-graph\">{\"@context\":\"https:\\\/\\\/schema.org\",\"@graph\":[{\"@type\":\"WebPage\",\"@id\":\"https:\\\/\\\/theuncommonshop.ch\\\/fr\\\/product\\\/warhammer-40-000-adeptus-custodes-custodian-wardens-2\\\/\",\"url\":\"https:\\\/\\\/theuncommonshop.ch\\\/fr\\\/product\\\/warhammer-40-000-adeptus-custodes-custodian-wardens-2\\\/\",\"name\":\"Ach\u00e8te Warhammer 40.000 - Adeptus Custodes : Custodian Wardens\",\"isPartOf\":{\"@id\":\"https:\\\/\\\/theuncommonshop.ch\\\/fr\\\/#website\"},\"primaryImageOfPage\":{\"@id\":\"https:\\\/\\\/theuncommonshop.ch\\\/fr\\\/product\\\/warhammer-40-000-adeptus-custodes-custodian-wardens-2\\\/#primaryimage\"},\"image\":{\"@id\":\"https:\\\/\\\/theuncommonshop.ch\\\/fr\\\/product\\\/warhammer-40-000-adeptus-custodes-custodian-wardens-2\\\/#primaryimage\"},\"thumbnailUrl\":\"https:\\\/\\\/theuncommonshop.ch\\\/wp-content\\\/uploads\\\/2025\\\/06\\\/4048045867.jpg\",\"datePublished\":\"2025-06-04T07:51:14+00:00\",\"dateModified\":\"2026-03-28T17:02:56+00:00\",\"description\":\"Ach\u00e8te Warhammer 40.000 - Adeptus Custodes : Custodian Wardens en ligne maintenant \u00e0 petit prix! Ton #1 shop pour cartes TCG & Pok\u00e9mon en Suisse \u2713 Livraison gratuite d\u00e8s CHF 29\",\"breadcrumb\":{\"@id\":\"https:\\\/\\\/theuncommonshop.ch\\\/fr\\\/product\\\/warhammer-40-000-adeptus-custodes-custodian-wardens-2\\\/#breadcrumb\"},\"inLanguage\":\"fr-FR\",\"potentialAction\":[{\"@type\":\"ReadAction\",\"target\":[\"https:\\\/\\\/theuncommonshop.ch\\\/fr\\\/product\\\/warhammer-40-000-adeptus-custodes-custodian-wardens-2\\\/\"]}]},{\"@type\":\"ImageObject\",\"inLanguage\":\"fr-FR\",\"@id\":\"https:\\\/\\\/theuncommonshop.ch\\\/fr\\\/product\\\/warhammer-40-000-adeptus-custodes-custodian-wardens-2\\\/#primaryimage\",\"url\":\"https:\\\/\\\/theuncommonshop.ch\\\/wp-content\\\/uploads\\\/2025\\\/06\\\/4048045867.jpg\",\"contentUrl\":\"https:\\\/\\\/theuncommonshop.ch\\\/wp-content\\\/uploads\\\/2025\\\/06\\\/4048045867.jpg\",\"width\":918,\"height\":948},{\"@type\":\"BreadcrumbList\",\"@id\":\"https:\\\/\\\/theuncommonshop.ch\\\/fr\\\/product\\\/warhammer-40-000-adeptus-custodes-custodian-wardens-2\\\/#breadcrumb\",\"itemListElement\":[{\"@type\":\"ListItem\",\"position\":1,\"name\":\"Accueil\",\"item\":\"https:\\\/\\\/theuncommonshop.ch\\\/fr\\\/accueil\\\/\"},{\"@type\":\"ListItem\",\"position\":2,\"name\":\"Boutique\",\"item\":\"https:\\\/\\\/theuncommonshop.ch\\\/fr\\\/boutique\\\/\"},{\"@type\":\"ListItem\",\"position\":3,\"name\":\"Tabletop\",\"item\":\"https:\\\/\\\/theuncommonshop.ch\\\/fr\\\/categorie-produit\\\/tabletop-fr\\\/\"},{\"@type\":\"ListItem\",\"position\":4,\"name\":\"Warhammer 40k\",\"item\":\"https:\\\/\\\/theuncommonshop.ch\\\/fr\\\/categorie-produit\\\/tabletop-fr\\\/warhammer-40k-fr\\\/\"},{\"@type\":\"ListItem\",\"position\":5,\"name\":\"Warhammer 40.000 &#8211; Adeptus Custodes : Custodian Wardens\"}]},{\"@type\":\"WebSite\",\"@id\":\"https:\\\/\\\/theuncommonshop.ch\\\/fr\\\/#website\",\"url\":\"https:\\\/\\\/theuncommonshop.ch\\\/fr\\\/\",\"name\":\"The Uncommon Shop\",\"description\":\"Magic, Pok\u00e9mon and Yu-gi-oh - The Uncommon Shop\",\"potentialAction\":[{\"@type\":\"SearchAction\",\"target\":{\"@type\":\"EntryPoint\",\"urlTemplate\":\"https:\\\/\\\/theuncommonshop.ch\\\/fr\\\/?s={search_term_string}\"},\"query-input\":{\"@type\":\"PropertyValueSpecification\",\"valueRequired\":true,\"valueName\":\"search_term_string\"}}],\"inLanguage\":\"fr-FR\"}]}<\/script>\n<meta property=\"product:price:amount\" content=\"49.95\" \/>\n<meta property=\"product:price:currency\" content=\"CHF\" \/>\n<meta property=\"og:availability\" content=\"instock\" \/>\n<meta property=\"product:availability\" content=\"instock\" \/>\n<meta property=\"product:retailer_item_id\" content=\"WHAdepCustCustWard\" \/>\n<meta property=\"product:condition\" content=\"new\" \/>\n<!-- \/ Yoast SEO plugin. -->","yoast_head_json":{"title":"Ach\u00e8te Warhammer 40.000 - Adeptus Custodes : Custodian Wardens","description":"Ach\u00e8te Warhammer 40.000 - Adeptus Custodes : Custodian Wardens en ligne maintenant \u00e0 petit prix! Ton #1 shop pour cartes TCG & Pok\u00e9mon en Suisse \u2713 Livraison gratuite d\u00e8s CHF 29","robots":{"index":"index","follow":"follow","max-snippet":"max-snippet:-1","max-image-preview":"max-image-preview:large","max-video-preview":"max-video-preview:-1"},"canonical":"https:\/\/theuncommonshop.ch\/fr\/product\/warhammer-40-000-adeptus-custodes-custodian-wardens-2\/","og_locale":"fr_FR","og_type":"article","og_title":"Ach\u00e8te Warhammer 40.000 - Adeptus Custodes : Custodian Wardens","og_description":"Ach\u00e8te Warhammer 40.000 - Adeptus Custodes : Custodian Wardens en ligne maintenant \u00e0 petit prix! Ton #1 shop pour cartes TCG & Pok\u00e9mon en Suisse \u2713 Livraison gratuite d\u00e8s CHF 29","og_url":"https:\/\/theuncommonshop.ch\/fr\/product\/warhammer-40-000-adeptus-custodes-custodian-wardens-2\/","og_site_name":"The Uncommon Shop","article_modified_time":"2026-03-28T17:02:56+00:00","og_image":[{"width":918,"height":948,"url":"https:\/\/theuncommonshop.ch\/wp-content\/uploads\/2025\/06\/4048045867.jpg","type":"image\/jpeg"}],"twitter_card":"summary_large_image","twitter_misc":{"Prix":"&#67;&#72;&#70;&nbsp;49.95","Disponibilit\u00e9":"En stock"},"schema":{"@context":"https:\/\/schema.org","@graph":[{"@type":"WebPage","@id":"https:\/\/theuncommonshop.ch\/fr\/product\/warhammer-40-000-adeptus-custodes-custodian-wardens-2\/","url":"https:\/\/theuncommonshop.ch\/fr\/product\/warhammer-40-000-adeptus-custodes-custodian-wardens-2\/","name":"Ach\u00e8te Warhammer 40.000 - Adeptus Custodes : Custodian Wardens","isPartOf":{"@id":"https:\/\/theuncommonshop.ch\/fr\/#website"},"primaryImageOfPage":{"@id":"https:\/\/theuncommonshop.ch\/fr\/product\/warhammer-40-000-adeptus-custodes-custodian-wardens-2\/#primaryimage"},"image":{"@id":"https:\/\/theuncommonshop.ch\/fr\/product\/warhammer-40-000-adeptus-custodes-custodian-wardens-2\/#primaryimage"},"thumbnailUrl":"https:\/\/theuncommonshop.ch\/wp-content\/uploads\/2025\/06\/4048045867.jpg","datePublished":"2025-06-04T07:51:14+00:00","dateModified":"2026-03-28T17:02:56+00:00","description":"Ach\u00e8te Warhammer 40.000 - Adeptus Custodes : Custodian Wardens en ligne maintenant \u00e0 petit prix! Ton #1 shop pour cartes TCG & Pok\u00e9mon en Suisse \u2713 Livraison gratuite d\u00e8s CHF 29","breadcrumb":{"@id":"https:\/\/theuncommonshop.ch\/fr\/product\/warhammer-40-000-adeptus-custodes-custodian-wardens-2\/#breadcrumb"},"inLanguage":"fr-FR","potentialAction":[{"@type":"ReadAction","target":["https:\/\/theuncommonshop.ch\/fr\/product\/warhammer-40-000-adeptus-custodes-custodian-wardens-2\/"]}]},{"@type":"ImageObject","inLanguage":"fr-FR","@id":"https:\/\/theuncommonshop.ch\/fr\/product\/warhammer-40-000-adeptus-custodes-custodian-wardens-2\/#primaryimage","url":"https:\/\/theuncommonshop.ch\/wp-content\/uploads\/2025\/06\/4048045867.jpg","contentUrl":"https:\/\/theuncommonshop.ch\/wp-content\/uploads\/2025\/06\/4048045867.jpg","width":918,"height":948},{"@type":"BreadcrumbList","@id":"https:\/\/theuncommonshop.ch\/fr\/product\/warhammer-40-000-adeptus-custodes-custodian-wardens-2\/#breadcrumb","itemListElement":[{"@type":"ListItem","position":1,"name":"Accueil","item":"https:\/\/theuncommonshop.ch\/fr\/accueil\/"},{"@type":"ListItem","position":2,"name":"Boutique","item":"https:\/\/theuncommonshop.ch\/fr\/boutique\/"},{"@type":"ListItem","position":3,"name":"Tabletop","item":"https:\/\/theuncommonshop.ch\/fr\/categorie-produit\/tabletop-fr\/"},{"@type":"ListItem","position":4,"name":"Warhammer 40k","item":"https:\/\/theuncommonshop.ch\/fr\/categorie-produit\/tabletop-fr\/warhammer-40k-fr\/"},{"@type":"ListItem","position":5,"name":"Warhammer 40.000 &#8211; Adeptus Custodes : Custodian Wardens"}]},{"@type":"WebSite","@id":"https:\/\/theuncommonshop.ch\/fr\/#website","url":"https:\/\/theuncommonshop.ch\/fr\/","name":"The Uncommon Shop","description":"Magic, Pok\u00e9mon and Yu-gi-oh - The Uncommon Shop","potentialAction":[{"@type":"SearchAction","target":{"@type":"EntryPoint","urlTemplate":"https:\/\/theuncommonshop.ch\/fr\/?s={search_term_string}"},"query-input":{"@type":"PropertyValueSpecification","valueRequired":true,"valueName":"search_term_string"}}],"inLanguage":"fr-FR"}]},"product_price_amount":"49.95","product_price_currency":"CHF","og_availability":"instock","product_availability":"instock","product_retailer_item_id":"WHAdepCustCustWard","product_condition":"new"},"_links":{"self":[{"href":"https:\/\/theuncommonshop.ch\/fr\/wp-json\/wp\/v2\/product\/325182","targetHints":{"allow":["GET"]}}],"collection":[{"href":"https:\/\/theuncommonshop.ch\/fr\/wp-json\/wp\/v2\/product"}],"about":[{"href":"https:\/\/theuncommonshop.ch\/fr\/wp-json\/wp\/v2\/types\/product"}],"replies":[{"embeddable":true,"href":"https:\/\/theuncommonshop.ch\/fr\/wp-json\/wp\/v2\/comments?post=325182"}],"version-history":[{"count":0,"href":"https:\/\/theuncommonshop.ch\/fr\/wp-json\/wp\/v2\/product\/325182\/revisions"}],"wp:featuredmedia":[{"embeddable":true,"href":"https:\/\/theuncommonshop.ch\/fr\/wp-json\/wp\/v2\/media\/105555"}],"wp:attachment":[{"href":"https:\/\/theuncommonshop.ch\/fr\/wp-json\/wp\/v2\/media?parent=325182"}],"wp:term":[{"taxonomy":"product_brand","embeddable":true,"href":"https:\/\/theuncommonshop.ch\/fr\/wp-json\/wp\/v2\/product_brand?post=325182"},{"taxonomy":"product_cat","embeddable":true,"href":"https:\/\/theuncommonshop.ch\/fr\/wp-json\/wp\/v2\/product_cat?post=325182"},{"taxonomy":"product_tag","embeddable":true,"href":"https:\/\/theuncommonshop.ch\/fr\/wp-json\/wp\/v2\/product_tag?post=325182"}],"curies":[{"name":"wp","href":"https:\/\/api.w.org\/{rel}","templated":true}]}}