{"id":324992,"date":"2025-06-04T06:25:15","date_gmt":"2025-06-04T06:25:15","guid":{"rendered":"http:\/\/theuncommonshop.ch\/produkt\/324992\/"},"modified":"2026-03-31T14:57:42","modified_gmt":"2026-03-31T12:57:42","slug":"digimon-card-game-adventure-box-3-ab03-en-2","status":"publish","type":"product","link":"https:\/\/theuncommonshop.ch\/fr\/product\/digimon-card-game-adventure-box-3-ab03-en-2\/","title":{"rendered":"Digimon Card Game &#8211; Adventure Box 3 (AB03)"},"content":{"rendered":"<div>Le DIGIMON CARD GAME ADVENTURE BOX 2024 contient 4 paquets de BT16, 1 figurine exclusive Digimon Memory Counter (6 types au total) et 2 cartes Alt Art Promo (4 types au total) !<\/div>\n<div><\/div>\n<div>Les Digimon populaires du film DIGIMON ADVENTURE 02 &#8211; THE BEGINNING &#8211; ont leur propre compteur de m\u00e9moire ! Vous pouvez maintenant jouer au jeu de cartes Digimon avec des compteurs de m\u00e9moire de Veemon et d&#8217;autres Digimon ! <\/div>\n<div><\/div>\n<div>1 des 6 nouvelles cartes PR au design ancien sont incluses ! 2 cartes du m\u00eame type sont incluses, il est donc facile de compl\u00e9ter un deck ! Ce set contient \u00e0 la fois des personnages du film et les nouveaux personnages Lui Ohwada et Ukkomon !  <\/div>\n<div><\/div>\n<div>Contenu<\/div>\n<div>x4 paquets (BT16)<\/div>\n<div>x1 Figure exclusive (compteur de m\u00e9moire, 4 types)<\/div>\n<div>x2 carte Promo (6 types)<\/div>\n<div><\/div>\n<div>C\/UC x66<\/div>\n<div>Rare x22<\/div>\n<div>Super Rares (tr\u00e8s rares) x12<\/div>\n<div>Raret\u00e9 secr\u00e8te x3<\/div>\n<div>Carte sp\u00e9ciale x4<\/div>\n<div><\/div>\n<div>107 types de cartes<\/div>\n<div><\/div>\n<p>*Comprend \u00e9galement des cartes d&#8217;art et\/ou de design alternatives des types mentionn\u00e9s ci-dessus.<\/p>\n","protected":false},"excerpt":{"rendered":"<p>Le DIGIMON CARD GAME ADVENTURE BOX 2024 contient 4 paquets de BT16, 1 figurine exclusive Digimon Memory Counter (6 types<\/p>\n","protected":false},"featured_media":103907,"comment_status":"open","ping_status":"closed","template":"","meta":{"_acf_changed":false},"product_brand":[5144,5100,5162],"product_cat":[10015],"product_tag":[],"class_list":{"0":"post-324992","1":"product","2":"type-product","3":"status-publish","4":"has-post-thumbnail","6":"product_brand-bandai","7":"product_brand-bandai-tcg","8":"product_brand-digimon-card-game","9":"product_cat-coffrets-et-collections-digimon","11":"first","12":"instock","13":"sale","14":"taxable","15":"shipping-taxable","16":"purchasable","17":"product-type-variable"},"acf":[],"yoast_head":"<!-- This site is optimized with the Yoast SEO plugin v27.4 - https:\/\/yoast.com\/product\/yoast-seo-wordpress\/ -->\n<title>Ach\u00e8te Digimon Card Game - Adventure Box 3 (AB03)<\/title>\n<meta name=\"description\" content=\"Ach\u00e8te Digimon Card Game - Adventure Box 3 (AB03) en ligne maintenant \u00e0 petit prix! Ton #1 shop pour cartes TCG &amp; Pok\u00e9mon en Suisse \u2713 Livraison gratuite d\u00e8s CHF 29\" \/>\n<meta name=\"robots\" content=\"index, follow, max-snippet:-1, max-image-preview:large, max-video-preview:-1\" \/>\n<link rel=\"canonical\" href=\"https:\/\/theuncommonshop.ch\/fr\/product\/digimon-card-game-adventure-box-3-ab03-en-2\/\" \/>\n<meta property=\"og:locale\" content=\"fr_FR\" \/>\n<meta property=\"og:type\" content=\"article\" \/>\n<meta property=\"og:title\" content=\"Ach\u00e8te Digimon Card Game - Adventure Box 3 (AB03)\" \/>\n<meta property=\"og:description\" content=\"Ach\u00e8te Digimon Card Game - Adventure Box 3 (AB03) en ligne maintenant \u00e0 petit prix! Ton #1 shop pour cartes TCG &amp; Pok\u00e9mon en Suisse \u2713 Livraison gratuite d\u00e8s CHF 29\" \/>\n<meta property=\"og:url\" content=\"https:\/\/theuncommonshop.ch\/fr\/product\/digimon-card-game-adventure-box-3-ab03-en-2\/\" \/>\n<meta property=\"og:site_name\" content=\"The Uncommon Shop\" \/>\n<meta property=\"article:modified_time\" content=\"2026-03-31T12:57:42+00:00\" \/>\n<meta property=\"og:image\" content=\"https:\/\/theuncommonshop.ch\/wp-content\/uploads\/2025\/06\/4343684320.jpg\" \/>\n\t<meta property=\"og:image:width\" content=\"1080\" \/>\n\t<meta property=\"og:image:height\" content=\"1080\" \/>\n\t<meta property=\"og:image:type\" content=\"image\/jpeg\" \/>\n<meta name=\"twitter:card\" content=\"summary_large_image\" \/>\n<meta name=\"twitter:label1\" content=\"Disponibilit\u00e9\" \/>\n\t<meta name=\"twitter:data1\" content=\"En stock\" \/>\n<script type=\"application\/ld+json\" class=\"yoast-schema-graph\">{\"@context\":\"https:\\\/\\\/schema.org\",\"@graph\":[{\"@type\":\"WebPage\",\"@id\":\"https:\\\/\\\/theuncommonshop.ch\\\/fr\\\/product\\\/digimon-card-game-adventure-box-3-ab03-en-2\\\/\",\"url\":\"https:\\\/\\\/theuncommonshop.ch\\\/fr\\\/product\\\/digimon-card-game-adventure-box-3-ab03-en-2\\\/\",\"name\":\"Ach\u00e8te Digimon Card Game - Adventure Box 3 (AB03)\",\"isPartOf\":{\"@id\":\"https:\\\/\\\/theuncommonshop.ch\\\/fr\\\/#website\"},\"primaryImageOfPage\":{\"@id\":\"https:\\\/\\\/theuncommonshop.ch\\\/fr\\\/product\\\/digimon-card-game-adventure-box-3-ab03-en-2\\\/#primaryimage\"},\"image\":{\"@id\":\"https:\\\/\\\/theuncommonshop.ch\\\/fr\\\/product\\\/digimon-card-game-adventure-box-3-ab03-en-2\\\/#primaryimage\"},\"thumbnailUrl\":\"https:\\\/\\\/theuncommonshop.ch\\\/wp-content\\\/uploads\\\/2025\\\/06\\\/4343684320.jpg\",\"datePublished\":\"2025-06-04T06:25:15+00:00\",\"dateModified\":\"2026-03-31T12:57:42+00:00\",\"description\":\"Ach\u00e8te Digimon Card Game - Adventure Box 3 (AB03) en ligne maintenant \u00e0 petit prix! Ton #1 shop pour cartes TCG & Pok\u00e9mon en Suisse \u2713 Livraison gratuite d\u00e8s CHF 29\",\"breadcrumb\":{\"@id\":\"https:\\\/\\\/theuncommonshop.ch\\\/fr\\\/product\\\/digimon-card-game-adventure-box-3-ab03-en-2\\\/#breadcrumb\"},\"inLanguage\":\"fr-FR\",\"potentialAction\":[{\"@type\":\"ReadAction\",\"target\":[\"https:\\\/\\\/theuncommonshop.ch\\\/fr\\\/product\\\/digimon-card-game-adventure-box-3-ab03-en-2\\\/\"]}]},{\"@type\":\"ImageObject\",\"inLanguage\":\"fr-FR\",\"@id\":\"https:\\\/\\\/theuncommonshop.ch\\\/fr\\\/product\\\/digimon-card-game-adventure-box-3-ab03-en-2\\\/#primaryimage\",\"url\":\"https:\\\/\\\/theuncommonshop.ch\\\/wp-content\\\/uploads\\\/2025\\\/06\\\/4343684320.jpg\",\"contentUrl\":\"https:\\\/\\\/theuncommonshop.ch\\\/wp-content\\\/uploads\\\/2025\\\/06\\\/4343684320.jpg\",\"width\":1080,\"height\":1080,\"caption\":\"MIGRATION_FIX_2026 [ECWID_RESTORED : 2026-03-29 12:26:25]\"},{\"@type\":\"BreadcrumbList\",\"@id\":\"https:\\\/\\\/theuncommonshop.ch\\\/fr\\\/product\\\/digimon-card-game-adventure-box-3-ab03-en-2\\\/#breadcrumb\",\"itemListElement\":[{\"@type\":\"ListItem\",\"position\":1,\"name\":\"Accueil\",\"item\":\"https:\\\/\\\/theuncommonshop.ch\\\/fr\\\/accueil\\\/\"},{\"@type\":\"ListItem\",\"position\":2,\"name\":\"Boutique\",\"item\":\"https:\\\/\\\/theuncommonshop.ch\\\/fr\\\/boutique\\\/\"},{\"@type\":\"ListItem\",\"position\":3,\"name\":\"Autres cartes \u00e0 collectionner\",\"item\":\"https:\\\/\\\/theuncommonshop.ch\\\/fr\\\/categorie-produit\\\/autres-cartes-a-collectionner\\\/\"},{\"@type\":\"ListItem\",\"position\":4,\"name\":\"Digimon\",\"item\":\"https:\\\/\\\/theuncommonshop.ch\\\/fr\\\/categorie-produit\\\/autres-cartes-a-collectionner\\\/digimon-fr\\\/\"},{\"@type\":\"ListItem\",\"position\":5,\"name\":\"Coffrets & collections\",\"item\":\"https:\\\/\\\/theuncommonshop.ch\\\/fr\\\/categorie-produit\\\/autres-cartes-a-collectionner\\\/digimon-fr\\\/coffrets-et-collections-digimon\\\/\"},{\"@type\":\"ListItem\",\"position\":6,\"name\":\"Digimon Card Game &#8211; Adventure Box 3 (AB03)\"}]},{\"@type\":\"WebSite\",\"@id\":\"https:\\\/\\\/theuncommonshop.ch\\\/fr\\\/#website\",\"url\":\"https:\\\/\\\/theuncommonshop.ch\\\/fr\\\/\",\"name\":\"The Uncommon Shop\",\"description\":\"Magic, Pok\u00e9mon and Yu-gi-oh - The Uncommon Shop\",\"potentialAction\":[{\"@type\":\"SearchAction\",\"target\":{\"@type\":\"EntryPoint\",\"urlTemplate\":\"https:\\\/\\\/theuncommonshop.ch\\\/fr\\\/?s={search_term_string}\"},\"query-input\":{\"@type\":\"PropertyValueSpecification\",\"valueRequired\":true,\"valueName\":\"search_term_string\"}}],\"inLanguage\":\"fr-FR\"}]}<\/script>\n<meta property=\"og:availability\" content=\"instock\" \/>\n<meta property=\"product:availability\" content=\"instock\" \/>\n<meta property=\"product:retailer_item_id\" content=\"DIGI.I.A.AdventBoxIII.EN\" \/>\n<meta property=\"product:condition\" content=\"new\" \/>\n<!-- \/ Yoast SEO plugin. -->","yoast_head_json":{"title":"Ach\u00e8te Digimon Card Game - Adventure Box 3 (AB03)","description":"Ach\u00e8te Digimon Card Game - Adventure Box 3 (AB03) en ligne maintenant \u00e0 petit prix! Ton #1 shop pour cartes TCG & Pok\u00e9mon en Suisse \u2713 Livraison gratuite d\u00e8s CHF 29","robots":{"index":"index","follow":"follow","max-snippet":"max-snippet:-1","max-image-preview":"max-image-preview:large","max-video-preview":"max-video-preview:-1"},"canonical":"https:\/\/theuncommonshop.ch\/fr\/product\/digimon-card-game-adventure-box-3-ab03-en-2\/","og_locale":"fr_FR","og_type":"article","og_title":"Ach\u00e8te Digimon Card Game - Adventure Box 3 (AB03)","og_description":"Ach\u00e8te Digimon Card Game - Adventure Box 3 (AB03) en ligne maintenant \u00e0 petit prix! Ton #1 shop pour cartes TCG & Pok\u00e9mon en Suisse \u2713 Livraison gratuite d\u00e8s CHF 29","og_url":"https:\/\/theuncommonshop.ch\/fr\/product\/digimon-card-game-adventure-box-3-ab03-en-2\/","og_site_name":"The Uncommon Shop","article_modified_time":"2026-03-31T12:57:42+00:00","og_image":[{"width":1080,"height":1080,"url":"https:\/\/theuncommonshop.ch\/wp-content\/uploads\/2025\/06\/4343684320.jpg","type":"image\/jpeg"}],"twitter_card":"summary_large_image","twitter_misc":{"Disponibilit\u00e9":"En stock"},"schema":{"@context":"https:\/\/schema.org","@graph":[{"@type":"WebPage","@id":"https:\/\/theuncommonshop.ch\/fr\/product\/digimon-card-game-adventure-box-3-ab03-en-2\/","url":"https:\/\/theuncommonshop.ch\/fr\/product\/digimon-card-game-adventure-box-3-ab03-en-2\/","name":"Ach\u00e8te Digimon Card Game - Adventure Box 3 (AB03)","isPartOf":{"@id":"https:\/\/theuncommonshop.ch\/fr\/#website"},"primaryImageOfPage":{"@id":"https:\/\/theuncommonshop.ch\/fr\/product\/digimon-card-game-adventure-box-3-ab03-en-2\/#primaryimage"},"image":{"@id":"https:\/\/theuncommonshop.ch\/fr\/product\/digimon-card-game-adventure-box-3-ab03-en-2\/#primaryimage"},"thumbnailUrl":"https:\/\/theuncommonshop.ch\/wp-content\/uploads\/2025\/06\/4343684320.jpg","datePublished":"2025-06-04T06:25:15+00:00","dateModified":"2026-03-31T12:57:42+00:00","description":"Ach\u00e8te Digimon Card Game - Adventure Box 3 (AB03) en ligne maintenant \u00e0 petit prix! Ton #1 shop pour cartes TCG & Pok\u00e9mon en Suisse \u2713 Livraison gratuite d\u00e8s CHF 29","breadcrumb":{"@id":"https:\/\/theuncommonshop.ch\/fr\/product\/digimon-card-game-adventure-box-3-ab03-en-2\/#breadcrumb"},"inLanguage":"fr-FR","potentialAction":[{"@type":"ReadAction","target":["https:\/\/theuncommonshop.ch\/fr\/product\/digimon-card-game-adventure-box-3-ab03-en-2\/"]}]},{"@type":"ImageObject","inLanguage":"fr-FR","@id":"https:\/\/theuncommonshop.ch\/fr\/product\/digimon-card-game-adventure-box-3-ab03-en-2\/#primaryimage","url":"https:\/\/theuncommonshop.ch\/wp-content\/uploads\/2025\/06\/4343684320.jpg","contentUrl":"https:\/\/theuncommonshop.ch\/wp-content\/uploads\/2025\/06\/4343684320.jpg","width":1080,"height":1080,"caption":"MIGRATION_FIX_2026 [ECWID_RESTORED : 2026-03-29 12:26:25]"},{"@type":"BreadcrumbList","@id":"https:\/\/theuncommonshop.ch\/fr\/product\/digimon-card-game-adventure-box-3-ab03-en-2\/#breadcrumb","itemListElement":[{"@type":"ListItem","position":1,"name":"Accueil","item":"https:\/\/theuncommonshop.ch\/fr\/accueil\/"},{"@type":"ListItem","position":2,"name":"Boutique","item":"https:\/\/theuncommonshop.ch\/fr\/boutique\/"},{"@type":"ListItem","position":3,"name":"Autres cartes \u00e0 collectionner","item":"https:\/\/theuncommonshop.ch\/fr\/categorie-produit\/autres-cartes-a-collectionner\/"},{"@type":"ListItem","position":4,"name":"Digimon","item":"https:\/\/theuncommonshop.ch\/fr\/categorie-produit\/autres-cartes-a-collectionner\/digimon-fr\/"},{"@type":"ListItem","position":5,"name":"Coffrets & collections","item":"https:\/\/theuncommonshop.ch\/fr\/categorie-produit\/autres-cartes-a-collectionner\/digimon-fr\/coffrets-et-collections-digimon\/"},{"@type":"ListItem","position":6,"name":"Digimon Card Game &#8211; Adventure Box 3 (AB03)"}]},{"@type":"WebSite","@id":"https:\/\/theuncommonshop.ch\/fr\/#website","url":"https:\/\/theuncommonshop.ch\/fr\/","name":"The Uncommon Shop","description":"Magic, Pok\u00e9mon and Yu-gi-oh - The Uncommon Shop","potentialAction":[{"@type":"SearchAction","target":{"@type":"EntryPoint","urlTemplate":"https:\/\/theuncommonshop.ch\/fr\/?s={search_term_string}"},"query-input":{"@type":"PropertyValueSpecification","valueRequired":true,"valueName":"search_term_string"}}],"inLanguage":"fr-FR"}]},"og_availability":"instock","product_availability":"instock","product_retailer_item_id":"DIGI.I.A.AdventBoxIII.EN","product_condition":"new"},"_links":{"self":[{"href":"https:\/\/theuncommonshop.ch\/fr\/wp-json\/wp\/v2\/product\/324992","targetHints":{"allow":["GET"]}}],"collection":[{"href":"https:\/\/theuncommonshop.ch\/fr\/wp-json\/wp\/v2\/product"}],"about":[{"href":"https:\/\/theuncommonshop.ch\/fr\/wp-json\/wp\/v2\/types\/product"}],"replies":[{"embeddable":true,"href":"https:\/\/theuncommonshop.ch\/fr\/wp-json\/wp\/v2\/comments?post=324992"}],"version-history":[{"count":0,"href":"https:\/\/theuncommonshop.ch\/fr\/wp-json\/wp\/v2\/product\/324992\/revisions"}],"wp:featuredmedia":[{"embeddable":true,"href":"https:\/\/theuncommonshop.ch\/fr\/wp-json\/wp\/v2\/media\/103907"}],"wp:attachment":[{"href":"https:\/\/theuncommonshop.ch\/fr\/wp-json\/wp\/v2\/media?parent=324992"}],"wp:term":[{"taxonomy":"product_brand","embeddable":true,"href":"https:\/\/theuncommonshop.ch\/fr\/wp-json\/wp\/v2\/product_brand?post=324992"},{"taxonomy":"product_cat","embeddable":true,"href":"https:\/\/theuncommonshop.ch\/fr\/wp-json\/wp\/v2\/product_cat?post=324992"},{"taxonomy":"product_tag","embeddable":true,"href":"https:\/\/theuncommonshop.ch\/fr\/wp-json\/wp\/v2\/product_tag?post=324992"}],"curies":[{"name":"wp","href":"https:\/\/api.w.org\/{rel}","templated":true}]}}