{"id":324966,"date":"2025-06-04T06:24:23","date_gmt":"2025-06-04T04:24:23","guid":{"rendered":"http:\/\/theuncommonshop.ch\/produkt\/324966\/"},"modified":"2026-03-29T13:49:14","modified_gmt":"2026-03-29T11:49:14","slug":"yu-gi-oh-legendary-decks-ii-unlimited-2","status":"publish","type":"product","link":"https:\/\/theuncommonshop.ch\/fr\/product\/yu-gi-oh-legendary-decks-ii-unlimited-2\/","title":{"rendered":"Yu-Gi-Oh ! &#8211; Legendary Decks II UNLIMITED"},"content":{"rendered":"<p>&#8220;Exodia, attaque ! Finissez le jeu !&#8221; Les mots par lesquels Yugi termine son premier duel dans la s\u00e9rie Anime ne sont que le d\u00e9but dans Legendary Decks II ! Legendary Decks II suit les traces de Yugi, Kaiba et Joey du Royaume des Duellistes \u00e0 Battle City avec 3 decks uniques qui vous feront d\u00e9couvrir leurs meilleures strat\u00e9gies ! Le Box Set Legendary Decks II contient 3 decks pr\u00e9construits :   <\/p>\n<p>&#8211; Deck de 43 cartes bas\u00e9 sur Yugi et son Exodia inarr\u00eatable. Pour la premi\u00e8re fois en 8 ans, de toutes nouvelles cartes sont incluses pour assembler l&#8217;Exodia compos\u00e9e de 5 parties. Le deck comprend \u00e9galement 3 versions jouables des dieux \u00e9gyptiens, disponibles ensemble pour la premi\u00e8re fois !  <\/p>\n<p>&#8211; Deck de 43 cartes bas\u00e9 sur Seto Kaiba et son Dragon Blanc aux Yeux Bleus. Le deck contient en plus de nombreux monstres puissants et des cartes de sorts et de pi\u00e8ges destructeurs ! <\/p>\n<p>&#8211; Deck de 43 cartes bas\u00e9 sur Joey Wheeler et son Dragon noir aux yeux rouges. Personne n&#8217;a autant grandi en tant que duelliste d&#8217;un \u00e9pisode \u00e0 l&#8217;autre que Joey Wheeler, c&#8217;est pourquoi son Blitz Deck comprend des cartes qui deviennent plus fortes \u00e0 chaque tour, comme le Dragon de M\u00e9tal de Phare aux Yeux Rouges et l&#8217;Archipel des Yeux Rouges de la Foudre. <\/p>\n<p>Sont \u00e9galement incluses 3 toutes nouvelles cartes Secret Rare (sp\u00e9cialement pour le Mage Noir et la Fille Mage Noir : Eternal Soul, Dark Burning Attack &amp; Dark Burning Magic) et 3 cartes de jetons Ultra Rares. Sur chacune d&#8217;entre elles, l&#8217;un des 3 duellistes l\u00e9gendaires est repr\u00e9sent\u00e9 avec son monstre associ\u00e9. <\/p>\n","protected":false},"excerpt":{"rendered":"<p>&#8220;Exodia, attaque ! Finissez le jeu !&#8221; Les mots par lesquels Yugi termine son premier duel dans la s\u00e9rie Anime<\/p>\n","protected":false},"featured_media":103888,"comment_status":"open","ping_status":"closed","template":"","meta":{"_acf_changed":false},"product_brand":[5074,5112],"product_cat":[9839,9779],"product_tag":[],"class_list":{"0":"post-324966","1":"product","2":"type-product","3":"status-publish","4":"has-post-thumbnail","6":"product_brand-konami","7":"product_brand-yu-gi-oh","8":"product_cat-coffrets-et-collections-yugioh","9":"product_cat-yu-gi-oh-fr","11":"first","12":"outofstock","13":"taxable","14":"shipping-taxable","15":"purchasable","16":"product-type-variable"},"acf":[],"yoast_head":"<!-- This site is optimized with the Yoast SEO plugin v27.4 - https:\/\/yoast.com\/product\/yoast-seo-wordpress\/ -->\n<title>Ach\u00e8te Yu-Gi-Oh ! - Legendary Decks II UNLIMITED<\/title>\n<meta name=\"description\" content=\"Ach\u00e8te Yu-Gi-Oh ! - Legendary Decks II UNLIMITED en ligne maintenant \u00e0 petit prix! Ton #1 shop pour cartes TCG &amp; Pok\u00e9mon en Suisse \u2713 Livraison gratuite d\u00e8s CHF 29\" \/>\n<meta name=\"robots\" content=\"index, follow, max-snippet:-1, max-image-preview:large, max-video-preview:-1\" \/>\n<link rel=\"canonical\" href=\"https:\/\/theuncommonshop.ch\/fr\/product\/yu-gi-oh-legendary-decks-ii-unlimited-2\/\" \/>\n<meta property=\"og:locale\" content=\"fr_FR\" \/>\n<meta property=\"og:type\" content=\"article\" \/>\n<meta property=\"og:title\" content=\"Ach\u00e8te Yu-Gi-Oh ! - Legendary Decks II UNLIMITED\" \/>\n<meta property=\"og:description\" content=\"Ach\u00e8te Yu-Gi-Oh ! - Legendary Decks II UNLIMITED en ligne maintenant \u00e0 petit prix! Ton #1 shop pour cartes TCG &amp; Pok\u00e9mon en Suisse \u2713 Livraison gratuite d\u00e8s CHF 29\" \/>\n<meta property=\"og:url\" content=\"https:\/\/theuncommonshop.ch\/fr\/product\/yu-gi-oh-legendary-decks-ii-unlimited-2\/\" \/>\n<meta property=\"og:site_name\" content=\"Largest trading card shop in Switzerland\" \/>\n<meta property=\"article:modified_time\" content=\"2026-03-29T11:49:14+00:00\" \/>\n<meta property=\"og:image\" content=\"https:\/\/theuncommonshop.ch\/wp-content\/uploads\/2025\/06\/3960830090.jpg\" \/>\n\t<meta property=\"og:image:width\" content=\"1140\" \/>\n\t<meta property=\"og:image:height\" content=\"909\" \/>\n\t<meta property=\"og:image:type\" content=\"image\/jpeg\" \/>\n<meta name=\"twitter:card\" content=\"summary_large_image\" \/>\n<meta name=\"twitter:label1\" content=\"Disponibilit\u00e9\" \/>\n\t<meta name=\"twitter:data1\" content=\"Rupture de stock\" \/>\n<script type=\"application\/ld+json\" class=\"yoast-schema-graph\">{\"@context\":\"https:\\\/\\\/schema.org\",\"@graph\":[{\"@type\":\"WebPage\",\"@id\":\"https:\\\/\\\/theuncommonshop.ch\\\/fr\\\/product\\\/yu-gi-oh-legendary-decks-ii-unlimited-2\\\/\",\"url\":\"https:\\\/\\\/theuncommonshop.ch\\\/fr\\\/product\\\/yu-gi-oh-legendary-decks-ii-unlimited-2\\\/\",\"name\":\"Ach\u00e8te Yu-Gi-Oh ! - Legendary Decks II UNLIMITED\",\"isPartOf\":{\"@id\":\"https:\\\/\\\/theuncommonshop.ch\\\/#website\"},\"primaryImageOfPage\":{\"@id\":\"https:\\\/\\\/theuncommonshop.ch\\\/fr\\\/product\\\/yu-gi-oh-legendary-decks-ii-unlimited-2\\\/#primaryimage\"},\"image\":{\"@id\":\"https:\\\/\\\/theuncommonshop.ch\\\/fr\\\/product\\\/yu-gi-oh-legendary-decks-ii-unlimited-2\\\/#primaryimage\"},\"thumbnailUrl\":\"https:\\\/\\\/theuncommonshop.ch\\\/wp-content\\\/uploads\\\/2025\\\/06\\\/3960830090.jpg\",\"datePublished\":\"2025-06-04T04:24:23+00:00\",\"dateModified\":\"2026-03-29T11:49:14+00:00\",\"description\":\"Ach\u00e8te Yu-Gi-Oh ! - Legendary Decks II UNLIMITED en ligne maintenant \u00e0 petit prix! Ton #1 shop pour cartes TCG & Pok\u00e9mon en Suisse \u2713 Livraison gratuite d\u00e8s CHF 29\",\"breadcrumb\":{\"@id\":\"https:\\\/\\\/theuncommonshop.ch\\\/fr\\\/product\\\/yu-gi-oh-legendary-decks-ii-unlimited-2\\\/#breadcrumb\"},\"inLanguage\":\"fr-FR\",\"potentialAction\":[{\"@type\":\"ReadAction\",\"target\":[\"https:\\\/\\\/theuncommonshop.ch\\\/fr\\\/product\\\/yu-gi-oh-legendary-decks-ii-unlimited-2\\\/\"]}]},{\"@type\":\"ImageObject\",\"inLanguage\":\"fr-FR\",\"@id\":\"https:\\\/\\\/theuncommonshop.ch\\\/fr\\\/product\\\/yu-gi-oh-legendary-decks-ii-unlimited-2\\\/#primaryimage\",\"url\":\"https:\\\/\\\/theuncommonshop.ch\\\/wp-content\\\/uploads\\\/2025\\\/06\\\/3960830090.jpg\",\"contentUrl\":\"https:\\\/\\\/theuncommonshop.ch\\\/wp-content\\\/uploads\\\/2025\\\/06\\\/3960830090.jpg\",\"width\":1140,\"height\":909},{\"@type\":\"BreadcrumbList\",\"@id\":\"https:\\\/\\\/theuncommonshop.ch\\\/fr\\\/product\\\/yu-gi-oh-legendary-decks-ii-unlimited-2\\\/#breadcrumb\",\"itemListElement\":[{\"@type\":\"ListItem\",\"position\":1,\"name\":\"Accueil\",\"item\":\"https:\\\/\\\/theuncommonshop.ch\\\/fr\\\/accueil\\\/\"},{\"@type\":\"ListItem\",\"position\":2,\"name\":\"Boutique\",\"item\":\"https:\\\/\\\/theuncommonshop.ch\\\/fr\\\/boutique\\\/\"},{\"@type\":\"ListItem\",\"position\":3,\"name\":\"Yu-Gi-Oh!\",\"item\":\"https:\\\/\\\/theuncommonshop.ch\\\/fr\\\/categorie-produit\\\/yu-gi-oh-fr\\\/\"},{\"@type\":\"ListItem\",\"position\":4,\"name\":\"Coffrets & collections\",\"item\":\"https:\\\/\\\/theuncommonshop.ch\\\/fr\\\/categorie-produit\\\/yu-gi-oh-fr\\\/coffrets-et-collections-yugioh\\\/\"},{\"@type\":\"ListItem\",\"position\":5,\"name\":\"Yu-Gi-Oh ! &#8211; Legendary Decks II UNLIMITED\"}]},{\"@type\":\"WebSite\",\"@id\":\"https:\\\/\\\/theuncommonshop.ch\\\/#website\",\"url\":\"https:\\\/\\\/theuncommonshop.ch\\\/\",\"name\":\"Largest trading card shop in Switzerland\",\"description\":\"Magic, Pok\u00e9mon and Yu-gi-oh - The Uncommon Shop\",\"potentialAction\":[{\"@type\":\"SearchAction\",\"target\":{\"@type\":\"EntryPoint\",\"urlTemplate\":\"https:\\\/\\\/theuncommonshop.ch\\\/?s={search_term_string}\"},\"query-input\":{\"@type\":\"PropertyValueSpecification\",\"valueRequired\":true,\"valueName\":\"search_term_string\"}}],\"inLanguage\":\"fr-FR\"}]}<\/script>\n<meta property=\"og:availability\" content=\"out of stock\" \/>\n<meta property=\"product:availability\" content=\"out of stock\" \/>\n<meta property=\"product:retailer_item_id\" content=\"YGO.IV.B.LegDeckIIUnl.EN\" \/>\n<meta property=\"product:condition\" content=\"new\" \/>\n<!-- \/ Yoast SEO plugin. -->","yoast_head_json":{"title":"Ach\u00e8te Yu-Gi-Oh ! - Legendary Decks II UNLIMITED","description":"Ach\u00e8te Yu-Gi-Oh ! - Legendary Decks II UNLIMITED en ligne maintenant \u00e0 petit prix! Ton #1 shop pour cartes TCG & Pok\u00e9mon en Suisse \u2713 Livraison gratuite d\u00e8s CHF 29","robots":{"index":"index","follow":"follow","max-snippet":"max-snippet:-1","max-image-preview":"max-image-preview:large","max-video-preview":"max-video-preview:-1"},"canonical":"https:\/\/theuncommonshop.ch\/fr\/product\/yu-gi-oh-legendary-decks-ii-unlimited-2\/","og_locale":"fr_FR","og_type":"article","og_title":"Ach\u00e8te Yu-Gi-Oh ! - Legendary Decks II UNLIMITED","og_description":"Ach\u00e8te Yu-Gi-Oh ! - Legendary Decks II UNLIMITED en ligne maintenant \u00e0 petit prix! Ton #1 shop pour cartes TCG & Pok\u00e9mon en Suisse \u2713 Livraison gratuite d\u00e8s CHF 29","og_url":"https:\/\/theuncommonshop.ch\/fr\/product\/yu-gi-oh-legendary-decks-ii-unlimited-2\/","og_site_name":"Largest trading card shop in Switzerland","article_modified_time":"2026-03-29T11:49:14+00:00","og_image":[{"width":1140,"height":909,"url":"https:\/\/theuncommonshop.ch\/wp-content\/uploads\/2025\/06\/3960830090.jpg","type":"image\/jpeg"}],"twitter_card":"summary_large_image","twitter_misc":{"Disponibilit\u00e9":"Rupture de stock"},"schema":{"@context":"https:\/\/schema.org","@graph":[{"@type":"WebPage","@id":"https:\/\/theuncommonshop.ch\/fr\/product\/yu-gi-oh-legendary-decks-ii-unlimited-2\/","url":"https:\/\/theuncommonshop.ch\/fr\/product\/yu-gi-oh-legendary-decks-ii-unlimited-2\/","name":"Ach\u00e8te Yu-Gi-Oh ! - Legendary Decks II UNLIMITED","isPartOf":{"@id":"https:\/\/theuncommonshop.ch\/#website"},"primaryImageOfPage":{"@id":"https:\/\/theuncommonshop.ch\/fr\/product\/yu-gi-oh-legendary-decks-ii-unlimited-2\/#primaryimage"},"image":{"@id":"https:\/\/theuncommonshop.ch\/fr\/product\/yu-gi-oh-legendary-decks-ii-unlimited-2\/#primaryimage"},"thumbnailUrl":"https:\/\/theuncommonshop.ch\/wp-content\/uploads\/2025\/06\/3960830090.jpg","datePublished":"2025-06-04T04:24:23+00:00","dateModified":"2026-03-29T11:49:14+00:00","description":"Ach\u00e8te Yu-Gi-Oh ! - Legendary Decks II UNLIMITED en ligne maintenant \u00e0 petit prix! Ton #1 shop pour cartes TCG & Pok\u00e9mon en Suisse \u2713 Livraison gratuite d\u00e8s CHF 29","breadcrumb":{"@id":"https:\/\/theuncommonshop.ch\/fr\/product\/yu-gi-oh-legendary-decks-ii-unlimited-2\/#breadcrumb"},"inLanguage":"fr-FR","potentialAction":[{"@type":"ReadAction","target":["https:\/\/theuncommonshop.ch\/fr\/product\/yu-gi-oh-legendary-decks-ii-unlimited-2\/"]}]},{"@type":"ImageObject","inLanguage":"fr-FR","@id":"https:\/\/theuncommonshop.ch\/fr\/product\/yu-gi-oh-legendary-decks-ii-unlimited-2\/#primaryimage","url":"https:\/\/theuncommonshop.ch\/wp-content\/uploads\/2025\/06\/3960830090.jpg","contentUrl":"https:\/\/theuncommonshop.ch\/wp-content\/uploads\/2025\/06\/3960830090.jpg","width":1140,"height":909},{"@type":"BreadcrumbList","@id":"https:\/\/theuncommonshop.ch\/fr\/product\/yu-gi-oh-legendary-decks-ii-unlimited-2\/#breadcrumb","itemListElement":[{"@type":"ListItem","position":1,"name":"Accueil","item":"https:\/\/theuncommonshop.ch\/fr\/accueil\/"},{"@type":"ListItem","position":2,"name":"Boutique","item":"https:\/\/theuncommonshop.ch\/fr\/boutique\/"},{"@type":"ListItem","position":3,"name":"Yu-Gi-Oh!","item":"https:\/\/theuncommonshop.ch\/fr\/categorie-produit\/yu-gi-oh-fr\/"},{"@type":"ListItem","position":4,"name":"Coffrets & collections","item":"https:\/\/theuncommonshop.ch\/fr\/categorie-produit\/yu-gi-oh-fr\/coffrets-et-collections-yugioh\/"},{"@type":"ListItem","position":5,"name":"Yu-Gi-Oh ! &#8211; Legendary Decks II UNLIMITED"}]},{"@type":"WebSite","@id":"https:\/\/theuncommonshop.ch\/#website","url":"https:\/\/theuncommonshop.ch\/","name":"Largest trading card shop in Switzerland","description":"Magic, Pok\u00e9mon and Yu-gi-oh - The Uncommon Shop","potentialAction":[{"@type":"SearchAction","target":{"@type":"EntryPoint","urlTemplate":"https:\/\/theuncommonshop.ch\/?s={search_term_string}"},"query-input":{"@type":"PropertyValueSpecification","valueRequired":true,"valueName":"search_term_string"}}],"inLanguage":"fr-FR"}]},"og_availability":"out of stock","product_availability":"out of stock","product_retailer_item_id":"YGO.IV.B.LegDeckIIUnl.EN","product_condition":"new"},"_links":{"self":[{"href":"https:\/\/theuncommonshop.ch\/fr\/wp-json\/wp\/v2\/product\/324966","targetHints":{"allow":["GET"]}}],"collection":[{"href":"https:\/\/theuncommonshop.ch\/fr\/wp-json\/wp\/v2\/product"}],"about":[{"href":"https:\/\/theuncommonshop.ch\/fr\/wp-json\/wp\/v2\/types\/product"}],"replies":[{"embeddable":true,"href":"https:\/\/theuncommonshop.ch\/fr\/wp-json\/wp\/v2\/comments?post=324966"}],"version-history":[{"count":2,"href":"https:\/\/theuncommonshop.ch\/fr\/wp-json\/wp\/v2\/product\/324966\/revisions"}],"predecessor-version":[{"id":356698,"href":"https:\/\/theuncommonshop.ch\/fr\/wp-json\/wp\/v2\/product\/324966\/revisions\/356698"}],"wp:featuredmedia":[{"embeddable":true,"href":"https:\/\/theuncommonshop.ch\/fr\/wp-json\/wp\/v2\/media\/103888"}],"wp:attachment":[{"href":"https:\/\/theuncommonshop.ch\/fr\/wp-json\/wp\/v2\/media?parent=324966"}],"wp:term":[{"taxonomy":"product_brand","embeddable":true,"href":"https:\/\/theuncommonshop.ch\/fr\/wp-json\/wp\/v2\/product_brand?post=324966"},{"taxonomy":"product_cat","embeddable":true,"href":"https:\/\/theuncommonshop.ch\/fr\/wp-json\/wp\/v2\/product_cat?post=324966"},{"taxonomy":"product_tag","embeddable":true,"href":"https:\/\/theuncommonshop.ch\/fr\/wp-json\/wp\/v2\/product_tag?post=324966"}],"curies":[{"name":"wp","href":"https:\/\/api.w.org\/{rel}","templated":true}]}}