{"id":324866,"date":"2025-06-04T06:08:28","date_gmt":"2025-06-04T06:08:28","guid":{"rendered":"http:\/\/theuncommonshop.ch\/produkt\/324866\/"},"modified":"2026-03-28T18:09:06","modified_gmt":"2026-03-28T17:09:06","slug":"warhammer-40-000-adeptus-mechanicus-skitarii-2","status":"publish","type":"product","link":"https:\/\/theuncommonshop.ch\/fr\/product\/warhammer-40-000-adeptus-mechanicus-skitarii-2\/","title":{"rendered":"Warhammer 40.000 &#8211; Adeptus Mechanicus : Skitarii"},"content":{"rendered":"<p>Les Rangers Skitarii sont des chasseurs implacables qui utilisent des armes \u00e9tranges utilisant l&#8217;\u00e9nergie des mondes-usines. Pour les Rangers Skitarii, une mission n&#8217;est pas termin\u00e9e tant que l&#8217;ennemi n&#8217;est pas compl\u00e8tement d\u00e9truit, m\u00eame si cela signifie qu&#8217;ils doivent le poursuivre \u00e0 travers la galaxie pendant des d\u00e9cennies. <\/p>\n<p>Les Skitarii Rangers portent des cagoules et des masques \u00e0 gaz, et chassent leurs proies avec des fusils galvaniques. Chacun d&#8217;entre eux porte une armure de guerre Skitarii ferm\u00e9e et lourde, arborant le symbole de l&#8217;Adeptus Mechanicus et parsem\u00e9e de capteurs environnementaux, d&#8217;antennes et de collecteurs de donn\u00e9es. En raison du terrain accident\u00e9 de Mars, leurs membres inf\u00e9rieurs ont \u00e9t\u00e9 retir\u00e9s et remplac\u00e9s par des membres bioniques, ce qui ne fait que renforcer l&#8217;impression de cybern\u00e9tique froide.  <\/p>\n<p>L&#8217;unit\u00e9 peut contenir un alpha, qui peut \u00eatre \u00e9quip\u00e9 d&#8217;un pistolet au radium ou \u00e0 arc \u00e9lectrique et d&#8217;une arme de m\u00eal\u00e9e (\u00e9p\u00e9e \u00e9nerg\u00e9tique, b\u00e2ton de taser ou crosse \u00e0 arc \u00e9lectrique). Trois mod\u00e8les peuvent porter des armes sp\u00e9ciales, et vous avez le choix entre l&#8217;arquebuse transuranienne, le fusil \u00e0 arc et le calife \u00e0 plasma, ce dernier comprenant \u00e9galement une t\u00eate et un module dorsal. L&#8217;Alpha peut \u00e9galement \u00eatre \u00e9quip\u00e9 d&#8217;une liaison de donn\u00e9es renforc\u00e9e ou d&#8217;un Omnispex, ce qui illustre bien la compulsion de l&#8217;Adeptus Mechanicus \u00e0 collecter des donn\u00e9es.  <\/p>\n<p>Ce kit de construction en plastique en plusieurs parties contient tout ce dont vous avez besoin pour construire dix Skitarii Rangers ou dix Skitarii Vanguards. Le kit contient 124 \u00e9l\u00e9ments, dont 23 t\u00eates (dont onze Skitarii Rangers), 25 armes, une petite planche de d\u00e9calcomanies, une base ovale Citadel (60 mm x 35,5 mm) et dix bases rondes Citadel (25 mm). <\/p>\n","protected":false},"excerpt":{"rendered":"<p>Les Rangers Skitarii sont des chasseurs implacables qui utilisent des armes \u00e9tranges utilisant l&#8217;\u00e9nergie des mondes-usines. Pour les Rangers Skitarii,<\/p>\n","protected":false},"featured_media":103573,"comment_status":"open","ping_status":"closed","template":"","meta":{"_acf_changed":false},"product_brand":[5078,5154],"product_cat":[9925,9927],"product_tag":[],"class_list":{"0":"post-324866","1":"product","2":"type-product","3":"status-publish","4":"has-post-thumbnail","6":"product_brand-games-workshop","7":"product_brand-warhammer","8":"product_cat-tabletop-fr","9":"product_cat-warhammer-40k-fr","11":"first","12":"outofstock","13":"taxable","14":"shipping-taxable","15":"purchasable","16":"product-type-simple"},"acf":[],"yoast_head":"<!-- This site is optimized with the Yoast SEO plugin v27.4 - https:\/\/yoast.com\/product\/yoast-seo-wordpress\/ -->\n<title>Ach\u00e8te Warhammer 40.000 - Adeptus Mechanicus : Skitarii<\/title>\n<meta name=\"description\" content=\"Ach\u00e8te Warhammer 40.000 - Adeptus Mechanicus : Skitarii en ligne maintenant \u00e0 petit prix! Ton #1 shop pour cartes TCG &amp; Pok\u00e9mon en Suisse \u2713 Livraison gratuite d\u00e8s CHF 29\" \/>\n<meta name=\"robots\" content=\"index, follow, max-snippet:-1, max-image-preview:large, max-video-preview:-1\" \/>\n<link rel=\"canonical\" href=\"https:\/\/theuncommonshop.ch\/fr\/product\/warhammer-40-000-adeptus-mechanicus-skitarii-2\/\" \/>\n<meta property=\"og:locale\" content=\"fr_FR\" \/>\n<meta property=\"og:type\" content=\"article\" \/>\n<meta property=\"og:title\" content=\"Ach\u00e8te Warhammer 40.000 - Adeptus Mechanicus : Skitarii\" \/>\n<meta property=\"og:description\" content=\"Ach\u00e8te Warhammer 40.000 - Adeptus Mechanicus : Skitarii en ligne maintenant \u00e0 petit prix! Ton #1 shop pour cartes TCG &amp; Pok\u00e9mon en Suisse \u2713 Livraison gratuite d\u00e8s CHF 29\" \/>\n<meta property=\"og:url\" content=\"https:\/\/theuncommonshop.ch\/fr\/product\/warhammer-40-000-adeptus-mechanicus-skitarii-2\/\" \/>\n<meta property=\"og:site_name\" content=\"Largest trading card shop in Switzerland\" \/>\n<meta property=\"article:modified_time\" content=\"2026-03-28T17:09:06+00:00\" \/>\n<meta property=\"og:image\" content=\"https:\/\/theuncommonshop.ch\/wp-content\/uploads\/2025\/06\/3947371791.jpg\" \/>\n\t<meta property=\"og:image:width\" content=\"900\" \/>\n\t<meta property=\"og:image:height\" content=\"900\" \/>\n\t<meta property=\"og:image:type\" content=\"image\/jpeg\" \/>\n<meta name=\"twitter:card\" content=\"summary_large_image\" \/>\n<meta name=\"twitter:label1\" content=\"Prix\" \/>\n\t<meta name=\"twitter:data1\" content=\"&#067;&#072;&#070;&nbsp;34.95\" \/>\n\t<meta name=\"twitter:label2\" content=\"Disponibilit\u00e9\" \/>\n\t<meta name=\"twitter:data2\" content=\"Rupture de stock\" \/>\n<script type=\"application\/ld+json\" class=\"yoast-schema-graph\">{\"@context\":\"https:\\\/\\\/schema.org\",\"@graph\":[{\"@type\":\"WebPage\",\"@id\":\"https:\\\/\\\/theuncommonshop.ch\\\/fr\\\/product\\\/warhammer-40-000-adeptus-mechanicus-skitarii-2\\\/\",\"url\":\"https:\\\/\\\/theuncommonshop.ch\\\/fr\\\/product\\\/warhammer-40-000-adeptus-mechanicus-skitarii-2\\\/\",\"name\":\"Ach\u00e8te Warhammer 40.000 - Adeptus Mechanicus : Skitarii\",\"isPartOf\":{\"@id\":\"https:\\\/\\\/theuncommonshop.ch\\\/#website\"},\"primaryImageOfPage\":{\"@id\":\"https:\\\/\\\/theuncommonshop.ch\\\/fr\\\/product\\\/warhammer-40-000-adeptus-mechanicus-skitarii-2\\\/#primaryimage\"},\"image\":{\"@id\":\"https:\\\/\\\/theuncommonshop.ch\\\/fr\\\/product\\\/warhammer-40-000-adeptus-mechanicus-skitarii-2\\\/#primaryimage\"},\"thumbnailUrl\":\"https:\\\/\\\/theuncommonshop.ch\\\/wp-content\\\/uploads\\\/2025\\\/06\\\/3947371791.jpg\",\"datePublished\":\"2025-06-04T06:08:28+00:00\",\"dateModified\":\"2026-03-28T17:09:06+00:00\",\"description\":\"Ach\u00e8te Warhammer 40.000 - Adeptus Mechanicus : Skitarii en ligne maintenant \u00e0 petit prix! Ton #1 shop pour cartes TCG & Pok\u00e9mon en Suisse \u2713 Livraison gratuite d\u00e8s CHF 29\",\"breadcrumb\":{\"@id\":\"https:\\\/\\\/theuncommonshop.ch\\\/fr\\\/product\\\/warhammer-40-000-adeptus-mechanicus-skitarii-2\\\/#breadcrumb\"},\"inLanguage\":\"fr-FR\",\"potentialAction\":[{\"@type\":\"ReadAction\",\"target\":[\"https:\\\/\\\/theuncommonshop.ch\\\/fr\\\/product\\\/warhammer-40-000-adeptus-mechanicus-skitarii-2\\\/\"]}]},{\"@type\":\"ImageObject\",\"inLanguage\":\"fr-FR\",\"@id\":\"https:\\\/\\\/theuncommonshop.ch\\\/fr\\\/product\\\/warhammer-40-000-adeptus-mechanicus-skitarii-2\\\/#primaryimage\",\"url\":\"https:\\\/\\\/theuncommonshop.ch\\\/wp-content\\\/uploads\\\/2025\\\/06\\\/3947371791.jpg\",\"contentUrl\":\"https:\\\/\\\/theuncommonshop.ch\\\/wp-content\\\/uploads\\\/2025\\\/06\\\/3947371791.jpg\",\"width\":900,\"height\":900},{\"@type\":\"BreadcrumbList\",\"@id\":\"https:\\\/\\\/theuncommonshop.ch\\\/fr\\\/product\\\/warhammer-40-000-adeptus-mechanicus-skitarii-2\\\/#breadcrumb\",\"itemListElement\":[{\"@type\":\"ListItem\",\"position\":1,\"name\":\"Accueil\",\"item\":\"https:\\\/\\\/theuncommonshop.ch\\\/fr\\\/accueil\\\/\"},{\"@type\":\"ListItem\",\"position\":2,\"name\":\"Boutique\",\"item\":\"https:\\\/\\\/theuncommonshop.ch\\\/fr\\\/boutique\\\/\"},{\"@type\":\"ListItem\",\"position\":3,\"name\":\"Tabletop\",\"item\":\"https:\\\/\\\/theuncommonshop.ch\\\/fr\\\/categorie-produit\\\/tabletop-fr\\\/\"},{\"@type\":\"ListItem\",\"position\":4,\"name\":\"Warhammer 40k\",\"item\":\"https:\\\/\\\/theuncommonshop.ch\\\/fr\\\/categorie-produit\\\/tabletop-fr\\\/warhammer-40k-fr\\\/\"},{\"@type\":\"ListItem\",\"position\":5,\"name\":\"Warhammer 40.000 &#8211; Adeptus Mechanicus : Skitarii\"}]},{\"@type\":\"WebSite\",\"@id\":\"https:\\\/\\\/theuncommonshop.ch\\\/#website\",\"url\":\"https:\\\/\\\/theuncommonshop.ch\\\/\",\"name\":\"Largest trading card shop in Switzerland\",\"description\":\"Magic, Pok\u00e9mon and Yu-gi-oh - The Uncommon Shop\",\"potentialAction\":[{\"@type\":\"SearchAction\",\"target\":{\"@type\":\"EntryPoint\",\"urlTemplate\":\"https:\\\/\\\/theuncommonshop.ch\\\/?s={search_term_string}\"},\"query-input\":{\"@type\":\"PropertyValueSpecification\",\"valueRequired\":true,\"valueName\":\"search_term_string\"}}],\"inLanguage\":\"fr-FR\"}]}<\/script>\n<meta property=\"product:price:amount\" content=\"34.95\" \/>\n<meta property=\"product:price:currency\" content=\"CHF\" \/>\n<meta property=\"og:availability\" content=\"out of stock\" \/>\n<meta property=\"product:availability\" content=\"out of stock\" \/>\n<meta property=\"product:retailer_item_id\" content=\"WHAdMecSkitarii\" \/>\n<meta property=\"product:condition\" content=\"new\" \/>\n<!-- \/ Yoast SEO plugin. -->","yoast_head_json":{"title":"Ach\u00e8te Warhammer 40.000 - Adeptus Mechanicus : Skitarii","description":"Ach\u00e8te Warhammer 40.000 - Adeptus Mechanicus : Skitarii en ligne maintenant \u00e0 petit prix! Ton #1 shop pour cartes TCG & Pok\u00e9mon en Suisse \u2713 Livraison gratuite d\u00e8s CHF 29","robots":{"index":"index","follow":"follow","max-snippet":"max-snippet:-1","max-image-preview":"max-image-preview:large","max-video-preview":"max-video-preview:-1"},"canonical":"https:\/\/theuncommonshop.ch\/fr\/product\/warhammer-40-000-adeptus-mechanicus-skitarii-2\/","og_locale":"fr_FR","og_type":"article","og_title":"Ach\u00e8te Warhammer 40.000 - Adeptus Mechanicus : Skitarii","og_description":"Ach\u00e8te Warhammer 40.000 - Adeptus Mechanicus : Skitarii en ligne maintenant \u00e0 petit prix! Ton #1 shop pour cartes TCG & Pok\u00e9mon en Suisse \u2713 Livraison gratuite d\u00e8s CHF 29","og_url":"https:\/\/theuncommonshop.ch\/fr\/product\/warhammer-40-000-adeptus-mechanicus-skitarii-2\/","og_site_name":"Largest trading card shop in Switzerland","article_modified_time":"2026-03-28T17:09:06+00:00","og_image":[{"width":900,"height":900,"url":"https:\/\/theuncommonshop.ch\/wp-content\/uploads\/2025\/06\/3947371791.jpg","type":"image\/jpeg"}],"twitter_card":"summary_large_image","twitter_misc":{"Prix":"&#67;&#72;&#70;&nbsp;34.95","Disponibilit\u00e9":"Rupture de stock"},"schema":{"@context":"https:\/\/schema.org","@graph":[{"@type":"WebPage","@id":"https:\/\/theuncommonshop.ch\/fr\/product\/warhammer-40-000-adeptus-mechanicus-skitarii-2\/","url":"https:\/\/theuncommonshop.ch\/fr\/product\/warhammer-40-000-adeptus-mechanicus-skitarii-2\/","name":"Ach\u00e8te Warhammer 40.000 - Adeptus Mechanicus : Skitarii","isPartOf":{"@id":"https:\/\/theuncommonshop.ch\/#website"},"primaryImageOfPage":{"@id":"https:\/\/theuncommonshop.ch\/fr\/product\/warhammer-40-000-adeptus-mechanicus-skitarii-2\/#primaryimage"},"image":{"@id":"https:\/\/theuncommonshop.ch\/fr\/product\/warhammer-40-000-adeptus-mechanicus-skitarii-2\/#primaryimage"},"thumbnailUrl":"https:\/\/theuncommonshop.ch\/wp-content\/uploads\/2025\/06\/3947371791.jpg","datePublished":"2025-06-04T06:08:28+00:00","dateModified":"2026-03-28T17:09:06+00:00","description":"Ach\u00e8te Warhammer 40.000 - Adeptus Mechanicus : Skitarii en ligne maintenant \u00e0 petit prix! Ton #1 shop pour cartes TCG & Pok\u00e9mon en Suisse \u2713 Livraison gratuite d\u00e8s CHF 29","breadcrumb":{"@id":"https:\/\/theuncommonshop.ch\/fr\/product\/warhammer-40-000-adeptus-mechanicus-skitarii-2\/#breadcrumb"},"inLanguage":"fr-FR","potentialAction":[{"@type":"ReadAction","target":["https:\/\/theuncommonshop.ch\/fr\/product\/warhammer-40-000-adeptus-mechanicus-skitarii-2\/"]}]},{"@type":"ImageObject","inLanguage":"fr-FR","@id":"https:\/\/theuncommonshop.ch\/fr\/product\/warhammer-40-000-adeptus-mechanicus-skitarii-2\/#primaryimage","url":"https:\/\/theuncommonshop.ch\/wp-content\/uploads\/2025\/06\/3947371791.jpg","contentUrl":"https:\/\/theuncommonshop.ch\/wp-content\/uploads\/2025\/06\/3947371791.jpg","width":900,"height":900},{"@type":"BreadcrumbList","@id":"https:\/\/theuncommonshop.ch\/fr\/product\/warhammer-40-000-adeptus-mechanicus-skitarii-2\/#breadcrumb","itemListElement":[{"@type":"ListItem","position":1,"name":"Accueil","item":"https:\/\/theuncommonshop.ch\/fr\/accueil\/"},{"@type":"ListItem","position":2,"name":"Boutique","item":"https:\/\/theuncommonshop.ch\/fr\/boutique\/"},{"@type":"ListItem","position":3,"name":"Tabletop","item":"https:\/\/theuncommonshop.ch\/fr\/categorie-produit\/tabletop-fr\/"},{"@type":"ListItem","position":4,"name":"Warhammer 40k","item":"https:\/\/theuncommonshop.ch\/fr\/categorie-produit\/tabletop-fr\/warhammer-40k-fr\/"},{"@type":"ListItem","position":5,"name":"Warhammer 40.000 &#8211; Adeptus Mechanicus : Skitarii"}]},{"@type":"WebSite","@id":"https:\/\/theuncommonshop.ch\/#website","url":"https:\/\/theuncommonshop.ch\/","name":"Largest trading card shop in Switzerland","description":"Magic, Pok\u00e9mon and Yu-gi-oh - The Uncommon Shop","potentialAction":[{"@type":"SearchAction","target":{"@type":"EntryPoint","urlTemplate":"https:\/\/theuncommonshop.ch\/?s={search_term_string}"},"query-input":{"@type":"PropertyValueSpecification","valueRequired":true,"valueName":"search_term_string"}}],"inLanguage":"fr-FR"}]},"product_price_amount":"34.95","product_price_currency":"CHF","og_availability":"out of stock","product_availability":"out of stock","product_retailer_item_id":"WHAdMecSkitarii","product_condition":"new"},"_links":{"self":[{"href":"https:\/\/theuncommonshop.ch\/fr\/wp-json\/wp\/v2\/product\/324866","targetHints":{"allow":["GET"]}}],"collection":[{"href":"https:\/\/theuncommonshop.ch\/fr\/wp-json\/wp\/v2\/product"}],"about":[{"href":"https:\/\/theuncommonshop.ch\/fr\/wp-json\/wp\/v2\/types\/product"}],"replies":[{"embeddable":true,"href":"https:\/\/theuncommonshop.ch\/fr\/wp-json\/wp\/v2\/comments?post=324866"}],"version-history":[{"count":2,"href":"https:\/\/theuncommonshop.ch\/fr\/wp-json\/wp\/v2\/product\/324866\/revisions"}],"predecessor-version":[{"id":356748,"href":"https:\/\/theuncommonshop.ch\/fr\/wp-json\/wp\/v2\/product\/324866\/revisions\/356748"}],"wp:featuredmedia":[{"embeddable":true,"href":"https:\/\/theuncommonshop.ch\/fr\/wp-json\/wp\/v2\/media\/103573"}],"wp:attachment":[{"href":"https:\/\/theuncommonshop.ch\/fr\/wp-json\/wp\/v2\/media?parent=324866"}],"wp:term":[{"taxonomy":"product_brand","embeddable":true,"href":"https:\/\/theuncommonshop.ch\/fr\/wp-json\/wp\/v2\/product_brand?post=324866"},{"taxonomy":"product_cat","embeddable":true,"href":"https:\/\/theuncommonshop.ch\/fr\/wp-json\/wp\/v2\/product_cat?post=324866"},{"taxonomy":"product_tag","embeddable":true,"href":"https:\/\/theuncommonshop.ch\/fr\/wp-json\/wp\/v2\/product_tag?post=324866"}],"curies":[{"name":"wp","href":"https:\/\/api.w.org\/{rel}","templated":true}]}}