{"id":324814,"date":"2025-06-04T06:02:00","date_gmt":"2025-06-04T06:02:00","guid":{"rendered":"http:\/\/theuncommonshop.ch\/produkt\/324814\/"},"modified":"2026-03-28T18:10:03","modified_gmt":"2026-03-28T17:10:03","slug":"warhammer-40-000-space-marines-tactical-squad-2","status":"publish","type":"product","link":"https:\/\/theuncommonshop.ch\/fr\/product\/warhammer-40-000-space-marines-tactical-squad-2\/","title":{"rendered":"Warhammer 40.000 &#8211; Space Marines : Tactical Squad"},"content":{"rendered":"<p>Les Tactical Squad constituent l&#8217;\u00e9pine dorsale de toute arm\u00e9e de Space Marines. Elles tiennent la position ; elles fournissent un appui-feu et se lancent dans des combats rapproch\u00e9s sanglants, selon les caprices de la guerre. <\/p>\n<p>Cette bo\u00eete contient tout ce dont vous avez besoin pour construire une Tactical Squad de 10 personnes comme vous l&#8217;entendez, y compris un sergent et une arme sp\u00e9ciale. Il y a tellement d&#8217;options et de petits extras que nous vous conseillons de prendre le temps de regarder les photos pour avoir un aper\u00e7u complet. <\/p>\n<p>Space Marines<\/p>\n<p>Pour construire votre Tactical Squad, vous recevrez onze plastrons de torse (dont dix sont con\u00e7us diff\u00e9remment), dix poses de jambes diff\u00e9rentes, seize t\u00eates diff\u00e9rentes (treize avec casques, trois sans casques), vingt-deux \u00e9pauli\u00e8res, dix modules de dos (dont neuf sont con\u00e7us diff\u00e9remment) et dix paires de bras gauche et droit.<\/p>\n<p>Armes<\/p>\n<p>Sont inclus dix bolters uniques, un lance-gravure, un melter, un lance-plasma, un lance-flammes et un lance-roquettes (y compris un module dorsal et des roquettes suppl\u00e9mentaires). Le sergent de l&#8217;escouade peut \u00eatre arm\u00e9 d&#8217;une combinaison de poing \u00e9nerg\u00e9tique, d&#8217;\u00e9p\u00e9e \u00e9nerg\u00e9tique ou d&#8217;\u00e9p\u00e9e \u00e0 cha\u00eene et de pistolet \u00e0 plasma, de pistolet \u00e0 gravure ou de pistolet \u00e0 bolt. Vous pouvez \u00e9galement construire n&#8217;importe lequel des bolters combin\u00e9s suivants : Combi-grav, Combi-melter, Combi-lanceur de plasma ou Combi-lanceur de flammes. L&#8217;escouade peut \u00e9galement \u00eatre arm\u00e9e d&#8217;une bombe melter et d&#8217;une s\u00e9rie de couteaux de combat. La bo\u00eete contient \u00e9galement suffisamment de grenades \u00e0 fragmentation et de grenades explosives pour \u00e9quiper n&#8217;importe quel Space Marines.    <\/p>\n<p>\u00c9quipement suppl\u00e9mentaire<\/p>\n<p>Comme si cela ne suffisait pas, vous recevrez \u00e9galement une banni\u00e8re dorsale pour le sergent de l&#8217;escouade (avec trois pointes de banni\u00e8re diff\u00e9rentes parmi lesquelles choisir), un pistolet bolter dans son \u00e9tui, des lunettes de vis\u00e9e pour les bolters, des parchemins et des sceaux de puret\u00e9, des sacs de munitions, un auspex et trois mains suppl\u00e9mentaires (l&#8217;une montrant quelque chose, l&#8217;autre tenant une grenade, l&#8217;autre tenant un chargeur de bolter).<\/p>\n<p>Ce kit en plastique contient 179 pi\u00e8ces qui permettent de construire une Tactical Squad de dix Space Marines (et tellement plus !). Il comprend \u00e9galement deux feuilles de d\u00e9calcomanies pour l&#8217;infanterie ultramarine, que vous pouvez utiliser pour repr\u00e9senter l&#8217;iconographie des ordres et les marqueurs d&#8217;escouade. <\/p>\n<p>Ce kit n&#8217;est pas peint et doit \u00eatre assembl\u00e9. Nous vous recommandons d&#8217;utiliser de la colle \u00e0 plastique Citadel et de la peinture Citadel. <\/p>\n","protected":false},"excerpt":{"rendered":"<p>Les Tactical Squad constituent l&#8217;\u00e9pine dorsale de toute arm\u00e9e de Space Marines. Elles tiennent la position ; elles fournissent un<\/p>\n","protected":false},"featured_media":103423,"comment_status":"open","ping_status":"closed","template":"","meta":{"_acf_changed":false},"product_brand":[5078,5154],"product_cat":[9925,9927],"product_tag":[],"class_list":{"0":"post-324814","1":"product","2":"type-product","3":"status-publish","4":"has-post-thumbnail","6":"product_brand-games-workshop","7":"product_brand-warhammer","8":"product_cat-tabletop-fr","9":"product_cat-warhammer-40k-fr","11":"first","12":"outofstock","13":"taxable","14":"shipping-taxable","15":"purchasable","16":"product-type-simple"},"acf":[],"yoast_head":"<!-- This site is optimized with the Yoast SEO plugin v27.4 - https:\/\/yoast.com\/product\/yoast-seo-wordpress\/ -->\n<title>Ach\u00e8te Warhammer 40.000 - Space Marines : Tactical Squad<\/title>\n<meta name=\"description\" content=\"Ach\u00e8te Warhammer 40.000 - Space Marines : Tactical Squad en ligne maintenant \u00e0 petit prix! Ton #1 shop pour cartes TCG &amp; Pok\u00e9mon en Suisse \u2713 Livraison gratuite d\u00e8s CHF 29\" \/>\n<meta name=\"robots\" content=\"index, follow, max-snippet:-1, max-image-preview:large, max-video-preview:-1\" \/>\n<link rel=\"canonical\" href=\"https:\/\/theuncommonshop.ch\/fr\/product\/warhammer-40-000-space-marines-tactical-squad-2\/\" \/>\n<meta property=\"og:locale\" content=\"fr_FR\" \/>\n<meta property=\"og:type\" content=\"article\" \/>\n<meta property=\"og:title\" content=\"Ach\u00e8te Warhammer 40.000 - Space Marines : Tactical Squad\" \/>\n<meta property=\"og:description\" content=\"Ach\u00e8te Warhammer 40.000 - Space Marines : Tactical Squad en ligne maintenant \u00e0 petit prix! Ton #1 shop pour cartes TCG &amp; Pok\u00e9mon en Suisse \u2713 Livraison gratuite d\u00e8s CHF 29\" \/>\n<meta property=\"og:url\" content=\"https:\/\/theuncommonshop.ch\/fr\/product\/warhammer-40-000-space-marines-tactical-squad-2\/\" \/>\n<meta property=\"og:site_name\" content=\"The Uncommon Shop\" \/>\n<meta property=\"article:modified_time\" content=\"2026-03-28T17:10:03+00:00\" \/>\n<meta property=\"og:image\" content=\"https:\/\/theuncommonshop.ch\/wp-content\/uploads\/2025\/06\/3947365791.jpg\" \/>\n\t<meta property=\"og:image:width\" content=\"819\" \/>\n\t<meta property=\"og:image:height\" content=\"563\" \/>\n\t<meta property=\"og:image:type\" content=\"image\/jpeg\" \/>\n<meta name=\"twitter:card\" content=\"summary_large_image\" \/>\n<meta name=\"twitter:label1\" content=\"Prix\" \/>\n\t<meta name=\"twitter:data1\" content=\"&#067;&#072;&#070;&nbsp;44.95\" \/>\n\t<meta name=\"twitter:label2\" content=\"Disponibilit\u00e9\" \/>\n\t<meta name=\"twitter:data2\" content=\"Rupture de stock\" \/>\n<script type=\"application\/ld+json\" class=\"yoast-schema-graph\">{\"@context\":\"https:\\\/\\\/schema.org\",\"@graph\":[{\"@type\":\"WebPage\",\"@id\":\"https:\\\/\\\/theuncommonshop.ch\\\/fr\\\/product\\\/warhammer-40-000-space-marines-tactical-squad-2\\\/\",\"url\":\"https:\\\/\\\/theuncommonshop.ch\\\/fr\\\/product\\\/warhammer-40-000-space-marines-tactical-squad-2\\\/\",\"name\":\"Ach\u00e8te Warhammer 40.000 - Space Marines : Tactical Squad\",\"isPartOf\":{\"@id\":\"https:\\\/\\\/theuncommonshop.ch\\\/fr\\\/#website\"},\"primaryImageOfPage\":{\"@id\":\"https:\\\/\\\/theuncommonshop.ch\\\/fr\\\/product\\\/warhammer-40-000-space-marines-tactical-squad-2\\\/#primaryimage\"},\"image\":{\"@id\":\"https:\\\/\\\/theuncommonshop.ch\\\/fr\\\/product\\\/warhammer-40-000-space-marines-tactical-squad-2\\\/#primaryimage\"},\"thumbnailUrl\":\"https:\\\/\\\/theuncommonshop.ch\\\/wp-content\\\/uploads\\\/2025\\\/06\\\/3947365791.jpg\",\"datePublished\":\"2025-06-04T06:02:00+00:00\",\"dateModified\":\"2026-03-28T17:10:03+00:00\",\"description\":\"Ach\u00e8te Warhammer 40.000 - Space Marines : Tactical Squad en ligne maintenant \u00e0 petit prix! Ton #1 shop pour cartes TCG & Pok\u00e9mon en Suisse \u2713 Livraison gratuite d\u00e8s CHF 29\",\"breadcrumb\":{\"@id\":\"https:\\\/\\\/theuncommonshop.ch\\\/fr\\\/product\\\/warhammer-40-000-space-marines-tactical-squad-2\\\/#breadcrumb\"},\"inLanguage\":\"fr-FR\",\"potentialAction\":[{\"@type\":\"ReadAction\",\"target\":[\"https:\\\/\\\/theuncommonshop.ch\\\/fr\\\/product\\\/warhammer-40-000-space-marines-tactical-squad-2\\\/\"]}]},{\"@type\":\"ImageObject\",\"inLanguage\":\"fr-FR\",\"@id\":\"https:\\\/\\\/theuncommonshop.ch\\\/fr\\\/product\\\/warhammer-40-000-space-marines-tactical-squad-2\\\/#primaryimage\",\"url\":\"https:\\\/\\\/theuncommonshop.ch\\\/wp-content\\\/uploads\\\/2025\\\/06\\\/3947365791.jpg\",\"contentUrl\":\"https:\\\/\\\/theuncommonshop.ch\\\/wp-content\\\/uploads\\\/2025\\\/06\\\/3947365791.jpg\",\"width\":819,\"height\":563},{\"@type\":\"BreadcrumbList\",\"@id\":\"https:\\\/\\\/theuncommonshop.ch\\\/fr\\\/product\\\/warhammer-40-000-space-marines-tactical-squad-2\\\/#breadcrumb\",\"itemListElement\":[{\"@type\":\"ListItem\",\"position\":1,\"name\":\"Accueil\",\"item\":\"https:\\\/\\\/theuncommonshop.ch\\\/fr\\\/accueil\\\/\"},{\"@type\":\"ListItem\",\"position\":2,\"name\":\"Boutique\",\"item\":\"https:\\\/\\\/theuncommonshop.ch\\\/fr\\\/boutique\\\/\"},{\"@type\":\"ListItem\",\"position\":3,\"name\":\"Tabletop\",\"item\":\"https:\\\/\\\/theuncommonshop.ch\\\/fr\\\/categorie-produit\\\/tabletop-fr\\\/\"},{\"@type\":\"ListItem\",\"position\":4,\"name\":\"Warhammer 40k\",\"item\":\"https:\\\/\\\/theuncommonshop.ch\\\/fr\\\/categorie-produit\\\/tabletop-fr\\\/warhammer-40k-fr\\\/\"},{\"@type\":\"ListItem\",\"position\":5,\"name\":\"Warhammer 40.000 &#8211; Space Marines : Tactical Squad\"}]},{\"@type\":\"WebSite\",\"@id\":\"https:\\\/\\\/theuncommonshop.ch\\\/fr\\\/#website\",\"url\":\"https:\\\/\\\/theuncommonshop.ch\\\/fr\\\/\",\"name\":\"The Uncommon Shop\",\"description\":\"Magic, Pok\u00e9mon and Yu-gi-oh - The Uncommon Shop\",\"potentialAction\":[{\"@type\":\"SearchAction\",\"target\":{\"@type\":\"EntryPoint\",\"urlTemplate\":\"https:\\\/\\\/theuncommonshop.ch\\\/fr\\\/?s={search_term_string}\"},\"query-input\":{\"@type\":\"PropertyValueSpecification\",\"valueRequired\":true,\"valueName\":\"search_term_string\"}}],\"inLanguage\":\"fr-FR\"}]}<\/script>\n<meta property=\"product:price:amount\" content=\"44.95\" \/>\n<meta property=\"product:price:currency\" content=\"CHF\" \/>\n<meta property=\"og:availability\" content=\"out of stock\" \/>\n<meta property=\"product:availability\" content=\"out of stock\" \/>\n<meta property=\"product:retailer_item_id\" content=\"WHSpacMariTactSqua\" \/>\n<meta property=\"product:condition\" content=\"new\" \/>\n<!-- \/ Yoast SEO plugin. -->","yoast_head_json":{"title":"Ach\u00e8te Warhammer 40.000 - Space Marines : Tactical Squad","description":"Ach\u00e8te Warhammer 40.000 - Space Marines : Tactical Squad en ligne maintenant \u00e0 petit prix! Ton #1 shop pour cartes TCG & Pok\u00e9mon en Suisse \u2713 Livraison gratuite d\u00e8s CHF 29","robots":{"index":"index","follow":"follow","max-snippet":"max-snippet:-1","max-image-preview":"max-image-preview:large","max-video-preview":"max-video-preview:-1"},"canonical":"https:\/\/theuncommonshop.ch\/fr\/product\/warhammer-40-000-space-marines-tactical-squad-2\/","og_locale":"fr_FR","og_type":"article","og_title":"Ach\u00e8te Warhammer 40.000 - Space Marines : Tactical Squad","og_description":"Ach\u00e8te Warhammer 40.000 - Space Marines : Tactical Squad en ligne maintenant \u00e0 petit prix! Ton #1 shop pour cartes TCG & Pok\u00e9mon en Suisse \u2713 Livraison gratuite d\u00e8s CHF 29","og_url":"https:\/\/theuncommonshop.ch\/fr\/product\/warhammer-40-000-space-marines-tactical-squad-2\/","og_site_name":"The Uncommon Shop","article_modified_time":"2026-03-28T17:10:03+00:00","og_image":[{"width":819,"height":563,"url":"https:\/\/theuncommonshop.ch\/wp-content\/uploads\/2025\/06\/3947365791.jpg","type":"image\/jpeg"}],"twitter_card":"summary_large_image","twitter_misc":{"Prix":"&#67;&#72;&#70;&nbsp;44.95","Disponibilit\u00e9":"Rupture de stock"},"schema":{"@context":"https:\/\/schema.org","@graph":[{"@type":"WebPage","@id":"https:\/\/theuncommonshop.ch\/fr\/product\/warhammer-40-000-space-marines-tactical-squad-2\/","url":"https:\/\/theuncommonshop.ch\/fr\/product\/warhammer-40-000-space-marines-tactical-squad-2\/","name":"Ach\u00e8te Warhammer 40.000 - Space Marines : Tactical Squad","isPartOf":{"@id":"https:\/\/theuncommonshop.ch\/fr\/#website"},"primaryImageOfPage":{"@id":"https:\/\/theuncommonshop.ch\/fr\/product\/warhammer-40-000-space-marines-tactical-squad-2\/#primaryimage"},"image":{"@id":"https:\/\/theuncommonshop.ch\/fr\/product\/warhammer-40-000-space-marines-tactical-squad-2\/#primaryimage"},"thumbnailUrl":"https:\/\/theuncommonshop.ch\/wp-content\/uploads\/2025\/06\/3947365791.jpg","datePublished":"2025-06-04T06:02:00+00:00","dateModified":"2026-03-28T17:10:03+00:00","description":"Ach\u00e8te Warhammer 40.000 - Space Marines : Tactical Squad en ligne maintenant \u00e0 petit prix! Ton #1 shop pour cartes TCG & Pok\u00e9mon en Suisse \u2713 Livraison gratuite d\u00e8s CHF 29","breadcrumb":{"@id":"https:\/\/theuncommonshop.ch\/fr\/product\/warhammer-40-000-space-marines-tactical-squad-2\/#breadcrumb"},"inLanguage":"fr-FR","potentialAction":[{"@type":"ReadAction","target":["https:\/\/theuncommonshop.ch\/fr\/product\/warhammer-40-000-space-marines-tactical-squad-2\/"]}]},{"@type":"ImageObject","inLanguage":"fr-FR","@id":"https:\/\/theuncommonshop.ch\/fr\/product\/warhammer-40-000-space-marines-tactical-squad-2\/#primaryimage","url":"https:\/\/theuncommonshop.ch\/wp-content\/uploads\/2025\/06\/3947365791.jpg","contentUrl":"https:\/\/theuncommonshop.ch\/wp-content\/uploads\/2025\/06\/3947365791.jpg","width":819,"height":563},{"@type":"BreadcrumbList","@id":"https:\/\/theuncommonshop.ch\/fr\/product\/warhammer-40-000-space-marines-tactical-squad-2\/#breadcrumb","itemListElement":[{"@type":"ListItem","position":1,"name":"Accueil","item":"https:\/\/theuncommonshop.ch\/fr\/accueil\/"},{"@type":"ListItem","position":2,"name":"Boutique","item":"https:\/\/theuncommonshop.ch\/fr\/boutique\/"},{"@type":"ListItem","position":3,"name":"Tabletop","item":"https:\/\/theuncommonshop.ch\/fr\/categorie-produit\/tabletop-fr\/"},{"@type":"ListItem","position":4,"name":"Warhammer 40k","item":"https:\/\/theuncommonshop.ch\/fr\/categorie-produit\/tabletop-fr\/warhammer-40k-fr\/"},{"@type":"ListItem","position":5,"name":"Warhammer 40.000 &#8211; Space Marines : Tactical Squad"}]},{"@type":"WebSite","@id":"https:\/\/theuncommonshop.ch\/fr\/#website","url":"https:\/\/theuncommonshop.ch\/fr\/","name":"The Uncommon Shop","description":"Magic, Pok\u00e9mon and Yu-gi-oh - The Uncommon Shop","potentialAction":[{"@type":"SearchAction","target":{"@type":"EntryPoint","urlTemplate":"https:\/\/theuncommonshop.ch\/fr\/?s={search_term_string}"},"query-input":{"@type":"PropertyValueSpecification","valueRequired":true,"valueName":"search_term_string"}}],"inLanguage":"fr-FR"}]},"product_price_amount":"44.95","product_price_currency":"CHF","og_availability":"out of stock","product_availability":"out of stock","product_retailer_item_id":"WHSpacMariTactSqua","product_condition":"new"},"_links":{"self":[{"href":"https:\/\/theuncommonshop.ch\/fr\/wp-json\/wp\/v2\/product\/324814","targetHints":{"allow":["GET"]}}],"collection":[{"href":"https:\/\/theuncommonshop.ch\/fr\/wp-json\/wp\/v2\/product"}],"about":[{"href":"https:\/\/theuncommonshop.ch\/fr\/wp-json\/wp\/v2\/types\/product"}],"replies":[{"embeddable":true,"href":"https:\/\/theuncommonshop.ch\/fr\/wp-json\/wp\/v2\/comments?post=324814"}],"version-history":[{"count":0,"href":"https:\/\/theuncommonshop.ch\/fr\/wp-json\/wp\/v2\/product\/324814\/revisions"}],"wp:featuredmedia":[{"embeddable":true,"href":"https:\/\/theuncommonshop.ch\/fr\/wp-json\/wp\/v2\/media\/103423"}],"wp:attachment":[{"href":"https:\/\/theuncommonshop.ch\/fr\/wp-json\/wp\/v2\/media?parent=324814"}],"wp:term":[{"taxonomy":"product_brand","embeddable":true,"href":"https:\/\/theuncommonshop.ch\/fr\/wp-json\/wp\/v2\/product_brand?post=324814"},{"taxonomy":"product_cat","embeddable":true,"href":"https:\/\/theuncommonshop.ch\/fr\/wp-json\/wp\/v2\/product_cat?post=324814"},{"taxonomy":"product_tag","embeddable":true,"href":"https:\/\/theuncommonshop.ch\/fr\/wp-json\/wp\/v2\/product_tag?post=324814"}],"curies":[{"name":"wp","href":"https:\/\/api.w.org\/{rel}","templated":true}]}}