{"id":324793,"date":"2025-06-04T05:59:26","date_gmt":"2025-06-04T05:59:26","guid":{"rendered":"http:\/\/theuncommonshop.ch\/produkt\/324793\/"},"modified":"2026-03-28T18:11:04","modified_gmt":"2026-03-28T17:11:04","slug":"warhammer-40-000-space-marines-infernus-marines-farbset-2","status":"publish","type":"product","link":"https:\/\/theuncommonshop.ch\/fr\/product\/warhammer-40-000-space-marines-infernus-marines-farbset-2\/","title":{"rendered":"Warhammer 40.000 &#8211; Space Marines : Infernus Marines + set de couleurs"},"content":{"rendered":"<ul>\n<li>Un d\u00e9but parfait pour votre collection de Space Marines<\/li>\n<li>Trois mod\u00e8les \u00e0 assembler, six couleurs et un pinceau de d\u00e9marrage<\/li>\n<li>Avec les marquages des troupes et l&#8217;iconographie des Ultramarines sur les maquettes<\/li>\n<\/ul>\n<p>Les Infernus Marines sont des sp\u00e9cialistes du combat \u00e0 courte port\u00e9e. Avec leurs pyroblasters, ils tirent du prom\u00e9thium enflamm\u00e9 dans les tranch\u00e9es et les bunkers ennemis, de sorte que personne n&#8217;\u00e9chappe \u00e0 leur col\u00e8re enflamm\u00e9e.<\/p>\n<p>Cette bo\u00eete est le moyen id\u00e9al de commencer votre collection de Space Marines Primaris. Vous recevrez trois Infernus Marines, chacun avec une pose diff\u00e9rente, et toutes les couleurs dont vous aurez besoin pour les pr\u00e9parer \u00e0 la bataille, ainsi qu&#8217;un pinceau pour vous lancer. Ces mod\u00e8les s&#8217;embo\u00eetent et vous n&#8217;avez besoin que d&#8217;une pince coupante pour les assembler &#8211; pas de colle, pas de d\u00e9sordre.  <\/p>\n<p>Chaque Infernus Marines est arm\u00e9 d&#8217;un pyroblaster et d&#8217;un pistolet bolt dans son \u00e9tui, et ils tiennent bon face \u00e0 l&#8217;ennemi. Leur armure pr\u00e9sente des marques d&#8217;escouade l\u00e9g\u00e8rement saillantes et l&#8217;iconographie de l&#8217;Ordre des Ultramarines, ce qui rend ces d\u00e9tails faciles \u00e0 peindre. Ces miniatures sont accompagn\u00e9es de leurs bases respectives.  <\/p>\n<p>Les six couleurs Citadel Colour incluses sont contenues dans des pots de 12 ml et vous offrent les couleurs essentielles dont vous avez besoin pour peindre ces miniatures en tant qu&#8217;Ultramarines, ainsi qu&#8217;une couleur Technical pour r\u00e9aliser une Base con\u00e7ue :<\/p>\n<p>&#8211; Corax White (Base)<\/p>\n<p>&#8211; Macragge Blue (Base)<\/p>\n<p>&#8211; Balthasar Gold (Base)<\/p>\n<p>&#8211; Abaddon Black (Base)<\/p>\n<p>&#8211; Agrax Earthshade (Shade)<\/p>\n<p>&#8211; Armageddon Dust (Technical)<\/p>\n<p>La bo\u00eete contient \u00e9galement un pinceau de d\u00e9marrage Citadel pour que vous puissiez commencer \u00e0 peindre rapidement.<\/p>\n","protected":false},"excerpt":{"rendered":"<p>Un d\u00e9but parfait pour votre collection de Space Marines Trois mod\u00e8les \u00e0 assembler, six couleurs et un pinceau de d\u00e9marrage<\/p>\n","protected":false},"featured_media":103363,"comment_status":"open","ping_status":"closed","template":"","meta":{"_acf_changed":false},"product_brand":[5078,5154],"product_cat":[9925,9927],"product_tag":[],"class_list":{"0":"post-324793","1":"product","2":"type-product","3":"status-publish","4":"has-post-thumbnail","6":"product_brand-games-workshop","7":"product_brand-warhammer","8":"product_cat-tabletop-fr","9":"product_cat-warhammer-40k-fr","11":"first","12":"outofstock","13":"taxable","14":"shipping-taxable","15":"purchasable","16":"product-type-simple"},"acf":[],"yoast_head":"<!-- This site is optimized with the Yoast SEO plugin v27.4 - https:\/\/yoast.com\/product\/yoast-seo-wordpress\/ -->\n<title>Ach\u00e8te Warhammer 40.000 - Space Marines : Infernus Marines + set de couleurs<\/title>\n<meta name=\"description\" content=\"Ach\u00e8te Warhammer 40.000 - Space Marines : Infernus Marines + set de couleurs en ligne maintenant \u00e0 petit prix! Ton #1 shop pour cartes TCG &amp; Pok\u00e9mon en Suisse \u2713 Livraison gratuite d\u00e8s CHF 29\" \/>\n<meta name=\"robots\" content=\"index, follow, max-snippet:-1, max-image-preview:large, max-video-preview:-1\" \/>\n<link rel=\"canonical\" href=\"https:\/\/theuncommonshop.ch\/fr\/product\/warhammer-40-000-space-marines-infernus-marines-farbset-2\/\" \/>\n<meta property=\"og:locale\" content=\"fr_FR\" \/>\n<meta property=\"og:type\" content=\"article\" \/>\n<meta property=\"og:title\" content=\"Ach\u00e8te Warhammer 40.000 - Space Marines : Infernus Marines + set de couleurs\" \/>\n<meta property=\"og:description\" content=\"Ach\u00e8te Warhammer 40.000 - Space Marines : Infernus Marines + set de couleurs en ligne maintenant \u00e0 petit prix! Ton #1 shop pour cartes TCG &amp; Pok\u00e9mon en Suisse \u2713 Livraison gratuite d\u00e8s CHF 29\" \/>\n<meta property=\"og:url\" content=\"https:\/\/theuncommonshop.ch\/fr\/product\/warhammer-40-000-space-marines-infernus-marines-farbset-2\/\" \/>\n<meta property=\"og:site_name\" content=\"The Uncommon Shop\" \/>\n<meta property=\"article:modified_time\" content=\"2026-03-28T17:11:04+00:00\" \/>\n<meta property=\"og:image\" content=\"https:\/\/theuncommonshop.ch\/wp-content\/uploads\/2025\/06\/3947084869.jpg\" \/>\n\t<meta property=\"og:image:width\" content=\"794\" \/>\n\t<meta property=\"og:image:height\" content=\"556\" \/>\n\t<meta property=\"og:image:type\" content=\"image\/jpeg\" \/>\n<meta name=\"twitter:card\" content=\"summary_large_image\" \/>\n<meta name=\"twitter:label1\" content=\"Prix\" \/>\n\t<meta name=\"twitter:data1\" content=\"&#067;&#072;&#070;&nbsp;28.95\" \/>\n\t<meta name=\"twitter:label2\" content=\"Disponibilit\u00e9\" \/>\n\t<meta name=\"twitter:data2\" content=\"Rupture de stock\" \/>\n<script type=\"application\/ld+json\" class=\"yoast-schema-graph\">{\"@context\":\"https:\\\/\\\/schema.org\",\"@graph\":[{\"@type\":\"WebPage\",\"@id\":\"https:\\\/\\\/theuncommonshop.ch\\\/fr\\\/product\\\/warhammer-40-000-space-marines-infernus-marines-farbset-2\\\/\",\"url\":\"https:\\\/\\\/theuncommonshop.ch\\\/fr\\\/product\\\/warhammer-40-000-space-marines-infernus-marines-farbset-2\\\/\",\"name\":\"Ach\u00e8te Warhammer 40.000 - Space Marines : Infernus Marines + set de couleurs\",\"isPartOf\":{\"@id\":\"https:\\\/\\\/theuncommonshop.ch\\\/fr\\\/#website\"},\"primaryImageOfPage\":{\"@id\":\"https:\\\/\\\/theuncommonshop.ch\\\/fr\\\/product\\\/warhammer-40-000-space-marines-infernus-marines-farbset-2\\\/#primaryimage\"},\"image\":{\"@id\":\"https:\\\/\\\/theuncommonshop.ch\\\/fr\\\/product\\\/warhammer-40-000-space-marines-infernus-marines-farbset-2\\\/#primaryimage\"},\"thumbnailUrl\":\"https:\\\/\\\/theuncommonshop.ch\\\/wp-content\\\/uploads\\\/2025\\\/06\\\/3947084869.jpg\",\"datePublished\":\"2025-06-04T05:59:26+00:00\",\"dateModified\":\"2026-03-28T17:11:04+00:00\",\"description\":\"Ach\u00e8te Warhammer 40.000 - Space Marines : Infernus Marines + set de couleurs en ligne maintenant \u00e0 petit prix! Ton #1 shop pour cartes TCG & Pok\u00e9mon en Suisse \u2713 Livraison gratuite d\u00e8s CHF 29\",\"breadcrumb\":{\"@id\":\"https:\\\/\\\/theuncommonshop.ch\\\/fr\\\/product\\\/warhammer-40-000-space-marines-infernus-marines-farbset-2\\\/#breadcrumb\"},\"inLanguage\":\"fr-FR\",\"potentialAction\":[{\"@type\":\"ReadAction\",\"target\":[\"https:\\\/\\\/theuncommonshop.ch\\\/fr\\\/product\\\/warhammer-40-000-space-marines-infernus-marines-farbset-2\\\/\"]}]},{\"@type\":\"ImageObject\",\"inLanguage\":\"fr-FR\",\"@id\":\"https:\\\/\\\/theuncommonshop.ch\\\/fr\\\/product\\\/warhammer-40-000-space-marines-infernus-marines-farbset-2\\\/#primaryimage\",\"url\":\"https:\\\/\\\/theuncommonshop.ch\\\/wp-content\\\/uploads\\\/2025\\\/06\\\/3947084869.jpg\",\"contentUrl\":\"https:\\\/\\\/theuncommonshop.ch\\\/wp-content\\\/uploads\\\/2025\\\/06\\\/3947084869.jpg\",\"width\":794,\"height\":556},{\"@type\":\"BreadcrumbList\",\"@id\":\"https:\\\/\\\/theuncommonshop.ch\\\/fr\\\/product\\\/warhammer-40-000-space-marines-infernus-marines-farbset-2\\\/#breadcrumb\",\"itemListElement\":[{\"@type\":\"ListItem\",\"position\":1,\"name\":\"Accueil\",\"item\":\"https:\\\/\\\/theuncommonshop.ch\\\/fr\\\/accueil\\\/\"},{\"@type\":\"ListItem\",\"position\":2,\"name\":\"Boutique\",\"item\":\"https:\\\/\\\/theuncommonshop.ch\\\/fr\\\/boutique\\\/\"},{\"@type\":\"ListItem\",\"position\":3,\"name\":\"Tabletop\",\"item\":\"https:\\\/\\\/theuncommonshop.ch\\\/fr\\\/categorie-produit\\\/tabletop-fr\\\/\"},{\"@type\":\"ListItem\",\"position\":4,\"name\":\"Warhammer 40k\",\"item\":\"https:\\\/\\\/theuncommonshop.ch\\\/fr\\\/categorie-produit\\\/tabletop-fr\\\/warhammer-40k-fr\\\/\"},{\"@type\":\"ListItem\",\"position\":5,\"name\":\"Warhammer 40.000 &#8211; Space Marines : Infernus Marines + set de couleurs\"}]},{\"@type\":\"WebSite\",\"@id\":\"https:\\\/\\\/theuncommonshop.ch\\\/fr\\\/#website\",\"url\":\"https:\\\/\\\/theuncommonshop.ch\\\/fr\\\/\",\"name\":\"The Uncommon Shop\",\"description\":\"Magic, Pok\u00e9mon and Yu-gi-oh - The Uncommon Shop\",\"potentialAction\":[{\"@type\":\"SearchAction\",\"target\":{\"@type\":\"EntryPoint\",\"urlTemplate\":\"https:\\\/\\\/theuncommonshop.ch\\\/fr\\\/?s={search_term_string}\"},\"query-input\":{\"@type\":\"PropertyValueSpecification\",\"valueRequired\":true,\"valueName\":\"search_term_string\"}}],\"inLanguage\":\"fr-FR\"}]}<\/script>\n<meta property=\"product:price:amount\" content=\"28.95\" \/>\n<meta property=\"product:price:currency\" content=\"CHF\" \/>\n<meta property=\"og:availability\" content=\"out of stock\" \/>\n<meta property=\"product:availability\" content=\"out of stock\" \/>\n<meta property=\"product:retailer_item_id\" content=\"WHSpacMariInferMariFarb\" \/>\n<meta property=\"product:condition\" content=\"new\" \/>\n<!-- \/ Yoast SEO plugin. -->","yoast_head_json":{"title":"Ach\u00e8te Warhammer 40.000 - Space Marines : Infernus Marines + set de couleurs","description":"Ach\u00e8te Warhammer 40.000 - Space Marines : Infernus Marines + set de couleurs en ligne maintenant \u00e0 petit prix! Ton #1 shop pour cartes TCG & Pok\u00e9mon en Suisse \u2713 Livraison gratuite d\u00e8s CHF 29","robots":{"index":"index","follow":"follow","max-snippet":"max-snippet:-1","max-image-preview":"max-image-preview:large","max-video-preview":"max-video-preview:-1"},"canonical":"https:\/\/theuncommonshop.ch\/fr\/product\/warhammer-40-000-space-marines-infernus-marines-farbset-2\/","og_locale":"fr_FR","og_type":"article","og_title":"Ach\u00e8te Warhammer 40.000 - Space Marines : Infernus Marines + set de couleurs","og_description":"Ach\u00e8te Warhammer 40.000 - Space Marines : Infernus Marines + set de couleurs en ligne maintenant \u00e0 petit prix! Ton #1 shop pour cartes TCG & Pok\u00e9mon en Suisse \u2713 Livraison gratuite d\u00e8s CHF 29","og_url":"https:\/\/theuncommonshop.ch\/fr\/product\/warhammer-40-000-space-marines-infernus-marines-farbset-2\/","og_site_name":"The Uncommon Shop","article_modified_time":"2026-03-28T17:11:04+00:00","og_image":[{"width":794,"height":556,"url":"https:\/\/theuncommonshop.ch\/wp-content\/uploads\/2025\/06\/3947084869.jpg","type":"image\/jpeg"}],"twitter_card":"summary_large_image","twitter_misc":{"Prix":"&#67;&#72;&#70;&nbsp;28.95","Disponibilit\u00e9":"Rupture de stock"},"schema":{"@context":"https:\/\/schema.org","@graph":[{"@type":"WebPage","@id":"https:\/\/theuncommonshop.ch\/fr\/product\/warhammer-40-000-space-marines-infernus-marines-farbset-2\/","url":"https:\/\/theuncommonshop.ch\/fr\/product\/warhammer-40-000-space-marines-infernus-marines-farbset-2\/","name":"Ach\u00e8te Warhammer 40.000 - Space Marines : Infernus Marines + set de couleurs","isPartOf":{"@id":"https:\/\/theuncommonshop.ch\/fr\/#website"},"primaryImageOfPage":{"@id":"https:\/\/theuncommonshop.ch\/fr\/product\/warhammer-40-000-space-marines-infernus-marines-farbset-2\/#primaryimage"},"image":{"@id":"https:\/\/theuncommonshop.ch\/fr\/product\/warhammer-40-000-space-marines-infernus-marines-farbset-2\/#primaryimage"},"thumbnailUrl":"https:\/\/theuncommonshop.ch\/wp-content\/uploads\/2025\/06\/3947084869.jpg","datePublished":"2025-06-04T05:59:26+00:00","dateModified":"2026-03-28T17:11:04+00:00","description":"Ach\u00e8te Warhammer 40.000 - Space Marines : Infernus Marines + set de couleurs en ligne maintenant \u00e0 petit prix! Ton #1 shop pour cartes TCG & Pok\u00e9mon en Suisse \u2713 Livraison gratuite d\u00e8s CHF 29","breadcrumb":{"@id":"https:\/\/theuncommonshop.ch\/fr\/product\/warhammer-40-000-space-marines-infernus-marines-farbset-2\/#breadcrumb"},"inLanguage":"fr-FR","potentialAction":[{"@type":"ReadAction","target":["https:\/\/theuncommonshop.ch\/fr\/product\/warhammer-40-000-space-marines-infernus-marines-farbset-2\/"]}]},{"@type":"ImageObject","inLanguage":"fr-FR","@id":"https:\/\/theuncommonshop.ch\/fr\/product\/warhammer-40-000-space-marines-infernus-marines-farbset-2\/#primaryimage","url":"https:\/\/theuncommonshop.ch\/wp-content\/uploads\/2025\/06\/3947084869.jpg","contentUrl":"https:\/\/theuncommonshop.ch\/wp-content\/uploads\/2025\/06\/3947084869.jpg","width":794,"height":556},{"@type":"BreadcrumbList","@id":"https:\/\/theuncommonshop.ch\/fr\/product\/warhammer-40-000-space-marines-infernus-marines-farbset-2\/#breadcrumb","itemListElement":[{"@type":"ListItem","position":1,"name":"Accueil","item":"https:\/\/theuncommonshop.ch\/fr\/accueil\/"},{"@type":"ListItem","position":2,"name":"Boutique","item":"https:\/\/theuncommonshop.ch\/fr\/boutique\/"},{"@type":"ListItem","position":3,"name":"Tabletop","item":"https:\/\/theuncommonshop.ch\/fr\/categorie-produit\/tabletop-fr\/"},{"@type":"ListItem","position":4,"name":"Warhammer 40k","item":"https:\/\/theuncommonshop.ch\/fr\/categorie-produit\/tabletop-fr\/warhammer-40k-fr\/"},{"@type":"ListItem","position":5,"name":"Warhammer 40.000 &#8211; Space Marines : Infernus Marines + set de couleurs"}]},{"@type":"WebSite","@id":"https:\/\/theuncommonshop.ch\/fr\/#website","url":"https:\/\/theuncommonshop.ch\/fr\/","name":"The Uncommon Shop","description":"Magic, Pok\u00e9mon and Yu-gi-oh - The Uncommon Shop","potentialAction":[{"@type":"SearchAction","target":{"@type":"EntryPoint","urlTemplate":"https:\/\/theuncommonshop.ch\/fr\/?s={search_term_string}"},"query-input":{"@type":"PropertyValueSpecification","valueRequired":true,"valueName":"search_term_string"}}],"inLanguage":"fr-FR"}]},"product_price_amount":"28.95","product_price_currency":"CHF","og_availability":"out of stock","product_availability":"out of stock","product_retailer_item_id":"WHSpacMariInferMariFarb","product_condition":"new"},"_links":{"self":[{"href":"https:\/\/theuncommonshop.ch\/fr\/wp-json\/wp\/v2\/product\/324793","targetHints":{"allow":["GET"]}}],"collection":[{"href":"https:\/\/theuncommonshop.ch\/fr\/wp-json\/wp\/v2\/product"}],"about":[{"href":"https:\/\/theuncommonshop.ch\/fr\/wp-json\/wp\/v2\/types\/product"}],"replies":[{"embeddable":true,"href":"https:\/\/theuncommonshop.ch\/fr\/wp-json\/wp\/v2\/comments?post=324793"}],"version-history":[{"count":0,"href":"https:\/\/theuncommonshop.ch\/fr\/wp-json\/wp\/v2\/product\/324793\/revisions"}],"wp:featuredmedia":[{"embeddable":true,"href":"https:\/\/theuncommonshop.ch\/fr\/wp-json\/wp\/v2\/media\/103363"}],"wp:attachment":[{"href":"https:\/\/theuncommonshop.ch\/fr\/wp-json\/wp\/v2\/media?parent=324793"}],"wp:term":[{"taxonomy":"product_brand","embeddable":true,"href":"https:\/\/theuncommonshop.ch\/fr\/wp-json\/wp\/v2\/product_brand?post=324793"},{"taxonomy":"product_cat","embeddable":true,"href":"https:\/\/theuncommonshop.ch\/fr\/wp-json\/wp\/v2\/product_cat?post=324793"},{"taxonomy":"product_tag","embeddable":true,"href":"https:\/\/theuncommonshop.ch\/fr\/wp-json\/wp\/v2\/product_tag?post=324793"}],"curies":[{"name":"wp","href":"https:\/\/api.w.org\/{rel}","templated":true}]}}