{"id":324779,"date":"2025-06-04T13:14:05","date_gmt":"2025-06-04T13:14:05","guid":{"rendered":"http:\/\/theuncommonshop.ch\/produkt\/324779\/"},"modified":"2026-03-29T18:31:13","modified_gmt":"2026-03-29T16:31:13","slug":"oakie-doakie-dice-rpg-wuerfel-set-dice-glow-in-the-dark-lava-3","status":"publish","type":"product","link":"https:\/\/theuncommonshop.ch\/fr\/product\/oakie-doakie-dice-rpg-wuerfel-set-dice-glow-in-the-dark-lava-3\/","title":{"rendered":"Oakie Doakie &#8211; Jeu de d\u00e9s RPG &#8211; Dice Glow in the Dark &#8211; Lava"},"content":{"rendered":"<p>Qui ne souhaite pas parfois une lumi\u00e8re dans l&#8217;obscurit\u00e9 pour le guider en toute s\u00e9curit\u00e9 jusqu&#8217;\u00e0 la maison ? Ces cubes, avec leur effet fascinant de lueur dans le noir, sont s\u00fbrs de ne jamais vous \u00e9garer &#8211; safe ! <\/p>\n<p>Les sets de jeu de r\u00f4le se composent de 7 d\u00e9s : W6, W4, 2x W10 (pas de 1 et de 10), W8, W20 et W12. Ils sont livr\u00e9s dans une bo\u00eete super pratique et solide avec un compartiment coulissant, de sorte que vous pouvez toujours les emballer et les emporter facilement et rapidement. <\/p>\n<p>Compatible avec Ultimate Guard :<\/p>\n<p>Le compartiment de la bo\u00eete de transport des cubes s&#8217;adapte parfaitement \u00e0 Ultimate Guard Twin Flip&#8217;n&#8217;Tray 160.<\/p>\n","protected":false},"excerpt":{"rendered":"<p>Qui ne souhaite pas parfois une lumi\u00e8re dans l&#8217;obscurit\u00e9 pour le guider en toute s\u00e9curit\u00e9 jusqu&#8217;\u00e0 la maison ? Ces<\/p>\n","protected":false},"featured_media":112421,"comment_status":"open","ping_status":"closed","template":"","meta":{"_acf_changed":false},"product_brand":[5108],"product_cat":[9935,9859,9869,9925],"product_tag":[],"class_list":{"0":"post-324779","1":"product","2":"type-product","3":"status-publish","4":"has-post-thumbnail","6":"product_brand-oakie-doakie","7":"product_cat-accessoires-de-tabletop","8":"product_cat-accessoires-tcg","9":"product_cat-des","10":"product_cat-tabletop-fr","12":"first","13":"outofstock","14":"taxable","15":"shipping-taxable","16":"purchasable","17":"product-type-simple"},"acf":[],"yoast_head":"<!-- This site is optimized with the Yoast SEO plugin v27.4 - https:\/\/yoast.com\/product\/yoast-seo-wordpress\/ -->\n<title>Ach\u00e8te Oakie Doakie - Jeu de d\u00e9s RPG - Dice Glow in the Dark - Lava<\/title>\n<meta name=\"description\" content=\"Ach\u00e8te Oakie Doakie - Jeu de d\u00e9s RPG - Dice Glow in the Dark - Lava en ligne maintenant \u00e0 petit prix! Ton #1 shop pour cartes TCG &amp; Pok\u00e9mon en Suisse \u2713 Livraison gratuite d\u00e8s CHF 29\" \/>\n<meta name=\"robots\" content=\"index, follow, max-snippet:-1, max-image-preview:large, max-video-preview:-1\" \/>\n<link rel=\"canonical\" href=\"https:\/\/theuncommonshop.ch\/fr\/product\/oakie-doakie-dice-rpg-wuerfel-set-dice-glow-in-the-dark-lava-3\/\" \/>\n<meta property=\"og:locale\" content=\"fr_FR\" \/>\n<meta property=\"og:type\" content=\"article\" \/>\n<meta property=\"og:title\" content=\"Ach\u00e8te Oakie Doakie - Jeu de d\u00e9s RPG - Dice Glow in the Dark - Lava\" \/>\n<meta property=\"og:description\" content=\"Ach\u00e8te Oakie Doakie - Jeu de d\u00e9s RPG - Dice Glow in the Dark - Lava en ligne maintenant \u00e0 petit prix! Ton #1 shop pour cartes TCG &amp; Pok\u00e9mon en Suisse \u2713 Livraison gratuite d\u00e8s CHF 29\" \/>\n<meta property=\"og:url\" content=\"https:\/\/theuncommonshop.ch\/fr\/product\/oakie-doakie-dice-rpg-wuerfel-set-dice-glow-in-the-dark-lava-3\/\" \/>\n<meta property=\"og:site_name\" content=\"Largest trading card shop in Switzerland\" \/>\n<meta property=\"article:modified_time\" content=\"2026-03-29T16:31:13+00:00\" \/>\n<meta property=\"og:image\" content=\"https:\/\/theuncommonshop.ch\/wp-content\/uploads\/2025\/06\/4437029893.jpg\" \/>\n\t<meta property=\"og:image:width\" content=\"1000\" \/>\n\t<meta property=\"og:image:height\" content=\"1000\" \/>\n\t<meta property=\"og:image:type\" content=\"image\/jpeg\" \/>\n<meta name=\"twitter:card\" content=\"summary_large_image\" \/>\n<meta name=\"twitter:label1\" content=\"Prix\" \/>\n\t<meta name=\"twitter:data1\" content=\"&#067;&#072;&#070;&nbsp;13.95\" \/>\n\t<meta name=\"twitter:label2\" content=\"Disponibilit\u00e9\" \/>\n\t<meta name=\"twitter:data2\" content=\"Rupture de stock\" \/>\n<script type=\"application\/ld+json\" class=\"yoast-schema-graph\">{\"@context\":\"https:\\\/\\\/schema.org\",\"@graph\":[{\"@type\":\"WebPage\",\"@id\":\"https:\\\/\\\/theuncommonshop.ch\\\/fr\\\/product\\\/oakie-doakie-dice-rpg-wuerfel-set-dice-glow-in-the-dark-lava-3\\\/\",\"url\":\"https:\\\/\\\/theuncommonshop.ch\\\/fr\\\/product\\\/oakie-doakie-dice-rpg-wuerfel-set-dice-glow-in-the-dark-lava-3\\\/\",\"name\":\"Ach\u00e8te Oakie Doakie - Jeu de d\u00e9s RPG - Dice Glow in the Dark - Lava\",\"isPartOf\":{\"@id\":\"https:\\\/\\\/theuncommonshop.ch\\\/fr\\\/#website\"},\"primaryImageOfPage\":{\"@id\":\"https:\\\/\\\/theuncommonshop.ch\\\/fr\\\/product\\\/oakie-doakie-dice-rpg-wuerfel-set-dice-glow-in-the-dark-lava-3\\\/#primaryimage\"},\"image\":{\"@id\":\"https:\\\/\\\/theuncommonshop.ch\\\/fr\\\/product\\\/oakie-doakie-dice-rpg-wuerfel-set-dice-glow-in-the-dark-lava-3\\\/#primaryimage\"},\"thumbnailUrl\":\"https:\\\/\\\/theuncommonshop.ch\\\/wp-content\\\/uploads\\\/2025\\\/06\\\/4437029893.jpg\",\"datePublished\":\"2025-06-04T13:14:05+00:00\",\"dateModified\":\"2026-03-29T16:31:13+00:00\",\"description\":\"Ach\u00e8te Oakie Doakie - Jeu de d\u00e9s RPG - Dice Glow in the Dark - Lava en ligne maintenant \u00e0 petit prix! Ton #1 shop pour cartes TCG & Pok\u00e9mon en Suisse \u2713 Livraison gratuite d\u00e8s CHF 29\",\"breadcrumb\":{\"@id\":\"https:\\\/\\\/theuncommonshop.ch\\\/fr\\\/product\\\/oakie-doakie-dice-rpg-wuerfel-set-dice-glow-in-the-dark-lava-3\\\/#breadcrumb\"},\"inLanguage\":\"fr-FR\",\"potentialAction\":[{\"@type\":\"ReadAction\",\"target\":[\"https:\\\/\\\/theuncommonshop.ch\\\/fr\\\/product\\\/oakie-doakie-dice-rpg-wuerfel-set-dice-glow-in-the-dark-lava-3\\\/\"]}]},{\"@type\":\"ImageObject\",\"inLanguage\":\"fr-FR\",\"@id\":\"https:\\\/\\\/theuncommonshop.ch\\\/fr\\\/product\\\/oakie-doakie-dice-rpg-wuerfel-set-dice-glow-in-the-dark-lava-3\\\/#primaryimage\",\"url\":\"https:\\\/\\\/theuncommonshop.ch\\\/wp-content\\\/uploads\\\/2025\\\/06\\\/4437029893.jpg\",\"contentUrl\":\"https:\\\/\\\/theuncommonshop.ch\\\/wp-content\\\/uploads\\\/2025\\\/06\\\/4437029893.jpg\",\"width\":1000,\"height\":1000},{\"@type\":\"BreadcrumbList\",\"@id\":\"https:\\\/\\\/theuncommonshop.ch\\\/fr\\\/product\\\/oakie-doakie-dice-rpg-wuerfel-set-dice-glow-in-the-dark-lava-3\\\/#breadcrumb\",\"itemListElement\":[{\"@type\":\"ListItem\",\"position\":1,\"name\":\"Accueil\",\"item\":\"https:\\\/\\\/theuncommonshop.ch\\\/fr\\\/accueil\\\/\"},{\"@type\":\"ListItem\",\"position\":2,\"name\":\"Boutique\",\"item\":\"https:\\\/\\\/theuncommonshop.ch\\\/fr\\\/boutique\\\/\"},{\"@type\":\"ListItem\",\"position\":3,\"name\":\"Accessoires TCG\",\"item\":\"https:\\\/\\\/theuncommonshop.ch\\\/fr\\\/categorie-produit\\\/accessoires-tcg\\\/\"},{\"@type\":\"ListItem\",\"position\":4,\"name\":\"D\u00e9s\",\"item\":\"https:\\\/\\\/theuncommonshop.ch\\\/fr\\\/categorie-produit\\\/accessoires-tcg\\\/des\\\/\"},{\"@type\":\"ListItem\",\"position\":5,\"name\":\"Oakie Doakie &#8211; Jeu de d\u00e9s RPG &#8211; Dice Glow in the Dark &#8211; Lava\"}]},{\"@type\":\"WebSite\",\"@id\":\"https:\\\/\\\/theuncommonshop.ch\\\/fr\\\/#website\",\"url\":\"https:\\\/\\\/theuncommonshop.ch\\\/fr\\\/\",\"name\":\"Largest trading card shop in Switzerland\",\"description\":\"Magic, Pok\u00e9mon and Yu-gi-oh - The Uncommon Shop\",\"potentialAction\":[{\"@type\":\"SearchAction\",\"target\":{\"@type\":\"EntryPoint\",\"urlTemplate\":\"https:\\\/\\\/theuncommonshop.ch\\\/fr\\\/?s={search_term_string}\"},\"query-input\":{\"@type\":\"PropertyValueSpecification\",\"valueRequired\":true,\"valueName\":\"search_term_string\"}}],\"inLanguage\":\"fr-FR\"}]}<\/script>\n<meta property=\"product:price:amount\" content=\"13.95\" \/>\n<meta property=\"product:price:currency\" content=\"CHF\" \/>\n<meta property=\"og:availability\" content=\"out of stock\" \/>\n<meta property=\"product:availability\" content=\"out of stock\" \/>\n<meta property=\"product:retailer_item_id\" content=\"Zub.IV.E.RPGW\u00fcrfelGlowLava\" \/>\n<meta property=\"product:condition\" content=\"new\" \/>\n<!-- \/ Yoast SEO plugin. -->","yoast_head_json":{"title":"Ach\u00e8te Oakie Doakie - Jeu de d\u00e9s RPG - Dice Glow in the Dark - Lava","description":"Ach\u00e8te Oakie Doakie - Jeu de d\u00e9s RPG - Dice Glow in the Dark - Lava en ligne maintenant \u00e0 petit prix! Ton #1 shop pour cartes TCG & Pok\u00e9mon en Suisse \u2713 Livraison gratuite d\u00e8s CHF 29","robots":{"index":"index","follow":"follow","max-snippet":"max-snippet:-1","max-image-preview":"max-image-preview:large","max-video-preview":"max-video-preview:-1"},"canonical":"https:\/\/theuncommonshop.ch\/fr\/product\/oakie-doakie-dice-rpg-wuerfel-set-dice-glow-in-the-dark-lava-3\/","og_locale":"fr_FR","og_type":"article","og_title":"Ach\u00e8te Oakie Doakie - Jeu de d\u00e9s RPG - Dice Glow in the Dark - Lava","og_description":"Ach\u00e8te Oakie Doakie - Jeu de d\u00e9s RPG - Dice Glow in the Dark - Lava en ligne maintenant \u00e0 petit prix! Ton #1 shop pour cartes TCG & Pok\u00e9mon en Suisse \u2713 Livraison gratuite d\u00e8s CHF 29","og_url":"https:\/\/theuncommonshop.ch\/fr\/product\/oakie-doakie-dice-rpg-wuerfel-set-dice-glow-in-the-dark-lava-3\/","og_site_name":"Largest trading card shop in Switzerland","article_modified_time":"2026-03-29T16:31:13+00:00","og_image":[{"width":1000,"height":1000,"url":"https:\/\/theuncommonshop.ch\/wp-content\/uploads\/2025\/06\/4437029893.jpg","type":"image\/jpeg"}],"twitter_card":"summary_large_image","twitter_misc":{"Prix":"&#67;&#72;&#70;&nbsp;13.95","Disponibilit\u00e9":"Rupture de stock"},"schema":{"@context":"https:\/\/schema.org","@graph":[{"@type":"WebPage","@id":"https:\/\/theuncommonshop.ch\/fr\/product\/oakie-doakie-dice-rpg-wuerfel-set-dice-glow-in-the-dark-lava-3\/","url":"https:\/\/theuncommonshop.ch\/fr\/product\/oakie-doakie-dice-rpg-wuerfel-set-dice-glow-in-the-dark-lava-3\/","name":"Ach\u00e8te Oakie Doakie - Jeu de d\u00e9s RPG - Dice Glow in the Dark - Lava","isPartOf":{"@id":"https:\/\/theuncommonshop.ch\/fr\/#website"},"primaryImageOfPage":{"@id":"https:\/\/theuncommonshop.ch\/fr\/product\/oakie-doakie-dice-rpg-wuerfel-set-dice-glow-in-the-dark-lava-3\/#primaryimage"},"image":{"@id":"https:\/\/theuncommonshop.ch\/fr\/product\/oakie-doakie-dice-rpg-wuerfel-set-dice-glow-in-the-dark-lava-3\/#primaryimage"},"thumbnailUrl":"https:\/\/theuncommonshop.ch\/wp-content\/uploads\/2025\/06\/4437029893.jpg","datePublished":"2025-06-04T13:14:05+00:00","dateModified":"2026-03-29T16:31:13+00:00","description":"Ach\u00e8te Oakie Doakie - Jeu de d\u00e9s RPG - Dice Glow in the Dark - Lava en ligne maintenant \u00e0 petit prix! Ton #1 shop pour cartes TCG & Pok\u00e9mon en Suisse \u2713 Livraison gratuite d\u00e8s CHF 29","breadcrumb":{"@id":"https:\/\/theuncommonshop.ch\/fr\/product\/oakie-doakie-dice-rpg-wuerfel-set-dice-glow-in-the-dark-lava-3\/#breadcrumb"},"inLanguage":"fr-FR","potentialAction":[{"@type":"ReadAction","target":["https:\/\/theuncommonshop.ch\/fr\/product\/oakie-doakie-dice-rpg-wuerfel-set-dice-glow-in-the-dark-lava-3\/"]}]},{"@type":"ImageObject","inLanguage":"fr-FR","@id":"https:\/\/theuncommonshop.ch\/fr\/product\/oakie-doakie-dice-rpg-wuerfel-set-dice-glow-in-the-dark-lava-3\/#primaryimage","url":"https:\/\/theuncommonshop.ch\/wp-content\/uploads\/2025\/06\/4437029893.jpg","contentUrl":"https:\/\/theuncommonshop.ch\/wp-content\/uploads\/2025\/06\/4437029893.jpg","width":1000,"height":1000},{"@type":"BreadcrumbList","@id":"https:\/\/theuncommonshop.ch\/fr\/product\/oakie-doakie-dice-rpg-wuerfel-set-dice-glow-in-the-dark-lava-3\/#breadcrumb","itemListElement":[{"@type":"ListItem","position":1,"name":"Accueil","item":"https:\/\/theuncommonshop.ch\/fr\/accueil\/"},{"@type":"ListItem","position":2,"name":"Boutique","item":"https:\/\/theuncommonshop.ch\/fr\/boutique\/"},{"@type":"ListItem","position":3,"name":"Accessoires TCG","item":"https:\/\/theuncommonshop.ch\/fr\/categorie-produit\/accessoires-tcg\/"},{"@type":"ListItem","position":4,"name":"D\u00e9s","item":"https:\/\/theuncommonshop.ch\/fr\/categorie-produit\/accessoires-tcg\/des\/"},{"@type":"ListItem","position":5,"name":"Oakie Doakie &#8211; Jeu de d\u00e9s RPG &#8211; Dice Glow in the Dark &#8211; Lava"}]},{"@type":"WebSite","@id":"https:\/\/theuncommonshop.ch\/fr\/#website","url":"https:\/\/theuncommonshop.ch\/fr\/","name":"Largest trading card shop in Switzerland","description":"Magic, Pok\u00e9mon and Yu-gi-oh - The Uncommon Shop","potentialAction":[{"@type":"SearchAction","target":{"@type":"EntryPoint","urlTemplate":"https:\/\/theuncommonshop.ch\/fr\/?s={search_term_string}"},"query-input":{"@type":"PropertyValueSpecification","valueRequired":true,"valueName":"search_term_string"}}],"inLanguage":"fr-FR"}]},"product_price_amount":"13.95","product_price_currency":"CHF","og_availability":"out of stock","product_availability":"out of stock","product_retailer_item_id":"Zub.IV.E.RPGW\u00fcrfelGlowLava","product_condition":"new"},"_links":{"self":[{"href":"https:\/\/theuncommonshop.ch\/fr\/wp-json\/wp\/v2\/product\/324779","targetHints":{"allow":["GET"]}}],"collection":[{"href":"https:\/\/theuncommonshop.ch\/fr\/wp-json\/wp\/v2\/product"}],"about":[{"href":"https:\/\/theuncommonshop.ch\/fr\/wp-json\/wp\/v2\/types\/product"}],"replies":[{"embeddable":true,"href":"https:\/\/theuncommonshop.ch\/fr\/wp-json\/wp\/v2\/comments?post=324779"}],"version-history":[{"count":2,"href":"https:\/\/theuncommonshop.ch\/fr\/wp-json\/wp\/v2\/product\/324779\/revisions"}],"predecessor-version":[{"id":360915,"href":"https:\/\/theuncommonshop.ch\/fr\/wp-json\/wp\/v2\/product\/324779\/revisions\/360915"}],"wp:featuredmedia":[{"embeddable":true,"href":"https:\/\/theuncommonshop.ch\/fr\/wp-json\/wp\/v2\/media\/112421"}],"wp:attachment":[{"href":"https:\/\/theuncommonshop.ch\/fr\/wp-json\/wp\/v2\/media?parent=324779"}],"wp:term":[{"taxonomy":"product_brand","embeddable":true,"href":"https:\/\/theuncommonshop.ch\/fr\/wp-json\/wp\/v2\/product_brand?post=324779"},{"taxonomy":"product_cat","embeddable":true,"href":"https:\/\/theuncommonshop.ch\/fr\/wp-json\/wp\/v2\/product_cat?post=324779"},{"taxonomy":"product_tag","embeddable":true,"href":"https:\/\/theuncommonshop.ch\/fr\/wp-json\/wp\/v2\/product_tag?post=324779"}],"curies":[{"name":"wp","href":"https:\/\/api.w.org\/{rel}","templated":true}]}}