{"id":324729,"date":"2025-06-04T12:56:22","date_gmt":"2025-06-04T12:56:22","guid":{"rendered":"http:\/\/theuncommonshop.ch\/produkt\/324729\/"},"modified":"2026-03-29T18:43:01","modified_gmt":"2026-03-29T16:43:01","slug":"magic-duskmourn-house-of-horror-dsk-nightmare-bundle-2","status":"publish","type":"product","link":"https:\/\/theuncommonshop.ch\/fr\/product\/magic-duskmourn-house-of-horror-dsk-nightmare-bundle-2\/","title":{"rendered":"Magic &#8211; Duskmourn House of Horror (DSK) &#8211; Nightmare Bundle"},"content":{"rendered":"<p><strong>Magic &#8211; Duskmourn House of Horror (DSK) &#8211; Nightmare Bundle<\/strong><\/p>\n<ul>\n<li>POUR LE GHUL QUI A TOUT &#8211; Vous canalisez le Bundle le plus effrayant qu&#8217;un fan de Magic puisse obtenir, avec de nombreux extras sp\u00e9ciaux, y compris un compteur de points de vie Spindown qui brille dans le noir, au cas o\u00f9 vous auriez peur.<\/li>\n<li>CETTE T\u00c9L\u00c9VISION EST TOUJOURS SUR LA CHA\u00ceNE DE L&#8217;HORREUR &#8211; Ne changez pas de cha\u00eene, chaque Bundle Nightmare contient 1 des 3 cartes promotionnelles d&#8217;affiches de films stylis\u00e9es, 1 des 3 cartes promotionnelles effrayantes sans bordure et 3 affiches de films double face avec des illustrations de cartes promotionnelles.<\/li>\n<li>COLLECTIONNEZ LES CARTES DUSKMOURN LES PLUS COOL &#8211; Obtenez 2 Boosters collector, le raccourci vers les cartes les plus cool du set ; chaque Booster est rempli de cartes rares et\/ou fabuleusement rares , de cartes foil brillantes, de cartes avec des illustrations alternatives sp\u00e9ciales et de cartes avec des bords alternatifs.<\/li>\n<li>CONSTRUISEZ UN DECK PUISSANT AVEC DES BOOSTERS DE JEU &#8211; Ce bundle est id\u00e9al pour le format limit\u00e9 et est tr\u00e8s amusant \u00e0 ouvrir, car il contient 6 boosters de jeu ; chaque booster peut contenir plusieurs cartes rares et au moins 1 carte foil brillante.<\/li>\n<li>EXPLOREZ UNE MAISON PLEINE D&#8217;ESPACES ALTIQUES &#8211; Avec 20 pays de propri\u00e9t\u00e9s largement illustr\u00e9s sous forme de cartes foil traditionnelles, vous donnez vie aux plus grandes peurs de vos adversaires.<\/li>\n<li>COMMENT ALLEZ-VOUS SURVIVRE ? &#8211; Pris au pi\u00e8ge dans les salles sans fin de Duskmourn, il n&#8217;y a qu&#8217;un seul moyen d&#8217;en sortir ; faites \u00e9quipe avec de courageux survivants et combattez ensemble jusqu&#8217;au c\u0153ur de la maison Duskmourn, qui englobe un monde entier. <\/li>\n<li>CONTENU DU BOUNDLE NIGHTMARE &#8211; 2 Boosters \u00e0 collectionner, 6 Boosters \u00e0 jouer, 20 pays de propri\u00e9t\u00e9s avec de grandes illustrations sous forme de cartes foil traditionnelles, 1 carte promotion sans bord, 1 carte affiche de film, 3 affiches de film double face, 1 bo\u00eete de deck, 1 compteur de vie Spindown qui brille dans l&#8217;obscurit\u00e9 et 2 cartes de r\u00e9f\u00e9rence de r\u00e8gles<\/li>\n<\/ul>\n","protected":false},"excerpt":{"rendered":"<p>Magic &#8211; Duskmourn House of Horror (DSK) &#8211; Nightmare Bundle POUR LE GHUL QUI A TOUT &#8211; Vous canalisez le<\/p>\n","protected":false},"featured_media":112013,"comment_status":"open","ping_status":"closed","template":"","meta":{"_acf_changed":false},"product_brand":[5158,5070],"product_cat":[9971,10181,9967,9991],"product_tag":[],"class_list":{"0":"post-324729","1":"product","2":"type-product","3":"status-publish","4":"has-post-thumbnail","6":"product_brand-magic-the-gathering","7":"product_brand-wizards-of-the-coast","8":"product_cat-bundles-fr","9":"product_cat-duskmourn-la-maison-de-lhorreur","10":"product_cat-magic-the-gathering-fr","11":"product_cat-produits-par-lots-mtg","13":"first","14":"outofstock","15":"taxable","16":"shipping-taxable","17":"purchasable","18":"product-type-variable"},"acf":[],"yoast_head":"<!-- This site is optimized with the Yoast SEO plugin v27.4 - https:\/\/yoast.com\/product\/yoast-seo-wordpress\/ -->\n<title>Ach\u00e8te Magic - Duskmourn House of Horror (DSK) - Nightmare Bundle<\/title>\n<meta name=\"description\" content=\"Ach\u00e8te Magic - Duskmourn House of Horror (DSK) - Nightmare Bundle en ligne maintenant \u00e0 petit prix! Ton #1 shop pour cartes TCG &amp; Pok\u00e9mon en Suisse \u2713 Livraison gratuite d\u00e8s CHF 29\" \/>\n<meta name=\"robots\" content=\"index, follow, max-snippet:-1, max-image-preview:large, max-video-preview:-1\" \/>\n<link rel=\"canonical\" href=\"https:\/\/theuncommonshop.ch\/fr\/product\/magic-duskmourn-house-of-horror-dsk-nightmare-bundle-2\/\" \/>\n<meta property=\"og:locale\" content=\"fr_FR\" \/>\n<meta property=\"og:type\" content=\"article\" \/>\n<meta property=\"og:title\" content=\"Ach\u00e8te Magic - Duskmourn House of Horror (DSK) - Nightmare Bundle\" \/>\n<meta property=\"og:description\" content=\"Ach\u00e8te Magic - Duskmourn House of Horror (DSK) - Nightmare Bundle en ligne maintenant \u00e0 petit prix! Ton #1 shop pour cartes TCG &amp; Pok\u00e9mon en Suisse \u2713 Livraison gratuite d\u00e8s CHF 29\" \/>\n<meta property=\"og:url\" content=\"https:\/\/theuncommonshop.ch\/fr\/product\/magic-duskmourn-house-of-horror-dsk-nightmare-bundle-2\/\" \/>\n<meta property=\"og:site_name\" content=\"Largest trading card shop in Switzerland\" \/>\n<meta property=\"article:modified_time\" content=\"2026-03-29T16:43:01+00:00\" \/>\n<meta property=\"og:image\" content=\"https:\/\/theuncommonshop.ch\/wp-content\/uploads\/2025\/06\/4415209528.jpg\" \/>\n\t<meta property=\"og:image:width\" content=\"900\" \/>\n\t<meta property=\"og:image:height\" content=\"745\" \/>\n\t<meta property=\"og:image:type\" content=\"image\/jpeg\" \/>\n<meta name=\"twitter:card\" content=\"summary_large_image\" \/>\n<meta name=\"twitter:label1\" content=\"Disponibilit\u00e9\" \/>\n\t<meta name=\"twitter:data1\" content=\"Rupture de stock\" \/>\n<script type=\"application\/ld+json\" class=\"yoast-schema-graph\">{\"@context\":\"https:\\\/\\\/schema.org\",\"@graph\":[{\"@type\":\"WebPage\",\"@id\":\"https:\\\/\\\/theuncommonshop.ch\\\/fr\\\/product\\\/magic-duskmourn-house-of-horror-dsk-nightmare-bundle-2\\\/\",\"url\":\"https:\\\/\\\/theuncommonshop.ch\\\/fr\\\/product\\\/magic-duskmourn-house-of-horror-dsk-nightmare-bundle-2\\\/\",\"name\":\"Ach\u00e8te Magic - Duskmourn House of Horror (DSK) - Nightmare Bundle\",\"isPartOf\":{\"@id\":\"https:\\\/\\\/theuncommonshop.ch\\\/#website\"},\"primaryImageOfPage\":{\"@id\":\"https:\\\/\\\/theuncommonshop.ch\\\/fr\\\/product\\\/magic-duskmourn-house-of-horror-dsk-nightmare-bundle-2\\\/#primaryimage\"},\"image\":{\"@id\":\"https:\\\/\\\/theuncommonshop.ch\\\/fr\\\/product\\\/magic-duskmourn-house-of-horror-dsk-nightmare-bundle-2\\\/#primaryimage\"},\"thumbnailUrl\":\"https:\\\/\\\/theuncommonshop.ch\\\/wp-content\\\/uploads\\\/2025\\\/06\\\/4415209528.jpg\",\"datePublished\":\"2025-06-04T12:56:22+00:00\",\"dateModified\":\"2026-03-29T16:43:01+00:00\",\"description\":\"Ach\u00e8te Magic - Duskmourn House of Horror (DSK) - Nightmare Bundle en ligne maintenant \u00e0 petit prix! Ton #1 shop pour cartes TCG & Pok\u00e9mon en Suisse \u2713 Livraison gratuite d\u00e8s CHF 29\",\"breadcrumb\":{\"@id\":\"https:\\\/\\\/theuncommonshop.ch\\\/fr\\\/product\\\/magic-duskmourn-house-of-horror-dsk-nightmare-bundle-2\\\/#breadcrumb\"},\"inLanguage\":\"fr-FR\",\"potentialAction\":[{\"@type\":\"ReadAction\",\"target\":[\"https:\\\/\\\/theuncommonshop.ch\\\/fr\\\/product\\\/magic-duskmourn-house-of-horror-dsk-nightmare-bundle-2\\\/\"]}]},{\"@type\":\"ImageObject\",\"inLanguage\":\"fr-FR\",\"@id\":\"https:\\\/\\\/theuncommonshop.ch\\\/fr\\\/product\\\/magic-duskmourn-house-of-horror-dsk-nightmare-bundle-2\\\/#primaryimage\",\"url\":\"https:\\\/\\\/theuncommonshop.ch\\\/wp-content\\\/uploads\\\/2025\\\/06\\\/4415209528.jpg\",\"contentUrl\":\"https:\\\/\\\/theuncommonshop.ch\\\/wp-content\\\/uploads\\\/2025\\\/06\\\/4415209528.jpg\",\"width\":900,\"height\":745,\"caption\":\"MIGRATION_FIX_2026 [ECWID_RESTORED : 2026-03-29 12:47:03]\"},{\"@type\":\"BreadcrumbList\",\"@id\":\"https:\\\/\\\/theuncommonshop.ch\\\/fr\\\/product\\\/magic-duskmourn-house-of-horror-dsk-nightmare-bundle-2\\\/#breadcrumb\",\"itemListElement\":[{\"@type\":\"ListItem\",\"position\":1,\"name\":\"Accueil\",\"item\":\"https:\\\/\\\/theuncommonshop.ch\\\/fr\\\/accueil\\\/\"},{\"@type\":\"ListItem\",\"position\":2,\"name\":\"Boutique\",\"item\":\"https:\\\/\\\/theuncommonshop.ch\\\/fr\\\/boutique\\\/\"},{\"@type\":\"ListItem\",\"position\":3,\"name\":\"Magic the Gathering\",\"item\":\"https:\\\/\\\/theuncommonshop.ch\\\/fr\\\/categorie-produit\\\/magic-the-gathering-fr\\\/\"},{\"@type\":\"ListItem\",\"position\":4,\"name\":\"Produits par lots\",\"item\":\"https:\\\/\\\/theuncommonshop.ch\\\/fr\\\/categorie-produit\\\/magic-the-gathering-fr\\\/produits-par-lots-mtg\\\/\"},{\"@type\":\"ListItem\",\"position\":5,\"name\":\"Duskmourn : la Maison de l'horreur\",\"item\":\"https:\\\/\\\/theuncommonshop.ch\\\/fr\\\/categorie-produit\\\/magic-the-gathering-fr\\\/produits-par-lots-mtg\\\/duskmourn-la-maison-de-lhorreur\\\/\"},{\"@type\":\"ListItem\",\"position\":6,\"name\":\"Magic &#8211; Duskmourn House of Horror (DSK) &#8211; Nightmare Bundle\"}]},{\"@type\":\"WebSite\",\"@id\":\"https:\\\/\\\/theuncommonshop.ch\\\/#website\",\"url\":\"https:\\\/\\\/theuncommonshop.ch\\\/\",\"name\":\"Largest trading card shop in Switzerland\",\"description\":\"Magic, Pok\u00e9mon and Yu-gi-oh - The Uncommon Shop\",\"potentialAction\":[{\"@type\":\"SearchAction\",\"target\":{\"@type\":\"EntryPoint\",\"urlTemplate\":\"https:\\\/\\\/theuncommonshop.ch\\\/?s={search_term_string}\"},\"query-input\":{\"@type\":\"PropertyValueSpecification\",\"valueRequired\":true,\"valueName\":\"search_term_string\"}}],\"inLanguage\":\"fr-FR\"}]}<\/script>\n<meta property=\"og:availability\" content=\"out of stock\" \/>\n<meta property=\"product:availability\" content=\"out of stock\" \/>\n<meta property=\"product:condition\" content=\"new\" \/>\n<!-- \/ Yoast SEO plugin. -->","yoast_head_json":{"title":"Ach\u00e8te Magic - Duskmourn House of Horror (DSK) - Nightmare Bundle","description":"Ach\u00e8te Magic - Duskmourn House of Horror (DSK) - Nightmare Bundle en ligne maintenant \u00e0 petit prix! Ton #1 shop pour cartes TCG & Pok\u00e9mon en Suisse \u2713 Livraison gratuite d\u00e8s CHF 29","robots":{"index":"index","follow":"follow","max-snippet":"max-snippet:-1","max-image-preview":"max-image-preview:large","max-video-preview":"max-video-preview:-1"},"canonical":"https:\/\/theuncommonshop.ch\/fr\/product\/magic-duskmourn-house-of-horror-dsk-nightmare-bundle-2\/","og_locale":"fr_FR","og_type":"article","og_title":"Ach\u00e8te Magic - Duskmourn House of Horror (DSK) - Nightmare Bundle","og_description":"Ach\u00e8te Magic - Duskmourn House of Horror (DSK) - Nightmare Bundle en ligne maintenant \u00e0 petit prix! Ton #1 shop pour cartes TCG & Pok\u00e9mon en Suisse \u2713 Livraison gratuite d\u00e8s CHF 29","og_url":"https:\/\/theuncommonshop.ch\/fr\/product\/magic-duskmourn-house-of-horror-dsk-nightmare-bundle-2\/","og_site_name":"Largest trading card shop in Switzerland","article_modified_time":"2026-03-29T16:43:01+00:00","og_image":[{"width":900,"height":745,"url":"https:\/\/theuncommonshop.ch\/wp-content\/uploads\/2025\/06\/4415209528.jpg","type":"image\/jpeg"}],"twitter_card":"summary_large_image","twitter_misc":{"Disponibilit\u00e9":"Rupture de stock"},"schema":{"@context":"https:\/\/schema.org","@graph":[{"@type":"WebPage","@id":"https:\/\/theuncommonshop.ch\/fr\/product\/magic-duskmourn-house-of-horror-dsk-nightmare-bundle-2\/","url":"https:\/\/theuncommonshop.ch\/fr\/product\/magic-duskmourn-house-of-horror-dsk-nightmare-bundle-2\/","name":"Ach\u00e8te Magic - Duskmourn House of Horror (DSK) - Nightmare Bundle","isPartOf":{"@id":"https:\/\/theuncommonshop.ch\/#website"},"primaryImageOfPage":{"@id":"https:\/\/theuncommonshop.ch\/fr\/product\/magic-duskmourn-house-of-horror-dsk-nightmare-bundle-2\/#primaryimage"},"image":{"@id":"https:\/\/theuncommonshop.ch\/fr\/product\/magic-duskmourn-house-of-horror-dsk-nightmare-bundle-2\/#primaryimage"},"thumbnailUrl":"https:\/\/theuncommonshop.ch\/wp-content\/uploads\/2025\/06\/4415209528.jpg","datePublished":"2025-06-04T12:56:22+00:00","dateModified":"2026-03-29T16:43:01+00:00","description":"Ach\u00e8te Magic - Duskmourn House of Horror (DSK) - Nightmare Bundle en ligne maintenant \u00e0 petit prix! Ton #1 shop pour cartes TCG & Pok\u00e9mon en Suisse \u2713 Livraison gratuite d\u00e8s CHF 29","breadcrumb":{"@id":"https:\/\/theuncommonshop.ch\/fr\/product\/magic-duskmourn-house-of-horror-dsk-nightmare-bundle-2\/#breadcrumb"},"inLanguage":"fr-FR","potentialAction":[{"@type":"ReadAction","target":["https:\/\/theuncommonshop.ch\/fr\/product\/magic-duskmourn-house-of-horror-dsk-nightmare-bundle-2\/"]}]},{"@type":"ImageObject","inLanguage":"fr-FR","@id":"https:\/\/theuncommonshop.ch\/fr\/product\/magic-duskmourn-house-of-horror-dsk-nightmare-bundle-2\/#primaryimage","url":"https:\/\/theuncommonshop.ch\/wp-content\/uploads\/2025\/06\/4415209528.jpg","contentUrl":"https:\/\/theuncommonshop.ch\/wp-content\/uploads\/2025\/06\/4415209528.jpg","width":900,"height":745,"caption":"MIGRATION_FIX_2026 [ECWID_RESTORED : 2026-03-29 12:47:03]"},{"@type":"BreadcrumbList","@id":"https:\/\/theuncommonshop.ch\/fr\/product\/magic-duskmourn-house-of-horror-dsk-nightmare-bundle-2\/#breadcrumb","itemListElement":[{"@type":"ListItem","position":1,"name":"Accueil","item":"https:\/\/theuncommonshop.ch\/fr\/accueil\/"},{"@type":"ListItem","position":2,"name":"Boutique","item":"https:\/\/theuncommonshop.ch\/fr\/boutique\/"},{"@type":"ListItem","position":3,"name":"Magic the Gathering","item":"https:\/\/theuncommonshop.ch\/fr\/categorie-produit\/magic-the-gathering-fr\/"},{"@type":"ListItem","position":4,"name":"Produits par lots","item":"https:\/\/theuncommonshop.ch\/fr\/categorie-produit\/magic-the-gathering-fr\/produits-par-lots-mtg\/"},{"@type":"ListItem","position":5,"name":"Duskmourn : la Maison de l'horreur","item":"https:\/\/theuncommonshop.ch\/fr\/categorie-produit\/magic-the-gathering-fr\/produits-par-lots-mtg\/duskmourn-la-maison-de-lhorreur\/"},{"@type":"ListItem","position":6,"name":"Magic &#8211; Duskmourn House of Horror (DSK) &#8211; Nightmare Bundle"}]},{"@type":"WebSite","@id":"https:\/\/theuncommonshop.ch\/#website","url":"https:\/\/theuncommonshop.ch\/","name":"Largest trading card shop in Switzerland","description":"Magic, Pok\u00e9mon and Yu-gi-oh - The Uncommon Shop","potentialAction":[{"@type":"SearchAction","target":{"@type":"EntryPoint","urlTemplate":"https:\/\/theuncommonshop.ch\/?s={search_term_string}"},"query-input":{"@type":"PropertyValueSpecification","valueRequired":true,"valueName":"search_term_string"}}],"inLanguage":"fr-FR"}]},"og_availability":"out of stock","product_availability":"out of stock","product_condition":"new"},"_links":{"self":[{"href":"https:\/\/theuncommonshop.ch\/fr\/wp-json\/wp\/v2\/product\/324729","targetHints":{"allow":["GET"]}}],"collection":[{"href":"https:\/\/theuncommonshop.ch\/fr\/wp-json\/wp\/v2\/product"}],"about":[{"href":"https:\/\/theuncommonshop.ch\/fr\/wp-json\/wp\/v2\/types\/product"}],"replies":[{"embeddable":true,"href":"https:\/\/theuncommonshop.ch\/fr\/wp-json\/wp\/v2\/comments?post=324729"}],"version-history":[{"count":1,"href":"https:\/\/theuncommonshop.ch\/fr\/wp-json\/wp\/v2\/product\/324729\/revisions"}],"predecessor-version":[{"id":324734,"href":"https:\/\/theuncommonshop.ch\/fr\/wp-json\/wp\/v2\/product\/324729\/revisions\/324734"}],"wp:featuredmedia":[{"embeddable":true,"href":"https:\/\/theuncommonshop.ch\/fr\/wp-json\/wp\/v2\/media\/112013"}],"wp:attachment":[{"href":"https:\/\/theuncommonshop.ch\/fr\/wp-json\/wp\/v2\/media?parent=324729"}],"wp:term":[{"taxonomy":"product_brand","embeddable":true,"href":"https:\/\/theuncommonshop.ch\/fr\/wp-json\/wp\/v2\/product_brand?post=324729"},{"taxonomy":"product_cat","embeddable":true,"href":"https:\/\/theuncommonshop.ch\/fr\/wp-json\/wp\/v2\/product_cat?post=324729"},{"taxonomy":"product_tag","embeddable":true,"href":"https:\/\/theuncommonshop.ch\/fr\/wp-json\/wp\/v2\/product_tag?post=324729"}],"curies":[{"name":"wp","href":"https:\/\/api.w.org\/{rel}","templated":true}]}}