{"id":324709,"date":"2025-06-04T12:43:08","date_gmt":"2025-06-04T12:43:08","guid":{"rendered":"http:\/\/theuncommonshop.ch\/produkt\/324709\/"},"modified":"2026-03-31T16:53:48","modified_gmt":"2026-03-31T14:53:48","slug":"flesh-and-blood-rosetta-blitz-deck-collection-en-2","status":"publish","type":"product","link":"https:\/\/theuncommonshop.ch\/fr\/product\/flesh-and-blood-rosetta-blitz-deck-collection-en-2\/","title":{"rendered":"Flesh and Blood &#8211; Rosetta &#8211; Blitz Deck Collection"},"content":{"rendered":"<div>La Collection Rosetta est pr\u00eate \u00e0 jouer et vous offre tout ce dont vous avez besoin pour vous aventurer dans les for\u00eats de Candlehold. Elle comprend les decks Florian, Verdance, Aurora et Oscilio Blitz, 2 boosters Rosetta pour personnaliser les decks et un magnifique tapis de jeu Seed of Candlehold, le tout emball\u00e9 dans une bo\u00eete de rangement 1000ct Rosetta. Un excellent produit pour les nouveaux joueurs et les joueurs occasionnels, ou un beau cadeau pour un fan de Flesh and Blood dans votre vie.  <\/div>\n<div><\/div>\n<div>Configuration du produit :<\/div>\n<div>&#8211; 4 Blitz Decks Rosetta (Aurora, Florian, Oscilio, Verdance) de 40 cartes chacun, plus des cartes de h\u00e9ros, d&#8217;armes, d&#8217;\u00e9quipement et de pions.<\/div>\n<div>&#8211; 2 Booster Packs Rosetta<\/div>\n<div>&#8211; 1 tapis de jeu en caoutchouc &#8220;Seed of Candlehold<\/div>\n<div>&#8211; Emball\u00e9 dans une bo\u00eete de rangement r\u00e9utilisable de 1000ct<\/div>\n","protected":false},"excerpt":{"rendered":"<p>La Collection Rosetta est pr\u00eate \u00e0 jouer et vous offre tout ce dont vous avez besoin pour vous aventurer dans<\/p>\n","protected":false},"featured_media":111712,"comment_status":"open","ping_status":"closed","template":"","meta":{"_acf_changed":false},"product_brand":[5076],"product_cat":[9997],"product_tag":[],"class_list":{"0":"post-324709","1":"product","2":"type-product","3":"status-publish","4":"has-post-thumbnail","6":"product_brand-legend-story-studios","7":"product_cat-decks-fab","9":"first","10":"outofstock","11":"taxable","12":"shipping-taxable","13":"purchasable","14":"product-type-variable"},"acf":[],"yoast_head":"<!-- This site is optimized with the Yoast SEO plugin v27.4 - https:\/\/yoast.com\/product\/yoast-seo-wordpress\/ -->\n<title>Ach\u00e8te Flesh and Blood - Rosetta - Blitz Deck Collection<\/title>\n<meta name=\"description\" content=\"Ach\u00e8te Flesh and Blood - Rosetta - Blitz Deck Collection en ligne maintenant \u00e0 petit prix! Ton #1 shop pour cartes TCG &amp; Pok\u00e9mon en Suisse \u2713 Livraison gratuite d\u00e8s CHF 29\" \/>\n<meta name=\"robots\" content=\"index, follow, max-snippet:-1, max-image-preview:large, max-video-preview:-1\" \/>\n<link rel=\"canonical\" href=\"https:\/\/theuncommonshop.ch\/fr\/product\/flesh-and-blood-rosetta-blitz-deck-collection-en-2\/\" \/>\n<meta property=\"og:locale\" content=\"fr_FR\" \/>\n<meta property=\"og:type\" content=\"article\" \/>\n<meta property=\"og:title\" content=\"Ach\u00e8te Flesh and Blood - Rosetta - Blitz Deck Collection\" \/>\n<meta property=\"og:description\" content=\"Ach\u00e8te Flesh and Blood - Rosetta - Blitz Deck Collection en ligne maintenant \u00e0 petit prix! Ton #1 shop pour cartes TCG &amp; Pok\u00e9mon en Suisse \u2713 Livraison gratuite d\u00e8s CHF 29\" \/>\n<meta property=\"og:url\" content=\"https:\/\/theuncommonshop.ch\/fr\/product\/flesh-and-blood-rosetta-blitz-deck-collection-en-2\/\" \/>\n<meta property=\"og:site_name\" content=\"Largest trading card shop in Switzerland\" \/>\n<meta property=\"article:modified_time\" content=\"2026-03-31T14:53:48+00:00\" \/>\n<meta property=\"og:image\" content=\"https:\/\/theuncommonshop.ch\/wp-content\/uploads\/2025\/06\/4394698722.jpg\" \/>\n\t<meta property=\"og:image:width\" content=\"1024\" \/>\n\t<meta property=\"og:image:height\" content=\"573\" \/>\n\t<meta property=\"og:image:type\" content=\"image\/jpeg\" \/>\n<meta name=\"twitter:card\" content=\"summary_large_image\" \/>\n<meta name=\"twitter:label1\" content=\"Disponibilit\u00e9\" \/>\n\t<meta name=\"twitter:data1\" content=\"Rupture de stock\" \/>\n<script type=\"application\/ld+json\" class=\"yoast-schema-graph\">{\"@context\":\"https:\\\/\\\/schema.org\",\"@graph\":[{\"@type\":\"WebPage\",\"@id\":\"https:\\\/\\\/theuncommonshop.ch\\\/fr\\\/product\\\/flesh-and-blood-rosetta-blitz-deck-collection-en-2\\\/\",\"url\":\"https:\\\/\\\/theuncommonshop.ch\\\/fr\\\/product\\\/flesh-and-blood-rosetta-blitz-deck-collection-en-2\\\/\",\"name\":\"Ach\u00e8te Flesh and Blood - Rosetta - Blitz Deck Collection\",\"isPartOf\":{\"@id\":\"https:\\\/\\\/theuncommonshop.ch\\\/#website\"},\"primaryImageOfPage\":{\"@id\":\"https:\\\/\\\/theuncommonshop.ch\\\/fr\\\/product\\\/flesh-and-blood-rosetta-blitz-deck-collection-en-2\\\/#primaryimage\"},\"image\":{\"@id\":\"https:\\\/\\\/theuncommonshop.ch\\\/fr\\\/product\\\/flesh-and-blood-rosetta-blitz-deck-collection-en-2\\\/#primaryimage\"},\"thumbnailUrl\":\"https:\\\/\\\/theuncommonshop.ch\\\/wp-content\\\/uploads\\\/2025\\\/06\\\/4394698722.jpg\",\"datePublished\":\"2025-06-04T12:43:08+00:00\",\"dateModified\":\"2026-03-31T14:53:48+00:00\",\"description\":\"Ach\u00e8te Flesh and Blood - Rosetta - Blitz Deck Collection en ligne maintenant \u00e0 petit prix! Ton #1 shop pour cartes TCG & Pok\u00e9mon en Suisse \u2713 Livraison gratuite d\u00e8s CHF 29\",\"breadcrumb\":{\"@id\":\"https:\\\/\\\/theuncommonshop.ch\\\/fr\\\/product\\\/flesh-and-blood-rosetta-blitz-deck-collection-en-2\\\/#breadcrumb\"},\"inLanguage\":\"fr-FR\",\"potentialAction\":[{\"@type\":\"ReadAction\",\"target\":[\"https:\\\/\\\/theuncommonshop.ch\\\/fr\\\/product\\\/flesh-and-blood-rosetta-blitz-deck-collection-en-2\\\/\"]}]},{\"@type\":\"ImageObject\",\"inLanguage\":\"fr-FR\",\"@id\":\"https:\\\/\\\/theuncommonshop.ch\\\/fr\\\/product\\\/flesh-and-blood-rosetta-blitz-deck-collection-en-2\\\/#primaryimage\",\"url\":\"https:\\\/\\\/theuncommonshop.ch\\\/wp-content\\\/uploads\\\/2025\\\/06\\\/4394698722.jpg\",\"contentUrl\":\"https:\\\/\\\/theuncommonshop.ch\\\/wp-content\\\/uploads\\\/2025\\\/06\\\/4394698722.jpg\",\"width\":1024,\"height\":573,\"caption\":\"MIGRATION_FIX_2026 [ECWID_RESTORED : 2026-03-29 12:26:48]\"},{\"@type\":\"BreadcrumbList\",\"@id\":\"https:\\\/\\\/theuncommonshop.ch\\\/fr\\\/product\\\/flesh-and-blood-rosetta-blitz-deck-collection-en-2\\\/#breadcrumb\",\"itemListElement\":[{\"@type\":\"ListItem\",\"position\":1,\"name\":\"Accueil\",\"item\":\"https:\\\/\\\/theuncommonshop.ch\\\/fr\\\/accueil\\\/\"},{\"@type\":\"ListItem\",\"position\":2,\"name\":\"Boutique\",\"item\":\"https:\\\/\\\/theuncommonshop.ch\\\/fr\\\/boutique\\\/\"},{\"@type\":\"ListItem\",\"position\":3,\"name\":\"Weitere Sammelkarten\",\"item\":\"https:\\\/\\\/theuncommonshop.ch\\\/produktkategorie\\\/weitere-sammelkarten\\\/\"},{\"@type\":\"ListItem\",\"position\":4,\"name\":\"Flesh & Blood\",\"item\":\"https:\\\/\\\/theuncommonshop.ch\\\/produktkategorie\\\/weitere-sammelkarten\\\/flesh-blood\\\/\"},{\"@type\":\"ListItem\",\"position\":5,\"name\":\"Decks\",\"item\":\"https:\\\/\\\/theuncommonshop.ch\\\/produktkategorie\\\/weitere-sammelkarten\\\/flesh-blood\\\/fab-decks\\\/\"},{\"@type\":\"ListItem\",\"position\":6,\"name\":\"Flesh and Blood &#8211; Rosetta &#8211; Blitz Deck Collection\"}]},{\"@type\":\"WebSite\",\"@id\":\"https:\\\/\\\/theuncommonshop.ch\\\/#website\",\"url\":\"https:\\\/\\\/theuncommonshop.ch\\\/\",\"name\":\"Largest trading card shop in Switzerland\",\"description\":\"Magic, Pok\u00e9mon and Yu-gi-oh - The Uncommon Shop\",\"potentialAction\":[{\"@type\":\"SearchAction\",\"target\":{\"@type\":\"EntryPoint\",\"urlTemplate\":\"https:\\\/\\\/theuncommonshop.ch\\\/?s={search_term_string}\"},\"query-input\":{\"@type\":\"PropertyValueSpecification\",\"valueRequired\":true,\"valueName\":\"search_term_string\"}}],\"inLanguage\":\"fr-FR\"}]}<\/script>\n<meta property=\"og:availability\" content=\"out of stock\" \/>\n<meta property=\"product:availability\" content=\"out of stock\" \/>\n<meta property=\"product:retailer_item_id\" content=\"FaB.I.F.RosettDeck.EN\" \/>\n<meta property=\"product:condition\" content=\"new\" \/>\n<!-- \/ Yoast SEO plugin. -->","yoast_head_json":{"title":"Ach\u00e8te Flesh and Blood - Rosetta - Blitz Deck Collection","description":"Ach\u00e8te Flesh and Blood - Rosetta - Blitz Deck Collection en ligne maintenant \u00e0 petit prix! Ton #1 shop pour cartes TCG & Pok\u00e9mon en Suisse \u2713 Livraison gratuite d\u00e8s CHF 29","robots":{"index":"index","follow":"follow","max-snippet":"max-snippet:-1","max-image-preview":"max-image-preview:large","max-video-preview":"max-video-preview:-1"},"canonical":"https:\/\/theuncommonshop.ch\/fr\/product\/flesh-and-blood-rosetta-blitz-deck-collection-en-2\/","og_locale":"fr_FR","og_type":"article","og_title":"Ach\u00e8te Flesh and Blood - Rosetta - Blitz Deck Collection","og_description":"Ach\u00e8te Flesh and Blood - Rosetta - Blitz Deck Collection en ligne maintenant \u00e0 petit prix! Ton #1 shop pour cartes TCG & Pok\u00e9mon en Suisse \u2713 Livraison gratuite d\u00e8s CHF 29","og_url":"https:\/\/theuncommonshop.ch\/fr\/product\/flesh-and-blood-rosetta-blitz-deck-collection-en-2\/","og_site_name":"Largest trading card shop in Switzerland","article_modified_time":"2026-03-31T14:53:48+00:00","og_image":[{"width":1024,"height":573,"url":"https:\/\/theuncommonshop.ch\/wp-content\/uploads\/2025\/06\/4394698722.jpg","type":"image\/jpeg"}],"twitter_card":"summary_large_image","twitter_misc":{"Disponibilit\u00e9":"Rupture de stock"},"schema":{"@context":"https:\/\/schema.org","@graph":[{"@type":"WebPage","@id":"https:\/\/theuncommonshop.ch\/fr\/product\/flesh-and-blood-rosetta-blitz-deck-collection-en-2\/","url":"https:\/\/theuncommonshop.ch\/fr\/product\/flesh-and-blood-rosetta-blitz-deck-collection-en-2\/","name":"Ach\u00e8te Flesh and Blood - Rosetta - Blitz Deck Collection","isPartOf":{"@id":"https:\/\/theuncommonshop.ch\/#website"},"primaryImageOfPage":{"@id":"https:\/\/theuncommonshop.ch\/fr\/product\/flesh-and-blood-rosetta-blitz-deck-collection-en-2\/#primaryimage"},"image":{"@id":"https:\/\/theuncommonshop.ch\/fr\/product\/flesh-and-blood-rosetta-blitz-deck-collection-en-2\/#primaryimage"},"thumbnailUrl":"https:\/\/theuncommonshop.ch\/wp-content\/uploads\/2025\/06\/4394698722.jpg","datePublished":"2025-06-04T12:43:08+00:00","dateModified":"2026-03-31T14:53:48+00:00","description":"Ach\u00e8te Flesh and Blood - Rosetta - Blitz Deck Collection en ligne maintenant \u00e0 petit prix! Ton #1 shop pour cartes TCG & Pok\u00e9mon en Suisse \u2713 Livraison gratuite d\u00e8s CHF 29","breadcrumb":{"@id":"https:\/\/theuncommonshop.ch\/fr\/product\/flesh-and-blood-rosetta-blitz-deck-collection-en-2\/#breadcrumb"},"inLanguage":"fr-FR","potentialAction":[{"@type":"ReadAction","target":["https:\/\/theuncommonshop.ch\/fr\/product\/flesh-and-blood-rosetta-blitz-deck-collection-en-2\/"]}]},{"@type":"ImageObject","inLanguage":"fr-FR","@id":"https:\/\/theuncommonshop.ch\/fr\/product\/flesh-and-blood-rosetta-blitz-deck-collection-en-2\/#primaryimage","url":"https:\/\/theuncommonshop.ch\/wp-content\/uploads\/2025\/06\/4394698722.jpg","contentUrl":"https:\/\/theuncommonshop.ch\/wp-content\/uploads\/2025\/06\/4394698722.jpg","width":1024,"height":573,"caption":"MIGRATION_FIX_2026 [ECWID_RESTORED : 2026-03-29 12:26:48]"},{"@type":"BreadcrumbList","@id":"https:\/\/theuncommonshop.ch\/fr\/product\/flesh-and-blood-rosetta-blitz-deck-collection-en-2\/#breadcrumb","itemListElement":[{"@type":"ListItem","position":1,"name":"Accueil","item":"https:\/\/theuncommonshop.ch\/fr\/accueil\/"},{"@type":"ListItem","position":2,"name":"Boutique","item":"https:\/\/theuncommonshop.ch\/fr\/boutique\/"},{"@type":"ListItem","position":3,"name":"Weitere Sammelkarten","item":"https:\/\/theuncommonshop.ch\/produktkategorie\/weitere-sammelkarten\/"},{"@type":"ListItem","position":4,"name":"Flesh & Blood","item":"https:\/\/theuncommonshop.ch\/produktkategorie\/weitere-sammelkarten\/flesh-blood\/"},{"@type":"ListItem","position":5,"name":"Decks","item":"https:\/\/theuncommonshop.ch\/produktkategorie\/weitere-sammelkarten\/flesh-blood\/fab-decks\/"},{"@type":"ListItem","position":6,"name":"Flesh and Blood &#8211; Rosetta &#8211; Blitz Deck Collection"}]},{"@type":"WebSite","@id":"https:\/\/theuncommonshop.ch\/#website","url":"https:\/\/theuncommonshop.ch\/","name":"Largest trading card shop in Switzerland","description":"Magic, Pok\u00e9mon and Yu-gi-oh - The Uncommon Shop","potentialAction":[{"@type":"SearchAction","target":{"@type":"EntryPoint","urlTemplate":"https:\/\/theuncommonshop.ch\/?s={search_term_string}"},"query-input":{"@type":"PropertyValueSpecification","valueRequired":true,"valueName":"search_term_string"}}],"inLanguage":"fr-FR"}]},"og_availability":"out of stock","product_availability":"out of stock","product_retailer_item_id":"FaB.I.F.RosettDeck.EN","product_condition":"new"},"_links":{"self":[{"href":"https:\/\/theuncommonshop.ch\/fr\/wp-json\/wp\/v2\/product\/324709","targetHints":{"allow":["GET"]}}],"collection":[{"href":"https:\/\/theuncommonshop.ch\/fr\/wp-json\/wp\/v2\/product"}],"about":[{"href":"https:\/\/theuncommonshop.ch\/fr\/wp-json\/wp\/v2\/types\/product"}],"replies":[{"embeddable":true,"href":"https:\/\/theuncommonshop.ch\/fr\/wp-json\/wp\/v2\/comments?post=324709"}],"version-history":[{"count":2,"href":"https:\/\/theuncommonshop.ch\/fr\/wp-json\/wp\/v2\/product\/324709\/revisions"}],"predecessor-version":[{"id":364163,"href":"https:\/\/theuncommonshop.ch\/fr\/wp-json\/wp\/v2\/product\/324709\/revisions\/364163"}],"wp:featuredmedia":[{"embeddable":true,"href":"https:\/\/theuncommonshop.ch\/fr\/wp-json\/wp\/v2\/media\/111712"}],"wp:attachment":[{"href":"https:\/\/theuncommonshop.ch\/fr\/wp-json\/wp\/v2\/media?parent=324709"}],"wp:term":[{"taxonomy":"product_brand","embeddable":true,"href":"https:\/\/theuncommonshop.ch\/fr\/wp-json\/wp\/v2\/product_brand?post=324709"},{"taxonomy":"product_cat","embeddable":true,"href":"https:\/\/theuncommonshop.ch\/fr\/wp-json\/wp\/v2\/product_cat?post=324709"},{"taxonomy":"product_tag","embeddable":true,"href":"https:\/\/theuncommonshop.ch\/fr\/wp-json\/wp\/v2\/product_tag?post=324709"}],"curies":[{"name":"wp","href":"https:\/\/api.w.org\/{rel}","templated":true}]}}