{"id":324655,"date":"2025-06-04T11:55:15","date_gmt":"2025-06-04T11:55:15","guid":{"rendered":"http:\/\/theuncommonshop.ch\/produkt\/324655\/"},"modified":"2026-03-28T18:37:03","modified_gmt":"2026-03-28T17:37:03","slug":"citadel-colour-painting-handle-xl-2","status":"publish","type":"product","link":"https:\/\/theuncommonshop.ch\/fr\/product\/citadel-colour-painting-handle-xl-2\/","title":{"rendered":"Citadel Colour &#8211; Painting Handle XL"},"content":{"rendered":"<p>La poign\u00e9e de peinture Citadel Colour XL est compos\u00e9e d&#8217;une poign\u00e9e ergonomique bien \u00e9quilibr\u00e9e qui s&#8217;adapte parfaitement \u00e0 la paume de votre main et vous permet de peindre plus longtemps et avec moins d&#8217;efforts. Le grand m\u00e9canisme de serrage \u00e0 ressort maintient fermement les bases de 50 mm jusqu&#8217;aux \u00e9normes bases ovales de 170 mm &#8211; et c&#8217;est la plus grande base standard que vous trouverez dans notre gamme actuelle ! <\/p>\n<p>La poign\u00e9e de peinture XL a \u00e9t\u00e9 sp\u00e9cialement con\u00e7ue pour am\u00e9liorer votre exp\u00e9rience de la peinture et du mod\u00e9lisme, en association avec une s\u00e9lection d&#8217;outils de loisirs cr\u00e9atifs modulaires. La Base s&#8217;adapte parfaitement au support de montage Citadel Colour pour vous permettre de fixer en toute s\u00e9curit\u00e9 les mod\u00e8les les plus grands pendant que vous travaillez. <\/p>\n<p>Les bras flexibles du support de montage s&#8217;adaptent \u00e9galement parfaitement aux huit cavit\u00e9s situ\u00e9es sur les bords de la poign\u00e9e de peinture extra-large, ce qui vous permet de maintenir les pi\u00e8ces en place pendant que vous assemblez les mod\u00e8les. Les supports de pi\u00e8ces s&#8217;ins\u00e8rent dans les m\u00eames cavit\u00e9s, ce qui vous permet de maintenir la coh\u00e9rence de votre application de peinture, m\u00eame lorsque vous r\u00e9alisez des projets complexes et de grande envergure. <\/p>\n<p>Les miniatures pr\u00e9sent\u00e9es dans les images ne sont fournies qu&#8217;\u00e0 titre de comparaison de taille et ne sont pas incluses dans ce produit.<\/p>\n<p> <\/p>\n","protected":false},"excerpt":{"rendered":"<p>La poign\u00e9e de peinture Citadel Colour XL est compos\u00e9e d&#8217;une poign\u00e9e ergonomique bien \u00e9quilibr\u00e9e qui s&#8217;adapte parfaitement \u00e0 la paume<\/p>\n","protected":false},"featured_media":110600,"comment_status":"open","ping_status":"closed","template":"","meta":{"_acf_changed":false},"product_brand":[5126,5078,5154],"product_cat":[9935,9925],"product_tag":[],"class_list":{"0":"post-324655","1":"product","2":"type-product","3":"status-publish","4":"has-post-thumbnail","6":"product_brand-citadel","7":"product_brand-games-workshop","8":"product_brand-warhammer","9":"product_cat-accessoires-de-tabletop","10":"product_cat-tabletop-fr","12":"first","13":"instock","14":"taxable","15":"shipping-taxable","16":"purchasable","17":"product-type-simple"},"acf":[],"yoast_head":"<!-- This site is optimized with the Yoast SEO plugin v27.4 - https:\/\/yoast.com\/product\/yoast-seo-wordpress\/ -->\n<title>Ach\u00e8te Citadel Colour - Painting Handle XL<\/title>\n<meta name=\"description\" content=\"Ach\u00e8te Citadel Colour - Painting Handle XL en ligne maintenant \u00e0 petit prix! Ton #1 shop pour cartes TCG &amp; Pok\u00e9mon en Suisse \u2713 Livraison gratuite d\u00e8s CHF 29\" \/>\n<meta name=\"robots\" content=\"index, follow, max-snippet:-1, max-image-preview:large, max-video-preview:-1\" \/>\n<link rel=\"canonical\" href=\"https:\/\/theuncommonshop.ch\/fr\/product\/citadel-colour-painting-handle-xl-2\/\" \/>\n<meta property=\"og:locale\" content=\"fr_FR\" \/>\n<meta property=\"og:type\" content=\"article\" \/>\n<meta property=\"og:title\" content=\"Ach\u00e8te Citadel Colour - Painting Handle XL\" \/>\n<meta property=\"og:description\" content=\"Ach\u00e8te Citadel Colour - Painting Handle XL en ligne maintenant \u00e0 petit prix! Ton #1 shop pour cartes TCG &amp; Pok\u00e9mon en Suisse \u2713 Livraison gratuite d\u00e8s CHF 29\" \/>\n<meta property=\"og:url\" content=\"https:\/\/theuncommonshop.ch\/fr\/product\/citadel-colour-painting-handle-xl-2\/\" \/>\n<meta property=\"og:site_name\" content=\"Largest trading card shop in Switzerland\" \/>\n<meta property=\"article:modified_time\" content=\"2026-03-28T17:37:03+00:00\" \/>\n<meta property=\"og:image\" content=\"https:\/\/theuncommonshop.ch\/wp-content\/uploads\/2025\/06\/4344170604.jpg\" \/>\n\t<meta property=\"og:image:width\" content=\"1840\" \/>\n\t<meta property=\"og:image:height\" content=\"1900\" \/>\n\t<meta property=\"og:image:type\" content=\"image\/jpeg\" \/>\n<meta name=\"twitter:card\" content=\"summary_large_image\" \/>\n<meta name=\"twitter:label1\" content=\"Prix\" \/>\n\t<meta name=\"twitter:data1\" content=\"&#067;&#072;&#070;&nbsp;12.95\" \/>\n\t<meta name=\"twitter:label2\" content=\"Disponibilit\u00e9\" \/>\n\t<meta name=\"twitter:data2\" content=\"En stock\" \/>\n<script type=\"application\/ld+json\" class=\"yoast-schema-graph\">{\"@context\":\"https:\\\/\\\/schema.org\",\"@graph\":[{\"@type\":\"WebPage\",\"@id\":\"https:\\\/\\\/theuncommonshop.ch\\\/fr\\\/product\\\/citadel-colour-painting-handle-xl-2\\\/\",\"url\":\"https:\\\/\\\/theuncommonshop.ch\\\/fr\\\/product\\\/citadel-colour-painting-handle-xl-2\\\/\",\"name\":\"Ach\u00e8te Citadel Colour - Painting Handle XL\",\"isPartOf\":{\"@id\":\"https:\\\/\\\/theuncommonshop.ch\\\/fr\\\/#website\"},\"primaryImageOfPage\":{\"@id\":\"https:\\\/\\\/theuncommonshop.ch\\\/fr\\\/product\\\/citadel-colour-painting-handle-xl-2\\\/#primaryimage\"},\"image\":{\"@id\":\"https:\\\/\\\/theuncommonshop.ch\\\/fr\\\/product\\\/citadel-colour-painting-handle-xl-2\\\/#primaryimage\"},\"thumbnailUrl\":\"https:\\\/\\\/theuncommonshop.ch\\\/wp-content\\\/uploads\\\/2025\\\/06\\\/4344170604.jpg\",\"datePublished\":\"2025-06-04T11:55:15+00:00\",\"dateModified\":\"2026-03-28T17:37:03+00:00\",\"description\":\"Ach\u00e8te Citadel Colour - Painting Handle XL en ligne maintenant \u00e0 petit prix! Ton #1 shop pour cartes TCG & Pok\u00e9mon en Suisse \u2713 Livraison gratuite d\u00e8s CHF 29\",\"breadcrumb\":{\"@id\":\"https:\\\/\\\/theuncommonshop.ch\\\/fr\\\/product\\\/citadel-colour-painting-handle-xl-2\\\/#breadcrumb\"},\"inLanguage\":\"fr-FR\",\"potentialAction\":[{\"@type\":\"ReadAction\",\"target\":[\"https:\\\/\\\/theuncommonshop.ch\\\/fr\\\/product\\\/citadel-colour-painting-handle-xl-2\\\/\"]}]},{\"@type\":\"ImageObject\",\"inLanguage\":\"fr-FR\",\"@id\":\"https:\\\/\\\/theuncommonshop.ch\\\/fr\\\/product\\\/citadel-colour-painting-handle-xl-2\\\/#primaryimage\",\"url\":\"https:\\\/\\\/theuncommonshop.ch\\\/wp-content\\\/uploads\\\/2025\\\/06\\\/4344170604.jpg\",\"contentUrl\":\"https:\\\/\\\/theuncommonshop.ch\\\/wp-content\\\/uploads\\\/2025\\\/06\\\/4344170604.jpg\",\"width\":1840,\"height\":1900,\"caption\":\"[MISSING_ORIG: 4344170604] [ECWID_RESTORED: 2026-03-29 12:45:00]\"},{\"@type\":\"BreadcrumbList\",\"@id\":\"https:\\\/\\\/theuncommonshop.ch\\\/fr\\\/product\\\/citadel-colour-painting-handle-xl-2\\\/#breadcrumb\",\"itemListElement\":[{\"@type\":\"ListItem\",\"position\":1,\"name\":\"Accueil\",\"item\":\"https:\\\/\\\/theuncommonshop.ch\\\/fr\\\/accueil\\\/\"},{\"@type\":\"ListItem\",\"position\":2,\"name\":\"Boutique\",\"item\":\"https:\\\/\\\/theuncommonshop.ch\\\/fr\\\/boutique\\\/\"},{\"@type\":\"ListItem\",\"position\":3,\"name\":\"Tabletop\",\"item\":\"https:\\\/\\\/theuncommonshop.ch\\\/fr\\\/categorie-produit\\\/tabletop-fr\\\/\"},{\"@type\":\"ListItem\",\"position\":4,\"name\":\"Accessoires de Tabletop\",\"item\":\"https:\\\/\\\/theuncommonshop.ch\\\/fr\\\/categorie-produit\\\/tabletop-fr\\\/accessoires-de-tabletop\\\/\"},{\"@type\":\"ListItem\",\"position\":5,\"name\":\"Citadel Colour &#8211; Painting Handle XL\"}]},{\"@type\":\"WebSite\",\"@id\":\"https:\\\/\\\/theuncommonshop.ch\\\/fr\\\/#website\",\"url\":\"https:\\\/\\\/theuncommonshop.ch\\\/fr\\\/\",\"name\":\"Largest trading card shop in Switzerland\",\"description\":\"Magic, Pok\u00e9mon and Yu-gi-oh - The Uncommon Shop\",\"potentialAction\":[{\"@type\":\"SearchAction\",\"target\":{\"@type\":\"EntryPoint\",\"urlTemplate\":\"https:\\\/\\\/theuncommonshop.ch\\\/fr\\\/?s={search_term_string}\"},\"query-input\":{\"@type\":\"PropertyValueSpecification\",\"valueRequired\":true,\"valueName\":\"search_term_string\"}}],\"inLanguage\":\"fr-FR\"}]}<\/script>\n<meta property=\"product:price:amount\" content=\"12.95\" \/>\n<meta property=\"product:price:currency\" content=\"CHF\" \/>\n<meta property=\"og:availability\" content=\"instock\" \/>\n<meta property=\"product:availability\" content=\"instock\" \/>\n<meta property=\"product:retailer_item_id\" content=\"CitColPaiHanXL\" \/>\n<meta property=\"product:condition\" content=\"new\" \/>\n<!-- \/ Yoast SEO plugin. -->","yoast_head_json":{"title":"Ach\u00e8te Citadel Colour - Painting Handle XL","description":"Ach\u00e8te Citadel Colour - Painting Handle XL en ligne maintenant \u00e0 petit prix! Ton #1 shop pour cartes TCG & Pok\u00e9mon en Suisse \u2713 Livraison gratuite d\u00e8s CHF 29","robots":{"index":"index","follow":"follow","max-snippet":"max-snippet:-1","max-image-preview":"max-image-preview:large","max-video-preview":"max-video-preview:-1"},"canonical":"https:\/\/theuncommonshop.ch\/fr\/product\/citadel-colour-painting-handle-xl-2\/","og_locale":"fr_FR","og_type":"article","og_title":"Ach\u00e8te Citadel Colour - Painting Handle XL","og_description":"Ach\u00e8te Citadel Colour - Painting Handle XL en ligne maintenant \u00e0 petit prix! Ton #1 shop pour cartes TCG & Pok\u00e9mon en Suisse \u2713 Livraison gratuite d\u00e8s CHF 29","og_url":"https:\/\/theuncommonshop.ch\/fr\/product\/citadel-colour-painting-handle-xl-2\/","og_site_name":"Largest trading card shop in Switzerland","article_modified_time":"2026-03-28T17:37:03+00:00","og_image":[{"width":1840,"height":1900,"url":"https:\/\/theuncommonshop.ch\/wp-content\/uploads\/2025\/06\/4344170604.jpg","type":"image\/jpeg"}],"twitter_card":"summary_large_image","twitter_misc":{"Prix":"&#67;&#72;&#70;&nbsp;12.95","Disponibilit\u00e9":"En stock"},"schema":{"@context":"https:\/\/schema.org","@graph":[{"@type":"WebPage","@id":"https:\/\/theuncommonshop.ch\/fr\/product\/citadel-colour-painting-handle-xl-2\/","url":"https:\/\/theuncommonshop.ch\/fr\/product\/citadel-colour-painting-handle-xl-2\/","name":"Ach\u00e8te Citadel Colour - Painting Handle XL","isPartOf":{"@id":"https:\/\/theuncommonshop.ch\/fr\/#website"},"primaryImageOfPage":{"@id":"https:\/\/theuncommonshop.ch\/fr\/product\/citadel-colour-painting-handle-xl-2\/#primaryimage"},"image":{"@id":"https:\/\/theuncommonshop.ch\/fr\/product\/citadel-colour-painting-handle-xl-2\/#primaryimage"},"thumbnailUrl":"https:\/\/theuncommonshop.ch\/wp-content\/uploads\/2025\/06\/4344170604.jpg","datePublished":"2025-06-04T11:55:15+00:00","dateModified":"2026-03-28T17:37:03+00:00","description":"Ach\u00e8te Citadel Colour - Painting Handle XL en ligne maintenant \u00e0 petit prix! Ton #1 shop pour cartes TCG & Pok\u00e9mon en Suisse \u2713 Livraison gratuite d\u00e8s CHF 29","breadcrumb":{"@id":"https:\/\/theuncommonshop.ch\/fr\/product\/citadel-colour-painting-handle-xl-2\/#breadcrumb"},"inLanguage":"fr-FR","potentialAction":[{"@type":"ReadAction","target":["https:\/\/theuncommonshop.ch\/fr\/product\/citadel-colour-painting-handle-xl-2\/"]}]},{"@type":"ImageObject","inLanguage":"fr-FR","@id":"https:\/\/theuncommonshop.ch\/fr\/product\/citadel-colour-painting-handle-xl-2\/#primaryimage","url":"https:\/\/theuncommonshop.ch\/wp-content\/uploads\/2025\/06\/4344170604.jpg","contentUrl":"https:\/\/theuncommonshop.ch\/wp-content\/uploads\/2025\/06\/4344170604.jpg","width":1840,"height":1900,"caption":"[MISSING_ORIG: 4344170604] [ECWID_RESTORED: 2026-03-29 12:45:00]"},{"@type":"BreadcrumbList","@id":"https:\/\/theuncommonshop.ch\/fr\/product\/citadel-colour-painting-handle-xl-2\/#breadcrumb","itemListElement":[{"@type":"ListItem","position":1,"name":"Accueil","item":"https:\/\/theuncommonshop.ch\/fr\/accueil\/"},{"@type":"ListItem","position":2,"name":"Boutique","item":"https:\/\/theuncommonshop.ch\/fr\/boutique\/"},{"@type":"ListItem","position":3,"name":"Tabletop","item":"https:\/\/theuncommonshop.ch\/fr\/categorie-produit\/tabletop-fr\/"},{"@type":"ListItem","position":4,"name":"Accessoires de Tabletop","item":"https:\/\/theuncommonshop.ch\/fr\/categorie-produit\/tabletop-fr\/accessoires-de-tabletop\/"},{"@type":"ListItem","position":5,"name":"Citadel Colour &#8211; Painting Handle XL"}]},{"@type":"WebSite","@id":"https:\/\/theuncommonshop.ch\/fr\/#website","url":"https:\/\/theuncommonshop.ch\/fr\/","name":"Largest trading card shop in Switzerland","description":"Magic, Pok\u00e9mon and Yu-gi-oh - The Uncommon Shop","potentialAction":[{"@type":"SearchAction","target":{"@type":"EntryPoint","urlTemplate":"https:\/\/theuncommonshop.ch\/fr\/?s={search_term_string}"},"query-input":{"@type":"PropertyValueSpecification","valueRequired":true,"valueName":"search_term_string"}}],"inLanguage":"fr-FR"}]},"product_price_amount":"12.95","product_price_currency":"CHF","og_availability":"instock","product_availability":"instock","product_retailer_item_id":"CitColPaiHanXL","product_condition":"new"},"_links":{"self":[{"href":"https:\/\/theuncommonshop.ch\/fr\/wp-json\/wp\/v2\/product\/324655","targetHints":{"allow":["GET"]}}],"collection":[{"href":"https:\/\/theuncommonshop.ch\/fr\/wp-json\/wp\/v2\/product"}],"about":[{"href":"https:\/\/theuncommonshop.ch\/fr\/wp-json\/wp\/v2\/types\/product"}],"replies":[{"embeddable":true,"href":"https:\/\/theuncommonshop.ch\/fr\/wp-json\/wp\/v2\/comments?post=324655"}],"version-history":[{"count":1,"href":"https:\/\/theuncommonshop.ch\/fr\/wp-json\/wp\/v2\/product\/324655\/revisions"}],"predecessor-version":[{"id":324657,"href":"https:\/\/theuncommonshop.ch\/fr\/wp-json\/wp\/v2\/product\/324655\/revisions\/324657"}],"wp:featuredmedia":[{"embeddable":true,"href":"https:\/\/theuncommonshop.ch\/fr\/wp-json\/wp\/v2\/media\/110600"}],"wp:attachment":[{"href":"https:\/\/theuncommonshop.ch\/fr\/wp-json\/wp\/v2\/media?parent=324655"}],"wp:term":[{"taxonomy":"product_brand","embeddable":true,"href":"https:\/\/theuncommonshop.ch\/fr\/wp-json\/wp\/v2\/product_brand?post=324655"},{"taxonomy":"product_cat","embeddable":true,"href":"https:\/\/theuncommonshop.ch\/fr\/wp-json\/wp\/v2\/product_cat?post=324655"},{"taxonomy":"product_tag","embeddable":true,"href":"https:\/\/theuncommonshop.ch\/fr\/wp-json\/wp\/v2\/product_tag?post=324655"}],"curies":[{"name":"wp","href":"https:\/\/api.w.org\/{rel}","templated":true}]}}