{"id":324119,"date":"2025-06-04T10:31:24","date_gmt":"2025-06-04T10:31:24","guid":{"rendered":"http:\/\/theuncommonshop.ch\/produkt\/324119\/"},"modified":"2026-03-28T18:26:00","modified_gmt":"2026-03-28T17:26:00","slug":"warhammer-40-000-combat-patrol-adeptus-custodes-2","status":"publish","type":"product","link":"https:\/\/theuncommonshop.ch\/fr\/product\/warhammer-40-000-combat-patrol-adeptus-custodes-2\/","title":{"rendered":"Warhammer 40.000 &#8211; Combat Patrol : Adeptus Custodes"},"content":{"rendered":"<ul>\n<li>Une s\u00e9lection cl\u00e9 d&#8217;unit\u00e9s de l&#8217;Adeptus Custodes, id\u00e9ale pour commencer une nouvelle arm\u00e9e ou \u00e9tendre une collection existante.<\/li>\n<li>Une patrouille de combat compl\u00e8te de 14 miniatures en plastique en plusieurs parties dans une bo\u00eete<\/li>\n<\/ul>\n<div style=\"display: inline !important;\">\n<ul>\n<li>\u00c9conomisez de l&#8217;argent par rapport \u00e0 l&#8217;achat individuel du contenu<\/li>\n<\/ul>\n<p><\/p>\n<p>L&#8217;Adeptus Custodes est une arm\u00e9e comme aucune autre. Chacun de ses membres serait consid\u00e9r\u00e9 comme un h\u00e9ros par des guerriers de moindre envergure et peut vaincre des unit\u00e9s enti\u00e8res, voire des arm\u00e9es d&#8217;adversaires plus faibles. Lorsqu&#8217;ils se rassemblent en groupes plus importants, ils forment une arm\u00e9e dor\u00e9e et chatoyante, alliant vitesse et agilit\u00e9 \u00e0 une force terrifiante, \u00e0 l&#8217;habilet\u00e9 des armes et au brio tactique.  <\/p>\n<p>La Patrouille de Combat de l&#8217;Adeptus Custodes vous donne les moyens d&#8217;\u00e9craser sans piti\u00e9 les ennemis du Tr\u00f4ne dans des parties rapides de Warhammer 40.000. Elle contient toutes les unit\u00e9s dont vous avez besoin pour commencer une nouvelle arm\u00e9e de guerriers dor\u00e9s rayonnants ou pour renforcer consid\u00e9rablement une collection existante avec des unit\u00e9s de base. Il vous permet \u00e9galement d&#8217;\u00e9conomiser de l&#8217;argent par rapport \u00e0 l&#8217;achat de kits individuels. Cette force \u00e9quilibr\u00e9e comprend un chef, une unit\u00e9 inflexible de Gardiens de la Custodie, une unit\u00e9 de v\u00e9t\u00e9rans de Gardiens de la Custodie et une unit\u00e9 particuli\u00e8rement \u00e9litiste de Custodes Allarus rev\u00eatus d&#8217;une armure Terminator, ce qui vous donne une force compl\u00e8te pour les jeux de patrouille de combat &#8211; les r\u00e8gles sont <a href=\"https:\/\/www.warhammer-community.com\/de\/warhammer-40000-downloads\/#combat-patrol-datasheets\" target=\"_blank\">disponibles en t\u00e9l\u00e9chargement gratuit sur le site de la communaut\u00e9 Warhammer<\/a>.   <\/p>\n<p><strong>Ce kit contient les mod\u00e8les en plastique \u00e0 plusieurs pi\u00e8ces suivants :<\/strong><\/p>\n<p>&#8211; 1x champion de la lame<\/p>\n<p>&#8211; 3x Allarus-Custodes<\/p>\n<p>&#8211; 5x gardiens de custodes<\/p>\n<p>&#8211; 5x gardiens de la garde<\/p>\n<p>Tous les mod\u00e8les sont accompagn\u00e9s de leurs bases respectives. Ces miniatures ne sont pas peintes et doivent \u00eatre assembl\u00e9es &#8211; nous vous recommandons d&#8217;utiliser de la colle \u00e0 plastique Citadel et de la peinture Citadel Colour.<\/p>\n<\/div>\n","protected":false},"excerpt":{"rendered":"<p>Une s\u00e9lection cl\u00e9 d&#8217;unit\u00e9s de l&#8217;Adeptus Custodes, id\u00e9ale pour commencer une nouvelle arm\u00e9e ou \u00e9tendre une collection existante. Une patrouille<\/p>\n","protected":false},"featured_media":108788,"comment_status":"open","ping_status":"closed","template":"","meta":{"_acf_changed":false},"product_brand":[5078,5154],"product_cat":[9925,9927],"product_tag":[],"class_list":{"0":"post-324119","1":"product","2":"type-product","3":"status-publish","4":"has-post-thumbnail","6":"product_brand-games-workshop","7":"product_brand-warhammer","8":"product_cat-tabletop-fr","9":"product_cat-warhammer-40k-fr","11":"first","12":"outofstock","13":"taxable","14":"shipping-taxable","15":"purchasable","16":"product-type-variable"},"acf":[],"yoast_head":"<!-- This site is optimized with the Yoast SEO plugin v27.5 - https:\/\/yoast.com\/product\/yoast-seo-wordpress\/ -->\n<title>Ach\u00e8te Warhammer 40.000 - Combat Patrol : Adeptus Custodes<\/title>\n<meta name=\"description\" content=\"Ach\u00e8te Warhammer 40.000 - Combat Patrol : Adeptus Custodes en ligne maintenant \u00e0 petit prix! Ton #1 shop pour cartes TCG &amp; Pok\u00e9mon en Suisse \u2713 Livraison gratuite d\u00e8s CHF 29\" \/>\n<meta name=\"robots\" content=\"index, follow, max-snippet:-1, max-image-preview:large, max-video-preview:-1\" \/>\n<link rel=\"canonical\" href=\"https:\/\/theuncommonshop.ch\/fr\/product\/warhammer-40-000-combat-patrol-adeptus-custodes-2\/\" \/>\n<meta property=\"og:locale\" content=\"fr_FR\" \/>\n<meta property=\"og:type\" content=\"article\" \/>\n<meta property=\"og:title\" content=\"Ach\u00e8te Warhammer 40.000 - Combat Patrol : Adeptus Custodes\" \/>\n<meta property=\"og:description\" content=\"Ach\u00e8te Warhammer 40.000 - Combat Patrol : Adeptus Custodes en ligne maintenant \u00e0 petit prix! Ton #1 shop pour cartes TCG &amp; Pok\u00e9mon en Suisse \u2713 Livraison gratuite d\u00e8s CHF 29\" \/>\n<meta property=\"og:url\" content=\"https:\/\/theuncommonshop.ch\/fr\/product\/warhammer-40-000-combat-patrol-adeptus-custodes-2\/\" \/>\n<meta property=\"og:site_name\" content=\"The Uncommon Shop\" \/>\n<meta property=\"article:modified_time\" content=\"2026-03-28T17:26:00+00:00\" \/>\n<meta property=\"og:image\" content=\"https:\/\/theuncommonshop.ch\/wp-content\/uploads\/2025\/06\/4287599148.jpg\" \/>\n\t<meta property=\"og:image:width\" content=\"1840\" \/>\n\t<meta property=\"og:image:height\" content=\"1900\" \/>\n\t<meta property=\"og:image:type\" content=\"image\/jpeg\" \/>\n<meta name=\"twitter:card\" content=\"summary_large_image\" \/>\n<meta name=\"twitter:label1\" content=\"Disponibilit\u00e9\" \/>\n\t<meta name=\"twitter:data1\" content=\"Rupture de stock\" \/>\n<script type=\"application\/ld+json\" class=\"yoast-schema-graph\">{\"@context\":\"https:\\\/\\\/schema.org\",\"@graph\":[{\"@type\":\"WebPage\",\"@id\":\"https:\\\/\\\/theuncommonshop.ch\\\/fr\\\/product\\\/warhammer-40-000-combat-patrol-adeptus-custodes-2\\\/\",\"url\":\"https:\\\/\\\/theuncommonshop.ch\\\/fr\\\/product\\\/warhammer-40-000-combat-patrol-adeptus-custodes-2\\\/\",\"name\":\"Ach\u00e8te Warhammer 40.000 - Combat Patrol : Adeptus Custodes\",\"isPartOf\":{\"@id\":\"https:\\\/\\\/theuncommonshop.ch\\\/fr\\\/#website\"},\"primaryImageOfPage\":{\"@id\":\"https:\\\/\\\/theuncommonshop.ch\\\/fr\\\/product\\\/warhammer-40-000-combat-patrol-adeptus-custodes-2\\\/#primaryimage\"},\"image\":{\"@id\":\"https:\\\/\\\/theuncommonshop.ch\\\/fr\\\/product\\\/warhammer-40-000-combat-patrol-adeptus-custodes-2\\\/#primaryimage\"},\"thumbnailUrl\":\"https:\\\/\\\/theuncommonshop.ch\\\/wp-content\\\/uploads\\\/2025\\\/06\\\/4287599148.jpg\",\"datePublished\":\"2025-06-04T10:31:24+00:00\",\"dateModified\":\"2026-03-28T17:26:00+00:00\",\"description\":\"Ach\u00e8te Warhammer 40.000 - Combat Patrol : Adeptus Custodes en ligne maintenant \u00e0 petit prix! Ton #1 shop pour cartes TCG & Pok\u00e9mon en Suisse \u2713 Livraison gratuite d\u00e8s CHF 29\",\"breadcrumb\":{\"@id\":\"https:\\\/\\\/theuncommonshop.ch\\\/fr\\\/product\\\/warhammer-40-000-combat-patrol-adeptus-custodes-2\\\/#breadcrumb\"},\"inLanguage\":\"fr-FR\",\"potentialAction\":[{\"@type\":\"ReadAction\",\"target\":[\"https:\\\/\\\/theuncommonshop.ch\\\/fr\\\/product\\\/warhammer-40-000-combat-patrol-adeptus-custodes-2\\\/\"]}]},{\"@type\":\"ImageObject\",\"inLanguage\":\"fr-FR\",\"@id\":\"https:\\\/\\\/theuncommonshop.ch\\\/fr\\\/product\\\/warhammer-40-000-combat-patrol-adeptus-custodes-2\\\/#primaryimage\",\"url\":\"https:\\\/\\\/theuncommonshop.ch\\\/wp-content\\\/uploads\\\/2025\\\/06\\\/4287599148.jpg\",\"contentUrl\":\"https:\\\/\\\/theuncommonshop.ch\\\/wp-content\\\/uploads\\\/2025\\\/06\\\/4287599148.jpg\",\"width\":1840,\"height\":1900,\"caption\":\"[MISSING_ORIG: 4287599148]\"},{\"@type\":\"BreadcrumbList\",\"@id\":\"https:\\\/\\\/theuncommonshop.ch\\\/fr\\\/product\\\/warhammer-40-000-combat-patrol-adeptus-custodes-2\\\/#breadcrumb\",\"itemListElement\":[{\"@type\":\"ListItem\",\"position\":1,\"name\":\"Accueil\",\"item\":\"https:\\\/\\\/theuncommonshop.ch\\\/fr\\\/accueil\\\/\"},{\"@type\":\"ListItem\",\"position\":2,\"name\":\"Boutique\",\"item\":\"https:\\\/\\\/theuncommonshop.ch\\\/fr\\\/boutique\\\/\"},{\"@type\":\"ListItem\",\"position\":3,\"name\":\"Tabletop\",\"item\":\"https:\\\/\\\/theuncommonshop.ch\\\/fr\\\/categorie-produit\\\/tabletop-fr\\\/\"},{\"@type\":\"ListItem\",\"position\":4,\"name\":\"Warhammer 40k\",\"item\":\"https:\\\/\\\/theuncommonshop.ch\\\/fr\\\/categorie-produit\\\/tabletop-fr\\\/warhammer-40k-fr\\\/\"},{\"@type\":\"ListItem\",\"position\":5,\"name\":\"Warhammer 40.000 &#8211; Combat Patrol : Adeptus Custodes\"}]},{\"@type\":\"WebSite\",\"@id\":\"https:\\\/\\\/theuncommonshop.ch\\\/fr\\\/#website\",\"url\":\"https:\\\/\\\/theuncommonshop.ch\\\/fr\\\/\",\"name\":\"The Uncommon Shop\",\"description\":\"Magic, Pok\u00e9mon and Yu-gi-oh - The Uncommon Shop\",\"potentialAction\":[{\"@type\":\"SearchAction\",\"target\":{\"@type\":\"EntryPoint\",\"urlTemplate\":\"https:\\\/\\\/theuncommonshop.ch\\\/fr\\\/?s={search_term_string}\"},\"query-input\":{\"@type\":\"PropertyValueSpecification\",\"valueRequired\":true,\"valueName\":\"search_term_string\"}}],\"inLanguage\":\"fr-FR\"}]}<\/script>\n<meta property=\"og:availability\" content=\"out of stock\" \/>\n<meta property=\"product:availability\" content=\"out of stock\" \/>\n<meta property=\"product:retailer_item_id\" content=\"31977\" \/>\n<meta property=\"product:condition\" content=\"new\" \/>\n<!-- \/ Yoast SEO plugin. -->","yoast_head_json":{"title":"Ach\u00e8te Warhammer 40.000 - Combat Patrol : Adeptus Custodes","description":"Ach\u00e8te Warhammer 40.000 - Combat Patrol : Adeptus Custodes en ligne maintenant \u00e0 petit prix! Ton #1 shop pour cartes TCG & Pok\u00e9mon en Suisse \u2713 Livraison gratuite d\u00e8s CHF 29","robots":{"index":"index","follow":"follow","max-snippet":"max-snippet:-1","max-image-preview":"max-image-preview:large","max-video-preview":"max-video-preview:-1"},"canonical":"https:\/\/theuncommonshop.ch\/fr\/product\/warhammer-40-000-combat-patrol-adeptus-custodes-2\/","og_locale":"fr_FR","og_type":"article","og_title":"Ach\u00e8te Warhammer 40.000 - Combat Patrol : Adeptus Custodes","og_description":"Ach\u00e8te Warhammer 40.000 - Combat Patrol : Adeptus Custodes en ligne maintenant \u00e0 petit prix! Ton #1 shop pour cartes TCG & Pok\u00e9mon en Suisse \u2713 Livraison gratuite d\u00e8s CHF 29","og_url":"https:\/\/theuncommonshop.ch\/fr\/product\/warhammer-40-000-combat-patrol-adeptus-custodes-2\/","og_site_name":"The Uncommon Shop","article_modified_time":"2026-03-28T17:26:00+00:00","og_image":[{"width":1840,"height":1900,"url":"https:\/\/theuncommonshop.ch\/wp-content\/uploads\/2025\/06\/4287599148.jpg","type":"image\/jpeg"}],"twitter_card":"summary_large_image","twitter_misc":{"Disponibilit\u00e9":"Rupture de stock"},"schema":{"@context":"https:\/\/schema.org","@graph":[{"@type":"WebPage","@id":"https:\/\/theuncommonshop.ch\/fr\/product\/warhammer-40-000-combat-patrol-adeptus-custodes-2\/","url":"https:\/\/theuncommonshop.ch\/fr\/product\/warhammer-40-000-combat-patrol-adeptus-custodes-2\/","name":"Ach\u00e8te Warhammer 40.000 - Combat Patrol : Adeptus Custodes","isPartOf":{"@id":"https:\/\/theuncommonshop.ch\/fr\/#website"},"primaryImageOfPage":{"@id":"https:\/\/theuncommonshop.ch\/fr\/product\/warhammer-40-000-combat-patrol-adeptus-custodes-2\/#primaryimage"},"image":{"@id":"https:\/\/theuncommonshop.ch\/fr\/product\/warhammer-40-000-combat-patrol-adeptus-custodes-2\/#primaryimage"},"thumbnailUrl":"https:\/\/theuncommonshop.ch\/wp-content\/uploads\/2025\/06\/4287599148.jpg","datePublished":"2025-06-04T10:31:24+00:00","dateModified":"2026-03-28T17:26:00+00:00","description":"Ach\u00e8te Warhammer 40.000 - Combat Patrol : Adeptus Custodes en ligne maintenant \u00e0 petit prix! Ton #1 shop pour cartes TCG & Pok\u00e9mon en Suisse \u2713 Livraison gratuite d\u00e8s CHF 29","breadcrumb":{"@id":"https:\/\/theuncommonshop.ch\/fr\/product\/warhammer-40-000-combat-patrol-adeptus-custodes-2\/#breadcrumb"},"inLanguage":"fr-FR","potentialAction":[{"@type":"ReadAction","target":["https:\/\/theuncommonshop.ch\/fr\/product\/warhammer-40-000-combat-patrol-adeptus-custodes-2\/"]}]},{"@type":"ImageObject","inLanguage":"fr-FR","@id":"https:\/\/theuncommonshop.ch\/fr\/product\/warhammer-40-000-combat-patrol-adeptus-custodes-2\/#primaryimage","url":"https:\/\/theuncommonshop.ch\/wp-content\/uploads\/2025\/06\/4287599148.jpg","contentUrl":"https:\/\/theuncommonshop.ch\/wp-content\/uploads\/2025\/06\/4287599148.jpg","width":1840,"height":1900,"caption":"[MISSING_ORIG: 4287599148]"},{"@type":"BreadcrumbList","@id":"https:\/\/theuncommonshop.ch\/fr\/product\/warhammer-40-000-combat-patrol-adeptus-custodes-2\/#breadcrumb","itemListElement":[{"@type":"ListItem","position":1,"name":"Accueil","item":"https:\/\/theuncommonshop.ch\/fr\/accueil\/"},{"@type":"ListItem","position":2,"name":"Boutique","item":"https:\/\/theuncommonshop.ch\/fr\/boutique\/"},{"@type":"ListItem","position":3,"name":"Tabletop","item":"https:\/\/theuncommonshop.ch\/fr\/categorie-produit\/tabletop-fr\/"},{"@type":"ListItem","position":4,"name":"Warhammer 40k","item":"https:\/\/theuncommonshop.ch\/fr\/categorie-produit\/tabletop-fr\/warhammer-40k-fr\/"},{"@type":"ListItem","position":5,"name":"Warhammer 40.000 &#8211; Combat Patrol : Adeptus Custodes"}]},{"@type":"WebSite","@id":"https:\/\/theuncommonshop.ch\/fr\/#website","url":"https:\/\/theuncommonshop.ch\/fr\/","name":"The Uncommon Shop","description":"Magic, Pok\u00e9mon and Yu-gi-oh - The Uncommon Shop","potentialAction":[{"@type":"SearchAction","target":{"@type":"EntryPoint","urlTemplate":"https:\/\/theuncommonshop.ch\/fr\/?s={search_term_string}"},"query-input":{"@type":"PropertyValueSpecification","valueRequired":true,"valueName":"search_term_string"}}],"inLanguage":"fr-FR"}]},"og_availability":"out of stock","product_availability":"out of stock","product_retailer_item_id":"31977","product_condition":"new"},"_links":{"self":[{"href":"https:\/\/theuncommonshop.ch\/fr\/wp-json\/wp\/v2\/product\/324119","targetHints":{"allow":["GET"]}}],"collection":[{"href":"https:\/\/theuncommonshop.ch\/fr\/wp-json\/wp\/v2\/product"}],"about":[{"href":"https:\/\/theuncommonshop.ch\/fr\/wp-json\/wp\/v2\/types\/product"}],"replies":[{"embeddable":true,"href":"https:\/\/theuncommonshop.ch\/fr\/wp-json\/wp\/v2\/comments?post=324119"}],"version-history":[{"count":0,"href":"https:\/\/theuncommonshop.ch\/fr\/wp-json\/wp\/v2\/product\/324119\/revisions"}],"wp:featuredmedia":[{"embeddable":true,"href":"https:\/\/theuncommonshop.ch\/fr\/wp-json\/wp\/v2\/media\/108788"}],"wp:attachment":[{"href":"https:\/\/theuncommonshop.ch\/fr\/wp-json\/wp\/v2\/media?parent=324119"}],"wp:term":[{"taxonomy":"product_brand","embeddable":true,"href":"https:\/\/theuncommonshop.ch\/fr\/wp-json\/wp\/v2\/product_brand?post=324119"},{"taxonomy":"product_cat","embeddable":true,"href":"https:\/\/theuncommonshop.ch\/fr\/wp-json\/wp\/v2\/product_cat?post=324119"},{"taxonomy":"product_tag","embeddable":true,"href":"https:\/\/theuncommonshop.ch\/fr\/wp-json\/wp\/v2\/product_tag?post=324119"}],"curies":[{"name":"wp","href":"https:\/\/api.w.org\/{rel}","templated":true}]}}