{"id":323861,"date":"2025-06-04T13:20:15","date_gmt":"2025-06-04T13:20:15","guid":{"rendered":"http:\/\/theuncommonshop.ch\/produkt\/323861\/"},"modified":"2026-03-29T18:29:34","modified_gmt":"2026-03-29T16:29:34","slug":"pokemon-ultra-pro-playmat-abra-evolutions-3","status":"publish","type":"product","link":"https:\/\/theuncommonshop.ch\/fr\/product\/pokemon-ultra-pro-playmat-abra-evolutions-3\/","title":{"rendered":"Pok\u00e9mon Ultra Pro &#8211; Playmat &#8211; Abra Evolutions"},"content":{"rendered":"<p><strong>Tapis de jeu Pok\u00e9mon Trading Card Game sous licence officielle Ultra Pro avec Abra et ses Evolutions Kadabra et Alakazam !<\/strong><\/p>\n<p>Le tapis de jeu a une surface en tissu doux pour \u00e9viter d&#8217;endommager les cartes pendant le jeu et un dos en caoutchouc antid\u00e9rapant pour \u00e9viter que le tapis de jeu ne glisse pendant l&#8217;utilisation. Les bords surpiqu\u00e9s offrent une sensation suppl\u00e9mentaire de qualit\u00e9.   <\/p>\n<p>Avec ses dimensions d&#8217;environ 24 x 13,5 pouces, le tapis de jeu est \u00e9galement id\u00e9al comme tapis de souris surdimensionn\u00e9 pour la maison ou le bureau.<\/p>\n<p><strong>Ce Playmat vous procure des sensations de premier ordre !<\/strong><\/p>\n<ul>\n<li>Les bords cousus offrent une sensation suppl\u00e9mentaire de qualit\u00e9 sup\u00e9rieure<\/li>\n<li>Environ 24 pouces x 13,5 pouces et \u00e0 plat<\/li>\n<li>La surface en tissu doux prot\u00e8ge les cartes pendant le jeu<\/li>\n<li>Le dos en caoutchouc antid\u00e9rapant emp\u00eache le tapis de jeu de glisser pendant l&#8217;utilisation.<\/li>\n<li>Excellent tapis de souris surdimensionn\u00e9 pour la maison ou le bureau.<\/li>\n<\/ul>\n","protected":false},"excerpt":{"rendered":"<p>Tapis de jeu Pok\u00e9mon Trading Card Game sous licence officielle Ultra Pro avec Abra et ses Evolutions Kadabra et Alakazam<\/p>\n","protected":false},"featured_media":112587,"comment_status":"open","ping_status":"closed","template":"","meta":{"_acf_changed":false},"product_brand":[5114,5098],"product_cat":[9859,10035,9865,10271],"product_tag":[],"class_list":{"0":"post-323861","1":"product","2":"type-product","3":"status-publish","4":"has-post-thumbnail","6":"product_brand-pokemon","7":"product_brand-ultra-pro","8":"product_cat-accessoires-tcg","9":"product_cat-artworks","10":"product_cat-tapis-de-jeu","11":"product_cat-tapis-de-jeu-pokemon","13":"first","14":"outofstock","15":"taxable","16":"shipping-taxable","17":"purchasable","18":"product-type-simple"},"acf":[],"yoast_head":"<!-- This site is optimized with the Yoast SEO plugin v27.4 - https:\/\/yoast.com\/product\/yoast-seo-wordpress\/ -->\n<title>Ach\u00e8te Pok\u00e9mon Ultra Pro - Playmat - Abra Evolutions<\/title>\n<meta name=\"description\" content=\"Ach\u00e8te Pok\u00e9mon Ultra Pro - Playmat - Abra Evolutions en ligne maintenant \u00e0 petit prix! Ton #1 shop pour cartes TCG &amp; Pok\u00e9mon en Suisse \u2713 Livraison gratuite d\u00e8s CHF 29\" \/>\n<meta name=\"robots\" content=\"index, follow, max-snippet:-1, max-image-preview:large, max-video-preview:-1\" \/>\n<link rel=\"canonical\" href=\"https:\/\/theuncommonshop.ch\/fr\/product\/pokemon-ultra-pro-playmat-abra-evolutions-3\/\" \/>\n<meta property=\"og:locale\" content=\"fr_FR\" \/>\n<meta property=\"og:type\" content=\"article\" \/>\n<meta property=\"og:title\" content=\"Ach\u00e8te Pok\u00e9mon Ultra Pro - Playmat - Abra Evolutions\" \/>\n<meta property=\"og:description\" content=\"Ach\u00e8te Pok\u00e9mon Ultra Pro - Playmat - Abra Evolutions en ligne maintenant \u00e0 petit prix! Ton #1 shop pour cartes TCG &amp; Pok\u00e9mon en Suisse \u2713 Livraison gratuite d\u00e8s CHF 29\" \/>\n<meta property=\"og:url\" content=\"https:\/\/theuncommonshop.ch\/fr\/product\/pokemon-ultra-pro-playmat-abra-evolutions-3\/\" \/>\n<meta property=\"og:site_name\" content=\"Largest trading card shop in Switzerland\" \/>\n<meta property=\"article:modified_time\" content=\"2026-03-29T16:29:34+00:00\" \/>\n<meta property=\"og:image\" content=\"https:\/\/theuncommonshop.ch\/wp-content\/uploads\/2025\/06\/4444469365.jpg\" \/>\n\t<meta property=\"og:image:width\" content=\"1392\" \/>\n\t<meta property=\"og:image:height\" content=\"838\" \/>\n\t<meta property=\"og:image:type\" content=\"image\/jpeg\" \/>\n<meta name=\"twitter:card\" content=\"summary_large_image\" \/>\n<meta name=\"twitter:label1\" content=\"Prix\" \/>\n\t<meta name=\"twitter:data1\" content=\"&#067;&#072;&#070;&nbsp;29.90\" \/>\n\t<meta name=\"twitter:label2\" content=\"Disponibilit\u00e9\" \/>\n\t<meta name=\"twitter:data2\" content=\"Rupture de stock\" \/>\n<script type=\"application\/ld+json\" class=\"yoast-schema-graph\">{\"@context\":\"https:\\\/\\\/schema.org\",\"@graph\":[{\"@type\":\"WebPage\",\"@id\":\"https:\\\/\\\/theuncommonshop.ch\\\/fr\\\/product\\\/pokemon-ultra-pro-playmat-abra-evolutions-3\\\/\",\"url\":\"https:\\\/\\\/theuncommonshop.ch\\\/fr\\\/product\\\/pokemon-ultra-pro-playmat-abra-evolutions-3\\\/\",\"name\":\"Ach\u00e8te Pok\u00e9mon Ultra Pro - Playmat - Abra Evolutions\",\"isPartOf\":{\"@id\":\"https:\\\/\\\/theuncommonshop.ch\\\/#website\"},\"primaryImageOfPage\":{\"@id\":\"https:\\\/\\\/theuncommonshop.ch\\\/fr\\\/product\\\/pokemon-ultra-pro-playmat-abra-evolutions-3\\\/#primaryimage\"},\"image\":{\"@id\":\"https:\\\/\\\/theuncommonshop.ch\\\/fr\\\/product\\\/pokemon-ultra-pro-playmat-abra-evolutions-3\\\/#primaryimage\"},\"thumbnailUrl\":\"https:\\\/\\\/theuncommonshop.ch\\\/wp-content\\\/uploads\\\/2025\\\/06\\\/4444469365.jpg\",\"datePublished\":\"2025-06-04T13:20:15+00:00\",\"dateModified\":\"2026-03-29T16:29:34+00:00\",\"description\":\"Ach\u00e8te Pok\u00e9mon Ultra Pro - Playmat - Abra Evolutions en ligne maintenant \u00e0 petit prix! Ton #1 shop pour cartes TCG & Pok\u00e9mon en Suisse \u2713 Livraison gratuite d\u00e8s CHF 29\",\"breadcrumb\":{\"@id\":\"https:\\\/\\\/theuncommonshop.ch\\\/fr\\\/product\\\/pokemon-ultra-pro-playmat-abra-evolutions-3\\\/#breadcrumb\"},\"inLanguage\":\"fr-FR\",\"potentialAction\":[{\"@type\":\"ReadAction\",\"target\":[\"https:\\\/\\\/theuncommonshop.ch\\\/fr\\\/product\\\/pokemon-ultra-pro-playmat-abra-evolutions-3\\\/\"]}]},{\"@type\":\"ImageObject\",\"inLanguage\":\"fr-FR\",\"@id\":\"https:\\\/\\\/theuncommonshop.ch\\\/fr\\\/product\\\/pokemon-ultra-pro-playmat-abra-evolutions-3\\\/#primaryimage\",\"url\":\"https:\\\/\\\/theuncommonshop.ch\\\/wp-content\\\/uploads\\\/2025\\\/06\\\/4444469365.jpg\",\"contentUrl\":\"https:\\\/\\\/theuncommonshop.ch\\\/wp-content\\\/uploads\\\/2025\\\/06\\\/4444469365.jpg\",\"width\":1392,\"height\":838},{\"@type\":\"BreadcrumbList\",\"@id\":\"https:\\\/\\\/theuncommonshop.ch\\\/fr\\\/product\\\/pokemon-ultra-pro-playmat-abra-evolutions-3\\\/#breadcrumb\",\"itemListElement\":[{\"@type\":\"ListItem\",\"position\":1,\"name\":\"Accueil\",\"item\":\"https:\\\/\\\/theuncommonshop.ch\\\/fr\\\/accueil\\\/\"},{\"@type\":\"ListItem\",\"position\":2,\"name\":\"Boutique\",\"item\":\"https:\\\/\\\/theuncommonshop.ch\\\/fr\\\/boutique\\\/\"},{\"@type\":\"ListItem\",\"position\":3,\"name\":\"Accessoires TCG\",\"item\":\"https:\\\/\\\/theuncommonshop.ch\\\/fr\\\/categorie-produit\\\/accessoires-tcg\\\/\"},{\"@type\":\"ListItem\",\"position\":4,\"name\":\"Tapis de jeu\",\"item\":\"https:\\\/\\\/theuncommonshop.ch\\\/fr\\\/categorie-produit\\\/accessoires-tcg\\\/tapis-de-jeu\\\/\"},{\"@type\":\"ListItem\",\"position\":5,\"name\":\"Artworks\",\"item\":\"https:\\\/\\\/theuncommonshop.ch\\\/fr\\\/categorie-produit\\\/accessoires-tcg\\\/tapis-de-jeu\\\/artworks\\\/\"},{\"@type\":\"ListItem\",\"position\":6,\"name\":\"Pok\u00e9mon Ultra Pro &#8211; Playmat &#8211; Abra Evolutions\"}]},{\"@type\":\"WebSite\",\"@id\":\"https:\\\/\\\/theuncommonshop.ch\\\/#website\",\"url\":\"https:\\\/\\\/theuncommonshop.ch\\\/\",\"name\":\"Largest trading card shop in Switzerland\",\"description\":\"Magic, Pok\u00e9mon and Yu-gi-oh - The Uncommon Shop\",\"potentialAction\":[{\"@type\":\"SearchAction\",\"target\":{\"@type\":\"EntryPoint\",\"urlTemplate\":\"https:\\\/\\\/theuncommonshop.ch\\\/?s={search_term_string}\"},\"query-input\":{\"@type\":\"PropertyValueSpecification\",\"valueRequired\":true,\"valueName\":\"search_term_string\"}}],\"inLanguage\":\"fr-FR\"}]}<\/script>\n<meta property=\"product:price:amount\" content=\"29.90\" \/>\n<meta property=\"product:price:currency\" content=\"CHF\" \/>\n<meta property=\"og:availability\" content=\"out of stock\" \/>\n<meta property=\"product:availability\" content=\"out of stock\" \/>\n<meta property=\"product:retailer_item_id\" content=\"ZU.XVIII.D.SpielMatAbraEvol\" \/>\n<meta property=\"product:condition\" content=\"new\" \/>\n<!-- \/ Yoast SEO plugin. -->","yoast_head_json":{"title":"Ach\u00e8te Pok\u00e9mon Ultra Pro - Playmat - Abra Evolutions","description":"Ach\u00e8te Pok\u00e9mon Ultra Pro - Playmat - Abra Evolutions en ligne maintenant \u00e0 petit prix! Ton #1 shop pour cartes TCG & Pok\u00e9mon en Suisse \u2713 Livraison gratuite d\u00e8s CHF 29","robots":{"index":"index","follow":"follow","max-snippet":"max-snippet:-1","max-image-preview":"max-image-preview:large","max-video-preview":"max-video-preview:-1"},"canonical":"https:\/\/theuncommonshop.ch\/fr\/product\/pokemon-ultra-pro-playmat-abra-evolutions-3\/","og_locale":"fr_FR","og_type":"article","og_title":"Ach\u00e8te Pok\u00e9mon Ultra Pro - Playmat - Abra Evolutions","og_description":"Ach\u00e8te Pok\u00e9mon Ultra Pro - Playmat - Abra Evolutions en ligne maintenant \u00e0 petit prix! Ton #1 shop pour cartes TCG & Pok\u00e9mon en Suisse \u2713 Livraison gratuite d\u00e8s CHF 29","og_url":"https:\/\/theuncommonshop.ch\/fr\/product\/pokemon-ultra-pro-playmat-abra-evolutions-3\/","og_site_name":"Largest trading card shop in Switzerland","article_modified_time":"2026-03-29T16:29:34+00:00","og_image":[{"width":1392,"height":838,"url":"https:\/\/theuncommonshop.ch\/wp-content\/uploads\/2025\/06\/4444469365.jpg","type":"image\/jpeg"}],"twitter_card":"summary_large_image","twitter_misc":{"Prix":"&#67;&#72;&#70;&nbsp;29.90","Disponibilit\u00e9":"Rupture de stock"},"schema":{"@context":"https:\/\/schema.org","@graph":[{"@type":"WebPage","@id":"https:\/\/theuncommonshop.ch\/fr\/product\/pokemon-ultra-pro-playmat-abra-evolutions-3\/","url":"https:\/\/theuncommonshop.ch\/fr\/product\/pokemon-ultra-pro-playmat-abra-evolutions-3\/","name":"Ach\u00e8te Pok\u00e9mon Ultra Pro - Playmat - Abra Evolutions","isPartOf":{"@id":"https:\/\/theuncommonshop.ch\/#website"},"primaryImageOfPage":{"@id":"https:\/\/theuncommonshop.ch\/fr\/product\/pokemon-ultra-pro-playmat-abra-evolutions-3\/#primaryimage"},"image":{"@id":"https:\/\/theuncommonshop.ch\/fr\/product\/pokemon-ultra-pro-playmat-abra-evolutions-3\/#primaryimage"},"thumbnailUrl":"https:\/\/theuncommonshop.ch\/wp-content\/uploads\/2025\/06\/4444469365.jpg","datePublished":"2025-06-04T13:20:15+00:00","dateModified":"2026-03-29T16:29:34+00:00","description":"Ach\u00e8te Pok\u00e9mon Ultra Pro - Playmat - Abra Evolutions en ligne maintenant \u00e0 petit prix! Ton #1 shop pour cartes TCG & Pok\u00e9mon en Suisse \u2713 Livraison gratuite d\u00e8s CHF 29","breadcrumb":{"@id":"https:\/\/theuncommonshop.ch\/fr\/product\/pokemon-ultra-pro-playmat-abra-evolutions-3\/#breadcrumb"},"inLanguage":"fr-FR","potentialAction":[{"@type":"ReadAction","target":["https:\/\/theuncommonshop.ch\/fr\/product\/pokemon-ultra-pro-playmat-abra-evolutions-3\/"]}]},{"@type":"ImageObject","inLanguage":"fr-FR","@id":"https:\/\/theuncommonshop.ch\/fr\/product\/pokemon-ultra-pro-playmat-abra-evolutions-3\/#primaryimage","url":"https:\/\/theuncommonshop.ch\/wp-content\/uploads\/2025\/06\/4444469365.jpg","contentUrl":"https:\/\/theuncommonshop.ch\/wp-content\/uploads\/2025\/06\/4444469365.jpg","width":1392,"height":838},{"@type":"BreadcrumbList","@id":"https:\/\/theuncommonshop.ch\/fr\/product\/pokemon-ultra-pro-playmat-abra-evolutions-3\/#breadcrumb","itemListElement":[{"@type":"ListItem","position":1,"name":"Accueil","item":"https:\/\/theuncommonshop.ch\/fr\/accueil\/"},{"@type":"ListItem","position":2,"name":"Boutique","item":"https:\/\/theuncommonshop.ch\/fr\/boutique\/"},{"@type":"ListItem","position":3,"name":"Accessoires TCG","item":"https:\/\/theuncommonshop.ch\/fr\/categorie-produit\/accessoires-tcg\/"},{"@type":"ListItem","position":4,"name":"Tapis de jeu","item":"https:\/\/theuncommonshop.ch\/fr\/categorie-produit\/accessoires-tcg\/tapis-de-jeu\/"},{"@type":"ListItem","position":5,"name":"Artworks","item":"https:\/\/theuncommonshop.ch\/fr\/categorie-produit\/accessoires-tcg\/tapis-de-jeu\/artworks\/"},{"@type":"ListItem","position":6,"name":"Pok\u00e9mon Ultra Pro &#8211; Playmat &#8211; Abra Evolutions"}]},{"@type":"WebSite","@id":"https:\/\/theuncommonshop.ch\/#website","url":"https:\/\/theuncommonshop.ch\/","name":"Largest trading card shop in Switzerland","description":"Magic, Pok\u00e9mon and Yu-gi-oh - The Uncommon Shop","potentialAction":[{"@type":"SearchAction","target":{"@type":"EntryPoint","urlTemplate":"https:\/\/theuncommonshop.ch\/?s={search_term_string}"},"query-input":{"@type":"PropertyValueSpecification","valueRequired":true,"valueName":"search_term_string"}}],"inLanguage":"fr-FR"}]},"product_price_amount":"29.90","product_price_currency":"CHF","og_availability":"out of stock","product_availability":"out of stock","product_retailer_item_id":"ZU.XVIII.D.SpielMatAbraEvol","product_condition":"new"},"_links":{"self":[{"href":"https:\/\/theuncommonshop.ch\/fr\/wp-json\/wp\/v2\/product\/323861","targetHints":{"allow":["GET"]}}],"collection":[{"href":"https:\/\/theuncommonshop.ch\/fr\/wp-json\/wp\/v2\/product"}],"about":[{"href":"https:\/\/theuncommonshop.ch\/fr\/wp-json\/wp\/v2\/types\/product"}],"replies":[{"embeddable":true,"href":"https:\/\/theuncommonshop.ch\/fr\/wp-json\/wp\/v2\/comments?post=323861"}],"version-history":[{"count":1,"href":"https:\/\/theuncommonshop.ch\/fr\/wp-json\/wp\/v2\/product\/323861\/revisions"}],"predecessor-version":[{"id":323863,"href":"https:\/\/theuncommonshop.ch\/fr\/wp-json\/wp\/v2\/product\/323861\/revisions\/323863"}],"wp:featuredmedia":[{"embeddable":true,"href":"https:\/\/theuncommonshop.ch\/fr\/wp-json\/wp\/v2\/media\/112587"}],"wp:attachment":[{"href":"https:\/\/theuncommonshop.ch\/fr\/wp-json\/wp\/v2\/media?parent=323861"}],"wp:term":[{"taxonomy":"product_brand","embeddable":true,"href":"https:\/\/theuncommonshop.ch\/fr\/wp-json\/wp\/v2\/product_brand?post=323861"},{"taxonomy":"product_cat","embeddable":true,"href":"https:\/\/theuncommonshop.ch\/fr\/wp-json\/wp\/v2\/product_cat?post=323861"},{"taxonomy":"product_tag","embeddable":true,"href":"https:\/\/theuncommonshop.ch\/fr\/wp-json\/wp\/v2\/product_tag?post=323861"}],"curies":[{"name":"wp","href":"https:\/\/api.w.org\/{rel}","templated":true}]}}