{"id":323826,"date":"2025-06-04T17:00:50","date_gmt":"2025-06-04T15:00:50","guid":{"rendered":"http:\/\/theuncommonshop.ch\/produkt\/323826\/"},"modified":"2026-04-21T12:05:50","modified_gmt":"2026-04-21T10:05:50","slug":"protecc-acryl-case-pokemon-elite-trainer-box-3","status":"publish","type":"product","link":"https:\/\/theuncommonshop.ch\/fr\/product\/protecc-acryl-case-pokemon-elite-trainer-box-3\/","title":{"rendered":"Protecc &#8211; Acryl Case &#8211; Pok\u00e9mon Elite Trainer Box"},"content":{"rendered":"<p>D\u00e9couvrez la combinaison parfaite de pr\u00e9sentation \u00e9l\u00e9gante et de protection pour vos pr\u00e9cieuses Elite Trainer Box Pok\u00e9mon gr\u00e2ce \u00e0 l&#8217;Acryl Case magn\u00e9tique de haute qualit\u00e9 et transparent comme du cristal de Protecc. Les aimants puissants permettent une fixation facile et s\u00fbre, tandis que votre collection brille de mille feux. <\/p>\n<p>Pas de stress avec les vis &#8211; Protecc facilite l&#8217;exposition et la protection de votre collection dans toute sa splendeur.<\/p>\n<p>Syst\u00e8me magn\u00e9tique puissant pour un montage facile et une protection contre la poussi\u00e8re :<\/p>\n<p>Au lieu de vis, nous utilisons des aimants extr\u00eamement puissants pour que vous puissiez fermer l&#8217;\u00e9tui sans outils et sans effort. Cela garantit une protection fiable contre la poussi\u00e8re pour votre collection. <\/p>\n<p>Une transparence cristalline pour une pr\u00e9sentation parfaite :<\/p>\n<p>L&#8217;Acryl Case est fabriqu\u00e9 \u00e0 partir d&#8217;un acrylique cristallin de haute qualit\u00e9 qui offre une vue transparente et impeccable de vos Pok\u00e9mon Elite Trainer Box. Il permet \u00e0 vos tr\u00e9sors de briller dans toute leur splendeur. <\/p>\n<p>Pr\u00e9servation de la valeur \u00e0 long terme gr\u00e2ce \u00e0 des mat\u00e9riaux de haute qualit\u00e9 :<\/p>\n<p>Fabriqu\u00e9 en acrylique cristallin de haute qualit\u00e9, l&#8217;Acryl Case Protecc conserve sa qualit\u00e9 m\u00eame apr\u00e8s de longues p\u00e9riodes. Vos objets de collection restent donc frais et comme neufs, ce qui pr\u00e9serve et augmente la valeur de votre collection au fil du temps. <\/p>\n<p>Forme ajust\u00e9e pour une protection optimale :<\/p>\n<p>Con\u00e7u sur mesure pour les Elite Trainer Box Pok\u00e9mon, cet \u00e9tui offre une protection sur mesure \u00e0 vos objets de collection. Insertion et retrait faciles des objets <\/p>\n<p>Protection contre les UV pour une qualit\u00e9 durable :<\/p>\n<p>Notre \u00e9tui int\u00e8gre une protection contre les UV qui emp\u00eache vos objets de collection de se d\u00e9colorer, de sorte que les couleurs et les d\u00e9tails restent frais au fil des ans.<\/p>\n<p>Un design \u00e9l\u00e9gant pour une pr\u00e9sentation esth\u00e9tique :<\/p>\n<p>Le design sobre et \u00e9l\u00e9gant de l&#8217;Acryl Case met en valeur la pr\u00e9sentation visuelle de votre magnifique collection, tout en pr\u00e9servant son esth\u00e9tique.<\/p>\n","protected":false},"excerpt":{"rendered":"<p>D\u00e9couvrez la combinaison parfaite de pr\u00e9sentation \u00e9l\u00e9gante et de protection pour vos pr\u00e9cieuses Elite Trainer Box Pok\u00e9mon gr\u00e2ce \u00e0 l&#8217;Acryl<\/p>\n","protected":false},"featured_media":368675,"comment_status":"open","ping_status":"closed","template":"","meta":{"_acf_changed":false},"product_brand":[],"product_cat":[9859,9881,10267,9867],"product_tag":[],"class_list":{"0":"post-323826","1":"product","2":"type-product","3":"status-publish","4":"has-post-thumbnail","6":"product_cat-accessoires-tcg","7":"product_cat-protecc-fr","8":"product_cat-protection-des-cartes","9":"product_cat-rangement","11":"first","12":"instock","13":"taxable","14":"shipping-taxable","15":"purchasable","16":"product-type-simple"},"acf":[],"yoast_head":"<!-- This site is optimized with the Yoast SEO plugin v27.5 - https:\/\/yoast.com\/product\/yoast-seo-wordpress\/ -->\n<title>Ach\u00e8te Protecc - Acryl Case - Pok\u00e9mon Elite Trainer Box<\/title>\n<meta name=\"description\" content=\"Ach\u00e8te Protecc - Acryl Case - Pok\u00e9mon Elite Trainer Box en ligne maintenant \u00e0 petit prix! Ton #1 shop pour cartes TCG &amp; Pok\u00e9mon en Suisse \u2713 Livraison gratuite d\u00e8s CHF 29\" \/>\n<meta name=\"robots\" content=\"index, follow, max-snippet:-1, max-image-preview:large, max-video-preview:-1\" \/>\n<link rel=\"canonical\" href=\"https:\/\/theuncommonshop.ch\/fr\/product\/protecc-acryl-case-pokemon-elite-trainer-box-3\/\" \/>\n<meta property=\"og:locale\" content=\"fr_FR\" \/>\n<meta property=\"og:type\" content=\"article\" \/>\n<meta property=\"og:title\" content=\"Ach\u00e8te Protecc - Acryl Case - Pok\u00e9mon Elite Trainer Box\" \/>\n<meta property=\"og:description\" content=\"Ach\u00e8te Protecc - Acryl Case - Pok\u00e9mon Elite Trainer Box en ligne maintenant \u00e0 petit prix! Ton #1 shop pour cartes TCG &amp; Pok\u00e9mon en Suisse \u2713 Livraison gratuite d\u00e8s CHF 29\" \/>\n<meta property=\"og:url\" content=\"https:\/\/theuncommonshop.ch\/fr\/product\/protecc-acryl-case-pokemon-elite-trainer-box-3\/\" \/>\n<meta property=\"og:site_name\" content=\"The Uncommon Shop\" \/>\n<meta property=\"article:modified_time\" content=\"2026-04-21T10:05:50+00:00\" \/>\n<meta property=\"og:image\" content=\"https:\/\/theuncommonshop.ch\/wp-content\/uploads\/2025\/06\/Design-ohne-Titel-8.jpg\" \/>\n\t<meta property=\"og:image:width\" content=\"1500\" \/>\n\t<meta property=\"og:image:height\" content=\"1500\" \/>\n\t<meta property=\"og:image:type\" content=\"image\/jpeg\" \/>\n<meta name=\"twitter:card\" content=\"summary_large_image\" \/>\n<meta name=\"twitter:label1\" content=\"Prix\" \/>\n\t<meta name=\"twitter:data1\" content=\"&#067;&#072;&#070;&nbsp;37.95\" \/>\n\t<meta name=\"twitter:label2\" content=\"Disponibilit\u00e9\" \/>\n\t<meta name=\"twitter:data2\" content=\"En stock\" \/>\n<script type=\"application\/ld+json\" class=\"yoast-schema-graph\">{\"@context\":\"https:\\\/\\\/schema.org\",\"@graph\":[{\"@type\":\"WebPage\",\"@id\":\"https:\\\/\\\/theuncommonshop.ch\\\/fr\\\/product\\\/protecc-acryl-case-pokemon-elite-trainer-box-3\\\/\",\"url\":\"https:\\\/\\\/theuncommonshop.ch\\\/fr\\\/product\\\/protecc-acryl-case-pokemon-elite-trainer-box-3\\\/\",\"name\":\"Ach\u00e8te Protecc - Acryl Case - Pok\u00e9mon Elite Trainer Box\",\"isPartOf\":{\"@id\":\"https:\\\/\\\/theuncommonshop.ch\\\/fr\\\/#website\"},\"primaryImageOfPage\":{\"@id\":\"https:\\\/\\\/theuncommonshop.ch\\\/fr\\\/product\\\/protecc-acryl-case-pokemon-elite-trainer-box-3\\\/#primaryimage\"},\"image\":{\"@id\":\"https:\\\/\\\/theuncommonshop.ch\\\/fr\\\/product\\\/protecc-acryl-case-pokemon-elite-trainer-box-3\\\/#primaryimage\"},\"thumbnailUrl\":\"https:\\\/\\\/theuncommonshop.ch\\\/wp-content\\\/uploads\\\/2025\\\/06\\\/Design-ohne-Titel-8.jpg\",\"datePublished\":\"2025-06-04T15:00:50+00:00\",\"dateModified\":\"2026-04-21T10:05:50+00:00\",\"description\":\"Ach\u00e8te Protecc - Acryl Case - Pok\u00e9mon Elite Trainer Box en ligne maintenant \u00e0 petit prix! Ton #1 shop pour cartes TCG & Pok\u00e9mon en Suisse \u2713 Livraison gratuite d\u00e8s CHF 29\",\"breadcrumb\":{\"@id\":\"https:\\\/\\\/theuncommonshop.ch\\\/fr\\\/product\\\/protecc-acryl-case-pokemon-elite-trainer-box-3\\\/#breadcrumb\"},\"inLanguage\":\"fr-FR\",\"potentialAction\":[{\"@type\":\"ReadAction\",\"target\":[\"https:\\\/\\\/theuncommonshop.ch\\\/fr\\\/product\\\/protecc-acryl-case-pokemon-elite-trainer-box-3\\\/\"]}]},{\"@type\":\"ImageObject\",\"inLanguage\":\"fr-FR\",\"@id\":\"https:\\\/\\\/theuncommonshop.ch\\\/fr\\\/product\\\/protecc-acryl-case-pokemon-elite-trainer-box-3\\\/#primaryimage\",\"url\":\"https:\\\/\\\/theuncommonshop.ch\\\/wp-content\\\/uploads\\\/2025\\\/06\\\/Design-ohne-Titel-8.jpg\",\"contentUrl\":\"https:\\\/\\\/theuncommonshop.ch\\\/wp-content\\\/uploads\\\/2025\\\/06\\\/Design-ohne-Titel-8.jpg\",\"width\":1500,\"height\":1500,\"caption\":\"Pokemon ETB Acryl Protecc\"},{\"@type\":\"BreadcrumbList\",\"@id\":\"https:\\\/\\\/theuncommonshop.ch\\\/fr\\\/product\\\/protecc-acryl-case-pokemon-elite-trainer-box-3\\\/#breadcrumb\",\"itemListElement\":[{\"@type\":\"ListItem\",\"position\":1,\"name\":\"Accueil\",\"item\":\"https:\\\/\\\/theuncommonshop.ch\\\/fr\\\/accueil\\\/\"},{\"@type\":\"ListItem\",\"position\":2,\"name\":\"Boutique\",\"item\":\"https:\\\/\\\/theuncommonshop.ch\\\/fr\\\/boutique\\\/\"},{\"@type\":\"ListItem\",\"position\":3,\"name\":\"Accessoires TCG\",\"item\":\"https:\\\/\\\/theuncommonshop.ch\\\/fr\\\/categorie-produit\\\/accessoires-tcg\\\/\"},{\"@type\":\"ListItem\",\"position\":4,\"name\":\"Rangement\",\"item\":\"https:\\\/\\\/theuncommonshop.ch\\\/fr\\\/categorie-produit\\\/accessoires-tcg\\\/rangement\\\/\"},{\"@type\":\"ListItem\",\"position\":5,\"name\":\"Protecc\",\"item\":\"https:\\\/\\\/theuncommonshop.ch\\\/fr\\\/categorie-produit\\\/accessoires-tcg\\\/rangement\\\/protecc-fr\\\/\"},{\"@type\":\"ListItem\",\"position\":6,\"name\":\"Protecc &#8211; Acryl Case &#8211; Pok\u00e9mon Elite Trainer Box\"}]},{\"@type\":\"WebSite\",\"@id\":\"https:\\\/\\\/theuncommonshop.ch\\\/fr\\\/#website\",\"url\":\"https:\\\/\\\/theuncommonshop.ch\\\/fr\\\/\",\"name\":\"The Uncommon Shop\",\"description\":\"Magic, Pok\u00e9mon and Yu-gi-oh - The Uncommon Shop\",\"potentialAction\":[{\"@type\":\"SearchAction\",\"target\":{\"@type\":\"EntryPoint\",\"urlTemplate\":\"https:\\\/\\\/theuncommonshop.ch\\\/fr\\\/?s={search_term_string}\"},\"query-input\":{\"@type\":\"PropertyValueSpecification\",\"valueRequired\":true,\"valueName\":\"search_term_string\"}}],\"inLanguage\":\"fr-FR\"}]}<\/script>\n<meta property=\"product:price:amount\" content=\"37.95\" \/>\n<meta property=\"product:price:currency\" content=\"CHF\" \/>\n<meta property=\"og:availability\" content=\"instock\" \/>\n<meta property=\"product:availability\" content=\"instock\" \/>\n<meta property=\"product:retailer_item_id\" content=\"OP.II.A.ProteccAcrylCasePokemonEliteTrainerBox\" \/>\n<meta property=\"product:condition\" content=\"new\" \/>\n<!-- \/ Yoast SEO plugin. -->","yoast_head_json":{"title":"Ach\u00e8te Protecc - Acryl Case - Pok\u00e9mon Elite Trainer Box","description":"Ach\u00e8te Protecc - Acryl Case - Pok\u00e9mon Elite Trainer Box en ligne maintenant \u00e0 petit prix! Ton #1 shop pour cartes TCG & Pok\u00e9mon en Suisse \u2713 Livraison gratuite d\u00e8s CHF 29","robots":{"index":"index","follow":"follow","max-snippet":"max-snippet:-1","max-image-preview":"max-image-preview:large","max-video-preview":"max-video-preview:-1"},"canonical":"https:\/\/theuncommonshop.ch\/fr\/product\/protecc-acryl-case-pokemon-elite-trainer-box-3\/","og_locale":"fr_FR","og_type":"article","og_title":"Ach\u00e8te Protecc - Acryl Case - Pok\u00e9mon Elite Trainer Box","og_description":"Ach\u00e8te Protecc - Acryl Case - Pok\u00e9mon Elite Trainer Box en ligne maintenant \u00e0 petit prix! Ton #1 shop pour cartes TCG & Pok\u00e9mon en Suisse \u2713 Livraison gratuite d\u00e8s CHF 29","og_url":"https:\/\/theuncommonshop.ch\/fr\/product\/protecc-acryl-case-pokemon-elite-trainer-box-3\/","og_site_name":"The Uncommon Shop","article_modified_time":"2026-04-21T10:05:50+00:00","og_image":[{"width":1500,"height":1500,"url":"https:\/\/theuncommonshop.ch\/wp-content\/uploads\/2025\/06\/Design-ohne-Titel-8.jpg","type":"image\/jpeg"}],"twitter_card":"summary_large_image","twitter_misc":{"Prix":"&#67;&#72;&#70;&nbsp;37.95","Disponibilit\u00e9":"En stock"},"schema":{"@context":"https:\/\/schema.org","@graph":[{"@type":"WebPage","@id":"https:\/\/theuncommonshop.ch\/fr\/product\/protecc-acryl-case-pokemon-elite-trainer-box-3\/","url":"https:\/\/theuncommonshop.ch\/fr\/product\/protecc-acryl-case-pokemon-elite-trainer-box-3\/","name":"Ach\u00e8te Protecc - Acryl Case - Pok\u00e9mon Elite Trainer Box","isPartOf":{"@id":"https:\/\/theuncommonshop.ch\/fr\/#website"},"primaryImageOfPage":{"@id":"https:\/\/theuncommonshop.ch\/fr\/product\/protecc-acryl-case-pokemon-elite-trainer-box-3\/#primaryimage"},"image":{"@id":"https:\/\/theuncommonshop.ch\/fr\/product\/protecc-acryl-case-pokemon-elite-trainer-box-3\/#primaryimage"},"thumbnailUrl":"https:\/\/theuncommonshop.ch\/wp-content\/uploads\/2025\/06\/Design-ohne-Titel-8.jpg","datePublished":"2025-06-04T15:00:50+00:00","dateModified":"2026-04-21T10:05:50+00:00","description":"Ach\u00e8te Protecc - Acryl Case - Pok\u00e9mon Elite Trainer Box en ligne maintenant \u00e0 petit prix! Ton #1 shop pour cartes TCG & Pok\u00e9mon en Suisse \u2713 Livraison gratuite d\u00e8s CHF 29","breadcrumb":{"@id":"https:\/\/theuncommonshop.ch\/fr\/product\/protecc-acryl-case-pokemon-elite-trainer-box-3\/#breadcrumb"},"inLanguage":"fr-FR","potentialAction":[{"@type":"ReadAction","target":["https:\/\/theuncommonshop.ch\/fr\/product\/protecc-acryl-case-pokemon-elite-trainer-box-3\/"]}]},{"@type":"ImageObject","inLanguage":"fr-FR","@id":"https:\/\/theuncommonshop.ch\/fr\/product\/protecc-acryl-case-pokemon-elite-trainer-box-3\/#primaryimage","url":"https:\/\/theuncommonshop.ch\/wp-content\/uploads\/2025\/06\/Design-ohne-Titel-8.jpg","contentUrl":"https:\/\/theuncommonshop.ch\/wp-content\/uploads\/2025\/06\/Design-ohne-Titel-8.jpg","width":1500,"height":1500,"caption":"Pokemon ETB Acryl Protecc"},{"@type":"BreadcrumbList","@id":"https:\/\/theuncommonshop.ch\/fr\/product\/protecc-acryl-case-pokemon-elite-trainer-box-3\/#breadcrumb","itemListElement":[{"@type":"ListItem","position":1,"name":"Accueil","item":"https:\/\/theuncommonshop.ch\/fr\/accueil\/"},{"@type":"ListItem","position":2,"name":"Boutique","item":"https:\/\/theuncommonshop.ch\/fr\/boutique\/"},{"@type":"ListItem","position":3,"name":"Accessoires TCG","item":"https:\/\/theuncommonshop.ch\/fr\/categorie-produit\/accessoires-tcg\/"},{"@type":"ListItem","position":4,"name":"Rangement","item":"https:\/\/theuncommonshop.ch\/fr\/categorie-produit\/accessoires-tcg\/rangement\/"},{"@type":"ListItem","position":5,"name":"Protecc","item":"https:\/\/theuncommonshop.ch\/fr\/categorie-produit\/accessoires-tcg\/rangement\/protecc-fr\/"},{"@type":"ListItem","position":6,"name":"Protecc &#8211; Acryl Case &#8211; Pok\u00e9mon Elite Trainer Box"}]},{"@type":"WebSite","@id":"https:\/\/theuncommonshop.ch\/fr\/#website","url":"https:\/\/theuncommonshop.ch\/fr\/","name":"The Uncommon Shop","description":"Magic, Pok\u00e9mon and Yu-gi-oh - The Uncommon Shop","potentialAction":[{"@type":"SearchAction","target":{"@type":"EntryPoint","urlTemplate":"https:\/\/theuncommonshop.ch\/fr\/?s={search_term_string}"},"query-input":{"@type":"PropertyValueSpecification","valueRequired":true,"valueName":"search_term_string"}}],"inLanguage":"fr-FR"}]},"product_price_amount":"37.95","product_price_currency":"CHF","og_availability":"instock","product_availability":"instock","product_retailer_item_id":"OP.II.A.ProteccAcrylCasePokemonEliteTrainerBox","product_condition":"new"},"_links":{"self":[{"href":"https:\/\/theuncommonshop.ch\/fr\/wp-json\/wp\/v2\/product\/323826","targetHints":{"allow":["GET"]}}],"collection":[{"href":"https:\/\/theuncommonshop.ch\/fr\/wp-json\/wp\/v2\/product"}],"about":[{"href":"https:\/\/theuncommonshop.ch\/fr\/wp-json\/wp\/v2\/types\/product"}],"replies":[{"embeddable":true,"href":"https:\/\/theuncommonshop.ch\/fr\/wp-json\/wp\/v2\/comments?post=323826"}],"version-history":[{"count":0,"href":"https:\/\/theuncommonshop.ch\/fr\/wp-json\/wp\/v2\/product\/323826\/revisions"}],"wp:featuredmedia":[{"embeddable":true,"href":"https:\/\/theuncommonshop.ch\/fr\/wp-json\/wp\/v2\/media\/368675"}],"wp:attachment":[{"href":"https:\/\/theuncommonshop.ch\/fr\/wp-json\/wp\/v2\/media?parent=323826"}],"wp:term":[{"taxonomy":"product_brand","embeddable":true,"href":"https:\/\/theuncommonshop.ch\/fr\/wp-json\/wp\/v2\/product_brand?post=323826"},{"taxonomy":"product_cat","embeddable":true,"href":"https:\/\/theuncommonshop.ch\/fr\/wp-json\/wp\/v2\/product_cat?post=323826"},{"taxonomy":"product_tag","embeddable":true,"href":"https:\/\/theuncommonshop.ch\/fr\/wp-json\/wp\/v2\/product_tag?post=323826"}],"curies":[{"name":"wp","href":"https:\/\/api.w.org\/{rel}","templated":true}]}}