{"id":323714,"date":"2025-06-04T19:22:43","date_gmt":"2025-06-04T19:22:43","guid":{"rendered":"http:\/\/theuncommonshop.ch\/produkt\/323714\/"},"modified":"2026-03-29T11:21:06","modified_gmt":"2026-03-29T09:21:06","slug":"ultimate-guard-collectors-albumncase-artist-edition-1-mael-ollivier-henry-spirits-of-the-sea-3","status":"publish","type":"product","link":"https:\/\/theuncommonshop.ch\/fr\/product\/ultimate-guard-collectors-albumncase-artist-edition-1-mael-ollivier-henry-spirits-of-the-sea-3\/","title":{"rendered":"Ultimate Guard &#8211; Album&#8217;n&#8217;Case Collector &#8220;Artist Edition #1 Ma\u00ebl Ollivier-Henry&#8221; &#8211; Spirits of the Sea"},"content":{"rendered":"<p>Choisissez votre artwork avec soin et lancez-vous dans l&#8217;aventure !<\/p>\n<p>Notre Collector&#8217;s Album&#8217;n&#8217;Case Artist Edition vous enchantera avec ses artworks magnifiquement d\u00e9taill\u00e9s et \u00e9vocateurs, cr\u00e9\u00e9s par l&#8217;artiste Ma\u00ebl Ollivier-Henry.<\/p>\n<p>Pour une protection suppl\u00e9mentaire, l&#8217;album 3 anneaux de haute qualit\u00e9 est livr\u00e9 avec un \u00e9tui s\u00e9par\u00e9. Avec une excellente impression mate sur un carton de haute qualit\u00e9, il est id\u00e9al pour les Pocket pages Quadrow et pour pr\u00e9senter vos sets de jeu. En outre, la Special Edition comprend une carte d&#8217;artiste avec une ex\u00e9cution passionnante sur le design.  <\/p>\n<ul>\n<li>Excellente impression mate sur carton de haute qualit\u00e9<\/li>\n<li>\u00c9tui pour une s\u00e9curit\u00e9 suppl\u00e9mentaire<\/li>\n<li>Anneaux en D renforc\u00e9s<\/li>\n<li>Charni\u00e8res renforc\u00e9es<\/li>\n<li>Convient pour les pages de classeur QuadRow<\/li>\n<li>Dimensions : 36,6 x 6,4 x 32,8 cm<\/li>\n<\/ul>\n","protected":false},"excerpt":{"rendered":"<p>Choisissez votre artwork avec soin et lancez-vous dans l&#8217;aventure ! Notre Collector&#8217;s Album&#8217;n&#8217;Case Artist Edition vous enchantera avec ses artworks<\/p>\n","protected":false},"featured_media":121288,"comment_status":"open","ping_status":"closed","template":"","meta":{"_acf_changed":false},"product_brand":[5088],"product_cat":[9859,9863,10263,10031],"product_tag":[],"class_list":{"0":"post-323714","1":"product","2":"type-product","3":"status-publish","4":"has-post-thumbnail","6":"product_brand-ultimate-guard","7":"product_cat-accessoires-tcg","8":"product_cat-binder-fr","9":"product_cat-magic-binder","10":"product_cat-tous-les-binder","12":"first","13":"instock","14":"taxable","15":"shipping-taxable","16":"purchasable","17":"product-type-simple"},"acf":[],"yoast_head":"<!-- This site is optimized with the Yoast SEO plugin v27.4 - https:\/\/yoast.com\/product\/yoast-seo-wordpress\/ -->\n<title>Ach\u00e8te Ultimate Guard - Album&#039;n&#039;Case Collector &quot;Artist Edition #1 Ma\u00ebl Ollivier-Henry&quot; - Spirits of the Sea<\/title>\n<meta name=\"description\" content=\"Ach\u00e8te Ultimate Guard - Album&#039;n&#039;Case Collector &quot;Artist Edition #1 Ma\u00ebl Ollivier-Henry&quot; - Spirits of the Sea en ligne maintenant \u00e0 petit prix! Ton #1 shop pour cartes TCG &amp; Pok\u00e9mon en Suisse \u2713 Livraison gratuite d\u00e8s CHF 29\" \/>\n<meta name=\"robots\" content=\"index, follow, max-snippet:-1, max-image-preview:large, max-video-preview:-1\" \/>\n<link rel=\"canonical\" href=\"https:\/\/theuncommonshop.ch\/fr\/product\/ultimate-guard-collectors-albumncase-artist-edition-1-mael-ollivier-henry-spirits-of-the-sea-3\/\" \/>\n<meta property=\"og:locale\" content=\"fr_FR\" \/>\n<meta property=\"og:type\" content=\"article\" \/>\n<meta property=\"og:title\" content=\"Ach\u00e8te Ultimate Guard - Album&#039;n&#039;Case Collector &quot;Artist Edition #1 Ma\u00ebl Ollivier-Henry&quot; - Spirits of the Sea\" \/>\n<meta property=\"og:description\" content=\"Ach\u00e8te Ultimate Guard - Album&#039;n&#039;Case Collector &quot;Artist Edition #1 Ma\u00ebl Ollivier-Henry&quot; - Spirits of the Sea en ligne maintenant \u00e0 petit prix! Ton #1 shop pour cartes TCG &amp; Pok\u00e9mon en Suisse \u2713 Livraison gratuite d\u00e8s CHF 29\" \/>\n<meta property=\"og:url\" content=\"https:\/\/theuncommonshop.ch\/fr\/product\/ultimate-guard-collectors-albumncase-artist-edition-1-mael-ollivier-henry-spirits-of-the-sea-3\/\" \/>\n<meta property=\"og:site_name\" content=\"Largest trading card shop in Switzerland\" \/>\n<meta property=\"article:modified_time\" content=\"2026-03-29T09:21:06+00:00\" \/>\n<meta property=\"og:image\" content=\"https:\/\/theuncommonshop.ch\/wp-content\/uploads\/2025\/06\/4748530732.jpg\" \/>\n\t<meta property=\"og:image:width\" content=\"1000\" \/>\n\t<meta property=\"og:image:height\" content=\"1000\" \/>\n\t<meta property=\"og:image:type\" content=\"image\/jpeg\" \/>\n<meta name=\"twitter:card\" content=\"summary_large_image\" \/>\n<meta name=\"twitter:label1\" content=\"Prix\" \/>\n\t<meta name=\"twitter:data1\" content=\"&#067;&#072;&#070;&nbsp;29.95\" \/>\n\t<meta name=\"twitter:label2\" content=\"Disponibilit\u00e9\" \/>\n\t<meta name=\"twitter:data2\" content=\"En stock\" \/>\n<script type=\"application\/ld+json\" class=\"yoast-schema-graph\">{\"@context\":\"https:\\\/\\\/schema.org\",\"@graph\":[{\"@type\":\"WebPage\",\"@id\":\"https:\\\/\\\/theuncommonshop.ch\\\/fr\\\/product\\\/ultimate-guard-collectors-albumncase-artist-edition-1-mael-ollivier-henry-spirits-of-the-sea-3\\\/\",\"url\":\"https:\\\/\\\/theuncommonshop.ch\\\/fr\\\/product\\\/ultimate-guard-collectors-albumncase-artist-edition-1-mael-ollivier-henry-spirits-of-the-sea-3\\\/\",\"name\":\"Ach\u00e8te Ultimate Guard - Album'n'Case Collector \\\"Artist Edition #1 Ma\u00ebl Ollivier-Henry\\\" - Spirits of the Sea\",\"isPartOf\":{\"@id\":\"https:\\\/\\\/theuncommonshop.ch\\\/#website\"},\"primaryImageOfPage\":{\"@id\":\"https:\\\/\\\/theuncommonshop.ch\\\/fr\\\/product\\\/ultimate-guard-collectors-albumncase-artist-edition-1-mael-ollivier-henry-spirits-of-the-sea-3\\\/#primaryimage\"},\"image\":{\"@id\":\"https:\\\/\\\/theuncommonshop.ch\\\/fr\\\/product\\\/ultimate-guard-collectors-albumncase-artist-edition-1-mael-ollivier-henry-spirits-of-the-sea-3\\\/#primaryimage\"},\"thumbnailUrl\":\"https:\\\/\\\/theuncommonshop.ch\\\/wp-content\\\/uploads\\\/2025\\\/06\\\/4748530732.jpg\",\"datePublished\":\"2025-06-04T19:22:43+00:00\",\"dateModified\":\"2026-03-29T09:21:06+00:00\",\"description\":\"Ach\u00e8te Ultimate Guard - Album'n'Case Collector \\\"Artist Edition #1 Ma\u00ebl Ollivier-Henry\\\" - Spirits of the Sea en ligne maintenant \u00e0 petit prix! Ton #1 shop pour cartes TCG & Pok\u00e9mon en Suisse \u2713 Livraison gratuite d\u00e8s CHF 29\",\"breadcrumb\":{\"@id\":\"https:\\\/\\\/theuncommonshop.ch\\\/fr\\\/product\\\/ultimate-guard-collectors-albumncase-artist-edition-1-mael-ollivier-henry-spirits-of-the-sea-3\\\/#breadcrumb\"},\"inLanguage\":\"fr-FR\",\"potentialAction\":[{\"@type\":\"ReadAction\",\"target\":[\"https:\\\/\\\/theuncommonshop.ch\\\/fr\\\/product\\\/ultimate-guard-collectors-albumncase-artist-edition-1-mael-ollivier-henry-spirits-of-the-sea-3\\\/\"]}]},{\"@type\":\"ImageObject\",\"inLanguage\":\"fr-FR\",\"@id\":\"https:\\\/\\\/theuncommonshop.ch\\\/fr\\\/product\\\/ultimate-guard-collectors-albumncase-artist-edition-1-mael-ollivier-henry-spirits-of-the-sea-3\\\/#primaryimage\",\"url\":\"https:\\\/\\\/theuncommonshop.ch\\\/wp-content\\\/uploads\\\/2025\\\/06\\\/4748530732.jpg\",\"contentUrl\":\"https:\\\/\\\/theuncommonshop.ch\\\/wp-content\\\/uploads\\\/2025\\\/06\\\/4748530732.jpg\",\"width\":1000,\"height\":1000},{\"@type\":\"BreadcrumbList\",\"@id\":\"https:\\\/\\\/theuncommonshop.ch\\\/fr\\\/product\\\/ultimate-guard-collectors-albumncase-artist-edition-1-mael-ollivier-henry-spirits-of-the-sea-3\\\/#breadcrumb\",\"itemListElement\":[{\"@type\":\"ListItem\",\"position\":1,\"name\":\"Accueil\",\"item\":\"https:\\\/\\\/theuncommonshop.ch\\\/fr\\\/accueil\\\/\"},{\"@type\":\"ListItem\",\"position\":2,\"name\":\"Boutique\",\"item\":\"https:\\\/\\\/theuncommonshop.ch\\\/fr\\\/boutique\\\/\"},{\"@type\":\"ListItem\",\"position\":3,\"name\":\"Accessoires TCG\",\"item\":\"https:\\\/\\\/theuncommonshop.ch\\\/fr\\\/categorie-produit\\\/accessoires-tcg\\\/\"},{\"@type\":\"ListItem\",\"position\":4,\"name\":\"Binder\",\"item\":\"https:\\\/\\\/theuncommonshop.ch\\\/fr\\\/categorie-produit\\\/accessoires-tcg\\\/binder-fr\\\/\"},{\"@type\":\"ListItem\",\"position\":5,\"name\":\"Tous les Binder\",\"item\":\"https:\\\/\\\/theuncommonshop.ch\\\/fr\\\/categorie-produit\\\/accessoires-tcg\\\/binder-fr\\\/tous-les-binder\\\/\"},{\"@type\":\"ListItem\",\"position\":6,\"name\":\"Ultimate Guard &#8211; Album&#8217;n&#8217;Case Collector &#8220;Artist Edition #1 Ma\u00ebl Ollivier-Henry&#8221; &#8211; Spirits of the Sea\"}]},{\"@type\":\"WebSite\",\"@id\":\"https:\\\/\\\/theuncommonshop.ch\\\/#website\",\"url\":\"https:\\\/\\\/theuncommonshop.ch\\\/\",\"name\":\"Largest trading card shop in Switzerland\",\"description\":\"Magic, Pok\u00e9mon and Yu-gi-oh - The Uncommon Shop\",\"potentialAction\":[{\"@type\":\"SearchAction\",\"target\":{\"@type\":\"EntryPoint\",\"urlTemplate\":\"https:\\\/\\\/theuncommonshop.ch\\\/?s={search_term_string}\"},\"query-input\":{\"@type\":\"PropertyValueSpecification\",\"valueRequired\":true,\"valueName\":\"search_term_string\"}}],\"inLanguage\":\"fr-FR\"}]}<\/script>\n<meta property=\"product:price:amount\" content=\"29.95\" \/>\n<meta property=\"product:price:currency\" content=\"CHF\" \/>\n<meta property=\"og:availability\" content=\"instock\" \/>\n<meta property=\"product:availability\" content=\"instock\" \/>\n<meta property=\"product:retailer_item_id\" content=\"ZU.IX.C.SpiritsCase\" \/>\n<meta property=\"product:condition\" content=\"new\" \/>\n<!-- \/ Yoast SEO plugin. -->","yoast_head_json":{"title":"Ach\u00e8te Ultimate Guard - Album'n'Case Collector \"Artist Edition #1 Ma\u00ebl Ollivier-Henry\" - Spirits of the Sea","description":"Ach\u00e8te Ultimate Guard - Album'n'Case Collector \"Artist Edition #1 Ma\u00ebl Ollivier-Henry\" - Spirits of the Sea en ligne maintenant \u00e0 petit prix! Ton #1 shop pour cartes TCG & Pok\u00e9mon en Suisse \u2713 Livraison gratuite d\u00e8s CHF 29","robots":{"index":"index","follow":"follow","max-snippet":"max-snippet:-1","max-image-preview":"max-image-preview:large","max-video-preview":"max-video-preview:-1"},"canonical":"https:\/\/theuncommonshop.ch\/fr\/product\/ultimate-guard-collectors-albumncase-artist-edition-1-mael-ollivier-henry-spirits-of-the-sea-3\/","og_locale":"fr_FR","og_type":"article","og_title":"Ach\u00e8te Ultimate Guard - Album'n'Case Collector \"Artist Edition #1 Ma\u00ebl Ollivier-Henry\" - Spirits of the Sea","og_description":"Ach\u00e8te Ultimate Guard - Album'n'Case Collector \"Artist Edition #1 Ma\u00ebl Ollivier-Henry\" - Spirits of the Sea en ligne maintenant \u00e0 petit prix! Ton #1 shop pour cartes TCG & Pok\u00e9mon en Suisse \u2713 Livraison gratuite d\u00e8s CHF 29","og_url":"https:\/\/theuncommonshop.ch\/fr\/product\/ultimate-guard-collectors-albumncase-artist-edition-1-mael-ollivier-henry-spirits-of-the-sea-3\/","og_site_name":"Largest trading card shop in Switzerland","article_modified_time":"2026-03-29T09:21:06+00:00","og_image":[{"width":1000,"height":1000,"url":"https:\/\/theuncommonshop.ch\/wp-content\/uploads\/2025\/06\/4748530732.jpg","type":"image\/jpeg"}],"twitter_card":"summary_large_image","twitter_misc":{"Prix":"&#67;&#72;&#70;&nbsp;29.95","Disponibilit\u00e9":"En stock"},"schema":{"@context":"https:\/\/schema.org","@graph":[{"@type":"WebPage","@id":"https:\/\/theuncommonshop.ch\/fr\/product\/ultimate-guard-collectors-albumncase-artist-edition-1-mael-ollivier-henry-spirits-of-the-sea-3\/","url":"https:\/\/theuncommonshop.ch\/fr\/product\/ultimate-guard-collectors-albumncase-artist-edition-1-mael-ollivier-henry-spirits-of-the-sea-3\/","name":"Ach\u00e8te Ultimate Guard - Album'n'Case Collector \"Artist Edition #1 Ma\u00ebl Ollivier-Henry\" - Spirits of the Sea","isPartOf":{"@id":"https:\/\/theuncommonshop.ch\/#website"},"primaryImageOfPage":{"@id":"https:\/\/theuncommonshop.ch\/fr\/product\/ultimate-guard-collectors-albumncase-artist-edition-1-mael-ollivier-henry-spirits-of-the-sea-3\/#primaryimage"},"image":{"@id":"https:\/\/theuncommonshop.ch\/fr\/product\/ultimate-guard-collectors-albumncase-artist-edition-1-mael-ollivier-henry-spirits-of-the-sea-3\/#primaryimage"},"thumbnailUrl":"https:\/\/theuncommonshop.ch\/wp-content\/uploads\/2025\/06\/4748530732.jpg","datePublished":"2025-06-04T19:22:43+00:00","dateModified":"2026-03-29T09:21:06+00:00","description":"Ach\u00e8te Ultimate Guard - Album'n'Case Collector \"Artist Edition #1 Ma\u00ebl Ollivier-Henry\" - Spirits of the Sea en ligne maintenant \u00e0 petit prix! Ton #1 shop pour cartes TCG & Pok\u00e9mon en Suisse \u2713 Livraison gratuite d\u00e8s CHF 29","breadcrumb":{"@id":"https:\/\/theuncommonshop.ch\/fr\/product\/ultimate-guard-collectors-albumncase-artist-edition-1-mael-ollivier-henry-spirits-of-the-sea-3\/#breadcrumb"},"inLanguage":"fr-FR","potentialAction":[{"@type":"ReadAction","target":["https:\/\/theuncommonshop.ch\/fr\/product\/ultimate-guard-collectors-albumncase-artist-edition-1-mael-ollivier-henry-spirits-of-the-sea-3\/"]}]},{"@type":"ImageObject","inLanguage":"fr-FR","@id":"https:\/\/theuncommonshop.ch\/fr\/product\/ultimate-guard-collectors-albumncase-artist-edition-1-mael-ollivier-henry-spirits-of-the-sea-3\/#primaryimage","url":"https:\/\/theuncommonshop.ch\/wp-content\/uploads\/2025\/06\/4748530732.jpg","contentUrl":"https:\/\/theuncommonshop.ch\/wp-content\/uploads\/2025\/06\/4748530732.jpg","width":1000,"height":1000},{"@type":"BreadcrumbList","@id":"https:\/\/theuncommonshop.ch\/fr\/product\/ultimate-guard-collectors-albumncase-artist-edition-1-mael-ollivier-henry-spirits-of-the-sea-3\/#breadcrumb","itemListElement":[{"@type":"ListItem","position":1,"name":"Accueil","item":"https:\/\/theuncommonshop.ch\/fr\/accueil\/"},{"@type":"ListItem","position":2,"name":"Boutique","item":"https:\/\/theuncommonshop.ch\/fr\/boutique\/"},{"@type":"ListItem","position":3,"name":"Accessoires TCG","item":"https:\/\/theuncommonshop.ch\/fr\/categorie-produit\/accessoires-tcg\/"},{"@type":"ListItem","position":4,"name":"Binder","item":"https:\/\/theuncommonshop.ch\/fr\/categorie-produit\/accessoires-tcg\/binder-fr\/"},{"@type":"ListItem","position":5,"name":"Tous les Binder","item":"https:\/\/theuncommonshop.ch\/fr\/categorie-produit\/accessoires-tcg\/binder-fr\/tous-les-binder\/"},{"@type":"ListItem","position":6,"name":"Ultimate Guard &#8211; Album&#8217;n&#8217;Case Collector &#8220;Artist Edition #1 Ma\u00ebl Ollivier-Henry&#8221; &#8211; Spirits of the Sea"}]},{"@type":"WebSite","@id":"https:\/\/theuncommonshop.ch\/#website","url":"https:\/\/theuncommonshop.ch\/","name":"Largest trading card shop in Switzerland","description":"Magic, Pok\u00e9mon and Yu-gi-oh - The Uncommon Shop","potentialAction":[{"@type":"SearchAction","target":{"@type":"EntryPoint","urlTemplate":"https:\/\/theuncommonshop.ch\/?s={search_term_string}"},"query-input":{"@type":"PropertyValueSpecification","valueRequired":true,"valueName":"search_term_string"}}],"inLanguage":"fr-FR"}]},"product_price_amount":"29.95","product_price_currency":"CHF","og_availability":"instock","product_availability":"instock","product_retailer_item_id":"ZU.IX.C.SpiritsCase","product_condition":"new"},"_links":{"self":[{"href":"https:\/\/theuncommonshop.ch\/fr\/wp-json\/wp\/v2\/product\/323714","targetHints":{"allow":["GET"]}}],"collection":[{"href":"https:\/\/theuncommonshop.ch\/fr\/wp-json\/wp\/v2\/product"}],"about":[{"href":"https:\/\/theuncommonshop.ch\/fr\/wp-json\/wp\/v2\/types\/product"}],"replies":[{"embeddable":true,"href":"https:\/\/theuncommonshop.ch\/fr\/wp-json\/wp\/v2\/comments?post=323714"}],"version-history":[{"count":2,"href":"https:\/\/theuncommonshop.ch\/fr\/wp-json\/wp\/v2\/product\/323714\/revisions"}],"predecessor-version":[{"id":358581,"href":"https:\/\/theuncommonshop.ch\/fr\/wp-json\/wp\/v2\/product\/323714\/revisions\/358581"}],"wp:featuredmedia":[{"embeddable":true,"href":"https:\/\/theuncommonshop.ch\/fr\/wp-json\/wp\/v2\/media\/121288"}],"wp:attachment":[{"href":"https:\/\/theuncommonshop.ch\/fr\/wp-json\/wp\/v2\/media?parent=323714"}],"wp:term":[{"taxonomy":"product_brand","embeddable":true,"href":"https:\/\/theuncommonshop.ch\/fr\/wp-json\/wp\/v2\/product_brand?post=323714"},{"taxonomy":"product_cat","embeddable":true,"href":"https:\/\/theuncommonshop.ch\/fr\/wp-json\/wp\/v2\/product_cat?post=323714"},{"taxonomy":"product_tag","embeddable":true,"href":"https:\/\/theuncommonshop.ch\/fr\/wp-json\/wp\/v2\/product_tag?post=323714"}],"curies":[{"name":"wp","href":"https:\/\/api.w.org\/{rel}","templated":true}]}}