{"id":323624,"date":"2025-06-04T18:14:00","date_gmt":"2025-06-04T16:14:00","guid":{"rendered":"http:\/\/theuncommonshop.ch\/produkt\/323624\/"},"modified":"2026-03-29T17:42:23","modified_gmt":"2026-03-29T15:42:23","slug":"ultra-pro-9-pocket-premium-pro-binder-lucario-2","status":"publish","type":"product","link":"https:\/\/theuncommonshop.ch\/fr\/product\/ultra-pro-9-pocket-premium-pro-binder-lucario-2\/","title":{"rendered":"Ultra Pro &#8211; Pocket PREMIUM Pro Binder \u00e0 9 poches &#8211; Lucario"},"content":{"rendered":"<p>Les Pocket Binders PRO \u00e0 9 poches pour Pok\u00e9mon sont con\u00e7us pour collecter et organiser vos Trading Cards pr\u00e9f\u00e9r\u00e9es. Chaque Binder est dot\u00e9 d&#8217;une couverture en cuir rembourr\u00e9e avec des d\u00e9tails en feuille et une fermeture \u00e0 glissi\u00e8re. Apr\u00e8s avoir d\u00e9zipp\u00e9 le classeur, vous trouverez vingt Pocket Pages de 9 pochettes pour des cartes d&#8217;\u00e9change standard dans des pochettes \u00e0 chargement lat\u00e9ral, vous permettant de stocker jusqu&#8217;\u00e0 360 cartes dans des manchons Ultra Pro Deck Protector\u00ae. Les Pocket Pages sont dot\u00e9es d&#8217;un dos noir \u00e0 faible friction, cr\u00e9ant une s\u00e9paration entre les poches avant et arri\u00e8re et donnant aux cartes un aspect cadr\u00e9 classique. Chaque Binder PRO est fabriqu\u00e9 avec des mat\u00e9riaux sans acide et sans PVC pour garantir la protection et la pr\u00e9servation de vos cartes.    <\/p>\n<p>Officially licensed Pok\u00e9mon 9-Pocket Zippered PRO-Binder<\/p>\n<p>Couverture en cuir matelass\u00e9e avec d\u00e9tails en feuille, et fermeture \u00e0 glissi\u00e8re<\/p>\n<p>Stocke jusqu&#8217;\u00e0 360 cartes \u00e0 manches dans des pochettes \u00e0 chargement lat\u00e9ral<\/p>\n<p>L&#8217;onglet de fermeture \u00e0 glissi\u00e8re comporte le symbole d&#8217;\u00e9nergie de feu.<\/p>\n<p>Fabriqu\u00e9 avec des mat\u00e9riaux non-PVC exempts d&#8217;acide pour une protection de qualit\u00e9 sup\u00e9rieure<\/p>\n","protected":false},"excerpt":{"rendered":"<p>Les Pocket Binders PRO \u00e0 9 poches pour Pok\u00e9mon sont con\u00e7us pour collecter et organiser vos Trading Cards pr\u00e9f\u00e9r\u00e9es. Chaque<\/p>\n","protected":false},"featured_media":116652,"comment_status":"open","ping_status":"closed","template":"","meta":{"_acf_changed":false},"product_brand":[5098],"product_cat":[9859,9863,10317,10031],"product_tag":[],"class_list":{"0":"post-323624","1":"product","2":"type-product","3":"status-publish","4":"has-post-thumbnail","6":"product_brand-ultra-pro","7":"product_cat-accessoires-tcg","8":"product_cat-binder-fr","9":"product_cat-pokemon-binder-fr","10":"product_cat-tous-les-binder","12":"first","13":"outofstock","14":"taxable","15":"shipping-taxable","16":"purchasable","17":"product-type-simple"},"acf":[],"yoast_head":"<!-- This site is optimized with the Yoast SEO plugin v27.4 - https:\/\/yoast.com\/product\/yoast-seo-wordpress\/ -->\n<title>Ach\u00e8te Ultra Pro - Pocket PREMIUM Pro Binder \u00e0 9 poches - Lucario<\/title>\n<meta name=\"description\" content=\"Ach\u00e8te Ultra Pro - Pocket PREMIUM Pro Binder \u00e0 9 poches - Lucario en ligne maintenant \u00e0 petit prix! Ton #1 shop pour cartes TCG &amp; Pok\u00e9mon en Suisse \u2713 Livraison gratuite d\u00e8s CHF 29\" \/>\n<meta name=\"robots\" content=\"index, follow, max-snippet:-1, max-image-preview:large, max-video-preview:-1\" \/>\n<link rel=\"canonical\" href=\"https:\/\/theuncommonshop.ch\/fr\/product\/ultra-pro-9-pocket-premium-pro-binder-lucario-2\/\" \/>\n<meta property=\"og:locale\" content=\"fr_FR\" \/>\n<meta property=\"og:type\" content=\"article\" \/>\n<meta property=\"og:title\" content=\"Ach\u00e8te Ultra Pro - Pocket PREMIUM Pro Binder \u00e0 9 poches - Lucario\" \/>\n<meta property=\"og:description\" content=\"Ach\u00e8te Ultra Pro - Pocket PREMIUM Pro Binder \u00e0 9 poches - Lucario en ligne maintenant \u00e0 petit prix! Ton #1 shop pour cartes TCG &amp; Pok\u00e9mon en Suisse \u2713 Livraison gratuite d\u00e8s CHF 29\" \/>\n<meta property=\"og:url\" content=\"https:\/\/theuncommonshop.ch\/fr\/product\/ultra-pro-9-pocket-premium-pro-binder-lucario-2\/\" \/>\n<meta property=\"og:site_name\" content=\"Largest trading card shop in Switzerland\" \/>\n<meta property=\"article:modified_time\" content=\"2026-03-29T15:42:23+00:00\" \/>\n<meta property=\"og:image\" content=\"https:\/\/theuncommonshop.ch\/wp-content\/uploads\/2025\/06\/4599733062.jpg\" \/>\n\t<meta property=\"og:image:width\" content=\"1024\" \/>\n\t<meta property=\"og:image:height\" content=\"1024\" \/>\n\t<meta property=\"og:image:type\" content=\"image\/jpeg\" \/>\n<meta name=\"twitter:card\" content=\"summary_large_image\" \/>\n<meta name=\"twitter:label1\" content=\"Prix\" \/>\n\t<meta name=\"twitter:data1\" content=\"&#067;&#072;&#070;&nbsp;36.95\" \/>\n\t<meta name=\"twitter:label2\" content=\"Disponibilit\u00e9\" \/>\n\t<meta name=\"twitter:data2\" content=\"Rupture de stock\" \/>\n<script type=\"application\/ld+json\" class=\"yoast-schema-graph\">{\"@context\":\"https:\\\/\\\/schema.org\",\"@graph\":[{\"@type\":\"WebPage\",\"@id\":\"https:\\\/\\\/theuncommonshop.ch\\\/fr\\\/product\\\/ultra-pro-9-pocket-premium-pro-binder-lucario-2\\\/\",\"url\":\"https:\\\/\\\/theuncommonshop.ch\\\/fr\\\/product\\\/ultra-pro-9-pocket-premium-pro-binder-lucario-2\\\/\",\"name\":\"Ach\u00e8te Ultra Pro - Pocket PREMIUM Pro Binder \u00e0 9 poches - Lucario\",\"isPartOf\":{\"@id\":\"https:\\\/\\\/theuncommonshop.ch\\\/#website\"},\"primaryImageOfPage\":{\"@id\":\"https:\\\/\\\/theuncommonshop.ch\\\/fr\\\/product\\\/ultra-pro-9-pocket-premium-pro-binder-lucario-2\\\/#primaryimage\"},\"image\":{\"@id\":\"https:\\\/\\\/theuncommonshop.ch\\\/fr\\\/product\\\/ultra-pro-9-pocket-premium-pro-binder-lucario-2\\\/#primaryimage\"},\"thumbnailUrl\":\"https:\\\/\\\/theuncommonshop.ch\\\/wp-content\\\/uploads\\\/2025\\\/06\\\/4599733062.jpg\",\"datePublished\":\"2025-06-04T16:14:00+00:00\",\"dateModified\":\"2026-03-29T15:42:23+00:00\",\"description\":\"Ach\u00e8te Ultra Pro - Pocket PREMIUM Pro Binder \u00e0 9 poches - Lucario en ligne maintenant \u00e0 petit prix! Ton #1 shop pour cartes TCG & Pok\u00e9mon en Suisse \u2713 Livraison gratuite d\u00e8s CHF 29\",\"breadcrumb\":{\"@id\":\"https:\\\/\\\/theuncommonshop.ch\\\/fr\\\/product\\\/ultra-pro-9-pocket-premium-pro-binder-lucario-2\\\/#breadcrumb\"},\"inLanguage\":\"fr-FR\",\"potentialAction\":[{\"@type\":\"ReadAction\",\"target\":[\"https:\\\/\\\/theuncommonshop.ch\\\/fr\\\/product\\\/ultra-pro-9-pocket-premium-pro-binder-lucario-2\\\/\"]}]},{\"@type\":\"ImageObject\",\"inLanguage\":\"fr-FR\",\"@id\":\"https:\\\/\\\/theuncommonshop.ch\\\/fr\\\/product\\\/ultra-pro-9-pocket-premium-pro-binder-lucario-2\\\/#primaryimage\",\"url\":\"https:\\\/\\\/theuncommonshop.ch\\\/wp-content\\\/uploads\\\/2025\\\/06\\\/4599733062.jpg\",\"contentUrl\":\"https:\\\/\\\/theuncommonshop.ch\\\/wp-content\\\/uploads\\\/2025\\\/06\\\/4599733062.jpg\",\"width\":1024,\"height\":1024},{\"@type\":\"BreadcrumbList\",\"@id\":\"https:\\\/\\\/theuncommonshop.ch\\\/fr\\\/product\\\/ultra-pro-9-pocket-premium-pro-binder-lucario-2\\\/#breadcrumb\",\"itemListElement\":[{\"@type\":\"ListItem\",\"position\":1,\"name\":\"Accueil\",\"item\":\"https:\\\/\\\/theuncommonshop.ch\\\/fr\\\/accueil\\\/\"},{\"@type\":\"ListItem\",\"position\":2,\"name\":\"Boutique\",\"item\":\"https:\\\/\\\/theuncommonshop.ch\\\/fr\\\/boutique\\\/\"},{\"@type\":\"ListItem\",\"position\":3,\"name\":\"Accessoires TCG\",\"item\":\"https:\\\/\\\/theuncommonshop.ch\\\/fr\\\/categorie-produit\\\/accessoires-tcg\\\/\"},{\"@type\":\"ListItem\",\"position\":4,\"name\":\"Binder\",\"item\":\"https:\\\/\\\/theuncommonshop.ch\\\/fr\\\/categorie-produit\\\/accessoires-tcg\\\/binder-fr\\\/\"},{\"@type\":\"ListItem\",\"position\":5,\"name\":\"Tous les Binder\",\"item\":\"https:\\\/\\\/theuncommonshop.ch\\\/fr\\\/categorie-produit\\\/accessoires-tcg\\\/binder-fr\\\/tous-les-binder\\\/\"},{\"@type\":\"ListItem\",\"position\":6,\"name\":\"Ultra Pro &#8211; Pocket PREMIUM Pro Binder \u00e0 9 poches &#8211; Lucario\"}]},{\"@type\":\"WebSite\",\"@id\":\"https:\\\/\\\/theuncommonshop.ch\\\/#website\",\"url\":\"https:\\\/\\\/theuncommonshop.ch\\\/\",\"name\":\"Largest trading card shop in Switzerland\",\"description\":\"Magic, Pok\u00e9mon and Yu-gi-oh - The Uncommon Shop\",\"potentialAction\":[{\"@type\":\"SearchAction\",\"target\":{\"@type\":\"EntryPoint\",\"urlTemplate\":\"https:\\\/\\\/theuncommonshop.ch\\\/?s={search_term_string}\"},\"query-input\":{\"@type\":\"PropertyValueSpecification\",\"valueRequired\":true,\"valueName\":\"search_term_string\"}}],\"inLanguage\":\"fr-FR\"}]}<\/script>\n<meta property=\"product:price:amount\" content=\"36.95\" \/>\n<meta property=\"product:price:currency\" content=\"CHF\" \/>\n<meta property=\"og:availability\" content=\"out of stock\" \/>\n<meta property=\"product:availability\" content=\"out of stock\" \/>\n<meta property=\"product:retailer_item_id\" content=\"32118\" \/>\n<meta property=\"product:condition\" content=\"new\" \/>\n<!-- \/ Yoast SEO plugin. -->","yoast_head_json":{"title":"Ach\u00e8te Ultra Pro - Pocket PREMIUM Pro Binder \u00e0 9 poches - Lucario","description":"Ach\u00e8te Ultra Pro - Pocket PREMIUM Pro Binder \u00e0 9 poches - Lucario en ligne maintenant \u00e0 petit prix! Ton #1 shop pour cartes TCG & Pok\u00e9mon en Suisse \u2713 Livraison gratuite d\u00e8s CHF 29","robots":{"index":"index","follow":"follow","max-snippet":"max-snippet:-1","max-image-preview":"max-image-preview:large","max-video-preview":"max-video-preview:-1"},"canonical":"https:\/\/theuncommonshop.ch\/fr\/product\/ultra-pro-9-pocket-premium-pro-binder-lucario-2\/","og_locale":"fr_FR","og_type":"article","og_title":"Ach\u00e8te Ultra Pro - Pocket PREMIUM Pro Binder \u00e0 9 poches - Lucario","og_description":"Ach\u00e8te Ultra Pro - Pocket PREMIUM Pro Binder \u00e0 9 poches - Lucario en ligne maintenant \u00e0 petit prix! Ton #1 shop pour cartes TCG & Pok\u00e9mon en Suisse \u2713 Livraison gratuite d\u00e8s CHF 29","og_url":"https:\/\/theuncommonshop.ch\/fr\/product\/ultra-pro-9-pocket-premium-pro-binder-lucario-2\/","og_site_name":"Largest trading card shop in Switzerland","article_modified_time":"2026-03-29T15:42:23+00:00","og_image":[{"width":1024,"height":1024,"url":"https:\/\/theuncommonshop.ch\/wp-content\/uploads\/2025\/06\/4599733062.jpg","type":"image\/jpeg"}],"twitter_card":"summary_large_image","twitter_misc":{"Prix":"&#67;&#72;&#70;&nbsp;36.95","Disponibilit\u00e9":"Rupture de stock"},"schema":{"@context":"https:\/\/schema.org","@graph":[{"@type":"WebPage","@id":"https:\/\/theuncommonshop.ch\/fr\/product\/ultra-pro-9-pocket-premium-pro-binder-lucario-2\/","url":"https:\/\/theuncommonshop.ch\/fr\/product\/ultra-pro-9-pocket-premium-pro-binder-lucario-2\/","name":"Ach\u00e8te Ultra Pro - Pocket PREMIUM Pro Binder \u00e0 9 poches - Lucario","isPartOf":{"@id":"https:\/\/theuncommonshop.ch\/#website"},"primaryImageOfPage":{"@id":"https:\/\/theuncommonshop.ch\/fr\/product\/ultra-pro-9-pocket-premium-pro-binder-lucario-2\/#primaryimage"},"image":{"@id":"https:\/\/theuncommonshop.ch\/fr\/product\/ultra-pro-9-pocket-premium-pro-binder-lucario-2\/#primaryimage"},"thumbnailUrl":"https:\/\/theuncommonshop.ch\/wp-content\/uploads\/2025\/06\/4599733062.jpg","datePublished":"2025-06-04T16:14:00+00:00","dateModified":"2026-03-29T15:42:23+00:00","description":"Ach\u00e8te Ultra Pro - Pocket PREMIUM Pro Binder \u00e0 9 poches - Lucario en ligne maintenant \u00e0 petit prix! Ton #1 shop pour cartes TCG & Pok\u00e9mon en Suisse \u2713 Livraison gratuite d\u00e8s CHF 29","breadcrumb":{"@id":"https:\/\/theuncommonshop.ch\/fr\/product\/ultra-pro-9-pocket-premium-pro-binder-lucario-2\/#breadcrumb"},"inLanguage":"fr-FR","potentialAction":[{"@type":"ReadAction","target":["https:\/\/theuncommonshop.ch\/fr\/product\/ultra-pro-9-pocket-premium-pro-binder-lucario-2\/"]}]},{"@type":"ImageObject","inLanguage":"fr-FR","@id":"https:\/\/theuncommonshop.ch\/fr\/product\/ultra-pro-9-pocket-premium-pro-binder-lucario-2\/#primaryimage","url":"https:\/\/theuncommonshop.ch\/wp-content\/uploads\/2025\/06\/4599733062.jpg","contentUrl":"https:\/\/theuncommonshop.ch\/wp-content\/uploads\/2025\/06\/4599733062.jpg","width":1024,"height":1024},{"@type":"BreadcrumbList","@id":"https:\/\/theuncommonshop.ch\/fr\/product\/ultra-pro-9-pocket-premium-pro-binder-lucario-2\/#breadcrumb","itemListElement":[{"@type":"ListItem","position":1,"name":"Accueil","item":"https:\/\/theuncommonshop.ch\/fr\/accueil\/"},{"@type":"ListItem","position":2,"name":"Boutique","item":"https:\/\/theuncommonshop.ch\/fr\/boutique\/"},{"@type":"ListItem","position":3,"name":"Accessoires TCG","item":"https:\/\/theuncommonshop.ch\/fr\/categorie-produit\/accessoires-tcg\/"},{"@type":"ListItem","position":4,"name":"Binder","item":"https:\/\/theuncommonshop.ch\/fr\/categorie-produit\/accessoires-tcg\/binder-fr\/"},{"@type":"ListItem","position":5,"name":"Tous les Binder","item":"https:\/\/theuncommonshop.ch\/fr\/categorie-produit\/accessoires-tcg\/binder-fr\/tous-les-binder\/"},{"@type":"ListItem","position":6,"name":"Ultra Pro &#8211; Pocket PREMIUM Pro Binder \u00e0 9 poches &#8211; Lucario"}]},{"@type":"WebSite","@id":"https:\/\/theuncommonshop.ch\/#website","url":"https:\/\/theuncommonshop.ch\/","name":"Largest trading card shop in Switzerland","description":"Magic, Pok\u00e9mon and Yu-gi-oh - The Uncommon Shop","potentialAction":[{"@type":"SearchAction","target":{"@type":"EntryPoint","urlTemplate":"https:\/\/theuncommonshop.ch\/?s={search_term_string}"},"query-input":{"@type":"PropertyValueSpecification","valueRequired":true,"valueName":"search_term_string"}}],"inLanguage":"fr-FR"}]},"product_price_amount":"36.95","product_price_currency":"CHF","og_availability":"out of stock","product_availability":"out of stock","product_retailer_item_id":"32118","product_condition":"new"},"_links":{"self":[{"href":"https:\/\/theuncommonshop.ch\/fr\/wp-json\/wp\/v2\/product\/323624","targetHints":{"allow":["GET"]}}],"collection":[{"href":"https:\/\/theuncommonshop.ch\/fr\/wp-json\/wp\/v2\/product"}],"about":[{"href":"https:\/\/theuncommonshop.ch\/fr\/wp-json\/wp\/v2\/types\/product"}],"replies":[{"embeddable":true,"href":"https:\/\/theuncommonshop.ch\/fr\/wp-json\/wp\/v2\/comments?post=323624"}],"version-history":[{"count":2,"href":"https:\/\/theuncommonshop.ch\/fr\/wp-json\/wp\/v2\/product\/323624\/revisions"}],"predecessor-version":[{"id":360626,"href":"https:\/\/theuncommonshop.ch\/fr\/wp-json\/wp\/v2\/product\/323624\/revisions\/360626"}],"wp:featuredmedia":[{"embeddable":true,"href":"https:\/\/theuncommonshop.ch\/fr\/wp-json\/wp\/v2\/media\/116652"}],"wp:attachment":[{"href":"https:\/\/theuncommonshop.ch\/fr\/wp-json\/wp\/v2\/media?parent=323624"}],"wp:term":[{"taxonomy":"product_brand","embeddable":true,"href":"https:\/\/theuncommonshop.ch\/fr\/wp-json\/wp\/v2\/product_brand?post=323624"},{"taxonomy":"product_cat","embeddable":true,"href":"https:\/\/theuncommonshop.ch\/fr\/wp-json\/wp\/v2\/product_cat?post=323624"},{"taxonomy":"product_tag","embeddable":true,"href":"https:\/\/theuncommonshop.ch\/fr\/wp-json\/wp\/v2\/product_tag?post=323624"}],"curies":[{"name":"wp","href":"https:\/\/api.w.org\/{rel}","templated":true}]}}