{"id":323612,"date":"2025-06-04T18:52:40","date_gmt":"2025-06-04T16:52:40","guid":{"rendered":"http:\/\/theuncommonshop.ch\/produkt\/323612\/"},"modified":"2026-03-29T11:30:22","modified_gmt":"2026-03-29T09:30:22","slug":"pokemon-center-babanuki-kartenspiel-blau-jpn-englische-anleitung-dabei-2","status":"publish","type":"product","link":"https:\/\/theuncommonshop.ch\/fr\/product\/pokemon-center-babanuki-kartenspiel-blau-jpn-englische-anleitung-dabei-2\/","title":{"rendered":"Pokemon Center &#8211; Jeu de cartes bleu Babanuki &#8211; JPN (instructions en anglais fournies)"},"content":{"rendered":"<p><strong>Jouons ensemble ! Une nouvelle sensation, &#8220;Pok\u00e9mon Granny&#8221;, est maintenant disponible&#8230; <\/strong><\/p>\n<p>Une nouvelle sorte de &#8220;Granny Pok\u00e9mon&#8221; avec de jolies illustrations en vrac fera son apparition au Pok\u00e9mon Center le samedi 11 mai ! Les r\u00e8gles de base sont les m\u00eames que celles de l&#8217;ancienne dame, donc tout le monde, des enfants aux adultes, peut en profiter ! <\/p>\n<p>Pour jouer \u00e0 &#8220;Pok\u00e9mon Granny&#8221;, tirez une carte de la personne \u00e0 droite \u00e0 c\u00f4t\u00e9 de vous, et dites <strong>\u00e0 haute voix les cris du Pok\u00e9mon qui y est \u00e9crit. <\/strong>M\u00eame si vous tirez le Gengar de Baba, il dira &#8220;Ge-n-ga- !&#8221; M\u00eame si vous vous faites prendre, les cartes avec des effets sp\u00e9ciaux changeront le cours du jeu, vous ne saurez donc pas comment le jeu se terminera jusqu&#8217;\u00e0 la toute fin ! <\/p>\n","protected":false},"excerpt":{"rendered":"<p>Jouons ensemble ! Une nouvelle sensation, &#8220;Pok\u00e9mon Granny&#8221;, est maintenant disponible&#8230; Une nouvelle sorte de &#8220;Granny Pok\u00e9mon&#8221; avec de jolies<\/p>\n","protected":false},"featured_media":120541,"comment_status":"open","ping_status":"closed","template":"","meta":{"_acf_changed":false},"product_brand":[5114,5072],"product_cat":[9777],"product_tag":[],"class_list":{"0":"post-323612","1":"product","2":"type-product","3":"status-publish","4":"has-post-thumbnail","6":"product_brand-pokemon","7":"product_brand-the-pokemon-company","8":"product_cat-pokemon-fr","10":"first","11":"outofstock","12":"taxable","13":"shipping-taxable","14":"purchasable","15":"product-type-variable"},"acf":[],"yoast_head":"<!-- This site is optimized with the Yoast SEO plugin v27.4 - https:\/\/yoast.com\/product\/yoast-seo-wordpress\/ -->\n<title>Ach\u00e8te Pokemon Center - Jeu de cartes bleu Babanuki - JPN (instructions en anglais fournies)<\/title>\n<meta name=\"description\" content=\"Ach\u00e8te Pokemon Center - Jeu de cartes bleu Babanuki - JPN (instructions en anglais fournies) en ligne maintenant \u00e0 petit prix! Ton #1 shop pour cartes TCG &amp; Pok\u00e9mon en Suisse \u2713 Livraison gratuite d\u00e8s CHF 29\" \/>\n<meta name=\"robots\" content=\"index, follow, max-snippet:-1, max-image-preview:large, max-video-preview:-1\" \/>\n<link rel=\"canonical\" href=\"https:\/\/theuncommonshop.ch\/fr\/product\/pokemon-center-babanuki-kartenspiel-blau-jpn-englische-anleitung-dabei-2\/\" \/>\n<meta property=\"og:locale\" content=\"fr_FR\" \/>\n<meta property=\"og:type\" content=\"article\" \/>\n<meta property=\"og:title\" content=\"Ach\u00e8te Pokemon Center - Jeu de cartes bleu Babanuki - JPN (instructions en anglais fournies)\" \/>\n<meta property=\"og:description\" content=\"Ach\u00e8te Pokemon Center - Jeu de cartes bleu Babanuki - JPN (instructions en anglais fournies) en ligne maintenant \u00e0 petit prix! Ton #1 shop pour cartes TCG &amp; Pok\u00e9mon en Suisse \u2713 Livraison gratuite d\u00e8s CHF 29\" \/>\n<meta property=\"og:url\" content=\"https:\/\/theuncommonshop.ch\/fr\/product\/pokemon-center-babanuki-kartenspiel-blau-jpn-englische-anleitung-dabei-2\/\" \/>\n<meta property=\"og:site_name\" content=\"The Uncommon Shop\" \/>\n<meta property=\"article:modified_time\" content=\"2026-03-29T09:30:22+00:00\" \/>\n<meta property=\"og:image\" content=\"https:\/\/theuncommonshop.ch\/wp-content\/uploads\/2025\/06\/4726026548.jpg\" \/>\n\t<meta property=\"og:image:width\" content=\"728\" \/>\n\t<meta property=\"og:image:height\" content=\"728\" \/>\n\t<meta property=\"og:image:type\" content=\"image\/jpeg\" \/>\n<meta name=\"twitter:card\" content=\"summary_large_image\" \/>\n<meta name=\"twitter:label1\" content=\"Disponibilit\u00e9\" \/>\n\t<meta name=\"twitter:data1\" content=\"Rupture de stock\" \/>\n<script type=\"application\/ld+json\" class=\"yoast-schema-graph\">{\"@context\":\"https:\\\/\\\/schema.org\",\"@graph\":[{\"@type\":\"WebPage\",\"@id\":\"https:\\\/\\\/theuncommonshop.ch\\\/fr\\\/product\\\/pokemon-center-babanuki-kartenspiel-blau-jpn-englische-anleitung-dabei-2\\\/\",\"url\":\"https:\\\/\\\/theuncommonshop.ch\\\/fr\\\/product\\\/pokemon-center-babanuki-kartenspiel-blau-jpn-englische-anleitung-dabei-2\\\/\",\"name\":\"Ach\u00e8te Pokemon Center - Jeu de cartes bleu Babanuki - JPN (instructions en anglais fournies)\",\"isPartOf\":{\"@id\":\"https:\\\/\\\/theuncommonshop.ch\\\/fr\\\/#website\"},\"primaryImageOfPage\":{\"@id\":\"https:\\\/\\\/theuncommonshop.ch\\\/fr\\\/product\\\/pokemon-center-babanuki-kartenspiel-blau-jpn-englische-anleitung-dabei-2\\\/#primaryimage\"},\"image\":{\"@id\":\"https:\\\/\\\/theuncommonshop.ch\\\/fr\\\/product\\\/pokemon-center-babanuki-kartenspiel-blau-jpn-englische-anleitung-dabei-2\\\/#primaryimage\"},\"thumbnailUrl\":\"https:\\\/\\\/theuncommonshop.ch\\\/wp-content\\\/uploads\\\/2025\\\/06\\\/4726026548.jpg\",\"datePublished\":\"2025-06-04T16:52:40+00:00\",\"dateModified\":\"2026-03-29T09:30:22+00:00\",\"description\":\"Ach\u00e8te Pokemon Center - Jeu de cartes bleu Babanuki - JPN (instructions en anglais fournies) en ligne maintenant \u00e0 petit prix! Ton #1 shop pour cartes TCG & Pok\u00e9mon en Suisse \u2713 Livraison gratuite d\u00e8s CHF 29\",\"breadcrumb\":{\"@id\":\"https:\\\/\\\/theuncommonshop.ch\\\/fr\\\/product\\\/pokemon-center-babanuki-kartenspiel-blau-jpn-englische-anleitung-dabei-2\\\/#breadcrumb\"},\"inLanguage\":\"fr-FR\",\"potentialAction\":[{\"@type\":\"ReadAction\",\"target\":[\"https:\\\/\\\/theuncommonshop.ch\\\/fr\\\/product\\\/pokemon-center-babanuki-kartenspiel-blau-jpn-englische-anleitung-dabei-2\\\/\"]}]},{\"@type\":\"ImageObject\",\"inLanguage\":\"fr-FR\",\"@id\":\"https:\\\/\\\/theuncommonshop.ch\\\/fr\\\/product\\\/pokemon-center-babanuki-kartenspiel-blau-jpn-englische-anleitung-dabei-2\\\/#primaryimage\",\"url\":\"https:\\\/\\\/theuncommonshop.ch\\\/wp-content\\\/uploads\\\/2025\\\/06\\\/4726026548.jpg\",\"contentUrl\":\"https:\\\/\\\/theuncommonshop.ch\\\/wp-content\\\/uploads\\\/2025\\\/06\\\/4726026548.jpg\",\"width\":728,\"height\":728},{\"@type\":\"BreadcrumbList\",\"@id\":\"https:\\\/\\\/theuncommonshop.ch\\\/fr\\\/product\\\/pokemon-center-babanuki-kartenspiel-blau-jpn-englische-anleitung-dabei-2\\\/#breadcrumb\",\"itemListElement\":[{\"@type\":\"ListItem\",\"position\":1,\"name\":\"Accueil\",\"item\":\"https:\\\/\\\/theuncommonshop.ch\\\/fr\\\/accueil\\\/\"},{\"@type\":\"ListItem\",\"position\":2,\"name\":\"Boutique\",\"item\":\"https:\\\/\\\/theuncommonshop.ch\\\/fr\\\/boutique\\\/\"},{\"@type\":\"ListItem\",\"position\":3,\"name\":\"Pok\u00e9mon\",\"item\":\"https:\\\/\\\/theuncommonshop.ch\\\/fr\\\/categorie-produit\\\/pokemon-fr\\\/\"},{\"@type\":\"ListItem\",\"position\":4,\"name\":\"Pokemon Center &#8211; Jeu de cartes bleu Babanuki &#8211; JPN (instructions en anglais fournies)\"}]},{\"@type\":\"WebSite\",\"@id\":\"https:\\\/\\\/theuncommonshop.ch\\\/fr\\\/#website\",\"url\":\"https:\\\/\\\/theuncommonshop.ch\\\/fr\\\/\",\"name\":\"The Uncommon Shop\",\"description\":\"Magic, Pok\u00e9mon and Yu-gi-oh - The Uncommon Shop\",\"potentialAction\":[{\"@type\":\"SearchAction\",\"target\":{\"@type\":\"EntryPoint\",\"urlTemplate\":\"https:\\\/\\\/theuncommonshop.ch\\\/fr\\\/?s={search_term_string}\"},\"query-input\":{\"@type\":\"PropertyValueSpecification\",\"valueRequired\":true,\"valueName\":\"search_term_string\"}}],\"inLanguage\":\"fr-FR\"}]}<\/script>\n<meta property=\"og:availability\" content=\"out of stock\" \/>\n<meta property=\"product:availability\" content=\"out of stock\" \/>\n<meta property=\"product:retailer_item_id\" content=\"PO.XII.F.BabanukiGameblau.JPN\" \/>\n<meta property=\"product:condition\" content=\"new\" \/>\n<!-- \/ Yoast SEO plugin. -->","yoast_head_json":{"title":"Ach\u00e8te Pokemon Center - Jeu de cartes bleu Babanuki - JPN (instructions en anglais fournies)","description":"Ach\u00e8te Pokemon Center - Jeu de cartes bleu Babanuki - JPN (instructions en anglais fournies) en ligne maintenant \u00e0 petit prix! Ton #1 shop pour cartes TCG & Pok\u00e9mon en Suisse \u2713 Livraison gratuite d\u00e8s CHF 29","robots":{"index":"index","follow":"follow","max-snippet":"max-snippet:-1","max-image-preview":"max-image-preview:large","max-video-preview":"max-video-preview:-1"},"canonical":"https:\/\/theuncommonshop.ch\/fr\/product\/pokemon-center-babanuki-kartenspiel-blau-jpn-englische-anleitung-dabei-2\/","og_locale":"fr_FR","og_type":"article","og_title":"Ach\u00e8te Pokemon Center - Jeu de cartes bleu Babanuki - JPN (instructions en anglais fournies)","og_description":"Ach\u00e8te Pokemon Center - Jeu de cartes bleu Babanuki - JPN (instructions en anglais fournies) en ligne maintenant \u00e0 petit prix! Ton #1 shop pour cartes TCG & Pok\u00e9mon en Suisse \u2713 Livraison gratuite d\u00e8s CHF 29","og_url":"https:\/\/theuncommonshop.ch\/fr\/product\/pokemon-center-babanuki-kartenspiel-blau-jpn-englische-anleitung-dabei-2\/","og_site_name":"The Uncommon Shop","article_modified_time":"2026-03-29T09:30:22+00:00","og_image":[{"width":728,"height":728,"url":"https:\/\/theuncommonshop.ch\/wp-content\/uploads\/2025\/06\/4726026548.jpg","type":"image\/jpeg"}],"twitter_card":"summary_large_image","twitter_misc":{"Disponibilit\u00e9":"Rupture de stock"},"schema":{"@context":"https:\/\/schema.org","@graph":[{"@type":"WebPage","@id":"https:\/\/theuncommonshop.ch\/fr\/product\/pokemon-center-babanuki-kartenspiel-blau-jpn-englische-anleitung-dabei-2\/","url":"https:\/\/theuncommonshop.ch\/fr\/product\/pokemon-center-babanuki-kartenspiel-blau-jpn-englische-anleitung-dabei-2\/","name":"Ach\u00e8te Pokemon Center - Jeu de cartes bleu Babanuki - JPN (instructions en anglais fournies)","isPartOf":{"@id":"https:\/\/theuncommonshop.ch\/fr\/#website"},"primaryImageOfPage":{"@id":"https:\/\/theuncommonshop.ch\/fr\/product\/pokemon-center-babanuki-kartenspiel-blau-jpn-englische-anleitung-dabei-2\/#primaryimage"},"image":{"@id":"https:\/\/theuncommonshop.ch\/fr\/product\/pokemon-center-babanuki-kartenspiel-blau-jpn-englische-anleitung-dabei-2\/#primaryimage"},"thumbnailUrl":"https:\/\/theuncommonshop.ch\/wp-content\/uploads\/2025\/06\/4726026548.jpg","datePublished":"2025-06-04T16:52:40+00:00","dateModified":"2026-03-29T09:30:22+00:00","description":"Ach\u00e8te Pokemon Center - Jeu de cartes bleu Babanuki - JPN (instructions en anglais fournies) en ligne maintenant \u00e0 petit prix! Ton #1 shop pour cartes TCG & Pok\u00e9mon en Suisse \u2713 Livraison gratuite d\u00e8s CHF 29","breadcrumb":{"@id":"https:\/\/theuncommonshop.ch\/fr\/product\/pokemon-center-babanuki-kartenspiel-blau-jpn-englische-anleitung-dabei-2\/#breadcrumb"},"inLanguage":"fr-FR","potentialAction":[{"@type":"ReadAction","target":["https:\/\/theuncommonshop.ch\/fr\/product\/pokemon-center-babanuki-kartenspiel-blau-jpn-englische-anleitung-dabei-2\/"]}]},{"@type":"ImageObject","inLanguage":"fr-FR","@id":"https:\/\/theuncommonshop.ch\/fr\/product\/pokemon-center-babanuki-kartenspiel-blau-jpn-englische-anleitung-dabei-2\/#primaryimage","url":"https:\/\/theuncommonshop.ch\/wp-content\/uploads\/2025\/06\/4726026548.jpg","contentUrl":"https:\/\/theuncommonshop.ch\/wp-content\/uploads\/2025\/06\/4726026548.jpg","width":728,"height":728},{"@type":"BreadcrumbList","@id":"https:\/\/theuncommonshop.ch\/fr\/product\/pokemon-center-babanuki-kartenspiel-blau-jpn-englische-anleitung-dabei-2\/#breadcrumb","itemListElement":[{"@type":"ListItem","position":1,"name":"Accueil","item":"https:\/\/theuncommonshop.ch\/fr\/accueil\/"},{"@type":"ListItem","position":2,"name":"Boutique","item":"https:\/\/theuncommonshop.ch\/fr\/boutique\/"},{"@type":"ListItem","position":3,"name":"Pok\u00e9mon","item":"https:\/\/theuncommonshop.ch\/fr\/categorie-produit\/pokemon-fr\/"},{"@type":"ListItem","position":4,"name":"Pokemon Center &#8211; Jeu de cartes bleu Babanuki &#8211; JPN (instructions en anglais fournies)"}]},{"@type":"WebSite","@id":"https:\/\/theuncommonshop.ch\/fr\/#website","url":"https:\/\/theuncommonshop.ch\/fr\/","name":"The Uncommon Shop","description":"Magic, Pok\u00e9mon and Yu-gi-oh - The Uncommon Shop","potentialAction":[{"@type":"SearchAction","target":{"@type":"EntryPoint","urlTemplate":"https:\/\/theuncommonshop.ch\/fr\/?s={search_term_string}"},"query-input":{"@type":"PropertyValueSpecification","valueRequired":true,"valueName":"search_term_string"}}],"inLanguage":"fr-FR"}]},"og_availability":"out of stock","product_availability":"out of stock","product_retailer_item_id":"PO.XII.F.BabanukiGameblau.JPN","product_condition":"new"},"_links":{"self":[{"href":"https:\/\/theuncommonshop.ch\/fr\/wp-json\/wp\/v2\/product\/323612","targetHints":{"allow":["GET"]}}],"collection":[{"href":"https:\/\/theuncommonshop.ch\/fr\/wp-json\/wp\/v2\/product"}],"about":[{"href":"https:\/\/theuncommonshop.ch\/fr\/wp-json\/wp\/v2\/types\/product"}],"replies":[{"embeddable":true,"href":"https:\/\/theuncommonshop.ch\/fr\/wp-json\/wp\/v2\/comments?post=323612"}],"version-history":[{"count":0,"href":"https:\/\/theuncommonshop.ch\/fr\/wp-json\/wp\/v2\/product\/323612\/revisions"}],"wp:featuredmedia":[{"embeddable":true,"href":"https:\/\/theuncommonshop.ch\/fr\/wp-json\/wp\/v2\/media\/120541"}],"wp:attachment":[{"href":"https:\/\/theuncommonshop.ch\/fr\/wp-json\/wp\/v2\/media?parent=323612"}],"wp:term":[{"taxonomy":"product_brand","embeddable":true,"href":"https:\/\/theuncommonshop.ch\/fr\/wp-json\/wp\/v2\/product_brand?post=323612"},{"taxonomy":"product_cat","embeddable":true,"href":"https:\/\/theuncommonshop.ch\/fr\/wp-json\/wp\/v2\/product_cat?post=323612"},{"taxonomy":"product_tag","embeddable":true,"href":"https:\/\/theuncommonshop.ch\/fr\/wp-json\/wp\/v2\/product_tag?post=323612"}],"curies":[{"name":"wp","href":"https:\/\/api.w.org\/{rel}","templated":true}]}}