{"id":323580,"date":"2025-06-04T17:18:37","date_gmt":"2025-06-04T17:18:37","guid":{"rendered":"http:\/\/theuncommonshop.ch\/produkt\/323580\/"},"modified":"2026-03-29T17:59:23","modified_gmt":"2026-03-29T15:59:23","slug":"pokemon-mega-plinfas-und-sniebels-schneetag-2","status":"publish","type":"product","link":"https:\/\/theuncommonshop.ch\/fr\/product\/pokemon-mega-plinfas-und-sniebels-schneetag-2\/","title":{"rendered":"Pok\u00e9mon &#8211; MEGA &#8211; Le jour de neige de Plinfa et Sniebel"},"content":{"rendered":"<p><span class=\"sc-12ec3e72-1\">Plinfas et Sniebel s&#8217;amusent dans la neige avec ce kit de construction dot\u00e9 d&#8217;une brique de mouvement innovante. Montez le paysage enneig\u00e9 puis tournez la manivelle pour voir Plinfas et Sniebel \u00e9voluer dans le paysage hivernal <\/span><\/p>\n<p>  s&#8217;\u00e9battre dans les environs. En combinaison avec d&#8217;autres kits du Constructeur d&#8217;Aventure, il est possible de construire un monde Pok\u00e9mon encore plus grand avec des \u00e9l\u00e9ments en mouvement. <\/p>\n","protected":false},"excerpt":{"rendered":"<p>Plinfas et Sniebel s&#8217;amusent dans la neige avec ce kit de construction dot\u00e9 d&#8217;une brique de mouvement innovante. Montez le<\/p>\n","protected":false},"featured_media":118151,"comment_status":"open","ping_status":"closed","template":"","meta":{"_acf_changed":false},"product_brand":[5148,5114],"product_cat":[9905,9909,9825],"product_tag":[],"class_list":{"0":"post-323580","1":"product","2":"type-product","3":"status-publish","4":"has-post-thumbnail","6":"product_brand-mega","7":"product_brand-pokemon","8":"product_cat-briques-de-construction","9":"product_cat-mega-construx-fr","10":"product_cat-peluches-et-figurines","12":"first","13":"outofstock","14":"taxable","15":"shipping-taxable","16":"purchasable","17":"product-type-simple"},"acf":[],"yoast_head":"<!-- This site is optimized with the Yoast SEO plugin v27.4 - https:\/\/yoast.com\/product\/yoast-seo-wordpress\/ -->\n<title>Ach\u00e8te Pok\u00e9mon - MEGA - Le jour de neige de Plinfa et Sniebel<\/title>\n<meta name=\"description\" content=\"Ach\u00e8te Pok\u00e9mon - MEGA - Le jour de neige de Plinfa et Sniebel en ligne maintenant \u00e0 petit prix! Ton #1 shop pour cartes TCG &amp; Pok\u00e9mon en Suisse \u2713 Livraison gratuite d\u00e8s CHF 29\" \/>\n<meta name=\"robots\" content=\"index, follow, max-snippet:-1, max-image-preview:large, max-video-preview:-1\" \/>\n<link rel=\"canonical\" href=\"https:\/\/theuncommonshop.ch\/fr\/product\/pokemon-mega-plinfas-und-sniebels-schneetag-2\/\" \/>\n<meta property=\"og:locale\" content=\"fr_FR\" \/>\n<meta property=\"og:type\" content=\"article\" \/>\n<meta property=\"og:title\" content=\"Ach\u00e8te Pok\u00e9mon - MEGA - Le jour de neige de Plinfa et Sniebel\" \/>\n<meta property=\"og:description\" content=\"Ach\u00e8te Pok\u00e9mon - MEGA - Le jour de neige de Plinfa et Sniebel en ligne maintenant \u00e0 petit prix! Ton #1 shop pour cartes TCG &amp; Pok\u00e9mon en Suisse \u2713 Livraison gratuite d\u00e8s CHF 29\" \/>\n<meta property=\"og:url\" content=\"https:\/\/theuncommonshop.ch\/fr\/product\/pokemon-mega-plinfas-und-sniebels-schneetag-2\/\" \/>\n<meta property=\"og:site_name\" content=\"Largest trading card shop in Switzerland\" \/>\n<meta property=\"article:modified_time\" content=\"2026-03-29T15:59:23+00:00\" \/>\n<meta property=\"og:image\" content=\"https:\/\/theuncommonshop.ch\/wp-content\/uploads\/2025\/06\/4617428354.jpg\" \/>\n\t<meta property=\"og:image:width\" content=\"2000\" \/>\n\t<meta property=\"og:image:height\" content=\"2000\" \/>\n\t<meta property=\"og:image:type\" content=\"image\/jpeg\" \/>\n<meta name=\"twitter:card\" content=\"summary_large_image\" \/>\n<meta name=\"twitter:label1\" content=\"Prix\" \/>\n\t<meta name=\"twitter:data1\" content=\"&#067;&#072;&#070;&nbsp;21.95\" \/>\n\t<meta name=\"twitter:label2\" content=\"Disponibilit\u00e9\" \/>\n\t<meta name=\"twitter:data2\" content=\"Rupture de stock\" \/>\n<script type=\"application\/ld+json\" class=\"yoast-schema-graph\">{\"@context\":\"https:\\\/\\\/schema.org\",\"@graph\":[{\"@type\":\"WebPage\",\"@id\":\"https:\\\/\\\/theuncommonshop.ch\\\/fr\\\/product\\\/pokemon-mega-plinfas-und-sniebels-schneetag-2\\\/\",\"url\":\"https:\\\/\\\/theuncommonshop.ch\\\/fr\\\/product\\\/pokemon-mega-plinfas-und-sniebels-schneetag-2\\\/\",\"name\":\"Ach\u00e8te Pok\u00e9mon - MEGA - Le jour de neige de Plinfa et Sniebel\",\"isPartOf\":{\"@id\":\"https:\\\/\\\/theuncommonshop.ch\\\/#website\"},\"primaryImageOfPage\":{\"@id\":\"https:\\\/\\\/theuncommonshop.ch\\\/fr\\\/product\\\/pokemon-mega-plinfas-und-sniebels-schneetag-2\\\/#primaryimage\"},\"image\":{\"@id\":\"https:\\\/\\\/theuncommonshop.ch\\\/fr\\\/product\\\/pokemon-mega-plinfas-und-sniebels-schneetag-2\\\/#primaryimage\"},\"thumbnailUrl\":\"https:\\\/\\\/theuncommonshop.ch\\\/wp-content\\\/uploads\\\/2025\\\/06\\\/4617428354.jpg\",\"datePublished\":\"2025-06-04T17:18:37+00:00\",\"dateModified\":\"2026-03-29T15:59:23+00:00\",\"description\":\"Ach\u00e8te Pok\u00e9mon - MEGA - Le jour de neige de Plinfa et Sniebel en ligne maintenant \u00e0 petit prix! Ton #1 shop pour cartes TCG & Pok\u00e9mon en Suisse \u2713 Livraison gratuite d\u00e8s CHF 29\",\"breadcrumb\":{\"@id\":\"https:\\\/\\\/theuncommonshop.ch\\\/fr\\\/product\\\/pokemon-mega-plinfas-und-sniebels-schneetag-2\\\/#breadcrumb\"},\"inLanguage\":\"fr-FR\",\"potentialAction\":[{\"@type\":\"ReadAction\",\"target\":[\"https:\\\/\\\/theuncommonshop.ch\\\/fr\\\/product\\\/pokemon-mega-plinfas-und-sniebels-schneetag-2\\\/\"]}]},{\"@type\":\"ImageObject\",\"inLanguage\":\"fr-FR\",\"@id\":\"https:\\\/\\\/theuncommonshop.ch\\\/fr\\\/product\\\/pokemon-mega-plinfas-und-sniebels-schneetag-2\\\/#primaryimage\",\"url\":\"https:\\\/\\\/theuncommonshop.ch\\\/wp-content\\\/uploads\\\/2025\\\/06\\\/4617428354.jpg\",\"contentUrl\":\"https:\\\/\\\/theuncommonshop.ch\\\/wp-content\\\/uploads\\\/2025\\\/06\\\/4617428354.jpg\",\"width\":2000,\"height\":2000},{\"@type\":\"BreadcrumbList\",\"@id\":\"https:\\\/\\\/theuncommonshop.ch\\\/fr\\\/product\\\/pokemon-mega-plinfas-und-sniebels-schneetag-2\\\/#breadcrumb\",\"itemListElement\":[{\"@type\":\"ListItem\",\"position\":1,\"name\":\"Accueil\",\"item\":\"https:\\\/\\\/theuncommonshop.ch\\\/fr\\\/accueil\\\/\"},{\"@type\":\"ListItem\",\"position\":2,\"name\":\"Boutique\",\"item\":\"https:\\\/\\\/theuncommonshop.ch\\\/fr\\\/boutique\\\/\"},{\"@type\":\"ListItem\",\"position\":3,\"name\":\"Spielzeug\",\"item\":\"https:\\\/\\\/theuncommonshop.ch\\\/produktkategorie\\\/spielzeug\\\/\"},{\"@type\":\"ListItem\",\"position\":4,\"name\":\"Klemmbausteine\",\"item\":\"https:\\\/\\\/theuncommonshop.ch\\\/produktkategorie\\\/spielzeug\\\/klemmbausteine\\\/\"},{\"@type\":\"ListItem\",\"position\":5,\"name\":\"Pok\u00e9mon &#8211; MEGA &#8211; Le jour de neige de Plinfa et Sniebel\"}]},{\"@type\":\"WebSite\",\"@id\":\"https:\\\/\\\/theuncommonshop.ch\\\/#website\",\"url\":\"https:\\\/\\\/theuncommonshop.ch\\\/\",\"name\":\"Largest trading card shop in Switzerland\",\"description\":\"Magic, Pok\u00e9mon and Yu-gi-oh - The Uncommon Shop\",\"potentialAction\":[{\"@type\":\"SearchAction\",\"target\":{\"@type\":\"EntryPoint\",\"urlTemplate\":\"https:\\\/\\\/theuncommonshop.ch\\\/?s={search_term_string}\"},\"query-input\":{\"@type\":\"PropertyValueSpecification\",\"valueRequired\":true,\"valueName\":\"search_term_string\"}}],\"inLanguage\":\"fr-FR\"}]}<\/script>\n<meta property=\"product:price:amount\" content=\"21.95\" \/>\n<meta property=\"product:price:currency\" content=\"CHF\" \/>\n<meta property=\"og:availability\" content=\"out of stock\" \/>\n<meta property=\"product:availability\" content=\"out of stock\" \/>\n<meta property=\"product:retailer_item_id\" content=\"Zub.XI.G.MEGAPiplupSneasel\" \/>\n<meta property=\"product:condition\" content=\"new\" \/>\n<!-- \/ Yoast SEO plugin. -->","yoast_head_json":{"title":"Ach\u00e8te Pok\u00e9mon - MEGA - Le jour de neige de Plinfa et Sniebel","description":"Ach\u00e8te Pok\u00e9mon - MEGA - Le jour de neige de Plinfa et Sniebel en ligne maintenant \u00e0 petit prix! Ton #1 shop pour cartes TCG & Pok\u00e9mon en Suisse \u2713 Livraison gratuite d\u00e8s CHF 29","robots":{"index":"index","follow":"follow","max-snippet":"max-snippet:-1","max-image-preview":"max-image-preview:large","max-video-preview":"max-video-preview:-1"},"canonical":"https:\/\/theuncommonshop.ch\/fr\/product\/pokemon-mega-plinfas-und-sniebels-schneetag-2\/","og_locale":"fr_FR","og_type":"article","og_title":"Ach\u00e8te Pok\u00e9mon - MEGA - Le jour de neige de Plinfa et Sniebel","og_description":"Ach\u00e8te Pok\u00e9mon - MEGA - Le jour de neige de Plinfa et Sniebel en ligne maintenant \u00e0 petit prix! Ton #1 shop pour cartes TCG & Pok\u00e9mon en Suisse \u2713 Livraison gratuite d\u00e8s CHF 29","og_url":"https:\/\/theuncommonshop.ch\/fr\/product\/pokemon-mega-plinfas-und-sniebels-schneetag-2\/","og_site_name":"Largest trading card shop in Switzerland","article_modified_time":"2026-03-29T15:59:23+00:00","og_image":[{"width":2000,"height":2000,"url":"https:\/\/theuncommonshop.ch\/wp-content\/uploads\/2025\/06\/4617428354.jpg","type":"image\/jpeg"}],"twitter_card":"summary_large_image","twitter_misc":{"Prix":"&#67;&#72;&#70;&nbsp;21.95","Disponibilit\u00e9":"Rupture de stock"},"schema":{"@context":"https:\/\/schema.org","@graph":[{"@type":"WebPage","@id":"https:\/\/theuncommonshop.ch\/fr\/product\/pokemon-mega-plinfas-und-sniebels-schneetag-2\/","url":"https:\/\/theuncommonshop.ch\/fr\/product\/pokemon-mega-plinfas-und-sniebels-schneetag-2\/","name":"Ach\u00e8te Pok\u00e9mon - MEGA - Le jour de neige de Plinfa et Sniebel","isPartOf":{"@id":"https:\/\/theuncommonshop.ch\/#website"},"primaryImageOfPage":{"@id":"https:\/\/theuncommonshop.ch\/fr\/product\/pokemon-mega-plinfas-und-sniebels-schneetag-2\/#primaryimage"},"image":{"@id":"https:\/\/theuncommonshop.ch\/fr\/product\/pokemon-mega-plinfas-und-sniebels-schneetag-2\/#primaryimage"},"thumbnailUrl":"https:\/\/theuncommonshop.ch\/wp-content\/uploads\/2025\/06\/4617428354.jpg","datePublished":"2025-06-04T17:18:37+00:00","dateModified":"2026-03-29T15:59:23+00:00","description":"Ach\u00e8te Pok\u00e9mon - MEGA - Le jour de neige de Plinfa et Sniebel en ligne maintenant \u00e0 petit prix! Ton #1 shop pour cartes TCG & Pok\u00e9mon en Suisse \u2713 Livraison gratuite d\u00e8s CHF 29","breadcrumb":{"@id":"https:\/\/theuncommonshop.ch\/fr\/product\/pokemon-mega-plinfas-und-sniebels-schneetag-2\/#breadcrumb"},"inLanguage":"fr-FR","potentialAction":[{"@type":"ReadAction","target":["https:\/\/theuncommonshop.ch\/fr\/product\/pokemon-mega-plinfas-und-sniebels-schneetag-2\/"]}]},{"@type":"ImageObject","inLanguage":"fr-FR","@id":"https:\/\/theuncommonshop.ch\/fr\/product\/pokemon-mega-plinfas-und-sniebels-schneetag-2\/#primaryimage","url":"https:\/\/theuncommonshop.ch\/wp-content\/uploads\/2025\/06\/4617428354.jpg","contentUrl":"https:\/\/theuncommonshop.ch\/wp-content\/uploads\/2025\/06\/4617428354.jpg","width":2000,"height":2000},{"@type":"BreadcrumbList","@id":"https:\/\/theuncommonshop.ch\/fr\/product\/pokemon-mega-plinfas-und-sniebels-schneetag-2\/#breadcrumb","itemListElement":[{"@type":"ListItem","position":1,"name":"Accueil","item":"https:\/\/theuncommonshop.ch\/fr\/accueil\/"},{"@type":"ListItem","position":2,"name":"Boutique","item":"https:\/\/theuncommonshop.ch\/fr\/boutique\/"},{"@type":"ListItem","position":3,"name":"Spielzeug","item":"https:\/\/theuncommonshop.ch\/produktkategorie\/spielzeug\/"},{"@type":"ListItem","position":4,"name":"Klemmbausteine","item":"https:\/\/theuncommonshop.ch\/produktkategorie\/spielzeug\/klemmbausteine\/"},{"@type":"ListItem","position":5,"name":"Pok\u00e9mon &#8211; MEGA &#8211; Le jour de neige de Plinfa et Sniebel"}]},{"@type":"WebSite","@id":"https:\/\/theuncommonshop.ch\/#website","url":"https:\/\/theuncommonshop.ch\/","name":"Largest trading card shop in Switzerland","description":"Magic, Pok\u00e9mon and Yu-gi-oh - The Uncommon Shop","potentialAction":[{"@type":"SearchAction","target":{"@type":"EntryPoint","urlTemplate":"https:\/\/theuncommonshop.ch\/?s={search_term_string}"},"query-input":{"@type":"PropertyValueSpecification","valueRequired":true,"valueName":"search_term_string"}}],"inLanguage":"fr-FR"}]},"product_price_amount":"21.95","product_price_currency":"CHF","og_availability":"out of stock","product_availability":"out of stock","product_retailer_item_id":"Zub.XI.G.MEGAPiplupSneasel","product_condition":"new"},"_links":{"self":[{"href":"https:\/\/theuncommonshop.ch\/fr\/wp-json\/wp\/v2\/product\/323580","targetHints":{"allow":["GET"]}}],"collection":[{"href":"https:\/\/theuncommonshop.ch\/fr\/wp-json\/wp\/v2\/product"}],"about":[{"href":"https:\/\/theuncommonshop.ch\/fr\/wp-json\/wp\/v2\/types\/product"}],"replies":[{"embeddable":true,"href":"https:\/\/theuncommonshop.ch\/fr\/wp-json\/wp\/v2\/comments?post=323580"}],"version-history":[{"count":2,"href":"https:\/\/theuncommonshop.ch\/fr\/wp-json\/wp\/v2\/product\/323580\/revisions"}],"predecessor-version":[{"id":360712,"href":"https:\/\/theuncommonshop.ch\/fr\/wp-json\/wp\/v2\/product\/323580\/revisions\/360712"}],"wp:featuredmedia":[{"embeddable":true,"href":"https:\/\/theuncommonshop.ch\/fr\/wp-json\/wp\/v2\/media\/118151"}],"wp:attachment":[{"href":"https:\/\/theuncommonshop.ch\/fr\/wp-json\/wp\/v2\/media?parent=323580"}],"wp:term":[{"taxonomy":"product_brand","embeddable":true,"href":"https:\/\/theuncommonshop.ch\/fr\/wp-json\/wp\/v2\/product_brand?post=323580"},{"taxonomy":"product_cat","embeddable":true,"href":"https:\/\/theuncommonshop.ch\/fr\/wp-json\/wp\/v2\/product_cat?post=323580"},{"taxonomy":"product_tag","embeddable":true,"href":"https:\/\/theuncommonshop.ch\/fr\/wp-json\/wp\/v2\/product_tag?post=323580"}],"curies":[{"name":"wp","href":"https:\/\/api.w.org\/{rel}","templated":true}]}}