{"id":323573,"date":"2025-06-04T17:44:37","date_gmt":"2025-06-04T17:44:37","guid":{"rendered":"http:\/\/theuncommonshop.ch\/produkt\/323573\/"},"modified":"2026-03-29T18:41:30","modified_gmt":"2026-03-29T16:41:30","slug":"magic-aetherdrift-dft-finish-line-bundle-2","status":"publish","type":"product","link":"https:\/\/theuncommonshop.ch\/fr\/product\/magic-aetherdrift-dft-finish-line-bundle-2\/","title":{"rendered":"Magic &#8211; Aetherdrift (DFT) &#8211; Finish Line Bundle"},"content":{"rendered":"<p><strong>Magic &#8211; Aetherdrift (DFT) &#8211; Finish Line Bundle<\/strong><\/p>\n<div>D\u00e9marrez vos moteurs pour une course \u00e0 la mort effr\u00e9n\u00e9e \u00e0 travers le multivers ! Traversez trois niveaux de chaos en \u00e9vitant les obstacles dangereux et les coureurs rivaux. \u00c9quipez des v\u00e9hicules et des montures uniques en d\u00e9couvrant quelle \u00e9quipe de course correspond le mieux \u00e0 votre style, puis atteignez la vitesse maximale pour gagner de l&#8217;or.  <\/div>\n<div><\/div>\n<div>Boostez votre collection de magie avec un pack sp\u00e9cial plein d&#8217;\u00e9nergie suppl\u00e9mentaire, qui comprend un couvercle de bo\u00eete de premier placement avec deux feuilles d&#8217;or sp\u00e9ciales, deux boosters de collection, six boosters de jeu, un cycle complet de terrain de base de si\u00e8ge de conducteur de premier placement et bien plus encore !<\/div>\n<div><\/div>\n<div>Contenu :<\/div>\n<ul>\n<li>6 boosters de jeu Aetherdrift<\/li>\n<li>2 boosters de collection Aetherdrift<\/li>\n<li>2 cartes Finish Line Box Topper<\/li>\n<li>15 paysages d&#8217;art int\u00e9gral en papier d&#8217;aluminium traditionnel<\/li>\n<li>5 pays de base full-art du si\u00e8ge du conducteur dans le premier film.<\/li>\n<li>3 promos sp\u00e9ciales du Bundle sur l&#8217;art extensif en film traditionnel<\/li>\n<li>1 figurine surdimensionn\u00e9e de Spindown avec drapeau \u00e0 damier<\/li>\n<li>1 bo\u00eete de rangement des cartes<\/li>\n<li>2 cartes de r\u00e9f\u00e9rence<\/li>\n<li>5 autocollants, un pour chaque couleur de mana magique.<\/li>\n<\/ul>\n","protected":false},"excerpt":{"rendered":"<p>Magic &#8211; Aetherdrift (DFT) &#8211; Finish Line Bundle D\u00e9marrez vos moteurs pour une course \u00e0 la mort effr\u00e9n\u00e9e \u00e0 travers<\/p>\n","protected":false},"featured_media":118775,"comment_status":"open","ping_status":"closed","template":"","meta":{"_acf_changed":false},"product_brand":[5158,5070],"product_cat":[10175,9971,9967],"product_tag":[],"class_list":{"0":"post-323573","1":"product","2":"type-product","3":"status-publish","4":"has-post-thumbnail","6":"product_brand-magic-the-gathering","7":"product_brand-wizards-of-the-coast","8":"product_cat-aetherdrift","9":"product_cat-bundles-fr","10":"product_cat-magic-the-gathering-fr","12":"first","13":"instock","14":"taxable","15":"shipping-taxable","16":"purchasable","17":"product-type-variable"},"acf":[],"yoast_head":"<!-- This site is optimized with the Yoast SEO plugin v27.4 - https:\/\/yoast.com\/product\/yoast-seo-wordpress\/ -->\n<title>Ach\u00e8te Magic - Aetherdrift (DFT) - Finish Line Bundle<\/title>\n<meta name=\"description\" content=\"Ach\u00e8te Magic - Aetherdrift (DFT) - Finish Line Bundle en ligne maintenant \u00e0 petit prix! Ton #1 shop pour cartes TCG &amp; Pok\u00e9mon en Suisse \u2713 Livraison gratuite d\u00e8s CHF 29\" \/>\n<meta name=\"robots\" content=\"index, follow, max-snippet:-1, max-image-preview:large, max-video-preview:-1\" \/>\n<link rel=\"canonical\" href=\"https:\/\/theuncommonshop.ch\/fr\/product\/magic-aetherdrift-dft-finish-line-bundle-2\/\" \/>\n<meta property=\"og:locale\" content=\"fr_FR\" \/>\n<meta property=\"og:type\" content=\"article\" \/>\n<meta property=\"og:title\" content=\"Ach\u00e8te Magic - Aetherdrift (DFT) - Finish Line Bundle\" \/>\n<meta property=\"og:description\" content=\"Ach\u00e8te Magic - Aetherdrift (DFT) - Finish Line Bundle en ligne maintenant \u00e0 petit prix! Ton #1 shop pour cartes TCG &amp; Pok\u00e9mon en Suisse \u2713 Livraison gratuite d\u00e8s CHF 29\" \/>\n<meta property=\"og:url\" content=\"https:\/\/theuncommonshop.ch\/fr\/product\/magic-aetherdrift-dft-finish-line-bundle-2\/\" \/>\n<meta property=\"og:site_name\" content=\"Largest trading card shop in Switzerland\" \/>\n<meta property=\"article:modified_time\" content=\"2026-03-29T16:41:30+00:00\" \/>\n<meta property=\"og:image\" content=\"https:\/\/theuncommonshop.ch\/wp-content\/uploads\/2025\/06\/4679007015.jpg\" \/>\n\t<meta property=\"og:image:width\" content=\"900\" \/>\n\t<meta property=\"og:image:height\" content=\"632\" \/>\n\t<meta property=\"og:image:type\" content=\"image\/jpeg\" \/>\n<meta name=\"twitter:card\" content=\"summary_large_image\" \/>\n<meta name=\"twitter:label1\" content=\"Disponibilit\u00e9\" \/>\n\t<meta name=\"twitter:data1\" content=\"En stock\" \/>\n<script type=\"application\/ld+json\" class=\"yoast-schema-graph\">{\"@context\":\"https:\\\/\\\/schema.org\",\"@graph\":[{\"@type\":\"WebPage\",\"@id\":\"https:\\\/\\\/theuncommonshop.ch\\\/fr\\\/product\\\/magic-aetherdrift-dft-finish-line-bundle-2\\\/\",\"url\":\"https:\\\/\\\/theuncommonshop.ch\\\/fr\\\/product\\\/magic-aetherdrift-dft-finish-line-bundle-2\\\/\",\"name\":\"Ach\u00e8te Magic - Aetherdrift (DFT) - Finish Line Bundle\",\"isPartOf\":{\"@id\":\"https:\\\/\\\/theuncommonshop.ch\\\/#website\"},\"primaryImageOfPage\":{\"@id\":\"https:\\\/\\\/theuncommonshop.ch\\\/fr\\\/product\\\/magic-aetherdrift-dft-finish-line-bundle-2\\\/#primaryimage\"},\"image\":{\"@id\":\"https:\\\/\\\/theuncommonshop.ch\\\/fr\\\/product\\\/magic-aetherdrift-dft-finish-line-bundle-2\\\/#primaryimage\"},\"thumbnailUrl\":\"https:\\\/\\\/theuncommonshop.ch\\\/wp-content\\\/uploads\\\/2025\\\/06\\\/4679007015.jpg\",\"datePublished\":\"2025-06-04T17:44:37+00:00\",\"dateModified\":\"2026-03-29T16:41:30+00:00\",\"description\":\"Ach\u00e8te Magic - Aetherdrift (DFT) - Finish Line Bundle en ligne maintenant \u00e0 petit prix! Ton #1 shop pour cartes TCG & Pok\u00e9mon en Suisse \u2713 Livraison gratuite d\u00e8s CHF 29\",\"breadcrumb\":{\"@id\":\"https:\\\/\\\/theuncommonshop.ch\\\/fr\\\/product\\\/magic-aetherdrift-dft-finish-line-bundle-2\\\/#breadcrumb\"},\"inLanguage\":\"fr-FR\",\"potentialAction\":[{\"@type\":\"ReadAction\",\"target\":[\"https:\\\/\\\/theuncommonshop.ch\\\/fr\\\/product\\\/magic-aetherdrift-dft-finish-line-bundle-2\\\/\"]}]},{\"@type\":\"ImageObject\",\"inLanguage\":\"fr-FR\",\"@id\":\"https:\\\/\\\/theuncommonshop.ch\\\/fr\\\/product\\\/magic-aetherdrift-dft-finish-line-bundle-2\\\/#primaryimage\",\"url\":\"https:\\\/\\\/theuncommonshop.ch\\\/wp-content\\\/uploads\\\/2025\\\/06\\\/4679007015.jpg\",\"contentUrl\":\"https:\\\/\\\/theuncommonshop.ch\\\/wp-content\\\/uploads\\\/2025\\\/06\\\/4679007015.jpg\",\"width\":900,\"height\":632},{\"@type\":\"BreadcrumbList\",\"@id\":\"https:\\\/\\\/theuncommonshop.ch\\\/fr\\\/product\\\/magic-aetherdrift-dft-finish-line-bundle-2\\\/#breadcrumb\",\"itemListElement\":[{\"@type\":\"ListItem\",\"position\":1,\"name\":\"Accueil\",\"item\":\"https:\\\/\\\/theuncommonshop.ch\\\/fr\\\/accueil\\\/\"},{\"@type\":\"ListItem\",\"position\":2,\"name\":\"Boutique\",\"item\":\"https:\\\/\\\/theuncommonshop.ch\\\/fr\\\/boutique\\\/\"},{\"@type\":\"ListItem\",\"position\":3,\"name\":\"Magic the Gathering\",\"item\":\"https:\\\/\\\/theuncommonshop.ch\\\/fr\\\/categorie-produit\\\/magic-the-gathering-fr\\\/\"},{\"@type\":\"ListItem\",\"position\":4,\"name\":\"Produits par lots\",\"item\":\"https:\\\/\\\/theuncommonshop.ch\\\/fr\\\/categorie-produit\\\/magic-the-gathering-fr\\\/produits-par-lots-mtg\\\/\"},{\"@type\":\"ListItem\",\"position\":5,\"name\":\"Aetherdrift\",\"item\":\"https:\\\/\\\/theuncommonshop.ch\\\/fr\\\/categorie-produit\\\/magic-the-gathering-fr\\\/produits-par-lots-mtg\\\/aetherdrift\\\/\"},{\"@type\":\"ListItem\",\"position\":6,\"name\":\"Magic &#8211; Aetherdrift (DFT) &#8211; Finish Line Bundle\"}]},{\"@type\":\"WebSite\",\"@id\":\"https:\\\/\\\/theuncommonshop.ch\\\/#website\",\"url\":\"https:\\\/\\\/theuncommonshop.ch\\\/\",\"name\":\"Largest trading card shop in Switzerland\",\"description\":\"Magic, Pok\u00e9mon and Yu-gi-oh - The Uncommon Shop\",\"potentialAction\":[{\"@type\":\"SearchAction\",\"target\":{\"@type\":\"EntryPoint\",\"urlTemplate\":\"https:\\\/\\\/theuncommonshop.ch\\\/?s={search_term_string}\"},\"query-input\":{\"@type\":\"PropertyValueSpecification\",\"valueRequired\":true,\"valueName\":\"search_term_string\"}}],\"inLanguage\":\"fr-FR\"}]}<\/script>\n<meta property=\"og:availability\" content=\"instock\" \/>\n<meta property=\"product:availability\" content=\"instock\" \/>\n<meta property=\"product:condition\" content=\"new\" \/>\n<!-- \/ Yoast SEO plugin. -->","yoast_head_json":{"title":"Ach\u00e8te Magic - Aetherdrift (DFT) - Finish Line Bundle","description":"Ach\u00e8te Magic - Aetherdrift (DFT) - Finish Line Bundle en ligne maintenant \u00e0 petit prix! Ton #1 shop pour cartes TCG & Pok\u00e9mon en Suisse \u2713 Livraison gratuite d\u00e8s CHF 29","robots":{"index":"index","follow":"follow","max-snippet":"max-snippet:-1","max-image-preview":"max-image-preview:large","max-video-preview":"max-video-preview:-1"},"canonical":"https:\/\/theuncommonshop.ch\/fr\/product\/magic-aetherdrift-dft-finish-line-bundle-2\/","og_locale":"fr_FR","og_type":"article","og_title":"Ach\u00e8te Magic - Aetherdrift (DFT) - Finish Line Bundle","og_description":"Ach\u00e8te Magic - Aetherdrift (DFT) - Finish Line Bundle en ligne maintenant \u00e0 petit prix! Ton #1 shop pour cartes TCG & Pok\u00e9mon en Suisse \u2713 Livraison gratuite d\u00e8s CHF 29","og_url":"https:\/\/theuncommonshop.ch\/fr\/product\/magic-aetherdrift-dft-finish-line-bundle-2\/","og_site_name":"Largest trading card shop in Switzerland","article_modified_time":"2026-03-29T16:41:30+00:00","og_image":[{"width":900,"height":632,"url":"https:\/\/theuncommonshop.ch\/wp-content\/uploads\/2025\/06\/4679007015.jpg","type":"image\/jpeg"}],"twitter_card":"summary_large_image","twitter_misc":{"Disponibilit\u00e9":"En stock"},"schema":{"@context":"https:\/\/schema.org","@graph":[{"@type":"WebPage","@id":"https:\/\/theuncommonshop.ch\/fr\/product\/magic-aetherdrift-dft-finish-line-bundle-2\/","url":"https:\/\/theuncommonshop.ch\/fr\/product\/magic-aetherdrift-dft-finish-line-bundle-2\/","name":"Ach\u00e8te Magic - Aetherdrift (DFT) - Finish Line Bundle","isPartOf":{"@id":"https:\/\/theuncommonshop.ch\/#website"},"primaryImageOfPage":{"@id":"https:\/\/theuncommonshop.ch\/fr\/product\/magic-aetherdrift-dft-finish-line-bundle-2\/#primaryimage"},"image":{"@id":"https:\/\/theuncommonshop.ch\/fr\/product\/magic-aetherdrift-dft-finish-line-bundle-2\/#primaryimage"},"thumbnailUrl":"https:\/\/theuncommonshop.ch\/wp-content\/uploads\/2025\/06\/4679007015.jpg","datePublished":"2025-06-04T17:44:37+00:00","dateModified":"2026-03-29T16:41:30+00:00","description":"Ach\u00e8te Magic - Aetherdrift (DFT) - Finish Line Bundle en ligne maintenant \u00e0 petit prix! Ton #1 shop pour cartes TCG & Pok\u00e9mon en Suisse \u2713 Livraison gratuite d\u00e8s CHF 29","breadcrumb":{"@id":"https:\/\/theuncommonshop.ch\/fr\/product\/magic-aetherdrift-dft-finish-line-bundle-2\/#breadcrumb"},"inLanguage":"fr-FR","potentialAction":[{"@type":"ReadAction","target":["https:\/\/theuncommonshop.ch\/fr\/product\/magic-aetherdrift-dft-finish-line-bundle-2\/"]}]},{"@type":"ImageObject","inLanguage":"fr-FR","@id":"https:\/\/theuncommonshop.ch\/fr\/product\/magic-aetherdrift-dft-finish-line-bundle-2\/#primaryimage","url":"https:\/\/theuncommonshop.ch\/wp-content\/uploads\/2025\/06\/4679007015.jpg","contentUrl":"https:\/\/theuncommonshop.ch\/wp-content\/uploads\/2025\/06\/4679007015.jpg","width":900,"height":632},{"@type":"BreadcrumbList","@id":"https:\/\/theuncommonshop.ch\/fr\/product\/magic-aetherdrift-dft-finish-line-bundle-2\/#breadcrumb","itemListElement":[{"@type":"ListItem","position":1,"name":"Accueil","item":"https:\/\/theuncommonshop.ch\/fr\/accueil\/"},{"@type":"ListItem","position":2,"name":"Boutique","item":"https:\/\/theuncommonshop.ch\/fr\/boutique\/"},{"@type":"ListItem","position":3,"name":"Magic the Gathering","item":"https:\/\/theuncommonshop.ch\/fr\/categorie-produit\/magic-the-gathering-fr\/"},{"@type":"ListItem","position":4,"name":"Produits par lots","item":"https:\/\/theuncommonshop.ch\/fr\/categorie-produit\/magic-the-gathering-fr\/produits-par-lots-mtg\/"},{"@type":"ListItem","position":5,"name":"Aetherdrift","item":"https:\/\/theuncommonshop.ch\/fr\/categorie-produit\/magic-the-gathering-fr\/produits-par-lots-mtg\/aetherdrift\/"},{"@type":"ListItem","position":6,"name":"Magic &#8211; Aetherdrift (DFT) &#8211; Finish Line Bundle"}]},{"@type":"WebSite","@id":"https:\/\/theuncommonshop.ch\/#website","url":"https:\/\/theuncommonshop.ch\/","name":"Largest trading card shop in Switzerland","description":"Magic, Pok\u00e9mon and Yu-gi-oh - The Uncommon Shop","potentialAction":[{"@type":"SearchAction","target":{"@type":"EntryPoint","urlTemplate":"https:\/\/theuncommonshop.ch\/?s={search_term_string}"},"query-input":{"@type":"PropertyValueSpecification","valueRequired":true,"valueName":"search_term_string"}}],"inLanguage":"fr-FR"}]},"og_availability":"instock","product_availability":"instock","product_condition":"new"},"_links":{"self":[{"href":"https:\/\/theuncommonshop.ch\/fr\/wp-json\/wp\/v2\/product\/323573","targetHints":{"allow":["GET"]}}],"collection":[{"href":"https:\/\/theuncommonshop.ch\/fr\/wp-json\/wp\/v2\/product"}],"about":[{"href":"https:\/\/theuncommonshop.ch\/fr\/wp-json\/wp\/v2\/types\/product"}],"replies":[{"embeddable":true,"href":"https:\/\/theuncommonshop.ch\/fr\/wp-json\/wp\/v2\/comments?post=323573"}],"version-history":[{"count":1,"href":"https:\/\/theuncommonshop.ch\/fr\/wp-json\/wp\/v2\/product\/323573\/revisions"}],"predecessor-version":[{"id":323577,"href":"https:\/\/theuncommonshop.ch\/fr\/wp-json\/wp\/v2\/product\/323573\/revisions\/323577"}],"wp:featuredmedia":[{"embeddable":true,"href":"https:\/\/theuncommonshop.ch\/fr\/wp-json\/wp\/v2\/media\/118775"}],"wp:attachment":[{"href":"https:\/\/theuncommonshop.ch\/fr\/wp-json\/wp\/v2\/media?parent=323573"}],"wp:term":[{"taxonomy":"product_brand","embeddable":true,"href":"https:\/\/theuncommonshop.ch\/fr\/wp-json\/wp\/v2\/product_brand?post=323573"},{"taxonomy":"product_cat","embeddable":true,"href":"https:\/\/theuncommonshop.ch\/fr\/wp-json\/wp\/v2\/product_cat?post=323573"},{"taxonomy":"product_tag","embeddable":true,"href":"https:\/\/theuncommonshop.ch\/fr\/wp-json\/wp\/v2\/product_tag?post=323573"}],"curies":[{"name":"wp","href":"https:\/\/api.w.org\/{rel}","templated":true}]}}