{"id":323548,"date":"2025-06-05T16:41:05","date_gmt":"2025-06-05T16:41:05","guid":{"rendered":"http:\/\/theuncommonshop.ch\/produkt\/323548\/"},"modified":"2026-03-31T13:53:08","modified_gmt":"2026-03-31T11:53:08","slug":"ultra-pro-snap-binder-rot-pokemon-2","status":"publish","type":"product","link":"https:\/\/theuncommonshop.ch\/fr\/product\/ultra-pro-snap-binder-rot-pokemon-2\/","title":{"rendered":"Ultra Pro Snap Binder &#8211; Rouge &#8211; Pok\u00e9mon"},"content":{"rendered":"<div>\n<div>Le Premium Snap Binder pour Pok\u00e9mon est l&#8217;accessoire id\u00e9al pour les collectionneurs de cartes \u00e0 collectionner de tous \u00e2ges ! Chaque Binder est dot\u00e9 d&#8217;une couverture en similicuir rouge rembourr\u00e9e avec un embl\u00e8me caoutchout\u00e9 du logo Pok\u00e9mon et se ferme en toute s\u00e9curit\u00e9 \u00e0 l&#8217;aide de la fermeture \u00e0 ressort \u00e9maill\u00e9e Pok\u00e9ball sur le devant. \u00c0 l&#8217;int\u00e9rieur de ce classeur r\u00e9sistant, vous trouverez vingt pages lat\u00e9rales \u00e0 quatre poches con\u00e7ues pour les cartes \u00e0 collectionner standard et pouvant contenir jusqu&#8217;\u00e0 160 cartes dans des pochettes Deck Protector\u00ae. Les pages sont dot\u00e9es d&#8217;un dos noir \u00e0 faible friction qui cr\u00e9e une s\u00e9paration entre les pochettes avant et arri\u00e8re et donne aux cartes un aspect classique et encadr\u00e9. Chaque Premium Snap Binder est fabriqu\u00e9 \u00e0 partir de mat\u00e9riaux sans acide et sans PVC afin de garantir que vos cartes sont bien prot\u00e9g\u00e9es et pr\u00e9serv\u00e9es.    <\/div>\n<div><\/div>\n<\/div>\n<ul>\n<li>Pocket Snap Binder pour Pok\u00e9mon avec couverture en similicuir bleu rembourr\u00e9<\/li>\n<li>Peut contenir jusqu&#8217;\u00e0 160 cartes dans des pochettes Deck Protector\u00ae dans des poches lat\u00e9rales.<\/li>\n<li>Avec embl\u00e8me Pok\u00e9mon en caoutchouc et bouchon \u00e0 encliqueter Pok\u00e9ball \u00e9maill\u00e9<\/li>\n<li>Dos noir \u00e0 faible frottement et poches lat\u00e9rales<\/li>\n<li>Fabriqu\u00e9 \u00e0 partir de mat\u00e9riaux sans acide et sans PVC pour une protection de premier ordre<\/li>\n<\/ul>\n","protected":false},"excerpt":{"rendered":"<p>Le Premium Snap Binder pour Pok\u00e9mon est l&#8217;accessoire id\u00e9al pour les collectionneurs de cartes \u00e0 collectionner de tous \u00e2ges !<\/p>\n","protected":false},"featured_media":124336,"comment_status":"open","ping_status":"closed","template":"","meta":{"_acf_changed":false},"product_brand":[5098],"product_cat":[9859,9863,10317,10031],"product_tag":[],"class_list":{"0":"post-323548","1":"product","2":"type-product","3":"status-publish","4":"has-post-thumbnail","6":"product_brand-ultra-pro","7":"product_cat-accessoires-tcg","8":"product_cat-binder-fr","9":"product_cat-pokemon-binder-fr","10":"product_cat-tous-les-binder","12":"first","13":"outofstock","14":"taxable","15":"shipping-taxable","16":"purchasable","17":"product-type-simple"},"acf":[],"yoast_head":"<!-- This site is optimized with the Yoast SEO plugin v27.4 - https:\/\/yoast.com\/product\/yoast-seo-wordpress\/ -->\n<title>Ach\u00e8te Ultra Pro Snap Binder - Rouge - Pok\u00e9mon<\/title>\n<meta name=\"description\" content=\"Ach\u00e8te Ultra Pro Snap Binder - Rouge - Pok\u00e9mon en ligne maintenant \u00e0 petit prix! Ton #1 shop pour cartes TCG &amp; Pok\u00e9mon en Suisse \u2713 Livraison gratuite d\u00e8s CHF 29\" \/>\n<meta name=\"robots\" content=\"index, follow, max-snippet:-1, max-image-preview:large, max-video-preview:-1\" \/>\n<link rel=\"canonical\" href=\"https:\/\/theuncommonshop.ch\/fr\/product\/ultra-pro-snap-binder-rot-pokemon-2\/\" \/>\n<meta property=\"og:locale\" content=\"fr_FR\" \/>\n<meta property=\"og:type\" content=\"article\" \/>\n<meta property=\"og:title\" content=\"Ach\u00e8te Ultra Pro Snap Binder - Rouge - Pok\u00e9mon\" \/>\n<meta property=\"og:description\" content=\"Ach\u00e8te Ultra Pro Snap Binder - Rouge - Pok\u00e9mon en ligne maintenant \u00e0 petit prix! Ton #1 shop pour cartes TCG &amp; Pok\u00e9mon en Suisse \u2713 Livraison gratuite d\u00e8s CHF 29\" \/>\n<meta property=\"og:url\" content=\"https:\/\/theuncommonshop.ch\/fr\/product\/ultra-pro-snap-binder-rot-pokemon-2\/\" \/>\n<meta property=\"og:site_name\" content=\"Largest trading card shop in Switzerland\" \/>\n<meta property=\"article:modified_time\" content=\"2026-03-31T11:53:08+00:00\" \/>\n<meta property=\"og:image\" content=\"https:\/\/theuncommonshop.ch\/wp-content\/uploads\/2025\/06\/4863189219.jpg\" \/>\n\t<meta property=\"og:image:width\" content=\"481\" \/>\n\t<meta property=\"og:image:height\" content=\"622\" \/>\n\t<meta property=\"og:image:type\" content=\"image\/jpeg\" \/>\n<meta name=\"twitter:card\" content=\"summary_large_image\" \/>\n<meta name=\"twitter:label1\" content=\"Prix\" \/>\n\t<meta name=\"twitter:data1\" content=\"&#067;&#072;&#070;&nbsp;24.95\" \/>\n\t<meta name=\"twitter:label2\" content=\"Disponibilit\u00e9\" \/>\n\t<meta name=\"twitter:data2\" content=\"Rupture de stock\" \/>\n<script type=\"application\/ld+json\" class=\"yoast-schema-graph\">{\"@context\":\"https:\\\/\\\/schema.org\",\"@graph\":[{\"@type\":\"WebPage\",\"@id\":\"https:\\\/\\\/theuncommonshop.ch\\\/fr\\\/product\\\/ultra-pro-snap-binder-rot-pokemon-2\\\/\",\"url\":\"https:\\\/\\\/theuncommonshop.ch\\\/fr\\\/product\\\/ultra-pro-snap-binder-rot-pokemon-2\\\/\",\"name\":\"Ach\u00e8te Ultra Pro Snap Binder - Rouge - Pok\u00e9mon\",\"isPartOf\":{\"@id\":\"https:\\\/\\\/theuncommonshop.ch\\\/#website\"},\"primaryImageOfPage\":{\"@id\":\"https:\\\/\\\/theuncommonshop.ch\\\/fr\\\/product\\\/ultra-pro-snap-binder-rot-pokemon-2\\\/#primaryimage\"},\"image\":{\"@id\":\"https:\\\/\\\/theuncommonshop.ch\\\/fr\\\/product\\\/ultra-pro-snap-binder-rot-pokemon-2\\\/#primaryimage\"},\"thumbnailUrl\":\"https:\\\/\\\/theuncommonshop.ch\\\/wp-content\\\/uploads\\\/2025\\\/06\\\/4863189219.jpg\",\"datePublished\":\"2025-06-05T16:41:05+00:00\",\"dateModified\":\"2026-03-31T11:53:08+00:00\",\"description\":\"Ach\u00e8te Ultra Pro Snap Binder - Rouge - Pok\u00e9mon en ligne maintenant \u00e0 petit prix! Ton #1 shop pour cartes TCG & Pok\u00e9mon en Suisse \u2713 Livraison gratuite d\u00e8s CHF 29\",\"breadcrumb\":{\"@id\":\"https:\\\/\\\/theuncommonshop.ch\\\/fr\\\/product\\\/ultra-pro-snap-binder-rot-pokemon-2\\\/#breadcrumb\"},\"inLanguage\":\"fr-FR\",\"potentialAction\":[{\"@type\":\"ReadAction\",\"target\":[\"https:\\\/\\\/theuncommonshop.ch\\\/fr\\\/product\\\/ultra-pro-snap-binder-rot-pokemon-2\\\/\"]}]},{\"@type\":\"ImageObject\",\"inLanguage\":\"fr-FR\",\"@id\":\"https:\\\/\\\/theuncommonshop.ch\\\/fr\\\/product\\\/ultra-pro-snap-binder-rot-pokemon-2\\\/#primaryimage\",\"url\":\"https:\\\/\\\/theuncommonshop.ch\\\/wp-content\\\/uploads\\\/2025\\\/06\\\/4863189219.jpg\",\"contentUrl\":\"https:\\\/\\\/theuncommonshop.ch\\\/wp-content\\\/uploads\\\/2025\\\/06\\\/4863189219.jpg\",\"width\":481,\"height\":622},{\"@type\":\"BreadcrumbList\",\"@id\":\"https:\\\/\\\/theuncommonshop.ch\\\/fr\\\/product\\\/ultra-pro-snap-binder-rot-pokemon-2\\\/#breadcrumb\",\"itemListElement\":[{\"@type\":\"ListItem\",\"position\":1,\"name\":\"Accueil\",\"item\":\"https:\\\/\\\/theuncommonshop.ch\\\/fr\\\/accueil\\\/\"},{\"@type\":\"ListItem\",\"position\":2,\"name\":\"Boutique\",\"item\":\"https:\\\/\\\/theuncommonshop.ch\\\/fr\\\/boutique\\\/\"},{\"@type\":\"ListItem\",\"position\":3,\"name\":\"TCG Zubeh\u00f6r\",\"item\":\"https:\\\/\\\/theuncommonshop.ch\\\/produktkategorie\\\/tcg-zubehoer\\\/\"},{\"@type\":\"ListItem\",\"position\":4,\"name\":\"Binder\",\"item\":\"https:\\\/\\\/theuncommonshop.ch\\\/produktkategorie\\\/tcg-zubehoer\\\/binder\\\/\"},{\"@type\":\"ListItem\",\"position\":5,\"name\":\"Alle Binder\",\"item\":\"https:\\\/\\\/theuncommonshop.ch\\\/produktkategorie\\\/tcg-zubehoer\\\/binder\\\/binder-all\\\/\"},{\"@type\":\"ListItem\",\"position\":6,\"name\":\"Ultra Pro Snap Binder &#8211; Rouge &#8211; Pok\u00e9mon\"}]},{\"@type\":\"WebSite\",\"@id\":\"https:\\\/\\\/theuncommonshop.ch\\\/#website\",\"url\":\"https:\\\/\\\/theuncommonshop.ch\\\/\",\"name\":\"Largest trading card shop in Switzerland\",\"description\":\"Magic, Pok\u00e9mon and Yu-gi-oh - The Uncommon Shop\",\"potentialAction\":[{\"@type\":\"SearchAction\",\"target\":{\"@type\":\"EntryPoint\",\"urlTemplate\":\"https:\\\/\\\/theuncommonshop.ch\\\/?s={search_term_string}\"},\"query-input\":{\"@type\":\"PropertyValueSpecification\",\"valueRequired\":true,\"valueName\":\"search_term_string\"}}],\"inLanguage\":\"fr-FR\"}]}<\/script>\n<meta property=\"product:price:amount\" content=\"24.95\" \/>\n<meta property=\"product:price:currency\" content=\"CHF\" \/>\n<meta property=\"og:availability\" content=\"out of stock\" \/>\n<meta property=\"product:availability\" content=\"out of stock\" \/>\n<meta property=\"product:retailer_item_id\" content=\"ZU.VI.I.UPSnapBinderRedPoke\" \/>\n<meta property=\"product:condition\" content=\"new\" \/>\n<!-- \/ Yoast SEO plugin. -->","yoast_head_json":{"title":"Ach\u00e8te Ultra Pro Snap Binder - Rouge - Pok\u00e9mon","description":"Ach\u00e8te Ultra Pro Snap Binder - Rouge - Pok\u00e9mon en ligne maintenant \u00e0 petit prix! Ton #1 shop pour cartes TCG & Pok\u00e9mon en Suisse \u2713 Livraison gratuite d\u00e8s CHF 29","robots":{"index":"index","follow":"follow","max-snippet":"max-snippet:-1","max-image-preview":"max-image-preview:large","max-video-preview":"max-video-preview:-1"},"canonical":"https:\/\/theuncommonshop.ch\/fr\/product\/ultra-pro-snap-binder-rot-pokemon-2\/","og_locale":"fr_FR","og_type":"article","og_title":"Ach\u00e8te Ultra Pro Snap Binder - Rouge - Pok\u00e9mon","og_description":"Ach\u00e8te Ultra Pro Snap Binder - Rouge - Pok\u00e9mon en ligne maintenant \u00e0 petit prix! Ton #1 shop pour cartes TCG & Pok\u00e9mon en Suisse \u2713 Livraison gratuite d\u00e8s CHF 29","og_url":"https:\/\/theuncommonshop.ch\/fr\/product\/ultra-pro-snap-binder-rot-pokemon-2\/","og_site_name":"Largest trading card shop in Switzerland","article_modified_time":"2026-03-31T11:53:08+00:00","og_image":[{"width":481,"height":622,"url":"https:\/\/theuncommonshop.ch\/wp-content\/uploads\/2025\/06\/4863189219.jpg","type":"image\/jpeg"}],"twitter_card":"summary_large_image","twitter_misc":{"Prix":"&#67;&#72;&#70;&nbsp;24.95","Disponibilit\u00e9":"Rupture de stock"},"schema":{"@context":"https:\/\/schema.org","@graph":[{"@type":"WebPage","@id":"https:\/\/theuncommonshop.ch\/fr\/product\/ultra-pro-snap-binder-rot-pokemon-2\/","url":"https:\/\/theuncommonshop.ch\/fr\/product\/ultra-pro-snap-binder-rot-pokemon-2\/","name":"Ach\u00e8te Ultra Pro Snap Binder - Rouge - Pok\u00e9mon","isPartOf":{"@id":"https:\/\/theuncommonshop.ch\/#website"},"primaryImageOfPage":{"@id":"https:\/\/theuncommonshop.ch\/fr\/product\/ultra-pro-snap-binder-rot-pokemon-2\/#primaryimage"},"image":{"@id":"https:\/\/theuncommonshop.ch\/fr\/product\/ultra-pro-snap-binder-rot-pokemon-2\/#primaryimage"},"thumbnailUrl":"https:\/\/theuncommonshop.ch\/wp-content\/uploads\/2025\/06\/4863189219.jpg","datePublished":"2025-06-05T16:41:05+00:00","dateModified":"2026-03-31T11:53:08+00:00","description":"Ach\u00e8te Ultra Pro Snap Binder - Rouge - Pok\u00e9mon en ligne maintenant \u00e0 petit prix! Ton #1 shop pour cartes TCG & Pok\u00e9mon en Suisse \u2713 Livraison gratuite d\u00e8s CHF 29","breadcrumb":{"@id":"https:\/\/theuncommonshop.ch\/fr\/product\/ultra-pro-snap-binder-rot-pokemon-2\/#breadcrumb"},"inLanguage":"fr-FR","potentialAction":[{"@type":"ReadAction","target":["https:\/\/theuncommonshop.ch\/fr\/product\/ultra-pro-snap-binder-rot-pokemon-2\/"]}]},{"@type":"ImageObject","inLanguage":"fr-FR","@id":"https:\/\/theuncommonshop.ch\/fr\/product\/ultra-pro-snap-binder-rot-pokemon-2\/#primaryimage","url":"https:\/\/theuncommonshop.ch\/wp-content\/uploads\/2025\/06\/4863189219.jpg","contentUrl":"https:\/\/theuncommonshop.ch\/wp-content\/uploads\/2025\/06\/4863189219.jpg","width":481,"height":622},{"@type":"BreadcrumbList","@id":"https:\/\/theuncommonshop.ch\/fr\/product\/ultra-pro-snap-binder-rot-pokemon-2\/#breadcrumb","itemListElement":[{"@type":"ListItem","position":1,"name":"Accueil","item":"https:\/\/theuncommonshop.ch\/fr\/accueil\/"},{"@type":"ListItem","position":2,"name":"Boutique","item":"https:\/\/theuncommonshop.ch\/fr\/boutique\/"},{"@type":"ListItem","position":3,"name":"TCG Zubeh\u00f6r","item":"https:\/\/theuncommonshop.ch\/produktkategorie\/tcg-zubehoer\/"},{"@type":"ListItem","position":4,"name":"Binder","item":"https:\/\/theuncommonshop.ch\/produktkategorie\/tcg-zubehoer\/binder\/"},{"@type":"ListItem","position":5,"name":"Alle Binder","item":"https:\/\/theuncommonshop.ch\/produktkategorie\/tcg-zubehoer\/binder\/binder-all\/"},{"@type":"ListItem","position":6,"name":"Ultra Pro Snap Binder &#8211; Rouge &#8211; Pok\u00e9mon"}]},{"@type":"WebSite","@id":"https:\/\/theuncommonshop.ch\/#website","url":"https:\/\/theuncommonshop.ch\/","name":"Largest trading card shop in Switzerland","description":"Magic, Pok\u00e9mon and Yu-gi-oh - The Uncommon Shop","potentialAction":[{"@type":"SearchAction","target":{"@type":"EntryPoint","urlTemplate":"https:\/\/theuncommonshop.ch\/?s={search_term_string}"},"query-input":{"@type":"PropertyValueSpecification","valueRequired":true,"valueName":"search_term_string"}}],"inLanguage":"fr-FR"}]},"product_price_amount":"24.95","product_price_currency":"CHF","og_availability":"out of stock","product_availability":"out of stock","product_retailer_item_id":"ZU.VI.I.UPSnapBinderRedPoke","product_condition":"new"},"_links":{"self":[{"href":"https:\/\/theuncommonshop.ch\/fr\/wp-json\/wp\/v2\/product\/323548","targetHints":{"allow":["GET"]}}],"collection":[{"href":"https:\/\/theuncommonshop.ch\/fr\/wp-json\/wp\/v2\/product"}],"about":[{"href":"https:\/\/theuncommonshop.ch\/fr\/wp-json\/wp\/v2\/types\/product"}],"replies":[{"embeddable":true,"href":"https:\/\/theuncommonshop.ch\/fr\/wp-json\/wp\/v2\/comments?post=323548"}],"version-history":[{"count":2,"href":"https:\/\/theuncommonshop.ch\/fr\/wp-json\/wp\/v2\/product\/323548\/revisions"}],"predecessor-version":[{"id":358490,"href":"https:\/\/theuncommonshop.ch\/fr\/wp-json\/wp\/v2\/product\/323548\/revisions\/358490"}],"wp:featuredmedia":[{"embeddable":true,"href":"https:\/\/theuncommonshop.ch\/fr\/wp-json\/wp\/v2\/media\/124336"}],"wp:attachment":[{"href":"https:\/\/theuncommonshop.ch\/fr\/wp-json\/wp\/v2\/media?parent=323548"}],"wp:term":[{"taxonomy":"product_brand","embeddable":true,"href":"https:\/\/theuncommonshop.ch\/fr\/wp-json\/wp\/v2\/product_brand?post=323548"},{"taxonomy":"product_cat","embeddable":true,"href":"https:\/\/theuncommonshop.ch\/fr\/wp-json\/wp\/v2\/product_cat?post=323548"},{"taxonomy":"product_tag","embeddable":true,"href":"https:\/\/theuncommonshop.ch\/fr\/wp-json\/wp\/v2\/product_tag?post=323548"}],"curies":[{"name":"wp","href":"https:\/\/api.w.org\/{rel}","templated":true}]}}