{"id":323493,"date":"2025-06-04T17:20:59","date_gmt":"2025-06-04T17:20:59","guid":{"rendered":"http:\/\/theuncommonshop.ch\/produkt\/323493\/"},"modified":"2026-03-29T16:28:42","modified_gmt":"2026-03-29T14:28:42","slug":"magic-festival-in-a-box-las-vegas-mb2-display-2","status":"publish","type":"product","link":"https:\/\/theuncommonshop.ch\/fr\/product\/magic-festival-in-a-box-las-vegas-mb2-display-2\/","title":{"rendered":"Magic &#8211; Festival in a Box Las Vegas (MB2) &#8211; Pr\u00e9sentoir"},"content":{"rendered":"<p data-start=\"81\" data-end=\"427\">Vivez la sensation unique d&#8217;un grand Event Magic directement chez vous avec le <strong data-start=\"172\" data-end=\"218\">pr\u00e9sentoir Festival in a Box : Las Vegas (MB2)<\/strong>. Ce produit \u00e9v\u00e9nementiel sp\u00e9cial apporte l&#8217;exp\u00e9rience d&#8217;un festival Magic aux joueurs et aux collectionneurs et contient un <strong data-start=\"334\" data-end=\"377\">Mystery Booster 2 Draft Booster Display<\/strong> avec des cartes de toute l&#8217;histoire de Magic. <\/p>\n<p data-start=\"429\" data-end=\"736\">Le pr\u00e9sentoir inclus provient de <strong data-start=\"463\" data-end=\"504\"><span class=\"hover:entity-accent entity-underline inline cursor-pointer align-baseline\"><span class=\"whitespace-normal\">Booster Myst\u00e8re 2<\/span><\/span><\/strong>un jeu de draft sp\u00e9cial qui combine des cartes de nombreux sets Magic diff\u00e9rents. Chaque Booster peut contenir des cartes de diff\u00e9rentes \u00e9poques, cr\u00e9ant ainsi une exp\u00e9rience de draft vari\u00e9e et surprenante. <\/p>\n<p data-start=\"738\" data-end=\"941\">Ce produit a \u00e9t\u00e9 publi\u00e9 dans le cadre de <strong data-start=\"776\" data-end=\"795\">MagicCon Events<\/strong> et est particuli\u00e8rement appr\u00e9ci\u00e9 des collectionneurs et des joueurs qui recherchent des produits \u00e9v\u00e9nementiels sp\u00e9ciaux et des exp\u00e9riences de draft exceptionnelles.<\/p>\n<h3 data-start=\"943\" data-end=\"961\">D\u00e9tails du produit<\/h3>\n<p data-start=\"963\" data-end=\"1381\">&#8211;  <strong data-start=\"965\" data-end=\"977\">Produit :<\/strong> Festival in a Box &#8211; Las Vegas<br data-start=\"1007\" data-end=\"1010\">&#8211; <strong data-start=\"1012\" data-end=\"1025\">Contient :<\/strong> <strong data-start=\"1026\" data-end=\"1069\">Mystery Booster 2 Draft Booster Display<\/strong><br data-start=\"1069\" data-end=\"1072\">&#8211; <strong data-start=\"1074\" data-end=\"1087\">Code de l&#8217;ensemble :<\/strong> <strong data-start=\"1088\" data-end=\"1095\">MB2<\/strong><br data-start=\"1095\" data-end=\"1098\">&#8211; <strong data-start=\"1100\" data-end=\"1112\" data-is-only-node=\"\">Langue :<\/strong> <strong data-start=\"1113\" data-end=\"1130\">Anglais (EN)<\/strong><br data-start=\"1130\" data-end=\"1133\">&#8211; <strong data-start=\"1135\" data-end=\"1168\">1 display contient 24 Boosters<\/strong><br data-start=\"1168\" data-end=\"1171\">&#8211; <strong data-start=\"1173\" data-end=\"1219\">15 cartes Magic : The Gathering par Booster<\/strong><br data-start=\"1219\" data-end=\"1222\">&#8211; Cartes de nombreux sets Magic diff\u00e9rents     <br data-start=\"1266\" data-end=\"1269\">&#8211; Une grande diversit\u00e9 pour des exp\u00e9riences de draft vari\u00e9es<br data-start=\"1325\" data-end=\"1328\">&#8211; Id\u00e9al pour les  <strong data-start=\"1341\" data-end=\"1381\">\u00c9v\u00e9nements de draft, collectionneurs et fans de Magic<\/strong><\/p>\n<p data-start=\"1383\" data-end=\"1550\">Avec le <strong data-start=\"1391\" data-end=\"1458\">pr\u00e9sentoir Magic : The Gathering Festival in a Box : Las Vegas (MB2)<\/strong>, vous b\u00e9n\u00e9ficiez d&#8217;une exp\u00e9rience de draft unique avec des cartes issues de toute l&#8217;histoire de Magic.<\/p>\n<figure>\n<figure><\/figure>\n<\/figure>\n","protected":false},"excerpt":{"rendered":"<p>Vivez la sensation unique d&#8217;un grand Event Magic directement chez vous avec le pr\u00e9sentoir Festival in a Box : Las<\/p>\n","protected":false},"featured_media":118202,"comment_status":"open","ping_status":"closed","template":"","meta":{"_acf_changed":false},"product_brand":[5158,5070],"product_cat":[9969,9967],"product_tag":[],"class_list":{"0":"post-323493","1":"product","2":"type-product","3":"status-publish","4":"has-post-thumbnail","6":"product_brand-magic-the-gathering","7":"product_brand-wizards-of-the-coast","8":"product_cat-booster-displays-fr","9":"product_cat-magic-the-gathering-fr","11":"first","12":"outofstock","13":"taxable","14":"shipping-taxable","15":"purchasable","16":"product-type-variable"},"acf":[],"yoast_head":"<!-- This site is optimized with the Yoast SEO plugin v27.4 - https:\/\/yoast.com\/product\/yoast-seo-wordpress\/ -->\n<title>Ach\u00e8te Magic - Festival in a Box Las Vegas (MB2) - Pr\u00e9sentoir<\/title>\n<meta name=\"description\" content=\"Ach\u00e8te Magic - Festival in a Box Las Vegas (MB2) - Pr\u00e9sentoir en ligne maintenant \u00e0 petit prix! Ton #1 shop pour cartes TCG &amp; Pok\u00e9mon en Suisse \u2713 Livraison gratuite d\u00e8s CHF 29\" \/>\n<meta name=\"robots\" content=\"index, follow, max-snippet:-1, max-image-preview:large, max-video-preview:-1\" \/>\n<link rel=\"canonical\" href=\"https:\/\/theuncommonshop.ch\/fr\/product\/magic-festival-in-a-box-las-vegas-mb2-display-2\/\" \/>\n<meta property=\"og:locale\" content=\"fr_FR\" \/>\n<meta property=\"og:type\" content=\"article\" \/>\n<meta property=\"og:title\" content=\"Ach\u00e8te Magic - Festival in a Box Las Vegas (MB2) - Pr\u00e9sentoir\" \/>\n<meta property=\"og:description\" content=\"Ach\u00e8te Magic - Festival in a Box Las Vegas (MB2) - Pr\u00e9sentoir en ligne maintenant \u00e0 petit prix! Ton #1 shop pour cartes TCG &amp; Pok\u00e9mon en Suisse \u2713 Livraison gratuite d\u00e8s CHF 29\" \/>\n<meta property=\"og:url\" content=\"https:\/\/theuncommonshop.ch\/fr\/product\/magic-festival-in-a-box-las-vegas-mb2-display-2\/\" \/>\n<meta property=\"og:site_name\" content=\"The Uncommon Shop\" \/>\n<meta property=\"article:modified_time\" content=\"2026-03-29T14:28:42+00:00\" \/>\n<meta property=\"og:image\" content=\"https:\/\/theuncommonshop.ch\/wp-content\/uploads\/2025\/06\/4623813162.jpg\" \/>\n\t<meta property=\"og:image:width\" content=\"636\" \/>\n\t<meta property=\"og:image:height\" content=\"636\" \/>\n\t<meta property=\"og:image:type\" content=\"image\/jpeg\" \/>\n<meta name=\"twitter:card\" content=\"summary_large_image\" \/>\n<meta name=\"twitter:label1\" content=\"Disponibilit\u00e9\" \/>\n\t<meta name=\"twitter:data1\" content=\"Rupture de stock\" \/>\n<script type=\"application\/ld+json\" class=\"yoast-schema-graph\">{\"@context\":\"https:\\\/\\\/schema.org\",\"@graph\":[{\"@type\":\"WebPage\",\"@id\":\"https:\\\/\\\/theuncommonshop.ch\\\/fr\\\/product\\\/magic-festival-in-a-box-las-vegas-mb2-display-2\\\/\",\"url\":\"https:\\\/\\\/theuncommonshop.ch\\\/fr\\\/product\\\/magic-festival-in-a-box-las-vegas-mb2-display-2\\\/\",\"name\":\"Ach\u00e8te Magic - Festival in a Box Las Vegas (MB2) - Pr\u00e9sentoir\",\"isPartOf\":{\"@id\":\"https:\\\/\\\/theuncommonshop.ch\\\/fr\\\/#website\"},\"primaryImageOfPage\":{\"@id\":\"https:\\\/\\\/theuncommonshop.ch\\\/fr\\\/product\\\/magic-festival-in-a-box-las-vegas-mb2-display-2\\\/#primaryimage\"},\"image\":{\"@id\":\"https:\\\/\\\/theuncommonshop.ch\\\/fr\\\/product\\\/magic-festival-in-a-box-las-vegas-mb2-display-2\\\/#primaryimage\"},\"thumbnailUrl\":\"https:\\\/\\\/theuncommonshop.ch\\\/wp-content\\\/uploads\\\/2025\\\/06\\\/4623813162.jpg\",\"datePublished\":\"2025-06-04T17:20:59+00:00\",\"dateModified\":\"2026-03-29T14:28:42+00:00\",\"description\":\"Ach\u00e8te Magic - Festival in a Box Las Vegas (MB2) - Pr\u00e9sentoir en ligne maintenant \u00e0 petit prix! Ton #1 shop pour cartes TCG & Pok\u00e9mon en Suisse \u2713 Livraison gratuite d\u00e8s CHF 29\",\"breadcrumb\":{\"@id\":\"https:\\\/\\\/theuncommonshop.ch\\\/fr\\\/product\\\/magic-festival-in-a-box-las-vegas-mb2-display-2\\\/#breadcrumb\"},\"inLanguage\":\"fr-FR\",\"potentialAction\":[{\"@type\":\"ReadAction\",\"target\":[\"https:\\\/\\\/theuncommonshop.ch\\\/fr\\\/product\\\/magic-festival-in-a-box-las-vegas-mb2-display-2\\\/\"]}]},{\"@type\":\"ImageObject\",\"inLanguage\":\"fr-FR\",\"@id\":\"https:\\\/\\\/theuncommonshop.ch\\\/fr\\\/product\\\/magic-festival-in-a-box-las-vegas-mb2-display-2\\\/#primaryimage\",\"url\":\"https:\\\/\\\/theuncommonshop.ch\\\/wp-content\\\/uploads\\\/2025\\\/06\\\/4623813162.jpg\",\"contentUrl\":\"https:\\\/\\\/theuncommonshop.ch\\\/wp-content\\\/uploads\\\/2025\\\/06\\\/4623813162.jpg\",\"width\":636,\"height\":636},{\"@type\":\"BreadcrumbList\",\"@id\":\"https:\\\/\\\/theuncommonshop.ch\\\/fr\\\/product\\\/magic-festival-in-a-box-las-vegas-mb2-display-2\\\/#breadcrumb\",\"itemListElement\":[{\"@type\":\"ListItem\",\"position\":1,\"name\":\"Accueil\",\"item\":\"https:\\\/\\\/theuncommonshop.ch\\\/fr\\\/accueil\\\/\"},{\"@type\":\"ListItem\",\"position\":2,\"name\":\"Boutique\",\"item\":\"https:\\\/\\\/theuncommonshop.ch\\\/fr\\\/boutique\\\/\"},{\"@type\":\"ListItem\",\"position\":3,\"name\":\"Magic the Gathering\",\"item\":\"https:\\\/\\\/theuncommonshop.ch\\\/fr\\\/categorie-produit\\\/magic-the-gathering-fr\\\/\"},{\"@type\":\"ListItem\",\"position\":4,\"name\":\"Booster Displays\",\"item\":\"https:\\\/\\\/theuncommonshop.ch\\\/fr\\\/categorie-produit\\\/magic-the-gathering-fr\\\/booster-displays-fr\\\/\"},{\"@type\":\"ListItem\",\"position\":5,\"name\":\"Magic &#8211; Festival in a Box Las Vegas (MB2) &#8211; Pr\u00e9sentoir\"}]},{\"@type\":\"WebSite\",\"@id\":\"https:\\\/\\\/theuncommonshop.ch\\\/fr\\\/#website\",\"url\":\"https:\\\/\\\/theuncommonshop.ch\\\/fr\\\/\",\"name\":\"The Uncommon Shop\",\"description\":\"Magic, Pok\u00e9mon and Yu-gi-oh - The Uncommon Shop\",\"potentialAction\":[{\"@type\":\"SearchAction\",\"target\":{\"@type\":\"EntryPoint\",\"urlTemplate\":\"https:\\\/\\\/theuncommonshop.ch\\\/fr\\\/?s={search_term_string}\"},\"query-input\":{\"@type\":\"PropertyValueSpecification\",\"valueRequired\":true,\"valueName\":\"search_term_string\"}}],\"inLanguage\":\"fr-FR\"}]}<\/script>\n<meta property=\"og:availability\" content=\"out of stock\" \/>\n<meta property=\"product:availability\" content=\"out of stock\" \/>\n<meta property=\"product:condition\" content=\"new\" \/>\n<!-- \/ Yoast SEO plugin. -->","yoast_head_json":{"title":"Ach\u00e8te Magic - Festival in a Box Las Vegas (MB2) - Pr\u00e9sentoir","description":"Ach\u00e8te Magic - Festival in a Box Las Vegas (MB2) - Pr\u00e9sentoir en ligne maintenant \u00e0 petit prix! Ton #1 shop pour cartes TCG & Pok\u00e9mon en Suisse \u2713 Livraison gratuite d\u00e8s CHF 29","robots":{"index":"index","follow":"follow","max-snippet":"max-snippet:-1","max-image-preview":"max-image-preview:large","max-video-preview":"max-video-preview:-1"},"canonical":"https:\/\/theuncommonshop.ch\/fr\/product\/magic-festival-in-a-box-las-vegas-mb2-display-2\/","og_locale":"fr_FR","og_type":"article","og_title":"Ach\u00e8te Magic - Festival in a Box Las Vegas (MB2) - Pr\u00e9sentoir","og_description":"Ach\u00e8te Magic - Festival in a Box Las Vegas (MB2) - Pr\u00e9sentoir en ligne maintenant \u00e0 petit prix! Ton #1 shop pour cartes TCG & Pok\u00e9mon en Suisse \u2713 Livraison gratuite d\u00e8s CHF 29","og_url":"https:\/\/theuncommonshop.ch\/fr\/product\/magic-festival-in-a-box-las-vegas-mb2-display-2\/","og_site_name":"The Uncommon Shop","article_modified_time":"2026-03-29T14:28:42+00:00","og_image":[{"width":636,"height":636,"url":"https:\/\/theuncommonshop.ch\/wp-content\/uploads\/2025\/06\/4623813162.jpg","type":"image\/jpeg"}],"twitter_card":"summary_large_image","twitter_misc":{"Disponibilit\u00e9":"Rupture de stock"},"schema":{"@context":"https:\/\/schema.org","@graph":[{"@type":"WebPage","@id":"https:\/\/theuncommonshop.ch\/fr\/product\/magic-festival-in-a-box-las-vegas-mb2-display-2\/","url":"https:\/\/theuncommonshop.ch\/fr\/product\/magic-festival-in-a-box-las-vegas-mb2-display-2\/","name":"Ach\u00e8te Magic - Festival in a Box Las Vegas (MB2) - Pr\u00e9sentoir","isPartOf":{"@id":"https:\/\/theuncommonshop.ch\/fr\/#website"},"primaryImageOfPage":{"@id":"https:\/\/theuncommonshop.ch\/fr\/product\/magic-festival-in-a-box-las-vegas-mb2-display-2\/#primaryimage"},"image":{"@id":"https:\/\/theuncommonshop.ch\/fr\/product\/magic-festival-in-a-box-las-vegas-mb2-display-2\/#primaryimage"},"thumbnailUrl":"https:\/\/theuncommonshop.ch\/wp-content\/uploads\/2025\/06\/4623813162.jpg","datePublished":"2025-06-04T17:20:59+00:00","dateModified":"2026-03-29T14:28:42+00:00","description":"Ach\u00e8te Magic - Festival in a Box Las Vegas (MB2) - Pr\u00e9sentoir en ligne maintenant \u00e0 petit prix! Ton #1 shop pour cartes TCG & Pok\u00e9mon en Suisse \u2713 Livraison gratuite d\u00e8s CHF 29","breadcrumb":{"@id":"https:\/\/theuncommonshop.ch\/fr\/product\/magic-festival-in-a-box-las-vegas-mb2-display-2\/#breadcrumb"},"inLanguage":"fr-FR","potentialAction":[{"@type":"ReadAction","target":["https:\/\/theuncommonshop.ch\/fr\/product\/magic-festival-in-a-box-las-vegas-mb2-display-2\/"]}]},{"@type":"ImageObject","inLanguage":"fr-FR","@id":"https:\/\/theuncommonshop.ch\/fr\/product\/magic-festival-in-a-box-las-vegas-mb2-display-2\/#primaryimage","url":"https:\/\/theuncommonshop.ch\/wp-content\/uploads\/2025\/06\/4623813162.jpg","contentUrl":"https:\/\/theuncommonshop.ch\/wp-content\/uploads\/2025\/06\/4623813162.jpg","width":636,"height":636},{"@type":"BreadcrumbList","@id":"https:\/\/theuncommonshop.ch\/fr\/product\/magic-festival-in-a-box-las-vegas-mb2-display-2\/#breadcrumb","itemListElement":[{"@type":"ListItem","position":1,"name":"Accueil","item":"https:\/\/theuncommonshop.ch\/fr\/accueil\/"},{"@type":"ListItem","position":2,"name":"Boutique","item":"https:\/\/theuncommonshop.ch\/fr\/boutique\/"},{"@type":"ListItem","position":3,"name":"Magic the Gathering","item":"https:\/\/theuncommonshop.ch\/fr\/categorie-produit\/magic-the-gathering-fr\/"},{"@type":"ListItem","position":4,"name":"Booster Displays","item":"https:\/\/theuncommonshop.ch\/fr\/categorie-produit\/magic-the-gathering-fr\/booster-displays-fr\/"},{"@type":"ListItem","position":5,"name":"Magic &#8211; Festival in a Box Las Vegas (MB2) &#8211; Pr\u00e9sentoir"}]},{"@type":"WebSite","@id":"https:\/\/theuncommonshop.ch\/fr\/#website","url":"https:\/\/theuncommonshop.ch\/fr\/","name":"The Uncommon Shop","description":"Magic, Pok\u00e9mon and Yu-gi-oh - The Uncommon Shop","potentialAction":[{"@type":"SearchAction","target":{"@type":"EntryPoint","urlTemplate":"https:\/\/theuncommonshop.ch\/fr\/?s={search_term_string}"},"query-input":{"@type":"PropertyValueSpecification","valueRequired":true,"valueName":"search_term_string"}}],"inLanguage":"fr-FR"}]},"og_availability":"out of stock","product_availability":"out of stock","product_condition":"new"},"_links":{"self":[{"href":"https:\/\/theuncommonshop.ch\/fr\/wp-json\/wp\/v2\/product\/323493","targetHints":{"allow":["GET"]}}],"collection":[{"href":"https:\/\/theuncommonshop.ch\/fr\/wp-json\/wp\/v2\/product"}],"about":[{"href":"https:\/\/theuncommonshop.ch\/fr\/wp-json\/wp\/v2\/types\/product"}],"replies":[{"embeddable":true,"href":"https:\/\/theuncommonshop.ch\/fr\/wp-json\/wp\/v2\/comments?post=323493"}],"version-history":[{"count":0,"href":"https:\/\/theuncommonshop.ch\/fr\/wp-json\/wp\/v2\/product\/323493\/revisions"}],"wp:featuredmedia":[{"embeddable":true,"href":"https:\/\/theuncommonshop.ch\/fr\/wp-json\/wp\/v2\/media\/118202"}],"wp:attachment":[{"href":"https:\/\/theuncommonshop.ch\/fr\/wp-json\/wp\/v2\/media?parent=323493"}],"wp:term":[{"taxonomy":"product_brand","embeddable":true,"href":"https:\/\/theuncommonshop.ch\/fr\/wp-json\/wp\/v2\/product_brand?post=323493"},{"taxonomy":"product_cat","embeddable":true,"href":"https:\/\/theuncommonshop.ch\/fr\/wp-json\/wp\/v2\/product_cat?post=323493"},{"taxonomy":"product_tag","embeddable":true,"href":"https:\/\/theuncommonshop.ch\/fr\/wp-json\/wp\/v2\/product_tag?post=323493"}],"curies":[{"name":"wp","href":"https:\/\/api.w.org\/{rel}","templated":true}]}}