{"id":323485,"date":"2025-06-04T17:19:46","date_gmt":"2025-06-04T17:19:46","guid":{"rendered":"http:\/\/theuncommonshop.ch\/produkt\/323485\/"},"modified":"2026-03-29T17:59:07","modified_gmt":"2026-03-29T15:59:07","slug":"uncommon-shop-grey-hoodie-mmxiv-edition-3","status":"publish","type":"product","link":"https:\/\/theuncommonshop.ch\/fr\/product\/uncommon-shop-grey-hoodie-mmxiv-edition-3\/","title":{"rendered":"Uncommon Shop &#8211; Sweat \u00e0 capuche gris \u00e9dition MMXIV"},"content":{"rendered":"<p>Sweat-shirt sportif \u00e0 capuche avec k\u00e4ngerutuschae.<\/p>\n<p>Capuche doubl\u00e9e avec cordon de serrage et \u0153illets m\u00e9talliques de qualit\u00e9.<br \/>Fabriqu\u00e9 sur un m\u00e9lange coton\/polyester facile d&#8217;entretien pour les plus hautes exigences. Necklaber HAKRO tiss\u00e9 en keesatin de haute qualit\u00e9 avec des bords de bande souples et coup\u00e9s aux ultrasons pour un confort maximal et Flagblaber HAKRO tiss\u00e9 sur la couture lat\u00e9rale gauche.   <\/p>\n<p>Couleur gris chin\u00e9 (015)<\/p>\n","protected":false},"excerpt":{"rendered":"<p>Sweat-shirt sportif \u00e0 capuche avec k\u00e4ngerutuschae. Capuche doubl\u00e9e avec cordon de serrage et \u0153illets m\u00e9talliques de qualit\u00e9.Fabriqu\u00e9 sur un m\u00e9lange<\/p>\n","protected":false},"featured_media":118177,"comment_status":"open","ping_status":"closed","template":"","meta":{"_acf_changed":false},"product_brand":[5156],"product_cat":[9939],"product_tag":[],"class_list":{"0":"post-323485","1":"product","2":"type-product","3":"status-publish","4":"has-post-thumbnail","6":"product_brand-uncommon-shop","7":"product_cat-uncommon-shop-merch-fr","9":"first","10":"instock","11":"taxable","12":"shipping-taxable","13":"purchasable","14":"product-type-variable"},"acf":[],"yoast_head":"<!-- This site is optimized with the Yoast SEO plugin v27.4 - https:\/\/yoast.com\/product\/yoast-seo-wordpress\/ -->\n<title>Ach\u00e8te Uncommon Shop - Sweat \u00e0 capuche gris \u00e9dition MMXIV<\/title>\n<meta name=\"description\" content=\"Ach\u00e8te Uncommon Shop - Sweat \u00e0 capuche gris \u00e9dition MMXIV en ligne maintenant \u00e0 petit prix! Ton #1 shop pour cartes TCG &amp; Pok\u00e9mon en Suisse \u2713 Livraison gratuite d\u00e8s CHF 29\" \/>\n<meta name=\"robots\" content=\"index, follow, max-snippet:-1, max-image-preview:large, max-video-preview:-1\" \/>\n<link rel=\"canonical\" href=\"https:\/\/theuncommonshop.ch\/fr\/product\/uncommon-shop-grey-hoodie-mmxiv-edition-3\/\" \/>\n<meta property=\"og:locale\" content=\"fr_FR\" \/>\n<meta property=\"og:type\" content=\"article\" \/>\n<meta property=\"og:title\" content=\"Ach\u00e8te Uncommon Shop - Sweat \u00e0 capuche gris \u00e9dition MMXIV\" \/>\n<meta property=\"og:description\" content=\"Ach\u00e8te Uncommon Shop - Sweat \u00e0 capuche gris \u00e9dition MMXIV en ligne maintenant \u00e0 petit prix! Ton #1 shop pour cartes TCG &amp; Pok\u00e9mon en Suisse \u2713 Livraison gratuite d\u00e8s CHF 29\" \/>\n<meta property=\"og:url\" content=\"https:\/\/theuncommonshop.ch\/fr\/product\/uncommon-shop-grey-hoodie-mmxiv-edition-3\/\" \/>\n<meta property=\"og:site_name\" content=\"Largest trading card shop in Switzerland\" \/>\n<meta property=\"article:modified_time\" content=\"2026-03-29T15:59:07+00:00\" \/>\n<meta property=\"og:image\" content=\"https:\/\/theuncommonshop.ch\/wp-content\/uploads\/2025\/06\/4623539576.jpg\" \/>\n\t<meta property=\"og:image:width\" content=\"1080\" \/>\n\t<meta property=\"og:image:height\" content=\"1080\" \/>\n\t<meta property=\"og:image:type\" content=\"image\/jpeg\" \/>\n<meta name=\"twitter:card\" content=\"summary_large_image\" \/>\n<meta name=\"twitter:label1\" content=\"Disponibilit\u00e9\" \/>\n\t<meta name=\"twitter:data1\" content=\"En stock\" \/>\n<script type=\"application\/ld+json\" class=\"yoast-schema-graph\">{\"@context\":\"https:\\\/\\\/schema.org\",\"@graph\":[{\"@type\":\"WebPage\",\"@id\":\"https:\\\/\\\/theuncommonshop.ch\\\/fr\\\/product\\\/uncommon-shop-grey-hoodie-mmxiv-edition-3\\\/\",\"url\":\"https:\\\/\\\/theuncommonshop.ch\\\/fr\\\/product\\\/uncommon-shop-grey-hoodie-mmxiv-edition-3\\\/\",\"name\":\"Ach\u00e8te Uncommon Shop - Sweat \u00e0 capuche gris \u00e9dition MMXIV\",\"isPartOf\":{\"@id\":\"https:\\\/\\\/theuncommonshop.ch\\\/#website\"},\"primaryImageOfPage\":{\"@id\":\"https:\\\/\\\/theuncommonshop.ch\\\/fr\\\/product\\\/uncommon-shop-grey-hoodie-mmxiv-edition-3\\\/#primaryimage\"},\"image\":{\"@id\":\"https:\\\/\\\/theuncommonshop.ch\\\/fr\\\/product\\\/uncommon-shop-grey-hoodie-mmxiv-edition-3\\\/#primaryimage\"},\"thumbnailUrl\":\"https:\\\/\\\/theuncommonshop.ch\\\/wp-content\\\/uploads\\\/2025\\\/06\\\/4623539576.jpg\",\"datePublished\":\"2025-06-04T17:19:46+00:00\",\"dateModified\":\"2026-03-29T15:59:07+00:00\",\"description\":\"Ach\u00e8te Uncommon Shop - Sweat \u00e0 capuche gris \u00e9dition MMXIV en ligne maintenant \u00e0 petit prix! Ton #1 shop pour cartes TCG & Pok\u00e9mon en Suisse \u2713 Livraison gratuite d\u00e8s CHF 29\",\"breadcrumb\":{\"@id\":\"https:\\\/\\\/theuncommonshop.ch\\\/fr\\\/product\\\/uncommon-shop-grey-hoodie-mmxiv-edition-3\\\/#breadcrumb\"},\"inLanguage\":\"fr-FR\",\"potentialAction\":[{\"@type\":\"ReadAction\",\"target\":[\"https:\\\/\\\/theuncommonshop.ch\\\/fr\\\/product\\\/uncommon-shop-grey-hoodie-mmxiv-edition-3\\\/\"]}]},{\"@type\":\"ImageObject\",\"inLanguage\":\"fr-FR\",\"@id\":\"https:\\\/\\\/theuncommonshop.ch\\\/fr\\\/product\\\/uncommon-shop-grey-hoodie-mmxiv-edition-3\\\/#primaryimage\",\"url\":\"https:\\\/\\\/theuncommonshop.ch\\\/wp-content\\\/uploads\\\/2025\\\/06\\\/4623539576.jpg\",\"contentUrl\":\"https:\\\/\\\/theuncommonshop.ch\\\/wp-content\\\/uploads\\\/2025\\\/06\\\/4623539576.jpg\",\"width\":1080,\"height\":1080},{\"@type\":\"BreadcrumbList\",\"@id\":\"https:\\\/\\\/theuncommonshop.ch\\\/fr\\\/product\\\/uncommon-shop-grey-hoodie-mmxiv-edition-3\\\/#breadcrumb\",\"itemListElement\":[{\"@type\":\"ListItem\",\"position\":1,\"name\":\"Accueil\",\"item\":\"https:\\\/\\\/theuncommonshop.ch\\\/fr\\\/accueil\\\/\"},{\"@type\":\"ListItem\",\"position\":2,\"name\":\"Boutique\",\"item\":\"https:\\\/\\\/theuncommonshop.ch\\\/fr\\\/boutique\\\/\"},{\"@type\":\"ListItem\",\"position\":3,\"name\":\"Merch\",\"item\":\"https:\\\/\\\/theuncommonshop.ch\\\/fr\\\/categorie-produit\\\/merch-fr\\\/\"},{\"@type\":\"ListItem\",\"position\":4,\"name\":\"Uncommon Shop Merch\",\"item\":\"https:\\\/\\\/theuncommonshop.ch\\\/fr\\\/categorie-produit\\\/merch-fr\\\/uncommon-shop-merch-fr\\\/\"},{\"@type\":\"ListItem\",\"position\":5,\"name\":\"Uncommon Shop &#8211; Sweat \u00e0 capuche gris \u00e9dition MMXIV\"}]},{\"@type\":\"WebSite\",\"@id\":\"https:\\\/\\\/theuncommonshop.ch\\\/#website\",\"url\":\"https:\\\/\\\/theuncommonshop.ch\\\/\",\"name\":\"Largest trading card shop in Switzerland\",\"description\":\"Magic, Pok\u00e9mon and Yu-gi-oh - The Uncommon Shop\",\"potentialAction\":[{\"@type\":\"SearchAction\",\"target\":{\"@type\":\"EntryPoint\",\"urlTemplate\":\"https:\\\/\\\/theuncommonshop.ch\\\/?s={search_term_string}\"},\"query-input\":{\"@type\":\"PropertyValueSpecification\",\"valueRequired\":true,\"valueName\":\"search_term_string\"}}],\"inLanguage\":\"fr-FR\"}]}<\/script>\n<meta property=\"og:availability\" content=\"instock\" \/>\n<meta property=\"product:availability\" content=\"instock\" \/>\n<meta property=\"product:retailer_item_id\" content=\"Zub.XX.HoodieGrey\" \/>\n<meta property=\"product:condition\" content=\"new\" \/>\n<!-- \/ Yoast SEO plugin. -->","yoast_head_json":{"title":"Ach\u00e8te Uncommon Shop - Sweat \u00e0 capuche gris \u00e9dition MMXIV","description":"Ach\u00e8te Uncommon Shop - Sweat \u00e0 capuche gris \u00e9dition MMXIV en ligne maintenant \u00e0 petit prix! Ton #1 shop pour cartes TCG & Pok\u00e9mon en Suisse \u2713 Livraison gratuite d\u00e8s CHF 29","robots":{"index":"index","follow":"follow","max-snippet":"max-snippet:-1","max-image-preview":"max-image-preview:large","max-video-preview":"max-video-preview:-1"},"canonical":"https:\/\/theuncommonshop.ch\/fr\/product\/uncommon-shop-grey-hoodie-mmxiv-edition-3\/","og_locale":"fr_FR","og_type":"article","og_title":"Ach\u00e8te Uncommon Shop - Sweat \u00e0 capuche gris \u00e9dition MMXIV","og_description":"Ach\u00e8te Uncommon Shop - Sweat \u00e0 capuche gris \u00e9dition MMXIV en ligne maintenant \u00e0 petit prix! Ton #1 shop pour cartes TCG & Pok\u00e9mon en Suisse \u2713 Livraison gratuite d\u00e8s CHF 29","og_url":"https:\/\/theuncommonshop.ch\/fr\/product\/uncommon-shop-grey-hoodie-mmxiv-edition-3\/","og_site_name":"Largest trading card shop in Switzerland","article_modified_time":"2026-03-29T15:59:07+00:00","og_image":[{"width":1080,"height":1080,"url":"https:\/\/theuncommonshop.ch\/wp-content\/uploads\/2025\/06\/4623539576.jpg","type":"image\/jpeg"}],"twitter_card":"summary_large_image","twitter_misc":{"Disponibilit\u00e9":"En stock"},"schema":{"@context":"https:\/\/schema.org","@graph":[{"@type":"WebPage","@id":"https:\/\/theuncommonshop.ch\/fr\/product\/uncommon-shop-grey-hoodie-mmxiv-edition-3\/","url":"https:\/\/theuncommonshop.ch\/fr\/product\/uncommon-shop-grey-hoodie-mmxiv-edition-3\/","name":"Ach\u00e8te Uncommon Shop - Sweat \u00e0 capuche gris \u00e9dition MMXIV","isPartOf":{"@id":"https:\/\/theuncommonshop.ch\/#website"},"primaryImageOfPage":{"@id":"https:\/\/theuncommonshop.ch\/fr\/product\/uncommon-shop-grey-hoodie-mmxiv-edition-3\/#primaryimage"},"image":{"@id":"https:\/\/theuncommonshop.ch\/fr\/product\/uncommon-shop-grey-hoodie-mmxiv-edition-3\/#primaryimage"},"thumbnailUrl":"https:\/\/theuncommonshop.ch\/wp-content\/uploads\/2025\/06\/4623539576.jpg","datePublished":"2025-06-04T17:19:46+00:00","dateModified":"2026-03-29T15:59:07+00:00","description":"Ach\u00e8te Uncommon Shop - Sweat \u00e0 capuche gris \u00e9dition MMXIV en ligne maintenant \u00e0 petit prix! Ton #1 shop pour cartes TCG & Pok\u00e9mon en Suisse \u2713 Livraison gratuite d\u00e8s CHF 29","breadcrumb":{"@id":"https:\/\/theuncommonshop.ch\/fr\/product\/uncommon-shop-grey-hoodie-mmxiv-edition-3\/#breadcrumb"},"inLanguage":"fr-FR","potentialAction":[{"@type":"ReadAction","target":["https:\/\/theuncommonshop.ch\/fr\/product\/uncommon-shop-grey-hoodie-mmxiv-edition-3\/"]}]},{"@type":"ImageObject","inLanguage":"fr-FR","@id":"https:\/\/theuncommonshop.ch\/fr\/product\/uncommon-shop-grey-hoodie-mmxiv-edition-3\/#primaryimage","url":"https:\/\/theuncommonshop.ch\/wp-content\/uploads\/2025\/06\/4623539576.jpg","contentUrl":"https:\/\/theuncommonshop.ch\/wp-content\/uploads\/2025\/06\/4623539576.jpg","width":1080,"height":1080},{"@type":"BreadcrumbList","@id":"https:\/\/theuncommonshop.ch\/fr\/product\/uncommon-shop-grey-hoodie-mmxiv-edition-3\/#breadcrumb","itemListElement":[{"@type":"ListItem","position":1,"name":"Accueil","item":"https:\/\/theuncommonshop.ch\/fr\/accueil\/"},{"@type":"ListItem","position":2,"name":"Boutique","item":"https:\/\/theuncommonshop.ch\/fr\/boutique\/"},{"@type":"ListItem","position":3,"name":"Merch","item":"https:\/\/theuncommonshop.ch\/fr\/categorie-produit\/merch-fr\/"},{"@type":"ListItem","position":4,"name":"Uncommon Shop Merch","item":"https:\/\/theuncommonshop.ch\/fr\/categorie-produit\/merch-fr\/uncommon-shop-merch-fr\/"},{"@type":"ListItem","position":5,"name":"Uncommon Shop &#8211; Sweat \u00e0 capuche gris \u00e9dition MMXIV"}]},{"@type":"WebSite","@id":"https:\/\/theuncommonshop.ch\/#website","url":"https:\/\/theuncommonshop.ch\/","name":"Largest trading card shop in Switzerland","description":"Magic, Pok\u00e9mon and Yu-gi-oh - The Uncommon Shop","potentialAction":[{"@type":"SearchAction","target":{"@type":"EntryPoint","urlTemplate":"https:\/\/theuncommonshop.ch\/?s={search_term_string}"},"query-input":{"@type":"PropertyValueSpecification","valueRequired":true,"valueName":"search_term_string"}}],"inLanguage":"fr-FR"}]},"og_availability":"instock","product_availability":"instock","product_retailer_item_id":"Zub.XX.HoodieGrey","product_condition":"new"},"_links":{"self":[{"href":"https:\/\/theuncommonshop.ch\/fr\/wp-json\/wp\/v2\/product\/323485","targetHints":{"allow":["GET"]}}],"collection":[{"href":"https:\/\/theuncommonshop.ch\/fr\/wp-json\/wp\/v2\/product"}],"about":[{"href":"https:\/\/theuncommonshop.ch\/fr\/wp-json\/wp\/v2\/types\/product"}],"replies":[{"embeddable":true,"href":"https:\/\/theuncommonshop.ch\/fr\/wp-json\/wp\/v2\/comments?post=323485"}],"version-history":[{"count":2,"href":"https:\/\/theuncommonshop.ch\/fr\/wp-json\/wp\/v2\/product\/323485\/revisions"}],"predecessor-version":[{"id":360710,"href":"https:\/\/theuncommonshop.ch\/fr\/wp-json\/wp\/v2\/product\/323485\/revisions\/360710"}],"wp:featuredmedia":[{"embeddable":true,"href":"https:\/\/theuncommonshop.ch\/fr\/wp-json\/wp\/v2\/media\/118177"}],"wp:attachment":[{"href":"https:\/\/theuncommonshop.ch\/fr\/wp-json\/wp\/v2\/media?parent=323485"}],"wp:term":[{"taxonomy":"product_brand","embeddable":true,"href":"https:\/\/theuncommonshop.ch\/fr\/wp-json\/wp\/v2\/product_brand?post=323485"},{"taxonomy":"product_cat","embeddable":true,"href":"https:\/\/theuncommonshop.ch\/fr\/wp-json\/wp\/v2\/product_cat?post=323485"},{"taxonomy":"product_tag","embeddable":true,"href":"https:\/\/theuncommonshop.ch\/fr\/wp-json\/wp\/v2\/product_tag?post=323485"}],"curies":[{"name":"wp","href":"https:\/\/api.w.org\/{rel}","templated":true}]}}