{"id":323445,"date":"2025-06-04T15:59:16","date_gmt":"2025-06-04T15:59:16","guid":{"rendered":"http:\/\/theuncommonshop.ch\/produkt\/323445\/"},"modified":"2026-03-31T19:32:56","modified_gmt":"2026-03-31T17:32:56","slug":"oakie-doakie-dice-rpg-wuerfel-set-marble-lila-2","status":"publish","type":"product","link":"https:\/\/theuncommonshop.ch\/fr\/product\/oakie-doakie-dice-rpg-wuerfel-set-marble-lila-2\/","title":{"rendered":"Oakie Doakie &#8211; Jeu de d\u00e9s RPG &#8211; Marble &#8211; Violet"},"content":{"rendered":"<p>Ces cubes se distinguent par leur aspect marbr\u00e9 et leur finition brillante &#8211; tr\u00e8s chic !<\/p>\n<p>Les sets de jeu de r\u00f4le se composent de 7 d\u00e9s : W6, W4, 2x W10 (pas de 1 et de 10), W8, W20 et W12. Ils sont livr\u00e9s dans une bo\u00eete super pratique et solide avec un compartiment coulissant, de sorte que vous pouvez toujours les emballer et les emporter facilement et rapidement. <\/p>\n<p>Compatible avec Ultimate Guard\u00ae :<\/p>\n<p>Le compartiment de la bo\u00eete de transport des cubes s&#8217;adapte parfaitement \u00e0 Ultimate Guard\u00ae Twin Flip&#8217;n&#8217;Tray 160.<\/p>\n","protected":false},"excerpt":{"rendered":"<p>Ces cubes se distinguent par leur aspect marbr\u00e9 et leur finition brillante &#8211; tr\u00e8s chic ! Les sets de jeu<\/p>\n","protected":false},"featured_media":116312,"comment_status":"open","ping_status":"closed","template":"","meta":{"_acf_changed":false},"product_brand":[5108],"product_cat":[9859,9869],"product_tag":[],"class_list":{"0":"post-323445","1":"product","2":"type-product","3":"status-publish","4":"has-post-thumbnail","6":"product_brand-oakie-doakie","7":"product_cat-accessoires-tcg","8":"product_cat-des","10":"first","11":"outofstock","12":"taxable","13":"shipping-taxable","14":"purchasable","15":"product-type-simple"},"acf":[],"yoast_head":"<!-- This site is optimized with the Yoast SEO plugin v27.4 - https:\/\/yoast.com\/product\/yoast-seo-wordpress\/ -->\n<title>Ach\u00e8te Oakie Doakie - Jeu de d\u00e9s RPG - Marble - Violet<\/title>\n<meta name=\"description\" content=\"Ach\u00e8te Oakie Doakie - Jeu de d\u00e9s RPG - Marble - Violet en ligne maintenant \u00e0 petit prix! Ton #1 shop pour cartes TCG &amp; Pok\u00e9mon en Suisse \u2713 Livraison gratuite d\u00e8s CHF 29\" \/>\n<meta name=\"robots\" content=\"index, follow, max-snippet:-1, max-image-preview:large, max-video-preview:-1\" \/>\n<link rel=\"canonical\" href=\"https:\/\/theuncommonshop.ch\/fr\/product\/oakie-doakie-dice-rpg-wuerfel-set-marble-lila-2\/\" \/>\n<meta property=\"og:locale\" content=\"fr_FR\" \/>\n<meta property=\"og:type\" content=\"article\" \/>\n<meta property=\"og:title\" content=\"Ach\u00e8te Oakie Doakie - Jeu de d\u00e9s RPG - Marble - Violet\" \/>\n<meta property=\"og:description\" content=\"Ach\u00e8te Oakie Doakie - Jeu de d\u00e9s RPG - Marble - Violet en ligne maintenant \u00e0 petit prix! Ton #1 shop pour cartes TCG &amp; Pok\u00e9mon en Suisse \u2713 Livraison gratuite d\u00e8s CHF 29\" \/>\n<meta property=\"og:url\" content=\"https:\/\/theuncommonshop.ch\/fr\/product\/oakie-doakie-dice-rpg-wuerfel-set-marble-lila-2\/\" \/>\n<meta property=\"og:site_name\" content=\"The Uncommon Shop\" \/>\n<meta property=\"article:modified_time\" content=\"2026-03-31T17:32:56+00:00\" \/>\n<meta property=\"og:image\" content=\"https:\/\/theuncommonshop.ch\/wp-content\/uploads\/2025\/06\/4561965016.jpg\" \/>\n\t<meta property=\"og:image:width\" content=\"1000\" \/>\n\t<meta property=\"og:image:height\" content=\"1000\" \/>\n\t<meta property=\"og:image:type\" content=\"image\/jpeg\" \/>\n<meta name=\"twitter:card\" content=\"summary_large_image\" \/>\n<meta name=\"twitter:label1\" content=\"Prix\" \/>\n\t<meta name=\"twitter:data1\" content=\"&#067;&#072;&#070;&nbsp;9.95\" \/>\n\t<meta name=\"twitter:label2\" content=\"Disponibilit\u00e9\" \/>\n\t<meta name=\"twitter:data2\" content=\"Rupture de stock\" \/>\n<script type=\"application\/ld+json\" class=\"yoast-schema-graph\">{\"@context\":\"https:\\\/\\\/schema.org\",\"@graph\":[{\"@type\":\"WebPage\",\"@id\":\"https:\\\/\\\/theuncommonshop.ch\\\/fr\\\/product\\\/oakie-doakie-dice-rpg-wuerfel-set-marble-lila-2\\\/\",\"url\":\"https:\\\/\\\/theuncommonshop.ch\\\/fr\\\/product\\\/oakie-doakie-dice-rpg-wuerfel-set-marble-lila-2\\\/\",\"name\":\"Ach\u00e8te Oakie Doakie - Jeu de d\u00e9s RPG - Marble - Violet\",\"isPartOf\":{\"@id\":\"https:\\\/\\\/theuncommonshop.ch\\\/fr\\\/#website\"},\"primaryImageOfPage\":{\"@id\":\"https:\\\/\\\/theuncommonshop.ch\\\/fr\\\/product\\\/oakie-doakie-dice-rpg-wuerfel-set-marble-lila-2\\\/#primaryimage\"},\"image\":{\"@id\":\"https:\\\/\\\/theuncommonshop.ch\\\/fr\\\/product\\\/oakie-doakie-dice-rpg-wuerfel-set-marble-lila-2\\\/#primaryimage\"},\"thumbnailUrl\":\"https:\\\/\\\/theuncommonshop.ch\\\/wp-content\\\/uploads\\\/2025\\\/06\\\/4561965016.jpg\",\"datePublished\":\"2025-06-04T15:59:16+00:00\",\"dateModified\":\"2026-03-31T17:32:56+00:00\",\"description\":\"Ach\u00e8te Oakie Doakie - Jeu de d\u00e9s RPG - Marble - Violet en ligne maintenant \u00e0 petit prix! Ton #1 shop pour cartes TCG & Pok\u00e9mon en Suisse \u2713 Livraison gratuite d\u00e8s CHF 29\",\"breadcrumb\":{\"@id\":\"https:\\\/\\\/theuncommonshop.ch\\\/fr\\\/product\\\/oakie-doakie-dice-rpg-wuerfel-set-marble-lila-2\\\/#breadcrumb\"},\"inLanguage\":\"fr-FR\",\"potentialAction\":[{\"@type\":\"ReadAction\",\"target\":[\"https:\\\/\\\/theuncommonshop.ch\\\/fr\\\/product\\\/oakie-doakie-dice-rpg-wuerfel-set-marble-lila-2\\\/\"]}]},{\"@type\":\"ImageObject\",\"inLanguage\":\"fr-FR\",\"@id\":\"https:\\\/\\\/theuncommonshop.ch\\\/fr\\\/product\\\/oakie-doakie-dice-rpg-wuerfel-set-marble-lila-2\\\/#primaryimage\",\"url\":\"https:\\\/\\\/theuncommonshop.ch\\\/wp-content\\\/uploads\\\/2025\\\/06\\\/4561965016.jpg\",\"contentUrl\":\"https:\\\/\\\/theuncommonshop.ch\\\/wp-content\\\/uploads\\\/2025\\\/06\\\/4561965016.jpg\",\"width\":1000,\"height\":1000},{\"@type\":\"BreadcrumbList\",\"@id\":\"https:\\\/\\\/theuncommonshop.ch\\\/fr\\\/product\\\/oakie-doakie-dice-rpg-wuerfel-set-marble-lila-2\\\/#breadcrumb\",\"itemListElement\":[{\"@type\":\"ListItem\",\"position\":1,\"name\":\"Accueil\",\"item\":\"https:\\\/\\\/theuncommonshop.ch\\\/fr\\\/accueil\\\/\"},{\"@type\":\"ListItem\",\"position\":2,\"name\":\"Boutique\",\"item\":\"https:\\\/\\\/theuncommonshop.ch\\\/fr\\\/boutique\\\/\"},{\"@type\":\"ListItem\",\"position\":3,\"name\":\"Accessoires TCG\",\"item\":\"https:\\\/\\\/theuncommonshop.ch\\\/fr\\\/categorie-produit\\\/accessoires-tcg\\\/\"},{\"@type\":\"ListItem\",\"position\":4,\"name\":\"D\u00e9s\",\"item\":\"https:\\\/\\\/theuncommonshop.ch\\\/fr\\\/categorie-produit\\\/accessoires-tcg\\\/des\\\/\"},{\"@type\":\"ListItem\",\"position\":5,\"name\":\"Oakie Doakie &#8211; Jeu de d\u00e9s RPG &#8211; Marble &#8211; Violet\"}]},{\"@type\":\"WebSite\",\"@id\":\"https:\\\/\\\/theuncommonshop.ch\\\/fr\\\/#website\",\"url\":\"https:\\\/\\\/theuncommonshop.ch\\\/fr\\\/\",\"name\":\"The Uncommon Shop\",\"description\":\"Magic, Pok\u00e9mon and Yu-gi-oh - The Uncommon Shop\",\"potentialAction\":[{\"@type\":\"SearchAction\",\"target\":{\"@type\":\"EntryPoint\",\"urlTemplate\":\"https:\\\/\\\/theuncommonshop.ch\\\/fr\\\/?s={search_term_string}\"},\"query-input\":{\"@type\":\"PropertyValueSpecification\",\"valueRequired\":true,\"valueName\":\"search_term_string\"}}],\"inLanguage\":\"fr-FR\"}]}<\/script>\n<meta property=\"product:price:amount\" content=\"9.95\" \/>\n<meta property=\"product:price:currency\" content=\"CHF\" \/>\n<meta property=\"og:availability\" content=\"out of stock\" \/>\n<meta property=\"product:availability\" content=\"out of stock\" \/>\n<meta property=\"product:retailer_item_id\" content=\"Zub.IV.D.RPGW\u00fcrfelMarbleLila\" \/>\n<meta property=\"product:condition\" content=\"new\" \/>\n<!-- \/ Yoast SEO plugin. -->","yoast_head_json":{"title":"Ach\u00e8te Oakie Doakie - Jeu de d\u00e9s RPG - Marble - Violet","description":"Ach\u00e8te Oakie Doakie - Jeu de d\u00e9s RPG - Marble - Violet en ligne maintenant \u00e0 petit prix! Ton #1 shop pour cartes TCG & Pok\u00e9mon en Suisse \u2713 Livraison gratuite d\u00e8s CHF 29","robots":{"index":"index","follow":"follow","max-snippet":"max-snippet:-1","max-image-preview":"max-image-preview:large","max-video-preview":"max-video-preview:-1"},"canonical":"https:\/\/theuncommonshop.ch\/fr\/product\/oakie-doakie-dice-rpg-wuerfel-set-marble-lila-2\/","og_locale":"fr_FR","og_type":"article","og_title":"Ach\u00e8te Oakie Doakie - Jeu de d\u00e9s RPG - Marble - Violet","og_description":"Ach\u00e8te Oakie Doakie - Jeu de d\u00e9s RPG - Marble - Violet en ligne maintenant \u00e0 petit prix! Ton #1 shop pour cartes TCG & Pok\u00e9mon en Suisse \u2713 Livraison gratuite d\u00e8s CHF 29","og_url":"https:\/\/theuncommonshop.ch\/fr\/product\/oakie-doakie-dice-rpg-wuerfel-set-marble-lila-2\/","og_site_name":"The Uncommon Shop","article_modified_time":"2026-03-31T17:32:56+00:00","og_image":[{"width":1000,"height":1000,"url":"https:\/\/theuncommonshop.ch\/wp-content\/uploads\/2025\/06\/4561965016.jpg","type":"image\/jpeg"}],"twitter_card":"summary_large_image","twitter_misc":{"Prix":"&#67;&#72;&#70;&nbsp;9.95","Disponibilit\u00e9":"Rupture de stock"},"schema":{"@context":"https:\/\/schema.org","@graph":[{"@type":"WebPage","@id":"https:\/\/theuncommonshop.ch\/fr\/product\/oakie-doakie-dice-rpg-wuerfel-set-marble-lila-2\/","url":"https:\/\/theuncommonshop.ch\/fr\/product\/oakie-doakie-dice-rpg-wuerfel-set-marble-lila-2\/","name":"Ach\u00e8te Oakie Doakie - Jeu de d\u00e9s RPG - Marble - Violet","isPartOf":{"@id":"https:\/\/theuncommonshop.ch\/fr\/#website"},"primaryImageOfPage":{"@id":"https:\/\/theuncommonshop.ch\/fr\/product\/oakie-doakie-dice-rpg-wuerfel-set-marble-lila-2\/#primaryimage"},"image":{"@id":"https:\/\/theuncommonshop.ch\/fr\/product\/oakie-doakie-dice-rpg-wuerfel-set-marble-lila-2\/#primaryimage"},"thumbnailUrl":"https:\/\/theuncommonshop.ch\/wp-content\/uploads\/2025\/06\/4561965016.jpg","datePublished":"2025-06-04T15:59:16+00:00","dateModified":"2026-03-31T17:32:56+00:00","description":"Ach\u00e8te Oakie Doakie - Jeu de d\u00e9s RPG - Marble - Violet en ligne maintenant \u00e0 petit prix! Ton #1 shop pour cartes TCG & Pok\u00e9mon en Suisse \u2713 Livraison gratuite d\u00e8s CHF 29","breadcrumb":{"@id":"https:\/\/theuncommonshop.ch\/fr\/product\/oakie-doakie-dice-rpg-wuerfel-set-marble-lila-2\/#breadcrumb"},"inLanguage":"fr-FR","potentialAction":[{"@type":"ReadAction","target":["https:\/\/theuncommonshop.ch\/fr\/product\/oakie-doakie-dice-rpg-wuerfel-set-marble-lila-2\/"]}]},{"@type":"ImageObject","inLanguage":"fr-FR","@id":"https:\/\/theuncommonshop.ch\/fr\/product\/oakie-doakie-dice-rpg-wuerfel-set-marble-lila-2\/#primaryimage","url":"https:\/\/theuncommonshop.ch\/wp-content\/uploads\/2025\/06\/4561965016.jpg","contentUrl":"https:\/\/theuncommonshop.ch\/wp-content\/uploads\/2025\/06\/4561965016.jpg","width":1000,"height":1000},{"@type":"BreadcrumbList","@id":"https:\/\/theuncommonshop.ch\/fr\/product\/oakie-doakie-dice-rpg-wuerfel-set-marble-lila-2\/#breadcrumb","itemListElement":[{"@type":"ListItem","position":1,"name":"Accueil","item":"https:\/\/theuncommonshop.ch\/fr\/accueil\/"},{"@type":"ListItem","position":2,"name":"Boutique","item":"https:\/\/theuncommonshop.ch\/fr\/boutique\/"},{"@type":"ListItem","position":3,"name":"Accessoires TCG","item":"https:\/\/theuncommonshop.ch\/fr\/categorie-produit\/accessoires-tcg\/"},{"@type":"ListItem","position":4,"name":"D\u00e9s","item":"https:\/\/theuncommonshop.ch\/fr\/categorie-produit\/accessoires-tcg\/des\/"},{"@type":"ListItem","position":5,"name":"Oakie Doakie &#8211; Jeu de d\u00e9s RPG &#8211; Marble &#8211; Violet"}]},{"@type":"WebSite","@id":"https:\/\/theuncommonshop.ch\/fr\/#website","url":"https:\/\/theuncommonshop.ch\/fr\/","name":"The Uncommon Shop","description":"Magic, Pok\u00e9mon and Yu-gi-oh - The Uncommon Shop","potentialAction":[{"@type":"SearchAction","target":{"@type":"EntryPoint","urlTemplate":"https:\/\/theuncommonshop.ch\/fr\/?s={search_term_string}"},"query-input":{"@type":"PropertyValueSpecification","valueRequired":true,"valueName":"search_term_string"}}],"inLanguage":"fr-FR"}]},"product_price_amount":"9.95","product_price_currency":"CHF","og_availability":"out of stock","product_availability":"out of stock","product_retailer_item_id":"Zub.IV.D.RPGW\u00fcrfelMarbleLila","product_condition":"new"},"_links":{"self":[{"href":"https:\/\/theuncommonshop.ch\/fr\/wp-json\/wp\/v2\/product\/323445","targetHints":{"allow":["GET"]}}],"collection":[{"href":"https:\/\/theuncommonshop.ch\/fr\/wp-json\/wp\/v2\/product"}],"about":[{"href":"https:\/\/theuncommonshop.ch\/fr\/wp-json\/wp\/v2\/types\/product"}],"replies":[{"embeddable":true,"href":"https:\/\/theuncommonshop.ch\/fr\/wp-json\/wp\/v2\/comments?post=323445"}],"version-history":[{"count":0,"href":"https:\/\/theuncommonshop.ch\/fr\/wp-json\/wp\/v2\/product\/323445\/revisions"}],"wp:featuredmedia":[{"embeddable":true,"href":"https:\/\/theuncommonshop.ch\/fr\/wp-json\/wp\/v2\/media\/116312"}],"wp:attachment":[{"href":"https:\/\/theuncommonshop.ch\/fr\/wp-json\/wp\/v2\/media?parent=323445"}],"wp:term":[{"taxonomy":"product_brand","embeddable":true,"href":"https:\/\/theuncommonshop.ch\/fr\/wp-json\/wp\/v2\/product_brand?post=323445"},{"taxonomy":"product_cat","embeddable":true,"href":"https:\/\/theuncommonshop.ch\/fr\/wp-json\/wp\/v2\/product_cat?post=323445"},{"taxonomy":"product_tag","embeddable":true,"href":"https:\/\/theuncommonshop.ch\/fr\/wp-json\/wp\/v2\/product_tag?post=323445"}],"curies":[{"name":"wp","href":"https:\/\/api.w.org\/{rel}","templated":true}]}}