{"id":323321,"date":"2025-06-04T19:57:44","date_gmt":"2025-06-04T19:57:44","guid":{"rendered":"http:\/\/theuncommonshop.ch\/produkt\/323321\/"},"modified":"2026-03-29T16:27:21","modified_gmt":"2026-03-29T14:27:21","slug":"magic-festival-in-a-box-chicago-mb2-display-2","status":"publish","type":"product","link":"https:\/\/theuncommonshop.ch\/fr\/product\/magic-festival-in-a-box-chicago-mb2-display-2\/","title":{"rendered":"Magic &#8211; Festival in a Box Chicago (MB2) &#8211; Pr\u00e9sentoir"},"content":{"rendered":"<p data-start=\"79\" data-end=\"434\">Vivez l&#8217;exp\u00e9rience d&#8217;un grand Event Magic directement chez vous avec le <strong data-start=\"157\" data-end=\"201\">pr\u00e9sentoir Festival in a Box : Chicago (MB2)<\/strong>. Ce produit \u00e9v\u00e9nementiel sp\u00e9cial apporte l&#8217;exp\u00e9rience d&#8217;un grand festival Magic aux joueurs et aux collectionneurs et contient un <strong data-start=\"325\" data-end=\"368\">Mystery Booster 2 Draft Booster Display<\/strong> avec des cartes de nombreuses \u00e9poques diff\u00e9rentes de l&#8217;histoire de Magic. <\/p>\n<p data-start=\"436\" data-end=\"751\">Le pr\u00e9sentoir inclus provient de <strong data-start=\"470\" data-end=\"511\"><span class=\"hover:entity-accent entity-underline inline cursor-pointer align-baseline\"><span class=\"whitespace-normal\">Booster Myst\u00e8re 2<\/span><\/span><\/strong>un jeu de draft sp\u00e9cial qui combine un grand nombre de cartes issues de diff\u00e9rents sets Magic. Il en r\u00e9sulte une exp\u00e9rience de draft particuli\u00e8rement vari\u00e9e, avec des combinaisons de cartes inattendues et des strat\u00e9gies passionnantes. <\/p>\n<p data-start=\"753\" data-end=\"928\">Le produit a \u00e9t\u00e9 lanc\u00e9 dans le cadre de <strong data-start=\"785\" data-end=\"804\">MagicCon Events<\/strong> et permet aux joueurs de profiter de l&#8217;exp\u00e9rience du festival en dehors de l&#8217;\u00e9v\u00e9nement.<\/p>\n<h3 data-start=\"930\" data-end=\"948\">D\u00e9tails du produit<\/h3>\n<p data-start=\"950\" data-end=\"1366\">&#8211;  <strong data-start=\"952\" data-end=\"964\">Produit :<\/strong> Festival in a Box &#8211; Chicago<br data-start=\"992\" data-end=\"995\">&#8211;  <strong data-start=\"997\" data-end=\"1010\">Contient :<\/strong> <strong data-start=\"1011\" data-end=\"1054\">Mystery Booster 2 Draft Booster Display<\/strong><br data-start=\"1054\" data-end=\"1057\">&#8211;  <strong data-start=\"1059\" data-end=\"1072\">Code de l&#8217;ensemble :<\/strong> <strong data-start=\"1073\" data-end=\"1080\">MB2<\/strong><br data-start=\"1080\" data-end=\"1083\">&#8211;  <strong data-start=\"1085\" data-end=\"1097\" data-is-only-node=\"\">Langue :<\/strong> <strong data-start=\"1098\" data-end=\"1115\">anglais (EN)<\/strong><br data-start=\"1115\" data-end=\"1118\">&#8211;  <strong data-start=\"1120\" data-end=\"1153\">1 display contient 24 Booster<\/strong><br data-start=\"1153\" data-end=\"1156\">&#8211;  <strong data-start=\"1158\" data-end=\"1204\">15 cartes Magic : The Gathering par Booster<\/strong><br data-start=\"1204\" data-end=\"1207\">&#8211; cartes de nombreux sets Magic diff\u00e9rents<br data-start=\"1251\" data-end=\"1254\">&#8211; Une grande diversit\u00e9 pour des exp\u00e9riences de draft vari\u00e9es<br data-start=\"1310\" data-end=\"1313\">&#8211; Id\u00e9al pour les  <strong data-start=\"1326\" data-end=\"1366\">\u00c9v\u00e9nements de draft, collectionneurs et fans de Magic<\/strong><\/p>\n<p data-start=\"1368\" data-end=\"1533\">Avec le <strong data-start=\"1376\" data-end=\"1441\">pr\u00e9sentoir Magic : The Gathering Festival in a Box : Chicago (MB2)<\/strong>, vous obtenez une exp\u00e9rience de draft unique avec des cartes de toute l&#8217;histoire de Magic.<\/p>\n","protected":false},"excerpt":{"rendered":"<p>Vivez l&#8217;exp\u00e9rience d&#8217;un grand Event Magic directement chez vous avec le pr\u00e9sentoir Festival in a Box : Chicago (MB2). Ce<\/p>\n","protected":false},"featured_media":122100,"comment_status":"open","ping_status":"closed","template":"","meta":{"_acf_changed":false},"product_brand":[5158,5070],"product_cat":[9969,9967],"product_tag":[],"class_list":{"0":"post-323321","1":"product","2":"type-product","3":"status-publish","4":"has-post-thumbnail","6":"product_brand-magic-the-gathering","7":"product_brand-wizards-of-the-coast","8":"product_cat-booster-displays-fr","9":"product_cat-magic-the-gathering-fr","11":"first","12":"outofstock","13":"taxable","14":"shipping-taxable","15":"purchasable","16":"product-type-variable"},"acf":[],"yoast_head":"<!-- This site is optimized with the Yoast SEO plugin v27.4 - https:\/\/yoast.com\/product\/yoast-seo-wordpress\/ -->\n<title>Ach\u00e8te Magic - Festival in a Box Chicago (MB2) - Pr\u00e9sentoir<\/title>\n<meta name=\"description\" content=\"Ach\u00e8te Magic - Festival in a Box Chicago (MB2) - Pr\u00e9sentoir en ligne maintenant \u00e0 petit prix! Ton #1 shop pour cartes TCG &amp; Pok\u00e9mon en Suisse \u2713 Livraison gratuite d\u00e8s CHF 29\" \/>\n<meta name=\"robots\" content=\"index, follow, max-snippet:-1, max-image-preview:large, max-video-preview:-1\" \/>\n<link rel=\"canonical\" href=\"https:\/\/theuncommonshop.ch\/fr\/product\/magic-festival-in-a-box-chicago-mb2-display-2\/\" \/>\n<meta property=\"og:locale\" content=\"fr_FR\" \/>\n<meta property=\"og:type\" content=\"article\" \/>\n<meta property=\"og:title\" content=\"Ach\u00e8te Magic - Festival in a Box Chicago (MB2) - Pr\u00e9sentoir\" \/>\n<meta property=\"og:description\" content=\"Ach\u00e8te Magic - Festival in a Box Chicago (MB2) - Pr\u00e9sentoir en ligne maintenant \u00e0 petit prix! Ton #1 shop pour cartes TCG &amp; Pok\u00e9mon en Suisse \u2713 Livraison gratuite d\u00e8s CHF 29\" \/>\n<meta property=\"og:url\" content=\"https:\/\/theuncommonshop.ch\/fr\/product\/magic-festival-in-a-box-chicago-mb2-display-2\/\" \/>\n<meta property=\"og:site_name\" content=\"The Uncommon Shop\" \/>\n<meta property=\"article:modified_time\" content=\"2026-03-29T14:27:21+00:00\" \/>\n<meta property=\"og:image\" content=\"https:\/\/theuncommonshop.ch\/wp-content\/uploads\/2025\/06\/4768183841.png\" \/>\n\t<meta property=\"og:image:width\" content=\"284\" \/>\n\t<meta property=\"og:image:height\" content=\"284\" \/>\n\t<meta property=\"og:image:type\" content=\"image\/png\" \/>\n<meta name=\"twitter:card\" content=\"summary_large_image\" \/>\n<meta name=\"twitter:label1\" content=\"Disponibilit\u00e9\" \/>\n\t<meta name=\"twitter:data1\" content=\"Rupture de stock\" \/>\n<script type=\"application\/ld+json\" class=\"yoast-schema-graph\">{\"@context\":\"https:\\\/\\\/schema.org\",\"@graph\":[{\"@type\":\"WebPage\",\"@id\":\"https:\\\/\\\/theuncommonshop.ch\\\/fr\\\/product\\\/magic-festival-in-a-box-chicago-mb2-display-2\\\/\",\"url\":\"https:\\\/\\\/theuncommonshop.ch\\\/fr\\\/product\\\/magic-festival-in-a-box-chicago-mb2-display-2\\\/\",\"name\":\"Ach\u00e8te Magic - Festival in a Box Chicago (MB2) - Pr\u00e9sentoir\",\"isPartOf\":{\"@id\":\"https:\\\/\\\/theuncommonshop.ch\\\/fr\\\/#website\"},\"primaryImageOfPage\":{\"@id\":\"https:\\\/\\\/theuncommonshop.ch\\\/fr\\\/product\\\/magic-festival-in-a-box-chicago-mb2-display-2\\\/#primaryimage\"},\"image\":{\"@id\":\"https:\\\/\\\/theuncommonshop.ch\\\/fr\\\/product\\\/magic-festival-in-a-box-chicago-mb2-display-2\\\/#primaryimage\"},\"thumbnailUrl\":\"https:\\\/\\\/theuncommonshop.ch\\\/wp-content\\\/uploads\\\/2025\\\/06\\\/4768183841.png\",\"datePublished\":\"2025-06-04T19:57:44+00:00\",\"dateModified\":\"2026-03-29T14:27:21+00:00\",\"description\":\"Ach\u00e8te Magic - Festival in a Box Chicago (MB2) - Pr\u00e9sentoir en ligne maintenant \u00e0 petit prix! Ton #1 shop pour cartes TCG & Pok\u00e9mon en Suisse \u2713 Livraison gratuite d\u00e8s CHF 29\",\"breadcrumb\":{\"@id\":\"https:\\\/\\\/theuncommonshop.ch\\\/fr\\\/product\\\/magic-festival-in-a-box-chicago-mb2-display-2\\\/#breadcrumb\"},\"inLanguage\":\"fr-FR\",\"potentialAction\":[{\"@type\":\"ReadAction\",\"target\":[\"https:\\\/\\\/theuncommonshop.ch\\\/fr\\\/product\\\/magic-festival-in-a-box-chicago-mb2-display-2\\\/\"]}]},{\"@type\":\"ImageObject\",\"inLanguage\":\"fr-FR\",\"@id\":\"https:\\\/\\\/theuncommonshop.ch\\\/fr\\\/product\\\/magic-festival-in-a-box-chicago-mb2-display-2\\\/#primaryimage\",\"url\":\"https:\\\/\\\/theuncommonshop.ch\\\/wp-content\\\/uploads\\\/2025\\\/06\\\/4768183841.png\",\"contentUrl\":\"https:\\\/\\\/theuncommonshop.ch\\\/wp-content\\\/uploads\\\/2025\\\/06\\\/4768183841.png\",\"width\":284,\"height\":284},{\"@type\":\"BreadcrumbList\",\"@id\":\"https:\\\/\\\/theuncommonshop.ch\\\/fr\\\/product\\\/magic-festival-in-a-box-chicago-mb2-display-2\\\/#breadcrumb\",\"itemListElement\":[{\"@type\":\"ListItem\",\"position\":1,\"name\":\"Accueil\",\"item\":\"https:\\\/\\\/theuncommonshop.ch\\\/fr\\\/accueil\\\/\"},{\"@type\":\"ListItem\",\"position\":2,\"name\":\"Boutique\",\"item\":\"https:\\\/\\\/theuncommonshop.ch\\\/fr\\\/boutique\\\/\"},{\"@type\":\"ListItem\",\"position\":3,\"name\":\"Magic the Gathering\",\"item\":\"https:\\\/\\\/theuncommonshop.ch\\\/fr\\\/categorie-produit\\\/magic-the-gathering-fr\\\/\"},{\"@type\":\"ListItem\",\"position\":4,\"name\":\"Booster Displays\",\"item\":\"https:\\\/\\\/theuncommonshop.ch\\\/fr\\\/categorie-produit\\\/magic-the-gathering-fr\\\/booster-displays-fr\\\/\"},{\"@type\":\"ListItem\",\"position\":5,\"name\":\"Magic &#8211; Festival in a Box Chicago (MB2) &#8211; Pr\u00e9sentoir\"}]},{\"@type\":\"WebSite\",\"@id\":\"https:\\\/\\\/theuncommonshop.ch\\\/fr\\\/#website\",\"url\":\"https:\\\/\\\/theuncommonshop.ch\\\/fr\\\/\",\"name\":\"The Uncommon Shop\",\"description\":\"Magic, Pok\u00e9mon and Yu-gi-oh - The Uncommon Shop\",\"potentialAction\":[{\"@type\":\"SearchAction\",\"target\":{\"@type\":\"EntryPoint\",\"urlTemplate\":\"https:\\\/\\\/theuncommonshop.ch\\\/fr\\\/?s={search_term_string}\"},\"query-input\":{\"@type\":\"PropertyValueSpecification\",\"valueRequired\":true,\"valueName\":\"search_term_string\"}}],\"inLanguage\":\"fr-FR\"}]}<\/script>\n<meta property=\"og:availability\" content=\"out of stock\" \/>\n<meta property=\"product:availability\" content=\"out of stock\" \/>\n<meta property=\"product:condition\" content=\"new\" \/>\n<!-- \/ Yoast SEO plugin. -->","yoast_head_json":{"title":"Ach\u00e8te Magic - Festival in a Box Chicago (MB2) - Pr\u00e9sentoir","description":"Ach\u00e8te Magic - Festival in a Box Chicago (MB2) - Pr\u00e9sentoir en ligne maintenant \u00e0 petit prix! Ton #1 shop pour cartes TCG & Pok\u00e9mon en Suisse \u2713 Livraison gratuite d\u00e8s CHF 29","robots":{"index":"index","follow":"follow","max-snippet":"max-snippet:-1","max-image-preview":"max-image-preview:large","max-video-preview":"max-video-preview:-1"},"canonical":"https:\/\/theuncommonshop.ch\/fr\/product\/magic-festival-in-a-box-chicago-mb2-display-2\/","og_locale":"fr_FR","og_type":"article","og_title":"Ach\u00e8te Magic - Festival in a Box Chicago (MB2) - Pr\u00e9sentoir","og_description":"Ach\u00e8te Magic - Festival in a Box Chicago (MB2) - Pr\u00e9sentoir en ligne maintenant \u00e0 petit prix! Ton #1 shop pour cartes TCG & Pok\u00e9mon en Suisse \u2713 Livraison gratuite d\u00e8s CHF 29","og_url":"https:\/\/theuncommonshop.ch\/fr\/product\/magic-festival-in-a-box-chicago-mb2-display-2\/","og_site_name":"The Uncommon Shop","article_modified_time":"2026-03-29T14:27:21+00:00","og_image":[{"width":284,"height":284,"url":"https:\/\/theuncommonshop.ch\/wp-content\/uploads\/2025\/06\/4768183841.png","type":"image\/png"}],"twitter_card":"summary_large_image","twitter_misc":{"Disponibilit\u00e9":"Rupture de stock"},"schema":{"@context":"https:\/\/schema.org","@graph":[{"@type":"WebPage","@id":"https:\/\/theuncommonshop.ch\/fr\/product\/magic-festival-in-a-box-chicago-mb2-display-2\/","url":"https:\/\/theuncommonshop.ch\/fr\/product\/magic-festival-in-a-box-chicago-mb2-display-2\/","name":"Ach\u00e8te Magic - Festival in a Box Chicago (MB2) - Pr\u00e9sentoir","isPartOf":{"@id":"https:\/\/theuncommonshop.ch\/fr\/#website"},"primaryImageOfPage":{"@id":"https:\/\/theuncommonshop.ch\/fr\/product\/magic-festival-in-a-box-chicago-mb2-display-2\/#primaryimage"},"image":{"@id":"https:\/\/theuncommonshop.ch\/fr\/product\/magic-festival-in-a-box-chicago-mb2-display-2\/#primaryimage"},"thumbnailUrl":"https:\/\/theuncommonshop.ch\/wp-content\/uploads\/2025\/06\/4768183841.png","datePublished":"2025-06-04T19:57:44+00:00","dateModified":"2026-03-29T14:27:21+00:00","description":"Ach\u00e8te Magic - Festival in a Box Chicago (MB2) - Pr\u00e9sentoir en ligne maintenant \u00e0 petit prix! Ton #1 shop pour cartes TCG & Pok\u00e9mon en Suisse \u2713 Livraison gratuite d\u00e8s CHF 29","breadcrumb":{"@id":"https:\/\/theuncommonshop.ch\/fr\/product\/magic-festival-in-a-box-chicago-mb2-display-2\/#breadcrumb"},"inLanguage":"fr-FR","potentialAction":[{"@type":"ReadAction","target":["https:\/\/theuncommonshop.ch\/fr\/product\/magic-festival-in-a-box-chicago-mb2-display-2\/"]}]},{"@type":"ImageObject","inLanguage":"fr-FR","@id":"https:\/\/theuncommonshop.ch\/fr\/product\/magic-festival-in-a-box-chicago-mb2-display-2\/#primaryimage","url":"https:\/\/theuncommonshop.ch\/wp-content\/uploads\/2025\/06\/4768183841.png","contentUrl":"https:\/\/theuncommonshop.ch\/wp-content\/uploads\/2025\/06\/4768183841.png","width":284,"height":284},{"@type":"BreadcrumbList","@id":"https:\/\/theuncommonshop.ch\/fr\/product\/magic-festival-in-a-box-chicago-mb2-display-2\/#breadcrumb","itemListElement":[{"@type":"ListItem","position":1,"name":"Accueil","item":"https:\/\/theuncommonshop.ch\/fr\/accueil\/"},{"@type":"ListItem","position":2,"name":"Boutique","item":"https:\/\/theuncommonshop.ch\/fr\/boutique\/"},{"@type":"ListItem","position":3,"name":"Magic the Gathering","item":"https:\/\/theuncommonshop.ch\/fr\/categorie-produit\/magic-the-gathering-fr\/"},{"@type":"ListItem","position":4,"name":"Booster Displays","item":"https:\/\/theuncommonshop.ch\/fr\/categorie-produit\/magic-the-gathering-fr\/booster-displays-fr\/"},{"@type":"ListItem","position":5,"name":"Magic &#8211; Festival in a Box Chicago (MB2) &#8211; Pr\u00e9sentoir"}]},{"@type":"WebSite","@id":"https:\/\/theuncommonshop.ch\/fr\/#website","url":"https:\/\/theuncommonshop.ch\/fr\/","name":"The Uncommon Shop","description":"Magic, Pok\u00e9mon and Yu-gi-oh - The Uncommon Shop","potentialAction":[{"@type":"SearchAction","target":{"@type":"EntryPoint","urlTemplate":"https:\/\/theuncommonshop.ch\/fr\/?s={search_term_string}"},"query-input":{"@type":"PropertyValueSpecification","valueRequired":true,"valueName":"search_term_string"}}],"inLanguage":"fr-FR"}]},"og_availability":"out of stock","product_availability":"out of stock","product_condition":"new"},"_links":{"self":[{"href":"https:\/\/theuncommonshop.ch\/fr\/wp-json\/wp\/v2\/product\/323321","targetHints":{"allow":["GET"]}}],"collection":[{"href":"https:\/\/theuncommonshop.ch\/fr\/wp-json\/wp\/v2\/product"}],"about":[{"href":"https:\/\/theuncommonshop.ch\/fr\/wp-json\/wp\/v2\/types\/product"}],"replies":[{"embeddable":true,"href":"https:\/\/theuncommonshop.ch\/fr\/wp-json\/wp\/v2\/comments?post=323321"}],"version-history":[{"count":0,"href":"https:\/\/theuncommonshop.ch\/fr\/wp-json\/wp\/v2\/product\/323321\/revisions"}],"wp:featuredmedia":[{"embeddable":true,"href":"https:\/\/theuncommonshop.ch\/fr\/wp-json\/wp\/v2\/media\/122100"}],"wp:attachment":[{"href":"https:\/\/theuncommonshop.ch\/fr\/wp-json\/wp\/v2\/media?parent=323321"}],"wp:term":[{"taxonomy":"product_brand","embeddable":true,"href":"https:\/\/theuncommonshop.ch\/fr\/wp-json\/wp\/v2\/product_brand?post=323321"},{"taxonomy":"product_cat","embeddable":true,"href":"https:\/\/theuncommonshop.ch\/fr\/wp-json\/wp\/v2\/product_cat?post=323321"},{"taxonomy":"product_tag","embeddable":true,"href":"https:\/\/theuncommonshop.ch\/fr\/wp-json\/wp\/v2\/product_tag?post=323321"}],"curies":[{"name":"wp","href":"https:\/\/api.w.org\/{rel}","templated":true}]}}