{"id":323173,"date":"2025-06-04T19:01:27","date_gmt":"2025-06-04T19:01:27","guid":{"rendered":"http:\/\/theuncommonshop.ch\/produkt\/323173\/"},"modified":"2026-03-29T10:52:47","modified_gmt":"2026-03-29T08:52:47","slug":"pokemon-karmesin-und-purpur-151-blooming-waters-premium-kollektion-3","status":"publish","type":"product","link":"https:\/\/theuncommonshop.ch\/fr\/product\/pokemon-karmesin-und-purpur-151-blooming-waters-premium-kollektion-3\/","title":{"rendered":"Pok\u00e9mon &#8211; Cramoisi et Pourpre : 151 &#8211; Blooming Waters Premium Kollektion"},"content":{"rendered":"<p>Lancez-vous dans la bataille avec Venusaur ex &amp; Blastoise ex. Venusaur et Blastoise ont accompagn\u00e9 de nombreux Dresseurs dans leurs aventures dans la r\u00e9gion de Kanto et au-del\u00e0 &#8211; et maintenant vous pouvez les ajouter \u00e0 votre deck Pok\u00e9mon TCG en tant que puissants Pok\u00e9mon ex. Dans cette Premium Collection, vous recevrez Venusaur ex et Blastoise ex en tant que cartes Foil avec des capacit\u00e9s et des attaques puissantes, ainsi que des cartes Foil de Bulbasaur et Squirtle et une carte surdimensionn\u00e9e de Blastoise ex \u00e0 exposer. En outre, d&#8217;autres Pok\u00e9mon vous attendent dans 12 Booster Packs.   <\/p>\n<div>Pok\u00e9mon TCG : Blooming Waters Premium Collection comprend<\/div>\n<ul>\n<li>4 cartes transparentes avec Venusaur ex, Blastoise ex, Bulbasaur et Squirtle.<\/li>\n<li>1 carte surdimensionn\u00e9e avec Blastoise ex.<\/li>\n<li>12 Booster Packs Pok\u00e9mon TCG.<\/li>\n<li>Une carte de code pour Pok\u00e9mon TCG Live<\/li>\n<\/ul>\n<div><\/div>\n","protected":false},"excerpt":{"rendered":"<p>Lancez-vous dans la bataille avec Venusaur ex &amp; Blastoise ex. Venusaur et Blastoise ont accompagn\u00e9 de nombreux Dresseurs dans leurs<\/p>\n","protected":false},"featured_media":120765,"comment_status":"open","ping_status":"closed","template":"","meta":{"_acf_changed":false},"product_brand":[5114,5072],"product_cat":[9811,9777,10087],"product_tag":[],"class_list":{"0":"post-323173","1":"product","2":"type-product","3":"status-publish","4":"has-post-thumbnail","6":"product_brand-pokemon","7":"product_brand-the-pokemon-company","8":"product_cat-coffrets-et-collections-pokemon","9":"product_cat-pokemon-fr","10":"product_cat-sv35-151","12":"first","13":"instock","14":"taxable","15":"shipping-taxable","16":"purchasable","17":"product-type-variable"},"acf":[],"yoast_head":"<!-- This site is optimized with the Yoast SEO plugin v27.4 - https:\/\/yoast.com\/product\/yoast-seo-wordpress\/ -->\n<title>Ach\u00e8te Pok\u00e9mon - Cramoisi et Pourpre : 151 - Blooming Waters Premium Kollektion<\/title>\n<meta name=\"description\" content=\"Ach\u00e8te Pok\u00e9mon - Cramoisi et Pourpre : 151 - Blooming Waters Premium Kollektion en ligne maintenant \u00e0 petit prix! Ton #1 shop pour cartes TCG &amp; Pok\u00e9mon en Suisse \u2713 Livraison gratuite d\u00e8s CHF 29\" \/>\n<meta name=\"robots\" content=\"index, follow, max-snippet:-1, max-image-preview:large, max-video-preview:-1\" \/>\n<link rel=\"canonical\" href=\"https:\/\/theuncommonshop.ch\/fr\/product\/pokemon-karmesin-und-purpur-151-blooming-waters-premium-kollektion-3\/\" \/>\n<meta property=\"og:locale\" content=\"fr_FR\" \/>\n<meta property=\"og:type\" content=\"article\" \/>\n<meta property=\"og:title\" content=\"Ach\u00e8te Pok\u00e9mon - Cramoisi et Pourpre : 151 - Blooming Waters Premium Kollektion\" \/>\n<meta property=\"og:description\" content=\"Ach\u00e8te Pok\u00e9mon - Cramoisi et Pourpre : 151 - Blooming Waters Premium Kollektion en ligne maintenant \u00e0 petit prix! Ton #1 shop pour cartes TCG &amp; Pok\u00e9mon en Suisse \u2713 Livraison gratuite d\u00e8s CHF 29\" \/>\n<meta property=\"og:url\" content=\"https:\/\/theuncommonshop.ch\/fr\/product\/pokemon-karmesin-und-purpur-151-blooming-waters-premium-kollektion-3\/\" \/>\n<meta property=\"og:site_name\" content=\"Largest trading card shop in Switzerland\" \/>\n<meta property=\"article:modified_time\" content=\"2026-03-29T08:52:47+00:00\" \/>\n<meta property=\"og:image\" content=\"https:\/\/theuncommonshop.ch\/wp-content\/uploads\/2025\/06\/4732920293.jpg\" \/>\n\t<meta property=\"og:image:width\" content=\"1152\" \/>\n\t<meta property=\"og:image:height\" content=\"1152\" \/>\n\t<meta property=\"og:image:type\" content=\"image\/jpeg\" \/>\n<meta name=\"twitter:card\" content=\"summary_large_image\" \/>\n<meta name=\"twitter:label1\" content=\"Disponibilit\u00e9\" \/>\n\t<meta name=\"twitter:data1\" content=\"En stock\" \/>\n<script type=\"application\/ld+json\" class=\"yoast-schema-graph\">{\"@context\":\"https:\\\/\\\/schema.org\",\"@graph\":[{\"@type\":\"WebPage\",\"@id\":\"https:\\\/\\\/theuncommonshop.ch\\\/fr\\\/product\\\/pokemon-karmesin-und-purpur-151-blooming-waters-premium-kollektion-3\\\/\",\"url\":\"https:\\\/\\\/theuncommonshop.ch\\\/fr\\\/product\\\/pokemon-karmesin-und-purpur-151-blooming-waters-premium-kollektion-3\\\/\",\"name\":\"Ach\u00e8te Pok\u00e9mon - Cramoisi et Pourpre : 151 - Blooming Waters Premium Kollektion\",\"isPartOf\":{\"@id\":\"https:\\\/\\\/theuncommonshop.ch\\\/#website\"},\"primaryImageOfPage\":{\"@id\":\"https:\\\/\\\/theuncommonshop.ch\\\/fr\\\/product\\\/pokemon-karmesin-und-purpur-151-blooming-waters-premium-kollektion-3\\\/#primaryimage\"},\"image\":{\"@id\":\"https:\\\/\\\/theuncommonshop.ch\\\/fr\\\/product\\\/pokemon-karmesin-und-purpur-151-blooming-waters-premium-kollektion-3\\\/#primaryimage\"},\"thumbnailUrl\":\"https:\\\/\\\/theuncommonshop.ch\\\/wp-content\\\/uploads\\\/2025\\\/06\\\/4732920293.jpg\",\"datePublished\":\"2025-06-04T19:01:27+00:00\",\"dateModified\":\"2026-03-29T08:52:47+00:00\",\"description\":\"Ach\u00e8te Pok\u00e9mon - Cramoisi et Pourpre : 151 - Blooming Waters Premium Kollektion en ligne maintenant \u00e0 petit prix! Ton #1 shop pour cartes TCG & Pok\u00e9mon en Suisse \u2713 Livraison gratuite d\u00e8s CHF 29\",\"breadcrumb\":{\"@id\":\"https:\\\/\\\/theuncommonshop.ch\\\/fr\\\/product\\\/pokemon-karmesin-und-purpur-151-blooming-waters-premium-kollektion-3\\\/#breadcrumb\"},\"inLanguage\":\"fr-FR\",\"potentialAction\":[{\"@type\":\"ReadAction\",\"target\":[\"https:\\\/\\\/theuncommonshop.ch\\\/fr\\\/product\\\/pokemon-karmesin-und-purpur-151-blooming-waters-premium-kollektion-3\\\/\"]}]},{\"@type\":\"ImageObject\",\"inLanguage\":\"fr-FR\",\"@id\":\"https:\\\/\\\/theuncommonshop.ch\\\/fr\\\/product\\\/pokemon-karmesin-und-purpur-151-blooming-waters-premium-kollektion-3\\\/#primaryimage\",\"url\":\"https:\\\/\\\/theuncommonshop.ch\\\/wp-content\\\/uploads\\\/2025\\\/06\\\/4732920293.jpg\",\"contentUrl\":\"https:\\\/\\\/theuncommonshop.ch\\\/wp-content\\\/uploads\\\/2025\\\/06\\\/4732920293.jpg\",\"width\":1152,\"height\":1152},{\"@type\":\"BreadcrumbList\",\"@id\":\"https:\\\/\\\/theuncommonshop.ch\\\/fr\\\/product\\\/pokemon-karmesin-und-purpur-151-blooming-waters-premium-kollektion-3\\\/#breadcrumb\",\"itemListElement\":[{\"@type\":\"ListItem\",\"position\":1,\"name\":\"Accueil\",\"item\":\"https:\\\/\\\/theuncommonshop.ch\\\/fr\\\/accueil\\\/\"},{\"@type\":\"ListItem\",\"position\":2,\"name\":\"Boutique\",\"item\":\"https:\\\/\\\/theuncommonshop.ch\\\/fr\\\/boutique\\\/\"},{\"@type\":\"ListItem\",\"position\":3,\"name\":\"Pok\u00e9mon\",\"item\":\"https:\\\/\\\/theuncommonshop.ch\\\/fr\\\/categorie-produit\\\/pokemon-fr\\\/\"},{\"@type\":\"ListItem\",\"position\":4,\"name\":\"Produits par lots\",\"item\":\"https:\\\/\\\/theuncommonshop.ch\\\/fr\\\/categorie-produit\\\/pokemon-fr\\\/produits-par-lots\\\/\"},{\"@type\":\"ListItem\",\"position\":5,\"name\":\"\u00c9carlate & Violet\",\"item\":\"https:\\\/\\\/theuncommonshop.ch\\\/fr\\\/categorie-produit\\\/pokemon-fr\\\/produits-par-lots\\\/ecarlate-et-violet\\\/\"},{\"@type\":\"ListItem\",\"position\":6,\"name\":\"SV3.5 151\",\"item\":\"https:\\\/\\\/theuncommonshop.ch\\\/fr\\\/categorie-produit\\\/pokemon-fr\\\/produits-par-lots\\\/ecarlate-et-violet\\\/sv35-151\\\/\"},{\"@type\":\"ListItem\",\"position\":7,\"name\":\"Pok\u00e9mon &#8211; Cramoisi et Pourpre : 151 &#8211; Blooming Waters Premium Kollektion\"}]},{\"@type\":\"WebSite\",\"@id\":\"https:\\\/\\\/theuncommonshop.ch\\\/#website\",\"url\":\"https:\\\/\\\/theuncommonshop.ch\\\/\",\"name\":\"Largest trading card shop in Switzerland\",\"description\":\"Magic, Pok\u00e9mon and Yu-gi-oh - The Uncommon Shop\",\"potentialAction\":[{\"@type\":\"SearchAction\",\"target\":{\"@type\":\"EntryPoint\",\"urlTemplate\":\"https:\\\/\\\/theuncommonshop.ch\\\/?s={search_term_string}\"},\"query-input\":{\"@type\":\"PropertyValueSpecification\",\"valueRequired\":true,\"valueName\":\"search_term_string\"}}],\"inLanguage\":\"fr-FR\"}]}<\/script>\n<meta property=\"og:availability\" content=\"instock\" \/>\n<meta property=\"product:availability\" content=\"instock\" \/>\n<meta property=\"product:retailer_item_id\" content=\"PO.VII.G.OFOBloomingwatercollection.EN\" \/>\n<meta property=\"product:condition\" content=\"new\" \/>\n<!-- \/ Yoast SEO plugin. -->","yoast_head_json":{"title":"Ach\u00e8te Pok\u00e9mon - Cramoisi et Pourpre : 151 - Blooming Waters Premium Kollektion","description":"Ach\u00e8te Pok\u00e9mon - Cramoisi et Pourpre : 151 - Blooming Waters Premium Kollektion en ligne maintenant \u00e0 petit prix! Ton #1 shop pour cartes TCG & Pok\u00e9mon en Suisse \u2713 Livraison gratuite d\u00e8s CHF 29","robots":{"index":"index","follow":"follow","max-snippet":"max-snippet:-1","max-image-preview":"max-image-preview:large","max-video-preview":"max-video-preview:-1"},"canonical":"https:\/\/theuncommonshop.ch\/fr\/product\/pokemon-karmesin-und-purpur-151-blooming-waters-premium-kollektion-3\/","og_locale":"fr_FR","og_type":"article","og_title":"Ach\u00e8te Pok\u00e9mon - Cramoisi et Pourpre : 151 - Blooming Waters Premium Kollektion","og_description":"Ach\u00e8te Pok\u00e9mon - Cramoisi et Pourpre : 151 - Blooming Waters Premium Kollektion en ligne maintenant \u00e0 petit prix! Ton #1 shop pour cartes TCG & Pok\u00e9mon en Suisse \u2713 Livraison gratuite d\u00e8s CHF 29","og_url":"https:\/\/theuncommonshop.ch\/fr\/product\/pokemon-karmesin-und-purpur-151-blooming-waters-premium-kollektion-3\/","og_site_name":"Largest trading card shop in Switzerland","article_modified_time":"2026-03-29T08:52:47+00:00","og_image":[{"width":1152,"height":1152,"url":"https:\/\/theuncommonshop.ch\/wp-content\/uploads\/2025\/06\/4732920293.jpg","type":"image\/jpeg"}],"twitter_card":"summary_large_image","twitter_misc":{"Disponibilit\u00e9":"En stock"},"schema":{"@context":"https:\/\/schema.org","@graph":[{"@type":"WebPage","@id":"https:\/\/theuncommonshop.ch\/fr\/product\/pokemon-karmesin-und-purpur-151-blooming-waters-premium-kollektion-3\/","url":"https:\/\/theuncommonshop.ch\/fr\/product\/pokemon-karmesin-und-purpur-151-blooming-waters-premium-kollektion-3\/","name":"Ach\u00e8te Pok\u00e9mon - Cramoisi et Pourpre : 151 - Blooming Waters Premium Kollektion","isPartOf":{"@id":"https:\/\/theuncommonshop.ch\/#website"},"primaryImageOfPage":{"@id":"https:\/\/theuncommonshop.ch\/fr\/product\/pokemon-karmesin-und-purpur-151-blooming-waters-premium-kollektion-3\/#primaryimage"},"image":{"@id":"https:\/\/theuncommonshop.ch\/fr\/product\/pokemon-karmesin-und-purpur-151-blooming-waters-premium-kollektion-3\/#primaryimage"},"thumbnailUrl":"https:\/\/theuncommonshop.ch\/wp-content\/uploads\/2025\/06\/4732920293.jpg","datePublished":"2025-06-04T19:01:27+00:00","dateModified":"2026-03-29T08:52:47+00:00","description":"Ach\u00e8te Pok\u00e9mon - Cramoisi et Pourpre : 151 - Blooming Waters Premium Kollektion en ligne maintenant \u00e0 petit prix! Ton #1 shop pour cartes TCG & Pok\u00e9mon en Suisse \u2713 Livraison gratuite d\u00e8s CHF 29","breadcrumb":{"@id":"https:\/\/theuncommonshop.ch\/fr\/product\/pokemon-karmesin-und-purpur-151-blooming-waters-premium-kollektion-3\/#breadcrumb"},"inLanguage":"fr-FR","potentialAction":[{"@type":"ReadAction","target":["https:\/\/theuncommonshop.ch\/fr\/product\/pokemon-karmesin-und-purpur-151-blooming-waters-premium-kollektion-3\/"]}]},{"@type":"ImageObject","inLanguage":"fr-FR","@id":"https:\/\/theuncommonshop.ch\/fr\/product\/pokemon-karmesin-und-purpur-151-blooming-waters-premium-kollektion-3\/#primaryimage","url":"https:\/\/theuncommonshop.ch\/wp-content\/uploads\/2025\/06\/4732920293.jpg","contentUrl":"https:\/\/theuncommonshop.ch\/wp-content\/uploads\/2025\/06\/4732920293.jpg","width":1152,"height":1152},{"@type":"BreadcrumbList","@id":"https:\/\/theuncommonshop.ch\/fr\/product\/pokemon-karmesin-und-purpur-151-blooming-waters-premium-kollektion-3\/#breadcrumb","itemListElement":[{"@type":"ListItem","position":1,"name":"Accueil","item":"https:\/\/theuncommonshop.ch\/fr\/accueil\/"},{"@type":"ListItem","position":2,"name":"Boutique","item":"https:\/\/theuncommonshop.ch\/fr\/boutique\/"},{"@type":"ListItem","position":3,"name":"Pok\u00e9mon","item":"https:\/\/theuncommonshop.ch\/fr\/categorie-produit\/pokemon-fr\/"},{"@type":"ListItem","position":4,"name":"Produits par lots","item":"https:\/\/theuncommonshop.ch\/fr\/categorie-produit\/pokemon-fr\/produits-par-lots\/"},{"@type":"ListItem","position":5,"name":"\u00c9carlate & Violet","item":"https:\/\/theuncommonshop.ch\/fr\/categorie-produit\/pokemon-fr\/produits-par-lots\/ecarlate-et-violet\/"},{"@type":"ListItem","position":6,"name":"SV3.5 151","item":"https:\/\/theuncommonshop.ch\/fr\/categorie-produit\/pokemon-fr\/produits-par-lots\/ecarlate-et-violet\/sv35-151\/"},{"@type":"ListItem","position":7,"name":"Pok\u00e9mon &#8211; Cramoisi et Pourpre : 151 &#8211; Blooming Waters Premium Kollektion"}]},{"@type":"WebSite","@id":"https:\/\/theuncommonshop.ch\/#website","url":"https:\/\/theuncommonshop.ch\/","name":"Largest trading card shop in Switzerland","description":"Magic, Pok\u00e9mon and Yu-gi-oh - The Uncommon Shop","potentialAction":[{"@type":"SearchAction","target":{"@type":"EntryPoint","urlTemplate":"https:\/\/theuncommonshop.ch\/?s={search_term_string}"},"query-input":{"@type":"PropertyValueSpecification","valueRequired":true,"valueName":"search_term_string"}}],"inLanguage":"fr-FR"}]},"og_availability":"instock","product_availability":"instock","product_retailer_item_id":"PO.VII.G.OFOBloomingwatercollection.EN","product_condition":"new"},"_links":{"self":[{"href":"https:\/\/theuncommonshop.ch\/fr\/wp-json\/wp\/v2\/product\/323173","targetHints":{"allow":["GET"]}}],"collection":[{"href":"https:\/\/theuncommonshop.ch\/fr\/wp-json\/wp\/v2\/product"}],"about":[{"href":"https:\/\/theuncommonshop.ch\/fr\/wp-json\/wp\/v2\/types\/product"}],"replies":[{"embeddable":true,"href":"https:\/\/theuncommonshop.ch\/fr\/wp-json\/wp\/v2\/comments?post=323173"}],"version-history":[{"count":2,"href":"https:\/\/theuncommonshop.ch\/fr\/wp-json\/wp\/v2\/product\/323173\/revisions"}],"predecessor-version":[{"id":358428,"href":"https:\/\/theuncommonshop.ch\/fr\/wp-json\/wp\/v2\/product\/323173\/revisions\/358428"}],"wp:featuredmedia":[{"embeddable":true,"href":"https:\/\/theuncommonshop.ch\/fr\/wp-json\/wp\/v2\/media\/120765"}],"wp:attachment":[{"href":"https:\/\/theuncommonshop.ch\/fr\/wp-json\/wp\/v2\/media?parent=323173"}],"wp:term":[{"taxonomy":"product_brand","embeddable":true,"href":"https:\/\/theuncommonshop.ch\/fr\/wp-json\/wp\/v2\/product_brand?post=323173"},{"taxonomy":"product_cat","embeddable":true,"href":"https:\/\/theuncommonshop.ch\/fr\/wp-json\/wp\/v2\/product_cat?post=323173"},{"taxonomy":"product_tag","embeddable":true,"href":"https:\/\/theuncommonshop.ch\/fr\/wp-json\/wp\/v2\/product_tag?post=323173"}],"curies":[{"name":"wp","href":"https:\/\/api.w.org\/{rel}","templated":true}]}}