{"id":323119,"date":"2025-06-04T14:27:58","date_gmt":"2025-06-04T14:27:58","guid":{"rendered":"http:\/\/theuncommonshop.ch\/produkt\/323119\/"},"modified":"2026-03-29T18:24:55","modified_gmt":"2026-03-29T16:24:55","slug":"warhammer-40-000-imperial-agents-battleforce-ordo-malleus-2","status":"publish","type":"product","link":"https:\/\/theuncommonshop.ch\/fr\/product\/warhammer-40-000-imperial-agents-battleforce-ordo-malleus-2\/","title":{"rendered":"Warhammer 40.000 &#8211; Imperial Agents Battleforce &#8211; Ordo Malleus"},"content":{"rendered":"<ul>\n<li>Une redoutable unit\u00e9 d&#8217;intervention compos\u00e9e d&#8217;agents d&#8217;\u00e9lite de l&#8217;Ordo Malleus, dirig\u00e9e par l&#8217;inquisiteur intransigeant Coteaz.<\/li>\n<li>Une force principale de 24 miniatures d&#8217;agents de l&#8217;Empire en plastique.<\/li>\n<\/ul>\n<div style=\"display: inline !important;\">\n<ul>\n<li>\u00c9conomisez de l&#8217;argent par rapport \u00e0 l&#8217;achat individuel du contenu<\/li>\n<\/ul>\n<p><\/p>\n<p>L&#8217;Ordo Malleus se concentre sur la menace que repr\u00e9sentent les habitants infernaux du Warp. Qu&#8217;ils traquent les cultes qui v\u00e9n\u00e8rent les dieux sombres du Chaos, qu&#8217;ils mettent la main sur des folios et des reliques d\u00e9moniaques ou qu&#8217;ils accourent rapidement pour endiguer les grandes incursions du Warp dans l&#8217;espace r\u00e9el, les inquisiteurs de l&#8217;Ordo Malleus consacrent leur vie \u00e0 l&#8217;accomplissement de ces t\u00e2ches cruciales. <\/p>\n<p>La menace que repr\u00e9sentent ces agents du tr\u00f4ne est si grande que les inquisiteurs de l&#8217;Ordo Malleus font parfois appel aux comp\u00e9tences sp\u00e9ciales des insurmontables Grey Knights pour faire face aux monstrueuses menaces empyr\u00e9ennes.<\/p>\n<p>Avec cette incroyable force d&#8217;agents de l&#8217;Empire, vous pouvez construire l&#8217;Inquisiteur Coteaz, un puritain d\u00e9vou\u00e9 de l&#8217;Ordo Malleus, entour\u00e9 d&#8217;un cadre d&#8217;agents sp\u00e9cialis\u00e9s de l&#8217;Inquisition, d&#8217;un pr\u00eatre z\u00e9l\u00e9 du Ministorum et d&#8217;une unit\u00e9 de chasseurs de d\u00e9mons d&#8217;\u00e9lite compos\u00e9e de Terminators des Grey Knights. Une armure de chim\u00e8re r\u00e9sistante transporte les agents qui ne se t\u00e9l\u00e9portent pas l\u00e0 o\u00f9 ils sont le plus n\u00e9cessaires, tandis qu&#8217;un assassin Culexus mortel compl\u00e8te cette force vraiment mortelle. <\/p>\n<p>Cette bo\u00eete vous permet \u00e9galement d&#8217;\u00e9conomiser de l&#8217;argent par rapport \u00e0 l&#8217;achat individuel des kits, ce qui en fait un excellent moyen de commencer votre arm\u00e9e ou d&#8217;agrandir une collection existante.<\/p>\n<p><strong>Ce kit contient les mod\u00e8les en plastique \u00e0 plusieurs pi\u00e8ces suivants :<\/strong><\/p>\n<p>&#8211; 1x Inquisiteur Coteaz, avec 1x aigle psitech glovodien<\/p>\n<p>&#8211; 1x pr\u00eatre de Ministorum avec Vindictor<\/p>\n<p>&#8211; 1x Assassin Culexus<\/p>\n<p>&#8211; 1x Chim\u00e8re<\/p>\n<p>&#8211; 5x terminateurs Grey Knights<\/p>\n<p>&#8211; 14x agents de l&#8217;Inquisition<\/p>\n<p>Ce kit contient \u00e9galement 1x planche de d\u00e9calcomanies de l&#8217;Astra Militarum avec 475x d\u00e9calcomanies solubles \u00e0 l&#8217;eau de haute qualit\u00e9 qui vous permettront de donner encore plus de caract\u00e8re \u00e0 vos miniatures.<\/p>\n<p>Cet ensemble se compose de 332 pi\u00e8ces en plastique et comprend 1x base ronde fendue Citadel (32 mm), 7x bases rondes Citadel (40 mm), 3x bases rondes Citadel (32 mm) et 12x bases rondes Citadel (25 mm). Ces miniatures ne sont pas peintes et doivent \u00eatre assembl\u00e9es &#8211; nous vous recommandons d&#8217;utiliser de la colle \u00e0 plastique Citadel et de la peinture Citadel Colour.<\/p>\n<p>L&#8217;inquisiteur Coteaz sera disponible s\u00e9par\u00e9ment \u00e0 une date ult\u00e9rieure. Les autres miniatures de cette bo\u00eete sont vendues s\u00e9par\u00e9ment. <\/p>\n<\/div>\n<div style=\"display: inline !important;\"><\/div>\n<div style=\"display: inline !important;\"><\/div>\n","protected":false},"excerpt":{"rendered":"<p>Une redoutable unit\u00e9 d&#8217;intervention compos\u00e9e d&#8217;agents d&#8217;\u00e9lite de l&#8217;Ordo Malleus, dirig\u00e9e par l&#8217;inquisiteur intransigeant Coteaz. Une force principale de 24<\/p>\n","protected":false},"featured_media":114151,"comment_status":"open","ping_status":"closed","template":"","meta":{"_acf_changed":false},"product_brand":[5078,5154],"product_cat":[9925,9927],"product_tag":[],"class_list":{"0":"post-323119","1":"product","2":"type-product","3":"status-publish","4":"has-post-thumbnail","6":"product_brand-games-workshop","7":"product_brand-warhammer","8":"product_cat-tabletop-fr","9":"product_cat-warhammer-40k-fr","11":"first","12":"outofstock","13":"taxable","14":"shipping-taxable","15":"purchasable","16":"product-type-simple"},"acf":[],"yoast_head":"<!-- This site is optimized with the Yoast SEO plugin v27.4 - https:\/\/yoast.com\/product\/yoast-seo-wordpress\/ -->\n<title>Ach\u00e8te Warhammer 40.000 - Imperial Agents Battleforce - Ordo Malleus<\/title>\n<meta name=\"description\" content=\"Ach\u00e8te Warhammer 40.000 - Imperial Agents Battleforce - Ordo Malleus en ligne maintenant \u00e0 petit prix! Ton #1 shop pour cartes TCG &amp; Pok\u00e9mon en Suisse \u2713 Livraison gratuite d\u00e8s CHF 29\" \/>\n<meta name=\"robots\" content=\"index, follow, max-snippet:-1, max-image-preview:large, max-video-preview:-1\" \/>\n<link rel=\"canonical\" href=\"https:\/\/theuncommonshop.ch\/fr\/product\/warhammer-40-000-imperial-agents-battleforce-ordo-malleus-2\/\" \/>\n<meta property=\"og:locale\" content=\"fr_FR\" \/>\n<meta property=\"og:type\" content=\"article\" \/>\n<meta property=\"og:title\" content=\"Ach\u00e8te Warhammer 40.000 - Imperial Agents Battleforce - Ordo Malleus\" \/>\n<meta property=\"og:description\" content=\"Ach\u00e8te Warhammer 40.000 - Imperial Agents Battleforce - Ordo Malleus en ligne maintenant \u00e0 petit prix! Ton #1 shop pour cartes TCG &amp; Pok\u00e9mon en Suisse \u2713 Livraison gratuite d\u00e8s CHF 29\" \/>\n<meta property=\"og:url\" content=\"https:\/\/theuncommonshop.ch\/fr\/product\/warhammer-40-000-imperial-agents-battleforce-ordo-malleus-2\/\" \/>\n<meta property=\"og:site_name\" content=\"The Uncommon Shop\" \/>\n<meta property=\"article:modified_time\" content=\"2026-03-29T16:24:55+00:00\" \/>\n<meta property=\"og:image\" content=\"https:\/\/theuncommonshop.ch\/wp-content\/uploads\/2025\/06\/4490159966.jpg\" \/>\n\t<meta property=\"og:image:width\" content=\"1840\" \/>\n\t<meta property=\"og:image:height\" content=\"1900\" \/>\n\t<meta property=\"og:image:type\" content=\"image\/jpeg\" \/>\n<meta name=\"twitter:card\" content=\"summary_large_image\" \/>\n<meta name=\"twitter:label1\" content=\"Prix\" \/>\n\t<meta name=\"twitter:data1\" content=\"&#067;&#072;&#070;&nbsp;159.95\" \/>\n\t<meta name=\"twitter:label2\" content=\"Disponibilit\u00e9\" \/>\n\t<meta name=\"twitter:data2\" content=\"Rupture de stock\" \/>\n<script type=\"application\/ld+json\" class=\"yoast-schema-graph\">{\"@context\":\"https:\\\/\\\/schema.org\",\"@graph\":[{\"@type\":\"WebPage\",\"@id\":\"https:\\\/\\\/theuncommonshop.ch\\\/fr\\\/product\\\/warhammer-40-000-imperial-agents-battleforce-ordo-malleus-2\\\/\",\"url\":\"https:\\\/\\\/theuncommonshop.ch\\\/fr\\\/product\\\/warhammer-40-000-imperial-agents-battleforce-ordo-malleus-2\\\/\",\"name\":\"Ach\u00e8te Warhammer 40.000 - Imperial Agents Battleforce - Ordo Malleus\",\"isPartOf\":{\"@id\":\"https:\\\/\\\/theuncommonshop.ch\\\/fr\\\/#website\"},\"primaryImageOfPage\":{\"@id\":\"https:\\\/\\\/theuncommonshop.ch\\\/fr\\\/product\\\/warhammer-40-000-imperial-agents-battleforce-ordo-malleus-2\\\/#primaryimage\"},\"image\":{\"@id\":\"https:\\\/\\\/theuncommonshop.ch\\\/fr\\\/product\\\/warhammer-40-000-imperial-agents-battleforce-ordo-malleus-2\\\/#primaryimage\"},\"thumbnailUrl\":\"https:\\\/\\\/theuncommonshop.ch\\\/wp-content\\\/uploads\\\/2025\\\/06\\\/4490159966.jpg\",\"datePublished\":\"2025-06-04T14:27:58+00:00\",\"dateModified\":\"2026-03-29T16:24:55+00:00\",\"description\":\"Ach\u00e8te Warhammer 40.000 - Imperial Agents Battleforce - Ordo Malleus en ligne maintenant \u00e0 petit prix! Ton #1 shop pour cartes TCG & Pok\u00e9mon en Suisse \u2713 Livraison gratuite d\u00e8s CHF 29\",\"breadcrumb\":{\"@id\":\"https:\\\/\\\/theuncommonshop.ch\\\/fr\\\/product\\\/warhammer-40-000-imperial-agents-battleforce-ordo-malleus-2\\\/#breadcrumb\"},\"inLanguage\":\"fr-FR\",\"potentialAction\":[{\"@type\":\"ReadAction\",\"target\":[\"https:\\\/\\\/theuncommonshop.ch\\\/fr\\\/product\\\/warhammer-40-000-imperial-agents-battleforce-ordo-malleus-2\\\/\"]}]},{\"@type\":\"ImageObject\",\"inLanguage\":\"fr-FR\",\"@id\":\"https:\\\/\\\/theuncommonshop.ch\\\/fr\\\/product\\\/warhammer-40-000-imperial-agents-battleforce-ordo-malleus-2\\\/#primaryimage\",\"url\":\"https:\\\/\\\/theuncommonshop.ch\\\/wp-content\\\/uploads\\\/2025\\\/06\\\/4490159966.jpg\",\"contentUrl\":\"https:\\\/\\\/theuncommonshop.ch\\\/wp-content\\\/uploads\\\/2025\\\/06\\\/4490159966.jpg\",\"width\":1840,\"height\":1900},{\"@type\":\"BreadcrumbList\",\"@id\":\"https:\\\/\\\/theuncommonshop.ch\\\/fr\\\/product\\\/warhammer-40-000-imperial-agents-battleforce-ordo-malleus-2\\\/#breadcrumb\",\"itemListElement\":[{\"@type\":\"ListItem\",\"position\":1,\"name\":\"Accueil\",\"item\":\"https:\\\/\\\/theuncommonshop.ch\\\/fr\\\/accueil\\\/\"},{\"@type\":\"ListItem\",\"position\":2,\"name\":\"Boutique\",\"item\":\"https:\\\/\\\/theuncommonshop.ch\\\/fr\\\/boutique\\\/\"},{\"@type\":\"ListItem\",\"position\":3,\"name\":\"Tabletop\",\"item\":\"https:\\\/\\\/theuncommonshop.ch\\\/fr\\\/categorie-produit\\\/tabletop-fr\\\/\"},{\"@type\":\"ListItem\",\"position\":4,\"name\":\"Warhammer 40k\",\"item\":\"https:\\\/\\\/theuncommonshop.ch\\\/fr\\\/categorie-produit\\\/tabletop-fr\\\/warhammer-40k-fr\\\/\"},{\"@type\":\"ListItem\",\"position\":5,\"name\":\"Warhammer 40.000 &#8211; Imperial Agents Battleforce &#8211; Ordo Malleus\"}]},{\"@type\":\"WebSite\",\"@id\":\"https:\\\/\\\/theuncommonshop.ch\\\/fr\\\/#website\",\"url\":\"https:\\\/\\\/theuncommonshop.ch\\\/fr\\\/\",\"name\":\"The Uncommon Shop\",\"description\":\"Magic, Pok\u00e9mon and Yu-gi-oh - The Uncommon Shop\",\"potentialAction\":[{\"@type\":\"SearchAction\",\"target\":{\"@type\":\"EntryPoint\",\"urlTemplate\":\"https:\\\/\\\/theuncommonshop.ch\\\/fr\\\/?s={search_term_string}\"},\"query-input\":{\"@type\":\"PropertyValueSpecification\",\"valueRequired\":true,\"valueName\":\"search_term_string\"}}],\"inLanguage\":\"fr-FR\"}]}<\/script>\n<meta property=\"product:price:amount\" content=\"159.95\" \/>\n<meta property=\"product:price:currency\" content=\"CHF\" \/>\n<meta property=\"og:availability\" content=\"out of stock\" \/>\n<meta property=\"product:availability\" content=\"out of stock\" \/>\n<meta property=\"product:retailer_item_id\" content=\"Shop.Regal.2\" \/>\n<meta property=\"product:condition\" content=\"new\" \/>\n<!-- \/ Yoast SEO plugin. -->","yoast_head_json":{"title":"Ach\u00e8te Warhammer 40.000 - Imperial Agents Battleforce - Ordo Malleus","description":"Ach\u00e8te Warhammer 40.000 - Imperial Agents Battleforce - Ordo Malleus en ligne maintenant \u00e0 petit prix! Ton #1 shop pour cartes TCG & Pok\u00e9mon en Suisse \u2713 Livraison gratuite d\u00e8s CHF 29","robots":{"index":"index","follow":"follow","max-snippet":"max-snippet:-1","max-image-preview":"max-image-preview:large","max-video-preview":"max-video-preview:-1"},"canonical":"https:\/\/theuncommonshop.ch\/fr\/product\/warhammer-40-000-imperial-agents-battleforce-ordo-malleus-2\/","og_locale":"fr_FR","og_type":"article","og_title":"Ach\u00e8te Warhammer 40.000 - Imperial Agents Battleforce - Ordo Malleus","og_description":"Ach\u00e8te Warhammer 40.000 - Imperial Agents Battleforce - Ordo Malleus en ligne maintenant \u00e0 petit prix! Ton #1 shop pour cartes TCG & Pok\u00e9mon en Suisse \u2713 Livraison gratuite d\u00e8s CHF 29","og_url":"https:\/\/theuncommonshop.ch\/fr\/product\/warhammer-40-000-imperial-agents-battleforce-ordo-malleus-2\/","og_site_name":"The Uncommon Shop","article_modified_time":"2026-03-29T16:24:55+00:00","og_image":[{"width":1840,"height":1900,"url":"https:\/\/theuncommonshop.ch\/wp-content\/uploads\/2025\/06\/4490159966.jpg","type":"image\/jpeg"}],"twitter_card":"summary_large_image","twitter_misc":{"Prix":"&#67;&#72;&#70;&nbsp;159.95","Disponibilit\u00e9":"Rupture de stock"},"schema":{"@context":"https:\/\/schema.org","@graph":[{"@type":"WebPage","@id":"https:\/\/theuncommonshop.ch\/fr\/product\/warhammer-40-000-imperial-agents-battleforce-ordo-malleus-2\/","url":"https:\/\/theuncommonshop.ch\/fr\/product\/warhammer-40-000-imperial-agents-battleforce-ordo-malleus-2\/","name":"Ach\u00e8te Warhammer 40.000 - Imperial Agents Battleforce - Ordo Malleus","isPartOf":{"@id":"https:\/\/theuncommonshop.ch\/fr\/#website"},"primaryImageOfPage":{"@id":"https:\/\/theuncommonshop.ch\/fr\/product\/warhammer-40-000-imperial-agents-battleforce-ordo-malleus-2\/#primaryimage"},"image":{"@id":"https:\/\/theuncommonshop.ch\/fr\/product\/warhammer-40-000-imperial-agents-battleforce-ordo-malleus-2\/#primaryimage"},"thumbnailUrl":"https:\/\/theuncommonshop.ch\/wp-content\/uploads\/2025\/06\/4490159966.jpg","datePublished":"2025-06-04T14:27:58+00:00","dateModified":"2026-03-29T16:24:55+00:00","description":"Ach\u00e8te Warhammer 40.000 - Imperial Agents Battleforce - Ordo Malleus en ligne maintenant \u00e0 petit prix! Ton #1 shop pour cartes TCG & Pok\u00e9mon en Suisse \u2713 Livraison gratuite d\u00e8s CHF 29","breadcrumb":{"@id":"https:\/\/theuncommonshop.ch\/fr\/product\/warhammer-40-000-imperial-agents-battleforce-ordo-malleus-2\/#breadcrumb"},"inLanguage":"fr-FR","potentialAction":[{"@type":"ReadAction","target":["https:\/\/theuncommonshop.ch\/fr\/product\/warhammer-40-000-imperial-agents-battleforce-ordo-malleus-2\/"]}]},{"@type":"ImageObject","inLanguage":"fr-FR","@id":"https:\/\/theuncommonshop.ch\/fr\/product\/warhammer-40-000-imperial-agents-battleforce-ordo-malleus-2\/#primaryimage","url":"https:\/\/theuncommonshop.ch\/wp-content\/uploads\/2025\/06\/4490159966.jpg","contentUrl":"https:\/\/theuncommonshop.ch\/wp-content\/uploads\/2025\/06\/4490159966.jpg","width":1840,"height":1900},{"@type":"BreadcrumbList","@id":"https:\/\/theuncommonshop.ch\/fr\/product\/warhammer-40-000-imperial-agents-battleforce-ordo-malleus-2\/#breadcrumb","itemListElement":[{"@type":"ListItem","position":1,"name":"Accueil","item":"https:\/\/theuncommonshop.ch\/fr\/accueil\/"},{"@type":"ListItem","position":2,"name":"Boutique","item":"https:\/\/theuncommonshop.ch\/fr\/boutique\/"},{"@type":"ListItem","position":3,"name":"Tabletop","item":"https:\/\/theuncommonshop.ch\/fr\/categorie-produit\/tabletop-fr\/"},{"@type":"ListItem","position":4,"name":"Warhammer 40k","item":"https:\/\/theuncommonshop.ch\/fr\/categorie-produit\/tabletop-fr\/warhammer-40k-fr\/"},{"@type":"ListItem","position":5,"name":"Warhammer 40.000 &#8211; Imperial Agents Battleforce &#8211; Ordo Malleus"}]},{"@type":"WebSite","@id":"https:\/\/theuncommonshop.ch\/fr\/#website","url":"https:\/\/theuncommonshop.ch\/fr\/","name":"The Uncommon Shop","description":"Magic, Pok\u00e9mon and Yu-gi-oh - The Uncommon Shop","potentialAction":[{"@type":"SearchAction","target":{"@type":"EntryPoint","urlTemplate":"https:\/\/theuncommonshop.ch\/fr\/?s={search_term_string}"},"query-input":{"@type":"PropertyValueSpecification","valueRequired":true,"valueName":"search_term_string"}}],"inLanguage":"fr-FR"}]},"product_price_amount":"159.95","product_price_currency":"CHF","og_availability":"out of stock","product_availability":"out of stock","product_retailer_item_id":"Shop.Regal.2","product_condition":"new"},"_links":{"self":[{"href":"https:\/\/theuncommonshop.ch\/fr\/wp-json\/wp\/v2\/product\/323119","targetHints":{"allow":["GET"]}}],"collection":[{"href":"https:\/\/theuncommonshop.ch\/fr\/wp-json\/wp\/v2\/product"}],"about":[{"href":"https:\/\/theuncommonshop.ch\/fr\/wp-json\/wp\/v2\/types\/product"}],"replies":[{"embeddable":true,"href":"https:\/\/theuncommonshop.ch\/fr\/wp-json\/wp\/v2\/comments?post=323119"}],"version-history":[{"count":0,"href":"https:\/\/theuncommonshop.ch\/fr\/wp-json\/wp\/v2\/product\/323119\/revisions"}],"wp:featuredmedia":[{"embeddable":true,"href":"https:\/\/theuncommonshop.ch\/fr\/wp-json\/wp\/v2\/media\/114151"}],"wp:attachment":[{"href":"https:\/\/theuncommonshop.ch\/fr\/wp-json\/wp\/v2\/media?parent=323119"}],"wp:term":[{"taxonomy":"product_brand","embeddable":true,"href":"https:\/\/theuncommonshop.ch\/fr\/wp-json\/wp\/v2\/product_brand?post=323119"},{"taxonomy":"product_cat","embeddable":true,"href":"https:\/\/theuncommonshop.ch\/fr\/wp-json\/wp\/v2\/product_cat?post=323119"},{"taxonomy":"product_tag","embeddable":true,"href":"https:\/\/theuncommonshop.ch\/fr\/wp-json\/wp\/v2\/product_tag?post=323119"}],"curies":[{"name":"wp","href":"https:\/\/api.w.org\/{rel}","templated":true}]}}