{"id":323105,"date":"2025-06-04T14:27:28","date_gmt":"2025-06-04T14:27:28","guid":{"rendered":"http:\/\/theuncommonshop.ch\/produkt\/323105\/"},"modified":"2026-04-23T12:12:33","modified_gmt":"2026-04-23T10:12:33","slug":"warhammer-40-000-imperial-agents-battleforce-ordo-hereticus-3","status":"publish","type":"product","link":"https:\/\/theuncommonshop.ch\/fr\/product\/warhammer-40-000-imperial-agents-battleforce-ordo-hereticus-3\/","title":{"rendered":"Warhammer 40.000 &#8211; Imperial Agents Battleforce &#8211; Ordo Hereticus"},"content":{"rendered":"<ul>\n<li>Chassez la sorci\u00e8re et \u00e9liminez l&#8217;h\u00e9r\u00e9tique avec cette force de z\u00e9l\u00e9s.<\/li>\n<li>Une force principale de 33 miniatures d&#8217;agents de l&#8217;Empire en plastique en plusieurs parties<\/li>\n<\/ul>\n<div style=\"display: inline !important;\">\n<ul>\n<li>\u00c9conomisez de l&#8217;argent par rapport \u00e0 l&#8217;achat individuel du contenu<\/li>\n<\/ul>\n<p><\/p>\n<p>L&#8217;Ordo Haereticus est compos\u00e9 de chasseurs de sorci\u00e8res et d&#8217;\u00e9radicateurs de toutes sortes de cultes h\u00e9r\u00e9tiques, et les inquisiteurs de l&#8217;Ordo se pr\u00e9sentent sur le champ de bataille avec toutes les armes \u00e0 leur disposition. Ils font souvent appel \u00e0 l&#8217;Adeptus Arbites, ces f\u00e9roces ex\u00e9cuteurs de la Loi Imp\u00e9riale, et \u00e0 l&#8217;Adepta Sororitas &#8211; le bras militant de la Foi Imp\u00e9riale, dont la puissance guerri\u00e8re pieuse, z\u00e9l\u00e9e et apparemment miraculeuse ne fait aucun doute. <\/p>\n<p>Cette force d&#8217;agents de l&#8217;Empire est dirig\u00e9e par la presque l\u00e9gendaire inquisitrice Katarinya Greyfax, suivie de pr\u00e8s par un pr\u00eatre z\u00e9l\u00e9 de Ministorum et une unit\u00e9 d&#8217;agents imperturbables de l&#8217;Adeptus Arbites. Cette puissante force est compl\u00e9t\u00e9e par la puissance de feu fanatique d&#8217;un char Immolator de l&#8217;Adepta Sororitas et les talents de guerrier d&#8217;une escouade de sororites. <\/p>\n<p>Cette bo\u00eete vous permet \u00e9galement d&#8217;\u00e9conomiser de l&#8217;argent par rapport \u00e0 l&#8217;achat individuel des kits, ce qui en fait un excellent moyen de commencer votre arm\u00e9e ou d&#8217;agrandir une collection existante.<\/p>\n<p><strong>Ce kit contient les mod\u00e8les en plastique \u00e0 plusieurs pi\u00e8ces suivants :<\/strong><\/p>\n<p>&#8211; 1x Inquisiteur Greyfax<\/p>\n<p>&#8211; 1x pr\u00eatre du Ministorium<\/p>\n<p>&#8211; 1x tank Immolator<\/p>\n<p>&#8211; 10x groupe Sororitat avec 1x ch\u00e9rubin<\/p>\n<p>&#8211; 6x agents de l&#8217;Inquisition avec 1x cr\u00e2ne de livre<\/p>\n<p>&#8211; 10x ex\u00e9cuteurs de l&#8217;Adeptus Arbites, avec 1x Cybermastiff et 1x Nuntius-Aquila<\/p>\n<p>Ce kit contient \u00e9galement 1x planche de d\u00e9calcomanies de l&#8217;Adeptus Arbites avec 297x d\u00e9calcomanies solubles \u00e0 l&#8217;eau de haute qualit\u00e9 et 2x planches de d\u00e9calcomanies de l&#8217;Adepta Sororitas avec 290x autres d\u00e9calcomanies solubles \u00e0 l&#8217;eau de haute qualit\u00e9 pour donner encore plus de caract\u00e8re \u00e0 vos miniatures.<\/p>\n<p>Cet ensemble se compose de 578 pi\u00e8ces en plastique et contient 1x base ronde Citadel (32 mm), 10x bases rondes Citadel (28,5 mm), 12x bases rondes Citadel (32 mm) et 9x bases rondes Citadel (25 mm). Ces miniatures ne sont pas peintes et doivent \u00eatre assembl\u00e9es &#8211; nous vous recommandons d&#8217;utiliser de la colle \u00e0 plastique Citadel et de la peinture Citadel Colour.<\/p>\n<p>Les miniatures de cette bo\u00eete sont \u00e9galement disponibles s\u00e9par\u00e9ment.<\/p>\n<\/div>\n","protected":false},"excerpt":{"rendered":"<p>Chassez la sorci\u00e8re et \u00e9liminez l&#8217;h\u00e9r\u00e9tique avec cette force de z\u00e9l\u00e9s. Une force principale de 33 miniatures d&#8217;agents de l&#8217;Empire<\/p>\n","protected":false},"featured_media":114140,"comment_status":"open","ping_status":"closed","template":"","meta":{"_acf_changed":false},"product_brand":[5078,5154],"product_cat":[9925,9927],"product_tag":[],"class_list":{"0":"post-323105","1":"product","2":"type-product","3":"status-publish","4":"has-post-thumbnail","6":"product_brand-games-workshop","7":"product_brand-warhammer","8":"product_cat-tabletop-fr","9":"product_cat-warhammer-40k-fr","11":"first","12":"outofstock","13":"taxable","14":"shipping-taxable","15":"purchasable","16":"product-type-simple"},"acf":[],"yoast_head":"<!-- This site is optimized with the Yoast SEO plugin v27.5 - https:\/\/yoast.com\/product\/yoast-seo-wordpress\/ -->\n<title>Ach\u00e8te Warhammer 40.000 - Imperial Agents Battleforce - Ordo Hereticus<\/title>\n<meta name=\"description\" content=\"Ach\u00e8te Warhammer 40.000 - Imperial Agents Battleforce - Ordo Hereticus en ligne maintenant \u00e0 petit prix! Ton #1 shop pour cartes TCG &amp; Pok\u00e9mon en Suisse \u2713 Livraison gratuite d\u00e8s CHF 29\" \/>\n<meta name=\"robots\" content=\"index, follow, max-snippet:-1, max-image-preview:large, max-video-preview:-1\" \/>\n<link rel=\"canonical\" href=\"https:\/\/theuncommonshop.ch\/fr\/product\/warhammer-40-000-imperial-agents-battleforce-ordo-hereticus-3\/\" \/>\n<meta property=\"og:locale\" content=\"fr_FR\" \/>\n<meta property=\"og:type\" content=\"article\" \/>\n<meta property=\"og:title\" content=\"Ach\u00e8te Warhammer 40.000 - Imperial Agents Battleforce - Ordo Hereticus\" \/>\n<meta property=\"og:description\" content=\"Ach\u00e8te Warhammer 40.000 - Imperial Agents Battleforce - Ordo Hereticus en ligne maintenant \u00e0 petit prix! Ton #1 shop pour cartes TCG &amp; Pok\u00e9mon en Suisse \u2713 Livraison gratuite d\u00e8s CHF 29\" \/>\n<meta property=\"og:url\" content=\"https:\/\/theuncommonshop.ch\/fr\/product\/warhammer-40-000-imperial-agents-battleforce-ordo-hereticus-3\/\" \/>\n<meta property=\"og:site_name\" content=\"The Uncommon Shop\" \/>\n<meta property=\"article:modified_time\" content=\"2026-04-23T10:12:33+00:00\" \/>\n<meta property=\"og:image\" content=\"https:\/\/theuncommonshop.ch\/wp-content\/uploads\/2025\/06\/4490121913.jpg\" \/>\n\t<meta property=\"og:image:width\" content=\"1840\" \/>\n\t<meta property=\"og:image:height\" content=\"1900\" \/>\n\t<meta property=\"og:image:type\" content=\"image\/jpeg\" \/>\n<meta name=\"twitter:card\" content=\"summary_large_image\" \/>\n<meta name=\"twitter:label1\" content=\"Prix\" \/>\n\t<meta name=\"twitter:data1\" content=\"&#067;&#072;&#070;&nbsp;159.95\" \/>\n\t<meta name=\"twitter:label2\" content=\"Disponibilit\u00e9\" \/>\n\t<meta name=\"twitter:data2\" content=\"Rupture de stock\" \/>\n<script type=\"application\/ld+json\" class=\"yoast-schema-graph\">{\"@context\":\"https:\\\/\\\/schema.org\",\"@graph\":[{\"@type\":\"WebPage\",\"@id\":\"https:\\\/\\\/theuncommonshop.ch\\\/fr\\\/product\\\/warhammer-40-000-imperial-agents-battleforce-ordo-hereticus-3\\\/\",\"url\":\"https:\\\/\\\/theuncommonshop.ch\\\/fr\\\/product\\\/warhammer-40-000-imperial-agents-battleforce-ordo-hereticus-3\\\/\",\"name\":\"Ach\u00e8te Warhammer 40.000 - Imperial Agents Battleforce - Ordo Hereticus\",\"isPartOf\":{\"@id\":\"https:\\\/\\\/theuncommonshop.ch\\\/fr\\\/#website\"},\"primaryImageOfPage\":{\"@id\":\"https:\\\/\\\/theuncommonshop.ch\\\/fr\\\/product\\\/warhammer-40-000-imperial-agents-battleforce-ordo-hereticus-3\\\/#primaryimage\"},\"image\":{\"@id\":\"https:\\\/\\\/theuncommonshop.ch\\\/fr\\\/product\\\/warhammer-40-000-imperial-agents-battleforce-ordo-hereticus-3\\\/#primaryimage\"},\"thumbnailUrl\":\"https:\\\/\\\/theuncommonshop.ch\\\/wp-content\\\/uploads\\\/2025\\\/06\\\/4490121913.jpg\",\"datePublished\":\"2025-06-04T14:27:28+00:00\",\"dateModified\":\"2026-04-23T10:12:33+00:00\",\"description\":\"Ach\u00e8te Warhammer 40.000 - Imperial Agents Battleforce - Ordo Hereticus en ligne maintenant \u00e0 petit prix! Ton #1 shop pour cartes TCG & Pok\u00e9mon en Suisse \u2713 Livraison gratuite d\u00e8s CHF 29\",\"breadcrumb\":{\"@id\":\"https:\\\/\\\/theuncommonshop.ch\\\/fr\\\/product\\\/warhammer-40-000-imperial-agents-battleforce-ordo-hereticus-3\\\/#breadcrumb\"},\"inLanguage\":\"fr-FR\",\"potentialAction\":[{\"@type\":\"ReadAction\",\"target\":[\"https:\\\/\\\/theuncommonshop.ch\\\/fr\\\/product\\\/warhammer-40-000-imperial-agents-battleforce-ordo-hereticus-3\\\/\"]}]},{\"@type\":\"ImageObject\",\"inLanguage\":\"fr-FR\",\"@id\":\"https:\\\/\\\/theuncommonshop.ch\\\/fr\\\/product\\\/warhammer-40-000-imperial-agents-battleforce-ordo-hereticus-3\\\/#primaryimage\",\"url\":\"https:\\\/\\\/theuncommonshop.ch\\\/wp-content\\\/uploads\\\/2025\\\/06\\\/4490121913.jpg\",\"contentUrl\":\"https:\\\/\\\/theuncommonshop.ch\\\/wp-content\\\/uploads\\\/2025\\\/06\\\/4490121913.jpg\",\"width\":1840,\"height\":1900},{\"@type\":\"BreadcrumbList\",\"@id\":\"https:\\\/\\\/theuncommonshop.ch\\\/fr\\\/product\\\/warhammer-40-000-imperial-agents-battleforce-ordo-hereticus-3\\\/#breadcrumb\",\"itemListElement\":[{\"@type\":\"ListItem\",\"position\":1,\"name\":\"Accueil\",\"item\":\"https:\\\/\\\/theuncommonshop.ch\\\/fr\\\/accueil\\\/\"},{\"@type\":\"ListItem\",\"position\":2,\"name\":\"Boutique\",\"item\":\"https:\\\/\\\/theuncommonshop.ch\\\/fr\\\/boutique\\\/\"},{\"@type\":\"ListItem\",\"position\":3,\"name\":\"Tabletop\",\"item\":\"https:\\\/\\\/theuncommonshop.ch\\\/fr\\\/categorie-produit\\\/tabletop-fr\\\/\"},{\"@type\":\"ListItem\",\"position\":4,\"name\":\"Warhammer 40k\",\"item\":\"https:\\\/\\\/theuncommonshop.ch\\\/fr\\\/categorie-produit\\\/tabletop-fr\\\/warhammer-40k-fr\\\/\"},{\"@type\":\"ListItem\",\"position\":5,\"name\":\"Warhammer 40.000 &#8211; Imperial Agents Battleforce &#8211; Ordo Hereticus\"}]},{\"@type\":\"WebSite\",\"@id\":\"https:\\\/\\\/theuncommonshop.ch\\\/fr\\\/#website\",\"url\":\"https:\\\/\\\/theuncommonshop.ch\\\/fr\\\/\",\"name\":\"The Uncommon Shop\",\"description\":\"Magic, Pok\u00e9mon and Yu-gi-oh - The Uncommon Shop\",\"potentialAction\":[{\"@type\":\"SearchAction\",\"target\":{\"@type\":\"EntryPoint\",\"urlTemplate\":\"https:\\\/\\\/theuncommonshop.ch\\\/fr\\\/?s={search_term_string}\"},\"query-input\":{\"@type\":\"PropertyValueSpecification\",\"valueRequired\":true,\"valueName\":\"search_term_string\"}}],\"inLanguage\":\"fr-FR\"}]}<\/script>\n<meta property=\"product:price:amount\" content=\"159.95\" \/>\n<meta property=\"product:price:currency\" content=\"CHF\" \/>\n<meta property=\"og:availability\" content=\"out of stock\" \/>\n<meta property=\"product:availability\" content=\"out of stock\" \/>\n<meta property=\"product:retailer_item_id\" content=\"Shop.Regal\" \/>\n<meta property=\"product:condition\" content=\"new\" \/>\n<!-- \/ Yoast SEO plugin. -->","yoast_head_json":{"title":"Ach\u00e8te Warhammer 40.000 - Imperial Agents Battleforce - Ordo Hereticus","description":"Ach\u00e8te Warhammer 40.000 - Imperial Agents Battleforce - Ordo Hereticus en ligne maintenant \u00e0 petit prix! Ton #1 shop pour cartes TCG & Pok\u00e9mon en Suisse \u2713 Livraison gratuite d\u00e8s CHF 29","robots":{"index":"index","follow":"follow","max-snippet":"max-snippet:-1","max-image-preview":"max-image-preview:large","max-video-preview":"max-video-preview:-1"},"canonical":"https:\/\/theuncommonshop.ch\/fr\/product\/warhammer-40-000-imperial-agents-battleforce-ordo-hereticus-3\/","og_locale":"fr_FR","og_type":"article","og_title":"Ach\u00e8te Warhammer 40.000 - Imperial Agents Battleforce - Ordo Hereticus","og_description":"Ach\u00e8te Warhammer 40.000 - Imperial Agents Battleforce - Ordo Hereticus en ligne maintenant \u00e0 petit prix! Ton #1 shop pour cartes TCG & Pok\u00e9mon en Suisse \u2713 Livraison gratuite d\u00e8s CHF 29","og_url":"https:\/\/theuncommonshop.ch\/fr\/product\/warhammer-40-000-imperial-agents-battleforce-ordo-hereticus-3\/","og_site_name":"The Uncommon Shop","article_modified_time":"2026-04-23T10:12:33+00:00","og_image":[{"width":1840,"height":1900,"url":"https:\/\/theuncommonshop.ch\/wp-content\/uploads\/2025\/06\/4490121913.jpg","type":"image\/jpeg"}],"twitter_card":"summary_large_image","twitter_misc":{"Prix":"&#67;&#72;&#70;&nbsp;159.95","Disponibilit\u00e9":"Rupture de stock"},"schema":{"@context":"https:\/\/schema.org","@graph":[{"@type":"WebPage","@id":"https:\/\/theuncommonshop.ch\/fr\/product\/warhammer-40-000-imperial-agents-battleforce-ordo-hereticus-3\/","url":"https:\/\/theuncommonshop.ch\/fr\/product\/warhammer-40-000-imperial-agents-battleforce-ordo-hereticus-3\/","name":"Ach\u00e8te Warhammer 40.000 - Imperial Agents Battleforce - Ordo Hereticus","isPartOf":{"@id":"https:\/\/theuncommonshop.ch\/fr\/#website"},"primaryImageOfPage":{"@id":"https:\/\/theuncommonshop.ch\/fr\/product\/warhammer-40-000-imperial-agents-battleforce-ordo-hereticus-3\/#primaryimage"},"image":{"@id":"https:\/\/theuncommonshop.ch\/fr\/product\/warhammer-40-000-imperial-agents-battleforce-ordo-hereticus-3\/#primaryimage"},"thumbnailUrl":"https:\/\/theuncommonshop.ch\/wp-content\/uploads\/2025\/06\/4490121913.jpg","datePublished":"2025-06-04T14:27:28+00:00","dateModified":"2026-04-23T10:12:33+00:00","description":"Ach\u00e8te Warhammer 40.000 - Imperial Agents Battleforce - Ordo Hereticus en ligne maintenant \u00e0 petit prix! Ton #1 shop pour cartes TCG & Pok\u00e9mon en Suisse \u2713 Livraison gratuite d\u00e8s CHF 29","breadcrumb":{"@id":"https:\/\/theuncommonshop.ch\/fr\/product\/warhammer-40-000-imperial-agents-battleforce-ordo-hereticus-3\/#breadcrumb"},"inLanguage":"fr-FR","potentialAction":[{"@type":"ReadAction","target":["https:\/\/theuncommonshop.ch\/fr\/product\/warhammer-40-000-imperial-agents-battleforce-ordo-hereticus-3\/"]}]},{"@type":"ImageObject","inLanguage":"fr-FR","@id":"https:\/\/theuncommonshop.ch\/fr\/product\/warhammer-40-000-imperial-agents-battleforce-ordo-hereticus-3\/#primaryimage","url":"https:\/\/theuncommonshop.ch\/wp-content\/uploads\/2025\/06\/4490121913.jpg","contentUrl":"https:\/\/theuncommonshop.ch\/wp-content\/uploads\/2025\/06\/4490121913.jpg","width":1840,"height":1900},{"@type":"BreadcrumbList","@id":"https:\/\/theuncommonshop.ch\/fr\/product\/warhammer-40-000-imperial-agents-battleforce-ordo-hereticus-3\/#breadcrumb","itemListElement":[{"@type":"ListItem","position":1,"name":"Accueil","item":"https:\/\/theuncommonshop.ch\/fr\/accueil\/"},{"@type":"ListItem","position":2,"name":"Boutique","item":"https:\/\/theuncommonshop.ch\/fr\/boutique\/"},{"@type":"ListItem","position":3,"name":"Tabletop","item":"https:\/\/theuncommonshop.ch\/fr\/categorie-produit\/tabletop-fr\/"},{"@type":"ListItem","position":4,"name":"Warhammer 40k","item":"https:\/\/theuncommonshop.ch\/fr\/categorie-produit\/tabletop-fr\/warhammer-40k-fr\/"},{"@type":"ListItem","position":5,"name":"Warhammer 40.000 &#8211; Imperial Agents Battleforce &#8211; Ordo Hereticus"}]},{"@type":"WebSite","@id":"https:\/\/theuncommonshop.ch\/fr\/#website","url":"https:\/\/theuncommonshop.ch\/fr\/","name":"The Uncommon Shop","description":"Magic, Pok\u00e9mon and Yu-gi-oh - The Uncommon Shop","potentialAction":[{"@type":"SearchAction","target":{"@type":"EntryPoint","urlTemplate":"https:\/\/theuncommonshop.ch\/fr\/?s={search_term_string}"},"query-input":{"@type":"PropertyValueSpecification","valueRequired":true,"valueName":"search_term_string"}}],"inLanguage":"fr-FR"}]},"product_price_amount":"159.95","product_price_currency":"CHF","og_availability":"out of stock","product_availability":"out of stock","product_retailer_item_id":"Shop.Regal","product_condition":"new"},"_links":{"self":[{"href":"https:\/\/theuncommonshop.ch\/fr\/wp-json\/wp\/v2\/product\/323105","targetHints":{"allow":["GET"]}}],"collection":[{"href":"https:\/\/theuncommonshop.ch\/fr\/wp-json\/wp\/v2\/product"}],"about":[{"href":"https:\/\/theuncommonshop.ch\/fr\/wp-json\/wp\/v2\/types\/product"}],"replies":[{"embeddable":true,"href":"https:\/\/theuncommonshop.ch\/fr\/wp-json\/wp\/v2\/comments?post=323105"}],"version-history":[{"count":0,"href":"https:\/\/theuncommonshop.ch\/fr\/wp-json\/wp\/v2\/product\/323105\/revisions"}],"wp:featuredmedia":[{"embeddable":true,"href":"https:\/\/theuncommonshop.ch\/fr\/wp-json\/wp\/v2\/media\/114140"}],"wp:attachment":[{"href":"https:\/\/theuncommonshop.ch\/fr\/wp-json\/wp\/v2\/media?parent=323105"}],"wp:term":[{"taxonomy":"product_brand","embeddable":true,"href":"https:\/\/theuncommonshop.ch\/fr\/wp-json\/wp\/v2\/product_brand?post=323105"},{"taxonomy":"product_cat","embeddable":true,"href":"https:\/\/theuncommonshop.ch\/fr\/wp-json\/wp\/v2\/product_cat?post=323105"},{"taxonomy":"product_tag","embeddable":true,"href":"https:\/\/theuncommonshop.ch\/fr\/wp-json\/wp\/v2\/product_tag?post=323105"}],"curies":[{"name":"wp","href":"https:\/\/api.w.org\/{rel}","templated":true}]}}